{"id":30190,"date":"2025-11-14T14:35:48","date_gmt":"2025-11-14T06:35:48","guid":{"rendered":"https:\/\/induzon.com\/shop\/usa-rotunda-de-fonta-pentru-soba-si-semineu-cu-acces-pentru-persoane-si-usa-de-inspectie-intarita\/"},"modified":"2025-12-18T09:25:19","modified_gmt":"2025-12-18T01:25:19","slug":"usa-rotunda-de-fonta-pentru-soba-si-semineu-cu-acces-pentru-persoane-si-usa-de-inspectie-intarita","status":"publish","type":"product","link":"https:\/\/induzon.com\/ro\/produs\/usa-rotunda-de-fonta-pentru-soba-si-semineu-cu-acces-pentru-persoane-si-usa-de-inspectie-intarita\/","title":{"rendered":"U\u0219\u0103 rotund\u0103 de font\u0103 pentru sob\u0103 \u0219i semineu cu acces pentru persoane \u0219i u\u0219\u0103 de inspec\u021bie \u00eent\u0103rit\u0103"},"content":{"rendered":"<p>1.U\u0219\u0103 de font\u0103 durabil\u0103 pentru sob\u0103, cu design clasic \u0219i rezisten\u021b\u0103 la temperaturi \u00eenalte.<br \/>\n2.Compatibil\u0103 cu diverse tipuri de sob\u0103: sob\u0103 pe lemne, cazan, sob\u0103 de buc\u0103t\u0103rie \u0219i \u0219emineu.<br \/>\n3.Material premium din font\u0103, asigur\u0103 longevitate \u0219i rezisten\u021b\u0103 la uzur\u0103 \u0219i coroziune.<br \/>\n4.U\u0219\u0103 de inspec\u021bie \u0219i cur\u0103\u021bare practic\u0103, faciliteaz\u0103 \u00eentre\u021binerea periodic\u0103 a sobii.<br \/>\n5.Design ergonomic \u0219i siguran\u021b\u0103 sporit\u0103, previne sc\u0103parea de c\u0103ldur\u0103 \u0219i accidentele.<\/p>\n","protected":false},"excerpt":{"rendered":"<p>1.U\u0219\u0103 de font\u0103 durabil\u0103 pentru sob\u0103, cu design clasic \u0219i rezisten\u021b\u0103 la temperaturi \u00eenalte. 2.Compatibil\u0103 cu diverse tipuri de sob\u0103: [&hellip;]<\/p>\n","protected":false},"featured_media":30179,"comment_status":"open","ping_status":"closed","template":"","meta":{"site-sidebar-layout":"default","site-content-layout":"","ast-site-content-layout":"default","site-content-style":"default","site-sidebar-style":"default","ast-global-header-display":"","ast-banner-title-visibility":"","ast-main-header-display":"","ast-hfb-above-header-display":"","ast-hfb-below-header-display":"","ast-hfb-mobile-header-display":"","site-post-title":"","ast-breadcrumbs-content":"","ast-featured-img":"","footer-sml-layout":"","theme-transparent-header-meta":"default","adv-header-id-meta":"","stick-header-meta":"","header-above-stick-meta":"","header-main-stick-meta":"","header-below-stick-meta":"","astra-migrate-meta-layouts":"set","ast-page-background-enabled":"default","ast-page-background-meta":{"desktop":{"background-color":"var(--ast-global-color-4)","background-image":"","background-repeat":"repeat","background-position":"center center","background-size":"auto","background-attachment":"scroll","background-type":"","background-media":"","overlay-type":"","overlay-color":"","overlay-opacity":"","overlay-gradient":""},"tablet":{"background-color":"","background-image":"","background-repeat":"repeat","background-position":"center center","background-size":"auto","background-attachment":"scroll","background-type":"","background-media":"","overlay-type":"","overlay-color":"","overlay-opacity":"","overlay-gradient":""},"mobile":{"background-color":"","background-image":"","background-repeat":"repeat","background-position":"center center","background-size":"auto","background-attachment":"scroll","background-type":"","background-media":"","overlay-type":"","overlay-color":"","overlay-opacity":"","overlay-gradient":""}},"ast-content-background-meta":{"desktop":{"background-color":"var(--ast-global-color-5)","background-image":"","background-repeat":"repeat","background-position":"center center","background-size":"auto","background-attachment":"scroll","background-type":"","background-media":"","overlay-type":"","overlay-color":"","overlay-opacity":"","overlay-gradient":""},"tablet":{"background-color":"var(--ast-global-color-5)","background-image":"","background-repeat":"repeat","background-position":"center center","background-size":"auto","background-attachment":"scroll","background-type":"","background-media":"","overlay-type":"","overlay-color":"","overlay-opacity":"","overlay-gradient":""},"mobile":{"background-color":"var(--ast-global-color-5)","background-image":"","background-repeat":"repeat","background-position":"center center","background-size":"auto","background-attachment":"scroll","background-type":"","background-media":"","overlay-type":"","overlay-color":"","overlay-opacity":"","overlay-gradient":""}}},"product_brand":[],"product_cat":[1998,1999],"product_tag":[2000],"class_list":{"0":"post-30190","1":"product","2":"type-product","3":"status-publish","4":"has-post-thumbnail","6":"product_cat-boiler-prin","7":"product_cat-boiler-prin-ro","8":"product_tag-boiler-prin","9":"desktop-align-left","10":"tablet-align-left","11":"mobile-align-left","13":"first","14":"instock","15":"shipping-taxable","16":"purchasable","17":"product-type-simple"},"yoast_head":"<!-- This site is optimized with the Yoast SEO plugin v24.9 - https:\/\/yoast.com\/wordpress\/plugins\/seo\/ -->\r\n<title>U\u0219\u0103 rotund\u0103 de font\u0103 pentru sob\u0103 acces persoane u\u0219\u0103 de inspec\u021bie \u00eent\u0103rit\u0103<\/title>\r\n<meta name=\"description\" content=\"U\u0219\u0103 rotund\u0103 din font\u0103 pentru sob\u0103 \u0219i semineu, proiectat\u0103 pentru accesul persoanelor \u0219i inspec\u021bie. Construc\u021bie \u00eent\u0103rit\u0103, durabil\u0103 \u0219i sigur\u0103, ideal\u0103 pentru sob\u0103 pe lemne, semineu cu sticl\u0103 termorezistent\u0103 sau cuptor.\" \/>\r\n<meta name=\"robots\" content=\"index, follow, max-snippet:-1, max-image-preview:large, max-video-preview:-1\" \/>\r\n<link rel=\"canonical\" href=\"https:\/\/induzon.com\/ro\/produs\/usa-rotunda-de-fonta-pentru-soba-si-semineu-cu-acces-pentru-persoane-si-usa-de-inspectie-intarita\/\" \/>\r\n<meta property=\"og:locale\" content=\"ro_RO\" \/>\r\n<meta property=\"og:type\" content=\"article\" \/>\r\n<meta property=\"og:title\" content=\"U\u0219\u0103 rotund\u0103 de font\u0103 pentru sob\u0103 acces persoane u\u0219\u0103 de inspec\u021bie \u00eent\u0103rit\u0103\" \/>\r\n<meta property=\"og:description\" content=\"U\u0219\u0103 rotund\u0103 din font\u0103 pentru sob\u0103 \u0219i semineu, proiectat\u0103 pentru accesul persoanelor \u0219i inspec\u021bie. Construc\u021bie \u00eent\u0103rit\u0103, durabil\u0103 \u0219i sigur\u0103, ideal\u0103 pentru sob\u0103 pe lemne, semineu cu sticl\u0103 termorezistent\u0103 sau cuptor.\" \/>\r\n<meta property=\"og:url\" content=\"https:\/\/induzon.com\/ro\/produs\/usa-rotunda-de-fonta-pentru-soba-si-semineu-cu-acces-pentru-persoane-si-usa-de-inspectie-intarita\/\" \/>\r\n<meta property=\"og:site_name\" content=\"induzon\" \/>\r\n<meta property=\"article:modified_time\" content=\"2025-12-18T01:25:19+00:00\" \/>\r\n<meta property=\"og:image\" content=\"https:\/\/induzon.com\/wp-content\/uploads\/2025\/11\/\u56fe-1.jpg\" \/>\r\n\t<meta property=\"og:image:width\" content=\"1500\" \/>\r\n\t<meta property=\"og:image:height\" content=\"1500\" \/>\r\n\t<meta property=\"og:image:type\" content=\"image\/jpeg\" \/>\r\n<meta name=\"twitter:card\" content=\"summary_large_image\" \/>\r\n<meta name=\"twitter:label1\" content=\"Timp estimat pentru citire\" \/>\n\t<meta name=\"twitter:data1\" content=\"1 minute\" \/>\r\n<script type=\"application\/ld+json\" class=\"yoast-schema-graph\">{\"@context\":\"https:\/\/schema.org\",\"@graph\":[{\"@type\":\"WebPage\",\"@id\":\"https:\/\/induzon.com\/ro\/produs\/usa-rotunda-de-fonta-pentru-soba-si-semineu-cu-acces-pentru-persoane-si-usa-de-inspectie-intarita\/\",\"url\":\"https:\/\/induzon.com\/ro\/produs\/usa-rotunda-de-fonta-pentru-soba-si-semineu-cu-acces-pentru-persoane-si-usa-de-inspectie-intarita\/\",\"name\":\"U\u0219\u0103 rotund\u0103 de font\u0103 pentru sob\u0103 acces persoane u\u0219\u0103 de inspec\u021bie \u00eent\u0103rit\u0103\",\"isPartOf\":{\"@id\":\"https:\/\/induzon.com\/ro\/#website\"},\"primaryImageOfPage\":{\"@id\":\"https:\/\/induzon.com\/ro\/produs\/usa-rotunda-de-fonta-pentru-soba-si-semineu-cu-acces-pentru-persoane-si-usa-de-inspectie-intarita\/#primaryimage\"},\"image\":{\"@id\":\"https:\/\/induzon.com\/ro\/produs\/usa-rotunda-de-fonta-pentru-soba-si-semineu-cu-acces-pentru-persoane-si-usa-de-inspectie-intarita\/#primaryimage\"},\"thumbnailUrl\":\"https:\/\/induzon.com\/wp-content\/uploads\/2025\/11\/\u56fe-1.jpg\",\"datePublished\":\"2025-11-14T06:35:48+00:00\",\"dateModified\":\"2025-12-18T01:25:19+00:00\",\"description\":\"U\u0219\u0103 rotund\u0103 din font\u0103 pentru sob\u0103 \u0219i semineu, proiectat\u0103 pentru accesul persoanelor \u0219i inspec\u021bie. Construc\u021bie \u00eent\u0103rit\u0103, durabil\u0103 \u0219i sigur\u0103, ideal\u0103 pentru sob\u0103 pe lemne, semineu cu sticl\u0103 termorezistent\u0103 sau cuptor.\",\"breadcrumb\":{\"@id\":\"https:\/\/induzon.com\/ro\/produs\/usa-rotunda-de-fonta-pentru-soba-si-semineu-cu-acces-pentru-persoane-si-usa-de-inspectie-intarita\/#breadcrumb\"},\"inLanguage\":\"ro-RO\",\"potentialAction\":[{\"@type\":\"ReadAction\",\"target\":[\"https:\/\/induzon.com\/ro\/produs\/usa-rotunda-de-fonta-pentru-soba-si-semineu-cu-acces-pentru-persoane-si-usa-de-inspectie-intarita\/\"]}]},{\"@type\":\"ImageObject\",\"inLanguage\":\"ro-RO\",\"@id\":\"https:\/\/induzon.com\/ro\/produs\/usa-rotunda-de-fonta-pentru-soba-si-semineu-cu-acces-pentru-persoane-si-usa-de-inspectie-intarita\/#primaryimage\",\"url\":\"https:\/\/induzon.com\/wp-content\/uploads\/2025\/11\/\u56fe-1.jpg\",\"contentUrl\":\"https:\/\/induzon.com\/wp-content\/uploads\/2025\/11\/\u56fe-1.jpg\",\"width\":1500,\"height\":1500,\"caption\":\"Industrial Cast Iron Boiler Door High Temperature Resistance\"},{\"@type\":\"BreadcrumbList\",\"@id\":\"https:\/\/induzon.com\/ro\/produs\/usa-rotunda-de-fonta-pentru-soba-si-semineu-cu-acces-pentru-persoane-si-usa-de-inspectie-intarita\/#breadcrumb\",\"itemListElement\":[{\"@type\":\"ListItem\",\"position\":1,\"name\":\"\u9996\u9875\",\"item\":\"https:\/\/induzon.com\/ro\/acasa\/\"},{\"@type\":\"ListItem\",\"position\":2,\"name\":\"Magazin\",\"item\":\"https:\/\/induzon.com\/ro\/magazin\/\"},{\"@type\":\"ListItem\",\"position\":3,\"name\":\"U\u0219\u0103 rotund\u0103 de font\u0103 pentru sob\u0103 \u0219i semineu cu acces pentru persoane \u0219i u\u0219\u0103 de inspec\u021bie \u00eent\u0103rit\u0103\"}]},{\"@type\":\"WebSite\",\"@id\":\"https:\/\/induzon.com\/ro\/#website\",\"url\":\"https:\/\/induzon.com\/ro\/\",\"name\":\"induzon\",\"description\":\"\",\"publisher\":{\"@id\":\"https:\/\/induzon.com\/ro\/#organization\"},\"potentialAction\":[{\"@type\":\"SearchAction\",\"target\":{\"@type\":\"EntryPoint\",\"urlTemplate\":\"https:\/\/induzon.com\/ro\/?s={search_term_string}\"},\"query-input\":{\"@type\":\"PropertyValueSpecification\",\"valueRequired\":true,\"valueName\":\"search_term_string\"}}],\"inLanguage\":\"ro-RO\"},{\"@type\":\"Organization\",\"@id\":\"https:\/\/induzon.com\/ro\/#organization\",\"name\":\"induzon\",\"url\":\"https:\/\/induzon.com\/ro\/\",\"logo\":{\"@type\":\"ImageObject\",\"inLanguage\":\"ro-RO\",\"@id\":\"https:\/\/induzon.com\/ro\/#\/schema\/logo\/image\/\",\"url\":\"https:\/\/induzon.com\/wp-content\/uploads\/2025\/05\/cropped-026.png\",\"contentUrl\":\"https:\/\/induzon.com\/wp-content\/uploads\/2025\/05\/cropped-026.png\",\"width\":512,\"height\":512,\"caption\":\"induzon\"},\"image\":{\"@id\":\"https:\/\/induzon.com\/ro\/#\/schema\/logo\/image\/\"}}]}<\/script>\r\n<!-- \/ Yoast SEO plugin. -->","yoast_head_json":{"title":"U\u0219\u0103 rotund\u0103 de font\u0103 pentru sob\u0103 acces persoane u\u0219\u0103 de inspec\u021bie \u00eent\u0103rit\u0103","description":"U\u0219\u0103 rotund\u0103 din font\u0103 pentru sob\u0103 \u0219i semineu, proiectat\u0103 pentru accesul persoanelor \u0219i inspec\u021bie. Construc\u021bie \u00eent\u0103rit\u0103, durabil\u0103 \u0219i sigur\u0103, ideal\u0103 pentru sob\u0103 pe lemne, semineu cu sticl\u0103 termorezistent\u0103 sau cuptor.","robots":{"index":"index","follow":"follow","max-snippet":"max-snippet:-1","max-image-preview":"max-image-preview:large","max-video-preview":"max-video-preview:-1"},"canonical":"https:\/\/induzon.com\/ro\/produs\/usa-rotunda-de-fonta-pentru-soba-si-semineu-cu-acces-pentru-persoane-si-usa-de-inspectie-intarita\/","og_locale":"ro_RO","og_type":"article","og_title":"U\u0219\u0103 rotund\u0103 de font\u0103 pentru sob\u0103 acces persoane u\u0219\u0103 de inspec\u021bie \u00eent\u0103rit\u0103","og_description":"U\u0219\u0103 rotund\u0103 din font\u0103 pentru sob\u0103 \u0219i semineu, proiectat\u0103 pentru accesul persoanelor \u0219i inspec\u021bie. Construc\u021bie \u00eent\u0103rit\u0103, durabil\u0103 \u0219i sigur\u0103, ideal\u0103 pentru sob\u0103 pe lemne, semineu cu sticl\u0103 termorezistent\u0103 sau cuptor.","og_url":"https:\/\/induzon.com\/ro\/produs\/usa-rotunda-de-fonta-pentru-soba-si-semineu-cu-acces-pentru-persoane-si-usa-de-inspectie-intarita\/","og_site_name":"induzon","article_modified_time":"2025-12-18T01:25:19+00:00","og_image":[{"width":1500,"height":1500,"url":"https:\/\/induzon.com\/wp-content\/uploads\/2025\/11\/\u56fe-1.jpg","type":"image\/jpeg"}],"twitter_card":"summary_large_image","twitter_misc":{"Timp estimat pentru citire":"1 minute"},"schema":{"@context":"https:\/\/schema.org","@graph":[{"@type":"WebPage","@id":"https:\/\/induzon.com\/ro\/produs\/usa-rotunda-de-fonta-pentru-soba-si-semineu-cu-acces-pentru-persoane-si-usa-de-inspectie-intarita\/","url":"https:\/\/induzon.com\/ro\/produs\/usa-rotunda-de-fonta-pentru-soba-si-semineu-cu-acces-pentru-persoane-si-usa-de-inspectie-intarita\/","name":"U\u0219\u0103 rotund\u0103 de font\u0103 pentru sob\u0103 acces persoane u\u0219\u0103 de inspec\u021bie \u00eent\u0103rit\u0103","isPartOf":{"@id":"https:\/\/induzon.com\/ro\/#website"},"primaryImageOfPage":{"@id":"https:\/\/induzon.com\/ro\/produs\/usa-rotunda-de-fonta-pentru-soba-si-semineu-cu-acces-pentru-persoane-si-usa-de-inspectie-intarita\/#primaryimage"},"image":{"@id":"https:\/\/induzon.com\/ro\/produs\/usa-rotunda-de-fonta-pentru-soba-si-semineu-cu-acces-pentru-persoane-si-usa-de-inspectie-intarita\/#primaryimage"},"thumbnailUrl":"https:\/\/induzon.com\/wp-content\/uploads\/2025\/11\/\u56fe-1.jpg","datePublished":"2025-11-14T06:35:48+00:00","dateModified":"2025-12-18T01:25:19+00:00","description":"U\u0219\u0103 rotund\u0103 din font\u0103 pentru sob\u0103 \u0219i semineu, proiectat\u0103 pentru accesul persoanelor \u0219i inspec\u021bie. Construc\u021bie \u00eent\u0103rit\u0103, durabil\u0103 \u0219i sigur\u0103, ideal\u0103 pentru sob\u0103 pe lemne, semineu cu sticl\u0103 termorezistent\u0103 sau cuptor.","breadcrumb":{"@id":"https:\/\/induzon.com\/ro\/produs\/usa-rotunda-de-fonta-pentru-soba-si-semineu-cu-acces-pentru-persoane-si-usa-de-inspectie-intarita\/#breadcrumb"},"inLanguage":"ro-RO","potentialAction":[{"@type":"ReadAction","target":["https:\/\/induzon.com\/ro\/produs\/usa-rotunda-de-fonta-pentru-soba-si-semineu-cu-acces-pentru-persoane-si-usa-de-inspectie-intarita\/"]}]},{"@type":"ImageObject","inLanguage":"ro-RO","@id":"https:\/\/induzon.com\/ro\/produs\/usa-rotunda-de-fonta-pentru-soba-si-semineu-cu-acces-pentru-persoane-si-usa-de-inspectie-intarita\/#primaryimage","url":"https:\/\/induzon.com\/wp-content\/uploads\/2025\/11\/\u56fe-1.jpg","contentUrl":"https:\/\/induzon.com\/wp-content\/uploads\/2025\/11\/\u56fe-1.jpg","width":1500,"height":1500,"caption":"Industrial Cast Iron Boiler Door High Temperature Resistance"},{"@type":"BreadcrumbList","@id":"https:\/\/induzon.com\/ro\/produs\/usa-rotunda-de-fonta-pentru-soba-si-semineu-cu-acces-pentru-persoane-si-usa-de-inspectie-intarita\/#breadcrumb","itemListElement":[{"@type":"ListItem","position":1,"name":"\u9996\u9875","item":"https:\/\/induzon.com\/ro\/acasa\/"},{"@type":"ListItem","position":2,"name":"Magazin","item":"https:\/\/induzon.com\/ro\/magazin\/"},{"@type":"ListItem","position":3,"name":"U\u0219\u0103 rotund\u0103 de font\u0103 pentru sob\u0103 \u0219i semineu cu acces pentru persoane \u0219i u\u0219\u0103 de inspec\u021bie \u00eent\u0103rit\u0103"}]},{"@type":"WebSite","@id":"https:\/\/induzon.com\/ro\/#website","url":"https:\/\/induzon.com\/ro\/","name":"induzon","description":"","publisher":{"@id":"https:\/\/induzon.com\/ro\/#organization"},"potentialAction":[{"@type":"SearchAction","target":{"@type":"EntryPoint","urlTemplate":"https:\/\/induzon.com\/ro\/?s={search_term_string}"},"query-input":{"@type":"PropertyValueSpecification","valueRequired":true,"valueName":"search_term_string"}}],"inLanguage":"ro-RO"},{"@type":"Organization","@id":"https:\/\/induzon.com\/ro\/#organization","name":"induzon","url":"https:\/\/induzon.com\/ro\/","logo":{"@type":"ImageObject","inLanguage":"ro-RO","@id":"https:\/\/induzon.com\/ro\/#\/schema\/logo\/image\/","url":"https:\/\/induzon.com\/wp-content\/uploads\/2025\/05\/cropped-026.png","contentUrl":"https:\/\/induzon.com\/wp-content\/uploads\/2025\/05\/cropped-026.png","width":512,"height":512,"caption":"induzon"},"image":{"@id":"https:\/\/induzon.com\/ro\/#\/schema\/logo\/image\/"}}]}},"_links":{"self":[{"href":"https:\/\/induzon.com\/ro\/wp-json\/wp\/v2\/product\/30190","targetHints":{"allow":["GET"]}}],"collection":[{"href":"https:\/\/induzon.com\/ro\/wp-json\/wp\/v2\/product"}],"about":[{"href":"https:\/\/induzon.com\/ro\/wp-json\/wp\/v2\/types\/product"}],"replies":[{"embeddable":true,"href":"https:\/\/induzon.com\/ro\/wp-json\/wp\/v2\/comments?post=30190"}],"version-history":[{"count":1,"href":"https:\/\/induzon.com\/ro\/wp-json\/wp\/v2\/product\/30190\/revisions"}],"predecessor-version":[{"id":30658,"href":"https:\/\/induzon.com\/ro\/wp-json\/wp\/v2\/product\/30190\/revisions\/30658"}],"wp:featuredmedia":[{"embeddable":true,"href":"https:\/\/induzon.com\/ro\/wp-json\/wp\/v2\/media\/30179"}],"wp:attachment":[{"href":"https:\/\/induzon.com\/ro\/wp-json\/wp\/v2\/media?parent=30190"}],"wp:term":[{"taxonomy":"product_brand","embeddable":true,"href":"https:\/\/induzon.com\/ro\/wp-json\/wp\/v2\/product_brand?post=30190"},{"taxonomy":"product_cat","embeddable":true,"href":"https:\/\/induzon.com\/ro\/wp-json\/wp\/v2\/product_cat?post=30190"},{"taxonomy":"product_tag","embeddable":true,"href":"https:\/\/induzon.com\/ro\/wp-json\/wp\/v2\/product_tag?post=30190"}],"curies":[{"name":"wp","href":"https:\/\/api.w.org\/{rel}","templated":true}]}}