{"id":35124,"date":"2026-03-14T10:26:47","date_gmt":"2026-03-14T02:26:47","guid":{"rendered":"https:\/\/induzon.com\/shop\/tub-incalzitor-ceramic-cu-infrarosu-pentru-cabina-sauna-220v-300-640mm\/"},"modified":"2026-03-23T13:56:40","modified_gmt":"2026-03-23T05:56:40","slug":"tub-incalzitor-ceramic-cu-infrarosu-pentru-cabina-sauna-220v-300-640mm","status":"publish","type":"product","link":"https:\/\/induzon.com\/ro\/produs\/tub-incalzitor-ceramic-cu-infrarosu-pentru-cabina-sauna-220v-300-640mm\/","title":{"rendered":"Tub Incalzitor Ceramic Cu Infrarosu Pentru Cabina Sauna 220V 300-640MM"},"content":{"rendered":"","protected":false},"excerpt":{"rendered":"","protected":false},"featured_media":34466,"comment_status":"open","ping_status":"closed","template":"","meta":{"site-sidebar-layout":"default","site-content-layout":"","ast-site-content-layout":"default","site-content-style":"default","site-sidebar-style":"default","ast-global-header-display":"","ast-banner-title-visibility":"","ast-main-header-display":"","ast-hfb-above-header-display":"","ast-hfb-below-header-display":"","ast-hfb-mobile-header-display":"","site-post-title":"","ast-breadcrumbs-content":"","ast-featured-img":"","footer-sml-layout":"","theme-transparent-header-meta":"default","adv-header-id-meta":"","stick-header-meta":"","header-above-stick-meta":"","header-main-stick-meta":"","header-below-stick-meta":"","astra-migrate-meta-layouts":"default","ast-page-background-enabled":"default","ast-page-background-meta":{"desktop":{"background-color":"var(--ast-global-color-4)","background-image":"","background-repeat":"repeat","background-position":"center center","background-size":"auto","background-attachment":"scroll","background-type":"","background-media":"","overlay-type":"","overlay-color":"","overlay-opacity":"","overlay-gradient":""},"tablet":{"background-color":"","background-image":"","background-repeat":"repeat","background-position":"center center","background-size":"auto","background-attachment":"scroll","background-type":"","background-media":"","overlay-type":"","overlay-color":"","overlay-opacity":"","overlay-gradient":""},"mobile":{"background-color":"","background-image":"","background-repeat":"repeat","background-position":"center center","background-size":"auto","background-attachment":"scroll","background-type":"","background-media":"","overlay-type":"","overlay-color":"","overlay-opacity":"","overlay-gradient":""}},"ast-content-background-meta":{"desktop":{"background-color":"var(--ast-global-color-5)","background-image":"","background-repeat":"repeat","background-position":"center center","background-size":"auto","background-attachment":"scroll","background-type":"","background-media":"","overlay-type":"","overlay-color":"","overlay-opacity":"","overlay-gradient":""},"tablet":{"background-color":"var(--ast-global-color-5)","background-image":"","background-repeat":"repeat","background-position":"center center","background-size":"auto","background-attachment":"scroll","background-type":"","background-media":"","overlay-type":"","overlay-color":"","overlay-opacity":"","overlay-gradient":""},"mobile":{"background-color":"var(--ast-global-color-5)","background-image":"","background-repeat":"repeat","background-position":"center center","background-size":"auto","background-attachment":"scroll","background-type":"","background-media":"","overlay-type":"","overlay-color":"","overlay-opacity":"","overlay-gradient":""}}},"product_brand":[],"product_cat":[1660],"product_tag":[2212],"class_list":{"0":"post-35124","1":"product","2":"type-product","3":"status-publish","4":"has-post-thumbnail","6":"product_cat-echipamente-industriale-de-incalzire","7":"product_tag-incalzitor-ceramic","8":"desktop-align-left","9":"tablet-align-left","10":"mobile-align-left","12":"first","13":"instock","14":"sale","15":"shipping-taxable","16":"purchasable","17":"product-type-variable"},"yoast_head":"<!-- This site is optimized with the Yoast SEO plugin v24.9 - https:\/\/yoast.com\/wordpress\/plugins\/seo\/ -->\r\n<title>Tub Incalzitor Ceramic Cu Infrarosu Pentru Cabina Sauna 300-640MM<\/title>\r\n<meta name=\"description\" content=\"Modernizeaz\u0103-\u021bi cabina de sauna cu tubul nostru \u00eenc\u0103lzitor ceramic cu infraro\u0219u. Tensiune 220V \u0219i lungimi 300-640MM. Cump\u0103r\u0103 acum pentru o c\u0103ldur\u0103 reconfortant\u0103.\" \/>\r\n<meta name=\"robots\" content=\"index, follow, max-snippet:-1, max-image-preview:large, max-video-preview:-1\" \/>\r\n<link rel=\"canonical\" href=\"https:\/\/induzon.com\/ro\/produs\/tub-incalzitor-ceramic-cu-infrarosu-pentru-cabina-sauna-220v-300-640mm\/\" \/>\r\n<meta property=\"og:locale\" content=\"ro_RO\" \/>\r\n<meta property=\"og:type\" content=\"article\" \/>\r\n<meta property=\"og:title\" content=\"Tub Incalzitor Ceramic Cu Infrarosu Pentru Cabina Sauna 300-640MM\" \/>\r\n<meta property=\"og:description\" content=\"Modernizeaz\u0103-\u021bi cabina de sauna cu tubul nostru \u00eenc\u0103lzitor ceramic cu infraro\u0219u. Tensiune 220V \u0219i lungimi 300-640MM. Cump\u0103r\u0103 acum pentru o c\u0103ldur\u0103 reconfortant\u0103.\" \/>\r\n<meta property=\"og:url\" content=\"https:\/\/induzon.com\/ro\/produs\/tub-incalzitor-ceramic-cu-infrarosu-pentru-cabina-sauna-220v-300-640mm\/\" \/>\r\n<meta property=\"og:site_name\" content=\"induzon\" \/>\r\n<meta property=\"article:modified_time\" content=\"2026-03-23T05:56:40+00:00\" \/>\r\n<meta property=\"og:image\" content=\"https:\/\/induzon.com\/wp-content\/uploads\/2026\/03\/d8ed2761-48b7-4e54-af1a-e9565c5915d0.png\" \/>\r\n\t<meta property=\"og:image:width\" content=\"1500\" \/>\r\n\t<meta property=\"og:image:height\" content=\"1500\" \/>\r\n\t<meta property=\"og:image:type\" content=\"image\/png\" \/>\r\n<meta name=\"twitter:card\" content=\"summary_large_image\" \/>\r\n<script type=\"application\/ld+json\" class=\"yoast-schema-graph\">{\"@context\":\"https:\/\/schema.org\",\"@graph\":[{\"@type\":\"WebPage\",\"@id\":\"https:\/\/induzon.com\/ro\/produs\/tub-incalzitor-ceramic-cu-infrarosu-pentru-cabina-sauna-220v-300-640mm\/\",\"url\":\"https:\/\/induzon.com\/ro\/produs\/tub-incalzitor-ceramic-cu-infrarosu-pentru-cabina-sauna-220v-300-640mm\/\",\"name\":\"Tub Incalzitor Ceramic Cu Infrarosu Pentru Cabina Sauna 300-640MM\",\"isPartOf\":{\"@id\":\"https:\/\/induzon.com\/ro\/#website\"},\"primaryImageOfPage\":{\"@id\":\"https:\/\/induzon.com\/ro\/produs\/tub-incalzitor-ceramic-cu-infrarosu-pentru-cabina-sauna-220v-300-640mm\/#primaryimage\"},\"image\":{\"@id\":\"https:\/\/induzon.com\/ro\/produs\/tub-incalzitor-ceramic-cu-infrarosu-pentru-cabina-sauna-220v-300-640mm\/#primaryimage\"},\"thumbnailUrl\":\"https:\/\/induzon.com\/wp-content\/uploads\/2026\/03\/d8ed2761-48b7-4e54-af1a-e9565c5915d0.png\",\"datePublished\":\"2026-03-14T02:26:47+00:00\",\"dateModified\":\"2026-03-23T05:56:40+00:00\",\"description\":\"Modernizeaz\u0103-\u021bi cabina de sauna cu tubul nostru \u00eenc\u0103lzitor ceramic cu infraro\u0219u. Tensiune 220V \u0219i lungimi 300-640MM. Cump\u0103r\u0103 acum pentru o c\u0103ldur\u0103 reconfortant\u0103.\",\"breadcrumb\":{\"@id\":\"https:\/\/induzon.com\/ro\/produs\/tub-incalzitor-ceramic-cu-infrarosu-pentru-cabina-sauna-220v-300-640mm\/#breadcrumb\"},\"inLanguage\":\"ro-RO\",\"potentialAction\":[{\"@type\":\"ReadAction\",\"target\":[\"https:\/\/induzon.com\/ro\/produs\/tub-incalzitor-ceramic-cu-infrarosu-pentru-cabina-sauna-220v-300-640mm\/\"]}]},{\"@type\":\"ImageObject\",\"inLanguage\":\"ro-RO\",\"@id\":\"https:\/\/induzon.com\/ro\/produs\/tub-incalzitor-ceramic-cu-infrarosu-pentru-cabina-sauna-220v-300-640mm\/#primaryimage\",\"url\":\"https:\/\/induzon.com\/wp-content\/uploads\/2026\/03\/d8ed2761-48b7-4e54-af1a-e9565c5915d0.png\",\"contentUrl\":\"https:\/\/induzon.com\/wp-content\/uploads\/2026\/03\/d8ed2761-48b7-4e54-af1a-e9565c5915d0.png\",\"width\":1500,\"height\":1500,\"caption\":\"Tub Incalzitor Ceramic Cu Infrarosu Pentru Cabina Sauna\"},{\"@type\":\"BreadcrumbList\",\"@id\":\"https:\/\/induzon.com\/ro\/produs\/tub-incalzitor-ceramic-cu-infrarosu-pentru-cabina-sauna-220v-300-640mm\/#breadcrumb\",\"itemListElement\":[{\"@type\":\"ListItem\",\"position\":1,\"name\":\"\u9996\u9875\",\"item\":\"https:\/\/induzon.com\/ro\/acasa\/\"},{\"@type\":\"ListItem\",\"position\":2,\"name\":\"Magazin\",\"item\":\"https:\/\/induzon.com\/ro\/magazin\/\"},{\"@type\":\"ListItem\",\"position\":3,\"name\":\"Tub Incalzitor Ceramic Cu Infrarosu Pentru Cabina Sauna 220V 300-640MM\"}]},{\"@type\":\"WebSite\",\"@id\":\"https:\/\/induzon.com\/ro\/#website\",\"url\":\"https:\/\/induzon.com\/ro\/\",\"name\":\"induzon\",\"description\":\"\",\"publisher\":{\"@id\":\"https:\/\/induzon.com\/ro\/#organization\"},\"potentialAction\":[{\"@type\":\"SearchAction\",\"target\":{\"@type\":\"EntryPoint\",\"urlTemplate\":\"https:\/\/induzon.com\/ro\/?s={search_term_string}\"},\"query-input\":{\"@type\":\"PropertyValueSpecification\",\"valueRequired\":true,\"valueName\":\"search_term_string\"}}],\"inLanguage\":\"ro-RO\"},{\"@type\":\"Organization\",\"@id\":\"https:\/\/induzon.com\/ro\/#organization\",\"name\":\"induzon\",\"url\":\"https:\/\/induzon.com\/ro\/\",\"logo\":{\"@type\":\"ImageObject\",\"inLanguage\":\"ro-RO\",\"@id\":\"https:\/\/induzon.com\/ro\/#\/schema\/logo\/image\/\",\"url\":\"https:\/\/induzon.com\/wp-content\/uploads\/2025\/05\/cropped-026.png\",\"contentUrl\":\"https:\/\/induzon.com\/wp-content\/uploads\/2025\/05\/cropped-026.png\",\"width\":512,\"height\":512,\"caption\":\"induzon\"},\"image\":{\"@id\":\"https:\/\/induzon.com\/ro\/#\/schema\/logo\/image\/\"}}]}<\/script>\r\n<!-- \/ Yoast SEO plugin. -->","yoast_head_json":{"title":"Tub Incalzitor Ceramic Cu Infrarosu Pentru Cabina Sauna 300-640MM","description":"Modernizeaz\u0103-\u021bi cabina de sauna cu tubul nostru \u00eenc\u0103lzitor ceramic cu infraro\u0219u. Tensiune 220V \u0219i lungimi 300-640MM. Cump\u0103r\u0103 acum pentru o c\u0103ldur\u0103 reconfortant\u0103.","robots":{"index":"index","follow":"follow","max-snippet":"max-snippet:-1","max-image-preview":"max-image-preview:large","max-video-preview":"max-video-preview:-1"},"canonical":"https:\/\/induzon.com\/ro\/produs\/tub-incalzitor-ceramic-cu-infrarosu-pentru-cabina-sauna-220v-300-640mm\/","og_locale":"ro_RO","og_type":"article","og_title":"Tub Incalzitor Ceramic Cu Infrarosu Pentru Cabina Sauna 300-640MM","og_description":"Modernizeaz\u0103-\u021bi cabina de sauna cu tubul nostru \u00eenc\u0103lzitor ceramic cu infraro\u0219u. Tensiune 220V \u0219i lungimi 300-640MM. Cump\u0103r\u0103 acum pentru o c\u0103ldur\u0103 reconfortant\u0103.","og_url":"https:\/\/induzon.com\/ro\/produs\/tub-incalzitor-ceramic-cu-infrarosu-pentru-cabina-sauna-220v-300-640mm\/","og_site_name":"induzon","article_modified_time":"2026-03-23T05:56:40+00:00","og_image":[{"width":1500,"height":1500,"url":"https:\/\/induzon.com\/wp-content\/uploads\/2026\/03\/d8ed2761-48b7-4e54-af1a-e9565c5915d0.png","type":"image\/png"}],"twitter_card":"summary_large_image","schema":{"@context":"https:\/\/schema.org","@graph":[{"@type":"WebPage","@id":"https:\/\/induzon.com\/ro\/produs\/tub-incalzitor-ceramic-cu-infrarosu-pentru-cabina-sauna-220v-300-640mm\/","url":"https:\/\/induzon.com\/ro\/produs\/tub-incalzitor-ceramic-cu-infrarosu-pentru-cabina-sauna-220v-300-640mm\/","name":"Tub Incalzitor Ceramic Cu Infrarosu Pentru Cabina Sauna 300-640MM","isPartOf":{"@id":"https:\/\/induzon.com\/ro\/#website"},"primaryImageOfPage":{"@id":"https:\/\/induzon.com\/ro\/produs\/tub-incalzitor-ceramic-cu-infrarosu-pentru-cabina-sauna-220v-300-640mm\/#primaryimage"},"image":{"@id":"https:\/\/induzon.com\/ro\/produs\/tub-incalzitor-ceramic-cu-infrarosu-pentru-cabina-sauna-220v-300-640mm\/#primaryimage"},"thumbnailUrl":"https:\/\/induzon.com\/wp-content\/uploads\/2026\/03\/d8ed2761-48b7-4e54-af1a-e9565c5915d0.png","datePublished":"2026-03-14T02:26:47+00:00","dateModified":"2026-03-23T05:56:40+00:00","description":"Modernizeaz\u0103-\u021bi cabina de sauna cu tubul nostru \u00eenc\u0103lzitor ceramic cu infraro\u0219u. Tensiune 220V \u0219i lungimi 300-640MM. Cump\u0103r\u0103 acum pentru o c\u0103ldur\u0103 reconfortant\u0103.","breadcrumb":{"@id":"https:\/\/induzon.com\/ro\/produs\/tub-incalzitor-ceramic-cu-infrarosu-pentru-cabina-sauna-220v-300-640mm\/#breadcrumb"},"inLanguage":"ro-RO","potentialAction":[{"@type":"ReadAction","target":["https:\/\/induzon.com\/ro\/produs\/tub-incalzitor-ceramic-cu-infrarosu-pentru-cabina-sauna-220v-300-640mm\/"]}]},{"@type":"ImageObject","inLanguage":"ro-RO","@id":"https:\/\/induzon.com\/ro\/produs\/tub-incalzitor-ceramic-cu-infrarosu-pentru-cabina-sauna-220v-300-640mm\/#primaryimage","url":"https:\/\/induzon.com\/wp-content\/uploads\/2026\/03\/d8ed2761-48b7-4e54-af1a-e9565c5915d0.png","contentUrl":"https:\/\/induzon.com\/wp-content\/uploads\/2026\/03\/d8ed2761-48b7-4e54-af1a-e9565c5915d0.png","width":1500,"height":1500,"caption":"Tub Incalzitor Ceramic Cu Infrarosu Pentru Cabina Sauna"},{"@type":"BreadcrumbList","@id":"https:\/\/induzon.com\/ro\/produs\/tub-incalzitor-ceramic-cu-infrarosu-pentru-cabina-sauna-220v-300-640mm\/#breadcrumb","itemListElement":[{"@type":"ListItem","position":1,"name":"\u9996\u9875","item":"https:\/\/induzon.com\/ro\/acasa\/"},{"@type":"ListItem","position":2,"name":"Magazin","item":"https:\/\/induzon.com\/ro\/magazin\/"},{"@type":"ListItem","position":3,"name":"Tub Incalzitor Ceramic Cu Infrarosu Pentru Cabina Sauna 220V 300-640MM"}]},{"@type":"WebSite","@id":"https:\/\/induzon.com\/ro\/#website","url":"https:\/\/induzon.com\/ro\/","name":"induzon","description":"","publisher":{"@id":"https:\/\/induzon.com\/ro\/#organization"},"potentialAction":[{"@type":"SearchAction","target":{"@type":"EntryPoint","urlTemplate":"https:\/\/induzon.com\/ro\/?s={search_term_string}"},"query-input":{"@type":"PropertyValueSpecification","valueRequired":true,"valueName":"search_term_string"}}],"inLanguage":"ro-RO"},{"@type":"Organization","@id":"https:\/\/induzon.com\/ro\/#organization","name":"induzon","url":"https:\/\/induzon.com\/ro\/","logo":{"@type":"ImageObject","inLanguage":"ro-RO","@id":"https:\/\/induzon.com\/ro\/#\/schema\/logo\/image\/","url":"https:\/\/induzon.com\/wp-content\/uploads\/2025\/05\/cropped-026.png","contentUrl":"https:\/\/induzon.com\/wp-content\/uploads\/2025\/05\/cropped-026.png","width":512,"height":512,"caption":"induzon"},"image":{"@id":"https:\/\/induzon.com\/ro\/#\/schema\/logo\/image\/"}}]}},"_links":{"self":[{"href":"https:\/\/induzon.com\/ro\/wp-json\/wp\/v2\/product\/35124","targetHints":{"allow":["GET"]}}],"collection":[{"href":"https:\/\/induzon.com\/ro\/wp-json\/wp\/v2\/product"}],"about":[{"href":"https:\/\/induzon.com\/ro\/wp-json\/wp\/v2\/types\/product"}],"replies":[{"embeddable":true,"href":"https:\/\/induzon.com\/ro\/wp-json\/wp\/v2\/comments?post=35124"}],"version-history":[{"count":1,"href":"https:\/\/induzon.com\/ro\/wp-json\/wp\/v2\/product\/35124\/revisions"}],"predecessor-version":[{"id":35708,"href":"https:\/\/induzon.com\/ro\/wp-json\/wp\/v2\/product\/35124\/revisions\/35708"}],"wp:featuredmedia":[{"embeddable":true,"href":"https:\/\/induzon.com\/ro\/wp-json\/wp\/v2\/media\/34466"}],"wp:attachment":[{"href":"https:\/\/induzon.com\/ro\/wp-json\/wp\/v2\/media?parent=35124"}],"wp:term":[{"taxonomy":"product_brand","embeddable":true,"href":"https:\/\/induzon.com\/ro\/wp-json\/wp\/v2\/product_brand?post=35124"},{"taxonomy":"product_cat","embeddable":true,"href":"https:\/\/induzon.com\/ro\/wp-json\/wp\/v2\/product_cat?post=35124"},{"taxonomy":"product_tag","embeddable":true,"href":"https:\/\/induzon.com\/ro\/wp-json\/wp\/v2\/product_tag?post=35124"}],"curies":[{"name":"wp","href":"https:\/\/api.w.org\/{rel}","templated":true}]}}