{"id":35245,"date":"2026-03-09T14:05:01","date_gmt":"2026-03-09T06:05:01","guid":{"rendered":"https:\/\/induzon.com\/shop\/supapa-de-echilibrare-statica-din-otel-inoxidabil-cu-filet-si-blocare-digitala-dn15-dn50\/"},"modified":"2026-03-16T11:44:09","modified_gmt":"2026-03-16T03:44:09","slug":"supapa-de-echilibrare-statica-din-otel-inoxidabil-cu-filet-si-blocare-digitala-dn15-dn50","status":"publish","type":"product","link":"https:\/\/induzon.com\/ro\/produs\/supapa-de-echilibrare-statica-din-otel-inoxidabil-cu-filet-si-blocare-digitala-dn15-dn50\/","title":{"rendered":"Supap\u0103 de echilibrare static\u0103 din o\u021bel inoxidabil cu filet \u0219i blocare digital\u0103 DN15-DN50"},"content":{"rendered":"","protected":false},"excerpt":{"rendered":"","protected":false},"featured_media":33897,"comment_status":"open","ping_status":"closed","template":"","meta":{"site-sidebar-layout":"default","site-content-layout":"","ast-site-content-layout":"default","site-content-style":"default","site-sidebar-style":"default","ast-global-header-display":"","ast-banner-title-visibility":"","ast-main-header-display":"","ast-hfb-above-header-display":"","ast-hfb-below-header-display":"","ast-hfb-mobile-header-display":"","site-post-title":"","ast-breadcrumbs-content":"","ast-featured-img":"","footer-sml-layout":"","theme-transparent-header-meta":"default","adv-header-id-meta":"","stick-header-meta":"","header-above-stick-meta":"","header-main-stick-meta":"","header-below-stick-meta":"","astra-migrate-meta-layouts":"default","ast-page-background-enabled":"default","ast-page-background-meta":{"desktop":{"background-color":"var(--ast-global-color-4)","background-image":"","background-repeat":"repeat","background-position":"center center","background-size":"auto","background-attachment":"scroll","background-type":"","background-media":"","overlay-type":"","overlay-color":"","overlay-opacity":"","overlay-gradient":""},"tablet":{"background-color":"","background-image":"","background-repeat":"repeat","background-position":"center center","background-size":"auto","background-attachment":"scroll","background-type":"","background-media":"","overlay-type":"","overlay-color":"","overlay-opacity":"","overlay-gradient":""},"mobile":{"background-color":"","background-image":"","background-repeat":"repeat","background-position":"center center","background-size":"auto","background-attachment":"scroll","background-type":"","background-media":"","overlay-type":"","overlay-color":"","overlay-opacity":"","overlay-gradient":""}},"ast-content-background-meta":{"desktop":{"background-color":"var(--ast-global-color-5)","background-image":"","background-repeat":"repeat","background-position":"center center","background-size":"auto","background-attachment":"scroll","background-type":"","background-media":"","overlay-type":"","overlay-color":"","overlay-opacity":"","overlay-gradient":""},"tablet":{"background-color":"var(--ast-global-color-5)","background-image":"","background-repeat":"repeat","background-position":"center center","background-size":"auto","background-attachment":"scroll","background-type":"","background-media":"","overlay-type":"","overlay-color":"","overlay-opacity":"","overlay-gradient":""},"mobile":{"background-color":"var(--ast-global-color-5)","background-image":"","background-repeat":"repeat","background-position":"center center","background-size":"auto","background-attachment":"scroll","background-type":"","background-media":"","overlay-type":"","overlay-color":"","overlay-opacity":"","overlay-gradient":""}}},"product_brand":[],"product_cat":[2230,2231],"product_tag":[],"class_list":{"0":"post-35245","1":"product","2":"type-product","3":"status-publish","4":"has-post-thumbnail","6":"product_cat-componente-mecanice-2","7":"product_cat-supapa-de-echilibrare","8":"desktop-align-left","9":"tablet-align-left","10":"mobile-align-left","12":"first","13":"instock","14":"sale","15":"shipping-taxable","16":"purchasable","17":"product-type-variable"},"yoast_head":"<!-- This site is optimized with the Yoast SEO plugin v27.5 - https:\/\/yoast.com\/product\/yoast-seo-wordpress\/ -->\r\n<title>Supap\u0103 de echilibrare static\u0103 din o\u021bel inoxidabil DN15-50<\/title>\r\n<meta name=\"description\" content=\"Supap\u0103 de echilibrare static\u0103 din o\u021bel inoxidabil cu filet \u0219i blocare digital\u0103 pentru conducte DN15-DN50. Reglare precis\u0103, performan\u021b\u0103 stabil\u0103. Comand\u0103 acum.\" \/>\r\n<meta name=\"robots\" content=\"index, follow, max-snippet:-1, max-image-preview:large, max-video-preview:-1\" \/>\r\n<link rel=\"canonical\" href=\"https:\/\/induzon.com\/ro\/produs\/supapa-de-echilibrare-statica-din-otel-inoxidabil-cu-filet-si-blocare-digitala-dn15-dn50\/\" \/>\r\n<meta property=\"og:locale\" content=\"ro_RO\" \/>\r\n<meta property=\"og:type\" content=\"article\" \/>\r\n<meta property=\"og:title\" content=\"Supap\u0103 de echilibrare static\u0103 din o\u021bel inoxidabil DN15-50\" \/>\r\n<meta property=\"og:description\" content=\"Supap\u0103 de echilibrare static\u0103 din o\u021bel inoxidabil cu filet \u0219i blocare digital\u0103 pentru conducte DN15-DN50. Reglare precis\u0103, performan\u021b\u0103 stabil\u0103. Comand\u0103 acum.\" \/>\r\n<meta property=\"og:url\" content=\"https:\/\/induzon.com\/ro\/produs\/supapa-de-echilibrare-statica-din-otel-inoxidabil-cu-filet-si-blocare-digitala-dn15-dn50\/\" \/>\r\n<meta property=\"og:site_name\" content=\"induzon\" \/>\r\n<meta property=\"article:modified_time\" content=\"2026-03-16T03:44:09+00:00\" \/>\r\n<meta property=\"og:image\" content=\"https:\/\/induzon.com\/wp-content\/uploads\/2026\/03\/\u56fe-8.jpg\" \/>\r\n\t<meta property=\"og:image:width\" content=\"1500\" \/>\r\n\t<meta property=\"og:image:height\" content=\"1500\" \/>\r\n\t<meta property=\"og:image:type\" content=\"image\/jpeg\" \/>\r\n<meta name=\"twitter:card\" content=\"summary_large_image\" \/>\r\n<script type=\"application\/ld+json\" class=\"yoast-schema-graph\">{\"@context\":\"https:\\\/\\\/schema.org\",\"@graph\":[{\"@type\":\"WebPage\",\"@id\":\"https:\\\/\\\/induzon.com\\\/ro\\\/produs\\\/supapa-de-echilibrare-statica-din-otel-inoxidabil-cu-filet-si-blocare-digitala-dn15-dn50\\\/\",\"url\":\"https:\\\/\\\/induzon.com\\\/ro\\\/produs\\\/supapa-de-echilibrare-statica-din-otel-inoxidabil-cu-filet-si-blocare-digitala-dn15-dn50\\\/\",\"name\":\"Supap\u0103 de echilibrare static\u0103 din o\u021bel inoxidabil DN15-50\",\"isPartOf\":{\"@id\":\"https:\\\/\\\/induzon.com\\\/ro\\\/#website\"},\"primaryImageOfPage\":{\"@id\":\"https:\\\/\\\/induzon.com\\\/ro\\\/produs\\\/supapa-de-echilibrare-statica-din-otel-inoxidabil-cu-filet-si-blocare-digitala-dn15-dn50\\\/#primaryimage\"},\"image\":{\"@id\":\"https:\\\/\\\/induzon.com\\\/ro\\\/produs\\\/supapa-de-echilibrare-statica-din-otel-inoxidabil-cu-filet-si-blocare-digitala-dn15-dn50\\\/#primaryimage\"},\"thumbnailUrl\":\"https:\\\/\\\/induzon.com\\\/wp-content\\\/uploads\\\/2026\\\/03\\\/\u56fe-8.jpg\",\"datePublished\":\"2026-03-09T06:05:01+00:00\",\"dateModified\":\"2026-03-16T03:44:09+00:00\",\"description\":\"Supap\u0103 de echilibrare static\u0103 din o\u021bel inoxidabil cu filet \u0219i blocare digital\u0103 pentru conducte DN15-DN50. Reglare precis\u0103, performan\u021b\u0103 stabil\u0103. Comand\u0103 acum.\",\"breadcrumb\":{\"@id\":\"https:\\\/\\\/induzon.com\\\/ro\\\/produs\\\/supapa-de-echilibrare-statica-din-otel-inoxidabil-cu-filet-si-blocare-digitala-dn15-dn50\\\/#breadcrumb\"},\"inLanguage\":\"ro-RO\",\"potentialAction\":[{\"@type\":\"ReadAction\",\"target\":[\"https:\\\/\\\/induzon.com\\\/ro\\\/produs\\\/supapa-de-echilibrare-statica-din-otel-inoxidabil-cu-filet-si-blocare-digitala-dn15-dn50\\\/\"]}]},{\"@type\":\"ImageObject\",\"inLanguage\":\"ro-RO\",\"@id\":\"https:\\\/\\\/induzon.com\\\/ro\\\/produs\\\/supapa-de-echilibrare-statica-din-otel-inoxidabil-cu-filet-si-blocare-digitala-dn15-dn50\\\/#primaryimage\",\"url\":\"https:\\\/\\\/induzon.com\\\/wp-content\\\/uploads\\\/2026\\\/03\\\/\u56fe-8.jpg\",\"contentUrl\":\"https:\\\/\\\/induzon.com\\\/wp-content\\\/uploads\\\/2026\\\/03\\\/\u56fe-8.jpg\",\"width\":1500,\"height\":1500,\"caption\":\"Supap\u0103 de echilibrare static\u0103 din o\u021bel inoxidabil cu filet \u0219i blocare digital\u0103 DN15-DN50\"},{\"@type\":\"BreadcrumbList\",\"@id\":\"https:\\\/\\\/induzon.com\\\/ro\\\/produs\\\/supapa-de-echilibrare-statica-din-otel-inoxidabil-cu-filet-si-blocare-digitala-dn15-dn50\\\/#breadcrumb\",\"itemListElement\":[{\"@type\":\"ListItem\",\"position\":1,\"name\":\"\u9996\u9875\",\"item\":\"https:\\\/\\\/induzon.com\\\/ro\\\/acasa\\\/\"},{\"@type\":\"ListItem\",\"position\":2,\"name\":\"Magazin\",\"item\":\"https:\\\/\\\/induzon.com\\\/ro\\\/magazin\\\/\"},{\"@type\":\"ListItem\",\"position\":3,\"name\":\"Supap\u0103 de echilibrare static\u0103 din o\u021bel inoxidabil cu filet \u0219i blocare digital\u0103 DN15-DN50\"}]},{\"@type\":\"WebSite\",\"@id\":\"https:\\\/\\\/induzon.com\\\/ro\\\/#website\",\"url\":\"https:\\\/\\\/induzon.com\\\/ro\\\/\",\"name\":\"induzon\",\"description\":\"\",\"publisher\":{\"@id\":\"https:\\\/\\\/induzon.com\\\/ro\\\/#organization\"},\"potentialAction\":[{\"@type\":\"SearchAction\",\"target\":{\"@type\":\"EntryPoint\",\"urlTemplate\":\"https:\\\/\\\/induzon.com\\\/ro\\\/?s={search_term_string}\"},\"query-input\":{\"@type\":\"PropertyValueSpecification\",\"valueRequired\":true,\"valueName\":\"search_term_string\"}}],\"inLanguage\":\"ro-RO\"},{\"@type\":\"Organization\",\"@id\":\"https:\\\/\\\/induzon.com\\\/ro\\\/#organization\",\"name\":\"induzon\",\"url\":\"https:\\\/\\\/induzon.com\\\/ro\\\/\",\"logo\":{\"@type\":\"ImageObject\",\"inLanguage\":\"ro-RO\",\"@id\":\"https:\\\/\\\/induzon.com\\\/ro\\\/#\\\/schema\\\/logo\\\/image\\\/\",\"url\":\"https:\\\/\\\/induzon.com\\\/wp-content\\\/uploads\\\/2025\\\/05\\\/cropped-026.png\",\"contentUrl\":\"https:\\\/\\\/induzon.com\\\/wp-content\\\/uploads\\\/2025\\\/05\\\/cropped-026.png\",\"width\":512,\"height\":512,\"caption\":\"induzon\"},\"image\":{\"@id\":\"https:\\\/\\\/induzon.com\\\/ro\\\/#\\\/schema\\\/logo\\\/image\\\/\"}}]}<\/script>\r\n<!-- \/ Yoast SEO plugin. -->","yoast_head_json":{"title":"Supap\u0103 de echilibrare static\u0103 din o\u021bel inoxidabil DN15-50","description":"Supap\u0103 de echilibrare static\u0103 din o\u021bel inoxidabil cu filet \u0219i blocare digital\u0103 pentru conducte DN15-DN50. Reglare precis\u0103, performan\u021b\u0103 stabil\u0103. Comand\u0103 acum.","robots":{"index":"index","follow":"follow","max-snippet":"max-snippet:-1","max-image-preview":"max-image-preview:large","max-video-preview":"max-video-preview:-1"},"canonical":"https:\/\/induzon.com\/ro\/produs\/supapa-de-echilibrare-statica-din-otel-inoxidabil-cu-filet-si-blocare-digitala-dn15-dn50\/","og_locale":"ro_RO","og_type":"article","og_title":"Supap\u0103 de echilibrare static\u0103 din o\u021bel inoxidabil DN15-50","og_description":"Supap\u0103 de echilibrare static\u0103 din o\u021bel inoxidabil cu filet \u0219i blocare digital\u0103 pentru conducte DN15-DN50. Reglare precis\u0103, performan\u021b\u0103 stabil\u0103. Comand\u0103 acum.","og_url":"https:\/\/induzon.com\/ro\/produs\/supapa-de-echilibrare-statica-din-otel-inoxidabil-cu-filet-si-blocare-digitala-dn15-dn50\/","og_site_name":"induzon","article_modified_time":"2026-03-16T03:44:09+00:00","og_image":[{"width":1500,"height":1500,"url":"https:\/\/induzon.com\/wp-content\/uploads\/2026\/03\/\u56fe-8.jpg","type":"image\/jpeg"}],"twitter_card":"summary_large_image","schema":{"@context":"https:\/\/schema.org","@graph":[{"@type":"WebPage","@id":"https:\/\/induzon.com\/ro\/produs\/supapa-de-echilibrare-statica-din-otel-inoxidabil-cu-filet-si-blocare-digitala-dn15-dn50\/","url":"https:\/\/induzon.com\/ro\/produs\/supapa-de-echilibrare-statica-din-otel-inoxidabil-cu-filet-si-blocare-digitala-dn15-dn50\/","name":"Supap\u0103 de echilibrare static\u0103 din o\u021bel inoxidabil DN15-50","isPartOf":{"@id":"https:\/\/induzon.com\/ro\/#website"},"primaryImageOfPage":{"@id":"https:\/\/induzon.com\/ro\/produs\/supapa-de-echilibrare-statica-din-otel-inoxidabil-cu-filet-si-blocare-digitala-dn15-dn50\/#primaryimage"},"image":{"@id":"https:\/\/induzon.com\/ro\/produs\/supapa-de-echilibrare-statica-din-otel-inoxidabil-cu-filet-si-blocare-digitala-dn15-dn50\/#primaryimage"},"thumbnailUrl":"https:\/\/induzon.com\/wp-content\/uploads\/2026\/03\/\u56fe-8.jpg","datePublished":"2026-03-09T06:05:01+00:00","dateModified":"2026-03-16T03:44:09+00:00","description":"Supap\u0103 de echilibrare static\u0103 din o\u021bel inoxidabil cu filet \u0219i blocare digital\u0103 pentru conducte DN15-DN50. Reglare precis\u0103, performan\u021b\u0103 stabil\u0103. Comand\u0103 acum.","breadcrumb":{"@id":"https:\/\/induzon.com\/ro\/produs\/supapa-de-echilibrare-statica-din-otel-inoxidabil-cu-filet-si-blocare-digitala-dn15-dn50\/#breadcrumb"},"inLanguage":"ro-RO","potentialAction":[{"@type":"ReadAction","target":["https:\/\/induzon.com\/ro\/produs\/supapa-de-echilibrare-statica-din-otel-inoxidabil-cu-filet-si-blocare-digitala-dn15-dn50\/"]}]},{"@type":"ImageObject","inLanguage":"ro-RO","@id":"https:\/\/induzon.com\/ro\/produs\/supapa-de-echilibrare-statica-din-otel-inoxidabil-cu-filet-si-blocare-digitala-dn15-dn50\/#primaryimage","url":"https:\/\/induzon.com\/wp-content\/uploads\/2026\/03\/\u56fe-8.jpg","contentUrl":"https:\/\/induzon.com\/wp-content\/uploads\/2026\/03\/\u56fe-8.jpg","width":1500,"height":1500,"caption":"Supap\u0103 de echilibrare static\u0103 din o\u021bel inoxidabil cu filet \u0219i blocare digital\u0103 DN15-DN50"},{"@type":"BreadcrumbList","@id":"https:\/\/induzon.com\/ro\/produs\/supapa-de-echilibrare-statica-din-otel-inoxidabil-cu-filet-si-blocare-digitala-dn15-dn50\/#breadcrumb","itemListElement":[{"@type":"ListItem","position":1,"name":"\u9996\u9875","item":"https:\/\/induzon.com\/ro\/acasa\/"},{"@type":"ListItem","position":2,"name":"Magazin","item":"https:\/\/induzon.com\/ro\/magazin\/"},{"@type":"ListItem","position":3,"name":"Supap\u0103 de echilibrare static\u0103 din o\u021bel inoxidabil cu filet \u0219i blocare digital\u0103 DN15-DN50"}]},{"@type":"WebSite","@id":"https:\/\/induzon.com\/ro\/#website","url":"https:\/\/induzon.com\/ro\/","name":"induzon","description":"","publisher":{"@id":"https:\/\/induzon.com\/ro\/#organization"},"potentialAction":[{"@type":"SearchAction","target":{"@type":"EntryPoint","urlTemplate":"https:\/\/induzon.com\/ro\/?s={search_term_string}"},"query-input":{"@type":"PropertyValueSpecification","valueRequired":true,"valueName":"search_term_string"}}],"inLanguage":"ro-RO"},{"@type":"Organization","@id":"https:\/\/induzon.com\/ro\/#organization","name":"induzon","url":"https:\/\/induzon.com\/ro\/","logo":{"@type":"ImageObject","inLanguage":"ro-RO","@id":"https:\/\/induzon.com\/ro\/#\/schema\/logo\/image\/","url":"https:\/\/induzon.com\/wp-content\/uploads\/2025\/05\/cropped-026.png","contentUrl":"https:\/\/induzon.com\/wp-content\/uploads\/2025\/05\/cropped-026.png","width":512,"height":512,"caption":"induzon"},"image":{"@id":"https:\/\/induzon.com\/ro\/#\/schema\/logo\/image\/"}}]}},"_links":{"self":[{"href":"https:\/\/induzon.com\/ro\/wp-json\/wp\/v2\/product\/35245","targetHints":{"allow":["GET"]}}],"collection":[{"href":"https:\/\/induzon.com\/ro\/wp-json\/wp\/v2\/product"}],"about":[{"href":"https:\/\/induzon.com\/ro\/wp-json\/wp\/v2\/types\/product"}],"replies":[{"embeddable":true,"href":"https:\/\/induzon.com\/ro\/wp-json\/wp\/v2\/comments?post=35245"}],"version-history":[{"count":1,"href":"https:\/\/induzon.com\/ro\/wp-json\/wp\/v2\/product\/35245\/revisions"}],"predecessor-version":[{"id":35262,"href":"https:\/\/induzon.com\/ro\/wp-json\/wp\/v2\/product\/35245\/revisions\/35262"}],"wp:featuredmedia":[{"embeddable":true,"href":"https:\/\/induzon.com\/ro\/wp-json\/wp\/v2\/media\/33897"}],"wp:attachment":[{"href":"https:\/\/induzon.com\/ro\/wp-json\/wp\/v2\/media?parent=35245"}],"wp:term":[{"taxonomy":"product_brand","embeddable":true,"href":"https:\/\/induzon.com\/ro\/wp-json\/wp\/v2\/product_brand?post=35245"},{"taxonomy":"product_cat","embeddable":true,"href":"https:\/\/induzon.com\/ro\/wp-json\/wp\/v2\/product_cat?post=35245"},{"taxonomy":"product_tag","embeddable":true,"href":"https:\/\/induzon.com\/ro\/wp-json\/wp\/v2\/product_tag?post=35245"}],"curies":[{"name":"wp","href":"https:\/\/api.w.org\/{rel}","templated":true}]}}