{"id":37155,"date":"2026-04-14T16:16:52","date_gmt":"2026-04-14T08:16:52","guid":{"rendered":"https:\/\/induzon.com\/shop\/placa-de-control-digitala-pentru-soba-pe-peleti-cu-afisaj-si-regulator-de-temperatura-piese-cuptor\/"},"modified":"2026-04-16T16:40:43","modified_gmt":"2026-04-16T08:40:43","slug":"placa-de-control-digitala-pentru-soba-pe-peleti-cu-afisaj-si-regulator-de-temperatura-piese-cuptor","status":"publish","type":"product","link":"https:\/\/induzon.com\/ro\/produs\/placa-de-control-digitala-pentru-soba-pe-peleti-cu-afisaj-si-regulator-de-temperatura-piese-cuptor\/","title":{"rendered":"Plac\u0103 de control digital\u0103 pentru sob\u0103 pe pele\u021bi cu afi\u0219aj \u0219i regulator de temperatur\u0103 piese cuptor"},"content":{"rendered":"","protected":false},"excerpt":{"rendered":"","protected":false},"featured_media":37067,"comment_status":"open","ping_status":"closed","template":"","meta":{"site-sidebar-layout":"default","site-content-layout":"","ast-site-content-layout":"default","site-content-style":"default","site-sidebar-style":"default","ast-global-header-display":"","ast-banner-title-visibility":"","ast-main-header-display":"","ast-hfb-above-header-display":"","ast-hfb-below-header-display":"","ast-hfb-mobile-header-display":"","site-post-title":"","ast-breadcrumbs-content":"","ast-featured-img":"","footer-sml-layout":"","theme-transparent-header-meta":"default","adv-header-id-meta":"","stick-header-meta":"","header-above-stick-meta":"","header-main-stick-meta":"","header-below-stick-meta":"","astra-migrate-meta-layouts":"set","ast-page-background-enabled":"default","ast-page-background-meta":{"desktop":{"background-color":"var(--ast-global-color-4)","background-image":"","background-repeat":"repeat","background-position":"center center","background-size":"auto","background-attachment":"scroll","background-type":"","background-media":"","overlay-type":"","overlay-color":"","overlay-opacity":"","overlay-gradient":""},"tablet":{"background-color":"","background-image":"","background-repeat":"repeat","background-position":"center center","background-size":"auto","background-attachment":"scroll","background-type":"","background-media":"","overlay-type":"","overlay-color":"","overlay-opacity":"","overlay-gradient":""},"mobile":{"background-color":"","background-image":"","background-repeat":"repeat","background-position":"center center","background-size":"auto","background-attachment":"scroll","background-type":"","background-media":"","overlay-type":"","overlay-color":"","overlay-opacity":"","overlay-gradient":""}},"ast-content-background-meta":{"desktop":{"background-color":"var(--ast-global-color-5)","background-image":"","background-repeat":"repeat","background-position":"center center","background-size":"auto","background-attachment":"scroll","background-type":"","background-media":"","overlay-type":"","overlay-color":"","overlay-opacity":"","overlay-gradient":""},"tablet":{"background-color":"var(--ast-global-color-5)","background-image":"","background-repeat":"repeat","background-position":"center center","background-size":"auto","background-attachment":"scroll","background-type":"","background-media":"","overlay-type":"","overlay-color":"","overlay-opacity":"","overlay-gradient":""},"mobile":{"background-color":"var(--ast-global-color-5)","background-image":"","background-repeat":"repeat","background-position":"center center","background-size":"auto","background-attachment":"scroll","background-type":"","background-media":"","overlay-type":"","overlay-color":"","overlay-opacity":"","overlay-gradient":""}}},"product_brand":[],"product_cat":[2365],"product_tag":[2366],"class_list":{"0":"post-37155","1":"product","2":"type-product","3":"status-publish","4":"has-post-thumbnail","6":"product_cat-sisteme-de-control-pentru-sobe-si-cazane-pe-peleti","7":"product_tag-afisaj-led-pentru-soba-pe-peleti","8":"desktop-align-left","9":"tablet-align-left","10":"mobile-align-left","12":"first","13":"instock","14":"sale","15":"shipping-taxable","16":"purchasable","17":"product-type-simple"},"yoast_head":"<!-- This site is optimized with the Yoast SEO plugin v24.9 - https:\/\/yoast.com\/wordpress\/plugins\/seo\/ -->\r\n<title>Plac\u0103 Control Digital\u0103 Soba Pele\u021bi Afi\u0219aj LED Regulator<\/title>\r\n<meta name=\"description\" content=\"Piese de schimb pentru sobe pe pele\u021bi: plac\u0103 de control digital\u0103 cu afi\u0219aj LED \u0219i regulator de temperatur\u0103. Compatibil\u0103 cu arz\u0103tor pe pele\u021bi \u0219i cuptor. Asigur\u0103 un control precis al c\u0103ldurii \u0219i durabilitate.\" \/>\r\n<meta name=\"robots\" content=\"index, follow, max-snippet:-1, max-image-preview:large, max-video-preview:-1\" \/>\r\n<link rel=\"canonical\" href=\"https:\/\/induzon.com\/ro\/produs\/placa-de-control-digitala-pentru-soba-pe-peleti-cu-afisaj-si-regulator-de-temperatura-piese-cuptor\/\" \/>\r\n<meta property=\"og:locale\" content=\"ro_RO\" \/>\r\n<meta property=\"og:type\" content=\"article\" \/>\r\n<meta property=\"og:title\" content=\"Plac\u0103 Control Digital\u0103 Soba Pele\u021bi Afi\u0219aj LED Regulator\" \/>\r\n<meta property=\"og:description\" content=\"Piese de schimb pentru sobe pe pele\u021bi: plac\u0103 de control digital\u0103 cu afi\u0219aj LED \u0219i regulator de temperatur\u0103. Compatibil\u0103 cu arz\u0103tor pe pele\u021bi \u0219i cuptor. Asigur\u0103 un control precis al c\u0103ldurii \u0219i durabilitate.\" \/>\r\n<meta property=\"og:url\" content=\"https:\/\/induzon.com\/ro\/produs\/placa-de-control-digitala-pentru-soba-pe-peleti-cu-afisaj-si-regulator-de-temperatura-piese-cuptor\/\" \/>\r\n<meta property=\"og:site_name\" content=\"induzon\" \/>\r\n<meta property=\"article:modified_time\" content=\"2026-04-16T08:40:43+00:00\" \/>\r\n<meta property=\"og:image\" content=\"https:\/\/induzon.com\/wp-content\/uploads\/2026\/04\/\u56fe-1-1.jpg\" \/>\r\n\t<meta property=\"og:image:width\" content=\"1500\" \/>\r\n\t<meta property=\"og:image:height\" content=\"1500\" \/>\r\n\t<meta property=\"og:image:type\" content=\"image\/jpeg\" \/>\r\n<meta name=\"twitter:card\" content=\"summary_large_image\" \/>\r\n<meta name=\"twitter:label1\" content=\"Timp estimat pentru citire\" \/>\n\t<meta name=\"twitter:data1\" content=\"1 minute\" \/>\r\n<script type=\"application\/ld+json\" class=\"yoast-schema-graph\">{\"@context\":\"https:\/\/schema.org\",\"@graph\":[{\"@type\":\"WebPage\",\"@id\":\"https:\/\/induzon.com\/ro\/produs\/placa-de-control-digitala-pentru-soba-pe-peleti-cu-afisaj-si-regulator-de-temperatura-piese-cuptor\/\",\"url\":\"https:\/\/induzon.com\/ro\/produs\/placa-de-control-digitala-pentru-soba-pe-peleti-cu-afisaj-si-regulator-de-temperatura-piese-cuptor\/\",\"name\":\"Plac\u0103 Control Digital\u0103 Soba Pele\u021bi Afi\u0219aj LED Regulator\",\"isPartOf\":{\"@id\":\"https:\/\/induzon.com\/ro\/#website\"},\"primaryImageOfPage\":{\"@id\":\"https:\/\/induzon.com\/ro\/produs\/placa-de-control-digitala-pentru-soba-pe-peleti-cu-afisaj-si-regulator-de-temperatura-piese-cuptor\/#primaryimage\"},\"image\":{\"@id\":\"https:\/\/induzon.com\/ro\/produs\/placa-de-control-digitala-pentru-soba-pe-peleti-cu-afisaj-si-regulator-de-temperatura-piese-cuptor\/#primaryimage\"},\"thumbnailUrl\":\"https:\/\/induzon.com\/wp-content\/uploads\/2026\/04\/\u56fe-1-1.jpg\",\"datePublished\":\"2026-04-14T08:16:52+00:00\",\"dateModified\":\"2026-04-16T08:40:43+00:00\",\"description\":\"Piese de schimb pentru sobe pe pele\u021bi: plac\u0103 de control digital\u0103 cu afi\u0219aj LED \u0219i regulator de temperatur\u0103. Compatibil\u0103 cu arz\u0103tor pe pele\u021bi \u0219i cuptor. Asigur\u0103 un control precis al c\u0103ldurii \u0219i durabilitate.\",\"breadcrumb\":{\"@id\":\"https:\/\/induzon.com\/ro\/produs\/placa-de-control-digitala-pentru-soba-pe-peleti-cu-afisaj-si-regulator-de-temperatura-piese-cuptor\/#breadcrumb\"},\"inLanguage\":\"ro-RO\",\"potentialAction\":[{\"@type\":\"ReadAction\",\"target\":[\"https:\/\/induzon.com\/ro\/produs\/placa-de-control-digitala-pentru-soba-pe-peleti-cu-afisaj-si-regulator-de-temperatura-piese-cuptor\/\"]}]},{\"@type\":\"ImageObject\",\"inLanguage\":\"ro-RO\",\"@id\":\"https:\/\/induzon.com\/ro\/produs\/placa-de-control-digitala-pentru-soba-pe-peleti-cu-afisaj-si-regulator-de-temperatura-piese-cuptor\/#primaryimage\",\"url\":\"https:\/\/induzon.com\/wp-content\/uploads\/2026\/04\/\u56fe-1-1.jpg\",\"contentUrl\":\"https:\/\/induzon.com\/wp-content\/uploads\/2026\/04\/\u56fe-1-1.jpg\",\"width\":1500,\"height\":1500,\"caption\":\"Plac\u0103 de control digital\u0103 pentru sob\u0103 pe pele\u021bi cu afi\u0219aj \u0219i regulator de temperatur\u0103 piese cuptor\"},{\"@type\":\"BreadcrumbList\",\"@id\":\"https:\/\/induzon.com\/ro\/produs\/placa-de-control-digitala-pentru-soba-pe-peleti-cu-afisaj-si-regulator-de-temperatura-piese-cuptor\/#breadcrumb\",\"itemListElement\":[{\"@type\":\"ListItem\",\"position\":1,\"name\":\"\u9996\u9875\",\"item\":\"https:\/\/induzon.com\/ro\/acasa\/\"},{\"@type\":\"ListItem\",\"position\":2,\"name\":\"Magazin\",\"item\":\"https:\/\/induzon.com\/ro\/magazin\/\"},{\"@type\":\"ListItem\",\"position\":3,\"name\":\"Plac\u0103 de control digital\u0103 pentru sob\u0103 pe pele\u021bi cu afi\u0219aj \u0219i regulator de temperatur\u0103 piese cuptor\"}]},{\"@type\":\"WebSite\",\"@id\":\"https:\/\/induzon.com\/ro\/#website\",\"url\":\"https:\/\/induzon.com\/ro\/\",\"name\":\"induzon\",\"description\":\"\",\"publisher\":{\"@id\":\"https:\/\/induzon.com\/ro\/#organization\"},\"potentialAction\":[{\"@type\":\"SearchAction\",\"target\":{\"@type\":\"EntryPoint\",\"urlTemplate\":\"https:\/\/induzon.com\/ro\/?s={search_term_string}\"},\"query-input\":{\"@type\":\"PropertyValueSpecification\",\"valueRequired\":true,\"valueName\":\"search_term_string\"}}],\"inLanguage\":\"ro-RO\"},{\"@type\":\"Organization\",\"@id\":\"https:\/\/induzon.com\/ro\/#organization\",\"name\":\"induzon\",\"url\":\"https:\/\/induzon.com\/ro\/\",\"logo\":{\"@type\":\"ImageObject\",\"inLanguage\":\"ro-RO\",\"@id\":\"https:\/\/induzon.com\/ro\/#\/schema\/logo\/image\/\",\"url\":\"https:\/\/induzon.com\/wp-content\/uploads\/2025\/05\/cropped-026.png\",\"contentUrl\":\"https:\/\/induzon.com\/wp-content\/uploads\/2025\/05\/cropped-026.png\",\"width\":512,\"height\":512,\"caption\":\"induzon\"},\"image\":{\"@id\":\"https:\/\/induzon.com\/ro\/#\/schema\/logo\/image\/\"}}]}<\/script>\r\n<!-- \/ Yoast SEO plugin. -->","yoast_head_json":{"title":"Plac\u0103 Control Digital\u0103 Soba Pele\u021bi Afi\u0219aj LED Regulator","description":"Piese de schimb pentru sobe pe pele\u021bi: plac\u0103 de control digital\u0103 cu afi\u0219aj LED \u0219i regulator de temperatur\u0103. Compatibil\u0103 cu arz\u0103tor pe pele\u021bi \u0219i cuptor. Asigur\u0103 un control precis al c\u0103ldurii \u0219i durabilitate.","robots":{"index":"index","follow":"follow","max-snippet":"max-snippet:-1","max-image-preview":"max-image-preview:large","max-video-preview":"max-video-preview:-1"},"canonical":"https:\/\/induzon.com\/ro\/produs\/placa-de-control-digitala-pentru-soba-pe-peleti-cu-afisaj-si-regulator-de-temperatura-piese-cuptor\/","og_locale":"ro_RO","og_type":"article","og_title":"Plac\u0103 Control Digital\u0103 Soba Pele\u021bi Afi\u0219aj LED Regulator","og_description":"Piese de schimb pentru sobe pe pele\u021bi: plac\u0103 de control digital\u0103 cu afi\u0219aj LED \u0219i regulator de temperatur\u0103. Compatibil\u0103 cu arz\u0103tor pe pele\u021bi \u0219i cuptor. Asigur\u0103 un control precis al c\u0103ldurii \u0219i durabilitate.","og_url":"https:\/\/induzon.com\/ro\/produs\/placa-de-control-digitala-pentru-soba-pe-peleti-cu-afisaj-si-regulator-de-temperatura-piese-cuptor\/","og_site_name":"induzon","article_modified_time":"2026-04-16T08:40:43+00:00","og_image":[{"width":1500,"height":1500,"url":"https:\/\/induzon.com\/wp-content\/uploads\/2026\/04\/\u56fe-1-1.jpg","type":"image\/jpeg"}],"twitter_card":"summary_large_image","twitter_misc":{"Timp estimat pentru citire":"1 minute"},"schema":{"@context":"https:\/\/schema.org","@graph":[{"@type":"WebPage","@id":"https:\/\/induzon.com\/ro\/produs\/placa-de-control-digitala-pentru-soba-pe-peleti-cu-afisaj-si-regulator-de-temperatura-piese-cuptor\/","url":"https:\/\/induzon.com\/ro\/produs\/placa-de-control-digitala-pentru-soba-pe-peleti-cu-afisaj-si-regulator-de-temperatura-piese-cuptor\/","name":"Plac\u0103 Control Digital\u0103 Soba Pele\u021bi Afi\u0219aj LED Regulator","isPartOf":{"@id":"https:\/\/induzon.com\/ro\/#website"},"primaryImageOfPage":{"@id":"https:\/\/induzon.com\/ro\/produs\/placa-de-control-digitala-pentru-soba-pe-peleti-cu-afisaj-si-regulator-de-temperatura-piese-cuptor\/#primaryimage"},"image":{"@id":"https:\/\/induzon.com\/ro\/produs\/placa-de-control-digitala-pentru-soba-pe-peleti-cu-afisaj-si-regulator-de-temperatura-piese-cuptor\/#primaryimage"},"thumbnailUrl":"https:\/\/induzon.com\/wp-content\/uploads\/2026\/04\/\u56fe-1-1.jpg","datePublished":"2026-04-14T08:16:52+00:00","dateModified":"2026-04-16T08:40:43+00:00","description":"Piese de schimb pentru sobe pe pele\u021bi: plac\u0103 de control digital\u0103 cu afi\u0219aj LED \u0219i regulator de temperatur\u0103. Compatibil\u0103 cu arz\u0103tor pe pele\u021bi \u0219i cuptor. Asigur\u0103 un control precis al c\u0103ldurii \u0219i durabilitate.","breadcrumb":{"@id":"https:\/\/induzon.com\/ro\/produs\/placa-de-control-digitala-pentru-soba-pe-peleti-cu-afisaj-si-regulator-de-temperatura-piese-cuptor\/#breadcrumb"},"inLanguage":"ro-RO","potentialAction":[{"@type":"ReadAction","target":["https:\/\/induzon.com\/ro\/produs\/placa-de-control-digitala-pentru-soba-pe-peleti-cu-afisaj-si-regulator-de-temperatura-piese-cuptor\/"]}]},{"@type":"ImageObject","inLanguage":"ro-RO","@id":"https:\/\/induzon.com\/ro\/produs\/placa-de-control-digitala-pentru-soba-pe-peleti-cu-afisaj-si-regulator-de-temperatura-piese-cuptor\/#primaryimage","url":"https:\/\/induzon.com\/wp-content\/uploads\/2026\/04\/\u56fe-1-1.jpg","contentUrl":"https:\/\/induzon.com\/wp-content\/uploads\/2026\/04\/\u56fe-1-1.jpg","width":1500,"height":1500,"caption":"Plac\u0103 de control digital\u0103 pentru sob\u0103 pe pele\u021bi cu afi\u0219aj \u0219i regulator de temperatur\u0103 piese cuptor"},{"@type":"BreadcrumbList","@id":"https:\/\/induzon.com\/ro\/produs\/placa-de-control-digitala-pentru-soba-pe-peleti-cu-afisaj-si-regulator-de-temperatura-piese-cuptor\/#breadcrumb","itemListElement":[{"@type":"ListItem","position":1,"name":"\u9996\u9875","item":"https:\/\/induzon.com\/ro\/acasa\/"},{"@type":"ListItem","position":2,"name":"Magazin","item":"https:\/\/induzon.com\/ro\/magazin\/"},{"@type":"ListItem","position":3,"name":"Plac\u0103 de control digital\u0103 pentru sob\u0103 pe pele\u021bi cu afi\u0219aj \u0219i regulator de temperatur\u0103 piese cuptor"}]},{"@type":"WebSite","@id":"https:\/\/induzon.com\/ro\/#website","url":"https:\/\/induzon.com\/ro\/","name":"induzon","description":"","publisher":{"@id":"https:\/\/induzon.com\/ro\/#organization"},"potentialAction":[{"@type":"SearchAction","target":{"@type":"EntryPoint","urlTemplate":"https:\/\/induzon.com\/ro\/?s={search_term_string}"},"query-input":{"@type":"PropertyValueSpecification","valueRequired":true,"valueName":"search_term_string"}}],"inLanguage":"ro-RO"},{"@type":"Organization","@id":"https:\/\/induzon.com\/ro\/#organization","name":"induzon","url":"https:\/\/induzon.com\/ro\/","logo":{"@type":"ImageObject","inLanguage":"ro-RO","@id":"https:\/\/induzon.com\/ro\/#\/schema\/logo\/image\/","url":"https:\/\/induzon.com\/wp-content\/uploads\/2025\/05\/cropped-026.png","contentUrl":"https:\/\/induzon.com\/wp-content\/uploads\/2025\/05\/cropped-026.png","width":512,"height":512,"caption":"induzon"},"image":{"@id":"https:\/\/induzon.com\/ro\/#\/schema\/logo\/image\/"}}]}},"_links":{"self":[{"href":"https:\/\/induzon.com\/ro\/wp-json\/wp\/v2\/product\/37155","targetHints":{"allow":["GET"]}}],"collection":[{"href":"https:\/\/induzon.com\/ro\/wp-json\/wp\/v2\/product"}],"about":[{"href":"https:\/\/induzon.com\/ro\/wp-json\/wp\/v2\/types\/product"}],"replies":[{"embeddable":true,"href":"https:\/\/induzon.com\/ro\/wp-json\/wp\/v2\/comments?post=37155"}],"version-history":[{"count":1,"href":"https:\/\/induzon.com\/ro\/wp-json\/wp\/v2\/product\/37155\/revisions"}],"predecessor-version":[{"id":37176,"href":"https:\/\/induzon.com\/ro\/wp-json\/wp\/v2\/product\/37155\/revisions\/37176"}],"wp:featuredmedia":[{"embeddable":true,"href":"https:\/\/induzon.com\/ro\/wp-json\/wp\/v2\/media\/37067"}],"wp:attachment":[{"href":"https:\/\/induzon.com\/ro\/wp-json\/wp\/v2\/media?parent=37155"}],"wp:term":[{"taxonomy":"product_brand","embeddable":true,"href":"https:\/\/induzon.com\/ro\/wp-json\/wp\/v2\/product_brand?post=37155"},{"taxonomy":"product_cat","embeddable":true,"href":"https:\/\/induzon.com\/ro\/wp-json\/wp\/v2\/product_cat?post=37155"},{"taxonomy":"product_tag","embeddable":true,"href":"https:\/\/induzon.com\/ro\/wp-json\/wp\/v2\/product_tag?post=37155"}],"curies":[{"name":"wp","href":"https:\/\/api.w.org\/{rel}","templated":true}]}}