{"id":37915,"date":"2026-04-23T15:47:57","date_gmt":"2026-04-23T07:47:57","guid":{"rendered":"https:\/\/induzon.com\/shop\/capac-arzator-pentru-plita-pe-gaz-balay-fagor-teka-performanta-ridicata-la-gatit-balay-fagor-teka\/"},"modified":"2026-04-23T15:47:57","modified_gmt":"2026-04-23T07:47:57","slug":"capac-arzator-pentru-plita-pe-gaz-balay-fagor-teka-performanta-ridicata-la-gatit-balay-fagor-teka","status":"publish","type":"product","link":"https:\/\/induzon.com\/ro\/produs\/capac-arzator-pentru-plita-pe-gaz-balay-fagor-teka-performanta-ridicata-la-gatit-balay-fagor-teka\/","title":{"rendered":"Capac arz\u0103tor pentru plit\u0103 pe gaz BALAY FAGOR TEKA Performan\u021b\u0103 ridicat\u0103 la g\u0103tit BALAY FAGOR TEKA"},"content":{"rendered":"","protected":false},"excerpt":{"rendered":"","protected":false},"featured_media":37840,"comment_status":"open","ping_status":"closed","template":"","meta":{"site-sidebar-layout":"default","site-content-layout":"","ast-site-content-layout":"default","site-content-style":"default","site-sidebar-style":"default","ast-global-header-display":"","ast-banner-title-visibility":"","ast-main-header-display":"","ast-hfb-above-header-display":"","ast-hfb-below-header-display":"","ast-hfb-mobile-header-display":"","site-post-title":"","ast-breadcrumbs-content":"","ast-featured-img":"","footer-sml-layout":"","theme-transparent-header-meta":"default","adv-header-id-meta":"","stick-header-meta":"","header-above-stick-meta":"","header-main-stick-meta":"","header-below-stick-meta":"","astra-migrate-meta-layouts":"default","ast-page-background-enabled":"default","ast-page-background-meta":{"desktop":{"background-color":"var(--ast-global-color-4)","background-image":"","background-repeat":"repeat","background-position":"center center","background-size":"auto","background-attachment":"scroll","background-type":"","background-media":"","overlay-type":"","overlay-color":"","overlay-opacity":"","overlay-gradient":""},"tablet":{"background-color":"","background-image":"","background-repeat":"repeat","background-position":"center center","background-size":"auto","background-attachment":"scroll","background-type":"","background-media":"","overlay-type":"","overlay-color":"","overlay-opacity":"","overlay-gradient":""},"mobile":{"background-color":"","background-image":"","background-repeat":"repeat","background-position":"center center","background-size":"auto","background-attachment":"scroll","background-type":"","background-media":"","overlay-type":"","overlay-color":"","overlay-opacity":"","overlay-gradient":""}},"ast-content-background-meta":{"desktop":{"background-color":"var(--ast-global-color-5)","background-image":"","background-repeat":"repeat","background-position":"center center","background-size":"auto","background-attachment":"scroll","background-type":"","background-media":"","overlay-type":"","overlay-color":"","overlay-opacity":"","overlay-gradient":""},"tablet":{"background-color":"var(--ast-global-color-5)","background-image":"","background-repeat":"repeat","background-position":"center center","background-size":"auto","background-attachment":"scroll","background-type":"","background-media":"","overlay-type":"","overlay-color":"","overlay-opacity":"","overlay-gradient":""},"mobile":{"background-color":"var(--ast-global-color-5)","background-image":"","background-repeat":"repeat","background-position":"center center","background-size":"auto","background-attachment":"scroll","background-type":"","background-media":"","overlay-type":"","overlay-color":"","overlay-opacity":"","overlay-gradient":""}}},"product_brand":[],"product_cat":[2324],"product_tag":[2325],"class_list":{"0":"post-37915","1":"product","2":"type-product","3":"status-publish","4":"has-post-thumbnail","6":"product_cat-piese-pentru-plite","7":"product_tag-piese-pentru-plite","8":"desktop-align-left","9":"tablet-align-left","10":"mobile-align-left","12":"first","13":"instock","14":"sale","15":"shipping-taxable","16":"purchasable","17":"product-type-variable"},"yoast_head":"<!-- This site is optimized with the Yoast SEO plugin v24.9 - https:\/\/yoast.com\/wordpress\/plugins\/seo\/ -->\r\n<title>BALAY FAGOR TEKA Capac arz\u0103tor Performan\u021b\u0103 ridicat\u0103<\/title>\r\n<meta name=\"description\" content=\"1 set capac arz\u0103tor pentru plit\u0103 pe gaz BALAY FAGOR TEKA Performan\u021b\u0103 ridicat\u0103 la g\u0103tit pentru arz\u0103toare gr\u0103tare \u0219i t\u0103vi Capac aragaz durabil\" \/>\r\n<meta name=\"robots\" content=\"index, follow, max-snippet:-1, max-image-preview:large, max-video-preview:-1\" \/>\r\n<link rel=\"canonical\" href=\"https:\/\/induzon.com\/ro\/produs\/capac-arzator-pentru-plita-pe-gaz-balay-fagor-teka-performanta-ridicata-la-gatit-balay-fagor-teka\/\" \/>\r\n<meta property=\"og:locale\" content=\"ro_RO\" \/>\r\n<meta property=\"og:type\" content=\"article\" \/>\r\n<meta property=\"og:title\" content=\"BALAY FAGOR TEKA Capac arz\u0103tor Performan\u021b\u0103 ridicat\u0103\" \/>\r\n<meta property=\"og:description\" content=\"1 set capac arz\u0103tor pentru plit\u0103 pe gaz BALAY FAGOR TEKA Performan\u021b\u0103 ridicat\u0103 la g\u0103tit pentru arz\u0103toare gr\u0103tare \u0219i t\u0103vi Capac aragaz durabil\" \/>\r\n<meta property=\"og:url\" content=\"https:\/\/induzon.com\/ro\/produs\/capac-arzator-pentru-plita-pe-gaz-balay-fagor-teka-performanta-ridicata-la-gatit-balay-fagor-teka\/\" \/>\r\n<meta property=\"og:site_name\" content=\"induzon\" \/>\r\n<meta property=\"og:image\" content=\"https:\/\/induzon.com\/wp-content\/uploads\/2026\/04\/4-2.png\" \/>\r\n\t<meta property=\"og:image:width\" content=\"797\" \/>\r\n\t<meta property=\"og:image:height\" content=\"795\" \/>\r\n\t<meta property=\"og:image:type\" content=\"image\/png\" \/>\r\n<meta name=\"twitter:card\" content=\"summary_large_image\" \/>\r\n<script type=\"application\/ld+json\" class=\"yoast-schema-graph\">{\"@context\":\"https:\/\/schema.org\",\"@graph\":[{\"@type\":\"WebPage\",\"@id\":\"https:\/\/induzon.com\/ro\/produs\/capac-arzator-pentru-plita-pe-gaz-balay-fagor-teka-performanta-ridicata-la-gatit-balay-fagor-teka\/\",\"url\":\"https:\/\/induzon.com\/ro\/produs\/capac-arzator-pentru-plita-pe-gaz-balay-fagor-teka-performanta-ridicata-la-gatit-balay-fagor-teka\/\",\"name\":\"BALAY FAGOR TEKA Capac arz\u0103tor Performan\u021b\u0103 ridicat\u0103\",\"isPartOf\":{\"@id\":\"https:\/\/induzon.com\/ro\/#website\"},\"primaryImageOfPage\":{\"@id\":\"https:\/\/induzon.com\/ro\/produs\/capac-arzator-pentru-plita-pe-gaz-balay-fagor-teka-performanta-ridicata-la-gatit-balay-fagor-teka\/#primaryimage\"},\"image\":{\"@id\":\"https:\/\/induzon.com\/ro\/produs\/capac-arzator-pentru-plita-pe-gaz-balay-fagor-teka-performanta-ridicata-la-gatit-balay-fagor-teka\/#primaryimage\"},\"thumbnailUrl\":\"https:\/\/induzon.com\/wp-content\/uploads\/2026\/04\/1-3.png\",\"datePublished\":\"2026-04-23T07:47:57+00:00\",\"description\":\"1 set capac arz\u0103tor pentru plit\u0103 pe gaz BALAY FAGOR TEKA Performan\u021b\u0103 ridicat\u0103 la g\u0103tit pentru arz\u0103toare gr\u0103tare \u0219i t\u0103vi Capac aragaz durabil\",\"breadcrumb\":{\"@id\":\"https:\/\/induzon.com\/ro\/produs\/capac-arzator-pentru-plita-pe-gaz-balay-fagor-teka-performanta-ridicata-la-gatit-balay-fagor-teka\/#breadcrumb\"},\"inLanguage\":\"ro-RO\",\"potentialAction\":[{\"@type\":\"ReadAction\",\"target\":[\"https:\/\/induzon.com\/ro\/produs\/capac-arzator-pentru-plita-pe-gaz-balay-fagor-teka-performanta-ridicata-la-gatit-balay-fagor-teka\/\"]}]},{\"@type\":\"ImageObject\",\"inLanguage\":\"ro-RO\",\"@id\":\"https:\/\/induzon.com\/ro\/produs\/capac-arzator-pentru-plita-pe-gaz-balay-fagor-teka-performanta-ridicata-la-gatit-balay-fagor-teka\/#primaryimage\",\"url\":\"https:\/\/induzon.com\/wp-content\/uploads\/2026\/04\/1-3.png\",\"contentUrl\":\"https:\/\/induzon.com\/wp-content\/uploads\/2026\/04\/1-3.png\",\"width\":795,\"height\":796,\"caption\":\"Capac arz\u0103tor pentru plit\u0103 pe gaz BALAY FAGOR TEKA Performan\u021b\u0103 ridicat\u0103 la g\u0103tit BALAY FAGOR TEKA\"},{\"@type\":\"BreadcrumbList\",\"@id\":\"https:\/\/induzon.com\/ro\/produs\/capac-arzator-pentru-plita-pe-gaz-balay-fagor-teka-performanta-ridicata-la-gatit-balay-fagor-teka\/#breadcrumb\",\"itemListElement\":[{\"@type\":\"ListItem\",\"position\":1,\"name\":\"\u9996\u9875\",\"item\":\"https:\/\/induzon.com\/ro\/acasa\/\"},{\"@type\":\"ListItem\",\"position\":2,\"name\":\"Magazin\",\"item\":\"https:\/\/induzon.com\/ro\/magazin\/\"},{\"@type\":\"ListItem\",\"position\":3,\"name\":\"Capac arz\u0103tor pentru plit\u0103 pe gaz BALAY FAGOR TEKA Performan\u021b\u0103 ridicat\u0103 la g\u0103tit BALAY FAGOR TEKA\"}]},{\"@type\":\"WebSite\",\"@id\":\"https:\/\/induzon.com\/ro\/#website\",\"url\":\"https:\/\/induzon.com\/ro\/\",\"name\":\"induzon\",\"description\":\"\",\"publisher\":{\"@id\":\"https:\/\/induzon.com\/ro\/#organization\"},\"potentialAction\":[{\"@type\":\"SearchAction\",\"target\":{\"@type\":\"EntryPoint\",\"urlTemplate\":\"https:\/\/induzon.com\/ro\/?s={search_term_string}\"},\"query-input\":{\"@type\":\"PropertyValueSpecification\",\"valueRequired\":true,\"valueName\":\"search_term_string\"}}],\"inLanguage\":\"ro-RO\"},{\"@type\":\"Organization\",\"@id\":\"https:\/\/induzon.com\/ro\/#organization\",\"name\":\"induzon\",\"url\":\"https:\/\/induzon.com\/ro\/\",\"logo\":{\"@type\":\"ImageObject\",\"inLanguage\":\"ro-RO\",\"@id\":\"https:\/\/induzon.com\/ro\/#\/schema\/logo\/image\/\",\"url\":\"https:\/\/induzon.com\/wp-content\/uploads\/2025\/05\/cropped-026.png\",\"contentUrl\":\"https:\/\/induzon.com\/wp-content\/uploads\/2025\/05\/cropped-026.png\",\"width\":512,\"height\":512,\"caption\":\"induzon\"},\"image\":{\"@id\":\"https:\/\/induzon.com\/ro\/#\/schema\/logo\/image\/\"}}]}<\/script>\r\n<!-- \/ Yoast SEO plugin. -->","yoast_head_json":{"title":"BALAY FAGOR TEKA Capac arz\u0103tor Performan\u021b\u0103 ridicat\u0103","description":"1 set capac arz\u0103tor pentru plit\u0103 pe gaz BALAY FAGOR TEKA Performan\u021b\u0103 ridicat\u0103 la g\u0103tit pentru arz\u0103toare gr\u0103tare \u0219i t\u0103vi Capac aragaz durabil","robots":{"index":"index","follow":"follow","max-snippet":"max-snippet:-1","max-image-preview":"max-image-preview:large","max-video-preview":"max-video-preview:-1"},"canonical":"https:\/\/induzon.com\/ro\/produs\/capac-arzator-pentru-plita-pe-gaz-balay-fagor-teka-performanta-ridicata-la-gatit-balay-fagor-teka\/","og_locale":"ro_RO","og_type":"article","og_title":"BALAY FAGOR TEKA Capac arz\u0103tor Performan\u021b\u0103 ridicat\u0103","og_description":"1 set capac arz\u0103tor pentru plit\u0103 pe gaz BALAY FAGOR TEKA Performan\u021b\u0103 ridicat\u0103 la g\u0103tit pentru arz\u0103toare gr\u0103tare \u0219i t\u0103vi Capac aragaz durabil","og_url":"https:\/\/induzon.com\/ro\/produs\/capac-arzator-pentru-plita-pe-gaz-balay-fagor-teka-performanta-ridicata-la-gatit-balay-fagor-teka\/","og_site_name":"induzon","og_image":[{"width":797,"height":795,"url":"https:\/\/induzon.com\/wp-content\/uploads\/2026\/04\/4-2.png","type":"image\/png"}],"twitter_card":"summary_large_image","schema":{"@context":"https:\/\/schema.org","@graph":[{"@type":"WebPage","@id":"https:\/\/induzon.com\/ro\/produs\/capac-arzator-pentru-plita-pe-gaz-balay-fagor-teka-performanta-ridicata-la-gatit-balay-fagor-teka\/","url":"https:\/\/induzon.com\/ro\/produs\/capac-arzator-pentru-plita-pe-gaz-balay-fagor-teka-performanta-ridicata-la-gatit-balay-fagor-teka\/","name":"BALAY FAGOR TEKA Capac arz\u0103tor Performan\u021b\u0103 ridicat\u0103","isPartOf":{"@id":"https:\/\/induzon.com\/ro\/#website"},"primaryImageOfPage":{"@id":"https:\/\/induzon.com\/ro\/produs\/capac-arzator-pentru-plita-pe-gaz-balay-fagor-teka-performanta-ridicata-la-gatit-balay-fagor-teka\/#primaryimage"},"image":{"@id":"https:\/\/induzon.com\/ro\/produs\/capac-arzator-pentru-plita-pe-gaz-balay-fagor-teka-performanta-ridicata-la-gatit-balay-fagor-teka\/#primaryimage"},"thumbnailUrl":"https:\/\/induzon.com\/wp-content\/uploads\/2026\/04\/1-3.png","datePublished":"2026-04-23T07:47:57+00:00","description":"1 set capac arz\u0103tor pentru plit\u0103 pe gaz BALAY FAGOR TEKA Performan\u021b\u0103 ridicat\u0103 la g\u0103tit pentru arz\u0103toare gr\u0103tare \u0219i t\u0103vi Capac aragaz durabil","breadcrumb":{"@id":"https:\/\/induzon.com\/ro\/produs\/capac-arzator-pentru-plita-pe-gaz-balay-fagor-teka-performanta-ridicata-la-gatit-balay-fagor-teka\/#breadcrumb"},"inLanguage":"ro-RO","potentialAction":[{"@type":"ReadAction","target":["https:\/\/induzon.com\/ro\/produs\/capac-arzator-pentru-plita-pe-gaz-balay-fagor-teka-performanta-ridicata-la-gatit-balay-fagor-teka\/"]}]},{"@type":"ImageObject","inLanguage":"ro-RO","@id":"https:\/\/induzon.com\/ro\/produs\/capac-arzator-pentru-plita-pe-gaz-balay-fagor-teka-performanta-ridicata-la-gatit-balay-fagor-teka\/#primaryimage","url":"https:\/\/induzon.com\/wp-content\/uploads\/2026\/04\/1-3.png","contentUrl":"https:\/\/induzon.com\/wp-content\/uploads\/2026\/04\/1-3.png","width":795,"height":796,"caption":"Capac arz\u0103tor pentru plit\u0103 pe gaz BALAY FAGOR TEKA Performan\u021b\u0103 ridicat\u0103 la g\u0103tit BALAY FAGOR TEKA"},{"@type":"BreadcrumbList","@id":"https:\/\/induzon.com\/ro\/produs\/capac-arzator-pentru-plita-pe-gaz-balay-fagor-teka-performanta-ridicata-la-gatit-balay-fagor-teka\/#breadcrumb","itemListElement":[{"@type":"ListItem","position":1,"name":"\u9996\u9875","item":"https:\/\/induzon.com\/ro\/acasa\/"},{"@type":"ListItem","position":2,"name":"Magazin","item":"https:\/\/induzon.com\/ro\/magazin\/"},{"@type":"ListItem","position":3,"name":"Capac arz\u0103tor pentru plit\u0103 pe gaz BALAY FAGOR TEKA Performan\u021b\u0103 ridicat\u0103 la g\u0103tit BALAY FAGOR TEKA"}]},{"@type":"WebSite","@id":"https:\/\/induzon.com\/ro\/#website","url":"https:\/\/induzon.com\/ro\/","name":"induzon","description":"","publisher":{"@id":"https:\/\/induzon.com\/ro\/#organization"},"potentialAction":[{"@type":"SearchAction","target":{"@type":"EntryPoint","urlTemplate":"https:\/\/induzon.com\/ro\/?s={search_term_string}"},"query-input":{"@type":"PropertyValueSpecification","valueRequired":true,"valueName":"search_term_string"}}],"inLanguage":"ro-RO"},{"@type":"Organization","@id":"https:\/\/induzon.com\/ro\/#organization","name":"induzon","url":"https:\/\/induzon.com\/ro\/","logo":{"@type":"ImageObject","inLanguage":"ro-RO","@id":"https:\/\/induzon.com\/ro\/#\/schema\/logo\/image\/","url":"https:\/\/induzon.com\/wp-content\/uploads\/2025\/05\/cropped-026.png","contentUrl":"https:\/\/induzon.com\/wp-content\/uploads\/2025\/05\/cropped-026.png","width":512,"height":512,"caption":"induzon"},"image":{"@id":"https:\/\/induzon.com\/ro\/#\/schema\/logo\/image\/"}}]}},"_links":{"self":[{"href":"https:\/\/induzon.com\/ro\/wp-json\/wp\/v2\/product\/37915","targetHints":{"allow":["GET"]}}],"collection":[{"href":"https:\/\/induzon.com\/ro\/wp-json\/wp\/v2\/product"}],"about":[{"href":"https:\/\/induzon.com\/ro\/wp-json\/wp\/v2\/types\/product"}],"replies":[{"embeddable":true,"href":"https:\/\/induzon.com\/ro\/wp-json\/wp\/v2\/comments?post=37915"}],"version-history":[{"count":0,"href":"https:\/\/induzon.com\/ro\/wp-json\/wp\/v2\/product\/37915\/revisions"}],"wp:featuredmedia":[{"embeddable":true,"href":"https:\/\/induzon.com\/ro\/wp-json\/wp\/v2\/media\/37840"}],"wp:attachment":[{"href":"https:\/\/induzon.com\/ro\/wp-json\/wp\/v2\/media?parent=37915"}],"wp:term":[{"taxonomy":"product_brand","embeddable":true,"href":"https:\/\/induzon.com\/ro\/wp-json\/wp\/v2\/product_brand?post=37915"},{"taxonomy":"product_cat","embeddable":true,"href":"https:\/\/induzon.com\/ro\/wp-json\/wp\/v2\/product_cat?post=37915"},{"taxonomy":"product_tag","embeddable":true,"href":"https:\/\/induzon.com\/ro\/wp-json\/wp\/v2\/product_tag?post=37915"}],"curies":[{"name":"wp","href":"https:\/\/api.w.org\/{rel}","templated":true}]}}