{"id":5622,"date":"2024-12-31T15:14:30","date_gmt":"2024-12-31T07:14:30","guid":{"rendered":"http:\/\/induzon.com\/product\/motorul-pompei-de-circulatie-a-masinii-de-spalat-vase-motor-de-spalare-de-inlocuire-pentru-pompa-de-incalzire-cu-recirculare-a-masinii-de-spalat-vase\/"},"modified":"2026-01-13T10:20:15","modified_gmt":"2026-01-13T02:20:15","slug":"motorul-pompei-de-circulatie-a-masinii-de-spalat-vase-motor-de-spalare-de-inlocuire-pentru-pompa-de-incalzire-cu-recirculare-a-masinii-de-spalat-vase","status":"publish","type":"product","link":"https:\/\/induzon.com\/ro\/produs\/motorul-pompei-de-circulatie-a-masinii-de-spalat-vase-motor-de-spalare-de-inlocuire-pentru-pompa-de-incalzire-cu-recirculare-a-masinii-de-spalat-vase\/","title":{"rendered":"Motorul pompei de circula\u021bie a ma\u0219inii de sp\u0103lat vase motor de sp\u0103lare de \u00eenlocuire pentru pompa de \u00eenc\u0103lzire cu recirculare a ma\u0219inii de sp\u0103lat vase"},"content":{"rendered":"","protected":false},"excerpt":{"rendered":"","protected":false},"featured_media":5624,"comment_status":"open","ping_status":"closed","template":"","meta":{"site-sidebar-layout":"default","site-content-layout":"","ast-site-content-layout":"default","site-content-style":"default","site-sidebar-style":"default","ast-global-header-display":"","ast-banner-title-visibility":"","ast-main-header-display":"","ast-hfb-above-header-display":"","ast-hfb-below-header-display":"","ast-hfb-mobile-header-display":"","site-post-title":"","ast-breadcrumbs-content":"","ast-featured-img":"","footer-sml-layout":"","theme-transparent-header-meta":"default","adv-header-id-meta":"","stick-header-meta":"","header-above-stick-meta":"","header-main-stick-meta":"","header-below-stick-meta":"","astra-migrate-meta-layouts":"set","ast-page-background-enabled":"default","ast-page-background-meta":{"desktop":{"background-color":"var(--ast-global-color-4)","background-image":"","background-repeat":"repeat","background-position":"center center","background-size":"auto","background-attachment":"scroll","background-type":"","background-media":"","overlay-type":"","overlay-color":"","overlay-opacity":"","overlay-gradient":""},"tablet":{"background-color":"","background-image":"","background-repeat":"repeat","background-position":"center center","background-size":"auto","background-attachment":"scroll","background-type":"","background-media":"","overlay-type":"","overlay-color":"","overlay-opacity":"","overlay-gradient":""},"mobile":{"background-color":"","background-image":"","background-repeat":"repeat","background-position":"center center","background-size":"auto","background-attachment":"scroll","background-type":"","background-media":"","overlay-type":"","overlay-color":"","overlay-opacity":"","overlay-gradient":""}},"ast-content-background-meta":{"desktop":{"background-color":"var(--ast-global-color-5)","background-image":"","background-repeat":"repeat","background-position":"center center","background-size":"auto","background-attachment":"scroll","background-type":"","background-media":"","overlay-type":"","overlay-color":"","overlay-opacity":"","overlay-gradient":""},"tablet":{"background-color":"var(--ast-global-color-5)","background-image":"","background-repeat":"repeat","background-position":"center center","background-size":"auto","background-attachment":"scroll","background-type":"","background-media":"","overlay-type":"","overlay-color":"","overlay-opacity":"","overlay-gradient":""},"mobile":{"background-color":"var(--ast-global-color-5)","background-image":"","background-repeat":"repeat","background-position":"center center","background-size":"auto","background-attachment":"scroll","background-type":"","background-media":"","overlay-type":"","overlay-color":"","overlay-opacity":"","overlay-gradient":""}}},"product_brand":[],"product_cat":[597],"product_tag":[598],"class_list":{"0":"post-5622","1":"product","2":"type-product","3":"status-publish","4":"has-post-thumbnail","6":"product_cat-motoare-pentru-masini-de-spalat-vase","7":"product_tag-motoare-pentru-masini-de-spalat-vase","8":"desktop-align-left","9":"tablet-align-left","10":"mobile-align-left","12":"first","13":"instock","14":"sale","15":"shipping-taxable","16":"purchasable","17":"product-type-simple"},"yoast_head":"<!-- This site is optimized with the Yoast SEO plugin v24.9 - https:\/\/yoast.com\/wordpress\/plugins\/seo\/ -->\r\n<title>Motor Pomp\u0103 Circula\u021bie Ma\u0219in\u0103 Sp\u0103lat Vase -Induzon<\/title>\r\n<meta name=\"description\" content=\"Servicii de \u00eenlocuire motor ma\u0219in\u0103 de sp\u0103lat vase \u0219i pomp\u0103 de circula\u021bie. G\u0103si\u021bi motor de circula\u021bie \u0219i pompa de recirculare potrivit\u0103 modelului.\" \/>\r\n<meta name=\"robots\" content=\"index, follow, max-snippet:-1, max-image-preview:large, max-video-preview:-1\" \/>\r\n<link rel=\"canonical\" href=\"https:\/\/induzon.com\/ro\/produs\/motorul-pompei-de-circulatie-a-masinii-de-spalat-vase-motor-de-spalare-de-inlocuire-pentru-pompa-de-incalzire-cu-recirculare-a-masinii-de-spalat-vase\/\" \/>\r\n<meta property=\"og:locale\" content=\"ro_RO\" \/>\r\n<meta property=\"og:type\" content=\"article\" \/>\r\n<meta property=\"og:title\" content=\"Motor Pomp\u0103 Circula\u021bie Ma\u0219in\u0103 Sp\u0103lat Vase -Induzon\" \/>\r\n<meta property=\"og:description\" content=\"Servicii de \u00eenlocuire motor ma\u0219in\u0103 de sp\u0103lat vase \u0219i pomp\u0103 de circula\u021bie. G\u0103si\u021bi motor de circula\u021bie \u0219i pompa de recirculare potrivit\u0103 modelului.\" \/>\r\n<meta property=\"og:url\" content=\"https:\/\/induzon.com\/ro\/produs\/motorul-pompei-de-circulatie-a-masinii-de-spalat-vase-motor-de-spalare-de-inlocuire-pentru-pompa-de-incalzire-cu-recirculare-a-masinii-de-spalat-vase\/\" \/>\r\n<meta property=\"og:site_name\" content=\"induzon\" \/>\r\n<meta property=\"article:modified_time\" content=\"2026-01-13T02:20:15+00:00\" \/>\r\n<meta property=\"og:image\" content=\"https:\/\/induzon.com\/wp-content\/uploads\/2024\/12\/5-5.jpg\" \/>\r\n\t<meta property=\"og:image:width\" content=\"1500\" \/>\r\n\t<meta property=\"og:image:height\" content=\"1500\" \/>\r\n\t<meta property=\"og:image:type\" content=\"image\/jpeg\" \/>\r\n<meta name=\"twitter:card\" content=\"summary_large_image\" \/>\r\n<meta name=\"twitter:label1\" content=\"Timp estimat pentru citire\" \/>\n\t<meta name=\"twitter:data1\" content=\"1 minute\" \/>\r\n<script type=\"application\/ld+json\" class=\"yoast-schema-graph\">{\"@context\":\"https:\/\/schema.org\",\"@graph\":[{\"@type\":\"WebPage\",\"@id\":\"https:\/\/induzon.com\/ro\/produs\/motorul-pompei-de-circulatie-a-masinii-de-spalat-vase-motor-de-spalare-de-inlocuire-pentru-pompa-de-incalzire-cu-recirculare-a-masinii-de-spalat-vase\/\",\"url\":\"https:\/\/induzon.com\/ro\/produs\/motorul-pompei-de-circulatie-a-masinii-de-spalat-vase-motor-de-spalare-de-inlocuire-pentru-pompa-de-incalzire-cu-recirculare-a-masinii-de-spalat-vase\/\",\"name\":\"Motor Pomp\u0103 Circula\u021bie Ma\u0219in\u0103 Sp\u0103lat Vase -Induzon\",\"isPartOf\":{\"@id\":\"https:\/\/induzon.com\/ro\/#website\"},\"primaryImageOfPage\":{\"@id\":\"https:\/\/induzon.com\/ro\/produs\/motorul-pompei-de-circulatie-a-masinii-de-spalat-vase-motor-de-spalare-de-inlocuire-pentru-pompa-de-incalzire-cu-recirculare-a-masinii-de-spalat-vase\/#primaryimage\"},\"image\":{\"@id\":\"https:\/\/induzon.com\/ro\/produs\/motorul-pompei-de-circulatie-a-masinii-de-spalat-vase-motor-de-spalare-de-inlocuire-pentru-pompa-de-incalzire-cu-recirculare-a-masinii-de-spalat-vase\/#primaryimage\"},\"thumbnailUrl\":\"https:\/\/induzon.com\/wp-content\/uploads\/2024\/12\/5-5.jpg\",\"datePublished\":\"2024-12-31T07:14:30+00:00\",\"dateModified\":\"2026-01-13T02:20:15+00:00\",\"description\":\"Servicii de \u00eenlocuire motor ma\u0219in\u0103 de sp\u0103lat vase \u0219i pomp\u0103 de circula\u021bie. G\u0103si\u021bi motor de circula\u021bie \u0219i pompa de recirculare potrivit\u0103 modelului.\",\"breadcrumb\":{\"@id\":\"https:\/\/induzon.com\/ro\/produs\/motorul-pompei-de-circulatie-a-masinii-de-spalat-vase-motor-de-spalare-de-inlocuire-pentru-pompa-de-incalzire-cu-recirculare-a-masinii-de-spalat-vase\/#breadcrumb\"},\"inLanguage\":\"ro-RO\",\"potentialAction\":[{\"@type\":\"ReadAction\",\"target\":[\"https:\/\/induzon.com\/ro\/produs\/motorul-pompei-de-circulatie-a-masinii-de-spalat-vase-motor-de-spalare-de-inlocuire-pentru-pompa-de-incalzire-cu-recirculare-a-masinii-de-spalat-vase\/\"]}]},{\"@type\":\"ImageObject\",\"inLanguage\":\"ro-RO\",\"@id\":\"https:\/\/induzon.com\/ro\/produs\/motorul-pompei-de-circulatie-a-masinii-de-spalat-vase-motor-de-spalare-de-inlocuire-pentru-pompa-de-incalzire-cu-recirculare-a-masinii-de-spalat-vase\/#primaryimage\",\"url\":\"https:\/\/induzon.com\/wp-content\/uploads\/2024\/12\/5-5.jpg\",\"contentUrl\":\"https:\/\/induzon.com\/wp-content\/uploads\/2024\/12\/5-5.jpg\",\"width\":1500,\"height\":1500,\"caption\":\"Motor Pomp\u0103 Circula\u021bie Ma\u0219in\u0103 Sp\u0103lat Vase\"},{\"@type\":\"BreadcrumbList\",\"@id\":\"https:\/\/induzon.com\/ro\/produs\/motorul-pompei-de-circulatie-a-masinii-de-spalat-vase-motor-de-spalare-de-inlocuire-pentru-pompa-de-incalzire-cu-recirculare-a-masinii-de-spalat-vase\/#breadcrumb\",\"itemListElement\":[{\"@type\":\"ListItem\",\"position\":1,\"name\":\"\u9996\u9875\",\"item\":\"https:\/\/induzon.com\/ro\/acasa\/\"},{\"@type\":\"ListItem\",\"position\":2,\"name\":\"Magazin\",\"item\":\"https:\/\/induzon.com\/ro\/magazin\/\"},{\"@type\":\"ListItem\",\"position\":3,\"name\":\"Motorul pompei de circula\u021bie a ma\u0219inii de sp\u0103lat vase motor de sp\u0103lare de \u00eenlocuire pentru pompa de \u00eenc\u0103lzire cu recirculare a ma\u0219inii de sp\u0103lat vase\"}]},{\"@type\":\"WebSite\",\"@id\":\"https:\/\/induzon.com\/ro\/#website\",\"url\":\"https:\/\/induzon.com\/ro\/\",\"name\":\"induzon\",\"description\":\"\",\"publisher\":{\"@id\":\"https:\/\/induzon.com\/ro\/#organization\"},\"potentialAction\":[{\"@type\":\"SearchAction\",\"target\":{\"@type\":\"EntryPoint\",\"urlTemplate\":\"https:\/\/induzon.com\/ro\/?s={search_term_string}\"},\"query-input\":{\"@type\":\"PropertyValueSpecification\",\"valueRequired\":true,\"valueName\":\"search_term_string\"}}],\"inLanguage\":\"ro-RO\"},{\"@type\":\"Organization\",\"@id\":\"https:\/\/induzon.com\/ro\/#organization\",\"name\":\"induzon\",\"url\":\"https:\/\/induzon.com\/ro\/\",\"logo\":{\"@type\":\"ImageObject\",\"inLanguage\":\"ro-RO\",\"@id\":\"https:\/\/induzon.com\/ro\/#\/schema\/logo\/image\/\",\"url\":\"https:\/\/induzon.com\/wp-content\/uploads\/2025\/05\/cropped-026.png\",\"contentUrl\":\"https:\/\/induzon.com\/wp-content\/uploads\/2025\/05\/cropped-026.png\",\"width\":512,\"height\":512,\"caption\":\"induzon\"},\"image\":{\"@id\":\"https:\/\/induzon.com\/ro\/#\/schema\/logo\/image\/\"}}]}<\/script>\r\n<!-- \/ Yoast SEO plugin. -->","yoast_head_json":{"title":"Motor Pomp\u0103 Circula\u021bie Ma\u0219in\u0103 Sp\u0103lat Vase -Induzon","description":"Servicii de \u00eenlocuire motor ma\u0219in\u0103 de sp\u0103lat vase \u0219i pomp\u0103 de circula\u021bie. G\u0103si\u021bi motor de circula\u021bie \u0219i pompa de recirculare potrivit\u0103 modelului.","robots":{"index":"index","follow":"follow","max-snippet":"max-snippet:-1","max-image-preview":"max-image-preview:large","max-video-preview":"max-video-preview:-1"},"canonical":"https:\/\/induzon.com\/ro\/produs\/motorul-pompei-de-circulatie-a-masinii-de-spalat-vase-motor-de-spalare-de-inlocuire-pentru-pompa-de-incalzire-cu-recirculare-a-masinii-de-spalat-vase\/","og_locale":"ro_RO","og_type":"article","og_title":"Motor Pomp\u0103 Circula\u021bie Ma\u0219in\u0103 Sp\u0103lat Vase -Induzon","og_description":"Servicii de \u00eenlocuire motor ma\u0219in\u0103 de sp\u0103lat vase \u0219i pomp\u0103 de circula\u021bie. G\u0103si\u021bi motor de circula\u021bie \u0219i pompa de recirculare potrivit\u0103 modelului.","og_url":"https:\/\/induzon.com\/ro\/produs\/motorul-pompei-de-circulatie-a-masinii-de-spalat-vase-motor-de-spalare-de-inlocuire-pentru-pompa-de-incalzire-cu-recirculare-a-masinii-de-spalat-vase\/","og_site_name":"induzon","article_modified_time":"2026-01-13T02:20:15+00:00","og_image":[{"width":1500,"height":1500,"url":"https:\/\/induzon.com\/wp-content\/uploads\/2024\/12\/5-5.jpg","type":"image\/jpeg"}],"twitter_card":"summary_large_image","twitter_misc":{"Timp estimat pentru citire":"1 minute"},"schema":{"@context":"https:\/\/schema.org","@graph":[{"@type":"WebPage","@id":"https:\/\/induzon.com\/ro\/produs\/motorul-pompei-de-circulatie-a-masinii-de-spalat-vase-motor-de-spalare-de-inlocuire-pentru-pompa-de-incalzire-cu-recirculare-a-masinii-de-spalat-vase\/","url":"https:\/\/induzon.com\/ro\/produs\/motorul-pompei-de-circulatie-a-masinii-de-spalat-vase-motor-de-spalare-de-inlocuire-pentru-pompa-de-incalzire-cu-recirculare-a-masinii-de-spalat-vase\/","name":"Motor Pomp\u0103 Circula\u021bie Ma\u0219in\u0103 Sp\u0103lat Vase -Induzon","isPartOf":{"@id":"https:\/\/induzon.com\/ro\/#website"},"primaryImageOfPage":{"@id":"https:\/\/induzon.com\/ro\/produs\/motorul-pompei-de-circulatie-a-masinii-de-spalat-vase-motor-de-spalare-de-inlocuire-pentru-pompa-de-incalzire-cu-recirculare-a-masinii-de-spalat-vase\/#primaryimage"},"image":{"@id":"https:\/\/induzon.com\/ro\/produs\/motorul-pompei-de-circulatie-a-masinii-de-spalat-vase-motor-de-spalare-de-inlocuire-pentru-pompa-de-incalzire-cu-recirculare-a-masinii-de-spalat-vase\/#primaryimage"},"thumbnailUrl":"https:\/\/induzon.com\/wp-content\/uploads\/2024\/12\/5-5.jpg","datePublished":"2024-12-31T07:14:30+00:00","dateModified":"2026-01-13T02:20:15+00:00","description":"Servicii de \u00eenlocuire motor ma\u0219in\u0103 de sp\u0103lat vase \u0219i pomp\u0103 de circula\u021bie. G\u0103si\u021bi motor de circula\u021bie \u0219i pompa de recirculare potrivit\u0103 modelului.","breadcrumb":{"@id":"https:\/\/induzon.com\/ro\/produs\/motorul-pompei-de-circulatie-a-masinii-de-spalat-vase-motor-de-spalare-de-inlocuire-pentru-pompa-de-incalzire-cu-recirculare-a-masinii-de-spalat-vase\/#breadcrumb"},"inLanguage":"ro-RO","potentialAction":[{"@type":"ReadAction","target":["https:\/\/induzon.com\/ro\/produs\/motorul-pompei-de-circulatie-a-masinii-de-spalat-vase-motor-de-spalare-de-inlocuire-pentru-pompa-de-incalzire-cu-recirculare-a-masinii-de-spalat-vase\/"]}]},{"@type":"ImageObject","inLanguage":"ro-RO","@id":"https:\/\/induzon.com\/ro\/produs\/motorul-pompei-de-circulatie-a-masinii-de-spalat-vase-motor-de-spalare-de-inlocuire-pentru-pompa-de-incalzire-cu-recirculare-a-masinii-de-spalat-vase\/#primaryimage","url":"https:\/\/induzon.com\/wp-content\/uploads\/2024\/12\/5-5.jpg","contentUrl":"https:\/\/induzon.com\/wp-content\/uploads\/2024\/12\/5-5.jpg","width":1500,"height":1500,"caption":"Motor Pomp\u0103 Circula\u021bie Ma\u0219in\u0103 Sp\u0103lat Vase"},{"@type":"BreadcrumbList","@id":"https:\/\/induzon.com\/ro\/produs\/motorul-pompei-de-circulatie-a-masinii-de-spalat-vase-motor-de-spalare-de-inlocuire-pentru-pompa-de-incalzire-cu-recirculare-a-masinii-de-spalat-vase\/#breadcrumb","itemListElement":[{"@type":"ListItem","position":1,"name":"\u9996\u9875","item":"https:\/\/induzon.com\/ro\/acasa\/"},{"@type":"ListItem","position":2,"name":"Magazin","item":"https:\/\/induzon.com\/ro\/magazin\/"},{"@type":"ListItem","position":3,"name":"Motorul pompei de circula\u021bie a ma\u0219inii de sp\u0103lat vase motor de sp\u0103lare de \u00eenlocuire pentru pompa de \u00eenc\u0103lzire cu recirculare a ma\u0219inii de sp\u0103lat vase"}]},{"@type":"WebSite","@id":"https:\/\/induzon.com\/ro\/#website","url":"https:\/\/induzon.com\/ro\/","name":"induzon","description":"","publisher":{"@id":"https:\/\/induzon.com\/ro\/#organization"},"potentialAction":[{"@type":"SearchAction","target":{"@type":"EntryPoint","urlTemplate":"https:\/\/induzon.com\/ro\/?s={search_term_string}"},"query-input":{"@type":"PropertyValueSpecification","valueRequired":true,"valueName":"search_term_string"}}],"inLanguage":"ro-RO"},{"@type":"Organization","@id":"https:\/\/induzon.com\/ro\/#organization","name":"induzon","url":"https:\/\/induzon.com\/ro\/","logo":{"@type":"ImageObject","inLanguage":"ro-RO","@id":"https:\/\/induzon.com\/ro\/#\/schema\/logo\/image\/","url":"https:\/\/induzon.com\/wp-content\/uploads\/2025\/05\/cropped-026.png","contentUrl":"https:\/\/induzon.com\/wp-content\/uploads\/2025\/05\/cropped-026.png","width":512,"height":512,"caption":"induzon"},"image":{"@id":"https:\/\/induzon.com\/ro\/#\/schema\/logo\/image\/"}}]}},"_links":{"self":[{"href":"https:\/\/induzon.com\/ro\/wp-json\/wp\/v2\/product\/5622","targetHints":{"allow":["GET"]}}],"collection":[{"href":"https:\/\/induzon.com\/ro\/wp-json\/wp\/v2\/product"}],"about":[{"href":"https:\/\/induzon.com\/ro\/wp-json\/wp\/v2\/types\/product"}],"replies":[{"embeddable":true,"href":"https:\/\/induzon.com\/ro\/wp-json\/wp\/v2\/comments?post=5622"}],"version-history":[{"count":1,"href":"https:\/\/induzon.com\/ro\/wp-json\/wp\/v2\/product\/5622\/revisions"}],"predecessor-version":[{"id":28165,"href":"https:\/\/induzon.com\/ro\/wp-json\/wp\/v2\/product\/5622\/revisions\/28165"}],"wp:featuredmedia":[{"embeddable":true,"href":"https:\/\/induzon.com\/ro\/wp-json\/wp\/v2\/media\/5624"}],"wp:attachment":[{"href":"https:\/\/induzon.com\/ro\/wp-json\/wp\/v2\/media?parent=5622"}],"wp:term":[{"taxonomy":"product_brand","embeddable":true,"href":"https:\/\/induzon.com\/ro\/wp-json\/wp\/v2\/product_brand?post=5622"},{"taxonomy":"product_cat","embeddable":true,"href":"https:\/\/induzon.com\/ro\/wp-json\/wp\/v2\/product_cat?post=5622"},{"taxonomy":"product_tag","embeddable":true,"href":"https:\/\/induzon.com\/ro\/wp-json\/wp\/v2\/product_tag?post=5622"}],"curies":[{"name":"wp","href":"https:\/\/api.w.org\/{rel}","templated":true}]}}