{"id":6418,"date":"2025-04-25T14:16:00","date_gmt":"2025-04-25T06:16:00","guid":{"rendered":"https:\/\/induzon.com\/shop\/aspirator-industrial-750w-pentru-praf-de-lemn-colector-de-praf-portabil-cu-sac-colectare-filtru-sistem-aspirare-praf-pentru-rumegus-si-taiere-lemn-polizor-unghiular-si-suflanta-aer-horizontal\/"},"modified":"2026-01-12T13:44:56","modified_gmt":"2026-01-12T05:44:56","slug":"aspirator-industrial-750w-pentru-praf-de-lemn-colector-de-praf-portabil-cu-sac-colectare-filtru-sistem-aspirare-praf-pentru-rumegus-si-taiere-lemn-polizor-unghiular-si-suflanta-aer-horizontal","status":"publish","type":"product","link":"https:\/\/induzon.com\/ro\/produs\/aspirator-industrial-750w-pentru-praf-de-lemn-colector-de-praf-portabil-cu-sac-colectare-filtru-sistem-aspirare-praf-pentru-rumegus-si-taiere-lemn-polizor-unghiular-si-suflanta-aer-horizontal\/","title":{"rendered":"aspirator industrial 750W pentru praf de lemn, colector de praf portabil cu sac colectare filtru, sistem aspirare praf pentru rumegus si taiere lemn, polizor unghiular si suflanta aer horizontal"},"content":{"rendered":"<p>1.Portable Dust Collector: Compact design ideal for woodworking shops, featuring a powerful fan for efficient dust extraction.<br \/>\n2.Echipat cu sac de colectare \u0219i conduct\u0103 flexibil\u0103 pentru aspirare eficient\u0103 a particulelor fine.<br \/>\n3.Design compact \u0219i u\u0219or, perfect pentru atelierele mici sau utilizare acas\u0103.<br \/>\n4.Compatibil cu fer\u0103straie circulare, asigur\u00e2nd un mediu de lucru curat \u0219i f\u0103r\u0103 praf.<br \/>\n5.Performan\u021b\u0103 ridicat\u0103 de aspirare, ideal pentru proiecte de dulgherie \u0219i t\u00e2mpl\u0103rie.<\/p>\n","protected":false},"excerpt":{"rendered":"<p>1.Portable Dust Collector: Compact design ideal for woodworking shops, featuring a powerful fan for efficient dust extraction. 2.Echipat cu sac [&hellip;]<\/p>\n","protected":false},"featured_media":6293,"comment_status":"open","ping_status":"closed","template":"","meta":{"site-sidebar-layout":"default","site-content-layout":"","ast-site-content-layout":"default","site-content-style":"default","site-sidebar-style":"default","ast-global-header-display":"","ast-banner-title-visibility":"","ast-main-header-display":"","ast-hfb-above-header-display":"","ast-hfb-below-header-display":"","ast-hfb-mobile-header-display":"","site-post-title":"","ast-breadcrumbs-content":"","ast-featured-img":"","footer-sml-layout":"","theme-transparent-header-meta":"default","adv-header-id-meta":"","stick-header-meta":"","header-above-stick-meta":"","header-main-stick-meta":"","header-below-stick-meta":"","astra-migrate-meta-layouts":"set","ast-page-background-enabled":"default","ast-page-background-meta":{"desktop":{"background-color":"var(--ast-global-color-4)","background-image":"","background-repeat":"repeat","background-position":"center center","background-size":"auto","background-attachment":"scroll","background-type":"","background-media":"","overlay-type":"","overlay-color":"","overlay-opacity":"","overlay-gradient":""},"tablet":{"background-color":"","background-image":"","background-repeat":"repeat","background-position":"center center","background-size":"auto","background-attachment":"scroll","background-type":"","background-media":"","overlay-type":"","overlay-color":"","overlay-opacity":"","overlay-gradient":""},"mobile":{"background-color":"","background-image":"","background-repeat":"repeat","background-position":"center center","background-size":"auto","background-attachment":"scroll","background-type":"","background-media":"","overlay-type":"","overlay-color":"","overlay-opacity":"","overlay-gradient":""}},"ast-content-background-meta":{"desktop":{"background-color":"var(--ast-global-color-5)","background-image":"","background-repeat":"repeat","background-position":"center center","background-size":"auto","background-attachment":"scroll","background-type":"","background-media":"","overlay-type":"","overlay-color":"","overlay-opacity":"","overlay-gradient":""},"tablet":{"background-color":"var(--ast-global-color-5)","background-image":"","background-repeat":"repeat","background-position":"center center","background-size":"auto","background-attachment":"scroll","background-type":"","background-media":"","overlay-type":"","overlay-color":"","overlay-opacity":"","overlay-gradient":""},"mobile":{"background-color":"var(--ast-global-color-5)","background-image":"","background-repeat":"repeat","background-position":"center center","background-size":"auto","background-attachment":"scroll","background-type":"","background-media":"","overlay-type":"","overlay-color":"","overlay-opacity":"","overlay-gradient":""}}},"product_brand":[],"product_cat":[772,771,769,770],"product_tag":[773],"class_list":{"0":"post-6418","1":"product","2":"type-product","3":"status-publish","4":"has-post-thumbnail","6":"product_cat-aspirator-industrial","7":"product_cat-curatenie-la-domiciliu","8":"product_cat-instrumente-hardware","9":"product_cat-unelte-pentru-prelucrarea-lemnului","10":"product_tag-colectarea-prafului","11":"desktop-align-left","12":"tablet-align-left","13":"mobile-align-left","15":"first","16":"instock","17":"sale","18":"shipping-taxable","19":"purchasable","20":"product-type-simple"},"yoast_head":"<!-- This site is optimized with the Yoast SEO plugin v24.9 - https:\/\/yoast.com\/wordpress\/plugins\/seo\/ -->\r\n<title>aspirator industrial 750W pentru praf de lemn -Induzon<\/title>\r\n<meta name=\"description\" content=\"Aspiratoare industriale pentru praf de lemn, colectoare de rumegu\u0219 \u0219i dispozitive de protec\u021bie. Ideal pentru t\u0103iere \u0219i cur\u0103\u021benie \u00een construc\u021bii.\" \/>\r\n<meta name=\"robots\" content=\"index, follow, max-snippet:-1, max-image-preview:large, max-video-preview:-1\" \/>\r\n<link rel=\"canonical\" href=\"https:\/\/induzon.com\/ro\/produs\/aspirator-industrial-750w-pentru-praf-de-lemn-colector-de-praf-portabil-cu-sac-colectare-filtru-sistem-aspirare-praf-pentru-rumegus-si-taiere-lemn-polizor-unghiular-si-suflanta-aer-horizontal\/\" \/>\r\n<meta property=\"og:locale\" content=\"ro_RO\" \/>\r\n<meta property=\"og:type\" content=\"article\" \/>\r\n<meta property=\"og:title\" content=\"aspirator industrial 750W pentru praf de lemn -Induzon\" \/>\r\n<meta property=\"og:description\" content=\"Aspiratoare industriale pentru praf de lemn, colectoare de rumegu\u0219 \u0219i dispozitive de protec\u021bie. Ideal pentru t\u0103iere \u0219i cur\u0103\u021benie \u00een construc\u021bii.\" \/>\r\n<meta property=\"og:url\" content=\"https:\/\/induzon.com\/ro\/produs\/aspirator-industrial-750w-pentru-praf-de-lemn-colector-de-praf-portabil-cu-sac-colectare-filtru-sistem-aspirare-praf-pentru-rumegus-si-taiere-lemn-polizor-unghiular-si-suflanta-aer-horizontal\/\" \/>\r\n<meta property=\"og:site_name\" content=\"induzon\" \/>\r\n<meta property=\"article:modified_time\" content=\"2026-01-12T05:44:56+00:00\" \/>\r\n<meta property=\"og:image\" content=\"https:\/\/induzon.com\/wp-content\/uploads\/2025\/04\/\u56fe-1.jpg\" \/>\r\n\t<meta property=\"og:image:width\" content=\"1500\" \/>\r\n\t<meta property=\"og:image:height\" content=\"1500\" \/>\r\n\t<meta property=\"og:image:type\" content=\"image\/jpeg\" \/>\r\n<meta name=\"twitter:card\" content=\"summary_large_image\" \/>\r\n<meta name=\"twitter:label1\" content=\"Timp estimat pentru citire\" \/>\n\t<meta name=\"twitter:data1\" content=\"1 minute\" \/>\r\n<script type=\"application\/ld+json\" class=\"yoast-schema-graph\">{\"@context\":\"https:\/\/schema.org\",\"@graph\":[{\"@type\":\"WebPage\",\"@id\":\"https:\/\/induzon.com\/ro\/produs\/aspirator-industrial-750w-pentru-praf-de-lemn-colector-de-praf-portabil-cu-sac-colectare-filtru-sistem-aspirare-praf-pentru-rumegus-si-taiere-lemn-polizor-unghiular-si-suflanta-aer-horizontal\/\",\"url\":\"https:\/\/induzon.com\/ro\/produs\/aspirator-industrial-750w-pentru-praf-de-lemn-colector-de-praf-portabil-cu-sac-colectare-filtru-sistem-aspirare-praf-pentru-rumegus-si-taiere-lemn-polizor-unghiular-si-suflanta-aer-horizontal\/\",\"name\":\"aspirator industrial 750W pentru praf de lemn -Induzon\",\"isPartOf\":{\"@id\":\"https:\/\/induzon.com\/ro\/#website\"},\"primaryImageOfPage\":{\"@id\":\"https:\/\/induzon.com\/ro\/produs\/aspirator-industrial-750w-pentru-praf-de-lemn-colector-de-praf-portabil-cu-sac-colectare-filtru-sistem-aspirare-praf-pentru-rumegus-si-taiere-lemn-polizor-unghiular-si-suflanta-aer-horizontal\/#primaryimage\"},\"image\":{\"@id\":\"https:\/\/induzon.com\/ro\/produs\/aspirator-industrial-750w-pentru-praf-de-lemn-colector-de-praf-portabil-cu-sac-colectare-filtru-sistem-aspirare-praf-pentru-rumegus-si-taiere-lemn-polizor-unghiular-si-suflanta-aer-horizontal\/#primaryimage\"},\"thumbnailUrl\":\"https:\/\/induzon.com\/wp-content\/uploads\/2025\/04\/\u56fe-1.jpg\",\"datePublished\":\"2025-04-25T06:16:00+00:00\",\"dateModified\":\"2026-01-12T05:44:56+00:00\",\"description\":\"Aspiratoare industriale pentru praf de lemn, colectoare de rumegu\u0219 \u0219i dispozitive de protec\u021bie. Ideal pentru t\u0103iere \u0219i cur\u0103\u021benie \u00een construc\u021bii.\",\"breadcrumb\":{\"@id\":\"https:\/\/induzon.com\/ro\/produs\/aspirator-industrial-750w-pentru-praf-de-lemn-colector-de-praf-portabil-cu-sac-colectare-filtru-sistem-aspirare-praf-pentru-rumegus-si-taiere-lemn-polizor-unghiular-si-suflanta-aer-horizontal\/#breadcrumb\"},\"inLanguage\":\"ro-RO\",\"potentialAction\":[{\"@type\":\"ReadAction\",\"target\":[\"https:\/\/induzon.com\/ro\/produs\/aspirator-industrial-750w-pentru-praf-de-lemn-colector-de-praf-portabil-cu-sac-colectare-filtru-sistem-aspirare-praf-pentru-rumegus-si-taiere-lemn-polizor-unghiular-si-suflanta-aer-horizontal\/\"]}]},{\"@type\":\"ImageObject\",\"inLanguage\":\"ro-RO\",\"@id\":\"https:\/\/induzon.com\/ro\/produs\/aspirator-industrial-750w-pentru-praf-de-lemn-colector-de-praf-portabil-cu-sac-colectare-filtru-sistem-aspirare-praf-pentru-rumegus-si-taiere-lemn-polizor-unghiular-si-suflanta-aer-horizontal\/#primaryimage\",\"url\":\"https:\/\/induzon.com\/wp-content\/uploads\/2025\/04\/\u56fe-1.jpg\",\"contentUrl\":\"https:\/\/induzon.com\/wp-content\/uploads\/2025\/04\/\u56fe-1.jpg\",\"width\":1500,\"height\":1500,\"caption\":\"aspirator industrial 750W pentru praf de lemn\"},{\"@type\":\"BreadcrumbList\",\"@id\":\"https:\/\/induzon.com\/ro\/produs\/aspirator-industrial-750w-pentru-praf-de-lemn-colector-de-praf-portabil-cu-sac-colectare-filtru-sistem-aspirare-praf-pentru-rumegus-si-taiere-lemn-polizor-unghiular-si-suflanta-aer-horizontal\/#breadcrumb\",\"itemListElement\":[{\"@type\":\"ListItem\",\"position\":1,\"name\":\"\u9996\u9875\",\"item\":\"https:\/\/induzon.com\/ro\/acasa\/\"},{\"@type\":\"ListItem\",\"position\":2,\"name\":\"Magazin\",\"item\":\"https:\/\/induzon.com\/ro\/magazin\/\"},{\"@type\":\"ListItem\",\"position\":3,\"name\":\"aspirator industrial 750W pentru praf de lemn, colector de praf portabil cu sac colectare filtru, sistem aspirare praf pentru rumegus si taiere lemn, polizor unghiular si suflanta aer horizontal\"}]},{\"@type\":\"WebSite\",\"@id\":\"https:\/\/induzon.com\/ro\/#website\",\"url\":\"https:\/\/induzon.com\/ro\/\",\"name\":\"induzon\",\"description\":\"\",\"publisher\":{\"@id\":\"https:\/\/induzon.com\/ro\/#organization\"},\"potentialAction\":[{\"@type\":\"SearchAction\",\"target\":{\"@type\":\"EntryPoint\",\"urlTemplate\":\"https:\/\/induzon.com\/ro\/?s={search_term_string}\"},\"query-input\":{\"@type\":\"PropertyValueSpecification\",\"valueRequired\":true,\"valueName\":\"search_term_string\"}}],\"inLanguage\":\"ro-RO\"},{\"@type\":\"Organization\",\"@id\":\"https:\/\/induzon.com\/ro\/#organization\",\"name\":\"induzon\",\"url\":\"https:\/\/induzon.com\/ro\/\",\"logo\":{\"@type\":\"ImageObject\",\"inLanguage\":\"ro-RO\",\"@id\":\"https:\/\/induzon.com\/ro\/#\/schema\/logo\/image\/\",\"url\":\"https:\/\/induzon.com\/wp-content\/uploads\/2025\/05\/cropped-026.png\",\"contentUrl\":\"https:\/\/induzon.com\/wp-content\/uploads\/2025\/05\/cropped-026.png\",\"width\":512,\"height\":512,\"caption\":\"induzon\"},\"image\":{\"@id\":\"https:\/\/induzon.com\/ro\/#\/schema\/logo\/image\/\"}}]}<\/script>\r\n<!-- \/ Yoast SEO plugin. -->","yoast_head_json":{"title":"aspirator industrial 750W pentru praf de lemn -Induzon","description":"Aspiratoare industriale pentru praf de lemn, colectoare de rumegu\u0219 \u0219i dispozitive de protec\u021bie. Ideal pentru t\u0103iere \u0219i cur\u0103\u021benie \u00een construc\u021bii.","robots":{"index":"index","follow":"follow","max-snippet":"max-snippet:-1","max-image-preview":"max-image-preview:large","max-video-preview":"max-video-preview:-1"},"canonical":"https:\/\/induzon.com\/ro\/produs\/aspirator-industrial-750w-pentru-praf-de-lemn-colector-de-praf-portabil-cu-sac-colectare-filtru-sistem-aspirare-praf-pentru-rumegus-si-taiere-lemn-polizor-unghiular-si-suflanta-aer-horizontal\/","og_locale":"ro_RO","og_type":"article","og_title":"aspirator industrial 750W pentru praf de lemn -Induzon","og_description":"Aspiratoare industriale pentru praf de lemn, colectoare de rumegu\u0219 \u0219i dispozitive de protec\u021bie. Ideal pentru t\u0103iere \u0219i cur\u0103\u021benie \u00een construc\u021bii.","og_url":"https:\/\/induzon.com\/ro\/produs\/aspirator-industrial-750w-pentru-praf-de-lemn-colector-de-praf-portabil-cu-sac-colectare-filtru-sistem-aspirare-praf-pentru-rumegus-si-taiere-lemn-polizor-unghiular-si-suflanta-aer-horizontal\/","og_site_name":"induzon","article_modified_time":"2026-01-12T05:44:56+00:00","og_image":[{"width":1500,"height":1500,"url":"https:\/\/induzon.com\/wp-content\/uploads\/2025\/04\/\u56fe-1.jpg","type":"image\/jpeg"}],"twitter_card":"summary_large_image","twitter_misc":{"Timp estimat pentru citire":"1 minute"},"schema":{"@context":"https:\/\/schema.org","@graph":[{"@type":"WebPage","@id":"https:\/\/induzon.com\/ro\/produs\/aspirator-industrial-750w-pentru-praf-de-lemn-colector-de-praf-portabil-cu-sac-colectare-filtru-sistem-aspirare-praf-pentru-rumegus-si-taiere-lemn-polizor-unghiular-si-suflanta-aer-horizontal\/","url":"https:\/\/induzon.com\/ro\/produs\/aspirator-industrial-750w-pentru-praf-de-lemn-colector-de-praf-portabil-cu-sac-colectare-filtru-sistem-aspirare-praf-pentru-rumegus-si-taiere-lemn-polizor-unghiular-si-suflanta-aer-horizontal\/","name":"aspirator industrial 750W pentru praf de lemn -Induzon","isPartOf":{"@id":"https:\/\/induzon.com\/ro\/#website"},"primaryImageOfPage":{"@id":"https:\/\/induzon.com\/ro\/produs\/aspirator-industrial-750w-pentru-praf-de-lemn-colector-de-praf-portabil-cu-sac-colectare-filtru-sistem-aspirare-praf-pentru-rumegus-si-taiere-lemn-polizor-unghiular-si-suflanta-aer-horizontal\/#primaryimage"},"image":{"@id":"https:\/\/induzon.com\/ro\/produs\/aspirator-industrial-750w-pentru-praf-de-lemn-colector-de-praf-portabil-cu-sac-colectare-filtru-sistem-aspirare-praf-pentru-rumegus-si-taiere-lemn-polizor-unghiular-si-suflanta-aer-horizontal\/#primaryimage"},"thumbnailUrl":"https:\/\/induzon.com\/wp-content\/uploads\/2025\/04\/\u56fe-1.jpg","datePublished":"2025-04-25T06:16:00+00:00","dateModified":"2026-01-12T05:44:56+00:00","description":"Aspiratoare industriale pentru praf de lemn, colectoare de rumegu\u0219 \u0219i dispozitive de protec\u021bie. Ideal pentru t\u0103iere \u0219i cur\u0103\u021benie \u00een construc\u021bii.","breadcrumb":{"@id":"https:\/\/induzon.com\/ro\/produs\/aspirator-industrial-750w-pentru-praf-de-lemn-colector-de-praf-portabil-cu-sac-colectare-filtru-sistem-aspirare-praf-pentru-rumegus-si-taiere-lemn-polizor-unghiular-si-suflanta-aer-horizontal\/#breadcrumb"},"inLanguage":"ro-RO","potentialAction":[{"@type":"ReadAction","target":["https:\/\/induzon.com\/ro\/produs\/aspirator-industrial-750w-pentru-praf-de-lemn-colector-de-praf-portabil-cu-sac-colectare-filtru-sistem-aspirare-praf-pentru-rumegus-si-taiere-lemn-polizor-unghiular-si-suflanta-aer-horizontal\/"]}]},{"@type":"ImageObject","inLanguage":"ro-RO","@id":"https:\/\/induzon.com\/ro\/produs\/aspirator-industrial-750w-pentru-praf-de-lemn-colector-de-praf-portabil-cu-sac-colectare-filtru-sistem-aspirare-praf-pentru-rumegus-si-taiere-lemn-polizor-unghiular-si-suflanta-aer-horizontal\/#primaryimage","url":"https:\/\/induzon.com\/wp-content\/uploads\/2025\/04\/\u56fe-1.jpg","contentUrl":"https:\/\/induzon.com\/wp-content\/uploads\/2025\/04\/\u56fe-1.jpg","width":1500,"height":1500,"caption":"aspirator industrial 750W pentru praf de lemn"},{"@type":"BreadcrumbList","@id":"https:\/\/induzon.com\/ro\/produs\/aspirator-industrial-750w-pentru-praf-de-lemn-colector-de-praf-portabil-cu-sac-colectare-filtru-sistem-aspirare-praf-pentru-rumegus-si-taiere-lemn-polizor-unghiular-si-suflanta-aer-horizontal\/#breadcrumb","itemListElement":[{"@type":"ListItem","position":1,"name":"\u9996\u9875","item":"https:\/\/induzon.com\/ro\/acasa\/"},{"@type":"ListItem","position":2,"name":"Magazin","item":"https:\/\/induzon.com\/ro\/magazin\/"},{"@type":"ListItem","position":3,"name":"aspirator industrial 750W pentru praf de lemn, colector de praf portabil cu sac colectare filtru, sistem aspirare praf pentru rumegus si taiere lemn, polizor unghiular si suflanta aer horizontal"}]},{"@type":"WebSite","@id":"https:\/\/induzon.com\/ro\/#website","url":"https:\/\/induzon.com\/ro\/","name":"induzon","description":"","publisher":{"@id":"https:\/\/induzon.com\/ro\/#organization"},"potentialAction":[{"@type":"SearchAction","target":{"@type":"EntryPoint","urlTemplate":"https:\/\/induzon.com\/ro\/?s={search_term_string}"},"query-input":{"@type":"PropertyValueSpecification","valueRequired":true,"valueName":"search_term_string"}}],"inLanguage":"ro-RO"},{"@type":"Organization","@id":"https:\/\/induzon.com\/ro\/#organization","name":"induzon","url":"https:\/\/induzon.com\/ro\/","logo":{"@type":"ImageObject","inLanguage":"ro-RO","@id":"https:\/\/induzon.com\/ro\/#\/schema\/logo\/image\/","url":"https:\/\/induzon.com\/wp-content\/uploads\/2025\/05\/cropped-026.png","contentUrl":"https:\/\/induzon.com\/wp-content\/uploads\/2025\/05\/cropped-026.png","width":512,"height":512,"caption":"induzon"},"image":{"@id":"https:\/\/induzon.com\/ro\/#\/schema\/logo\/image\/"}}]}},"_links":{"self":[{"href":"https:\/\/induzon.com\/ro\/wp-json\/wp\/v2\/product\/6418","targetHints":{"allow":["GET"]}}],"collection":[{"href":"https:\/\/induzon.com\/ro\/wp-json\/wp\/v2\/product"}],"about":[{"href":"https:\/\/induzon.com\/ro\/wp-json\/wp\/v2\/types\/product"}],"replies":[{"embeddable":true,"href":"https:\/\/induzon.com\/ro\/wp-json\/wp\/v2\/comments?post=6418"}],"version-history":[{"count":2,"href":"https:\/\/induzon.com\/ro\/wp-json\/wp\/v2\/product\/6418\/revisions"}],"predecessor-version":[{"id":28164,"href":"https:\/\/induzon.com\/ro\/wp-json\/wp\/v2\/product\/6418\/revisions\/28164"}],"wp:featuredmedia":[{"embeddable":true,"href":"https:\/\/induzon.com\/ro\/wp-json\/wp\/v2\/media\/6293"}],"wp:attachment":[{"href":"https:\/\/induzon.com\/ro\/wp-json\/wp\/v2\/media?parent=6418"}],"wp:term":[{"taxonomy":"product_brand","embeddable":true,"href":"https:\/\/induzon.com\/ro\/wp-json\/wp\/v2\/product_brand?post=6418"},{"taxonomy":"product_cat","embeddable":true,"href":"https:\/\/induzon.com\/ro\/wp-json\/wp\/v2\/product_cat?post=6418"},{"taxonomy":"product_tag","embeddable":true,"href":"https:\/\/induzon.com\/ro\/wp-json\/wp\/v2\/product_tag?post=6418"}],"curies":[{"name":"wp","href":"https:\/\/api.w.org\/{rel}","templated":true}]}}