{"id":7265,"date":"2025-05-07T15:10:47","date_gmt":"2025-05-07T07:10:47","guid":{"rendered":"https:\/\/induzon.com\/shop\/arcuri-interne-de-indoire-a-tevilor-de-cupru-pentru-teava-cupru-aer-conditionat-dispozitiv-de-indoit-tevi-teava-cupru-izolata-pentru-instalatii-de-aer-conditionat-trusa-bercuit-tevi-cupru\/"},"modified":"2026-01-10T11:42:05","modified_gmt":"2026-01-10T03:42:05","slug":"arcuri-interne-de-indoire-a-tevilor-de-cupru-pentru-teava-cupru-aer-conditionat-dispozitiv-de-indoit-tevi-teava-cupru-izolata-pentru-instalatii-de-aer-conditionat-trusa-bercuit-tevi-cupru","status":"publish","type":"product","link":"https:\/\/induzon.com\/ro\/produs\/arcuri-interne-de-indoire-a-tevilor-de-cupru-pentru-teava-cupru-aer-conditionat-dispozitiv-de-indoit-tevi-teava-cupru-izolata-pentru-instalatii-de-aer-conditionat-trusa-bercuit-tevi-cupru\/","title":{"rendered":"arcuri interne de indoire a tevilor de cupru pentru teava cupru aer conditionat dispozitiv de indoit tevi teava cupru izolata pentru instalatii de aer conditionat trusa bercuit tevi cupru"},"content":{"rendered":"<p>1.Resort\u0103 u\u0219or \u0219i rapid tuburi din cupru, PVC sau aluminiu f\u0103r\u0103 a le deteriora.<br \/>\n2.Utilizat pentru \u00eendoirea precis\u0103 a tuburilor de aer condi\u021bionat, hidraulic\u0103 sau \u00eenc\u0103lzire \u00een pardoseal\u0103.<br \/>\n3.Construc\u021bie durabil\u0103 din o\u021bel arc pentru rezisten\u021b\u0103 la uzur\u0103 \u0219i deformare.<br \/>\n4.Design ergonomic pentru manevrabilitate superioar\u0103 \u00een spa\u021bii \u00eenguste.<br \/>\n5.Compatibil cu multiple dimensiuni de tuburi, ideal pentru profesioni\u0219ti \u0219i DIY.<\/p>\n","protected":false},"excerpt":{"rendered":"<p>1.Resort\u0103 u\u0219or \u0219i rapid tuburi din cupru, PVC sau aluminiu f\u0103r\u0103 a le deteriora. 2.Utilizat pentru \u00eendoirea precis\u0103 a tuburilor [&hellip;]<\/p>\n","protected":false},"featured_media":7027,"comment_status":"open","ping_status":"closed","template":"","meta":{"site-sidebar-layout":"default","site-content-layout":"","ast-site-content-layout":"default","site-content-style":"default","site-sidebar-style":"default","ast-global-header-display":"","ast-banner-title-visibility":"","ast-main-header-display":"","ast-hfb-above-header-display":"","ast-hfb-below-header-display":"","ast-hfb-mobile-header-display":"","site-post-title":"","ast-breadcrumbs-content":"","ast-featured-img":"","footer-sml-layout":"","theme-transparent-header-meta":"default","adv-header-id-meta":"","stick-header-meta":"","header-above-stick-meta":"","header-main-stick-meta":"","header-below-stick-meta":"","astra-migrate-meta-layouts":"default","ast-page-background-enabled":"default","ast-page-background-meta":{"desktop":{"background-color":"var(--ast-global-color-4)","background-image":"","background-repeat":"repeat","background-position":"center center","background-size":"auto","background-attachment":"scroll","background-type":"","background-media":"","overlay-type":"","overlay-color":"","overlay-opacity":"","overlay-gradient":""},"tablet":{"background-color":"","background-image":"","background-repeat":"repeat","background-position":"center center","background-size":"auto","background-attachment":"scroll","background-type":"","background-media":"","overlay-type":"","overlay-color":"","overlay-opacity":"","overlay-gradient":""},"mobile":{"background-color":"","background-image":"","background-repeat":"repeat","background-position":"center center","background-size":"auto","background-attachment":"scroll","background-type":"","background-media":"","overlay-type":"","overlay-color":"","overlay-opacity":"","overlay-gradient":""}},"ast-content-background-meta":{"desktop":{"background-color":"var(--ast-global-color-5)","background-image":"","background-repeat":"repeat","background-position":"center center","background-size":"auto","background-attachment":"scroll","background-type":"","background-media":"","overlay-type":"","overlay-color":"","overlay-opacity":"","overlay-gradient":""},"tablet":{"background-color":"var(--ast-global-color-5)","background-image":"","background-repeat":"repeat","background-position":"center center","background-size":"auto","background-attachment":"scroll","background-type":"","background-media":"","overlay-type":"","overlay-color":"","overlay-opacity":"","overlay-gradient":""},"mobile":{"background-color":"var(--ast-global-color-5)","background-image":"","background-repeat":"repeat","background-position":"center center","background-size":"auto","background-attachment":"scroll","background-type":"","background-media":"","overlay-type":"","overlay-color":"","overlay-opacity":"","overlay-gradient":""}}},"product_brand":[],"product_cat":[907,906],"product_tag":[908],"class_list":{"0":"post-7265","1":"product","2":"type-product","3":"status-publish","4":"has-post-thumbnail","6":"product_cat-instrument-de-instalatii-sanitare","7":"product_cat-unelte-si-echipamente","8":"product_tag-instrument-de-instalatii-sanitare","9":"desktop-align-left","10":"tablet-align-left","11":"mobile-align-left","13":"first","14":"instock","15":"sale","16":"featured","17":"shipping-taxable","18":"purchasable","19":"product-type-variable"},"yoast_head":"<!-- This site is optimized with the Yoast SEO plugin v24.9 - https:\/\/yoast.com\/wordpress\/plugins\/seo\/ -->\r\n<title>arcuri interne de indoire tevi cupru pentru aer conditionat -Induzon<\/title>\r\n<meta name=\"description\" content=\"Teava cupru pentru aer conditionat, dispozitiv indoit tevi, presa bercuit conducte. Arcuri interne de indoire tevi cupru.\" \/>\r\n<meta name=\"robots\" content=\"index, follow, max-snippet:-1, max-image-preview:large, max-video-preview:-1\" \/>\r\n<link rel=\"canonical\" href=\"https:\/\/induzon.com\/ro\/produs\/arcuri-interne-de-indoire-a-tevilor-de-cupru-pentru-teava-cupru-aer-conditionat-dispozitiv-de-indoit-tevi-teava-cupru-izolata-pentru-instalatii-de-aer-conditionat-trusa-bercuit-tevi-cupru\/\" \/>\r\n<meta property=\"og:locale\" content=\"ro_RO\" \/>\r\n<meta property=\"og:type\" content=\"article\" \/>\r\n<meta property=\"og:title\" content=\"arcuri interne de indoire tevi cupru pentru aer conditionat -Induzon\" \/>\r\n<meta property=\"og:description\" content=\"Teava cupru pentru aer conditionat, dispozitiv indoit tevi, presa bercuit conducte. Arcuri interne de indoire tevi cupru.\" \/>\r\n<meta property=\"og:url\" content=\"https:\/\/induzon.com\/ro\/produs\/arcuri-interne-de-indoire-a-tevilor-de-cupru-pentru-teava-cupru-aer-conditionat-dispozitiv-de-indoit-tevi-teava-cupru-izolata-pentru-instalatii-de-aer-conditionat-trusa-bercuit-tevi-cupru\/\" \/>\r\n<meta property=\"og:site_name\" content=\"induzon\" \/>\r\n<meta property=\"article:modified_time\" content=\"2026-01-10T03:42:05+00:00\" \/>\r\n<meta property=\"og:image\" content=\"https:\/\/induzon.com\/wp-content\/uploads\/2025\/05\/3.8-1.jpg\" \/>\r\n\t<meta property=\"og:image:width\" content=\"1500\" \/>\r\n\t<meta property=\"og:image:height\" content=\"1500\" \/>\r\n\t<meta property=\"og:image:type\" content=\"image\/jpeg\" \/>\r\n<meta name=\"twitter:card\" content=\"summary_large_image\" \/>\r\n<script type=\"application\/ld+json\" class=\"yoast-schema-graph\">{\"@context\":\"https:\/\/schema.org\",\"@graph\":[{\"@type\":\"WebPage\",\"@id\":\"https:\/\/induzon.com\/ro\/produs\/arcuri-interne-de-indoire-a-tevilor-de-cupru-pentru-teava-cupru-aer-conditionat-dispozitiv-de-indoit-tevi-teava-cupru-izolata-pentru-instalatii-de-aer-conditionat-trusa-bercuit-tevi-cupru\/\",\"url\":\"https:\/\/induzon.com\/ro\/produs\/arcuri-interne-de-indoire-a-tevilor-de-cupru-pentru-teava-cupru-aer-conditionat-dispozitiv-de-indoit-tevi-teava-cupru-izolata-pentru-instalatii-de-aer-conditionat-trusa-bercuit-tevi-cupru\/\",\"name\":\"arcuri interne de indoire tevi cupru pentru aer conditionat -Induzon\",\"isPartOf\":{\"@id\":\"https:\/\/induzon.com\/ro\/#website\"},\"primaryImageOfPage\":{\"@id\":\"https:\/\/induzon.com\/ro\/produs\/arcuri-interne-de-indoire-a-tevilor-de-cupru-pentru-teava-cupru-aer-conditionat-dispozitiv-de-indoit-tevi-teava-cupru-izolata-pentru-instalatii-de-aer-conditionat-trusa-bercuit-tevi-cupru\/#primaryimage\"},\"image\":{\"@id\":\"https:\/\/induzon.com\/ro\/produs\/arcuri-interne-de-indoire-a-tevilor-de-cupru-pentru-teava-cupru-aer-conditionat-dispozitiv-de-indoit-tevi-teava-cupru-izolata-pentru-instalatii-de-aer-conditionat-trusa-bercuit-tevi-cupru\/#primaryimage\"},\"thumbnailUrl\":\"https:\/\/induzon.com\/wp-content\/uploads\/2025\/05\/3.8-1.jpg\",\"datePublished\":\"2025-05-07T07:10:47+00:00\",\"dateModified\":\"2026-01-10T03:42:05+00:00\",\"description\":\"Teava cupru pentru aer conditionat, dispozitiv indoit tevi, presa bercuit conducte. Arcuri interne de indoire tevi cupru.\",\"breadcrumb\":{\"@id\":\"https:\/\/induzon.com\/ro\/produs\/arcuri-interne-de-indoire-a-tevilor-de-cupru-pentru-teava-cupru-aer-conditionat-dispozitiv-de-indoit-tevi-teava-cupru-izolata-pentru-instalatii-de-aer-conditionat-trusa-bercuit-tevi-cupru\/#breadcrumb\"},\"inLanguage\":\"ro-RO\",\"potentialAction\":[{\"@type\":\"ReadAction\",\"target\":[\"https:\/\/induzon.com\/ro\/produs\/arcuri-interne-de-indoire-a-tevilor-de-cupru-pentru-teava-cupru-aer-conditionat-dispozitiv-de-indoit-tevi-teava-cupru-izolata-pentru-instalatii-de-aer-conditionat-trusa-bercuit-tevi-cupru\/\"]}]},{\"@type\":\"ImageObject\",\"inLanguage\":\"ro-RO\",\"@id\":\"https:\/\/induzon.com\/ro\/produs\/arcuri-interne-de-indoire-a-tevilor-de-cupru-pentru-teava-cupru-aer-conditionat-dispozitiv-de-indoit-tevi-teava-cupru-izolata-pentru-instalatii-de-aer-conditionat-trusa-bercuit-tevi-cupru\/#primaryimage\",\"url\":\"https:\/\/induzon.com\/wp-content\/uploads\/2025\/05\/3.8-1.jpg\",\"contentUrl\":\"https:\/\/induzon.com\/wp-content\/uploads\/2025\/05\/3.8-1.jpg\",\"width\":1500,\"height\":1500,\"caption\":\"Teava cupru pentru aer conditionat, dispozitiv indoit tevi, presa bercuit conducte. Arcuri interne de indoire tevi cupru.\"},{\"@type\":\"BreadcrumbList\",\"@id\":\"https:\/\/induzon.com\/ro\/produs\/arcuri-interne-de-indoire-a-tevilor-de-cupru-pentru-teava-cupru-aer-conditionat-dispozitiv-de-indoit-tevi-teava-cupru-izolata-pentru-instalatii-de-aer-conditionat-trusa-bercuit-tevi-cupru\/#breadcrumb\",\"itemListElement\":[{\"@type\":\"ListItem\",\"position\":1,\"name\":\"\u9996\u9875\",\"item\":\"https:\/\/induzon.com\/ro\/acasa\/\"},{\"@type\":\"ListItem\",\"position\":2,\"name\":\"Magazin\",\"item\":\"https:\/\/induzon.com\/ro\/magazin\/\"},{\"@type\":\"ListItem\",\"position\":3,\"name\":\"arcuri interne de indoire a tevilor de cupru pentru teava cupru aer conditionat dispozitiv de indoit tevi teava cupru izolata pentru instalatii de aer conditionat trusa bercuit tevi cupru\"}]},{\"@type\":\"WebSite\",\"@id\":\"https:\/\/induzon.com\/ro\/#website\",\"url\":\"https:\/\/induzon.com\/ro\/\",\"name\":\"induzon\",\"description\":\"\",\"publisher\":{\"@id\":\"https:\/\/induzon.com\/ro\/#organization\"},\"potentialAction\":[{\"@type\":\"SearchAction\",\"target\":{\"@type\":\"EntryPoint\",\"urlTemplate\":\"https:\/\/induzon.com\/ro\/?s={search_term_string}\"},\"query-input\":{\"@type\":\"PropertyValueSpecification\",\"valueRequired\":true,\"valueName\":\"search_term_string\"}}],\"inLanguage\":\"ro-RO\"},{\"@type\":\"Organization\",\"@id\":\"https:\/\/induzon.com\/ro\/#organization\",\"name\":\"induzon\",\"url\":\"https:\/\/induzon.com\/ro\/\",\"logo\":{\"@type\":\"ImageObject\",\"inLanguage\":\"ro-RO\",\"@id\":\"https:\/\/induzon.com\/ro\/#\/schema\/logo\/image\/\",\"url\":\"https:\/\/induzon.com\/wp-content\/uploads\/2025\/05\/cropped-026.png\",\"contentUrl\":\"https:\/\/induzon.com\/wp-content\/uploads\/2025\/05\/cropped-026.png\",\"width\":512,\"height\":512,\"caption\":\"induzon\"},\"image\":{\"@id\":\"https:\/\/induzon.com\/ro\/#\/schema\/logo\/image\/\"}}]}<\/script>\r\n<!-- \/ Yoast SEO plugin. -->","yoast_head_json":{"title":"arcuri interne de indoire tevi cupru pentru aer conditionat -Induzon","description":"Teava cupru pentru aer conditionat, dispozitiv indoit tevi, presa bercuit conducte. Arcuri interne de indoire tevi cupru.","robots":{"index":"index","follow":"follow","max-snippet":"max-snippet:-1","max-image-preview":"max-image-preview:large","max-video-preview":"max-video-preview:-1"},"canonical":"https:\/\/induzon.com\/ro\/produs\/arcuri-interne-de-indoire-a-tevilor-de-cupru-pentru-teava-cupru-aer-conditionat-dispozitiv-de-indoit-tevi-teava-cupru-izolata-pentru-instalatii-de-aer-conditionat-trusa-bercuit-tevi-cupru\/","og_locale":"ro_RO","og_type":"article","og_title":"arcuri interne de indoire tevi cupru pentru aer conditionat -Induzon","og_description":"Teava cupru pentru aer conditionat, dispozitiv indoit tevi, presa bercuit conducte. Arcuri interne de indoire tevi cupru.","og_url":"https:\/\/induzon.com\/ro\/produs\/arcuri-interne-de-indoire-a-tevilor-de-cupru-pentru-teava-cupru-aer-conditionat-dispozitiv-de-indoit-tevi-teava-cupru-izolata-pentru-instalatii-de-aer-conditionat-trusa-bercuit-tevi-cupru\/","og_site_name":"induzon","article_modified_time":"2026-01-10T03:42:05+00:00","og_image":[{"width":1500,"height":1500,"url":"https:\/\/induzon.com\/wp-content\/uploads\/2025\/05\/3.8-1.jpg","type":"image\/jpeg"}],"twitter_card":"summary_large_image","schema":{"@context":"https:\/\/schema.org","@graph":[{"@type":"WebPage","@id":"https:\/\/induzon.com\/ro\/produs\/arcuri-interne-de-indoire-a-tevilor-de-cupru-pentru-teava-cupru-aer-conditionat-dispozitiv-de-indoit-tevi-teava-cupru-izolata-pentru-instalatii-de-aer-conditionat-trusa-bercuit-tevi-cupru\/","url":"https:\/\/induzon.com\/ro\/produs\/arcuri-interne-de-indoire-a-tevilor-de-cupru-pentru-teava-cupru-aer-conditionat-dispozitiv-de-indoit-tevi-teava-cupru-izolata-pentru-instalatii-de-aer-conditionat-trusa-bercuit-tevi-cupru\/","name":"arcuri interne de indoire tevi cupru pentru aer conditionat -Induzon","isPartOf":{"@id":"https:\/\/induzon.com\/ro\/#website"},"primaryImageOfPage":{"@id":"https:\/\/induzon.com\/ro\/produs\/arcuri-interne-de-indoire-a-tevilor-de-cupru-pentru-teava-cupru-aer-conditionat-dispozitiv-de-indoit-tevi-teava-cupru-izolata-pentru-instalatii-de-aer-conditionat-trusa-bercuit-tevi-cupru\/#primaryimage"},"image":{"@id":"https:\/\/induzon.com\/ro\/produs\/arcuri-interne-de-indoire-a-tevilor-de-cupru-pentru-teava-cupru-aer-conditionat-dispozitiv-de-indoit-tevi-teava-cupru-izolata-pentru-instalatii-de-aer-conditionat-trusa-bercuit-tevi-cupru\/#primaryimage"},"thumbnailUrl":"https:\/\/induzon.com\/wp-content\/uploads\/2025\/05\/3.8-1.jpg","datePublished":"2025-05-07T07:10:47+00:00","dateModified":"2026-01-10T03:42:05+00:00","description":"Teava cupru pentru aer conditionat, dispozitiv indoit tevi, presa bercuit conducte. Arcuri interne de indoire tevi cupru.","breadcrumb":{"@id":"https:\/\/induzon.com\/ro\/produs\/arcuri-interne-de-indoire-a-tevilor-de-cupru-pentru-teava-cupru-aer-conditionat-dispozitiv-de-indoit-tevi-teava-cupru-izolata-pentru-instalatii-de-aer-conditionat-trusa-bercuit-tevi-cupru\/#breadcrumb"},"inLanguage":"ro-RO","potentialAction":[{"@type":"ReadAction","target":["https:\/\/induzon.com\/ro\/produs\/arcuri-interne-de-indoire-a-tevilor-de-cupru-pentru-teava-cupru-aer-conditionat-dispozitiv-de-indoit-tevi-teava-cupru-izolata-pentru-instalatii-de-aer-conditionat-trusa-bercuit-tevi-cupru\/"]}]},{"@type":"ImageObject","inLanguage":"ro-RO","@id":"https:\/\/induzon.com\/ro\/produs\/arcuri-interne-de-indoire-a-tevilor-de-cupru-pentru-teava-cupru-aer-conditionat-dispozitiv-de-indoit-tevi-teava-cupru-izolata-pentru-instalatii-de-aer-conditionat-trusa-bercuit-tevi-cupru\/#primaryimage","url":"https:\/\/induzon.com\/wp-content\/uploads\/2025\/05\/3.8-1.jpg","contentUrl":"https:\/\/induzon.com\/wp-content\/uploads\/2025\/05\/3.8-1.jpg","width":1500,"height":1500,"caption":"Teava cupru pentru aer conditionat, dispozitiv indoit tevi, presa bercuit conducte. Arcuri interne de indoire tevi cupru."},{"@type":"BreadcrumbList","@id":"https:\/\/induzon.com\/ro\/produs\/arcuri-interne-de-indoire-a-tevilor-de-cupru-pentru-teava-cupru-aer-conditionat-dispozitiv-de-indoit-tevi-teava-cupru-izolata-pentru-instalatii-de-aer-conditionat-trusa-bercuit-tevi-cupru\/#breadcrumb","itemListElement":[{"@type":"ListItem","position":1,"name":"\u9996\u9875","item":"https:\/\/induzon.com\/ro\/acasa\/"},{"@type":"ListItem","position":2,"name":"Magazin","item":"https:\/\/induzon.com\/ro\/magazin\/"},{"@type":"ListItem","position":3,"name":"arcuri interne de indoire a tevilor de cupru pentru teava cupru aer conditionat dispozitiv de indoit tevi teava cupru izolata pentru instalatii de aer conditionat trusa bercuit tevi cupru"}]},{"@type":"WebSite","@id":"https:\/\/induzon.com\/ro\/#website","url":"https:\/\/induzon.com\/ro\/","name":"induzon","description":"","publisher":{"@id":"https:\/\/induzon.com\/ro\/#organization"},"potentialAction":[{"@type":"SearchAction","target":{"@type":"EntryPoint","urlTemplate":"https:\/\/induzon.com\/ro\/?s={search_term_string}"},"query-input":{"@type":"PropertyValueSpecification","valueRequired":true,"valueName":"search_term_string"}}],"inLanguage":"ro-RO"},{"@type":"Organization","@id":"https:\/\/induzon.com\/ro\/#organization","name":"induzon","url":"https:\/\/induzon.com\/ro\/","logo":{"@type":"ImageObject","inLanguage":"ro-RO","@id":"https:\/\/induzon.com\/ro\/#\/schema\/logo\/image\/","url":"https:\/\/induzon.com\/wp-content\/uploads\/2025\/05\/cropped-026.png","contentUrl":"https:\/\/induzon.com\/wp-content\/uploads\/2025\/05\/cropped-026.png","width":512,"height":512,"caption":"induzon"},"image":{"@id":"https:\/\/induzon.com\/ro\/#\/schema\/logo\/image\/"}}]}},"_links":{"self":[{"href":"https:\/\/induzon.com\/ro\/wp-json\/wp\/v2\/product\/7265","targetHints":{"allow":["GET"]}}],"collection":[{"href":"https:\/\/induzon.com\/ro\/wp-json\/wp\/v2\/product"}],"about":[{"href":"https:\/\/induzon.com\/ro\/wp-json\/wp\/v2\/types\/product"}],"replies":[{"embeddable":true,"href":"https:\/\/induzon.com\/ro\/wp-json\/wp\/v2\/comments?post=7265"}],"version-history":[{"count":1,"href":"https:\/\/induzon.com\/ro\/wp-json\/wp\/v2\/product\/7265\/revisions"}],"predecessor-version":[{"id":32878,"href":"https:\/\/induzon.com\/ro\/wp-json\/wp\/v2\/product\/7265\/revisions\/32878"}],"wp:featuredmedia":[{"embeddable":true,"href":"https:\/\/induzon.com\/ro\/wp-json\/wp\/v2\/media\/7027"}],"wp:attachment":[{"href":"https:\/\/induzon.com\/ro\/wp-json\/wp\/v2\/media?parent=7265"}],"wp:term":[{"taxonomy":"product_brand","embeddable":true,"href":"https:\/\/induzon.com\/ro\/wp-json\/wp\/v2\/product_brand?post=7265"},{"taxonomy":"product_cat","embeddable":true,"href":"https:\/\/induzon.com\/ro\/wp-json\/wp\/v2\/product_cat?post=7265"},{"taxonomy":"product_tag","embeddable":true,"href":"https:\/\/induzon.com\/ro\/wp-json\/wp\/v2\/product_tag?post=7265"}],"curies":[{"name":"wp","href":"https:\/\/api.w.org\/{rel}","templated":true}]}}