{"id":3297,"date":"2025-01-14T15:35:59","date_gmt":"2025-01-14T07:35:59","guid":{"rendered":"http:\/\/localhost\/betalningsmetoder\/"},"modified":"2025-08-23T11:55:17","modified_gmt":"2025-08-23T03:55:17","slug":"betalningsmetoder","status":"publish","type":"page","link":"https:\/\/induzon.com\/sv\/betalningsmetoder\/","title":{"rendered":"Betalningsmetoder"},"content":{"rendered":"\t\t<div data-elementor-type=\"wp-page\" data-elementor-id=\"3297\" class=\"elementor elementor-3297 elementor-3191\" data-elementor-post-type=\"page\">\n\t\t\t\t<div class=\"elementor-element elementor-element-a699420 e-flex e-con-boxed e-con e-parent\" data-id=\"a699420\" data-element_type=\"container\">\n\t\t\t\t\t<div class=\"e-con-inner\">\n\t\t\t\t<div class=\"elementor-element elementor-element-d203174 elementor-widget elementor-widget-heading\" data-id=\"d203174\" data-element_type=\"widget\" data-widget_type=\"heading.default\">\n\t\t\t\t\t<h2 class=\"elementor-heading-title elementor-size-default\">Betalningsmetoder<\/h2>\t\t\t\t<\/div>\n\t\t\t\t<div class=\"elementor-element elementor-element-b5dffbf e-n-tabs-mobile elementor-widget elementor-widget-n-tabs\" data-id=\"b5dffbf\" data-element_type=\"widget\" data-widget_type=\"nested-tabs.default\">\n\t\t\t\t\t\t\t<div class=\"e-n-tabs\" data-widget-number=\"190709695\" aria-label=\"Flikar. \u00d6ppna objekt med enter eller mellanslag, st\u00e4ng med escape och navigera med piltangenterna.\">\n\t\t\t<div class=\"e-n-tabs-heading\" role=\"tablist\">\n\t\t\t\t\t<button id=\"e-n-tab-title-1907096951\" data-tab-title-id=\"e-n-tab-title-1907096951\" class=\"e-n-tab-title\" aria-selected=\"true\" data-tab-index=\"1\" role=\"tab\" tabindex=\"0\" aria-controls=\"e-n-tab-content-1907096951\" style=\"--n-tabs-title-order: 1;\">\n\t\t\t\t\t\t<span class=\"e-n-tab-title-text\">\n\t\t\t\tPayPal-betalningar\t\t\t<\/span>\n\t\t<\/button>\n\t\t\t\t<button id=\"e-n-tab-title-1907096952\" data-tab-title-id=\"e-n-tab-title-1907096952\" class=\"e-n-tab-title\" aria-selected=\"false\" data-tab-index=\"2\" role=\"tab\" tabindex=\"-1\" aria-controls=\"e-n-tab-content-1907096952\" style=\"--n-tabs-title-order: 2;\">\n\t\t\t\t\t\t<span class=\"e-n-tab-title-text\">\n\t\t\t\tVanliga fr\u00e5gor om PayPal\t\t\t<\/span>\n\t\t<\/button>\n\t\t\t\t<button id=\"e-n-tab-title-1907096953\" data-tab-title-id=\"e-n-tab-title-1907096953\" class=\"e-n-tab-title\" aria-selected=\"false\" data-tab-index=\"3\" role=\"tab\" tabindex=\"-1\" aria-controls=\"e-n-tab-content-1907096953\" style=\"--n-tabs-title-order: 3;\">\n\t\t\t\t\t\t<span class=\"e-n-tab-title-text\">\n\t\t\t\tBetalningar via bank\u00f6verf\u00f6ring\t\t\t<\/span>\n\t\t<\/button>\n\t\t\t\t<button id=\"e-n-tab-title-1907096954\" data-tab-title-id=\"e-n-tab-title-1907096954\" class=\"e-n-tab-title\" aria-selected=\"false\" data-tab-index=\"4\" role=\"tab\" tabindex=\"-1\" aria-controls=\"e-n-tab-content-1907096954\" style=\"--n-tabs-title-order: 4;\">\n\t\t\t\t\t\t<span class=\"e-n-tab-title-text\">\n\t\t\t\tBetalningar via bank\u00f6verf\u00f6ring\t\t\t<\/span>\n\t\t<\/button>\n\t\t\t\t<button id=\"e-n-tab-title-1907096955\" data-tab-title-id=\"e-n-tab-title-1907096955\" class=\"e-n-tab-title\" aria-selected=\"false\" data-tab-index=\"5\" role=\"tab\" tabindex=\"-1\" aria-controls=\"e-n-tab-content-1907096955\" style=\"--n-tabs-title-order: 5;\">\n\t\t\t\t\t\t<span class=\"e-n-tab-title-text\">\n\t\t\t\tBetalningar med kredit- eller betalkort\t\t\t<\/span>\n\t\t<\/button>\n\t\t\t\t\t<\/div>\n\t\t\t<div class=\"e-n-tabs-content\">\n\t\t\t\t<div id=\"e-n-tab-content-1907096951\" role=\"tabpanel\" aria-labelledby=\"e-n-tab-title-1907096951\" data-tab-index=\"1\" style=\"--n-tabs-title-order: 1;\" class=\"e-active elementor-element elementor-element-613cca7 e-con-full e-flex e-con e-child\" data-id=\"613cca7\" data-element_type=\"container\">\n\t\t<div class=\"elementor-element elementor-element-c5fef92 e-con-full e-flex e-con e-child\" data-id=\"c5fef92\" data-element_type=\"container\">\n\t\t\t\t<div class=\"elementor-element elementor-element-ffbce77 elementor-widget elementor-widget-heading\" data-id=\"ffbce77\" data-element_type=\"widget\" data-widget_type=\"heading.default\">\n\t\t\t\t\t<h3 class=\"elementor-heading-title elementor-size-default\">PayPal-betalningar<\/h3>\t\t\t\t<\/div>\n\t\t<div class=\"elementor-element elementor-element-97d0bd2 e-con-full e-flex e-con e-child\" data-id=\"97d0bd2\" data-element_type=\"container\">\n\t\t\t\t<div class=\"elementor-element elementor-element-84eee3d elementor-widget elementor-widget-image\" data-id=\"84eee3d\" data-element_type=\"widget\" data-widget_type=\"image.default\">\n\t\t\t\t\t\t\t\t\t\t\t\t\t\t\t<img fetchpriority=\"high\" decoding=\"async\" width=\"1024\" height=\"573\" src=\"https:\/\/induzon.com\/wp-content\/uploads\/2025\/01\/paypal-1024x573.jpeg\" class=\"attachment-large size-large wp-image-3201\" alt=\"\" srcset=\"https:\/\/induzon.com\/wp-content\/uploads\/2025\/01\/paypal-1024x573.jpeg 1024w, https:\/\/induzon.com\/wp-content\/uploads\/2025\/01\/paypal-300x168.jpeg 300w, https:\/\/induzon.com\/wp-content\/uploads\/2025\/01\/paypal-768x430.jpeg 768w, https:\/\/induzon.com\/wp-content\/uploads\/2025\/01\/paypal-1536x860.jpeg 1536w, https:\/\/induzon.com\/wp-content\/uploads\/2025\/01\/paypal-2048x1147.jpeg 2048w, https:\/\/induzon.com\/wp-content\/uploads\/2025\/01\/paypal-600x336.jpeg 600w\" sizes=\"(max-width: 1024px) 100vw, 1024px\" \/>\t\t\t\t\t\t\t\t\t\t\t\t\t\t\t<\/div>\n\t\t\t\t<\/div>\n\t\t\t\t<div class=\"elementor-element elementor-element-96c2303 elementor-widget elementor-widget-text-editor\" data-id=\"96c2303\" data-element_type=\"widget\" data-widget_type=\"text-editor.default\">\n\t\t\t\t\t\t\t\t\t<p>Du kan ansluta ditt PayPal-, kreditkorts-, betalkorts- eller bankkonto till PayPal f\u00f6r att k\u00f6pa vissa av v\u00e5ra produkter. N\u00e4r du har skickat in en best\u00e4llning kommer du att omdirigeras till PayPal f\u00f6r att slutf\u00f6ra transaktionen. <\/p><p>1. Logga in p\u00e5 ditt PayPal-konto eller anv\u00e4nd Credit Card Express;<br>2. Ange dina kortuppgifter och klicka p\u00e5 \u201dSkicka\u201d;<br>3. Din betalning kommer att behandlas och en faktura skickas till din e-postadress;<\/p><p>NOTERA:<br>Om du inte har n\u00e5got PayPal-konto eller inte vill anv\u00e4nda ett s\u00e5dant kan du v\u00e4lja alternativet \u201dBetala med betal- eller kreditkort\u201d p\u00e5 PayPals betalningssida.<\/p>\t\t\t\t\t\t\t\t<\/div>\n\t\t\t\t<\/div>\n\t\t\t\t<\/div>\n\t\t<div id=\"e-n-tab-content-1907096952\" role=\"tabpanel\" aria-labelledby=\"e-n-tab-title-1907096952\" data-tab-index=\"2\" style=\"--n-tabs-title-order: 2;\" class=\" elementor-element elementor-element-cefd620 e-con-full e-flex e-con e-child\" data-id=\"cefd620\" data-element_type=\"container\">\n\t\t<div class=\"elementor-element elementor-element-2c61500 e-con-full e-flex e-con e-child\" data-id=\"2c61500\" data-element_type=\"container\">\n\t\t\t\t<div class=\"elementor-element elementor-element-99aca5c elementor-widget elementor-widget-heading\" data-id=\"99aca5c\" data-element_type=\"widget\" data-widget_type=\"heading.default\">\n\t\t\t\t\t<h3 class=\"elementor-heading-title elementor-size-default\">Vanliga fr\u00e5gor om PayPal<\/h3>\t\t\t\t<\/div>\n\t\t\t\t<div class=\"elementor-element elementor-element-d7c4984 elementor-widget elementor-widget-text-editor\" data-id=\"d7c4984\" data-element_type=\"widget\" data-widget_type=\"text-editor.default\">\n\t\t\t\t\t\t\t\t\t<div><p>Nedan hittar du n\u00e5gra av de vanligaste fr\u00e5gorna som r\u00f6r PayPal-betalningar. Om du beh\u00f6ver ytterligare information kan du g\u00e5 till PayPals hj\u00e4lpcenter eller kontakta oss. <\/p><\/div><h5>Hur ut\u00f6var jag min r\u00e4tt till PayPals k\u00f6parskydd?<\/h5><div><p>Om du inte f\u00e5r din best\u00e4llning eller om en av produkterna skiljer sig avsev\u00e4rt fr\u00e5n beskrivningen, omfattas du av PayPals k\u00f6parskydd, som inkluderar varans pris plus fraktkostnader. V\u00e4nligen kontakta v\u00e5r kundtj\u00e4nst s\u00e5 snart du inser att det kan ha varit n\u00e5got fel med din best\u00e4llning. <\/p><p>Du kommer att omfattas av PayPals k\u00f6parskydd om ditt \u00e4rende uppfyller f\u00f6ljande kriterier:<\/p><div>. Varan k\u00f6ptes p\u00e5 YISHENG;<\/div><div>. Du betalade med PayPal;<\/div><p>. Du kan bara l\u00e4mna in ett krav per PayPal-betalning;<\/p><p>. Du \u00f6ppnade \u00e4rendet senast 45 kalenderdagar fr\u00e5n datumet f\u00f6r din PayPal-betalning och &#8211; om n\u00f6dv\u00e4ndigt &#8211; eskalerade det till ett krav senast 20 kalenderdagar efter att du \u00f6ppnade \u00e4rendet;<\/p><p>. Du uppfyller kraven f\u00f6r PayPals k\u00f6parskydd som beskrivs i avsnitt 13 i PayPals anv\u00e4ndaravtal.<\/p><\/div><h5>Hur kan jag kontakta PayPals kundtj\u00e4nst?<\/h5><div><p>PayPal uppmuntrar dig att kontakta sin kundtj\u00e4nst via e-post. Men om du vill tala med n\u00e5gon fr\u00e5n PayPal hittar du kontaktuppgifterna nedan: <\/p><div>Kostnadsfritt f\u00f6r Business\/Premier, USA och Kanada: 1-888-221-1161 \/ 1-888-204-4481<\/div><div>Personliga konton: 1-402-935-2050<\/div><div>PayPal Storbritannien: 0870 7307 191<\/div><div>De \u00e4r \u00f6ppna under f\u00f6ljande tider:<\/div><div>-4:00 AM PDT till 10:00 PM PDT fr\u00e5n m\u00e5ndag till fredag<\/div><div>-06:00 PDT till 20:00 PDT L\u00f6rdag och s\u00f6ndag<\/div><div> <\/div><\/div><h5>Hur kan jag betala om PayPal inte \u00e4r tillg\u00e4ngligt i mitt land?<\/h5><div><p>Om PayPal inte \u00e4r tillg\u00e4ngligt i ditt land kan du anv\u00e4nda andra metoder f\u00f6r att betala f\u00f6r din best\u00e4llning.<\/p><\/div>\t\t\t\t\t\t\t\t<\/div>\n\t\t\t\t<\/div>\n\t\t\t\t<\/div>\n\t\t<div id=\"e-n-tab-content-1907096953\" role=\"tabpanel\" aria-labelledby=\"e-n-tab-title-1907096953\" data-tab-index=\"3\" style=\"--n-tabs-title-order: 3;\" class=\" elementor-element elementor-element-a7c9fef e-flex e-con-boxed e-con e-child\" data-id=\"a7c9fef\" data-element_type=\"container\">\n\t\t\t\t\t<div class=\"e-con-inner\">\n\t\t<div class=\"elementor-element elementor-element-df12f7c e-con-full e-flex e-con e-child\" data-id=\"df12f7c\" data-element_type=\"container\">\n\t\t\t\t<div class=\"elementor-element elementor-element-fcd6674 elementor-widget elementor-widget-heading\" data-id=\"fcd6674\" data-element_type=\"widget\" data-widget_type=\"heading.default\">\n\t\t\t\t\t<h3 class=\"elementor-heading-title elementor-size-default\">Betalningar via bank\u00f6verf\u00f6ring<\/h3>\t\t\t\t<\/div>\n\t\t\t\t<div class=\"elementor-element elementor-element-a28b550 elementor-widget elementor-widget-text-editor\" data-id=\"a28b550\" data-element_type=\"widget\" data-widget_type=\"text-editor.default\">\n\t\t\t\t\t\t\t\t\t<p>Vi accepterar betalningar via bank\u00f6verf\u00f6ring. S\u00e5 h\u00e4r g\u00f6r du f\u00f6r att betala: <\/p><p>V\u00e4lj ditt leveransland och v\u00e4lj alternativet Bank\u00f6verf\u00f6ring.<br>Klicka p\u00e5 \u201dG\u00f6r din best\u00e4llning\u201d f\u00f6r att omdirigeras till sidan f\u00f6r bank\u00f6verf\u00f6ring.<br>Verifiera dina betalningsuppgifter och ange din betalningsreferens.<br>F\u00f6lj betalningsinstruktionerna f\u00f6r att slutf\u00f6ra din transaktion.<\/p><p>Anteckningar:<\/p><p>Observera att bank\u00f6verf\u00f6ringar fr\u00e5n Malaysia inte kan \u00e5terbetalas till den ursprungliga betalningsmetoden.<\/p>\t\t\t\t\t\t\t\t<\/div>\n\t\t\t\t<\/div>\n\t\t\t\t\t<\/div>\n\t\t\t\t<\/div>\n\t\t<div id=\"e-n-tab-content-1907096954\" role=\"tabpanel\" aria-labelledby=\"e-n-tab-title-1907096954\" data-tab-index=\"4\" style=\"--n-tabs-title-order: 4;\" class=\" elementor-element elementor-element-6c2de09 e-flex e-con-boxed e-con e-child\" data-id=\"6c2de09\" data-element_type=\"container\">\n\t\t\t\t\t<div class=\"e-con-inner\">\n\t\t<div class=\"elementor-element elementor-element-21a40ee e-con-full e-flex e-con e-child\" data-id=\"21a40ee\" data-element_type=\"container\">\n\t\t\t\t<div class=\"elementor-element elementor-element-6229276 elementor-widget elementor-widget-heading\" data-id=\"6229276\" data-element_type=\"widget\" data-widget_type=\"heading.default\">\n\t\t\t\t\t<h3 class=\"elementor-heading-title elementor-size-default\">Betalningar via bank\u00f6verf\u00f6ring<\/h3>\t\t\t\t<\/div>\n\t\t\t\t<div class=\"elementor-element elementor-element-169808a elementor-widget elementor-widget-text-editor\" data-id=\"169808a\" data-element_type=\"widget\" data-widget_type=\"text-editor.default\">\n\t\t\t\t\t\t\t\t\t<div class=\"help-detail-wrap help-detail-wrap-title\"><div class=\"detail-content\"><p>Vi accepterar bank\u00f6verf\u00f6ringsbetalningar f\u00f6r best\u00e4llningar p\u00e5 $ 100 eller mer.<\/p><p>Viktig p\u00e5minnelse:<\/p><p>Om du v\u00e4ljer bank\u00f6verf\u00f6ring, v\u00e4nligen kontakta kundtj\u00e4nst f\u00f6r att f\u00e5 v\u00e5ra bankkontouppgifter. Observera att bankavgifter f\u00f6r f\u00f6rmedling kommer att dras fr\u00e5n ditt konto.<br>En bristande \u00f6verensst\u00e4mmelse mellan orderbeloppet och den erforderliga tr\u00f6skeln kan f\u00f6rsena behandlingen.<br>F\u00f6r bekv\u00e4mare betalningsalternativ utan f\u00f6rmedlingsavgifter kan du \u00f6verv\u00e4ga att anv\u00e4nda PayPal.<\/p><p>Om du har n\u00e5gra fr\u00e5gor om bank\u00f6verf\u00f6ringar \u00e4r du v\u00e4lkommen att kontakta oss.<\/p><\/div><\/div>\t\t\t\t\t\t\t\t<\/div>\n\t\t\t\t<\/div>\n\t\t\t\t\t<\/div>\n\t\t\t\t<\/div>\n\t\t<div id=\"e-n-tab-content-1907096955\" role=\"tabpanel\" aria-labelledby=\"e-n-tab-title-1907096955\" data-tab-index=\"5\" style=\"--n-tabs-title-order: 5;\" class=\" elementor-element elementor-element-c4df73b e-flex e-con-boxed e-con e-child\" data-id=\"c4df73b\" data-element_type=\"container\">\n\t\t\t\t\t<div class=\"e-con-inner\">\n\t\t<div class=\"elementor-element elementor-element-fa03054 e-con-full e-flex e-con e-child\" data-id=\"fa03054\" data-element_type=\"container\">\n\t\t\t\t<div class=\"elementor-element elementor-element-fb67869 elementor-widget elementor-widget-heading\" data-id=\"fb67869\" data-element_type=\"widget\" data-widget_type=\"heading.default\">\n\t\t\t\t\t<h3 class=\"elementor-heading-title elementor-size-default\">Betalningar med kredit- eller betalkort<\/h3>\t\t\t\t<\/div>\n\t\t\t\t<div class=\"elementor-element elementor-element-07159e0 elementor-widget elementor-widget-text-editor\" data-id=\"07159e0\" data-element_type=\"widget\" data-widget_type=\"text-editor.default\">\n\t\t\t\t\t\t\t\t\t<p>Vi accepterar kreditkort som betalningsalternativ.<br><br>Viktiga anm\u00e4rkningar:<br><br>Av s\u00e4kerhetssk\u00e4l kan du bara f\u00f6rs\u00f6ka betala med kreditkort 10 g\u00e5nger per dag. Om du har flera misslyckade f\u00f6rs\u00f6k, v\u00e4nligen v\u00e4nta 24 timmar eller anv\u00e4nd en annan betalningsmetod som PayPal.<br>Klicka h\u00e4r f\u00f6r information om hur du anv\u00e4nder brasilianska kreditkort i BRL (Reais).<br><br>Korttyper som st\u00f6ds \u00e4r bl.a: VISA, MasterCard, American Express, Diners Club, Japan Credit Bureau.<br><br>Om du har problem med ditt kort, se Kreditkortsproblem.<\/p>\t\t\t\t\t\t\t\t<\/div>\n\t\t\t\t<\/div>\n\t\t\t\t\t<\/div>\n\t\t\t\t<\/div>\n\t\t\t\t\t<\/div>\n\t\t<\/div>\n\t\t\t\t\t\t<\/div>\n\t\t\t\t\t<\/div>\n\t\t\t\t<\/div>\n\t\t\t\t<\/div>\n\t\t","protected":false},"excerpt":{"rendered":"<p>Betalningsmetoder PayPal-betalningar Vanliga fr\u00e5gor om PayPal Betalningar via bank\u00f6verf\u00f6ring Betalningar via bank\u00f6verf\u00f6ring Betalningar med kredit- eller betalkort PayPal-betalningar Du kan [&hellip;]<\/p>\n","protected":false},"author":1,"featured_media":0,"parent":0,"menu_order":0,"comment_status":"closed","ping_status":"closed","template":"","meta":{"site-sidebar-layout":"no-sidebar","site-content-layout":"","ast-site-content-layout":"full-width-container","site-content-style":"default","site-sidebar-style":"default","ast-global-header-display":"","ast-banner-title-visibility":"","ast-main-header-display":"","ast-hfb-above-header-display":"","ast-hfb-below-header-display":"","ast-hfb-mobile-header-display":"","site-post-title":"disabled","ast-breadcrumbs-content":"","ast-featured-img":"disabled","footer-sml-layout":"","theme-transparent-header-meta":"","adv-header-id-meta":"","stick-header-meta":"","header-above-stick-meta":"","header-main-stick-meta":"","header-below-stick-meta":"","astra-migrate-meta-layouts":"default","ast-page-background-enabled":"default","ast-page-background-meta":{"desktop":{"background-color":"var(--ast-global-color-4)","background-image":"","background-repeat":"repeat","background-position":"center center","background-size":"auto","background-attachment":"scroll","background-type":"","background-media":"","overlay-type":"","overlay-color":"","overlay-opacity":"","overlay-gradient":""},"tablet":{"background-color":"","background-image":"","background-repeat":"repeat","background-position":"center center","background-size":"auto","background-attachment":"scroll","background-type":"","background-media":"","overlay-type":"","overlay-color":"","overlay-opacity":"","overlay-gradient":""},"mobile":{"background-color":"","background-image":"","background-repeat":"repeat","background-position":"center center","background-size":"auto","background-attachment":"scroll","background-type":"","background-media":"","overlay-type":"","overlay-color":"","overlay-opacity":"","overlay-gradient":""}},"ast-content-background-meta":{"desktop":{"background-color":"var(--ast-global-color-5)","background-image":"","background-repeat":"repeat","background-position":"center center","background-size":"auto","background-attachment":"scroll","background-type":"","background-media":"","overlay-type":"","overlay-color":"","overlay-opacity":"","overlay-gradient":""},"tablet":{"background-color":"var(--ast-global-color-5)","background-image":"","background-repeat":"repeat","background-position":"center center","background-size":"auto","background-attachment":"scroll","background-type":"","background-media":"","overlay-type":"","overlay-color":"","overlay-opacity":"","overlay-gradient":""},"mobile":{"background-color":"var(--ast-global-color-5)","background-image":"","background-repeat":"repeat","background-position":"center center","background-size":"auto","background-attachment":"scroll","background-type":"","background-media":"","overlay-type":"","overlay-color":"","overlay-opacity":"","overlay-gradient":""}},"footnotes":""},"class_list":["post-3297","page","type-page","status-publish","hentry"],"yoast_head":"<!-- This site is optimized with the Yoast SEO plugin v24.9 - https:\/\/yoast.com\/wordpress\/plugins\/seo\/ -->\r\n<title>Retur- och garantipolicy | Induzon - Hassle-Free Support<\/title>\r\n<meta name=\"description\" content=\"Vi \u00e4r \u00f6vertygade om v\u00e5r kvalitet och erbjuder en robust garanti och en kundv\u00e4nlig returpolicy. Starta din enkla retur eller ditt garantianspr\u00e5k idag.\" \/>\r\n<meta name=\"robots\" content=\"index, follow, max-snippet:-1, max-image-preview:large, max-video-preview:-1\" \/>\r\n<link rel=\"canonical\" href=\"https:\/\/induzon.com\/sv\/betalningsmetoder\/\" \/>\r\n<meta property=\"og:locale\" content=\"sv_SE\" \/>\r\n<meta property=\"og:type\" content=\"article\" \/>\r\n<meta property=\"og:title\" content=\"Retur- och garantipolicy | Induzon - Hassle-Free Support\" \/>\r\n<meta property=\"og:description\" content=\"Vi \u00e4r \u00f6vertygade om v\u00e5r kvalitet och erbjuder en robust garanti och en kundv\u00e4nlig returpolicy. Starta din enkla retur eller ditt garantianspr\u00e5k idag.\" \/>\r\n<meta property=\"og:url\" content=\"https:\/\/induzon.com\/sv\/betalningsmetoder\/\" \/>\r\n<meta property=\"og:site_name\" content=\"induzon\" \/>\r\n<meta property=\"article:modified_time\" content=\"2025-08-23T03:55:17+00:00\" \/>\r\n<meta property=\"og:image\" content=\"https:\/\/induzon.com\/wp-content\/uploads\/2025\/01\/paypal.jpeg\" \/>\r\n\t<meta property=\"og:image:width\" content=\"2286\" \/>\r\n\t<meta property=\"og:image:height\" content=\"1280\" \/>\r\n\t<meta property=\"og:image:type\" content=\"image\/jpeg\" \/>\r\n<meta name=\"twitter:card\" content=\"summary_large_image\" \/>\r\n<meta name=\"twitter:label1\" content=\"Ber\u00e4knad l\u00e4stid\" \/>\n\t<meta name=\"twitter:data1\" content=\"7 minuter\" \/>\r\n<script type=\"application\/ld+json\" class=\"yoast-schema-graph\">{\"@context\":\"https:\/\/schema.org\",\"@graph\":[{\"@type\":\"WebPage\",\"@id\":\"https:\/\/induzon.com\/sv\/betalningsmetoder\/\",\"url\":\"https:\/\/induzon.com\/sv\/betalningsmetoder\/\",\"name\":\"Retur- och garantipolicy | Induzon - Hassle-Free Support\",\"isPartOf\":{\"@id\":\"https:\/\/induzon.com\/sv\/#website\"},\"primaryImageOfPage\":{\"@id\":\"https:\/\/induzon.com\/sv\/betalningsmetoder\/#primaryimage\"},\"image\":{\"@id\":\"https:\/\/induzon.com\/sv\/betalningsmetoder\/#primaryimage\"},\"thumbnailUrl\":\"https:\/\/induzon.com\/wp-content\/uploads\/2025\/01\/paypal-1024x573.jpeg\",\"datePublished\":\"2025-01-14T07:35:59+00:00\",\"dateModified\":\"2025-08-23T03:55:17+00:00\",\"description\":\"Vi \u00e4r \u00f6vertygade om v\u00e5r kvalitet och erbjuder en robust garanti och en kundv\u00e4nlig returpolicy. Starta din enkla retur eller ditt garantianspr\u00e5k idag.\",\"breadcrumb\":{\"@id\":\"https:\/\/induzon.com\/sv\/betalningsmetoder\/#breadcrumb\"},\"inLanguage\":\"sv-SE\",\"potentialAction\":[{\"@type\":\"ReadAction\",\"target\":[\"https:\/\/induzon.com\/sv\/betalningsmetoder\/\"]}]},{\"@type\":\"ImageObject\",\"inLanguage\":\"sv-SE\",\"@id\":\"https:\/\/induzon.com\/sv\/betalningsmetoder\/#primaryimage\",\"url\":\"https:\/\/induzon.com\/wp-content\/uploads\/2025\/01\/paypal-1024x573.jpeg\",\"contentUrl\":\"https:\/\/induzon.com\/wp-content\/uploads\/2025\/01\/paypal-1024x573.jpeg\"},{\"@type\":\"BreadcrumbList\",\"@id\":\"https:\/\/induzon.com\/sv\/betalningsmetoder\/#breadcrumb\",\"itemListElement\":[{\"@type\":\"ListItem\",\"position\":1,\"name\":\"\u9996\u9875\",\"item\":\"https:\/\/induzon.com\/sv\/hem\/\"},{\"@type\":\"ListItem\",\"position\":2,\"name\":\"Betalningsmetoder\"}]},{\"@type\":\"WebSite\",\"@id\":\"https:\/\/induzon.com\/sv\/#website\",\"url\":\"https:\/\/induzon.com\/sv\/\",\"name\":\"induzon\",\"description\":\"\",\"publisher\":{\"@id\":\"https:\/\/induzon.com\/sv\/#organization\"},\"potentialAction\":[{\"@type\":\"SearchAction\",\"target\":{\"@type\":\"EntryPoint\",\"urlTemplate\":\"https:\/\/induzon.com\/sv\/?s={search_term_string}\"},\"query-input\":{\"@type\":\"PropertyValueSpecification\",\"valueRequired\":true,\"valueName\":\"search_term_string\"}}],\"inLanguage\":\"sv-SE\"},{\"@type\":\"Organization\",\"@id\":\"https:\/\/induzon.com\/sv\/#organization\",\"name\":\"induzon\",\"url\":\"https:\/\/induzon.com\/sv\/\",\"logo\":{\"@type\":\"ImageObject\",\"inLanguage\":\"sv-SE\",\"@id\":\"https:\/\/induzon.com\/sv\/#\/schema\/logo\/image\/\",\"url\":\"https:\/\/induzon.com\/wp-content\/uploads\/2025\/05\/cropped-026.png\",\"contentUrl\":\"https:\/\/induzon.com\/wp-content\/uploads\/2025\/05\/cropped-026.png\",\"width\":512,\"height\":512,\"caption\":\"induzon\"},\"image\":{\"@id\":\"https:\/\/induzon.com\/sv\/#\/schema\/logo\/image\/\"}}]}<\/script>\r\n<!-- \/ Yoast SEO plugin. -->","yoast_head_json":{"title":"Retur- och garantipolicy | Induzon - Hassle-Free Support","description":"Vi \u00e4r \u00f6vertygade om v\u00e5r kvalitet och erbjuder en robust garanti och en kundv\u00e4nlig returpolicy. Starta din enkla retur eller ditt garantianspr\u00e5k idag.","robots":{"index":"index","follow":"follow","max-snippet":"max-snippet:-1","max-image-preview":"max-image-preview:large","max-video-preview":"max-video-preview:-1"},"canonical":"https:\/\/induzon.com\/sv\/betalningsmetoder\/","og_locale":"sv_SE","og_type":"article","og_title":"Retur- och garantipolicy | Induzon - Hassle-Free Support","og_description":"Vi \u00e4r \u00f6vertygade om v\u00e5r kvalitet och erbjuder en robust garanti och en kundv\u00e4nlig returpolicy. Starta din enkla retur eller ditt garantianspr\u00e5k idag.","og_url":"https:\/\/induzon.com\/sv\/betalningsmetoder\/","og_site_name":"induzon","article_modified_time":"2025-08-23T03:55:17+00:00","og_image":[{"width":2286,"height":1280,"url":"https:\/\/induzon.com\/wp-content\/uploads\/2025\/01\/paypal.jpeg","type":"image\/jpeg"}],"twitter_card":"summary_large_image","twitter_misc":{"Ber\u00e4knad l\u00e4stid":"7 minuter"},"schema":{"@context":"https:\/\/schema.org","@graph":[{"@type":"WebPage","@id":"https:\/\/induzon.com\/sv\/betalningsmetoder\/","url":"https:\/\/induzon.com\/sv\/betalningsmetoder\/","name":"Retur- och garantipolicy | Induzon - Hassle-Free Support","isPartOf":{"@id":"https:\/\/induzon.com\/sv\/#website"},"primaryImageOfPage":{"@id":"https:\/\/induzon.com\/sv\/betalningsmetoder\/#primaryimage"},"image":{"@id":"https:\/\/induzon.com\/sv\/betalningsmetoder\/#primaryimage"},"thumbnailUrl":"https:\/\/induzon.com\/wp-content\/uploads\/2025\/01\/paypal-1024x573.jpeg","datePublished":"2025-01-14T07:35:59+00:00","dateModified":"2025-08-23T03:55:17+00:00","description":"Vi \u00e4r \u00f6vertygade om v\u00e5r kvalitet och erbjuder en robust garanti och en kundv\u00e4nlig returpolicy. Starta din enkla retur eller ditt garantianspr\u00e5k idag.","breadcrumb":{"@id":"https:\/\/induzon.com\/sv\/betalningsmetoder\/#breadcrumb"},"inLanguage":"sv-SE","potentialAction":[{"@type":"ReadAction","target":["https:\/\/induzon.com\/sv\/betalningsmetoder\/"]}]},{"@type":"ImageObject","inLanguage":"sv-SE","@id":"https:\/\/induzon.com\/sv\/betalningsmetoder\/#primaryimage","url":"https:\/\/induzon.com\/wp-content\/uploads\/2025\/01\/paypal-1024x573.jpeg","contentUrl":"https:\/\/induzon.com\/wp-content\/uploads\/2025\/01\/paypal-1024x573.jpeg"},{"@type":"BreadcrumbList","@id":"https:\/\/induzon.com\/sv\/betalningsmetoder\/#breadcrumb","itemListElement":[{"@type":"ListItem","position":1,"name":"\u9996\u9875","item":"https:\/\/induzon.com\/sv\/hem\/"},{"@type":"ListItem","position":2,"name":"Betalningsmetoder"}]},{"@type":"WebSite","@id":"https:\/\/induzon.com\/sv\/#website","url":"https:\/\/induzon.com\/sv\/","name":"induzon","description":"","publisher":{"@id":"https:\/\/induzon.com\/sv\/#organization"},"potentialAction":[{"@type":"SearchAction","target":{"@type":"EntryPoint","urlTemplate":"https:\/\/induzon.com\/sv\/?s={search_term_string}"},"query-input":{"@type":"PropertyValueSpecification","valueRequired":true,"valueName":"search_term_string"}}],"inLanguage":"sv-SE"},{"@type":"Organization","@id":"https:\/\/induzon.com\/sv\/#organization","name":"induzon","url":"https:\/\/induzon.com\/sv\/","logo":{"@type":"ImageObject","inLanguage":"sv-SE","@id":"https:\/\/induzon.com\/sv\/#\/schema\/logo\/image\/","url":"https:\/\/induzon.com\/wp-content\/uploads\/2025\/05\/cropped-026.png","contentUrl":"https:\/\/induzon.com\/wp-content\/uploads\/2025\/05\/cropped-026.png","width":512,"height":512,"caption":"induzon"},"image":{"@id":"https:\/\/induzon.com\/sv\/#\/schema\/logo\/image\/"}}]}},"_links":{"self":[{"href":"https:\/\/induzon.com\/sv\/wp-json\/wp\/v2\/pages\/3297","targetHints":{"allow":["GET"]}}],"collection":[{"href":"https:\/\/induzon.com\/sv\/wp-json\/wp\/v2\/pages"}],"about":[{"href":"https:\/\/induzon.com\/sv\/wp-json\/wp\/v2\/types\/page"}],"author":[{"embeddable":true,"href":"https:\/\/induzon.com\/sv\/wp-json\/wp\/v2\/users\/1"}],"replies":[{"embeddable":true,"href":"https:\/\/induzon.com\/sv\/wp-json\/wp\/v2\/comments?post=3297"}],"version-history":[{"count":4,"href":"https:\/\/induzon.com\/sv\/wp-json\/wp\/v2\/pages\/3297\/revisions"}],"predecessor-version":[{"id":23496,"href":"https:\/\/induzon.com\/sv\/wp-json\/wp\/v2\/pages\/3297\/revisions\/23496"}],"wp:attachment":[{"href":"https:\/\/induzon.com\/sv\/wp-json\/wp\/v2\/media?parent=3297"}],"curies":[{"name":"wp","href":"https:\/\/api.w.org\/{rel}","templated":true}]}}