{"id":3389,"date":"2025-01-15T17:11:17","date_gmt":"2025-01-15T09:11:17","guid":{"rendered":"http:\/\/localhost\/beraknad-leveranstid\/"},"modified":"2025-08-27T15:55:12","modified_gmt":"2025-08-27T07:55:12","slug":"beraknad-leveranstid","status":"publish","type":"page","link":"https:\/\/induzon.com\/sv\/beraknad-leveranstid\/","title":{"rendered":"Ber\u00e4knad leveranstid"},"content":{"rendered":"\t\t<div data-elementor-type=\"wp-page\" data-elementor-id=\"3389\" class=\"elementor elementor-3389 elementor-3348\" data-elementor-post-type=\"page\">\n\t\t\t\t<div class=\"elementor-element elementor-element-66e7959 e-flex e-con-boxed e-con e-parent\" data-id=\"66e7959\" data-element_type=\"container\">\n\t\t\t\t\t<div class=\"e-con-inner\">\n\t\t<div class=\"elementor-element elementor-element-8470463 e-con-full e-flex e-con e-child\" data-id=\"8470463\" data-element_type=\"container\">\n\t\t\t\t<div class=\"elementor-element elementor-element-9a5322f elementor-widget elementor-widget-heading\" data-id=\"9a5322f\" data-element_type=\"widget\" data-widget_type=\"heading.default\">\n\t\t\t\t\t<h3 class=\"elementor-heading-title elementor-size-default\">Ber\u00e4knad leveranstid<\/h3>\t\t\t\t<\/div>\n\t\t\t\t<div class=\"elementor-element elementor-element-0b24042 elementor-widget-divider--view-line elementor-widget elementor-widget-divider\" data-id=\"0b24042\" data-element_type=\"widget\" data-widget_type=\"divider.default\">\n\t\t\t\t\t\t\t<div class=\"elementor-divider\">\n\t\t\t<span class=\"elementor-divider-separator\">\n\t\t\t\t\t\t<\/span>\n\t\t<\/div>\n\t\t\t\t\t\t<\/div>\n\t\t\t\t<div class=\"elementor-element elementor-element-f2ab69f elementor-widget elementor-widget-heading\" data-id=\"f2ab69f\" data-element_type=\"widget\" data-widget_type=\"heading.default\">\n\t\t\t\t\t<h5 class=\"elementor-heading-title elementor-size-default\">Hur skickar YISHENG din best\u00e4llning och hur l\u00e5ng tid tar det att skicka?<\/h5>\t\t\t\t<\/div>\n\t\t\t\t<div class=\"elementor-element elementor-element-db13238 elementor-widget elementor-widget-text-editor\" data-id=\"db13238\" data-element_type=\"widget\" data-widget_type=\"text-editor.default\">\n\t\t\t\t\t\t\t\t\t<p>Bekv\u00e4ma logistikmetoder finns tillg\u00e4ngliga f\u00f6r olika l\u00e4nder eller regioner. Paket fr\u00e5n lokalt lager kan levereras tidigast inom <strong>3<\/strong><strong> dagar<\/strong> och fr\u00e5n Kina-lager kan levereras tidigast inom <strong>8 dagar.<\/strong> Den specifika leveranstiden visas p\u00e5 produktdetaljsidan n\u00e4r du g\u00f6r best\u00e4llningen och varierar i olika l\u00e4nder och olika logistikmetoder.  <\/p><p><span data-spm-data=\"{\"bid\":\"56277\",\"pid\":\"\"}\">Om du inte har f\u00e5tt din vara l\u00e5ngt efter leveranstiden, v\u00e4nligen kontakta oss. YISHENG kommer att verifiera ditt \u00e4rende och f\u00f6rhandla om kompensationsl\u00f6sningar med dig, s\u00e5som \u00e5terbetalning \/ \u00e5ters\u00e4ndning och etc. <\/span><\/p>\t\t\t\t\t\t\t\t<\/div>\n\t\t\t\t<div class=\"elementor-element elementor-element-0df2f69 elementor-widget elementor-widget-text-editor\" data-id=\"0df2f69\" data-element_type=\"widget\" data-widget_type=\"text-editor.default\">\n\t\t\t\t\t\t\t\t\t<p><strong>Obs:<\/strong><br>I de flesta fall kommer paketet att levereras inom den ber\u00e4knade ankomsttiden. Det faktiska leveransdatumet kan dock p\u00e5verkas av flygarrangemang, v\u00e4derf\u00f6rh\u00e5llanden och andra externa faktorer. Leveranstiden kommer att vara l\u00e4ngre \u00e4n vanligt f\u00f6r best\u00e4llningar som inneh\u00e5ller f\u00f6rbest\u00e4llda och\/eller kundanpassade artiklar. V\u00e4nligen se sp\u00e5rningsinformationen f\u00f6r det mest exakta leveransdatumet.<br><br><span data-spm-data=\"{\"bid\":\"56277\",\"pid\":\"\"}\">Om du beh\u00f6ver ytterligare information eller hj\u00e4lp \u00e4r du v\u00e4lkommen att kontakta oss.<\/span><\/p>\t\t\t\t\t\t\t\t<\/div>\n\t\t\t\t<\/div>\n\t\t\t\t\t<\/div>\n\t\t\t\t<\/div>\n\t\t\t\t<\/div>\n\t\t","protected":false},"excerpt":{"rendered":"<p>Ber\u00e4knad leveranstid Hur skickar YISHENG din best\u00e4llning och hur l\u00e5ng tid tar det att skicka? Bekv\u00e4ma logistikmetoder finns tillg\u00e4ngliga f\u00f6r [&hellip;]<\/p>\n","protected":false},"author":1,"featured_media":0,"parent":0,"menu_order":0,"comment_status":"closed","ping_status":"closed","template":"","meta":{"site-sidebar-layout":"no-sidebar","site-content-layout":"","ast-site-content-layout":"full-width-container","site-content-style":"default","site-sidebar-style":"default","ast-global-header-display":"","ast-banner-title-visibility":"","ast-main-header-display":"","ast-hfb-above-header-display":"","ast-hfb-below-header-display":"","ast-hfb-mobile-header-display":"","site-post-title":"disabled","ast-breadcrumbs-content":"","ast-featured-img":"disabled","footer-sml-layout":"","theme-transparent-header-meta":"","adv-header-id-meta":"","stick-header-meta":"","header-above-stick-meta":"","header-main-stick-meta":"","header-below-stick-meta":"","astra-migrate-meta-layouts":"default","ast-page-background-enabled":"default","ast-page-background-meta":{"desktop":{"background-color":"var(--ast-global-color-4)","background-image":"","background-repeat":"repeat","background-position":"center center","background-size":"auto","background-attachment":"scroll","background-type":"","background-media":"","overlay-type":"","overlay-color":"","overlay-opacity":"","overlay-gradient":""},"tablet":{"background-color":"","background-image":"","background-repeat":"repeat","background-position":"center center","background-size":"auto","background-attachment":"scroll","background-type":"","background-media":"","overlay-type":"","overlay-color":"","overlay-opacity":"","overlay-gradient":""},"mobile":{"background-color":"","background-image":"","background-repeat":"repeat","background-position":"center center","background-size":"auto","background-attachment":"scroll","background-type":"","background-media":"","overlay-type":"","overlay-color":"","overlay-opacity":"","overlay-gradient":""}},"ast-content-background-meta":{"desktop":{"background-color":"var(--ast-global-color-5)","background-image":"","background-repeat":"repeat","background-position":"center center","background-size":"auto","background-attachment":"scroll","background-type":"","background-media":"","overlay-type":"","overlay-color":"","overlay-opacity":"","overlay-gradient":""},"tablet":{"background-color":"var(--ast-global-color-5)","background-image":"","background-repeat":"repeat","background-position":"center center","background-size":"auto","background-attachment":"scroll","background-type":"","background-media":"","overlay-type":"","overlay-color":"","overlay-opacity":"","overlay-gradient":""},"mobile":{"background-color":"var(--ast-global-color-5)","background-image":"","background-repeat":"repeat","background-position":"center center","background-size":"auto","background-attachment":"scroll","background-type":"","background-media":"","overlay-type":"","overlay-color":"","overlay-opacity":"","overlay-gradient":""}},"footnotes":""},"class_list":["post-3389","page","type-page","status-publish","hentry"],"yoast_head":"<!-- This site is optimized with the Yoast SEO plugin v24.9 - https:\/\/yoast.com\/wordpress\/plugins\/seo\/ -->\r\n<title>Ber\u00e4knad leveranstid | Leveransinformation f\u00f6r Induzon-order<\/title>\r\n<meta name=\"description\" content=\"Ta reda p\u00e5 hur l\u00e5ng tid det tar f\u00f6r din Induzon-best\u00e4llning att komma fram. F\u00e5 ber\u00e4knade leveranstider till USA, Storbritannien, EU och andra globala destinationer.\" \/>\r\n<meta name=\"robots\" content=\"index, follow, max-snippet:-1, max-image-preview:large, max-video-preview:-1\" \/>\r\n<link rel=\"canonical\" href=\"https:\/\/induzon.com\/sv\/beraknad-leveranstid\/\" \/>\r\n<meta property=\"og:locale\" content=\"sv_SE\" \/>\r\n<meta property=\"og:type\" content=\"article\" \/>\r\n<meta property=\"og:title\" content=\"Ber\u00e4knad leveranstid | Leveransinformation f\u00f6r Induzon-order\" \/>\r\n<meta property=\"og:description\" content=\"Ta reda p\u00e5 hur l\u00e5ng tid det tar f\u00f6r din Induzon-best\u00e4llning att komma fram. F\u00e5 ber\u00e4knade leveranstider till USA, Storbritannien, EU och andra globala destinationer.\" \/>\r\n<meta property=\"og:url\" content=\"https:\/\/induzon.com\/sv\/beraknad-leveranstid\/\" \/>\r\n<meta property=\"og:site_name\" content=\"induzon\" \/>\r\n<meta property=\"article:modified_time\" content=\"2025-08-27T07:55:12+00:00\" \/>\r\n<meta name=\"twitter:card\" content=\"summary_large_image\" \/>\r\n<meta name=\"twitter:label1\" content=\"Ber\u00e4knad l\u00e4stid\" \/>\n\t<meta name=\"twitter:data1\" content=\"1 minut\" \/>\r\n<script type=\"application\/ld+json\" class=\"yoast-schema-graph\">{\"@context\":\"https:\/\/schema.org\",\"@graph\":[{\"@type\":\"WebPage\",\"@id\":\"https:\/\/induzon.com\/sv\/beraknad-leveranstid\/\",\"url\":\"https:\/\/induzon.com\/sv\/beraknad-leveranstid\/\",\"name\":\"Ber\u00e4knad leveranstid | Leveransinformation f\u00f6r Induzon-order\",\"isPartOf\":{\"@id\":\"https:\/\/induzon.com\/sv\/#website\"},\"datePublished\":\"2025-01-15T09:11:17+00:00\",\"dateModified\":\"2025-08-27T07:55:12+00:00\",\"description\":\"Ta reda p\u00e5 hur l\u00e5ng tid det tar f\u00f6r din Induzon-best\u00e4llning att komma fram. F\u00e5 ber\u00e4knade leveranstider till USA, Storbritannien, EU och andra globala destinationer.\",\"breadcrumb\":{\"@id\":\"https:\/\/induzon.com\/sv\/beraknad-leveranstid\/#breadcrumb\"},\"inLanguage\":\"sv-SE\",\"potentialAction\":[{\"@type\":\"ReadAction\",\"target\":[\"https:\/\/induzon.com\/sv\/beraknad-leveranstid\/\"]}]},{\"@type\":\"BreadcrumbList\",\"@id\":\"https:\/\/induzon.com\/sv\/beraknad-leveranstid\/#breadcrumb\",\"itemListElement\":[{\"@type\":\"ListItem\",\"position\":1,\"name\":\"\u9996\u9875\",\"item\":\"https:\/\/induzon.com\/sv\/hem\/\"},{\"@type\":\"ListItem\",\"position\":2,\"name\":\"Ber\u00e4knad leveranstid\"}]},{\"@type\":\"WebSite\",\"@id\":\"https:\/\/induzon.com\/sv\/#website\",\"url\":\"https:\/\/induzon.com\/sv\/\",\"name\":\"induzon\",\"description\":\"\",\"publisher\":{\"@id\":\"https:\/\/induzon.com\/sv\/#organization\"},\"potentialAction\":[{\"@type\":\"SearchAction\",\"target\":{\"@type\":\"EntryPoint\",\"urlTemplate\":\"https:\/\/induzon.com\/sv\/?s={search_term_string}\"},\"query-input\":{\"@type\":\"PropertyValueSpecification\",\"valueRequired\":true,\"valueName\":\"search_term_string\"}}],\"inLanguage\":\"sv-SE\"},{\"@type\":\"Organization\",\"@id\":\"https:\/\/induzon.com\/sv\/#organization\",\"name\":\"induzon\",\"url\":\"https:\/\/induzon.com\/sv\/\",\"logo\":{\"@type\":\"ImageObject\",\"inLanguage\":\"sv-SE\",\"@id\":\"https:\/\/induzon.com\/sv\/#\/schema\/logo\/image\/\",\"url\":\"https:\/\/induzon.com\/wp-content\/uploads\/2025\/05\/cropped-026.png\",\"contentUrl\":\"https:\/\/induzon.com\/wp-content\/uploads\/2025\/05\/cropped-026.png\",\"width\":512,\"height\":512,\"caption\":\"induzon\"},\"image\":{\"@id\":\"https:\/\/induzon.com\/sv\/#\/schema\/logo\/image\/\"}}]}<\/script>\r\n<!-- \/ Yoast SEO plugin. -->","yoast_head_json":{"title":"Ber\u00e4knad leveranstid | Leveransinformation f\u00f6r Induzon-order","description":"Ta reda p\u00e5 hur l\u00e5ng tid det tar f\u00f6r din Induzon-best\u00e4llning att komma fram. F\u00e5 ber\u00e4knade leveranstider till USA, Storbritannien, EU och andra globala destinationer.","robots":{"index":"index","follow":"follow","max-snippet":"max-snippet:-1","max-image-preview":"max-image-preview:large","max-video-preview":"max-video-preview:-1"},"canonical":"https:\/\/induzon.com\/sv\/beraknad-leveranstid\/","og_locale":"sv_SE","og_type":"article","og_title":"Ber\u00e4knad leveranstid | Leveransinformation f\u00f6r Induzon-order","og_description":"Ta reda p\u00e5 hur l\u00e5ng tid det tar f\u00f6r din Induzon-best\u00e4llning att komma fram. F\u00e5 ber\u00e4knade leveranstider till USA, Storbritannien, EU och andra globala destinationer.","og_url":"https:\/\/induzon.com\/sv\/beraknad-leveranstid\/","og_site_name":"induzon","article_modified_time":"2025-08-27T07:55:12+00:00","twitter_card":"summary_large_image","twitter_misc":{"Ber\u00e4knad l\u00e4stid":"1 minut"},"schema":{"@context":"https:\/\/schema.org","@graph":[{"@type":"WebPage","@id":"https:\/\/induzon.com\/sv\/beraknad-leveranstid\/","url":"https:\/\/induzon.com\/sv\/beraknad-leveranstid\/","name":"Ber\u00e4knad leveranstid | Leveransinformation f\u00f6r Induzon-order","isPartOf":{"@id":"https:\/\/induzon.com\/sv\/#website"},"datePublished":"2025-01-15T09:11:17+00:00","dateModified":"2025-08-27T07:55:12+00:00","description":"Ta reda p\u00e5 hur l\u00e5ng tid det tar f\u00f6r din Induzon-best\u00e4llning att komma fram. F\u00e5 ber\u00e4knade leveranstider till USA, Storbritannien, EU och andra globala destinationer.","breadcrumb":{"@id":"https:\/\/induzon.com\/sv\/beraknad-leveranstid\/#breadcrumb"},"inLanguage":"sv-SE","potentialAction":[{"@type":"ReadAction","target":["https:\/\/induzon.com\/sv\/beraknad-leveranstid\/"]}]},{"@type":"BreadcrumbList","@id":"https:\/\/induzon.com\/sv\/beraknad-leveranstid\/#breadcrumb","itemListElement":[{"@type":"ListItem","position":1,"name":"\u9996\u9875","item":"https:\/\/induzon.com\/sv\/hem\/"},{"@type":"ListItem","position":2,"name":"Ber\u00e4knad leveranstid"}]},{"@type":"WebSite","@id":"https:\/\/induzon.com\/sv\/#website","url":"https:\/\/induzon.com\/sv\/","name":"induzon","description":"","publisher":{"@id":"https:\/\/induzon.com\/sv\/#organization"},"potentialAction":[{"@type":"SearchAction","target":{"@type":"EntryPoint","urlTemplate":"https:\/\/induzon.com\/sv\/?s={search_term_string}"},"query-input":{"@type":"PropertyValueSpecification","valueRequired":true,"valueName":"search_term_string"}}],"inLanguage":"sv-SE"},{"@type":"Organization","@id":"https:\/\/induzon.com\/sv\/#organization","name":"induzon","url":"https:\/\/induzon.com\/sv\/","logo":{"@type":"ImageObject","inLanguage":"sv-SE","@id":"https:\/\/induzon.com\/sv\/#\/schema\/logo\/image\/","url":"https:\/\/induzon.com\/wp-content\/uploads\/2025\/05\/cropped-026.png","contentUrl":"https:\/\/induzon.com\/wp-content\/uploads\/2025\/05\/cropped-026.png","width":512,"height":512,"caption":"induzon"},"image":{"@id":"https:\/\/induzon.com\/sv\/#\/schema\/logo\/image\/"}}]}},"_links":{"self":[{"href":"https:\/\/induzon.com\/sv\/wp-json\/wp\/v2\/pages\/3389","targetHints":{"allow":["GET"]}}],"collection":[{"href":"https:\/\/induzon.com\/sv\/wp-json\/wp\/v2\/pages"}],"about":[{"href":"https:\/\/induzon.com\/sv\/wp-json\/wp\/v2\/types\/page"}],"author":[{"embeddable":true,"href":"https:\/\/induzon.com\/sv\/wp-json\/wp\/v2\/users\/1"}],"replies":[{"embeddable":true,"href":"https:\/\/induzon.com\/sv\/wp-json\/wp\/v2\/comments?post=3389"}],"version-history":[{"count":2,"href":"https:\/\/induzon.com\/sv\/wp-json\/wp\/v2\/pages\/3389\/revisions"}],"predecessor-version":[{"id":23639,"href":"https:\/\/induzon.com\/sv\/wp-json\/wp\/v2\/pages\/3389\/revisions\/23639"}],"wp:attachment":[{"href":"https:\/\/induzon.com\/sv\/wp-json\/wp\/v2\/media?parent=3389"}],"curies":[{"name":"wp","href":"https:\/\/api.w.org\/{rel}","templated":true}]}}