{"id":10760,"date":"2025-06-19T14:41:46","date_gmt":"2025-06-19T06:41:46","guid":{"rendered":"https:\/\/induzon.com\/shop\/handhallen-lasermarkning-handhallen-lasermarkare-fiber-laser-marking-machine-lasermarkningsmaskin-for-metall-och-tra-co2-laser-marking-machine-markningsmaskin\/"},"modified":"2026-01-08T15:25:26","modified_gmt":"2026-01-08T07:25:26","slug":"handhallen-lasermarkning-handhallen-lasermarkare-fiber-laser-marking-machine-lasermarkningsmaskin-for-metall-och-tra-co2-laser-marking-machine-markningsmaskin","status":"publish","type":"product","link":"https:\/\/induzon.com\/sv\/produkt\/handhallen-lasermarkning-handhallen-lasermarkare-fiber-laser-marking-machine-lasermarkningsmaskin-for-metall-och-tra-co2-laser-marking-machine-markningsmaskin\/","title":{"rendered":"Handh\u00e5llen Laserm\u00e4rkning Handh\u00e5llen Laserm\u00e4rkare Fiber Laser Marking Machine Laserm\u00e4rkningsmaskin f\u00f6r Metall och Tr\u00e4 CO2 Laser Marking Machine M\u00e4rkningsmaskin"},"content":{"rendered":"<p>1.H\u00f6gpresterande laser f\u00f6r m\u00e4rkning av metall med h\u00f6g precision<br \/>\n2.Portabel och l\u00e4ttanv\u00e4nd handh\u00e5llen laser f\u00f6r sm\u00e5 projekt<br \/>\n3.Automatisk laserm\u00e4rkning f\u00f6r effektiv och snabb bearbetning<br \/>\n4.Specialdesignad f\u00f6r metallgravering och m\u00e4rkning med skarp kvalitet<br \/>\n5.Kompakt och robust design f\u00f6r b\u00e5de station\u00e4rt och mobilt bruk<\/p>\n","protected":false},"excerpt":{"rendered":"<p>Handh\u00e5llen Laserm\u00e4rkning Handh\u00e5llen Laserm\u00e4rkare Fiber Laser Marking Machine Laserm\u00e4rkningsmaskin f\u00f6r Metall och Tr\u00e4 CO2 Laser Marking Machine M\u00e4rkningsmaskin<\/p>\n","protected":false},"featured_media":10669,"comment_status":"open","ping_status":"closed","template":"","meta":{"site-sidebar-layout":"default","site-content-layout":"","ast-site-content-layout":"default","site-content-style":"default","site-sidebar-style":"default","ast-global-header-display":"","ast-banner-title-visibility":"","ast-main-header-display":"","ast-hfb-above-header-display":"","ast-hfb-below-header-display":"","ast-hfb-mobile-header-display":"","site-post-title":"","ast-breadcrumbs-content":"","ast-featured-img":"","footer-sml-layout":"","theme-transparent-header-meta":"default","adv-header-id-meta":"","stick-header-meta":"","header-above-stick-meta":"","header-main-stick-meta":"","header-below-stick-meta":"","astra-migrate-meta-layouts":"set","ast-page-background-enabled":"default","ast-page-background-meta":{"desktop":{"background-color":"var(--ast-global-color-4)","background-image":"","background-repeat":"repeat","background-position":"center center","background-size":"auto","background-attachment":"scroll","background-type":"","background-media":"","overlay-type":"","overlay-color":"","overlay-opacity":"","overlay-gradient":""},"tablet":{"background-color":"","background-image":"","background-repeat":"repeat","background-position":"center center","background-size":"auto","background-attachment":"scroll","background-type":"","background-media":"","overlay-type":"","overlay-color":"","overlay-opacity":"","overlay-gradient":""},"mobile":{"background-color":"","background-image":"","background-repeat":"repeat","background-position":"center center","background-size":"auto","background-attachment":"scroll","background-type":"","background-media":"","overlay-type":"","overlay-color":"","overlay-opacity":"","overlay-gradient":""}},"ast-content-background-meta":{"desktop":{"background-color":"var(--ast-global-color-5)","background-image":"","background-repeat":"repeat","background-position":"center center","background-size":"auto","background-attachment":"scroll","background-type":"","background-media":"","overlay-type":"","overlay-color":"","overlay-opacity":"","overlay-gradient":""},"tablet":{"background-color":"var(--ast-global-color-5)","background-image":"","background-repeat":"repeat","background-position":"center center","background-size":"auto","background-attachment":"scroll","background-type":"","background-media":"","overlay-type":"","overlay-color":"","overlay-opacity":"","overlay-gradient":""},"mobile":{"background-color":"var(--ast-global-color-5)","background-image":"","background-repeat":"repeat","background-position":"center center","background-size":"auto","background-attachment":"scroll","background-type":"","background-media":"","overlay-type":"","overlay-color":"","overlay-opacity":"","overlay-gradient":""}}},"product_brand":[],"product_cat":[1079,1187],"product_tag":[1188],"class_list":{"0":"post-10760","1":"product","2":"type-product","3":"status-publish","4":"has-post-thumbnail","6":"product_cat-industriell-och-kommersiell-utrustning","7":"product_cat-lasermarkor","8":"product_tag-lasermarkor","9":"desktop-align-left","10":"tablet-align-left","11":"mobile-align-left","13":"first","14":"instock","15":"sale","16":"shipping-taxable","17":"purchasable","18":"product-type-variable"},"yoast_head":"<!-- This site is optimized with the Yoast SEO plugin v24.9 - https:\/\/yoast.com\/wordpress\/plugins\/seo\/ -->\r\n<title>Handh\u00e5llen Laserm\u00e4rkningsmaskin f\u00f6r Metall -Induzon<\/title>\r\n<meta name=\"description\" content=\"Handh\u00e5llen Laserm\u00e4rkningsmaskin f\u00f6r Metall B\u00e4rbar handh\u00e5llen laserm\u00e4rkningsmaskin f\u00f6r metall. Ideal f\u00f6r industriell m\u00e4rkning och gravyr p\u00e5 olika material.\" \/>\r\n<meta name=\"robots\" content=\"index, follow, max-snippet:-1, max-image-preview:large, max-video-preview:-1\" \/>\r\n<link rel=\"canonical\" href=\"https:\/\/induzon.com\/sv\/produkt\/handhallen-lasermarkning-handhallen-lasermarkare-fiber-laser-marking-machine-lasermarkningsmaskin-for-metall-och-tra-co2-laser-marking-machine-markningsmaskin\/\" \/>\r\n<meta property=\"og:locale\" content=\"sv_SE\" \/>\r\n<meta property=\"og:type\" content=\"article\" \/>\r\n<meta property=\"og:title\" content=\"Handh\u00e5llen Laserm\u00e4rkningsmaskin f\u00f6r Metall -Induzon\" \/>\r\n<meta property=\"og:description\" content=\"Handh\u00e5llen Laserm\u00e4rkningsmaskin f\u00f6r Metall B\u00e4rbar handh\u00e5llen laserm\u00e4rkningsmaskin f\u00f6r metall. Ideal f\u00f6r industriell m\u00e4rkning och gravyr p\u00e5 olika material.\" \/>\r\n<meta property=\"og:url\" content=\"https:\/\/induzon.com\/sv\/produkt\/handhallen-lasermarkning-handhallen-lasermarkare-fiber-laser-marking-machine-lasermarkningsmaskin-for-metall-och-tra-co2-laser-marking-machine-markningsmaskin\/\" \/>\r\n<meta property=\"og:site_name\" content=\"induzon\" \/>\r\n<meta property=\"article:modified_time\" content=\"2026-01-08T07:25:26+00:00\" \/>\r\n<meta property=\"og:image\" content=\"https:\/\/induzon.com\/wp-content\/uploads\/2025\/06\/\u56fe-7-\u624b\u6301\u5f0f.jpg\" \/>\r\n\t<meta property=\"og:image:width\" content=\"1500\" \/>\r\n\t<meta property=\"og:image:height\" content=\"1500\" \/>\r\n\t<meta property=\"og:image:type\" content=\"image\/jpeg\" \/>\r\n<meta name=\"twitter:card\" content=\"summary_large_image\" \/>\r\n<meta name=\"twitter:label1\" content=\"Ber\u00e4knad l\u00e4stid\" \/>\n\t<meta name=\"twitter:data1\" content=\"1 minut\" \/>\r\n<script type=\"application\/ld+json\" class=\"yoast-schema-graph\">{\"@context\":\"https:\/\/schema.org\",\"@graph\":[{\"@type\":\"WebPage\",\"@id\":\"https:\/\/induzon.com\/sv\/produkt\/handhallen-lasermarkning-handhallen-lasermarkare-fiber-laser-marking-machine-lasermarkningsmaskin-for-metall-och-tra-co2-laser-marking-machine-markningsmaskin\/\",\"url\":\"https:\/\/induzon.com\/sv\/produkt\/handhallen-lasermarkning-handhallen-lasermarkare-fiber-laser-marking-machine-lasermarkningsmaskin-for-metall-och-tra-co2-laser-marking-machine-markningsmaskin\/\",\"name\":\"Handh\u00e5llen Laserm\u00e4rkningsmaskin f\u00f6r Metall -Induzon\",\"isPartOf\":{\"@id\":\"https:\/\/induzon.com\/sv\/#website\"},\"primaryImageOfPage\":{\"@id\":\"https:\/\/induzon.com\/sv\/produkt\/handhallen-lasermarkning-handhallen-lasermarkare-fiber-laser-marking-machine-lasermarkningsmaskin-for-metall-och-tra-co2-laser-marking-machine-markningsmaskin\/#primaryimage\"},\"image\":{\"@id\":\"https:\/\/induzon.com\/sv\/produkt\/handhallen-lasermarkning-handhallen-lasermarkare-fiber-laser-marking-machine-lasermarkningsmaskin-for-metall-och-tra-co2-laser-marking-machine-markningsmaskin\/#primaryimage\"},\"thumbnailUrl\":\"https:\/\/induzon.com\/wp-content\/uploads\/2025\/06\/\u56fe-7-\u624b\u6301\u5f0f.jpg\",\"datePublished\":\"2025-06-19T06:41:46+00:00\",\"dateModified\":\"2026-01-08T07:25:26+00:00\",\"description\":\"Handh\u00e5llen Laserm\u00e4rkningsmaskin f\u00f6r Metall B\u00e4rbar handh\u00e5llen laserm\u00e4rkningsmaskin f\u00f6r metall. Ideal f\u00f6r industriell m\u00e4rkning och gravyr p\u00e5 olika material.\",\"breadcrumb\":{\"@id\":\"https:\/\/induzon.com\/sv\/produkt\/handhallen-lasermarkning-handhallen-lasermarkare-fiber-laser-marking-machine-lasermarkningsmaskin-for-metall-och-tra-co2-laser-marking-machine-markningsmaskin\/#breadcrumb\"},\"inLanguage\":\"sv-SE\",\"potentialAction\":[{\"@type\":\"ReadAction\",\"target\":[\"https:\/\/induzon.com\/sv\/produkt\/handhallen-lasermarkning-handhallen-lasermarkare-fiber-laser-marking-machine-lasermarkningsmaskin-for-metall-och-tra-co2-laser-marking-machine-markningsmaskin\/\"]}]},{\"@type\":\"ImageObject\",\"inLanguage\":\"sv-SE\",\"@id\":\"https:\/\/induzon.com\/sv\/produkt\/handhallen-lasermarkning-handhallen-lasermarkare-fiber-laser-marking-machine-lasermarkningsmaskin-for-metall-och-tra-co2-laser-marking-machine-markningsmaskin\/#primaryimage\",\"url\":\"https:\/\/induzon.com\/wp-content\/uploads\/2025\/06\/\u56fe-7-\u624b\u6301\u5f0f.jpg\",\"contentUrl\":\"https:\/\/induzon.com\/wp-content\/uploads\/2025\/06\/\u56fe-7-\u624b\u6301\u5f0f.jpg\",\"width\":1500,\"height\":1500,\"caption\":\"Handh\u00e5llen Laserm\u00e4rkningsmaskin f\u00f6r Metall\"},{\"@type\":\"BreadcrumbList\",\"@id\":\"https:\/\/induzon.com\/sv\/produkt\/handhallen-lasermarkning-handhallen-lasermarkare-fiber-laser-marking-machine-lasermarkningsmaskin-for-metall-och-tra-co2-laser-marking-machine-markningsmaskin\/#breadcrumb\",\"itemListElement\":[{\"@type\":\"ListItem\",\"position\":1,\"name\":\"\u9996\u9875\",\"item\":\"https:\/\/induzon.com\/sv\/hem\/\"},{\"@type\":\"ListItem\",\"position\":2,\"name\":\"Butik\",\"item\":\"https:\/\/induzon.com\/sv\/butik\/\"},{\"@type\":\"ListItem\",\"position\":3,\"name\":\"Handh\u00e5llen Laserm\u00e4rkning Handh\u00e5llen Laserm\u00e4rkare Fiber Laser Marking Machine Laserm\u00e4rkningsmaskin f\u00f6r Metall och Tr\u00e4 CO2 Laser Marking Machine M\u00e4rkningsmaskin\"}]},{\"@type\":\"WebSite\",\"@id\":\"https:\/\/induzon.com\/sv\/#website\",\"url\":\"https:\/\/induzon.com\/sv\/\",\"name\":\"induzon\",\"description\":\"\",\"publisher\":{\"@id\":\"https:\/\/induzon.com\/sv\/#organization\"},\"potentialAction\":[{\"@type\":\"SearchAction\",\"target\":{\"@type\":\"EntryPoint\",\"urlTemplate\":\"https:\/\/induzon.com\/sv\/?s={search_term_string}\"},\"query-input\":{\"@type\":\"PropertyValueSpecification\",\"valueRequired\":true,\"valueName\":\"search_term_string\"}}],\"inLanguage\":\"sv-SE\"},{\"@type\":\"Organization\",\"@id\":\"https:\/\/induzon.com\/sv\/#organization\",\"name\":\"induzon\",\"url\":\"https:\/\/induzon.com\/sv\/\",\"logo\":{\"@type\":\"ImageObject\",\"inLanguage\":\"sv-SE\",\"@id\":\"https:\/\/induzon.com\/sv\/#\/schema\/logo\/image\/\",\"url\":\"https:\/\/induzon.com\/wp-content\/uploads\/2025\/05\/cropped-026.png\",\"contentUrl\":\"https:\/\/induzon.com\/wp-content\/uploads\/2025\/05\/cropped-026.png\",\"width\":512,\"height\":512,\"caption\":\"induzon\"},\"image\":{\"@id\":\"https:\/\/induzon.com\/sv\/#\/schema\/logo\/image\/\"}}]}<\/script>\r\n<!-- \/ Yoast SEO plugin. -->","yoast_head_json":{"title":"Handh\u00e5llen Laserm\u00e4rkningsmaskin f\u00f6r Metall -Induzon","description":"Handh\u00e5llen Laserm\u00e4rkningsmaskin f\u00f6r Metall B\u00e4rbar handh\u00e5llen laserm\u00e4rkningsmaskin f\u00f6r metall. Ideal f\u00f6r industriell m\u00e4rkning och gravyr p\u00e5 olika material.","robots":{"index":"index","follow":"follow","max-snippet":"max-snippet:-1","max-image-preview":"max-image-preview:large","max-video-preview":"max-video-preview:-1"},"canonical":"https:\/\/induzon.com\/sv\/produkt\/handhallen-lasermarkning-handhallen-lasermarkare-fiber-laser-marking-machine-lasermarkningsmaskin-for-metall-och-tra-co2-laser-marking-machine-markningsmaskin\/","og_locale":"sv_SE","og_type":"article","og_title":"Handh\u00e5llen Laserm\u00e4rkningsmaskin f\u00f6r Metall -Induzon","og_description":"Handh\u00e5llen Laserm\u00e4rkningsmaskin f\u00f6r Metall B\u00e4rbar handh\u00e5llen laserm\u00e4rkningsmaskin f\u00f6r metall. Ideal f\u00f6r industriell m\u00e4rkning och gravyr p\u00e5 olika material.","og_url":"https:\/\/induzon.com\/sv\/produkt\/handhallen-lasermarkning-handhallen-lasermarkare-fiber-laser-marking-machine-lasermarkningsmaskin-for-metall-och-tra-co2-laser-marking-machine-markningsmaskin\/","og_site_name":"induzon","article_modified_time":"2026-01-08T07:25:26+00:00","og_image":[{"width":1500,"height":1500,"url":"https:\/\/induzon.com\/wp-content\/uploads\/2025\/06\/\u56fe-7-\u624b\u6301\u5f0f.jpg","type":"image\/jpeg"}],"twitter_card":"summary_large_image","twitter_misc":{"Ber\u00e4knad l\u00e4stid":"1 minut"},"schema":{"@context":"https:\/\/schema.org","@graph":[{"@type":"WebPage","@id":"https:\/\/induzon.com\/sv\/produkt\/handhallen-lasermarkning-handhallen-lasermarkare-fiber-laser-marking-machine-lasermarkningsmaskin-for-metall-och-tra-co2-laser-marking-machine-markningsmaskin\/","url":"https:\/\/induzon.com\/sv\/produkt\/handhallen-lasermarkning-handhallen-lasermarkare-fiber-laser-marking-machine-lasermarkningsmaskin-for-metall-och-tra-co2-laser-marking-machine-markningsmaskin\/","name":"Handh\u00e5llen Laserm\u00e4rkningsmaskin f\u00f6r Metall -Induzon","isPartOf":{"@id":"https:\/\/induzon.com\/sv\/#website"},"primaryImageOfPage":{"@id":"https:\/\/induzon.com\/sv\/produkt\/handhallen-lasermarkning-handhallen-lasermarkare-fiber-laser-marking-machine-lasermarkningsmaskin-for-metall-och-tra-co2-laser-marking-machine-markningsmaskin\/#primaryimage"},"image":{"@id":"https:\/\/induzon.com\/sv\/produkt\/handhallen-lasermarkning-handhallen-lasermarkare-fiber-laser-marking-machine-lasermarkningsmaskin-for-metall-och-tra-co2-laser-marking-machine-markningsmaskin\/#primaryimage"},"thumbnailUrl":"https:\/\/induzon.com\/wp-content\/uploads\/2025\/06\/\u56fe-7-\u624b\u6301\u5f0f.jpg","datePublished":"2025-06-19T06:41:46+00:00","dateModified":"2026-01-08T07:25:26+00:00","description":"Handh\u00e5llen Laserm\u00e4rkningsmaskin f\u00f6r Metall B\u00e4rbar handh\u00e5llen laserm\u00e4rkningsmaskin f\u00f6r metall. Ideal f\u00f6r industriell m\u00e4rkning och gravyr p\u00e5 olika material.","breadcrumb":{"@id":"https:\/\/induzon.com\/sv\/produkt\/handhallen-lasermarkning-handhallen-lasermarkare-fiber-laser-marking-machine-lasermarkningsmaskin-for-metall-och-tra-co2-laser-marking-machine-markningsmaskin\/#breadcrumb"},"inLanguage":"sv-SE","potentialAction":[{"@type":"ReadAction","target":["https:\/\/induzon.com\/sv\/produkt\/handhallen-lasermarkning-handhallen-lasermarkare-fiber-laser-marking-machine-lasermarkningsmaskin-for-metall-och-tra-co2-laser-marking-machine-markningsmaskin\/"]}]},{"@type":"ImageObject","inLanguage":"sv-SE","@id":"https:\/\/induzon.com\/sv\/produkt\/handhallen-lasermarkning-handhallen-lasermarkare-fiber-laser-marking-machine-lasermarkningsmaskin-for-metall-och-tra-co2-laser-marking-machine-markningsmaskin\/#primaryimage","url":"https:\/\/induzon.com\/wp-content\/uploads\/2025\/06\/\u56fe-7-\u624b\u6301\u5f0f.jpg","contentUrl":"https:\/\/induzon.com\/wp-content\/uploads\/2025\/06\/\u56fe-7-\u624b\u6301\u5f0f.jpg","width":1500,"height":1500,"caption":"Handh\u00e5llen Laserm\u00e4rkningsmaskin f\u00f6r Metall"},{"@type":"BreadcrumbList","@id":"https:\/\/induzon.com\/sv\/produkt\/handhallen-lasermarkning-handhallen-lasermarkare-fiber-laser-marking-machine-lasermarkningsmaskin-for-metall-och-tra-co2-laser-marking-machine-markningsmaskin\/#breadcrumb","itemListElement":[{"@type":"ListItem","position":1,"name":"\u9996\u9875","item":"https:\/\/induzon.com\/sv\/hem\/"},{"@type":"ListItem","position":2,"name":"Butik","item":"https:\/\/induzon.com\/sv\/butik\/"},{"@type":"ListItem","position":3,"name":"Handh\u00e5llen Laserm\u00e4rkning Handh\u00e5llen Laserm\u00e4rkare Fiber Laser Marking Machine Laserm\u00e4rkningsmaskin f\u00f6r Metall och Tr\u00e4 CO2 Laser Marking Machine M\u00e4rkningsmaskin"}]},{"@type":"WebSite","@id":"https:\/\/induzon.com\/sv\/#website","url":"https:\/\/induzon.com\/sv\/","name":"induzon","description":"","publisher":{"@id":"https:\/\/induzon.com\/sv\/#organization"},"potentialAction":[{"@type":"SearchAction","target":{"@type":"EntryPoint","urlTemplate":"https:\/\/induzon.com\/sv\/?s={search_term_string}"},"query-input":{"@type":"PropertyValueSpecification","valueRequired":true,"valueName":"search_term_string"}}],"inLanguage":"sv-SE"},{"@type":"Organization","@id":"https:\/\/induzon.com\/sv\/#organization","name":"induzon","url":"https:\/\/induzon.com\/sv\/","logo":{"@type":"ImageObject","inLanguage":"sv-SE","@id":"https:\/\/induzon.com\/sv\/#\/schema\/logo\/image\/","url":"https:\/\/induzon.com\/wp-content\/uploads\/2025\/05\/cropped-026.png","contentUrl":"https:\/\/induzon.com\/wp-content\/uploads\/2025\/05\/cropped-026.png","width":512,"height":512,"caption":"induzon"},"image":{"@id":"https:\/\/induzon.com\/sv\/#\/schema\/logo\/image\/"}}]}},"_links":{"self":[{"href":"https:\/\/induzon.com\/sv\/wp-json\/wp\/v2\/product\/10760","targetHints":{"allow":["GET"]}}],"collection":[{"href":"https:\/\/induzon.com\/sv\/wp-json\/wp\/v2\/product"}],"about":[{"href":"https:\/\/induzon.com\/sv\/wp-json\/wp\/v2\/types\/product"}],"replies":[{"embeddable":true,"href":"https:\/\/induzon.com\/sv\/wp-json\/wp\/v2\/comments?post=10760"}],"version-history":[{"count":1,"href":"https:\/\/induzon.com\/sv\/wp-json\/wp\/v2\/product\/10760\/revisions"}],"predecessor-version":[{"id":28292,"href":"https:\/\/induzon.com\/sv\/wp-json\/wp\/v2\/product\/10760\/revisions\/28292"}],"wp:featuredmedia":[{"embeddable":true,"href":"https:\/\/induzon.com\/sv\/wp-json\/wp\/v2\/media\/10669"}],"wp:attachment":[{"href":"https:\/\/induzon.com\/sv\/wp-json\/wp\/v2\/media?parent=10760"}],"wp:term":[{"taxonomy":"product_brand","embeddable":true,"href":"https:\/\/induzon.com\/sv\/wp-json\/wp\/v2\/product_brand?post=10760"},{"taxonomy":"product_cat","embeddable":true,"href":"https:\/\/induzon.com\/sv\/wp-json\/wp\/v2\/product_cat?post=10760"},{"taxonomy":"product_tag","embeddable":true,"href":"https:\/\/induzon.com\/sv\/wp-json\/wp\/v2\/product_tag?post=10760"}],"curies":[{"name":"wp","href":"https:\/\/api.w.org\/{rel}","templated":true}]}}