{"id":12611,"date":"2025-06-25T10:57:55","date_gmt":"2025-06-25T02:57:55","guid":{"rendered":"https:\/\/induzon.com\/?post_type=product&#038;p=12611"},"modified":"2026-01-05T17:20:23","modified_gmt":"2026-01-05T09:20:23","slug":"luftrida-luftridaaggregat-kommersiell-for-hissar-affar-butik-industriport-industriporter-entre","status":"publish","type":"product","link":"https:\/\/induzon.com\/sv\/produkt\/luftrida-luftridaaggregat-kommersiell-for-hissar-affar-butik-industriport-industriporter-entre\/","title":{"rendered":"Luftrid\u00e5 Luftrid\u00e5aggregat Kommersiell f\u00f6r Hissar, Aff\u00e4r, Butik, Industriport, Industriporter, Entr\u00e9"},"content":{"rendered":"<p>1.Effektiva kommersiella luftrid\u00e5er f\u00f6r hissar, butiker och k\u00f6pcentrum<br \/>\n2.H\u00e5ller insekter borta och sparar energi samtidigt<br \/>\n3.Robust design f\u00f6r industriellt bruk och tunga f\u00f6rh\u00e5llanden<br \/>\n4.Enkel installation och l\u00e5gt underh\u00e5ll f\u00f6r l\u00e5ngvarig prestanda<br \/>\n5.Idealisk f\u00f6r kontroll av temperatur och luftfl\u00f6de inomhus<\/p>\n","protected":false},"excerpt":{"rendered":"<p>Luftrid\u00e5 Luftrid\u00e5aggregat Kommersiell f\u00f6r Hissar, Aff\u00e4r, Butik, Industriport, Industriporter, Entr\u00e9<\/p>\n","protected":false},"featured_media":12328,"comment_status":"open","ping_status":"closed","template":"","meta":{"site-sidebar-layout":"default","site-content-layout":"","ast-site-content-layout":"default","site-content-style":"default","site-sidebar-style":"default","ast-global-header-display":"","ast-banner-title-visibility":"","ast-main-header-display":"","ast-hfb-above-header-display":"","ast-hfb-below-header-display":"","ast-hfb-mobile-header-display":"","site-post-title":"","ast-breadcrumbs-content":"","ast-featured-img":"","footer-sml-layout":"","theme-transparent-header-meta":"default","adv-header-id-meta":"","stick-header-meta":"","header-above-stick-meta":"","header-main-stick-meta":"","header-below-stick-meta":"","astra-migrate-meta-layouts":"set","ast-page-background-enabled":"default","ast-page-background-meta":{"desktop":{"background-color":"var(--ast-global-color-4)","background-image":"","background-repeat":"repeat","background-position":"center center","background-size":"auto","background-attachment":"scroll","background-type":"","background-media":"","overlay-type":"","overlay-color":"","overlay-opacity":"","overlay-gradient":""},"tablet":{"background-color":"","background-image":"","background-repeat":"repeat","background-position":"center center","background-size":"auto","background-attachment":"scroll","background-type":"","background-media":"","overlay-type":"","overlay-color":"","overlay-opacity":"","overlay-gradient":""},"mobile":{"background-color":"","background-image":"","background-repeat":"repeat","background-position":"center center","background-size":"auto","background-attachment":"scroll","background-type":"","background-media":"","overlay-type":"","overlay-color":"","overlay-opacity":"","overlay-gradient":""}},"ast-content-background-meta":{"desktop":{"background-color":"var(--ast-global-color-5)","background-image":"","background-repeat":"repeat","background-position":"center center","background-size":"auto","background-attachment":"scroll","background-type":"","background-media":"","overlay-type":"","overlay-color":"","overlay-opacity":"","overlay-gradient":""},"tablet":{"background-color":"var(--ast-global-color-5)","background-image":"","background-repeat":"repeat","background-position":"center center","background-size":"auto","background-attachment":"scroll","background-type":"","background-media":"","overlay-type":"","overlay-color":"","overlay-opacity":"","overlay-gradient":""},"mobile":{"background-color":"var(--ast-global-color-5)","background-image":"","background-repeat":"repeat","background-position":"center center","background-size":"auto","background-attachment":"scroll","background-type":"","background-media":"","overlay-type":"","overlay-color":"","overlay-opacity":"","overlay-gradient":""}}},"product_brand":[],"product_cat":[1079,1080,1311],"product_tag":[1312],"class_list":{"0":"post-12611","1":"product","2":"type-product","3":"status-publish","4":"has-post-thumbnail","6":"product_cat-industriell-och-kommersiell-utrustning","7":"product_cat-luftkonditionerings-och-ventilationsutrustning","8":"product_cat-lyft-luftridan","9":"product_tag-lyft-luftridan","10":"desktop-align-left","11":"tablet-align-left","12":"mobile-align-left","14":"first","15":"instock","16":"sale","17":"featured","18":"shipping-taxable","19":"purchasable","20":"product-type-variable"},"yoast_head":"<!-- This site is optimized with the Yoast SEO plugin v24.9 - https:\/\/yoast.com\/wordpress\/plugins\/seo\/ -->\r\n<title>Kommersiell luftrid\u00e5 f\u00f6r stormarknader och k\u00f6pcentrum -Induzon<\/title>\r\n<meta name=\"description\" content=\"Kommersiell luftrid\u00e5 Luftrid\u00e5 industriport, entr\u00e9, luftrid\u00e5aggregat, luftrid\u00e5er Luftrid\u00e5 Luftrid\u00e5aggregat Kommersiell f\u00f6r Hissar, Aff\u00e4r, Butik, Industriport\" \/>\r\n<meta name=\"robots\" content=\"index, follow, max-snippet:-1, max-image-preview:large, max-video-preview:-1\" \/>\r\n<link rel=\"canonical\" href=\"https:\/\/induzon.com\/sv\/produkt\/luftrida-luftridaaggregat-kommersiell-for-hissar-affar-butik-industriport-industriporter-entre\/\" \/>\r\n<meta property=\"og:locale\" content=\"sv_SE\" \/>\r\n<meta property=\"og:type\" content=\"article\" \/>\r\n<meta property=\"og:title\" content=\"Kommersiell luftrid\u00e5 f\u00f6r stormarknader och k\u00f6pcentrum -Induzon\" \/>\r\n<meta property=\"og:description\" content=\"Kommersiell luftrid\u00e5 Luftrid\u00e5 industriport, entr\u00e9, luftrid\u00e5aggregat, luftrid\u00e5er Luftrid\u00e5 Luftrid\u00e5aggregat Kommersiell f\u00f6r Hissar, Aff\u00e4r, Butik, Industriport\" \/>\r\n<meta property=\"og:url\" content=\"https:\/\/induzon.com\/sv\/produkt\/luftrida-luftridaaggregat-kommersiell-for-hissar-affar-butik-industriport-industriporter-entre\/\" \/>\r\n<meta property=\"og:site_name\" content=\"induzon\" \/>\r\n<meta property=\"article:modified_time\" content=\"2026-01-05T09:20:23+00:00\" \/>\r\n<meta property=\"og:image\" content=\"https:\/\/induzon.com\/wp-content\/uploads\/2025\/06\/\u56fe-7-4.jpg\" \/>\r\n\t<meta property=\"og:image:width\" content=\"1500\" \/>\r\n\t<meta property=\"og:image:height\" content=\"1500\" \/>\r\n\t<meta property=\"og:image:type\" content=\"image\/jpeg\" \/>\r\n<meta name=\"twitter:card\" content=\"summary_large_image\" \/>\r\n<meta name=\"twitter:label1\" content=\"Ber\u00e4knad l\u00e4stid\" \/>\n\t<meta name=\"twitter:data1\" content=\"1 minut\" \/>\r\n<script type=\"application\/ld+json\" class=\"yoast-schema-graph\">{\"@context\":\"https:\/\/schema.org\",\"@graph\":[{\"@type\":\"WebPage\",\"@id\":\"https:\/\/induzon.com\/sv\/produkt\/luftrida-luftridaaggregat-kommersiell-for-hissar-affar-butik-industriport-industriporter-entre\/\",\"url\":\"https:\/\/induzon.com\/sv\/produkt\/luftrida-luftridaaggregat-kommersiell-for-hissar-affar-butik-industriport-industriporter-entre\/\",\"name\":\"Kommersiell luftrid\u00e5 f\u00f6r stormarknader och k\u00f6pcentrum -Induzon\",\"isPartOf\":{\"@id\":\"https:\/\/induzon.com\/sv\/#website\"},\"primaryImageOfPage\":{\"@id\":\"https:\/\/induzon.com\/sv\/produkt\/luftrida-luftridaaggregat-kommersiell-for-hissar-affar-butik-industriport-industriporter-entre\/#primaryimage\"},\"image\":{\"@id\":\"https:\/\/induzon.com\/sv\/produkt\/luftrida-luftridaaggregat-kommersiell-for-hissar-affar-butik-industriport-industriporter-entre\/#primaryimage\"},\"thumbnailUrl\":\"https:\/\/induzon.com\/wp-content\/uploads\/2025\/06\/\u56fe-7-4.jpg\",\"datePublished\":\"2025-06-25T02:57:55+00:00\",\"dateModified\":\"2026-01-05T09:20:23+00:00\",\"description\":\"Kommersiell luftrid\u00e5 Luftrid\u00e5 industriport, entr\u00e9, luftrid\u00e5aggregat, luftrid\u00e5er Luftrid\u00e5 Luftrid\u00e5aggregat Kommersiell f\u00f6r Hissar, Aff\u00e4r, Butik, Industriport\",\"breadcrumb\":{\"@id\":\"https:\/\/induzon.com\/sv\/produkt\/luftrida-luftridaaggregat-kommersiell-for-hissar-affar-butik-industriport-industriporter-entre\/#breadcrumb\"},\"inLanguage\":\"sv-SE\",\"potentialAction\":[{\"@type\":\"ReadAction\",\"target\":[\"https:\/\/induzon.com\/sv\/produkt\/luftrida-luftridaaggregat-kommersiell-for-hissar-affar-butik-industriport-industriporter-entre\/\"]}]},{\"@type\":\"ImageObject\",\"inLanguage\":\"sv-SE\",\"@id\":\"https:\/\/induzon.com\/sv\/produkt\/luftrida-luftridaaggregat-kommersiell-for-hissar-affar-butik-industriport-industriporter-entre\/#primaryimage\",\"url\":\"https:\/\/induzon.com\/wp-content\/uploads\/2025\/06\/\u56fe-7-4.jpg\",\"contentUrl\":\"https:\/\/induzon.com\/wp-content\/uploads\/2025\/06\/\u56fe-7-4.jpg\",\"width\":1500,\"height\":1500,\"caption\":\"Kommersiell luftrid\u00e5 Luftrid\u00e5 industriport, entr\u00e9, luftrid\u00e5aggregat, luftrid\u00e5er Luftrid\u00e5 Luftrid\u00e5aggregat Kommersiell f\u00f6r Hissar, Aff\u00e4r, Butik, Industriport\"},{\"@type\":\"BreadcrumbList\",\"@id\":\"https:\/\/induzon.com\/sv\/produkt\/luftrida-luftridaaggregat-kommersiell-for-hissar-affar-butik-industriport-industriporter-entre\/#breadcrumb\",\"itemListElement\":[{\"@type\":\"ListItem\",\"position\":1,\"name\":\"\u9996\u9875\",\"item\":\"https:\/\/induzon.com\/sv\/hem\/\"},{\"@type\":\"ListItem\",\"position\":2,\"name\":\"Butik\",\"item\":\"https:\/\/induzon.com\/sv\/butik\/\"},{\"@type\":\"ListItem\",\"position\":3,\"name\":\"Luftrid\u00e5 Luftrid\u00e5aggregat Kommersiell f\u00f6r Hissar, Aff\u00e4r, Butik, Industriport, Industriporter, Entr\u00e9\"}]},{\"@type\":\"WebSite\",\"@id\":\"https:\/\/induzon.com\/sv\/#website\",\"url\":\"https:\/\/induzon.com\/sv\/\",\"name\":\"induzon\",\"description\":\"\",\"publisher\":{\"@id\":\"https:\/\/induzon.com\/sv\/#organization\"},\"potentialAction\":[{\"@type\":\"SearchAction\",\"target\":{\"@type\":\"EntryPoint\",\"urlTemplate\":\"https:\/\/induzon.com\/sv\/?s={search_term_string}\"},\"query-input\":{\"@type\":\"PropertyValueSpecification\",\"valueRequired\":true,\"valueName\":\"search_term_string\"}}],\"inLanguage\":\"sv-SE\"},{\"@type\":\"Organization\",\"@id\":\"https:\/\/induzon.com\/sv\/#organization\",\"name\":\"induzon\",\"url\":\"https:\/\/induzon.com\/sv\/\",\"logo\":{\"@type\":\"ImageObject\",\"inLanguage\":\"sv-SE\",\"@id\":\"https:\/\/induzon.com\/sv\/#\/schema\/logo\/image\/\",\"url\":\"https:\/\/induzon.com\/wp-content\/uploads\/2025\/05\/cropped-026.png\",\"contentUrl\":\"https:\/\/induzon.com\/wp-content\/uploads\/2025\/05\/cropped-026.png\",\"width\":512,\"height\":512,\"caption\":\"induzon\"},\"image\":{\"@id\":\"https:\/\/induzon.com\/sv\/#\/schema\/logo\/image\/\"}}]}<\/script>\r\n<!-- \/ Yoast SEO plugin. -->","yoast_head_json":{"title":"Kommersiell luftrid\u00e5 f\u00f6r stormarknader och k\u00f6pcentrum -Induzon","description":"Kommersiell luftrid\u00e5 Luftrid\u00e5 industriport, entr\u00e9, luftrid\u00e5aggregat, luftrid\u00e5er Luftrid\u00e5 Luftrid\u00e5aggregat Kommersiell f\u00f6r Hissar, Aff\u00e4r, Butik, Industriport","robots":{"index":"index","follow":"follow","max-snippet":"max-snippet:-1","max-image-preview":"max-image-preview:large","max-video-preview":"max-video-preview:-1"},"canonical":"https:\/\/induzon.com\/sv\/produkt\/luftrida-luftridaaggregat-kommersiell-for-hissar-affar-butik-industriport-industriporter-entre\/","og_locale":"sv_SE","og_type":"article","og_title":"Kommersiell luftrid\u00e5 f\u00f6r stormarknader och k\u00f6pcentrum -Induzon","og_description":"Kommersiell luftrid\u00e5 Luftrid\u00e5 industriport, entr\u00e9, luftrid\u00e5aggregat, luftrid\u00e5er Luftrid\u00e5 Luftrid\u00e5aggregat Kommersiell f\u00f6r Hissar, Aff\u00e4r, Butik, Industriport","og_url":"https:\/\/induzon.com\/sv\/produkt\/luftrida-luftridaaggregat-kommersiell-for-hissar-affar-butik-industriport-industriporter-entre\/","og_site_name":"induzon","article_modified_time":"2026-01-05T09:20:23+00:00","og_image":[{"width":1500,"height":1500,"url":"https:\/\/induzon.com\/wp-content\/uploads\/2025\/06\/\u56fe-7-4.jpg","type":"image\/jpeg"}],"twitter_card":"summary_large_image","twitter_misc":{"Ber\u00e4knad l\u00e4stid":"1 minut"},"schema":{"@context":"https:\/\/schema.org","@graph":[{"@type":"WebPage","@id":"https:\/\/induzon.com\/sv\/produkt\/luftrida-luftridaaggregat-kommersiell-for-hissar-affar-butik-industriport-industriporter-entre\/","url":"https:\/\/induzon.com\/sv\/produkt\/luftrida-luftridaaggregat-kommersiell-for-hissar-affar-butik-industriport-industriporter-entre\/","name":"Kommersiell luftrid\u00e5 f\u00f6r stormarknader och k\u00f6pcentrum -Induzon","isPartOf":{"@id":"https:\/\/induzon.com\/sv\/#website"},"primaryImageOfPage":{"@id":"https:\/\/induzon.com\/sv\/produkt\/luftrida-luftridaaggregat-kommersiell-for-hissar-affar-butik-industriport-industriporter-entre\/#primaryimage"},"image":{"@id":"https:\/\/induzon.com\/sv\/produkt\/luftrida-luftridaaggregat-kommersiell-for-hissar-affar-butik-industriport-industriporter-entre\/#primaryimage"},"thumbnailUrl":"https:\/\/induzon.com\/wp-content\/uploads\/2025\/06\/\u56fe-7-4.jpg","datePublished":"2025-06-25T02:57:55+00:00","dateModified":"2026-01-05T09:20:23+00:00","description":"Kommersiell luftrid\u00e5 Luftrid\u00e5 industriport, entr\u00e9, luftrid\u00e5aggregat, luftrid\u00e5er Luftrid\u00e5 Luftrid\u00e5aggregat Kommersiell f\u00f6r Hissar, Aff\u00e4r, Butik, Industriport","breadcrumb":{"@id":"https:\/\/induzon.com\/sv\/produkt\/luftrida-luftridaaggregat-kommersiell-for-hissar-affar-butik-industriport-industriporter-entre\/#breadcrumb"},"inLanguage":"sv-SE","potentialAction":[{"@type":"ReadAction","target":["https:\/\/induzon.com\/sv\/produkt\/luftrida-luftridaaggregat-kommersiell-for-hissar-affar-butik-industriport-industriporter-entre\/"]}]},{"@type":"ImageObject","inLanguage":"sv-SE","@id":"https:\/\/induzon.com\/sv\/produkt\/luftrida-luftridaaggregat-kommersiell-for-hissar-affar-butik-industriport-industriporter-entre\/#primaryimage","url":"https:\/\/induzon.com\/wp-content\/uploads\/2025\/06\/\u56fe-7-4.jpg","contentUrl":"https:\/\/induzon.com\/wp-content\/uploads\/2025\/06\/\u56fe-7-4.jpg","width":1500,"height":1500,"caption":"Kommersiell luftrid\u00e5 Luftrid\u00e5 industriport, entr\u00e9, luftrid\u00e5aggregat, luftrid\u00e5er Luftrid\u00e5 Luftrid\u00e5aggregat Kommersiell f\u00f6r Hissar, Aff\u00e4r, Butik, Industriport"},{"@type":"BreadcrumbList","@id":"https:\/\/induzon.com\/sv\/produkt\/luftrida-luftridaaggregat-kommersiell-for-hissar-affar-butik-industriport-industriporter-entre\/#breadcrumb","itemListElement":[{"@type":"ListItem","position":1,"name":"\u9996\u9875","item":"https:\/\/induzon.com\/sv\/hem\/"},{"@type":"ListItem","position":2,"name":"Butik","item":"https:\/\/induzon.com\/sv\/butik\/"},{"@type":"ListItem","position":3,"name":"Luftrid\u00e5 Luftrid\u00e5aggregat Kommersiell f\u00f6r Hissar, Aff\u00e4r, Butik, Industriport, Industriporter, Entr\u00e9"}]},{"@type":"WebSite","@id":"https:\/\/induzon.com\/sv\/#website","url":"https:\/\/induzon.com\/sv\/","name":"induzon","description":"","publisher":{"@id":"https:\/\/induzon.com\/sv\/#organization"},"potentialAction":[{"@type":"SearchAction","target":{"@type":"EntryPoint","urlTemplate":"https:\/\/induzon.com\/sv\/?s={search_term_string}"},"query-input":{"@type":"PropertyValueSpecification","valueRequired":true,"valueName":"search_term_string"}}],"inLanguage":"sv-SE"},{"@type":"Organization","@id":"https:\/\/induzon.com\/sv\/#organization","name":"induzon","url":"https:\/\/induzon.com\/sv\/","logo":{"@type":"ImageObject","inLanguage":"sv-SE","@id":"https:\/\/induzon.com\/sv\/#\/schema\/logo\/image\/","url":"https:\/\/induzon.com\/wp-content\/uploads\/2025\/05\/cropped-026.png","contentUrl":"https:\/\/induzon.com\/wp-content\/uploads\/2025\/05\/cropped-026.png","width":512,"height":512,"caption":"induzon"},"image":{"@id":"https:\/\/induzon.com\/sv\/#\/schema\/logo\/image\/"}}]}},"_links":{"self":[{"href":"https:\/\/induzon.com\/sv\/wp-json\/wp\/v2\/product\/12611","targetHints":{"allow":["GET"]}}],"collection":[{"href":"https:\/\/induzon.com\/sv\/wp-json\/wp\/v2\/product"}],"about":[{"href":"https:\/\/induzon.com\/sv\/wp-json\/wp\/v2\/types\/product"}],"replies":[{"embeddable":true,"href":"https:\/\/induzon.com\/sv\/wp-json\/wp\/v2\/comments?post=12611"}],"version-history":[{"count":1,"href":"https:\/\/induzon.com\/sv\/wp-json\/wp\/v2\/product\/12611\/revisions"}],"predecessor-version":[{"id":32754,"href":"https:\/\/induzon.com\/sv\/wp-json\/wp\/v2\/product\/12611\/revisions\/32754"}],"wp:featuredmedia":[{"embeddable":true,"href":"https:\/\/induzon.com\/sv\/wp-json\/wp\/v2\/media\/12328"}],"wp:attachment":[{"href":"https:\/\/induzon.com\/sv\/wp-json\/wp\/v2\/media?parent=12611"}],"wp:term":[{"taxonomy":"product_brand","embeddable":true,"href":"https:\/\/induzon.com\/sv\/wp-json\/wp\/v2\/product_brand?post=12611"},{"taxonomy":"product_cat","embeddable":true,"href":"https:\/\/induzon.com\/sv\/wp-json\/wp\/v2\/product_cat?post=12611"},{"taxonomy":"product_tag","embeddable":true,"href":"https:\/\/induzon.com\/sv\/wp-json\/wp\/v2\/product_tag?post=12611"}],"curies":[{"name":"wp","href":"https:\/\/api.w.org\/{rel}","templated":true}]}}