{"id":14058,"date":"2025-06-27T10:24:18","date_gmt":"2025-06-27T02:24:18","guid":{"rendered":"https:\/\/induzon.com\/shop\/terrassvarmare-gasol-for-utomhus-uterum-altan-gasolvarmare-terassvarmare-gas-gasvarmare-for-uteplats-fortalt-gasolkamin-bast-i-test-hangande-3\/"},"modified":"2026-01-05T15:07:51","modified_gmt":"2026-01-05T07:07:51","slug":"terrassvarmare-gasol-for-utomhus-uterum-altan-gasolvarmare-terassvarmare-gas-gasvarmare-for-uteplats-fortalt-gasolkamin-bast-i-test-hangande-3","status":"publish","type":"product","link":"https:\/\/induzon.com\/sv\/produkt\/terrassvarmare-gasol-for-utomhus-uterum-altan-gasolvarmare-terassvarmare-gas-gasvarmare-for-uteplats-fortalt-gasolkamin-bast-i-test-hangande-3\/","title":{"rendered":"Terrassv\u00e4rmare gasol f\u00f6r utomhus uterum altan gasolv\u00e4rmare terassv\u00e4rmare gas gasv\u00e4rmare f\u00f6r uteplats f\u00f6rt\u00e4lt gasolkamin b\u00e4st i test h\u00e4ngande"},"content":{"rendered":"<p>1.Effektiv uppv\u00e4rmning f\u00f6r utomhusbruk med v\u00e5r parasolformade gasv\u00e4rmare, perfekt f\u00f6r tr\u00e4dg\u00e5rdar och uteplatser.<br \/>\n2.Anv\u00e4nds med propan och designad f\u00f6r att ge bekv\u00e4m v\u00e4rme under kalla dagar och kv\u00e4llar utomhus.<br \/>\n3.Stabil och s\u00e4ker design med h\u00f6g kvalitet f\u00f6r l\u00e5ngvarig anv\u00e4ndning i olika utomhusmilj\u00f6er.<br \/>\n4.Enkel att montera och anv\u00e4nda, idealisk f\u00f6r att skapa en mysig atmosf\u00e4r p\u00e5 din uteplats eller tr\u00e4dg\u00e5rd.<br \/>\n5.Energisn\u00e5l och milj\u00f6v\u00e4nlig gasv\u00e4rmare som ger j\u00e4mn och behaglig v\u00e4rme utan on\u00f6digt energisl\u00f6seri.<\/p>\n","protected":false},"excerpt":{"rendered":"<p>Terrassv\u00e4rmare gasol f\u00f6r utomhus uterum altan gasolv\u00e4rmare terassv\u00e4rmare gas gasv\u00e4rmare f\u00f6r uteplats f\u00f6rt\u00e4lt gasolkamin b\u00e4st i test h\u00e4ngande<\/p>\n","protected":false},"featured_media":13646,"comment_status":"open","ping_status":"closed","template":"","meta":{"site-sidebar-layout":"default","site-content-layout":"","ast-site-content-layout":"default","site-content-style":"default","site-sidebar-style":"default","ast-global-header-display":"","ast-banner-title-visibility":"","ast-main-header-display":"","ast-hfb-above-header-display":"","ast-hfb-below-header-display":"","ast-hfb-mobile-header-display":"","site-post-title":"","ast-breadcrumbs-content":"","ast-featured-img":"","footer-sml-layout":"","theme-transparent-header-meta":"default","adv-header-id-meta":"","stick-header-meta":"","header-above-stick-meta":"","header-main-stick-meta":"","header-below-stick-meta":"","astra-migrate-meta-layouts":"set","ast-page-background-enabled":"default","ast-page-background-meta":{"desktop":{"background-color":"var(--ast-global-color-4)","background-image":"","background-repeat":"repeat","background-position":"center center","background-size":"auto","background-attachment":"scroll","background-type":"","background-media":"","overlay-type":"","overlay-color":"","overlay-opacity":"","overlay-gradient":""},"tablet":{"background-color":"","background-image":"","background-repeat":"repeat","background-position":"center center","background-size":"auto","background-attachment":"scroll","background-type":"","background-media":"","overlay-type":"","overlay-color":"","overlay-opacity":"","overlay-gradient":""},"mobile":{"background-color":"","background-image":"","background-repeat":"repeat","background-position":"center center","background-size":"auto","background-attachment":"scroll","background-type":"","background-media":"","overlay-type":"","overlay-color":"","overlay-opacity":"","overlay-gradient":""}},"ast-content-background-meta":{"desktop":{"background-color":"var(--ast-global-color-5)","background-image":"","background-repeat":"repeat","background-position":"center center","background-size":"auto","background-attachment":"scroll","background-type":"","background-media":"","overlay-type":"","overlay-color":"","overlay-opacity":"","overlay-gradient":""},"tablet":{"background-color":"var(--ast-global-color-5)","background-image":"","background-repeat":"repeat","background-position":"center center","background-size":"auto","background-attachment":"scroll","background-type":"","background-media":"","overlay-type":"","overlay-color":"","overlay-opacity":"","overlay-gradient":""},"mobile":{"background-color":"var(--ast-global-color-5)","background-image":"","background-repeat":"repeat","background-position":"center center","background-size":"auto","background-attachment":"scroll","background-type":"","background-media":"","overlay-type":"","overlay-color":"","overlay-opacity":"","overlay-gradient":""}}},"product_brand":[],"product_cat":[1137,1136],"product_tag":[1138],"class_list":{"0":"post-14058","1":"product","2":"type-product","3":"status-publish","4":"has-post-thumbnail","6":"product_cat-uppvarmning-utomhus","7":"product_cat-utomhus-tradgard","8":"product_tag-uppvarmning-utomhus","9":"desktop-align-left","10":"tablet-align-left","11":"mobile-align-left","13":"first","14":"instock","15":"sale","16":"shipping-taxable","17":"purchasable","18":"product-type-variable"},"yoast_head":"<!-- This site is optimized with the Yoast SEO plugin v24.9 - https:\/\/yoast.com\/wordpress\/plugins\/seo\/ -->\r\n<title>Rostfritt st\u00e5l propan terrassv\u00e4rmare ,infrar\u00f6d v\u00e4rme -induzon<\/title>\r\n<meta name=\"description\" content=\"Terrassv\u00e4rmare gasol f\u00f6r utomhus uterum altan gasolv\u00e4rmare terassv\u00e4rmare gas gasv\u00e4rmare f\u00f6r uteplats f\u00f6rt\u00e4lt gasolkamin b\u00e4st i test h\u00e4ngande\" \/>\r\n<meta name=\"robots\" content=\"index, follow, max-snippet:-1, max-image-preview:large, max-video-preview:-1\" \/>\r\n<link rel=\"canonical\" href=\"https:\/\/induzon.com\/sv\/produkt\/terrassvarmare-gasol-for-utomhus-uterum-altan-gasolvarmare-terassvarmare-gas-gasvarmare-for-uteplats-fortalt-gasolkamin-bast-i-test-hangande-3\/\" \/>\r\n<meta property=\"og:locale\" content=\"sv_SE\" \/>\r\n<meta property=\"og:type\" content=\"article\" \/>\r\n<meta property=\"og:title\" content=\"Rostfritt st\u00e5l propan terrassv\u00e4rmare ,infrar\u00f6d v\u00e4rme -induzon\" \/>\r\n<meta property=\"og:description\" content=\"Terrassv\u00e4rmare gasol f\u00f6r utomhus uterum altan gasolv\u00e4rmare terassv\u00e4rmare gas gasv\u00e4rmare f\u00f6r uteplats f\u00f6rt\u00e4lt gasolkamin b\u00e4st i test h\u00e4ngande\" \/>\r\n<meta property=\"og:url\" content=\"https:\/\/induzon.com\/sv\/produkt\/terrassvarmare-gasol-for-utomhus-uterum-altan-gasolvarmare-terassvarmare-gas-gasvarmare-for-uteplats-fortalt-gasolkamin-bast-i-test-hangande-3\/\" \/>\r\n<meta property=\"og:site_name\" content=\"induzon\" \/>\r\n<meta property=\"article:modified_time\" content=\"2026-01-05T07:07:51+00:00\" \/>\r\n<meta property=\"og:image\" content=\"https:\/\/induzon.com\/wp-content\/uploads\/2025\/06\/\u56fe-2-4.jpg\" \/>\r\n\t<meta property=\"og:image:width\" content=\"1500\" \/>\r\n\t<meta property=\"og:image:height\" content=\"1500\" \/>\r\n\t<meta property=\"og:image:type\" content=\"image\/jpeg\" \/>\r\n<meta name=\"twitter:card\" content=\"summary_large_image\" \/>\r\n<meta name=\"twitter:label1\" content=\"Ber\u00e4knad l\u00e4stid\" \/>\n\t<meta name=\"twitter:data1\" content=\"1 minut\" \/>\r\n<script type=\"application\/ld+json\" class=\"yoast-schema-graph\">{\"@context\":\"https:\/\/schema.org\",\"@graph\":[{\"@type\":\"WebPage\",\"@id\":\"https:\/\/induzon.com\/sv\/produkt\/terrassvarmare-gasol-for-utomhus-uterum-altan-gasolvarmare-terassvarmare-gas-gasvarmare-for-uteplats-fortalt-gasolkamin-bast-i-test-hangande-3\/\",\"url\":\"https:\/\/induzon.com\/sv\/produkt\/terrassvarmare-gasol-for-utomhus-uterum-altan-gasolvarmare-terassvarmare-gas-gasvarmare-for-uteplats-fortalt-gasolkamin-bast-i-test-hangande-3\/\",\"name\":\"Rostfritt st\u00e5l propan terrassv\u00e4rmare ,infrar\u00f6d v\u00e4rme -induzon\",\"isPartOf\":{\"@id\":\"https:\/\/induzon.com\/sv\/#website\"},\"primaryImageOfPage\":{\"@id\":\"https:\/\/induzon.com\/sv\/produkt\/terrassvarmare-gasol-for-utomhus-uterum-altan-gasolvarmare-terassvarmare-gas-gasvarmare-for-uteplats-fortalt-gasolkamin-bast-i-test-hangande-3\/#primaryimage\"},\"image\":{\"@id\":\"https:\/\/induzon.com\/sv\/produkt\/terrassvarmare-gasol-for-utomhus-uterum-altan-gasolvarmare-terassvarmare-gas-gasvarmare-for-uteplats-fortalt-gasolkamin-bast-i-test-hangande-3\/#primaryimage\"},\"thumbnailUrl\":\"https:\/\/induzon.com\/wp-content\/uploads\/2025\/06\/\u56fe-2-4.jpg\",\"datePublished\":\"2025-06-27T02:24:18+00:00\",\"dateModified\":\"2026-01-05T07:07:51+00:00\",\"description\":\"Terrassv\u00e4rmare gasol f\u00f6r utomhus uterum altan gasolv\u00e4rmare terassv\u00e4rmare gas gasv\u00e4rmare f\u00f6r uteplats f\u00f6rt\u00e4lt gasolkamin b\u00e4st i test h\u00e4ngande\",\"breadcrumb\":{\"@id\":\"https:\/\/induzon.com\/sv\/produkt\/terrassvarmare-gasol-for-utomhus-uterum-altan-gasolvarmare-terassvarmare-gas-gasvarmare-for-uteplats-fortalt-gasolkamin-bast-i-test-hangande-3\/#breadcrumb\"},\"inLanguage\":\"sv-SE\",\"potentialAction\":[{\"@type\":\"ReadAction\",\"target\":[\"https:\/\/induzon.com\/sv\/produkt\/terrassvarmare-gasol-for-utomhus-uterum-altan-gasolvarmare-terassvarmare-gas-gasvarmare-for-uteplats-fortalt-gasolkamin-bast-i-test-hangande-3\/\"]}]},{\"@type\":\"ImageObject\",\"inLanguage\":\"sv-SE\",\"@id\":\"https:\/\/induzon.com\/sv\/produkt\/terrassvarmare-gasol-for-utomhus-uterum-altan-gasolvarmare-terassvarmare-gas-gasvarmare-for-uteplats-fortalt-gasolkamin-bast-i-test-hangande-3\/#primaryimage\",\"url\":\"https:\/\/induzon.com\/wp-content\/uploads\/2025\/06\/\u56fe-2-4.jpg\",\"contentUrl\":\"https:\/\/induzon.com\/wp-content\/uploads\/2025\/06\/\u56fe-2-4.jpg\",\"width\":1500,\"height\":1500,\"caption\":\"Rostfritt st\u00e5l propan terrassv\u00e4rmare infrar\u00f6d v\u00e4rme\"},{\"@type\":\"BreadcrumbList\",\"@id\":\"https:\/\/induzon.com\/sv\/produkt\/terrassvarmare-gasol-for-utomhus-uterum-altan-gasolvarmare-terassvarmare-gas-gasvarmare-for-uteplats-fortalt-gasolkamin-bast-i-test-hangande-3\/#breadcrumb\",\"itemListElement\":[{\"@type\":\"ListItem\",\"position\":1,\"name\":\"\u9996\u9875\",\"item\":\"https:\/\/induzon.com\/sv\/hem\/\"},{\"@type\":\"ListItem\",\"position\":2,\"name\":\"Butik\",\"item\":\"https:\/\/induzon.com\/sv\/butik\/\"},{\"@type\":\"ListItem\",\"position\":3,\"name\":\"Terrassv\u00e4rmare gasol f\u00f6r utomhus uterum altan gasolv\u00e4rmare terassv\u00e4rmare gas gasv\u00e4rmare f\u00f6r uteplats f\u00f6rt\u00e4lt gasolkamin b\u00e4st i test h\u00e4ngande\"}]},{\"@type\":\"WebSite\",\"@id\":\"https:\/\/induzon.com\/sv\/#website\",\"url\":\"https:\/\/induzon.com\/sv\/\",\"name\":\"induzon\",\"description\":\"\",\"publisher\":{\"@id\":\"https:\/\/induzon.com\/sv\/#organization\"},\"potentialAction\":[{\"@type\":\"SearchAction\",\"target\":{\"@type\":\"EntryPoint\",\"urlTemplate\":\"https:\/\/induzon.com\/sv\/?s={search_term_string}\"},\"query-input\":{\"@type\":\"PropertyValueSpecification\",\"valueRequired\":true,\"valueName\":\"search_term_string\"}}],\"inLanguage\":\"sv-SE\"},{\"@type\":\"Organization\",\"@id\":\"https:\/\/induzon.com\/sv\/#organization\",\"name\":\"induzon\",\"url\":\"https:\/\/induzon.com\/sv\/\",\"logo\":{\"@type\":\"ImageObject\",\"inLanguage\":\"sv-SE\",\"@id\":\"https:\/\/induzon.com\/sv\/#\/schema\/logo\/image\/\",\"url\":\"https:\/\/induzon.com\/wp-content\/uploads\/2025\/05\/cropped-026.png\",\"contentUrl\":\"https:\/\/induzon.com\/wp-content\/uploads\/2025\/05\/cropped-026.png\",\"width\":512,\"height\":512,\"caption\":\"induzon\"},\"image\":{\"@id\":\"https:\/\/induzon.com\/sv\/#\/schema\/logo\/image\/\"}}]}<\/script>\r\n<!-- \/ Yoast SEO plugin. -->","yoast_head_json":{"title":"Rostfritt st\u00e5l propan terrassv\u00e4rmare ,infrar\u00f6d v\u00e4rme -induzon","description":"Terrassv\u00e4rmare gasol f\u00f6r utomhus uterum altan gasolv\u00e4rmare terassv\u00e4rmare gas gasv\u00e4rmare f\u00f6r uteplats f\u00f6rt\u00e4lt gasolkamin b\u00e4st i test h\u00e4ngande","robots":{"index":"index","follow":"follow","max-snippet":"max-snippet:-1","max-image-preview":"max-image-preview:large","max-video-preview":"max-video-preview:-1"},"canonical":"https:\/\/induzon.com\/sv\/produkt\/terrassvarmare-gasol-for-utomhus-uterum-altan-gasolvarmare-terassvarmare-gas-gasvarmare-for-uteplats-fortalt-gasolkamin-bast-i-test-hangande-3\/","og_locale":"sv_SE","og_type":"article","og_title":"Rostfritt st\u00e5l propan terrassv\u00e4rmare ,infrar\u00f6d v\u00e4rme -induzon","og_description":"Terrassv\u00e4rmare gasol f\u00f6r utomhus uterum altan gasolv\u00e4rmare terassv\u00e4rmare gas gasv\u00e4rmare f\u00f6r uteplats f\u00f6rt\u00e4lt gasolkamin b\u00e4st i test h\u00e4ngande","og_url":"https:\/\/induzon.com\/sv\/produkt\/terrassvarmare-gasol-for-utomhus-uterum-altan-gasolvarmare-terassvarmare-gas-gasvarmare-for-uteplats-fortalt-gasolkamin-bast-i-test-hangande-3\/","og_site_name":"induzon","article_modified_time":"2026-01-05T07:07:51+00:00","og_image":[{"width":1500,"height":1500,"url":"https:\/\/induzon.com\/wp-content\/uploads\/2025\/06\/\u56fe-2-4.jpg","type":"image\/jpeg"}],"twitter_card":"summary_large_image","twitter_misc":{"Ber\u00e4knad l\u00e4stid":"1 minut"},"schema":{"@context":"https:\/\/schema.org","@graph":[{"@type":"WebPage","@id":"https:\/\/induzon.com\/sv\/produkt\/terrassvarmare-gasol-for-utomhus-uterum-altan-gasolvarmare-terassvarmare-gas-gasvarmare-for-uteplats-fortalt-gasolkamin-bast-i-test-hangande-3\/","url":"https:\/\/induzon.com\/sv\/produkt\/terrassvarmare-gasol-for-utomhus-uterum-altan-gasolvarmare-terassvarmare-gas-gasvarmare-for-uteplats-fortalt-gasolkamin-bast-i-test-hangande-3\/","name":"Rostfritt st\u00e5l propan terrassv\u00e4rmare ,infrar\u00f6d v\u00e4rme -induzon","isPartOf":{"@id":"https:\/\/induzon.com\/sv\/#website"},"primaryImageOfPage":{"@id":"https:\/\/induzon.com\/sv\/produkt\/terrassvarmare-gasol-for-utomhus-uterum-altan-gasolvarmare-terassvarmare-gas-gasvarmare-for-uteplats-fortalt-gasolkamin-bast-i-test-hangande-3\/#primaryimage"},"image":{"@id":"https:\/\/induzon.com\/sv\/produkt\/terrassvarmare-gasol-for-utomhus-uterum-altan-gasolvarmare-terassvarmare-gas-gasvarmare-for-uteplats-fortalt-gasolkamin-bast-i-test-hangande-3\/#primaryimage"},"thumbnailUrl":"https:\/\/induzon.com\/wp-content\/uploads\/2025\/06\/\u56fe-2-4.jpg","datePublished":"2025-06-27T02:24:18+00:00","dateModified":"2026-01-05T07:07:51+00:00","description":"Terrassv\u00e4rmare gasol f\u00f6r utomhus uterum altan gasolv\u00e4rmare terassv\u00e4rmare gas gasv\u00e4rmare f\u00f6r uteplats f\u00f6rt\u00e4lt gasolkamin b\u00e4st i test h\u00e4ngande","breadcrumb":{"@id":"https:\/\/induzon.com\/sv\/produkt\/terrassvarmare-gasol-for-utomhus-uterum-altan-gasolvarmare-terassvarmare-gas-gasvarmare-for-uteplats-fortalt-gasolkamin-bast-i-test-hangande-3\/#breadcrumb"},"inLanguage":"sv-SE","potentialAction":[{"@type":"ReadAction","target":["https:\/\/induzon.com\/sv\/produkt\/terrassvarmare-gasol-for-utomhus-uterum-altan-gasolvarmare-terassvarmare-gas-gasvarmare-for-uteplats-fortalt-gasolkamin-bast-i-test-hangande-3\/"]}]},{"@type":"ImageObject","inLanguage":"sv-SE","@id":"https:\/\/induzon.com\/sv\/produkt\/terrassvarmare-gasol-for-utomhus-uterum-altan-gasolvarmare-terassvarmare-gas-gasvarmare-for-uteplats-fortalt-gasolkamin-bast-i-test-hangande-3\/#primaryimage","url":"https:\/\/induzon.com\/wp-content\/uploads\/2025\/06\/\u56fe-2-4.jpg","contentUrl":"https:\/\/induzon.com\/wp-content\/uploads\/2025\/06\/\u56fe-2-4.jpg","width":1500,"height":1500,"caption":"Rostfritt st\u00e5l propan terrassv\u00e4rmare infrar\u00f6d v\u00e4rme"},{"@type":"BreadcrumbList","@id":"https:\/\/induzon.com\/sv\/produkt\/terrassvarmare-gasol-for-utomhus-uterum-altan-gasolvarmare-terassvarmare-gas-gasvarmare-for-uteplats-fortalt-gasolkamin-bast-i-test-hangande-3\/#breadcrumb","itemListElement":[{"@type":"ListItem","position":1,"name":"\u9996\u9875","item":"https:\/\/induzon.com\/sv\/hem\/"},{"@type":"ListItem","position":2,"name":"Butik","item":"https:\/\/induzon.com\/sv\/butik\/"},{"@type":"ListItem","position":3,"name":"Terrassv\u00e4rmare gasol f\u00f6r utomhus uterum altan gasolv\u00e4rmare terassv\u00e4rmare gas gasv\u00e4rmare f\u00f6r uteplats f\u00f6rt\u00e4lt gasolkamin b\u00e4st i test h\u00e4ngande"}]},{"@type":"WebSite","@id":"https:\/\/induzon.com\/sv\/#website","url":"https:\/\/induzon.com\/sv\/","name":"induzon","description":"","publisher":{"@id":"https:\/\/induzon.com\/sv\/#organization"},"potentialAction":[{"@type":"SearchAction","target":{"@type":"EntryPoint","urlTemplate":"https:\/\/induzon.com\/sv\/?s={search_term_string}"},"query-input":{"@type":"PropertyValueSpecification","valueRequired":true,"valueName":"search_term_string"}}],"inLanguage":"sv-SE"},{"@type":"Organization","@id":"https:\/\/induzon.com\/sv\/#organization","name":"induzon","url":"https:\/\/induzon.com\/sv\/","logo":{"@type":"ImageObject","inLanguage":"sv-SE","@id":"https:\/\/induzon.com\/sv\/#\/schema\/logo\/image\/","url":"https:\/\/induzon.com\/wp-content\/uploads\/2025\/05\/cropped-026.png","contentUrl":"https:\/\/induzon.com\/wp-content\/uploads\/2025\/05\/cropped-026.png","width":512,"height":512,"caption":"induzon"},"image":{"@id":"https:\/\/induzon.com\/sv\/#\/schema\/logo\/image\/"}}]}},"_links":{"self":[{"href":"https:\/\/induzon.com\/sv\/wp-json\/wp\/v2\/product\/14058","targetHints":{"allow":["GET"]}}],"collection":[{"href":"https:\/\/induzon.com\/sv\/wp-json\/wp\/v2\/product"}],"about":[{"href":"https:\/\/induzon.com\/sv\/wp-json\/wp\/v2\/types\/product"}],"replies":[{"embeddable":true,"href":"https:\/\/induzon.com\/sv\/wp-json\/wp\/v2\/comments?post=14058"}],"version-history":[{"count":1,"href":"https:\/\/induzon.com\/sv\/wp-json\/wp\/v2\/product\/14058\/revisions"}],"predecessor-version":[{"id":28287,"href":"https:\/\/induzon.com\/sv\/wp-json\/wp\/v2\/product\/14058\/revisions\/28287"}],"wp:featuredmedia":[{"embeddable":true,"href":"https:\/\/induzon.com\/sv\/wp-json\/wp\/v2\/media\/13646"}],"wp:attachment":[{"href":"https:\/\/induzon.com\/sv\/wp-json\/wp\/v2\/media?parent=14058"}],"wp:term":[{"taxonomy":"product_brand","embeddable":true,"href":"https:\/\/induzon.com\/sv\/wp-json\/wp\/v2\/product_brand?post=14058"},{"taxonomy":"product_cat","embeddable":true,"href":"https:\/\/induzon.com\/sv\/wp-json\/wp\/v2\/product_cat?post=14058"},{"taxonomy":"product_tag","embeddable":true,"href":"https:\/\/induzon.com\/sv\/wp-json\/wp\/v2\/product_tag?post=14058"}],"curies":[{"name":"wp","href":"https:\/\/api.w.org\/{rel}","templated":true}]}}