{"id":15738,"date":"2025-07-02T13:17:43","date_gmt":"2025-07-02T05:17:43","guid":{"rendered":"https:\/\/induzon.com\/shop\/luftrida-for-affar-butik-industriport-entre-luftridaaggregat-luftridaer-kommersiell-luftrida-industriporter-2\/"},"modified":"2026-01-02T15:18:42","modified_gmt":"2026-01-02T07:18:42","slug":"luftrida-for-affar-butik-industriport-entre-luftridaaggregat-luftridaer-kommersiell-luftrida-industriporter-2","status":"publish","type":"product","link":"https:\/\/induzon.com\/sv\/produkt\/luftrida-for-affar-butik-industriport-entre-luftridaaggregat-luftridaer-kommersiell-luftrida-industriporter-2\/","title":{"rendered":"Luftrid\u00e5 f\u00f6r aff\u00e4r butik industriport entr\u00e9 luftrid\u00e5aggregat luftrid\u00e5er kommersiell luftrid\u00e5 industriporter"},"content":{"rendered":"<p>1.Effektiv kommersiell vindrid\u00e5 f\u00f6r butiker och k\u00f6pcentrum<br \/>\n2.H\u00e5ller insekter borta och sparar energi samtidigt<br \/>\n3.Robust design f\u00f6r industriellt bruk och tunga f\u00f6rh\u00e5llanden<br \/>\n4.Enkel installation och l\u00e5gt underh\u00e5ll f\u00f6r l\u00e5ngvarig prestanda<br \/>\n5.Idealisk f\u00f6r kontroll av temperatur och luftfl\u00f6de inomhus<\/p>\n","protected":false},"excerpt":{"rendered":"<p>1.Effektiv kommersiell vindrid\u00e5 f\u00f6r butiker och k\u00f6pcentrum 2.H\u00e5ller insekter borta och sparar energi samtidigt 3.Robust design f\u00f6r industriellt bruk och [&hellip;]<\/p>\n","protected":false},"featured_media":15524,"comment_status":"open","ping_status":"closed","template":"","meta":{"site-sidebar-layout":"default","site-content-layout":"","ast-site-content-layout":"default","site-content-style":"default","site-sidebar-style":"default","ast-global-header-display":"","ast-banner-title-visibility":"","ast-main-header-display":"","ast-hfb-above-header-display":"","ast-hfb-below-header-display":"","ast-hfb-mobile-header-display":"","site-post-title":"","ast-breadcrumbs-content":"","ast-featured-img":"","footer-sml-layout":"","theme-transparent-header-meta":"default","adv-header-id-meta":"","stick-header-meta":"","header-above-stick-meta":"","header-main-stick-meta":"","header-below-stick-meta":"","astra-migrate-meta-layouts":"default","ast-page-background-enabled":"default","ast-page-background-meta":{"desktop":{"background-color":"var(--ast-global-color-4)","background-image":"","background-repeat":"repeat","background-position":"center center","background-size":"auto","background-attachment":"scroll","background-type":"","background-media":"","overlay-type":"","overlay-color":"","overlay-opacity":"","overlay-gradient":""},"tablet":{"background-color":"","background-image":"","background-repeat":"repeat","background-position":"center center","background-size":"auto","background-attachment":"scroll","background-type":"","background-media":"","overlay-type":"","overlay-color":"","overlay-opacity":"","overlay-gradient":""},"mobile":{"background-color":"","background-image":"","background-repeat":"repeat","background-position":"center center","background-size":"auto","background-attachment":"scroll","background-type":"","background-media":"","overlay-type":"","overlay-color":"","overlay-opacity":"","overlay-gradient":""}},"ast-content-background-meta":{"desktop":{"background-color":"var(--ast-global-color-5)","background-image":"","background-repeat":"repeat","background-position":"center center","background-size":"auto","background-attachment":"scroll","background-type":"","background-media":"","overlay-type":"","overlay-color":"","overlay-opacity":"","overlay-gradient":""},"tablet":{"background-color":"var(--ast-global-color-5)","background-image":"","background-repeat":"repeat","background-position":"center center","background-size":"auto","background-attachment":"scroll","background-type":"","background-media":"","overlay-type":"","overlay-color":"","overlay-opacity":"","overlay-gradient":""},"mobile":{"background-color":"var(--ast-global-color-5)","background-image":"","background-repeat":"repeat","background-position":"center center","background-size":"auto","background-attachment":"scroll","background-type":"","background-media":"","overlay-type":"","overlay-color":"","overlay-opacity":"","overlay-gradient":""}}},"product_brand":[],"product_cat":[1472,1079,1080],"product_tag":[1473],"class_list":{"0":"post-15738","1":"product","2":"type-product","3":"status-publish","4":"has-post-thumbnail","6":"product_cat-inbyggd-varme-och-kyla","7":"product_cat-industriell-och-kommersiell-utrustning","8":"product_cat-luftkonditionerings-och-ventilationsutrustning","9":"product_tag-inbyggd-varme-och-kyla","10":"desktop-align-left","11":"tablet-align-left","12":"mobile-align-left","14":"first","15":"instock","16":"sale","17":"shipping-taxable","18":"purchasable","19":"product-type-variable"},"yoast_head":"<!-- This site is optimized with the Yoast SEO plugin v24.9 - https:\/\/yoast.com\/wordpress\/plugins\/seo\/ -->\r\n<title>Kommersiella industriella luftrid\u00e5er Inbyggd v\u00e4rme kylning -Induzon<\/title>\r\n<meta name=\"description\" content=\"Commercial air curtains for doors, industrial air curtain fans with heater\/AC functions,PVC curtain strips, panels for fly control.\" \/>\r\n<meta name=\"robots\" content=\"index, follow, max-snippet:-1, max-image-preview:large, max-video-preview:-1\" \/>\r\n<link rel=\"canonical\" href=\"https:\/\/induzon.com\/sv\/produkt\/luftrida-for-affar-butik-industriport-entre-luftridaaggregat-luftridaer-kommersiell-luftrida-industriporter-2\/\" \/>\r\n<meta property=\"og:locale\" content=\"sv_SE\" \/>\r\n<meta property=\"og:type\" content=\"article\" \/>\r\n<meta property=\"og:title\" content=\"Kommersiella industriella luftrid\u00e5er Inbyggd v\u00e4rme kylning -Induzon\" \/>\r\n<meta property=\"og:description\" content=\"Commercial air curtains for doors, industrial air curtain fans with heater\/AC functions,PVC curtain strips, panels for fly control.\" \/>\r\n<meta property=\"og:url\" content=\"https:\/\/induzon.com\/sv\/produkt\/luftrida-for-affar-butik-industriport-entre-luftridaaggregat-luftridaer-kommersiell-luftrida-industriporter-2\/\" \/>\r\n<meta property=\"og:site_name\" content=\"induzon\" \/>\r\n<meta property=\"article:modified_time\" content=\"2026-01-02T07:18:42+00:00\" \/>\r\n<meta property=\"og:image\" content=\"https:\/\/induzon.com\/wp-content\/uploads\/2025\/07\/\u56fe-1-4.jpg\" \/>\r\n\t<meta property=\"og:image:width\" content=\"1500\" \/>\r\n\t<meta property=\"og:image:height\" content=\"1500\" \/>\r\n\t<meta property=\"og:image:type\" content=\"image\/jpeg\" \/>\r\n<meta name=\"twitter:card\" content=\"summary_large_image\" \/>\r\n<script type=\"application\/ld+json\" class=\"yoast-schema-graph\">{\"@context\":\"https:\/\/schema.org\",\"@graph\":[{\"@type\":\"WebPage\",\"@id\":\"https:\/\/induzon.com\/sv\/produkt\/luftrida-for-affar-butik-industriport-entre-luftridaaggregat-luftridaer-kommersiell-luftrida-industriporter-2\/\",\"url\":\"https:\/\/induzon.com\/sv\/produkt\/luftrida-for-affar-butik-industriport-entre-luftridaaggregat-luftridaer-kommersiell-luftrida-industriporter-2\/\",\"name\":\"Kommersiella industriella luftrid\u00e5er Inbyggd v\u00e4rme kylning -Induzon\",\"isPartOf\":{\"@id\":\"https:\/\/induzon.com\/sv\/#website\"},\"primaryImageOfPage\":{\"@id\":\"https:\/\/induzon.com\/sv\/produkt\/luftrida-for-affar-butik-industriport-entre-luftridaaggregat-luftridaer-kommersiell-luftrida-industriporter-2\/#primaryimage\"},\"image\":{\"@id\":\"https:\/\/induzon.com\/sv\/produkt\/luftrida-for-affar-butik-industriport-entre-luftridaaggregat-luftridaer-kommersiell-luftrida-industriporter-2\/#primaryimage\"},\"thumbnailUrl\":\"https:\/\/induzon.com\/wp-content\/uploads\/2025\/07\/\u56fe-1-4.jpg\",\"datePublished\":\"2025-07-02T05:17:43+00:00\",\"dateModified\":\"2026-01-02T07:18:42+00:00\",\"description\":\"Commercial air curtains for doors, industrial air curtain fans with heater\/AC functions,PVC curtain strips, panels for fly control.\",\"breadcrumb\":{\"@id\":\"https:\/\/induzon.com\/sv\/produkt\/luftrida-for-affar-butik-industriport-entre-luftridaaggregat-luftridaer-kommersiell-luftrida-industriporter-2\/#breadcrumb\"},\"inLanguage\":\"sv-SE\",\"potentialAction\":[{\"@type\":\"ReadAction\",\"target\":[\"https:\/\/induzon.com\/sv\/produkt\/luftrida-for-affar-butik-industriport-entre-luftridaaggregat-luftridaer-kommersiell-luftrida-industriporter-2\/\"]}]},{\"@type\":\"ImageObject\",\"inLanguage\":\"sv-SE\",\"@id\":\"https:\/\/induzon.com\/sv\/produkt\/luftrida-for-affar-butik-industriport-entre-luftridaaggregat-luftridaer-kommersiell-luftrida-industriporter-2\/#primaryimage\",\"url\":\"https:\/\/induzon.com\/wp-content\/uploads\/2025\/07\/\u56fe-1-4.jpg\",\"contentUrl\":\"https:\/\/induzon.com\/wp-content\/uploads\/2025\/07\/\u56fe-1-4.jpg\",\"width\":1500,\"height\":1500,\"caption\":\"Kommersiella industriella luftrid\u00e5er Inbyggd v\u00e4rme kylning\"},{\"@type\":\"BreadcrumbList\",\"@id\":\"https:\/\/induzon.com\/sv\/produkt\/luftrida-for-affar-butik-industriport-entre-luftridaaggregat-luftridaer-kommersiell-luftrida-industriporter-2\/#breadcrumb\",\"itemListElement\":[{\"@type\":\"ListItem\",\"position\":1,\"name\":\"\u9996\u9875\",\"item\":\"https:\/\/induzon.com\/sv\/hem\/\"},{\"@type\":\"ListItem\",\"position\":2,\"name\":\"Butik\",\"item\":\"https:\/\/induzon.com\/sv\/butik\/\"},{\"@type\":\"ListItem\",\"position\":3,\"name\":\"Luftrid\u00e5 f\u00f6r aff\u00e4r butik industriport entr\u00e9 luftrid\u00e5aggregat luftrid\u00e5er kommersiell luftrid\u00e5 industriporter\"}]},{\"@type\":\"WebSite\",\"@id\":\"https:\/\/induzon.com\/sv\/#website\",\"url\":\"https:\/\/induzon.com\/sv\/\",\"name\":\"induzon\",\"description\":\"\",\"publisher\":{\"@id\":\"https:\/\/induzon.com\/sv\/#organization\"},\"potentialAction\":[{\"@type\":\"SearchAction\",\"target\":{\"@type\":\"EntryPoint\",\"urlTemplate\":\"https:\/\/induzon.com\/sv\/?s={search_term_string}\"},\"query-input\":{\"@type\":\"PropertyValueSpecification\",\"valueRequired\":true,\"valueName\":\"search_term_string\"}}],\"inLanguage\":\"sv-SE\"},{\"@type\":\"Organization\",\"@id\":\"https:\/\/induzon.com\/sv\/#organization\",\"name\":\"induzon\",\"url\":\"https:\/\/induzon.com\/sv\/\",\"logo\":{\"@type\":\"ImageObject\",\"inLanguage\":\"sv-SE\",\"@id\":\"https:\/\/induzon.com\/sv\/#\/schema\/logo\/image\/\",\"url\":\"https:\/\/induzon.com\/wp-content\/uploads\/2025\/05\/cropped-026.png\",\"contentUrl\":\"https:\/\/induzon.com\/wp-content\/uploads\/2025\/05\/cropped-026.png\",\"width\":512,\"height\":512,\"caption\":\"induzon\"},\"image\":{\"@id\":\"https:\/\/induzon.com\/sv\/#\/schema\/logo\/image\/\"}}]}<\/script>\r\n<!-- \/ Yoast SEO plugin. -->","yoast_head_json":{"title":"Kommersiella industriella luftrid\u00e5er Inbyggd v\u00e4rme kylning -Induzon","description":"Commercial air curtains for doors, industrial air curtain fans with heater\/AC functions,PVC curtain strips, panels for fly control.","robots":{"index":"index","follow":"follow","max-snippet":"max-snippet:-1","max-image-preview":"max-image-preview:large","max-video-preview":"max-video-preview:-1"},"canonical":"https:\/\/induzon.com\/sv\/produkt\/luftrida-for-affar-butik-industriport-entre-luftridaaggregat-luftridaer-kommersiell-luftrida-industriporter-2\/","og_locale":"sv_SE","og_type":"article","og_title":"Kommersiella industriella luftrid\u00e5er Inbyggd v\u00e4rme kylning -Induzon","og_description":"Commercial air curtains for doors, industrial air curtain fans with heater\/AC functions,PVC curtain strips, panels for fly control.","og_url":"https:\/\/induzon.com\/sv\/produkt\/luftrida-for-affar-butik-industriport-entre-luftridaaggregat-luftridaer-kommersiell-luftrida-industriporter-2\/","og_site_name":"induzon","article_modified_time":"2026-01-02T07:18:42+00:00","og_image":[{"width":1500,"height":1500,"url":"https:\/\/induzon.com\/wp-content\/uploads\/2025\/07\/\u56fe-1-4.jpg","type":"image\/jpeg"}],"twitter_card":"summary_large_image","schema":{"@context":"https:\/\/schema.org","@graph":[{"@type":"WebPage","@id":"https:\/\/induzon.com\/sv\/produkt\/luftrida-for-affar-butik-industriport-entre-luftridaaggregat-luftridaer-kommersiell-luftrida-industriporter-2\/","url":"https:\/\/induzon.com\/sv\/produkt\/luftrida-for-affar-butik-industriport-entre-luftridaaggregat-luftridaer-kommersiell-luftrida-industriporter-2\/","name":"Kommersiella industriella luftrid\u00e5er Inbyggd v\u00e4rme kylning -Induzon","isPartOf":{"@id":"https:\/\/induzon.com\/sv\/#website"},"primaryImageOfPage":{"@id":"https:\/\/induzon.com\/sv\/produkt\/luftrida-for-affar-butik-industriport-entre-luftridaaggregat-luftridaer-kommersiell-luftrida-industriporter-2\/#primaryimage"},"image":{"@id":"https:\/\/induzon.com\/sv\/produkt\/luftrida-for-affar-butik-industriport-entre-luftridaaggregat-luftridaer-kommersiell-luftrida-industriporter-2\/#primaryimage"},"thumbnailUrl":"https:\/\/induzon.com\/wp-content\/uploads\/2025\/07\/\u56fe-1-4.jpg","datePublished":"2025-07-02T05:17:43+00:00","dateModified":"2026-01-02T07:18:42+00:00","description":"Commercial air curtains for doors, industrial air curtain fans with heater\/AC functions,PVC curtain strips, panels for fly control.","breadcrumb":{"@id":"https:\/\/induzon.com\/sv\/produkt\/luftrida-for-affar-butik-industriport-entre-luftridaaggregat-luftridaer-kommersiell-luftrida-industriporter-2\/#breadcrumb"},"inLanguage":"sv-SE","potentialAction":[{"@type":"ReadAction","target":["https:\/\/induzon.com\/sv\/produkt\/luftrida-for-affar-butik-industriport-entre-luftridaaggregat-luftridaer-kommersiell-luftrida-industriporter-2\/"]}]},{"@type":"ImageObject","inLanguage":"sv-SE","@id":"https:\/\/induzon.com\/sv\/produkt\/luftrida-for-affar-butik-industriport-entre-luftridaaggregat-luftridaer-kommersiell-luftrida-industriporter-2\/#primaryimage","url":"https:\/\/induzon.com\/wp-content\/uploads\/2025\/07\/\u56fe-1-4.jpg","contentUrl":"https:\/\/induzon.com\/wp-content\/uploads\/2025\/07\/\u56fe-1-4.jpg","width":1500,"height":1500,"caption":"Kommersiella industriella luftrid\u00e5er Inbyggd v\u00e4rme kylning"},{"@type":"BreadcrumbList","@id":"https:\/\/induzon.com\/sv\/produkt\/luftrida-for-affar-butik-industriport-entre-luftridaaggregat-luftridaer-kommersiell-luftrida-industriporter-2\/#breadcrumb","itemListElement":[{"@type":"ListItem","position":1,"name":"\u9996\u9875","item":"https:\/\/induzon.com\/sv\/hem\/"},{"@type":"ListItem","position":2,"name":"Butik","item":"https:\/\/induzon.com\/sv\/butik\/"},{"@type":"ListItem","position":3,"name":"Luftrid\u00e5 f\u00f6r aff\u00e4r butik industriport entr\u00e9 luftrid\u00e5aggregat luftrid\u00e5er kommersiell luftrid\u00e5 industriporter"}]},{"@type":"WebSite","@id":"https:\/\/induzon.com\/sv\/#website","url":"https:\/\/induzon.com\/sv\/","name":"induzon","description":"","publisher":{"@id":"https:\/\/induzon.com\/sv\/#organization"},"potentialAction":[{"@type":"SearchAction","target":{"@type":"EntryPoint","urlTemplate":"https:\/\/induzon.com\/sv\/?s={search_term_string}"},"query-input":{"@type":"PropertyValueSpecification","valueRequired":true,"valueName":"search_term_string"}}],"inLanguage":"sv-SE"},{"@type":"Organization","@id":"https:\/\/induzon.com\/sv\/#organization","name":"induzon","url":"https:\/\/induzon.com\/sv\/","logo":{"@type":"ImageObject","inLanguage":"sv-SE","@id":"https:\/\/induzon.com\/sv\/#\/schema\/logo\/image\/","url":"https:\/\/induzon.com\/wp-content\/uploads\/2025\/05\/cropped-026.png","contentUrl":"https:\/\/induzon.com\/wp-content\/uploads\/2025\/05\/cropped-026.png","width":512,"height":512,"caption":"induzon"},"image":{"@id":"https:\/\/induzon.com\/sv\/#\/schema\/logo\/image\/"}}]}},"_links":{"self":[{"href":"https:\/\/induzon.com\/sv\/wp-json\/wp\/v2\/product\/15738","targetHints":{"allow":["GET"]}}],"collection":[{"href":"https:\/\/induzon.com\/sv\/wp-json\/wp\/v2\/product"}],"about":[{"href":"https:\/\/induzon.com\/sv\/wp-json\/wp\/v2\/types\/product"}],"replies":[{"embeddable":true,"href":"https:\/\/induzon.com\/sv\/wp-json\/wp\/v2\/comments?post=15738"}],"version-history":[{"count":2,"href":"https:\/\/induzon.com\/sv\/wp-json\/wp\/v2\/product\/15738\/revisions"}],"predecessor-version":[{"id":32666,"href":"https:\/\/induzon.com\/sv\/wp-json\/wp\/v2\/product\/15738\/revisions\/32666"}],"wp:featuredmedia":[{"embeddable":true,"href":"https:\/\/induzon.com\/sv\/wp-json\/wp\/v2\/media\/15524"}],"wp:attachment":[{"href":"https:\/\/induzon.com\/sv\/wp-json\/wp\/v2\/media?parent=15738"}],"wp:term":[{"taxonomy":"product_brand","embeddable":true,"href":"https:\/\/induzon.com\/sv\/wp-json\/wp\/v2\/product_brand?post=15738"},{"taxonomy":"product_cat","embeddable":true,"href":"https:\/\/induzon.com\/sv\/wp-json\/wp\/v2\/product_cat?post=15738"},{"taxonomy":"product_tag","embeddable":true,"href":"https:\/\/induzon.com\/sv\/wp-json\/wp\/v2\/product_tag?post=15738"}],"curies":[{"name":"wp","href":"https:\/\/api.w.org\/{rel}","templated":true}]}}