{"id":17282,"date":"2025-07-09T15:39:59","date_gmt":"2025-07-09T07:39:59","guid":{"rendered":"https:\/\/induzon.com\/shop\/utsugsmunstycke-for-svets-rokutsug-lodroksutsug-sugmunstycke-rokhuv-dammsugarmunstycke-utsugskapa-plast-industriell-ventilation-rokhuva-av-aluminiumlegering-3\/"},"modified":"2025-12-31T14:08:52","modified_gmt":"2025-12-31T06:08:52","slug":"utsugsmunstycke-for-svets-rokutsug-lodroksutsug-sugmunstycke-rokhuv-dammsugarmunstycke-utsugskapa-plast-industriell-ventilation-rokhuva-av-aluminiumlegering-3","status":"publish","type":"product","link":"https:\/\/induzon.com\/sv\/produkt\/utsugsmunstycke-for-svets-rokutsug-lodroksutsug-sugmunstycke-rokhuv-dammsugarmunstycke-utsugskapa-plast-industriell-ventilation-rokhuva-av-aluminiumlegering-3\/","title":{"rendered":"utsugsmunstycke f\u00f6r svets r\u00f6kutsug l\u00f6dr\u00f6ksutsug sugmunstycke r\u00f6khuv utsugsk\u00e5pa aluminium industriell ventilation R\u00f6khuva av aluminium"},"content":{"rendered":"<p>1.Effektiv laserr\u00f6kextraktionsmunstycke f\u00f6r industriell svetsning och ventilation<br \/>\n2.H\u00e5llbar plastkonstruktion som ger l\u00e5ng livsl\u00e4ngd och p\u00e5litlig prestanda<br \/>\n3.Universell design passar de flesta svets- och r\u00f6kextraktionssystem<br \/>\n4.L\u00e4tt att installera och anv\u00e4nda f\u00f6r effektiv r\u00f6kavledning under arbete<br \/>\n5.Erbjuder renare arbetsmilj\u00f6 genom effektiv uppsamling av svetsr\u00f6k och dam<\/p>\n","protected":false},"excerpt":{"rendered":"<p>1.Effektiv laserr\u00f6kextraktionsmunstycke f\u00f6r industriell svetsning och ventilation 2.H\u00e5llbar plastkonstruktion som ger l\u00e5ng livsl\u00e4ngd och p\u00e5litlig prestanda 3.Universell design passar de [&hellip;]<\/p>\n","protected":false},"featured_media":16570,"comment_status":"open","ping_status":"closed","template":"","meta":{"site-sidebar-layout":"default","site-content-layout":"","ast-site-content-layout":"default","site-content-style":"default","site-sidebar-style":"default","ast-global-header-display":"","ast-banner-title-visibility":"","ast-main-header-display":"","ast-hfb-above-header-display":"","ast-hfb-below-header-display":"","ast-hfb-mobile-header-display":"","site-post-title":"","ast-breadcrumbs-content":"","ast-featured-img":"","footer-sml-layout":"","theme-transparent-header-meta":"default","adv-header-id-meta":"","stick-header-meta":"","header-above-stick-meta":"","header-main-stick-meta":"","header-below-stick-meta":"","astra-migrate-meta-layouts":"set","ast-page-background-enabled":"default","ast-page-background-meta":{"desktop":{"background-color":"var(--ast-global-color-4)","background-image":"","background-repeat":"repeat","background-position":"center center","background-size":"auto","background-attachment":"scroll","background-type":"","background-media":"","overlay-type":"","overlay-color":"","overlay-opacity":"","overlay-gradient":""},"tablet":{"background-color":"","background-image":"","background-repeat":"repeat","background-position":"center center","background-size":"auto","background-attachment":"scroll","background-type":"","background-media":"","overlay-type":"","overlay-color":"","overlay-opacity":"","overlay-gradient":""},"mobile":{"background-color":"","background-image":"","background-repeat":"repeat","background-position":"center center","background-size":"auto","background-attachment":"scroll","background-type":"","background-media":"","overlay-type":"","overlay-color":"","overlay-opacity":"","overlay-gradient":""}},"ast-content-background-meta":{"desktop":{"background-color":"var(--ast-global-color-5)","background-image":"","background-repeat":"repeat","background-position":"center center","background-size":"auto","background-attachment":"scroll","background-type":"","background-media":"","overlay-type":"","overlay-color":"","overlay-opacity":"","overlay-gradient":""},"tablet":{"background-color":"var(--ast-global-color-5)","background-image":"","background-repeat":"repeat","background-position":"center center","background-size":"auto","background-attachment":"scroll","background-type":"","background-media":"","overlay-type":"","overlay-color":"","overlay-opacity":"","overlay-gradient":""},"mobile":{"background-color":"var(--ast-global-color-5)","background-image":"","background-repeat":"repeat","background-position":"center center","background-size":"auto","background-attachment":"scroll","background-type":"","background-media":"","overlay-type":"","overlay-color":"","overlay-opacity":"","overlay-gradient":""}}},"product_brand":[],"product_cat":[1079,1526],"product_tag":[1527],"class_list":{"0":"post-17282","1":"product","2":"type-product","3":"status-publish","4":"has-post-thumbnail","6":"product_cat-industriell-och-kommersiell-utrustning","7":"product_cat-tillbehor-for-rening-av-rokgaser","8":"product_tag-utrustning-for-utsugning-av-rokgaser","9":"desktop-align-left","10":"tablet-align-left","11":"mobile-align-left","13":"first","14":"instock","15":"sale","16":"shipping-taxable","17":"purchasable","18":"product-type-variable"},"yoast_head":"<!-- This site is optimized with the Yoast SEO plugin v24.9 - https:\/\/yoast.com\/wordpress\/plugins\/seo\/ -->\r\n<title>utsugsmunstycke f\u00f6r svets r\u00f6kutsug l\u00f6dr\u00f6ksutsug -Induzon<\/title>\r\n<meta name=\"description\" content=\"L\u00f6dr\u00f6ksutsug och svetsr\u00f6kutsug med utsugsk\u00e5pa och munstycke f\u00f6r ren luft och effektiv r\u00f6kkontroll i arbetsmilj\u00f6er.\" \/>\r\n<meta name=\"robots\" content=\"index, follow, max-snippet:-1, max-image-preview:large, max-video-preview:-1\" \/>\r\n<link rel=\"canonical\" href=\"https:\/\/induzon.com\/sv\/produkt\/utsugsmunstycke-for-svets-rokutsug-lodroksutsug-sugmunstycke-rokhuv-dammsugarmunstycke-utsugskapa-plast-industriell-ventilation-rokhuva-av-aluminiumlegering-3\/\" \/>\r\n<meta property=\"og:locale\" content=\"sv_SE\" \/>\r\n<meta property=\"og:type\" content=\"article\" \/>\r\n<meta property=\"og:title\" content=\"utsugsmunstycke f\u00f6r svets r\u00f6kutsug l\u00f6dr\u00f6ksutsug -Induzon\" \/>\r\n<meta property=\"og:description\" content=\"L\u00f6dr\u00f6ksutsug och svetsr\u00f6kutsug med utsugsk\u00e5pa och munstycke f\u00f6r ren luft och effektiv r\u00f6kkontroll i arbetsmilj\u00f6er.\" \/>\r\n<meta property=\"og:url\" content=\"https:\/\/induzon.com\/sv\/produkt\/utsugsmunstycke-for-svets-rokutsug-lodroksutsug-sugmunstycke-rokhuv-dammsugarmunstycke-utsugskapa-plast-industriell-ventilation-rokhuva-av-aluminiumlegering-3\/\" \/>\r\n<meta property=\"og:site_name\" content=\"induzon\" \/>\r\n<meta property=\"article:modified_time\" content=\"2025-12-31T06:08:52+00:00\" \/>\r\n<meta property=\"og:image\" content=\"https:\/\/induzon.com\/wp-content\/uploads\/2025\/07\/\u56fe-2-8.jpg\" \/>\r\n\t<meta property=\"og:image:width\" content=\"1500\" \/>\r\n\t<meta property=\"og:image:height\" content=\"1500\" \/>\r\n\t<meta property=\"og:image:type\" content=\"image\/jpeg\" \/>\r\n<meta name=\"twitter:card\" content=\"summary_large_image\" \/>\r\n<meta name=\"twitter:label1\" content=\"Ber\u00e4knad l\u00e4stid\" \/>\n\t<meta name=\"twitter:data1\" content=\"1 minut\" \/>\r\n<script type=\"application\/ld+json\" class=\"yoast-schema-graph\">{\"@context\":\"https:\/\/schema.org\",\"@graph\":[{\"@type\":\"WebPage\",\"@id\":\"https:\/\/induzon.com\/sv\/produkt\/utsugsmunstycke-for-svets-rokutsug-lodroksutsug-sugmunstycke-rokhuv-dammsugarmunstycke-utsugskapa-plast-industriell-ventilation-rokhuva-av-aluminiumlegering-3\/\",\"url\":\"https:\/\/induzon.com\/sv\/produkt\/utsugsmunstycke-for-svets-rokutsug-lodroksutsug-sugmunstycke-rokhuv-dammsugarmunstycke-utsugskapa-plast-industriell-ventilation-rokhuva-av-aluminiumlegering-3\/\",\"name\":\"utsugsmunstycke f\u00f6r svets r\u00f6kutsug l\u00f6dr\u00f6ksutsug -Induzon\",\"isPartOf\":{\"@id\":\"https:\/\/induzon.com\/sv\/#website\"},\"primaryImageOfPage\":{\"@id\":\"https:\/\/induzon.com\/sv\/produkt\/utsugsmunstycke-for-svets-rokutsug-lodroksutsug-sugmunstycke-rokhuv-dammsugarmunstycke-utsugskapa-plast-industriell-ventilation-rokhuva-av-aluminiumlegering-3\/#primaryimage\"},\"image\":{\"@id\":\"https:\/\/induzon.com\/sv\/produkt\/utsugsmunstycke-for-svets-rokutsug-lodroksutsug-sugmunstycke-rokhuv-dammsugarmunstycke-utsugskapa-plast-industriell-ventilation-rokhuva-av-aluminiumlegering-3\/#primaryimage\"},\"thumbnailUrl\":\"https:\/\/induzon.com\/wp-content\/uploads\/2025\/07\/\u56fe-2-8.jpg\",\"datePublished\":\"2025-07-09T07:39:59+00:00\",\"dateModified\":\"2025-12-31T06:08:52+00:00\",\"description\":\"L\u00f6dr\u00f6ksutsug och svetsr\u00f6kutsug med utsugsk\u00e5pa och munstycke f\u00f6r ren luft och effektiv r\u00f6kkontroll i arbetsmilj\u00f6er.\",\"breadcrumb\":{\"@id\":\"https:\/\/induzon.com\/sv\/produkt\/utsugsmunstycke-for-svets-rokutsug-lodroksutsug-sugmunstycke-rokhuv-dammsugarmunstycke-utsugskapa-plast-industriell-ventilation-rokhuva-av-aluminiumlegering-3\/#breadcrumb\"},\"inLanguage\":\"sv-SE\",\"potentialAction\":[{\"@type\":\"ReadAction\",\"target\":[\"https:\/\/induzon.com\/sv\/produkt\/utsugsmunstycke-for-svets-rokutsug-lodroksutsug-sugmunstycke-rokhuv-dammsugarmunstycke-utsugskapa-plast-industriell-ventilation-rokhuva-av-aluminiumlegering-3\/\"]}]},{\"@type\":\"ImageObject\",\"inLanguage\":\"sv-SE\",\"@id\":\"https:\/\/induzon.com\/sv\/produkt\/utsugsmunstycke-for-svets-rokutsug-lodroksutsug-sugmunstycke-rokhuv-dammsugarmunstycke-utsugskapa-plast-industriell-ventilation-rokhuva-av-aluminiumlegering-3\/#primaryimage\",\"url\":\"https:\/\/induzon.com\/wp-content\/uploads\/2025\/07\/\u56fe-2-8.jpg\",\"contentUrl\":\"https:\/\/induzon.com\/wp-content\/uploads\/2025\/07\/\u56fe-2-8.jpg\",\"width\":1500,\"height\":1500,\"caption\":\"utsugsmunstycke f\u00f6r svets r\u00f6kutsug l\u00f6dr\u00f6ksutsug\"},{\"@type\":\"BreadcrumbList\",\"@id\":\"https:\/\/induzon.com\/sv\/produkt\/utsugsmunstycke-for-svets-rokutsug-lodroksutsug-sugmunstycke-rokhuv-dammsugarmunstycke-utsugskapa-plast-industriell-ventilation-rokhuva-av-aluminiumlegering-3\/#breadcrumb\",\"itemListElement\":[{\"@type\":\"ListItem\",\"position\":1,\"name\":\"\u9996\u9875\",\"item\":\"https:\/\/induzon.com\/sv\/hem\/\"},{\"@type\":\"ListItem\",\"position\":2,\"name\":\"Butik\",\"item\":\"https:\/\/induzon.com\/sv\/butik\/\"},{\"@type\":\"ListItem\",\"position\":3,\"name\":\"utsugsmunstycke f\u00f6r svets r\u00f6kutsug l\u00f6dr\u00f6ksutsug sugmunstycke r\u00f6khuv utsugsk\u00e5pa aluminium industriell ventilation R\u00f6khuva av aluminium\"}]},{\"@type\":\"WebSite\",\"@id\":\"https:\/\/induzon.com\/sv\/#website\",\"url\":\"https:\/\/induzon.com\/sv\/\",\"name\":\"induzon\",\"description\":\"\",\"publisher\":{\"@id\":\"https:\/\/induzon.com\/sv\/#organization\"},\"potentialAction\":[{\"@type\":\"SearchAction\",\"target\":{\"@type\":\"EntryPoint\",\"urlTemplate\":\"https:\/\/induzon.com\/sv\/?s={search_term_string}\"},\"query-input\":{\"@type\":\"PropertyValueSpecification\",\"valueRequired\":true,\"valueName\":\"search_term_string\"}}],\"inLanguage\":\"sv-SE\"},{\"@type\":\"Organization\",\"@id\":\"https:\/\/induzon.com\/sv\/#organization\",\"name\":\"induzon\",\"url\":\"https:\/\/induzon.com\/sv\/\",\"logo\":{\"@type\":\"ImageObject\",\"inLanguage\":\"sv-SE\",\"@id\":\"https:\/\/induzon.com\/sv\/#\/schema\/logo\/image\/\",\"url\":\"https:\/\/induzon.com\/wp-content\/uploads\/2025\/05\/cropped-026.png\",\"contentUrl\":\"https:\/\/induzon.com\/wp-content\/uploads\/2025\/05\/cropped-026.png\",\"width\":512,\"height\":512,\"caption\":\"induzon\"},\"image\":{\"@id\":\"https:\/\/induzon.com\/sv\/#\/schema\/logo\/image\/\"}}]}<\/script>\r\n<!-- \/ Yoast SEO plugin. -->","yoast_head_json":{"title":"utsugsmunstycke f\u00f6r svets r\u00f6kutsug l\u00f6dr\u00f6ksutsug -Induzon","description":"L\u00f6dr\u00f6ksutsug och svetsr\u00f6kutsug med utsugsk\u00e5pa och munstycke f\u00f6r ren luft och effektiv r\u00f6kkontroll i arbetsmilj\u00f6er.","robots":{"index":"index","follow":"follow","max-snippet":"max-snippet:-1","max-image-preview":"max-image-preview:large","max-video-preview":"max-video-preview:-1"},"canonical":"https:\/\/induzon.com\/sv\/produkt\/utsugsmunstycke-for-svets-rokutsug-lodroksutsug-sugmunstycke-rokhuv-dammsugarmunstycke-utsugskapa-plast-industriell-ventilation-rokhuva-av-aluminiumlegering-3\/","og_locale":"sv_SE","og_type":"article","og_title":"utsugsmunstycke f\u00f6r svets r\u00f6kutsug l\u00f6dr\u00f6ksutsug -Induzon","og_description":"L\u00f6dr\u00f6ksutsug och svetsr\u00f6kutsug med utsugsk\u00e5pa och munstycke f\u00f6r ren luft och effektiv r\u00f6kkontroll i arbetsmilj\u00f6er.","og_url":"https:\/\/induzon.com\/sv\/produkt\/utsugsmunstycke-for-svets-rokutsug-lodroksutsug-sugmunstycke-rokhuv-dammsugarmunstycke-utsugskapa-plast-industriell-ventilation-rokhuva-av-aluminiumlegering-3\/","og_site_name":"induzon","article_modified_time":"2025-12-31T06:08:52+00:00","og_image":[{"width":1500,"height":1500,"url":"https:\/\/induzon.com\/wp-content\/uploads\/2025\/07\/\u56fe-2-8.jpg","type":"image\/jpeg"}],"twitter_card":"summary_large_image","twitter_misc":{"Ber\u00e4knad l\u00e4stid":"1 minut"},"schema":{"@context":"https:\/\/schema.org","@graph":[{"@type":"WebPage","@id":"https:\/\/induzon.com\/sv\/produkt\/utsugsmunstycke-for-svets-rokutsug-lodroksutsug-sugmunstycke-rokhuv-dammsugarmunstycke-utsugskapa-plast-industriell-ventilation-rokhuva-av-aluminiumlegering-3\/","url":"https:\/\/induzon.com\/sv\/produkt\/utsugsmunstycke-for-svets-rokutsug-lodroksutsug-sugmunstycke-rokhuv-dammsugarmunstycke-utsugskapa-plast-industriell-ventilation-rokhuva-av-aluminiumlegering-3\/","name":"utsugsmunstycke f\u00f6r svets r\u00f6kutsug l\u00f6dr\u00f6ksutsug -Induzon","isPartOf":{"@id":"https:\/\/induzon.com\/sv\/#website"},"primaryImageOfPage":{"@id":"https:\/\/induzon.com\/sv\/produkt\/utsugsmunstycke-for-svets-rokutsug-lodroksutsug-sugmunstycke-rokhuv-dammsugarmunstycke-utsugskapa-plast-industriell-ventilation-rokhuva-av-aluminiumlegering-3\/#primaryimage"},"image":{"@id":"https:\/\/induzon.com\/sv\/produkt\/utsugsmunstycke-for-svets-rokutsug-lodroksutsug-sugmunstycke-rokhuv-dammsugarmunstycke-utsugskapa-plast-industriell-ventilation-rokhuva-av-aluminiumlegering-3\/#primaryimage"},"thumbnailUrl":"https:\/\/induzon.com\/wp-content\/uploads\/2025\/07\/\u56fe-2-8.jpg","datePublished":"2025-07-09T07:39:59+00:00","dateModified":"2025-12-31T06:08:52+00:00","description":"L\u00f6dr\u00f6ksutsug och svetsr\u00f6kutsug med utsugsk\u00e5pa och munstycke f\u00f6r ren luft och effektiv r\u00f6kkontroll i arbetsmilj\u00f6er.","breadcrumb":{"@id":"https:\/\/induzon.com\/sv\/produkt\/utsugsmunstycke-for-svets-rokutsug-lodroksutsug-sugmunstycke-rokhuv-dammsugarmunstycke-utsugskapa-plast-industriell-ventilation-rokhuva-av-aluminiumlegering-3\/#breadcrumb"},"inLanguage":"sv-SE","potentialAction":[{"@type":"ReadAction","target":["https:\/\/induzon.com\/sv\/produkt\/utsugsmunstycke-for-svets-rokutsug-lodroksutsug-sugmunstycke-rokhuv-dammsugarmunstycke-utsugskapa-plast-industriell-ventilation-rokhuva-av-aluminiumlegering-3\/"]}]},{"@type":"ImageObject","inLanguage":"sv-SE","@id":"https:\/\/induzon.com\/sv\/produkt\/utsugsmunstycke-for-svets-rokutsug-lodroksutsug-sugmunstycke-rokhuv-dammsugarmunstycke-utsugskapa-plast-industriell-ventilation-rokhuva-av-aluminiumlegering-3\/#primaryimage","url":"https:\/\/induzon.com\/wp-content\/uploads\/2025\/07\/\u56fe-2-8.jpg","contentUrl":"https:\/\/induzon.com\/wp-content\/uploads\/2025\/07\/\u56fe-2-8.jpg","width":1500,"height":1500,"caption":"utsugsmunstycke f\u00f6r svets r\u00f6kutsug l\u00f6dr\u00f6ksutsug"},{"@type":"BreadcrumbList","@id":"https:\/\/induzon.com\/sv\/produkt\/utsugsmunstycke-for-svets-rokutsug-lodroksutsug-sugmunstycke-rokhuv-dammsugarmunstycke-utsugskapa-plast-industriell-ventilation-rokhuva-av-aluminiumlegering-3\/#breadcrumb","itemListElement":[{"@type":"ListItem","position":1,"name":"\u9996\u9875","item":"https:\/\/induzon.com\/sv\/hem\/"},{"@type":"ListItem","position":2,"name":"Butik","item":"https:\/\/induzon.com\/sv\/butik\/"},{"@type":"ListItem","position":3,"name":"utsugsmunstycke f\u00f6r svets r\u00f6kutsug l\u00f6dr\u00f6ksutsug sugmunstycke r\u00f6khuv utsugsk\u00e5pa aluminium industriell ventilation R\u00f6khuva av aluminium"}]},{"@type":"WebSite","@id":"https:\/\/induzon.com\/sv\/#website","url":"https:\/\/induzon.com\/sv\/","name":"induzon","description":"","publisher":{"@id":"https:\/\/induzon.com\/sv\/#organization"},"potentialAction":[{"@type":"SearchAction","target":{"@type":"EntryPoint","urlTemplate":"https:\/\/induzon.com\/sv\/?s={search_term_string}"},"query-input":{"@type":"PropertyValueSpecification","valueRequired":true,"valueName":"search_term_string"}}],"inLanguage":"sv-SE"},{"@type":"Organization","@id":"https:\/\/induzon.com\/sv\/#organization","name":"induzon","url":"https:\/\/induzon.com\/sv\/","logo":{"@type":"ImageObject","inLanguage":"sv-SE","@id":"https:\/\/induzon.com\/sv\/#\/schema\/logo\/image\/","url":"https:\/\/induzon.com\/wp-content\/uploads\/2025\/05\/cropped-026.png","contentUrl":"https:\/\/induzon.com\/wp-content\/uploads\/2025\/05\/cropped-026.png","width":512,"height":512,"caption":"induzon"},"image":{"@id":"https:\/\/induzon.com\/sv\/#\/schema\/logo\/image\/"}}]}},"_links":{"self":[{"href":"https:\/\/induzon.com\/sv\/wp-json\/wp\/v2\/product\/17282","targetHints":{"allow":["GET"]}}],"collection":[{"href":"https:\/\/induzon.com\/sv\/wp-json\/wp\/v2\/product"}],"about":[{"href":"https:\/\/induzon.com\/sv\/wp-json\/wp\/v2\/types\/product"}],"replies":[{"embeddable":true,"href":"https:\/\/induzon.com\/sv\/wp-json\/wp\/v2\/comments?post=17282"}],"version-history":[{"count":1,"href":"https:\/\/induzon.com\/sv\/wp-json\/wp\/v2\/product\/17282\/revisions"}],"predecessor-version":[{"id":28274,"href":"https:\/\/induzon.com\/sv\/wp-json\/wp\/v2\/product\/17282\/revisions\/28274"}],"wp:featuredmedia":[{"embeddable":true,"href":"https:\/\/induzon.com\/sv\/wp-json\/wp\/v2\/media\/16570"}],"wp:attachment":[{"href":"https:\/\/induzon.com\/sv\/wp-json\/wp\/v2\/media?parent=17282"}],"wp:term":[{"taxonomy":"product_brand","embeddable":true,"href":"https:\/\/induzon.com\/sv\/wp-json\/wp\/v2\/product_brand?post=17282"},{"taxonomy":"product_cat","embeddable":true,"href":"https:\/\/induzon.com\/sv\/wp-json\/wp\/v2\/product_cat?post=17282"},{"taxonomy":"product_tag","embeddable":true,"href":"https:\/\/induzon.com\/sv\/wp-json\/wp\/v2\/product_tag?post=17282"}],"curies":[{"name":"wp","href":"https:\/\/api.w.org\/{rel}","templated":true}]}}