{"id":19626,"date":"2025-07-21T13:11:54","date_gmt":"2025-07-21T05:11:54","guid":{"rendered":"https:\/\/induzon.com\/shop\/hydrauloljekylare-for-mini-gravare-med-flakt-kylare-for-anlaggningsmaskiner-luftkylare-oljekylare-hydraulik-kit\/"},"modified":"2025-12-27T10:34:54","modified_gmt":"2025-12-27T02:34:54","slug":"hydrauloljekylare-for-mini-gravare-med-flakt-kylare-for-anlaggningsmaskiner-luftkylare-oljekylare-hydraulik-kit","status":"publish","type":"product","link":"https:\/\/induzon.com\/sv\/produkt\/hydrauloljekylare-for-mini-gravare-med-flakt-kylare-for-anlaggningsmaskiner-luftkylare-oljekylare-hydraulik-kit\/","title":{"rendered":"hydrauloljekylare f\u00f6r mini gr\u00e4vare med fl\u00e4kt kylare f\u00f6r anl\u00e4ggningsmaskiner luftkylare oljekylare hydraulik kit"},"content":{"rendered":"<p>1.Effektiv kylning med inbyggd fl\u00e4kt f\u00f6r optimal hydrauloljetemperatur<br \/>\n2.Passar perfekt f\u00f6r minigr\u00e4vmaskiner, traktorer och andra tunga fordon<br \/>\n3.12V-fl\u00e4kt s\u00e4kerst\u00e4ller p\u00e5litlig prestanda \u00e4ven under tuffa f\u00f6rh\u00e5llanden<br \/>\n4.L\u00e4tt att montera som ett komplement till din befintliga hydrauliksystem<br \/>\n5.Robust konstruktion f\u00f6r l\u00e5ng livsl\u00e4ngd och h\u00e5llbar kylprestanda<\/p>\n","protected":false},"excerpt":{"rendered":"<p>1.Effektiv kylning med inbyggd fl\u00e4kt f\u00f6r optimal hydrauloljetemperatur 2.Passar perfekt f\u00f6r minigr\u00e4vmaskiner, traktorer och andra tunga fordon 3.12V-fl\u00e4kt s\u00e4kerst\u00e4ller p\u00e5litlig [&hellip;]<\/p>\n","protected":false},"featured_media":19598,"comment_status":"open","ping_status":"closed","template":"","meta":{"site-sidebar-layout":"default","site-content-layout":"","ast-site-content-layout":"default","site-content-style":"default","site-sidebar-style":"default","ast-global-header-display":"","ast-banner-title-visibility":"","ast-main-header-display":"","ast-hfb-above-header-display":"","ast-hfb-below-header-display":"","ast-hfb-mobile-header-display":"","site-post-title":"","ast-breadcrumbs-content":"","ast-featured-img":"","footer-sml-layout":"","theme-transparent-header-meta":"default","adv-header-id-meta":"","stick-header-meta":"","header-above-stick-meta":"","header-main-stick-meta":"","header-below-stick-meta":"","astra-migrate-meta-layouts":"set","ast-page-background-enabled":"default","ast-page-background-meta":{"desktop":{"background-color":"var(--ast-global-color-4)","background-image":"","background-repeat":"repeat","background-position":"center center","background-size":"auto","background-attachment":"scroll","background-type":"","background-media":"","overlay-type":"","overlay-color":"","overlay-opacity":"","overlay-gradient":""},"tablet":{"background-color":"","background-image":"","background-repeat":"repeat","background-position":"center center","background-size":"auto","background-attachment":"scroll","background-type":"","background-media":"","overlay-type":"","overlay-color":"","overlay-opacity":"","overlay-gradient":""},"mobile":{"background-color":"","background-image":"","background-repeat":"repeat","background-position":"center center","background-size":"auto","background-attachment":"scroll","background-type":"","background-media":"","overlay-type":"","overlay-color":"","overlay-opacity":"","overlay-gradient":""}},"ast-content-background-meta":{"desktop":{"background-color":"var(--ast-global-color-5)","background-image":"","background-repeat":"repeat","background-position":"center center","background-size":"auto","background-attachment":"scroll","background-type":"","background-media":"","overlay-type":"","overlay-color":"","overlay-opacity":"","overlay-gradient":""},"tablet":{"background-color":"var(--ast-global-color-5)","background-image":"","background-repeat":"repeat","background-position":"center center","background-size":"auto","background-attachment":"scroll","background-type":"","background-media":"","overlay-type":"","overlay-color":"","overlay-opacity":"","overlay-gradient":""},"mobile":{"background-color":"var(--ast-global-color-5)","background-image":"","background-repeat":"repeat","background-position":"center center","background-size":"auto","background-attachment":"scroll","background-type":"","background-media":"","overlay-type":"","overlay-color":"","overlay-opacity":"","overlay-gradient":""}}},"product_brand":[],"product_cat":[1605,1604,1606],"product_tag":[1607],"class_list":{"0":"post-19626","1":"product","2":"type-product","3":"status-publish","4":"has-post-thumbnail","6":"product_cat-kylsystem","7":"product_cat-maskiner-och-industriprodukter","8":"product_cat-oljekylare","9":"product_tag-luftkylare","10":"desktop-align-left","11":"tablet-align-left","12":"mobile-align-left","14":"first","15":"instock","16":"sale","17":"shipping-taxable","18":"purchasable","19":"product-type-variable"},"yoast_head":"<!-- This site is optimized with the Yoast SEO plugin v24.9 - https:\/\/yoast.com\/wordpress\/plugins\/seo\/ -->\r\n<title>hydrauloljekylare f\u00f6r mini gr\u00e4vare med fl\u00e4kt luftkylare oljekylare<\/title>\r\n<meta name=\"description\" content=\"Hydraulisk oljekylare med fl\u00e4kt. Luftkylare f\u00f6r motorer, industriella kylsystem, hydraulikl\u00f6sningar.\" \/>\r\n<meta name=\"robots\" content=\"index, follow, max-snippet:-1, max-image-preview:large, max-video-preview:-1\" \/>\r\n<link rel=\"canonical\" href=\"https:\/\/induzon.com\/sv\/produkt\/hydrauloljekylare-for-mini-gravare-med-flakt-kylare-for-anlaggningsmaskiner-luftkylare-oljekylare-hydraulik-kit\/\" \/>\r\n<meta property=\"og:locale\" content=\"sv_SE\" \/>\r\n<meta property=\"og:type\" content=\"article\" \/>\r\n<meta property=\"og:title\" content=\"hydrauloljekylare f\u00f6r mini gr\u00e4vare med fl\u00e4kt luftkylare oljekylare\" \/>\r\n<meta property=\"og:description\" content=\"Hydraulisk oljekylare med fl\u00e4kt. Luftkylare f\u00f6r motorer, industriella kylsystem, hydraulikl\u00f6sningar.\" \/>\r\n<meta property=\"og:url\" content=\"https:\/\/induzon.com\/sv\/produkt\/hydrauloljekylare-for-mini-gravare-med-flakt-kylare-for-anlaggningsmaskiner-luftkylare-oljekylare-hydraulik-kit\/\" \/>\r\n<meta property=\"og:site_name\" content=\"induzon\" \/>\r\n<meta property=\"article:modified_time\" content=\"2025-12-27T02:34:54+00:00\" \/>\r\n<meta property=\"og:image\" content=\"https:\/\/induzon.com\/wp-content\/uploads\/2025\/07\/\u56fe-1-17.jpg\" \/>\r\n\t<meta property=\"og:image:width\" content=\"1500\" \/>\r\n\t<meta property=\"og:image:height\" content=\"1500\" \/>\r\n\t<meta property=\"og:image:type\" content=\"image\/jpeg\" \/>\r\n<meta name=\"twitter:card\" content=\"summary_large_image\" \/>\r\n<meta name=\"twitter:label1\" content=\"Ber\u00e4knad l\u00e4stid\" \/>\n\t<meta name=\"twitter:data1\" content=\"1 minut\" \/>\r\n<script type=\"application\/ld+json\" class=\"yoast-schema-graph\">{\"@context\":\"https:\/\/schema.org\",\"@graph\":[{\"@type\":\"WebPage\",\"@id\":\"https:\/\/induzon.com\/sv\/produkt\/hydrauloljekylare-for-mini-gravare-med-flakt-kylare-for-anlaggningsmaskiner-luftkylare-oljekylare-hydraulik-kit\/\",\"url\":\"https:\/\/induzon.com\/sv\/produkt\/hydrauloljekylare-for-mini-gravare-med-flakt-kylare-for-anlaggningsmaskiner-luftkylare-oljekylare-hydraulik-kit\/\",\"name\":\"hydrauloljekylare f\u00f6r mini gr\u00e4vare med fl\u00e4kt luftkylare oljekylare\",\"isPartOf\":{\"@id\":\"https:\/\/induzon.com\/sv\/#website\"},\"primaryImageOfPage\":{\"@id\":\"https:\/\/induzon.com\/sv\/produkt\/hydrauloljekylare-for-mini-gravare-med-flakt-kylare-for-anlaggningsmaskiner-luftkylare-oljekylare-hydraulik-kit\/#primaryimage\"},\"image\":{\"@id\":\"https:\/\/induzon.com\/sv\/produkt\/hydrauloljekylare-for-mini-gravare-med-flakt-kylare-for-anlaggningsmaskiner-luftkylare-oljekylare-hydraulik-kit\/#primaryimage\"},\"thumbnailUrl\":\"https:\/\/induzon.com\/wp-content\/uploads\/2025\/07\/\u56fe-1-17.jpg\",\"datePublished\":\"2025-07-21T05:11:54+00:00\",\"dateModified\":\"2025-12-27T02:34:54+00:00\",\"description\":\"Hydraulisk oljekylare med fl\u00e4kt. Luftkylare f\u00f6r motorer, industriella kylsystem, hydraulikl\u00f6sningar.\",\"breadcrumb\":{\"@id\":\"https:\/\/induzon.com\/sv\/produkt\/hydrauloljekylare-for-mini-gravare-med-flakt-kylare-for-anlaggningsmaskiner-luftkylare-oljekylare-hydraulik-kit\/#breadcrumb\"},\"inLanguage\":\"sv-SE\",\"potentialAction\":[{\"@type\":\"ReadAction\",\"target\":[\"https:\/\/induzon.com\/sv\/produkt\/hydrauloljekylare-for-mini-gravare-med-flakt-kylare-for-anlaggningsmaskiner-luftkylare-oljekylare-hydraulik-kit\/\"]}]},{\"@type\":\"ImageObject\",\"inLanguage\":\"sv-SE\",\"@id\":\"https:\/\/induzon.com\/sv\/produkt\/hydrauloljekylare-for-mini-gravare-med-flakt-kylare-for-anlaggningsmaskiner-luftkylare-oljekylare-hydraulik-kit\/#primaryimage\",\"url\":\"https:\/\/induzon.com\/wp-content\/uploads\/2025\/07\/\u56fe-1-17.jpg\",\"contentUrl\":\"https:\/\/induzon.com\/wp-content\/uploads\/2025\/07\/\u56fe-1-17.jpg\",\"width\":1500,\"height\":1500,\"caption\":\"Hydraulisk oljekylare \u00e4r l\u00e4mpliga f\u00f6r minigr\u00e4vare\"},{\"@type\":\"BreadcrumbList\",\"@id\":\"https:\/\/induzon.com\/sv\/produkt\/hydrauloljekylare-for-mini-gravare-med-flakt-kylare-for-anlaggningsmaskiner-luftkylare-oljekylare-hydraulik-kit\/#breadcrumb\",\"itemListElement\":[{\"@type\":\"ListItem\",\"position\":1,\"name\":\"\u9996\u9875\",\"item\":\"https:\/\/induzon.com\/sv\/hem\/\"},{\"@type\":\"ListItem\",\"position\":2,\"name\":\"Butik\",\"item\":\"https:\/\/induzon.com\/sv\/butik\/\"},{\"@type\":\"ListItem\",\"position\":3,\"name\":\"hydrauloljekylare f\u00f6r mini gr\u00e4vare med fl\u00e4kt kylare f\u00f6r anl\u00e4ggningsmaskiner luftkylare oljekylare hydraulik kit\"}]},{\"@type\":\"WebSite\",\"@id\":\"https:\/\/induzon.com\/sv\/#website\",\"url\":\"https:\/\/induzon.com\/sv\/\",\"name\":\"induzon\",\"description\":\"\",\"publisher\":{\"@id\":\"https:\/\/induzon.com\/sv\/#organization\"},\"potentialAction\":[{\"@type\":\"SearchAction\",\"target\":{\"@type\":\"EntryPoint\",\"urlTemplate\":\"https:\/\/induzon.com\/sv\/?s={search_term_string}\"},\"query-input\":{\"@type\":\"PropertyValueSpecification\",\"valueRequired\":true,\"valueName\":\"search_term_string\"}}],\"inLanguage\":\"sv-SE\"},{\"@type\":\"Organization\",\"@id\":\"https:\/\/induzon.com\/sv\/#organization\",\"name\":\"induzon\",\"url\":\"https:\/\/induzon.com\/sv\/\",\"logo\":{\"@type\":\"ImageObject\",\"inLanguage\":\"sv-SE\",\"@id\":\"https:\/\/induzon.com\/sv\/#\/schema\/logo\/image\/\",\"url\":\"https:\/\/induzon.com\/wp-content\/uploads\/2025\/05\/cropped-026.png\",\"contentUrl\":\"https:\/\/induzon.com\/wp-content\/uploads\/2025\/05\/cropped-026.png\",\"width\":512,\"height\":512,\"caption\":\"induzon\"},\"image\":{\"@id\":\"https:\/\/induzon.com\/sv\/#\/schema\/logo\/image\/\"}}]}<\/script>\r\n<!-- \/ Yoast SEO plugin. -->","yoast_head_json":{"title":"hydrauloljekylare f\u00f6r mini gr\u00e4vare med fl\u00e4kt luftkylare oljekylare","description":"Hydraulisk oljekylare med fl\u00e4kt. Luftkylare f\u00f6r motorer, industriella kylsystem, hydraulikl\u00f6sningar.","robots":{"index":"index","follow":"follow","max-snippet":"max-snippet:-1","max-image-preview":"max-image-preview:large","max-video-preview":"max-video-preview:-1"},"canonical":"https:\/\/induzon.com\/sv\/produkt\/hydrauloljekylare-for-mini-gravare-med-flakt-kylare-for-anlaggningsmaskiner-luftkylare-oljekylare-hydraulik-kit\/","og_locale":"sv_SE","og_type":"article","og_title":"hydrauloljekylare f\u00f6r mini gr\u00e4vare med fl\u00e4kt luftkylare oljekylare","og_description":"Hydraulisk oljekylare med fl\u00e4kt. Luftkylare f\u00f6r motorer, industriella kylsystem, hydraulikl\u00f6sningar.","og_url":"https:\/\/induzon.com\/sv\/produkt\/hydrauloljekylare-for-mini-gravare-med-flakt-kylare-for-anlaggningsmaskiner-luftkylare-oljekylare-hydraulik-kit\/","og_site_name":"induzon","article_modified_time":"2025-12-27T02:34:54+00:00","og_image":[{"width":1500,"height":1500,"url":"https:\/\/induzon.com\/wp-content\/uploads\/2025\/07\/\u56fe-1-17.jpg","type":"image\/jpeg"}],"twitter_card":"summary_large_image","twitter_misc":{"Ber\u00e4knad l\u00e4stid":"1 minut"},"schema":{"@context":"https:\/\/schema.org","@graph":[{"@type":"WebPage","@id":"https:\/\/induzon.com\/sv\/produkt\/hydrauloljekylare-for-mini-gravare-med-flakt-kylare-for-anlaggningsmaskiner-luftkylare-oljekylare-hydraulik-kit\/","url":"https:\/\/induzon.com\/sv\/produkt\/hydrauloljekylare-for-mini-gravare-med-flakt-kylare-for-anlaggningsmaskiner-luftkylare-oljekylare-hydraulik-kit\/","name":"hydrauloljekylare f\u00f6r mini gr\u00e4vare med fl\u00e4kt luftkylare oljekylare","isPartOf":{"@id":"https:\/\/induzon.com\/sv\/#website"},"primaryImageOfPage":{"@id":"https:\/\/induzon.com\/sv\/produkt\/hydrauloljekylare-for-mini-gravare-med-flakt-kylare-for-anlaggningsmaskiner-luftkylare-oljekylare-hydraulik-kit\/#primaryimage"},"image":{"@id":"https:\/\/induzon.com\/sv\/produkt\/hydrauloljekylare-for-mini-gravare-med-flakt-kylare-for-anlaggningsmaskiner-luftkylare-oljekylare-hydraulik-kit\/#primaryimage"},"thumbnailUrl":"https:\/\/induzon.com\/wp-content\/uploads\/2025\/07\/\u56fe-1-17.jpg","datePublished":"2025-07-21T05:11:54+00:00","dateModified":"2025-12-27T02:34:54+00:00","description":"Hydraulisk oljekylare med fl\u00e4kt. Luftkylare f\u00f6r motorer, industriella kylsystem, hydraulikl\u00f6sningar.","breadcrumb":{"@id":"https:\/\/induzon.com\/sv\/produkt\/hydrauloljekylare-for-mini-gravare-med-flakt-kylare-for-anlaggningsmaskiner-luftkylare-oljekylare-hydraulik-kit\/#breadcrumb"},"inLanguage":"sv-SE","potentialAction":[{"@type":"ReadAction","target":["https:\/\/induzon.com\/sv\/produkt\/hydrauloljekylare-for-mini-gravare-med-flakt-kylare-for-anlaggningsmaskiner-luftkylare-oljekylare-hydraulik-kit\/"]}]},{"@type":"ImageObject","inLanguage":"sv-SE","@id":"https:\/\/induzon.com\/sv\/produkt\/hydrauloljekylare-for-mini-gravare-med-flakt-kylare-for-anlaggningsmaskiner-luftkylare-oljekylare-hydraulik-kit\/#primaryimage","url":"https:\/\/induzon.com\/wp-content\/uploads\/2025\/07\/\u56fe-1-17.jpg","contentUrl":"https:\/\/induzon.com\/wp-content\/uploads\/2025\/07\/\u56fe-1-17.jpg","width":1500,"height":1500,"caption":"Hydraulisk oljekylare \u00e4r l\u00e4mpliga f\u00f6r minigr\u00e4vare"},{"@type":"BreadcrumbList","@id":"https:\/\/induzon.com\/sv\/produkt\/hydrauloljekylare-for-mini-gravare-med-flakt-kylare-for-anlaggningsmaskiner-luftkylare-oljekylare-hydraulik-kit\/#breadcrumb","itemListElement":[{"@type":"ListItem","position":1,"name":"\u9996\u9875","item":"https:\/\/induzon.com\/sv\/hem\/"},{"@type":"ListItem","position":2,"name":"Butik","item":"https:\/\/induzon.com\/sv\/butik\/"},{"@type":"ListItem","position":3,"name":"hydrauloljekylare f\u00f6r mini gr\u00e4vare med fl\u00e4kt kylare f\u00f6r anl\u00e4ggningsmaskiner luftkylare oljekylare hydraulik kit"}]},{"@type":"WebSite","@id":"https:\/\/induzon.com\/sv\/#website","url":"https:\/\/induzon.com\/sv\/","name":"induzon","description":"","publisher":{"@id":"https:\/\/induzon.com\/sv\/#organization"},"potentialAction":[{"@type":"SearchAction","target":{"@type":"EntryPoint","urlTemplate":"https:\/\/induzon.com\/sv\/?s={search_term_string}"},"query-input":{"@type":"PropertyValueSpecification","valueRequired":true,"valueName":"search_term_string"}}],"inLanguage":"sv-SE"},{"@type":"Organization","@id":"https:\/\/induzon.com\/sv\/#organization","name":"induzon","url":"https:\/\/induzon.com\/sv\/","logo":{"@type":"ImageObject","inLanguage":"sv-SE","@id":"https:\/\/induzon.com\/sv\/#\/schema\/logo\/image\/","url":"https:\/\/induzon.com\/wp-content\/uploads\/2025\/05\/cropped-026.png","contentUrl":"https:\/\/induzon.com\/wp-content\/uploads\/2025\/05\/cropped-026.png","width":512,"height":512,"caption":"induzon"},"image":{"@id":"https:\/\/induzon.com\/sv\/#\/schema\/logo\/image\/"}}]}},"_links":{"self":[{"href":"https:\/\/induzon.com\/sv\/wp-json\/wp\/v2\/product\/19626","targetHints":{"allow":["GET"]}}],"collection":[{"href":"https:\/\/induzon.com\/sv\/wp-json\/wp\/v2\/product"}],"about":[{"href":"https:\/\/induzon.com\/sv\/wp-json\/wp\/v2\/types\/product"}],"replies":[{"embeddable":true,"href":"https:\/\/induzon.com\/sv\/wp-json\/wp\/v2\/comments?post=19626"}],"version-history":[{"count":1,"href":"https:\/\/induzon.com\/sv\/wp-json\/wp\/v2\/product\/19626\/revisions"}],"predecessor-version":[{"id":28264,"href":"https:\/\/induzon.com\/sv\/wp-json\/wp\/v2\/product\/19626\/revisions\/28264"}],"wp:featuredmedia":[{"embeddable":true,"href":"https:\/\/induzon.com\/sv\/wp-json\/wp\/v2\/media\/19598"}],"wp:attachment":[{"href":"https:\/\/induzon.com\/sv\/wp-json\/wp\/v2\/media?parent=19626"}],"wp:term":[{"taxonomy":"product_brand","embeddable":true,"href":"https:\/\/induzon.com\/sv\/wp-json\/wp\/v2\/product_brand?post=19626"},{"taxonomy":"product_cat","embeddable":true,"href":"https:\/\/induzon.com\/sv\/wp-json\/wp\/v2\/product_cat?post=19626"},{"taxonomy":"product_tag","embeddable":true,"href":"https:\/\/induzon.com\/sv\/wp-json\/wp\/v2\/product_tag?post=19626"}],"curies":[{"name":"wp","href":"https:\/\/api.w.org\/{rel}","templated":true}]}}