{"id":1970,"date":"2024-12-31T14:52:43","date_gmt":"2024-12-31T06:52:43","guid":{"rendered":"http:\/\/localhost\/product\/termostat-kylskap-250v-temperaturregulator-kyltermostat-temperaturkontroll-kyl-och-frys\/"},"modified":"2026-01-13T12:01:03","modified_gmt":"2026-01-13T04:01:03","slug":"termostat-kylskap-250v-temperaturregulator-kyltermostat-temperaturkontroll-kyl-och-frys","status":"publish","type":"product","link":"https:\/\/induzon.com\/sv\/produkt\/termostat-kylskap-250v-temperaturregulator-kyltermostat-temperaturkontroll-kyl-och-frys\/","title":{"rendered":"termostat kylsk\u00e5p 250v temperaturregulator kyltermostat temperaturkontroll kyl och frys"},"content":{"rendered":"","protected":false},"excerpt":{"rendered":"","protected":false},"featured_media":1971,"comment_status":"open","ping_status":"closed","template":"","meta":{"site-sidebar-layout":"default","site-content-layout":"","ast-site-content-layout":"default","site-content-style":"default","site-sidebar-style":"default","ast-global-header-display":"","ast-banner-title-visibility":"","ast-main-header-display":"","ast-hfb-above-header-display":"","ast-hfb-below-header-display":"","ast-hfb-mobile-header-display":"","site-post-title":"","ast-breadcrumbs-content":"","ast-featured-img":"","footer-sml-layout":"","theme-transparent-header-meta":"default","adv-header-id-meta":"","stick-header-meta":"","header-above-stick-meta":"","header-main-stick-meta":"","header-below-stick-meta":"","astra-migrate-meta-layouts":"set","ast-page-background-enabled":"default","ast-page-background-meta":{"desktop":{"background-color":"var(--ast-global-color-4)","background-image":"","background-repeat":"repeat","background-position":"center center","background-size":"auto","background-attachment":"scroll","background-type":"","background-media":"","overlay-type":"","overlay-color":"","overlay-opacity":"","overlay-gradient":""},"tablet":{"background-color":"","background-image":"","background-repeat":"repeat","background-position":"center center","background-size":"auto","background-attachment":"scroll","background-type":"","background-media":"","overlay-type":"","overlay-color":"","overlay-opacity":"","overlay-gradient":""},"mobile":{"background-color":"","background-image":"","background-repeat":"repeat","background-position":"center center","background-size":"auto","background-attachment":"scroll","background-type":"","background-media":"","overlay-type":"","overlay-color":"","overlay-opacity":"","overlay-gradient":""}},"ast-content-background-meta":{"desktop":{"background-color":"var(--ast-global-color-5)","background-image":"","background-repeat":"repeat","background-position":"center center","background-size":"auto","background-attachment":"scroll","background-type":"","background-media":"","overlay-type":"","overlay-color":"","overlay-opacity":"","overlay-gradient":""},"tablet":{"background-color":"var(--ast-global-color-5)","background-image":"","background-repeat":"repeat","background-position":"center center","background-size":"auto","background-attachment":"scroll","background-type":"","background-media":"","overlay-type":"","overlay-color":"","overlay-opacity":"","overlay-gradient":""},"mobile":{"background-color":"var(--ast-global-color-5)","background-image":"","background-repeat":"repeat","background-position":"center center","background-size":"auto","background-attachment":"scroll","background-type":"","background-media":"","overlay-type":"","overlay-color":"","overlay-opacity":"","overlay-gradient":""}}},"product_brand":[],"product_cat":[357],"product_tag":[358],"class_list":{"0":"post-1970","1":"product","2":"type-product","3":"status-publish","4":"has-post-thumbnail","6":"product_cat-kylskapstillbehor","7":"product_tag-termostat-sv","8":"desktop-align-left","9":"tablet-align-left","10":"mobile-align-left","12":"first","13":"instock","14":"shipping-taxable","15":"purchasable","16":"product-type-simple"},"yoast_head":"<!-- This site is optimized with the Yoast SEO plugin v24.9 - https:\/\/yoast.com\/wordpress\/plugins\/seo\/ -->\r\n<title>Termostat Kylsk\u00e5p - Temperaturregulator f\u00f6r Kyl och Frys -Induzon<\/title>\r\n<meta name=\"description\" content=\"Termostat Kylsk\u00e5p,Universell termostat och temperaturkontroll f\u00f6r kylsk\u00e5p och frys. P\u00e5litlig kyltermostat som replacementdel. K\u00f6p nu!\" \/>\r\n<meta name=\"robots\" content=\"index, follow, max-snippet:-1, max-image-preview:large, max-video-preview:-1\" \/>\r\n<link rel=\"canonical\" href=\"https:\/\/induzon.com\/sv\/produkt\/termostat-kylskap-250v-temperaturregulator-kyltermostat-temperaturkontroll-kyl-och-frys\/\" \/>\r\n<meta property=\"og:locale\" content=\"sv_SE\" \/>\r\n<meta property=\"og:type\" content=\"article\" \/>\r\n<meta property=\"og:title\" content=\"Termostat Kylsk\u00e5p - Temperaturregulator f\u00f6r Kyl och Frys -Induzon\" \/>\r\n<meta property=\"og:description\" content=\"Termostat Kylsk\u00e5p,Universell termostat och temperaturkontroll f\u00f6r kylsk\u00e5p och frys. P\u00e5litlig kyltermostat som replacementdel. K\u00f6p nu!\" \/>\r\n<meta property=\"og:url\" content=\"https:\/\/induzon.com\/sv\/produkt\/termostat-kylskap-250v-temperaturregulator-kyltermostat-temperaturkontroll-kyl-och-frys\/\" \/>\r\n<meta property=\"og:site_name\" content=\"induzon\" \/>\r\n<meta property=\"article:modified_time\" content=\"2026-01-13T04:01:03+00:00\" \/>\r\n<meta property=\"og:image\" content=\"https:\/\/induzon.com\/wp-content\/uploads\/2024\/12\/1-4.jpg\" \/>\r\n\t<meta property=\"og:image:width\" content=\"1500\" \/>\r\n\t<meta property=\"og:image:height\" content=\"1500\" \/>\r\n\t<meta property=\"og:image:type\" content=\"image\/jpeg\" \/>\r\n<meta name=\"twitter:card\" content=\"summary_large_image\" \/>\r\n<meta name=\"twitter:label1\" content=\"Ber\u00e4knad l\u00e4stid\" \/>\n\t<meta name=\"twitter:data1\" content=\"1 minut\" \/>\r\n<script type=\"application\/ld+json\" class=\"yoast-schema-graph\">{\"@context\":\"https:\/\/schema.org\",\"@graph\":[{\"@type\":\"WebPage\",\"@id\":\"https:\/\/induzon.com\/sv\/produkt\/termostat-kylskap-250v-temperaturregulator-kyltermostat-temperaturkontroll-kyl-och-frys\/\",\"url\":\"https:\/\/induzon.com\/sv\/produkt\/termostat-kylskap-250v-temperaturregulator-kyltermostat-temperaturkontroll-kyl-och-frys\/\",\"name\":\"Termostat Kylsk\u00e5p - Temperaturregulator f\u00f6r Kyl och Frys -Induzon\",\"isPartOf\":{\"@id\":\"https:\/\/induzon.com\/sv\/#website\"},\"primaryImageOfPage\":{\"@id\":\"https:\/\/induzon.com\/sv\/produkt\/termostat-kylskap-250v-temperaturregulator-kyltermostat-temperaturkontroll-kyl-och-frys\/#primaryimage\"},\"image\":{\"@id\":\"https:\/\/induzon.com\/sv\/produkt\/termostat-kylskap-250v-temperaturregulator-kyltermostat-temperaturkontroll-kyl-och-frys\/#primaryimage\"},\"thumbnailUrl\":\"https:\/\/induzon.com\/wp-content\/uploads\/2024\/12\/1-4.jpg\",\"datePublished\":\"2024-12-31T06:52:43+00:00\",\"dateModified\":\"2026-01-13T04:01:03+00:00\",\"description\":\"Termostat Kylsk\u00e5p,Universell termostat och temperaturkontroll f\u00f6r kylsk\u00e5p och frys. P\u00e5litlig kyltermostat som replacementdel. K\u00f6p nu!\",\"breadcrumb\":{\"@id\":\"https:\/\/induzon.com\/sv\/produkt\/termostat-kylskap-250v-temperaturregulator-kyltermostat-temperaturkontroll-kyl-och-frys\/#breadcrumb\"},\"inLanguage\":\"sv-SE\",\"potentialAction\":[{\"@type\":\"ReadAction\",\"target\":[\"https:\/\/induzon.com\/sv\/produkt\/termostat-kylskap-250v-temperaturregulator-kyltermostat-temperaturkontroll-kyl-och-frys\/\"]}]},{\"@type\":\"ImageObject\",\"inLanguage\":\"sv-SE\",\"@id\":\"https:\/\/induzon.com\/sv\/produkt\/termostat-kylskap-250v-temperaturregulator-kyltermostat-temperaturkontroll-kyl-och-frys\/#primaryimage\",\"url\":\"https:\/\/induzon.com\/wp-content\/uploads\/2024\/12\/1-4.jpg\",\"contentUrl\":\"https:\/\/induzon.com\/wp-content\/uploads\/2024\/12\/1-4.jpg\",\"width\":1500,\"height\":1500,\"caption\":\"Fridge freezer thermostat refrigeration temperature controller 250v regulator for evaporator cooler chest freezer\"},{\"@type\":\"BreadcrumbList\",\"@id\":\"https:\/\/induzon.com\/sv\/produkt\/termostat-kylskap-250v-temperaturregulator-kyltermostat-temperaturkontroll-kyl-och-frys\/#breadcrumb\",\"itemListElement\":[{\"@type\":\"ListItem\",\"position\":1,\"name\":\"\u9996\u9875\",\"item\":\"https:\/\/induzon.com\/sv\/hem\/\"},{\"@type\":\"ListItem\",\"position\":2,\"name\":\"Butik\",\"item\":\"https:\/\/induzon.com\/sv\/butik\/\"},{\"@type\":\"ListItem\",\"position\":3,\"name\":\"termostat kylsk\u00e5p 250v temperaturregulator kyltermostat temperaturkontroll kyl och frys\"}]},{\"@type\":\"WebSite\",\"@id\":\"https:\/\/induzon.com\/sv\/#website\",\"url\":\"https:\/\/induzon.com\/sv\/\",\"name\":\"induzon\",\"description\":\"\",\"publisher\":{\"@id\":\"https:\/\/induzon.com\/sv\/#organization\"},\"potentialAction\":[{\"@type\":\"SearchAction\",\"target\":{\"@type\":\"EntryPoint\",\"urlTemplate\":\"https:\/\/induzon.com\/sv\/?s={search_term_string}\"},\"query-input\":{\"@type\":\"PropertyValueSpecification\",\"valueRequired\":true,\"valueName\":\"search_term_string\"}}],\"inLanguage\":\"sv-SE\"},{\"@type\":\"Organization\",\"@id\":\"https:\/\/induzon.com\/sv\/#organization\",\"name\":\"induzon\",\"url\":\"https:\/\/induzon.com\/sv\/\",\"logo\":{\"@type\":\"ImageObject\",\"inLanguage\":\"sv-SE\",\"@id\":\"https:\/\/induzon.com\/sv\/#\/schema\/logo\/image\/\",\"url\":\"https:\/\/induzon.com\/wp-content\/uploads\/2025\/05\/cropped-026.png\",\"contentUrl\":\"https:\/\/induzon.com\/wp-content\/uploads\/2025\/05\/cropped-026.png\",\"width\":512,\"height\":512,\"caption\":\"induzon\"},\"image\":{\"@id\":\"https:\/\/induzon.com\/sv\/#\/schema\/logo\/image\/\"}}]}<\/script>\r\n<!-- \/ Yoast SEO plugin. -->","yoast_head_json":{"title":"Termostat Kylsk\u00e5p - Temperaturregulator f\u00f6r Kyl och Frys -Induzon","description":"Termostat Kylsk\u00e5p,Universell termostat och temperaturkontroll f\u00f6r kylsk\u00e5p och frys. P\u00e5litlig kyltermostat som replacementdel. K\u00f6p nu!","robots":{"index":"index","follow":"follow","max-snippet":"max-snippet:-1","max-image-preview":"max-image-preview:large","max-video-preview":"max-video-preview:-1"},"canonical":"https:\/\/induzon.com\/sv\/produkt\/termostat-kylskap-250v-temperaturregulator-kyltermostat-temperaturkontroll-kyl-och-frys\/","og_locale":"sv_SE","og_type":"article","og_title":"Termostat Kylsk\u00e5p - Temperaturregulator f\u00f6r Kyl och Frys -Induzon","og_description":"Termostat Kylsk\u00e5p,Universell termostat och temperaturkontroll f\u00f6r kylsk\u00e5p och frys. P\u00e5litlig kyltermostat som replacementdel. K\u00f6p nu!","og_url":"https:\/\/induzon.com\/sv\/produkt\/termostat-kylskap-250v-temperaturregulator-kyltermostat-temperaturkontroll-kyl-och-frys\/","og_site_name":"induzon","article_modified_time":"2026-01-13T04:01:03+00:00","og_image":[{"width":1500,"height":1500,"url":"https:\/\/induzon.com\/wp-content\/uploads\/2024\/12\/1-4.jpg","type":"image\/jpeg"}],"twitter_card":"summary_large_image","twitter_misc":{"Ber\u00e4knad l\u00e4stid":"1 minut"},"schema":{"@context":"https:\/\/schema.org","@graph":[{"@type":"WebPage","@id":"https:\/\/induzon.com\/sv\/produkt\/termostat-kylskap-250v-temperaturregulator-kyltermostat-temperaturkontroll-kyl-och-frys\/","url":"https:\/\/induzon.com\/sv\/produkt\/termostat-kylskap-250v-temperaturregulator-kyltermostat-temperaturkontroll-kyl-och-frys\/","name":"Termostat Kylsk\u00e5p - Temperaturregulator f\u00f6r Kyl och Frys -Induzon","isPartOf":{"@id":"https:\/\/induzon.com\/sv\/#website"},"primaryImageOfPage":{"@id":"https:\/\/induzon.com\/sv\/produkt\/termostat-kylskap-250v-temperaturregulator-kyltermostat-temperaturkontroll-kyl-och-frys\/#primaryimage"},"image":{"@id":"https:\/\/induzon.com\/sv\/produkt\/termostat-kylskap-250v-temperaturregulator-kyltermostat-temperaturkontroll-kyl-och-frys\/#primaryimage"},"thumbnailUrl":"https:\/\/induzon.com\/wp-content\/uploads\/2024\/12\/1-4.jpg","datePublished":"2024-12-31T06:52:43+00:00","dateModified":"2026-01-13T04:01:03+00:00","description":"Termostat Kylsk\u00e5p,Universell termostat och temperaturkontroll f\u00f6r kylsk\u00e5p och frys. P\u00e5litlig kyltermostat som replacementdel. K\u00f6p nu!","breadcrumb":{"@id":"https:\/\/induzon.com\/sv\/produkt\/termostat-kylskap-250v-temperaturregulator-kyltermostat-temperaturkontroll-kyl-och-frys\/#breadcrumb"},"inLanguage":"sv-SE","potentialAction":[{"@type":"ReadAction","target":["https:\/\/induzon.com\/sv\/produkt\/termostat-kylskap-250v-temperaturregulator-kyltermostat-temperaturkontroll-kyl-och-frys\/"]}]},{"@type":"ImageObject","inLanguage":"sv-SE","@id":"https:\/\/induzon.com\/sv\/produkt\/termostat-kylskap-250v-temperaturregulator-kyltermostat-temperaturkontroll-kyl-och-frys\/#primaryimage","url":"https:\/\/induzon.com\/wp-content\/uploads\/2024\/12\/1-4.jpg","contentUrl":"https:\/\/induzon.com\/wp-content\/uploads\/2024\/12\/1-4.jpg","width":1500,"height":1500,"caption":"Fridge freezer thermostat refrigeration temperature controller 250v regulator for evaporator cooler chest freezer"},{"@type":"BreadcrumbList","@id":"https:\/\/induzon.com\/sv\/produkt\/termostat-kylskap-250v-temperaturregulator-kyltermostat-temperaturkontroll-kyl-och-frys\/#breadcrumb","itemListElement":[{"@type":"ListItem","position":1,"name":"\u9996\u9875","item":"https:\/\/induzon.com\/sv\/hem\/"},{"@type":"ListItem","position":2,"name":"Butik","item":"https:\/\/induzon.com\/sv\/butik\/"},{"@type":"ListItem","position":3,"name":"termostat kylsk\u00e5p 250v temperaturregulator kyltermostat temperaturkontroll kyl och frys"}]},{"@type":"WebSite","@id":"https:\/\/induzon.com\/sv\/#website","url":"https:\/\/induzon.com\/sv\/","name":"induzon","description":"","publisher":{"@id":"https:\/\/induzon.com\/sv\/#organization"},"potentialAction":[{"@type":"SearchAction","target":{"@type":"EntryPoint","urlTemplate":"https:\/\/induzon.com\/sv\/?s={search_term_string}"},"query-input":{"@type":"PropertyValueSpecification","valueRequired":true,"valueName":"search_term_string"}}],"inLanguage":"sv-SE"},{"@type":"Organization","@id":"https:\/\/induzon.com\/sv\/#organization","name":"induzon","url":"https:\/\/induzon.com\/sv\/","logo":{"@type":"ImageObject","inLanguage":"sv-SE","@id":"https:\/\/induzon.com\/sv\/#\/schema\/logo\/image\/","url":"https:\/\/induzon.com\/wp-content\/uploads\/2025\/05\/cropped-026.png","contentUrl":"https:\/\/induzon.com\/wp-content\/uploads\/2025\/05\/cropped-026.png","width":512,"height":512,"caption":"induzon"},"image":{"@id":"https:\/\/induzon.com\/sv\/#\/schema\/logo\/image\/"}}]}},"_links":{"self":[{"href":"https:\/\/induzon.com\/sv\/wp-json\/wp\/v2\/product\/1970","targetHints":{"allow":["GET"]}}],"collection":[{"href":"https:\/\/induzon.com\/sv\/wp-json\/wp\/v2\/product"}],"about":[{"href":"https:\/\/induzon.com\/sv\/wp-json\/wp\/v2\/types\/product"}],"replies":[{"embeddable":true,"href":"https:\/\/induzon.com\/sv\/wp-json\/wp\/v2\/comments?post=1970"}],"version-history":[{"count":1,"href":"https:\/\/induzon.com\/sv\/wp-json\/wp\/v2\/product\/1970\/revisions"}],"predecessor-version":[{"id":28306,"href":"https:\/\/induzon.com\/sv\/wp-json\/wp\/v2\/product\/1970\/revisions\/28306"}],"wp:featuredmedia":[{"embeddable":true,"href":"https:\/\/induzon.com\/sv\/wp-json\/wp\/v2\/media\/1971"}],"wp:attachment":[{"href":"https:\/\/induzon.com\/sv\/wp-json\/wp\/v2\/media?parent=1970"}],"wp:term":[{"taxonomy":"product_brand","embeddable":true,"href":"https:\/\/induzon.com\/sv\/wp-json\/wp\/v2\/product_brand?post=1970"},{"taxonomy":"product_cat","embeddable":true,"href":"https:\/\/induzon.com\/sv\/wp-json\/wp\/v2\/product_cat?post=1970"},{"taxonomy":"product_tag","embeddable":true,"href":"https:\/\/induzon.com\/sv\/wp-json\/wp\/v2\/product_tag?post=1970"}],"curies":[{"name":"wp","href":"https:\/\/api.w.org\/{rel}","templated":true}]}}