{"id":21766,"date":"2025-07-31T15:37:15","date_gmt":"2025-07-31T07:37:15","guid":{"rendered":"https:\/\/induzon.com\/shop\/industriell-varmeflakt-for-malning-termisk-flakt-industriell-uppvarmning\/"},"modified":"2025-12-25T16:08:45","modified_gmt":"2025-12-25T08:08:45","slug":"industriell-varmeflakt-for-malning-termisk-flakt-industriell-uppvarmning","status":"publish","type":"product","link":"https:\/\/induzon.com\/sv\/produkt\/industriell-varmeflakt-for-malning-termisk-flakt-industriell-uppvarmning\/","title":{"rendered":"Industriell V\u00e4rmefl\u00e4kt f\u00f6r M\u00e5lning Termisk Fl\u00e4kt Industriell Uppv\u00e4rmning"},"content":{"rendered":"<p>1.Industriell v\u00e4rmebl\u00e4ser f\u00f6r effektiv uppv\u00e4rmning och torkning i olika applikationer<br \/>\n2.Kraftfull elektrisk v\u00e4rmare med cirkulationssystem f\u00f6r j\u00e4mn v\u00e4rmef\u00f6rdelning<br \/>\n3.Portabel design f\u00f6r enkel transport och anv\u00e4ndning i biog\u00f6dselv\u00e4rme och gjuterier<br \/>\n4.L\u00e4mplig f\u00f6r industriell m\u00e5lning, torkning och uppv\u00e4rmning av komponenter<br \/>\n5.H\u00e5llbar konstruktion f\u00f6r p\u00e5litlig prestanda i tuffa industriella milj\u00f6er<\/p>\n","protected":false},"excerpt":{"rendered":"<p>1.Industriell v\u00e4rmebl\u00e4ser f\u00f6r effektiv uppv\u00e4rmning och torkning i olika applikationer 2.Kraftfull elektrisk v\u00e4rmare med cirkulationssystem f\u00f6r j\u00e4mn v\u00e4rmef\u00f6rdelning 3.Portabel design [&hellip;]<\/p>\n","protected":false},"featured_media":21610,"comment_status":"open","ping_status":"closed","template":"","meta":{"site-sidebar-layout":"default","site-content-layout":"","ast-site-content-layout":"default","site-content-style":"default","site-sidebar-style":"default","ast-global-header-display":"","ast-banner-title-visibility":"","ast-main-header-display":"","ast-hfb-above-header-display":"","ast-hfb-below-header-display":"","ast-hfb-mobile-header-display":"","site-post-title":"","ast-breadcrumbs-content":"","ast-featured-img":"","footer-sml-layout":"","theme-transparent-header-meta":"default","adv-header-id-meta":"","stick-header-meta":"","header-above-stick-meta":"","header-main-stick-meta":"","header-below-stick-meta":"","astra-migrate-meta-layouts":"set","ast-page-background-enabled":"default","ast-page-background-meta":{"desktop":{"background-color":"var(--ast-global-color-4)","background-image":"","background-repeat":"repeat","background-position":"center center","background-size":"auto","background-attachment":"scroll","background-type":"","background-media":"","overlay-type":"","overlay-color":"","overlay-opacity":"","overlay-gradient":""},"tablet":{"background-color":"","background-image":"","background-repeat":"repeat","background-position":"center center","background-size":"auto","background-attachment":"scroll","background-type":"","background-media":"","overlay-type":"","overlay-color":"","overlay-opacity":"","overlay-gradient":""},"mobile":{"background-color":"","background-image":"","background-repeat":"repeat","background-position":"center center","background-size":"auto","background-attachment":"scroll","background-type":"","background-media":"","overlay-type":"","overlay-color":"","overlay-opacity":"","overlay-gradient":""}},"ast-content-background-meta":{"desktop":{"background-color":"var(--ast-global-color-5)","background-image":"","background-repeat":"repeat","background-position":"center center","background-size":"auto","background-attachment":"scroll","background-type":"","background-media":"","overlay-type":"","overlay-color":"","overlay-opacity":"","overlay-gradient":""},"tablet":{"background-color":"var(--ast-global-color-5)","background-image":"","background-repeat":"repeat","background-position":"center center","background-size":"auto","background-attachment":"scroll","background-type":"","background-media":"","overlay-type":"","overlay-color":"","overlay-opacity":"","overlay-gradient":""},"mobile":{"background-color":"var(--ast-global-color-5)","background-image":"","background-repeat":"repeat","background-position":"center center","background-size":"auto","background-attachment":"scroll","background-type":"","background-media":"","overlay-type":"","overlay-color":"","overlay-opacity":"","overlay-gradient":""}}},"product_brand":[],"product_cat":[1636,894],"product_tag":[1637],"class_list":{"0":"post-21766","1":"product","2":"type-product","3":"status-publish","4":"has-post-thumbnail","6":"product_cat-industriele-verwarmingsapparatuur","7":"product_cat-verktyg-och-utrustning","8":"product_tag-industriele-ventilator","9":"desktop-align-left","10":"tablet-align-left","11":"mobile-align-left","13":"first","14":"instock","15":"sale","16":"shipping-taxable","17":"purchasable","18":"product-type-variable"},"yoast_head":"<!-- This site is optimized with the Yoast SEO plugin v24.9 - https:\/\/yoast.com\/wordpress\/plugins\/seo\/ -->\r\n<title>Industriella V\u00e4rmefl\u00e4ktar Effektiv Uppv\u00e4rmning -Induzon<\/title>\r\n<meta name=\"description\" content=\"Industriella V\u00e4rmefl\u00e4ktar Effektiv Uppv\u00e4rmning,PTC-element och termostater f\u00f6r industriell anv\u00e4ndning. P\u00e5litlig ventilation och v\u00e4rme.\" \/>\r\n<meta name=\"robots\" content=\"index, follow, max-snippet:-1, max-image-preview:large, max-video-preview:-1\" \/>\r\n<link rel=\"canonical\" href=\"https:\/\/induzon.com\/sv\/produkt\/industriell-varmeflakt-for-malning-termisk-flakt-industriell-uppvarmning\/\" \/>\r\n<meta property=\"og:locale\" content=\"sv_SE\" \/>\r\n<meta property=\"og:type\" content=\"article\" \/>\r\n<meta property=\"og:title\" content=\"Industriella V\u00e4rmefl\u00e4ktar Effektiv Uppv\u00e4rmning -Induzon\" \/>\r\n<meta property=\"og:description\" content=\"Industriella V\u00e4rmefl\u00e4ktar Effektiv Uppv\u00e4rmning,PTC-element och termostater f\u00f6r industriell anv\u00e4ndning. P\u00e5litlig ventilation och v\u00e4rme.\" \/>\r\n<meta property=\"og:url\" content=\"https:\/\/induzon.com\/sv\/produkt\/industriell-varmeflakt-for-malning-termisk-flakt-industriell-uppvarmning\/\" \/>\r\n<meta property=\"og:site_name\" content=\"induzon\" \/>\r\n<meta property=\"article:modified_time\" content=\"2025-12-25T08:08:45+00:00\" \/>\r\n<meta property=\"og:image\" content=\"https:\/\/induzon.com\/wp-content\/uploads\/2025\/07\/1-1.jpg\" \/>\r\n\t<meta property=\"og:image:width\" content=\"800\" \/>\r\n\t<meta property=\"og:image:height\" content=\"800\" \/>\r\n\t<meta property=\"og:image:type\" content=\"image\/jpeg\" \/>\r\n<meta name=\"twitter:card\" content=\"summary_large_image\" \/>\r\n<meta name=\"twitter:label1\" content=\"Ber\u00e4knad l\u00e4stid\" \/>\n\t<meta name=\"twitter:data1\" content=\"1 minut\" \/>\r\n<script type=\"application\/ld+json\" class=\"yoast-schema-graph\">{\"@context\":\"https:\/\/schema.org\",\"@graph\":[{\"@type\":\"WebPage\",\"@id\":\"https:\/\/induzon.com\/sv\/produkt\/industriell-varmeflakt-for-malning-termisk-flakt-industriell-uppvarmning\/\",\"url\":\"https:\/\/induzon.com\/sv\/produkt\/industriell-varmeflakt-for-malning-termisk-flakt-industriell-uppvarmning\/\",\"name\":\"Industriella V\u00e4rmefl\u00e4ktar Effektiv Uppv\u00e4rmning -Induzon\",\"isPartOf\":{\"@id\":\"https:\/\/induzon.com\/sv\/#website\"},\"primaryImageOfPage\":{\"@id\":\"https:\/\/induzon.com\/sv\/produkt\/industriell-varmeflakt-for-malning-termisk-flakt-industriell-uppvarmning\/#primaryimage\"},\"image\":{\"@id\":\"https:\/\/induzon.com\/sv\/produkt\/industriell-varmeflakt-for-malning-termisk-flakt-industriell-uppvarmning\/#primaryimage\"},\"thumbnailUrl\":\"https:\/\/induzon.com\/wp-content\/uploads\/2025\/07\/1-1.jpg\",\"datePublished\":\"2025-07-31T07:37:15+00:00\",\"dateModified\":\"2025-12-25T08:08:45+00:00\",\"description\":\"Industriella V\u00e4rmefl\u00e4ktar Effektiv Uppv\u00e4rmning,PTC-element och termostater f\u00f6r industriell anv\u00e4ndning. P\u00e5litlig ventilation och v\u00e4rme.\",\"breadcrumb\":{\"@id\":\"https:\/\/induzon.com\/sv\/produkt\/industriell-varmeflakt-for-malning-termisk-flakt-industriell-uppvarmning\/#breadcrumb\"},\"inLanguage\":\"sv-SE\",\"potentialAction\":[{\"@type\":\"ReadAction\",\"target\":[\"https:\/\/induzon.com\/sv\/produkt\/industriell-varmeflakt-for-malning-termisk-flakt-industriell-uppvarmning\/\"]}]},{\"@type\":\"ImageObject\",\"inLanguage\":\"sv-SE\",\"@id\":\"https:\/\/induzon.com\/sv\/produkt\/industriell-varmeflakt-for-malning-termisk-flakt-industriell-uppvarmning\/#primaryimage\",\"url\":\"https:\/\/induzon.com\/wp-content\/uploads\/2025\/07\/1-1.jpg\",\"contentUrl\":\"https:\/\/induzon.com\/wp-content\/uploads\/2025\/07\/1-1.jpg\",\"width\":800,\"height\":800,\"caption\":\"Industriell V\u00e4rmefl\u00e4kt\"},{\"@type\":\"BreadcrumbList\",\"@id\":\"https:\/\/induzon.com\/sv\/produkt\/industriell-varmeflakt-for-malning-termisk-flakt-industriell-uppvarmning\/#breadcrumb\",\"itemListElement\":[{\"@type\":\"ListItem\",\"position\":1,\"name\":\"\u9996\u9875\",\"item\":\"https:\/\/induzon.com\/sv\/hem\/\"},{\"@type\":\"ListItem\",\"position\":2,\"name\":\"Butik\",\"item\":\"https:\/\/induzon.com\/sv\/butik\/\"},{\"@type\":\"ListItem\",\"position\":3,\"name\":\"Industriell V\u00e4rmefl\u00e4kt f\u00f6r M\u00e5lning Termisk Fl\u00e4kt Industriell Uppv\u00e4rmning\"}]},{\"@type\":\"WebSite\",\"@id\":\"https:\/\/induzon.com\/sv\/#website\",\"url\":\"https:\/\/induzon.com\/sv\/\",\"name\":\"induzon\",\"description\":\"\",\"publisher\":{\"@id\":\"https:\/\/induzon.com\/sv\/#organization\"},\"potentialAction\":[{\"@type\":\"SearchAction\",\"target\":{\"@type\":\"EntryPoint\",\"urlTemplate\":\"https:\/\/induzon.com\/sv\/?s={search_term_string}\"},\"query-input\":{\"@type\":\"PropertyValueSpecification\",\"valueRequired\":true,\"valueName\":\"search_term_string\"}}],\"inLanguage\":\"sv-SE\"},{\"@type\":\"Organization\",\"@id\":\"https:\/\/induzon.com\/sv\/#organization\",\"name\":\"induzon\",\"url\":\"https:\/\/induzon.com\/sv\/\",\"logo\":{\"@type\":\"ImageObject\",\"inLanguage\":\"sv-SE\",\"@id\":\"https:\/\/induzon.com\/sv\/#\/schema\/logo\/image\/\",\"url\":\"https:\/\/induzon.com\/wp-content\/uploads\/2025\/05\/cropped-026.png\",\"contentUrl\":\"https:\/\/induzon.com\/wp-content\/uploads\/2025\/05\/cropped-026.png\",\"width\":512,\"height\":512,\"caption\":\"induzon\"},\"image\":{\"@id\":\"https:\/\/induzon.com\/sv\/#\/schema\/logo\/image\/\"}}]}<\/script>\r\n<!-- \/ Yoast SEO plugin. -->","yoast_head_json":{"title":"Industriella V\u00e4rmefl\u00e4ktar Effektiv Uppv\u00e4rmning -Induzon","description":"Industriella V\u00e4rmefl\u00e4ktar Effektiv Uppv\u00e4rmning,PTC-element och termostater f\u00f6r industriell anv\u00e4ndning. P\u00e5litlig ventilation och v\u00e4rme.","robots":{"index":"index","follow":"follow","max-snippet":"max-snippet:-1","max-image-preview":"max-image-preview:large","max-video-preview":"max-video-preview:-1"},"canonical":"https:\/\/induzon.com\/sv\/produkt\/industriell-varmeflakt-for-malning-termisk-flakt-industriell-uppvarmning\/","og_locale":"sv_SE","og_type":"article","og_title":"Industriella V\u00e4rmefl\u00e4ktar Effektiv Uppv\u00e4rmning -Induzon","og_description":"Industriella V\u00e4rmefl\u00e4ktar Effektiv Uppv\u00e4rmning,PTC-element och termostater f\u00f6r industriell anv\u00e4ndning. P\u00e5litlig ventilation och v\u00e4rme.","og_url":"https:\/\/induzon.com\/sv\/produkt\/industriell-varmeflakt-for-malning-termisk-flakt-industriell-uppvarmning\/","og_site_name":"induzon","article_modified_time":"2025-12-25T08:08:45+00:00","og_image":[{"width":800,"height":800,"url":"https:\/\/induzon.com\/wp-content\/uploads\/2025\/07\/1-1.jpg","type":"image\/jpeg"}],"twitter_card":"summary_large_image","twitter_misc":{"Ber\u00e4knad l\u00e4stid":"1 minut"},"schema":{"@context":"https:\/\/schema.org","@graph":[{"@type":"WebPage","@id":"https:\/\/induzon.com\/sv\/produkt\/industriell-varmeflakt-for-malning-termisk-flakt-industriell-uppvarmning\/","url":"https:\/\/induzon.com\/sv\/produkt\/industriell-varmeflakt-for-malning-termisk-flakt-industriell-uppvarmning\/","name":"Industriella V\u00e4rmefl\u00e4ktar Effektiv Uppv\u00e4rmning -Induzon","isPartOf":{"@id":"https:\/\/induzon.com\/sv\/#website"},"primaryImageOfPage":{"@id":"https:\/\/induzon.com\/sv\/produkt\/industriell-varmeflakt-for-malning-termisk-flakt-industriell-uppvarmning\/#primaryimage"},"image":{"@id":"https:\/\/induzon.com\/sv\/produkt\/industriell-varmeflakt-for-malning-termisk-flakt-industriell-uppvarmning\/#primaryimage"},"thumbnailUrl":"https:\/\/induzon.com\/wp-content\/uploads\/2025\/07\/1-1.jpg","datePublished":"2025-07-31T07:37:15+00:00","dateModified":"2025-12-25T08:08:45+00:00","description":"Industriella V\u00e4rmefl\u00e4ktar Effektiv Uppv\u00e4rmning,PTC-element och termostater f\u00f6r industriell anv\u00e4ndning. P\u00e5litlig ventilation och v\u00e4rme.","breadcrumb":{"@id":"https:\/\/induzon.com\/sv\/produkt\/industriell-varmeflakt-for-malning-termisk-flakt-industriell-uppvarmning\/#breadcrumb"},"inLanguage":"sv-SE","potentialAction":[{"@type":"ReadAction","target":["https:\/\/induzon.com\/sv\/produkt\/industriell-varmeflakt-for-malning-termisk-flakt-industriell-uppvarmning\/"]}]},{"@type":"ImageObject","inLanguage":"sv-SE","@id":"https:\/\/induzon.com\/sv\/produkt\/industriell-varmeflakt-for-malning-termisk-flakt-industriell-uppvarmning\/#primaryimage","url":"https:\/\/induzon.com\/wp-content\/uploads\/2025\/07\/1-1.jpg","contentUrl":"https:\/\/induzon.com\/wp-content\/uploads\/2025\/07\/1-1.jpg","width":800,"height":800,"caption":"Industriell V\u00e4rmefl\u00e4kt"},{"@type":"BreadcrumbList","@id":"https:\/\/induzon.com\/sv\/produkt\/industriell-varmeflakt-for-malning-termisk-flakt-industriell-uppvarmning\/#breadcrumb","itemListElement":[{"@type":"ListItem","position":1,"name":"\u9996\u9875","item":"https:\/\/induzon.com\/sv\/hem\/"},{"@type":"ListItem","position":2,"name":"Butik","item":"https:\/\/induzon.com\/sv\/butik\/"},{"@type":"ListItem","position":3,"name":"Industriell V\u00e4rmefl\u00e4kt f\u00f6r M\u00e5lning Termisk Fl\u00e4kt Industriell Uppv\u00e4rmning"}]},{"@type":"WebSite","@id":"https:\/\/induzon.com\/sv\/#website","url":"https:\/\/induzon.com\/sv\/","name":"induzon","description":"","publisher":{"@id":"https:\/\/induzon.com\/sv\/#organization"},"potentialAction":[{"@type":"SearchAction","target":{"@type":"EntryPoint","urlTemplate":"https:\/\/induzon.com\/sv\/?s={search_term_string}"},"query-input":{"@type":"PropertyValueSpecification","valueRequired":true,"valueName":"search_term_string"}}],"inLanguage":"sv-SE"},{"@type":"Organization","@id":"https:\/\/induzon.com\/sv\/#organization","name":"induzon","url":"https:\/\/induzon.com\/sv\/","logo":{"@type":"ImageObject","inLanguage":"sv-SE","@id":"https:\/\/induzon.com\/sv\/#\/schema\/logo\/image\/","url":"https:\/\/induzon.com\/wp-content\/uploads\/2025\/05\/cropped-026.png","contentUrl":"https:\/\/induzon.com\/wp-content\/uploads\/2025\/05\/cropped-026.png","width":512,"height":512,"caption":"induzon"},"image":{"@id":"https:\/\/induzon.com\/sv\/#\/schema\/logo\/image\/"}}]}},"_links":{"self":[{"href":"https:\/\/induzon.com\/sv\/wp-json\/wp\/v2\/product\/21766","targetHints":{"allow":["GET"]}}],"collection":[{"href":"https:\/\/induzon.com\/sv\/wp-json\/wp\/v2\/product"}],"about":[{"href":"https:\/\/induzon.com\/sv\/wp-json\/wp\/v2\/types\/product"}],"replies":[{"embeddable":true,"href":"https:\/\/induzon.com\/sv\/wp-json\/wp\/v2\/comments?post=21766"}],"version-history":[{"count":1,"href":"https:\/\/induzon.com\/sv\/wp-json\/wp\/v2\/product\/21766\/revisions"}],"predecessor-version":[{"id":28257,"href":"https:\/\/induzon.com\/sv\/wp-json\/wp\/v2\/product\/21766\/revisions\/28257"}],"wp:featuredmedia":[{"embeddable":true,"href":"https:\/\/induzon.com\/sv\/wp-json\/wp\/v2\/media\/21610"}],"wp:attachment":[{"href":"https:\/\/induzon.com\/sv\/wp-json\/wp\/v2\/media?parent=21766"}],"wp:term":[{"taxonomy":"product_brand","embeddable":true,"href":"https:\/\/induzon.com\/sv\/wp-json\/wp\/v2\/product_brand?post=21766"},{"taxonomy":"product_cat","embeddable":true,"href":"https:\/\/induzon.com\/sv\/wp-json\/wp\/v2\/product_cat?post=21766"},{"taxonomy":"product_tag","embeddable":true,"href":"https:\/\/induzon.com\/sv\/wp-json\/wp\/v2\/product_tag?post=21766"}],"curies":[{"name":"wp","href":"https:\/\/api.w.org\/{rel}","templated":true}]}}