{"id":23149,"date":"2025-08-16T11:01:27","date_gmt":"2025-08-16T03:01:27","guid":{"rendered":"https:\/\/induzon.com\/shop\/rostfritt-stal-vatdammsugare-munstycke-for-mattvatt-textiltvatt-till-mattrengoringsmaskin-38-mm-transparent-sofa-matt-rengoring-mobelmunstycke-dammsugare-textilvardsmaskin\/"},"modified":"2025-12-24T16:43:11","modified_gmt":"2025-12-24T08:43:11","slug":"rostfritt-stal-vatdammsugare-munstycke-for-mattvatt-textiltvatt-till-mattrengoringsmaskin-38-mm-transparent-sofa-matt-rengoring-mobelmunstycke-dammsugare-textilvardsmaskin","status":"publish","type":"product","link":"https:\/\/induzon.com\/sv\/produkt\/rostfritt-stal-vatdammsugare-munstycke-for-mattvatt-textiltvatt-till-mattrengoringsmaskin-38-mm-transparent-sofa-matt-rengoring-mobelmunstycke-dammsugare-textilvardsmaskin\/","title":{"rendered":"rostfritt st\u00e5l v\u00e5tdammsugare munstycke f\u00f6r mattv\u00e4tt textiltv\u00e4tt till mattreng\u00f6ringsmaskin 38 mm transparent sofa matt reng\u00f6ring m\u00f6belmunstycke dammsugare textilv\u00e5rdsmaskin"},"content":{"rendered":"<p>1.Transparent Sugspruta F\u00f6r B\u00e4ttre Synlighet: G\u00f6rs av transparent plast med rostfritt st\u00e5lr\u00f6r, idealisk f\u00f6r precisionssugning.<br \/>\n2.Spegelstarkt Design F\u00f6r Allm\u00e4n Anv\u00e4ndning: Kompatibel med flera typer av reng\u00f6ringsmaskiner, inklusive h\u00f6gtemperaturmattreng\u00f6ringsmaskiner och bilinteri\u00f6rsreng\u00f6ringsmaskiner.<br \/>\n3.L\u00e4ttatt Anv\u00e4nda Och Effektivt F\u00f6r Reng\u00f6ring: Perfekt f\u00f6r att suga bort vatten och sopor fr\u00e5n mattor och soffor, s\u00e4krar en djupg\u00e5ende reng\u00f6ring.<br \/>\n4.Robust Konstruktion Med 38mm Yttre Diameter: Garanterar h\u00e5llbarhet och stabil prestanda vid varje anv\u00e4ndning, oavsett yta.<br \/>\n5.L\u00f6st Kopplat F\u00f6r Enkel V\u00e4xling: Tillbeh\u00f6ret \u00e4r l\u00e4tt att montera och avmontera, vilket g\u00f6r det perfekt f\u00f6r multipla anv\u00e4ndningsomr\u00e5den, inklusive bilinredningar och hemma.<\/p>\n","protected":false},"excerpt":{"rendered":"<p>1.Transparent Sugspruta F\u00f6r B\u00e4ttre Synlighet: G\u00f6rs av transparent plast med rostfritt st\u00e5lr\u00f6r, idealisk f\u00f6r precisionssugning. 2.Spegelstarkt Design F\u00f6r Allm\u00e4n Anv\u00e4ndning: [&hellip;]<\/p>\n","protected":false},"featured_media":23127,"comment_status":"open","ping_status":"closed","template":"","meta":{"site-sidebar-layout":"default","site-content-layout":"","ast-site-content-layout":"default","site-content-style":"default","site-sidebar-style":"default","ast-global-header-display":"","ast-banner-title-visibility":"","ast-main-header-display":"","ast-hfb-above-header-display":"","ast-hfb-below-header-display":"","ast-hfb-mobile-header-display":"","site-post-title":"","ast-breadcrumbs-content":"","ast-featured-img":"","footer-sml-layout":"","theme-transparent-header-meta":"default","adv-header-id-meta":"","stick-header-meta":"","header-above-stick-meta":"","header-main-stick-meta":"","header-below-stick-meta":"","astra-migrate-meta-layouts":"set","ast-page-background-enabled":"default","ast-page-background-meta":{"desktop":{"background-color":"var(--ast-global-color-4)","background-image":"","background-repeat":"repeat","background-position":"center center","background-size":"auto","background-attachment":"scroll","background-type":"","background-media":"","overlay-type":"","overlay-color":"","overlay-opacity":"","overlay-gradient":""},"tablet":{"background-color":"","background-image":"","background-repeat":"repeat","background-position":"center center","background-size":"auto","background-attachment":"scroll","background-type":"","background-media":"","overlay-type":"","overlay-color":"","overlay-opacity":"","overlay-gradient":""},"mobile":{"background-color":"","background-image":"","background-repeat":"repeat","background-position":"center center","background-size":"auto","background-attachment":"scroll","background-type":"","background-media":"","overlay-type":"","overlay-color":"","overlay-opacity":"","overlay-gradient":""}},"ast-content-background-meta":{"desktop":{"background-color":"var(--ast-global-color-5)","background-image":"","background-repeat":"repeat","background-position":"center center","background-size":"auto","background-attachment":"scroll","background-type":"","background-media":"","overlay-type":"","overlay-color":"","overlay-opacity":"","overlay-gradient":""},"tablet":{"background-color":"var(--ast-global-color-5)","background-image":"","background-repeat":"repeat","background-position":"center center","background-size":"auto","background-attachment":"scroll","background-type":"","background-media":"","overlay-type":"","overlay-color":"","overlay-opacity":"","overlay-gradient":""},"mobile":{"background-color":"var(--ast-global-color-5)","background-image":"","background-repeat":"repeat","background-position":"center center","background-size":"auto","background-attachment":"scroll","background-type":"","background-media":"","overlay-type":"","overlay-color":"","overlay-opacity":"","overlay-gradient":""}}},"product_brand":[],"product_cat":[691,894],"product_tag":[692,693],"class_list":{"0":"post-23149","1":"product","2":"type-product","3":"status-publish","4":"has-post-thumbnail","6":"product_cat-rengoringsverktyg","7":"product_cat-verktyg-och-utrustning","8":"product_tag-rengoringsutrustning-for-hushall","9":"product_tag-rengoringsverktyg-for-fordon","10":"desktop-align-left","11":"tablet-align-left","12":"mobile-align-left","14":"first","15":"instock","16":"sale","17":"shipping-taxable","18":"purchasable","19":"product-type-simple"},"yoast_head":"<!-- This site is optimized with the Yoast SEO plugin v24.9 - https:\/\/yoast.com\/wordpress\/plugins\/seo\/ -->\r\n<title>Mattv\u00e4ttmaskiner och M\u00f6belmunstycken -Induzon<\/title>\r\n<meta name=\"description\" content=\"V\u00e5tdammsugare f\u00f6r textil, h\u00f6g temperatur reng\u00f6ring och bilinteri\u00f6rer. Professionella tillbeh\u00f6r med rostfria munstycken.\" \/>\r\n<meta name=\"robots\" content=\"index, follow, max-snippet:-1, max-image-preview:large, max-video-preview:-1\" \/>\r\n<link rel=\"canonical\" href=\"https:\/\/induzon.com\/sv\/produkt\/rostfritt-stal-vatdammsugare-munstycke-for-mattvatt-textiltvatt-till-mattrengoringsmaskin-38-mm-transparent-sofa-matt-rengoring-mobelmunstycke-dammsugare-textilvardsmaskin\/\" \/>\r\n<meta property=\"og:locale\" content=\"sv_SE\" \/>\r\n<meta property=\"og:type\" content=\"article\" \/>\r\n<meta property=\"og:title\" content=\"Mattv\u00e4ttmaskiner och M\u00f6belmunstycken -Induzon\" \/>\r\n<meta property=\"og:description\" content=\"V\u00e5tdammsugare f\u00f6r textil, h\u00f6g temperatur reng\u00f6ring och bilinteri\u00f6rer. Professionella tillbeh\u00f6r med rostfria munstycken.\" \/>\r\n<meta property=\"og:url\" content=\"https:\/\/induzon.com\/sv\/produkt\/rostfritt-stal-vatdammsugare-munstycke-for-mattvatt-textiltvatt-till-mattrengoringsmaskin-38-mm-transparent-sofa-matt-rengoring-mobelmunstycke-dammsugare-textilvardsmaskin\/\" \/>\r\n<meta property=\"og:site_name\" content=\"induzon\" \/>\r\n<meta property=\"article:modified_time\" content=\"2025-12-24T08:43:11+00:00\" \/>\r\n<meta property=\"og:image\" content=\"https:\/\/induzon.com\/wp-content\/uploads\/2025\/08\/\u56fe-2-3.jpg\" \/>\r\n\t<meta property=\"og:image:width\" content=\"1500\" \/>\r\n\t<meta property=\"og:image:height\" content=\"1500\" \/>\r\n\t<meta property=\"og:image:type\" content=\"image\/jpeg\" \/>\r\n<meta name=\"twitter:card\" content=\"summary_large_image\" \/>\r\n<meta name=\"twitter:label1\" content=\"Ber\u00e4knad l\u00e4stid\" \/>\n\t<meta name=\"twitter:data1\" content=\"1 minut\" \/>\r\n<script type=\"application\/ld+json\" class=\"yoast-schema-graph\">{\"@context\":\"https:\/\/schema.org\",\"@graph\":[{\"@type\":\"WebPage\",\"@id\":\"https:\/\/induzon.com\/sv\/produkt\/rostfritt-stal-vatdammsugare-munstycke-for-mattvatt-textiltvatt-till-mattrengoringsmaskin-38-mm-transparent-sofa-matt-rengoring-mobelmunstycke-dammsugare-textilvardsmaskin\/\",\"url\":\"https:\/\/induzon.com\/sv\/produkt\/rostfritt-stal-vatdammsugare-munstycke-for-mattvatt-textiltvatt-till-mattrengoringsmaskin-38-mm-transparent-sofa-matt-rengoring-mobelmunstycke-dammsugare-textilvardsmaskin\/\",\"name\":\"Mattv\u00e4ttmaskiner och M\u00f6belmunstycken -Induzon\",\"isPartOf\":{\"@id\":\"https:\/\/induzon.com\/sv\/#website\"},\"primaryImageOfPage\":{\"@id\":\"https:\/\/induzon.com\/sv\/produkt\/rostfritt-stal-vatdammsugare-munstycke-for-mattvatt-textiltvatt-till-mattrengoringsmaskin-38-mm-transparent-sofa-matt-rengoring-mobelmunstycke-dammsugare-textilvardsmaskin\/#primaryimage\"},\"image\":{\"@id\":\"https:\/\/induzon.com\/sv\/produkt\/rostfritt-stal-vatdammsugare-munstycke-for-mattvatt-textiltvatt-till-mattrengoringsmaskin-38-mm-transparent-sofa-matt-rengoring-mobelmunstycke-dammsugare-textilvardsmaskin\/#primaryimage\"},\"thumbnailUrl\":\"https:\/\/induzon.com\/wp-content\/uploads\/2025\/08\/\u56fe-2-3.jpg\",\"datePublished\":\"2025-08-16T03:01:27+00:00\",\"dateModified\":\"2025-12-24T08:43:11+00:00\",\"description\":\"V\u00e5tdammsugare f\u00f6r textil, h\u00f6g temperatur reng\u00f6ring och bilinteri\u00f6rer. Professionella tillbeh\u00f6r med rostfria munstycken.\",\"breadcrumb\":{\"@id\":\"https:\/\/induzon.com\/sv\/produkt\/rostfritt-stal-vatdammsugare-munstycke-for-mattvatt-textiltvatt-till-mattrengoringsmaskin-38-mm-transparent-sofa-matt-rengoring-mobelmunstycke-dammsugare-textilvardsmaskin\/#breadcrumb\"},\"inLanguage\":\"sv-SE\",\"potentialAction\":[{\"@type\":\"ReadAction\",\"target\":[\"https:\/\/induzon.com\/sv\/produkt\/rostfritt-stal-vatdammsugare-munstycke-for-mattvatt-textiltvatt-till-mattrengoringsmaskin-38-mm-transparent-sofa-matt-rengoring-mobelmunstycke-dammsugare-textilvardsmaskin\/\"]}]},{\"@type\":\"ImageObject\",\"inLanguage\":\"sv-SE\",\"@id\":\"https:\/\/induzon.com\/sv\/produkt\/rostfritt-stal-vatdammsugare-munstycke-for-mattvatt-textiltvatt-till-mattrengoringsmaskin-38-mm-transparent-sofa-matt-rengoring-mobelmunstycke-dammsugare-textilvardsmaskin\/#primaryimage\",\"url\":\"https:\/\/induzon.com\/wp-content\/uploads\/2025\/08\/\u56fe-2-3.jpg\",\"contentUrl\":\"https:\/\/induzon.com\/wp-content\/uploads\/2025\/08\/\u56fe-2-3.jpg\",\"width\":1500,\"height\":1500,\"caption\":\"V\u00e5tdammsugare f\u00f6r textil, h\u00f6g temperatur reng\u00f6ring och bilinteri\u00f6rer. Professionella tillbeh\u00f6r med rostfria munstycken Mattv\u00e4ttmaskiner och M\u00f6belmunstycken\"},{\"@type\":\"BreadcrumbList\",\"@id\":\"https:\/\/induzon.com\/sv\/produkt\/rostfritt-stal-vatdammsugare-munstycke-for-mattvatt-textiltvatt-till-mattrengoringsmaskin-38-mm-transparent-sofa-matt-rengoring-mobelmunstycke-dammsugare-textilvardsmaskin\/#breadcrumb\",\"itemListElement\":[{\"@type\":\"ListItem\",\"position\":1,\"name\":\"\u9996\u9875\",\"item\":\"https:\/\/induzon.com\/sv\/hem\/\"},{\"@type\":\"ListItem\",\"position\":2,\"name\":\"Butik\",\"item\":\"https:\/\/induzon.com\/sv\/butik\/\"},{\"@type\":\"ListItem\",\"position\":3,\"name\":\"rostfritt st\u00e5l v\u00e5tdammsugare munstycke f\u00f6r mattv\u00e4tt textiltv\u00e4tt till mattreng\u00f6ringsmaskin 38 mm transparent sofa matt reng\u00f6ring m\u00f6belmunstycke dammsugare textilv\u00e5rdsmaskin\"}]},{\"@type\":\"WebSite\",\"@id\":\"https:\/\/induzon.com\/sv\/#website\",\"url\":\"https:\/\/induzon.com\/sv\/\",\"name\":\"induzon\",\"description\":\"\",\"publisher\":{\"@id\":\"https:\/\/induzon.com\/sv\/#organization\"},\"potentialAction\":[{\"@type\":\"SearchAction\",\"target\":{\"@type\":\"EntryPoint\",\"urlTemplate\":\"https:\/\/induzon.com\/sv\/?s={search_term_string}\"},\"query-input\":{\"@type\":\"PropertyValueSpecification\",\"valueRequired\":true,\"valueName\":\"search_term_string\"}}],\"inLanguage\":\"sv-SE\"},{\"@type\":\"Organization\",\"@id\":\"https:\/\/induzon.com\/sv\/#organization\",\"name\":\"induzon\",\"url\":\"https:\/\/induzon.com\/sv\/\",\"logo\":{\"@type\":\"ImageObject\",\"inLanguage\":\"sv-SE\",\"@id\":\"https:\/\/induzon.com\/sv\/#\/schema\/logo\/image\/\",\"url\":\"https:\/\/induzon.com\/wp-content\/uploads\/2025\/05\/cropped-026.png\",\"contentUrl\":\"https:\/\/induzon.com\/wp-content\/uploads\/2025\/05\/cropped-026.png\",\"width\":512,\"height\":512,\"caption\":\"induzon\"},\"image\":{\"@id\":\"https:\/\/induzon.com\/sv\/#\/schema\/logo\/image\/\"}}]}<\/script>\r\n<!-- \/ Yoast SEO plugin. -->","yoast_head_json":{"title":"Mattv\u00e4ttmaskiner och M\u00f6belmunstycken -Induzon","description":"V\u00e5tdammsugare f\u00f6r textil, h\u00f6g temperatur reng\u00f6ring och bilinteri\u00f6rer. Professionella tillbeh\u00f6r med rostfria munstycken.","robots":{"index":"index","follow":"follow","max-snippet":"max-snippet:-1","max-image-preview":"max-image-preview:large","max-video-preview":"max-video-preview:-1"},"canonical":"https:\/\/induzon.com\/sv\/produkt\/rostfritt-stal-vatdammsugare-munstycke-for-mattvatt-textiltvatt-till-mattrengoringsmaskin-38-mm-transparent-sofa-matt-rengoring-mobelmunstycke-dammsugare-textilvardsmaskin\/","og_locale":"sv_SE","og_type":"article","og_title":"Mattv\u00e4ttmaskiner och M\u00f6belmunstycken -Induzon","og_description":"V\u00e5tdammsugare f\u00f6r textil, h\u00f6g temperatur reng\u00f6ring och bilinteri\u00f6rer. Professionella tillbeh\u00f6r med rostfria munstycken.","og_url":"https:\/\/induzon.com\/sv\/produkt\/rostfritt-stal-vatdammsugare-munstycke-for-mattvatt-textiltvatt-till-mattrengoringsmaskin-38-mm-transparent-sofa-matt-rengoring-mobelmunstycke-dammsugare-textilvardsmaskin\/","og_site_name":"induzon","article_modified_time":"2025-12-24T08:43:11+00:00","og_image":[{"width":1500,"height":1500,"url":"https:\/\/induzon.com\/wp-content\/uploads\/2025\/08\/\u56fe-2-3.jpg","type":"image\/jpeg"}],"twitter_card":"summary_large_image","twitter_misc":{"Ber\u00e4knad l\u00e4stid":"1 minut"},"schema":{"@context":"https:\/\/schema.org","@graph":[{"@type":"WebPage","@id":"https:\/\/induzon.com\/sv\/produkt\/rostfritt-stal-vatdammsugare-munstycke-for-mattvatt-textiltvatt-till-mattrengoringsmaskin-38-mm-transparent-sofa-matt-rengoring-mobelmunstycke-dammsugare-textilvardsmaskin\/","url":"https:\/\/induzon.com\/sv\/produkt\/rostfritt-stal-vatdammsugare-munstycke-for-mattvatt-textiltvatt-till-mattrengoringsmaskin-38-mm-transparent-sofa-matt-rengoring-mobelmunstycke-dammsugare-textilvardsmaskin\/","name":"Mattv\u00e4ttmaskiner och M\u00f6belmunstycken -Induzon","isPartOf":{"@id":"https:\/\/induzon.com\/sv\/#website"},"primaryImageOfPage":{"@id":"https:\/\/induzon.com\/sv\/produkt\/rostfritt-stal-vatdammsugare-munstycke-for-mattvatt-textiltvatt-till-mattrengoringsmaskin-38-mm-transparent-sofa-matt-rengoring-mobelmunstycke-dammsugare-textilvardsmaskin\/#primaryimage"},"image":{"@id":"https:\/\/induzon.com\/sv\/produkt\/rostfritt-stal-vatdammsugare-munstycke-for-mattvatt-textiltvatt-till-mattrengoringsmaskin-38-mm-transparent-sofa-matt-rengoring-mobelmunstycke-dammsugare-textilvardsmaskin\/#primaryimage"},"thumbnailUrl":"https:\/\/induzon.com\/wp-content\/uploads\/2025\/08\/\u56fe-2-3.jpg","datePublished":"2025-08-16T03:01:27+00:00","dateModified":"2025-12-24T08:43:11+00:00","description":"V\u00e5tdammsugare f\u00f6r textil, h\u00f6g temperatur reng\u00f6ring och bilinteri\u00f6rer. Professionella tillbeh\u00f6r med rostfria munstycken.","breadcrumb":{"@id":"https:\/\/induzon.com\/sv\/produkt\/rostfritt-stal-vatdammsugare-munstycke-for-mattvatt-textiltvatt-till-mattrengoringsmaskin-38-mm-transparent-sofa-matt-rengoring-mobelmunstycke-dammsugare-textilvardsmaskin\/#breadcrumb"},"inLanguage":"sv-SE","potentialAction":[{"@type":"ReadAction","target":["https:\/\/induzon.com\/sv\/produkt\/rostfritt-stal-vatdammsugare-munstycke-for-mattvatt-textiltvatt-till-mattrengoringsmaskin-38-mm-transparent-sofa-matt-rengoring-mobelmunstycke-dammsugare-textilvardsmaskin\/"]}]},{"@type":"ImageObject","inLanguage":"sv-SE","@id":"https:\/\/induzon.com\/sv\/produkt\/rostfritt-stal-vatdammsugare-munstycke-for-mattvatt-textiltvatt-till-mattrengoringsmaskin-38-mm-transparent-sofa-matt-rengoring-mobelmunstycke-dammsugare-textilvardsmaskin\/#primaryimage","url":"https:\/\/induzon.com\/wp-content\/uploads\/2025\/08\/\u56fe-2-3.jpg","contentUrl":"https:\/\/induzon.com\/wp-content\/uploads\/2025\/08\/\u56fe-2-3.jpg","width":1500,"height":1500,"caption":"V\u00e5tdammsugare f\u00f6r textil, h\u00f6g temperatur reng\u00f6ring och bilinteri\u00f6rer. Professionella tillbeh\u00f6r med rostfria munstycken Mattv\u00e4ttmaskiner och M\u00f6belmunstycken"},{"@type":"BreadcrumbList","@id":"https:\/\/induzon.com\/sv\/produkt\/rostfritt-stal-vatdammsugare-munstycke-for-mattvatt-textiltvatt-till-mattrengoringsmaskin-38-mm-transparent-sofa-matt-rengoring-mobelmunstycke-dammsugare-textilvardsmaskin\/#breadcrumb","itemListElement":[{"@type":"ListItem","position":1,"name":"\u9996\u9875","item":"https:\/\/induzon.com\/sv\/hem\/"},{"@type":"ListItem","position":2,"name":"Butik","item":"https:\/\/induzon.com\/sv\/butik\/"},{"@type":"ListItem","position":3,"name":"rostfritt st\u00e5l v\u00e5tdammsugare munstycke f\u00f6r mattv\u00e4tt textiltv\u00e4tt till mattreng\u00f6ringsmaskin 38 mm transparent sofa matt reng\u00f6ring m\u00f6belmunstycke dammsugare textilv\u00e5rdsmaskin"}]},{"@type":"WebSite","@id":"https:\/\/induzon.com\/sv\/#website","url":"https:\/\/induzon.com\/sv\/","name":"induzon","description":"","publisher":{"@id":"https:\/\/induzon.com\/sv\/#organization"},"potentialAction":[{"@type":"SearchAction","target":{"@type":"EntryPoint","urlTemplate":"https:\/\/induzon.com\/sv\/?s={search_term_string}"},"query-input":{"@type":"PropertyValueSpecification","valueRequired":true,"valueName":"search_term_string"}}],"inLanguage":"sv-SE"},{"@type":"Organization","@id":"https:\/\/induzon.com\/sv\/#organization","name":"induzon","url":"https:\/\/induzon.com\/sv\/","logo":{"@type":"ImageObject","inLanguage":"sv-SE","@id":"https:\/\/induzon.com\/sv\/#\/schema\/logo\/image\/","url":"https:\/\/induzon.com\/wp-content\/uploads\/2025\/05\/cropped-026.png","contentUrl":"https:\/\/induzon.com\/wp-content\/uploads\/2025\/05\/cropped-026.png","width":512,"height":512,"caption":"induzon"},"image":{"@id":"https:\/\/induzon.com\/sv\/#\/schema\/logo\/image\/"}}]}},"_links":{"self":[{"href":"https:\/\/induzon.com\/sv\/wp-json\/wp\/v2\/product\/23149","targetHints":{"allow":["GET"]}}],"collection":[{"href":"https:\/\/induzon.com\/sv\/wp-json\/wp\/v2\/product"}],"about":[{"href":"https:\/\/induzon.com\/sv\/wp-json\/wp\/v2\/types\/product"}],"replies":[{"embeddable":true,"href":"https:\/\/induzon.com\/sv\/wp-json\/wp\/v2\/comments?post=23149"}],"version-history":[{"count":2,"href":"https:\/\/induzon.com\/sv\/wp-json\/wp\/v2\/product\/23149\/revisions"}],"predecessor-version":[{"id":32431,"href":"https:\/\/induzon.com\/sv\/wp-json\/wp\/v2\/product\/23149\/revisions\/32431"}],"wp:featuredmedia":[{"embeddable":true,"href":"https:\/\/induzon.com\/sv\/wp-json\/wp\/v2\/media\/23127"}],"wp:attachment":[{"href":"https:\/\/induzon.com\/sv\/wp-json\/wp\/v2\/media?parent=23149"}],"wp:term":[{"taxonomy":"product_brand","embeddable":true,"href":"https:\/\/induzon.com\/sv\/wp-json\/wp\/v2\/product_brand?post=23149"},{"taxonomy":"product_cat","embeddable":true,"href":"https:\/\/induzon.com\/sv\/wp-json\/wp\/v2\/product_cat?post=23149"},{"taxonomy":"product_tag","embeddable":true,"href":"https:\/\/induzon.com\/sv\/wp-json\/wp\/v2\/product_tag?post=23149"}],"curies":[{"name":"wp","href":"https:\/\/api.w.org\/{rel}","templated":true}]}}