{"id":30431,"date":"2025-11-17T17:28:38","date_gmt":"2025-11-17T09:28:38","guid":{"rendered":"https:\/\/induzon.com\/shop\/gjutjarns-kaminlucka-bagformad-gjutjarnsdorr-for-kedjepanna-staende-panna-ugnslucka-kaminlucka\/"},"modified":"2025-12-18T11:02:36","modified_gmt":"2025-12-18T03:02:36","slug":"gjutjarns-kaminlucka-bagformad-gjutjarnsdorr-for-kedjepanna-staende-panna-ugnslucka-kaminlucka","status":"publish","type":"product","link":"https:\/\/induzon.com\/sv\/produkt\/gjutjarns-kaminlucka-bagformad-gjutjarnsdorr-for-kedjepanna-staende-panna-ugnslucka-kaminlucka\/","title":{"rendered":"gjutj\u00e4rns kaminlucka B\u00e5gformad gjutj\u00e4rnsd\u00f6rr f\u00f6r kedjepanna st\u00e5ende panna ugnslucka kaminlucka"},"content":{"rendered":"<p>H\u00e5llbar gjutj\u00e4rnskonstruktion f\u00f6r l\u00e5ng livsl\u00e4ngd och p\u00e5litlig prestanda<br \/>\nPassar f\u00f6r olika \u00e4ndam\u00e5l som pannor, k\u00f6ksspisar och vedugnar<br \/>\nEnkel installation och anv\u00e4ndning f\u00f6r bekv\u00e4m underh\u00e5ll och reng\u00f6ring<br \/>\nDesignad f\u00f6r effektiv tillslutning och s\u00e4ker anv\u00e4ndning vid h\u00f6g v\u00e4rme<br \/>\nIdealisk f\u00f6r reng\u00f6ring och inspektion tack vare robust konstruktion<\/p>\n","protected":false},"excerpt":{"rendered":"<p>H\u00e5llbar gjutj\u00e4rnskonstruktion f\u00f6r l\u00e5ng livsl\u00e4ngd och p\u00e5litlig prestanda Passar f\u00f6r olika \u00e4ndam\u00e5l som pannor, k\u00f6ksspisar och vedugnar Enkel installation och [&hellip;]<\/p>\n","protected":false},"featured_media":30296,"comment_status":"open","ping_status":"closed","template":"","meta":{"site-sidebar-layout":"default","site-content-layout":"","ast-site-content-layout":"default","site-content-style":"default","site-sidebar-style":"default","ast-global-header-display":"","ast-banner-title-visibility":"","ast-main-header-display":"","ast-hfb-above-header-display":"","ast-hfb-below-header-display":"","ast-hfb-mobile-header-display":"","site-post-title":"","ast-breadcrumbs-content":"","ast-featured-img":"","footer-sml-layout":"","theme-transparent-header-meta":"default","adv-header-id-meta":"","stick-header-meta":"","header-above-stick-meta":"","header-main-stick-meta":"","header-below-stick-meta":"","astra-migrate-meta-layouts":"set","ast-page-background-enabled":"default","ast-page-background-meta":{"desktop":{"background-color":"var(--ast-global-color-4)","background-image":"","background-repeat":"repeat","background-position":"center center","background-size":"auto","background-attachment":"scroll","background-type":"","background-media":"","overlay-type":"","overlay-color":"","overlay-opacity":"","overlay-gradient":""},"tablet":{"background-color":"","background-image":"","background-repeat":"repeat","background-position":"center center","background-size":"auto","background-attachment":"scroll","background-type":"","background-media":"","overlay-type":"","overlay-color":"","overlay-opacity":"","overlay-gradient":""},"mobile":{"background-color":"","background-image":"","background-repeat":"repeat","background-position":"center center","background-size":"auto","background-attachment":"scroll","background-type":"","background-media":"","overlay-type":"","overlay-color":"","overlay-opacity":"","overlay-gradient":""}},"ast-content-background-meta":{"desktop":{"background-color":"var(--ast-global-color-5)","background-image":"","background-repeat":"repeat","background-position":"center center","background-size":"auto","background-attachment":"scroll","background-type":"","background-media":"","overlay-type":"","overlay-color":"","overlay-opacity":"","overlay-gradient":""},"tablet":{"background-color":"var(--ast-global-color-5)","background-image":"","background-repeat":"repeat","background-position":"center center","background-size":"auto","background-attachment":"scroll","background-type":"","background-media":"","overlay-type":"","overlay-color":"","overlay-opacity":"","overlay-gradient":""},"mobile":{"background-color":"var(--ast-global-color-5)","background-image":"","background-repeat":"repeat","background-position":"center center","background-size":"auto","background-attachment":"scroll","background-type":"","background-media":"","overlay-type":"","overlay-color":"","overlay-opacity":"","overlay-gradient":""}}},"product_brand":[],"product_cat":[2011,2010],"product_tag":[2012],"class_list":{"0":"post-30431","1":"product","2":"type-product","3":"status-publish","4":"has-post-thumbnail","6":"product_cat-boiler-genom","7":"product_cat-pannans-komponenter","8":"product_tag-boiler-genom","9":"desktop-align-left","10":"tablet-align-left","11":"mobile-align-left","13":"first","14":"instock","15":"sale","16":"shipping-taxable","17":"purchasable","18":"product-type-variable"},"yoast_head":"<!-- This site is optimized with the Yoast SEO plugin v24.9 - https:\/\/yoast.com\/wordpress\/plugins\/seo\/ -->\r\n<title>gjutj\u00e4rns kaminlucka B\u00e5gformad gjutj\u00e4rnsd\u00f6rr ugnslucka<\/title>\r\n<meta name=\"description\" content=\"H\u00f6gkvalitativ b\u00e5gformad gjutj\u00e4rnsd\u00f6rr f\u00f6r kedjepannor och st\u00e5ende pannor. Utm\u00e4rkt v\u00e4rmesj\u00e4lering och l\u00e5ng livsl\u00e4ngd, perfekt f\u00f6r kaminer\" \/>\r\n<meta name=\"robots\" content=\"index, follow, max-snippet:-1, max-image-preview:large, max-video-preview:-1\" \/>\r\n<link rel=\"canonical\" href=\"https:\/\/induzon.com\/sv\/produkt\/gjutjarns-kaminlucka-bagformad-gjutjarnsdorr-for-kedjepanna-staende-panna-ugnslucka-kaminlucka\/\" \/>\r\n<meta property=\"og:locale\" content=\"sv_SE\" \/>\r\n<meta property=\"og:type\" content=\"article\" \/>\r\n<meta property=\"og:title\" content=\"gjutj\u00e4rns kaminlucka B\u00e5gformad gjutj\u00e4rnsd\u00f6rr ugnslucka\" \/>\r\n<meta property=\"og:description\" content=\"H\u00f6gkvalitativ b\u00e5gformad gjutj\u00e4rnsd\u00f6rr f\u00f6r kedjepannor och st\u00e5ende pannor. Utm\u00e4rkt v\u00e4rmesj\u00e4lering och l\u00e5ng livsl\u00e4ngd, perfekt f\u00f6r kaminer\" \/>\r\n<meta property=\"og:url\" content=\"https:\/\/induzon.com\/sv\/produkt\/gjutjarns-kaminlucka-bagformad-gjutjarnsdorr-for-kedjepanna-staende-panna-ugnslucka-kaminlucka\/\" \/>\r\n<meta property=\"og:site_name\" content=\"induzon\" \/>\r\n<meta property=\"article:modified_time\" content=\"2025-12-18T03:02:36+00:00\" \/>\r\n<meta property=\"og:image\" content=\"https:\/\/induzon.com\/wp-content\/uploads\/2025\/11\/\u56fe-1-1.jpg\" \/>\r\n\t<meta property=\"og:image:width\" content=\"1500\" \/>\r\n\t<meta property=\"og:image:height\" content=\"1500\" \/>\r\n\t<meta property=\"og:image:type\" content=\"image\/jpeg\" \/>\r\n<meta name=\"twitter:card\" content=\"summary_large_image\" \/>\r\n<meta name=\"twitter:label1\" content=\"Ber\u00e4knad l\u00e4stid\" \/>\n\t<meta name=\"twitter:data1\" content=\"1 minut\" \/>\r\n<script type=\"application\/ld+json\" class=\"yoast-schema-graph\">{\"@context\":\"https:\/\/schema.org\",\"@graph\":[{\"@type\":\"WebPage\",\"@id\":\"https:\/\/induzon.com\/sv\/produkt\/gjutjarns-kaminlucka-bagformad-gjutjarnsdorr-for-kedjepanna-staende-panna-ugnslucka-kaminlucka\/\",\"url\":\"https:\/\/induzon.com\/sv\/produkt\/gjutjarns-kaminlucka-bagformad-gjutjarnsdorr-for-kedjepanna-staende-panna-ugnslucka-kaminlucka\/\",\"name\":\"gjutj\u00e4rns kaminlucka B\u00e5gformad gjutj\u00e4rnsd\u00f6rr ugnslucka\",\"isPartOf\":{\"@id\":\"https:\/\/induzon.com\/sv\/#website\"},\"primaryImageOfPage\":{\"@id\":\"https:\/\/induzon.com\/sv\/produkt\/gjutjarns-kaminlucka-bagformad-gjutjarnsdorr-for-kedjepanna-staende-panna-ugnslucka-kaminlucka\/#primaryimage\"},\"image\":{\"@id\":\"https:\/\/induzon.com\/sv\/produkt\/gjutjarns-kaminlucka-bagformad-gjutjarnsdorr-for-kedjepanna-staende-panna-ugnslucka-kaminlucka\/#primaryimage\"},\"thumbnailUrl\":\"https:\/\/induzon.com\/wp-content\/uploads\/2025\/11\/\u56fe-1-1.jpg\",\"datePublished\":\"2025-11-17T09:28:38+00:00\",\"dateModified\":\"2025-12-18T03:02:36+00:00\",\"description\":\"H\u00f6gkvalitativ b\u00e5gformad gjutj\u00e4rnsd\u00f6rr f\u00f6r kedjepannor och st\u00e5ende pannor. Utm\u00e4rkt v\u00e4rmesj\u00e4lering och l\u00e5ng livsl\u00e4ngd, perfekt f\u00f6r kaminer\",\"breadcrumb\":{\"@id\":\"https:\/\/induzon.com\/sv\/produkt\/gjutjarns-kaminlucka-bagformad-gjutjarnsdorr-for-kedjepanna-staende-panna-ugnslucka-kaminlucka\/#breadcrumb\"},\"inLanguage\":\"sv-SE\",\"potentialAction\":[{\"@type\":\"ReadAction\",\"target\":[\"https:\/\/induzon.com\/sv\/produkt\/gjutjarns-kaminlucka-bagformad-gjutjarnsdorr-for-kedjepanna-staende-panna-ugnslucka-kaminlucka\/\"]}]},{\"@type\":\"ImageObject\",\"inLanguage\":\"sv-SE\",\"@id\":\"https:\/\/induzon.com\/sv\/produkt\/gjutjarns-kaminlucka-bagformad-gjutjarnsdorr-for-kedjepanna-staende-panna-ugnslucka-kaminlucka\/#primaryimage\",\"url\":\"https:\/\/induzon.com\/wp-content\/uploads\/2025\/11\/\u56fe-1-1.jpg\",\"contentUrl\":\"https:\/\/induzon.com\/wp-content\/uploads\/2025\/11\/\u56fe-1-1.jpg\",\"width\":1500,\"height\":1500,\"caption\":\"gjutj\u00e4rns kaminlucka B\u00e5gformad gjutj\u00e4rnsd\u00f6rr ugnslucka\"},{\"@type\":\"BreadcrumbList\",\"@id\":\"https:\/\/induzon.com\/sv\/produkt\/gjutjarns-kaminlucka-bagformad-gjutjarnsdorr-for-kedjepanna-staende-panna-ugnslucka-kaminlucka\/#breadcrumb\",\"itemListElement\":[{\"@type\":\"ListItem\",\"position\":1,\"name\":\"\u9996\u9875\",\"item\":\"https:\/\/induzon.com\/sv\/hem\/\"},{\"@type\":\"ListItem\",\"position\":2,\"name\":\"Butik\",\"item\":\"https:\/\/induzon.com\/sv\/butik\/\"},{\"@type\":\"ListItem\",\"position\":3,\"name\":\"gjutj\u00e4rns kaminlucka B\u00e5gformad gjutj\u00e4rnsd\u00f6rr f\u00f6r kedjepanna st\u00e5ende panna ugnslucka kaminlucka\"}]},{\"@type\":\"WebSite\",\"@id\":\"https:\/\/induzon.com\/sv\/#website\",\"url\":\"https:\/\/induzon.com\/sv\/\",\"name\":\"induzon\",\"description\":\"\",\"publisher\":{\"@id\":\"https:\/\/induzon.com\/sv\/#organization\"},\"potentialAction\":[{\"@type\":\"SearchAction\",\"target\":{\"@type\":\"EntryPoint\",\"urlTemplate\":\"https:\/\/induzon.com\/sv\/?s={search_term_string}\"},\"query-input\":{\"@type\":\"PropertyValueSpecification\",\"valueRequired\":true,\"valueName\":\"search_term_string\"}}],\"inLanguage\":\"sv-SE\"},{\"@type\":\"Organization\",\"@id\":\"https:\/\/induzon.com\/sv\/#organization\",\"name\":\"induzon\",\"url\":\"https:\/\/induzon.com\/sv\/\",\"logo\":{\"@type\":\"ImageObject\",\"inLanguage\":\"sv-SE\",\"@id\":\"https:\/\/induzon.com\/sv\/#\/schema\/logo\/image\/\",\"url\":\"https:\/\/induzon.com\/wp-content\/uploads\/2025\/05\/cropped-026.png\",\"contentUrl\":\"https:\/\/induzon.com\/wp-content\/uploads\/2025\/05\/cropped-026.png\",\"width\":512,\"height\":512,\"caption\":\"induzon\"},\"image\":{\"@id\":\"https:\/\/induzon.com\/sv\/#\/schema\/logo\/image\/\"}}]}<\/script>\r\n<!-- \/ Yoast SEO plugin. -->","yoast_head_json":{"title":"gjutj\u00e4rns kaminlucka B\u00e5gformad gjutj\u00e4rnsd\u00f6rr ugnslucka","description":"H\u00f6gkvalitativ b\u00e5gformad gjutj\u00e4rnsd\u00f6rr f\u00f6r kedjepannor och st\u00e5ende pannor. Utm\u00e4rkt v\u00e4rmesj\u00e4lering och l\u00e5ng livsl\u00e4ngd, perfekt f\u00f6r kaminer","robots":{"index":"index","follow":"follow","max-snippet":"max-snippet:-1","max-image-preview":"max-image-preview:large","max-video-preview":"max-video-preview:-1"},"canonical":"https:\/\/induzon.com\/sv\/produkt\/gjutjarns-kaminlucka-bagformad-gjutjarnsdorr-for-kedjepanna-staende-panna-ugnslucka-kaminlucka\/","og_locale":"sv_SE","og_type":"article","og_title":"gjutj\u00e4rns kaminlucka B\u00e5gformad gjutj\u00e4rnsd\u00f6rr ugnslucka","og_description":"H\u00f6gkvalitativ b\u00e5gformad gjutj\u00e4rnsd\u00f6rr f\u00f6r kedjepannor och st\u00e5ende pannor. Utm\u00e4rkt v\u00e4rmesj\u00e4lering och l\u00e5ng livsl\u00e4ngd, perfekt f\u00f6r kaminer","og_url":"https:\/\/induzon.com\/sv\/produkt\/gjutjarns-kaminlucka-bagformad-gjutjarnsdorr-for-kedjepanna-staende-panna-ugnslucka-kaminlucka\/","og_site_name":"induzon","article_modified_time":"2025-12-18T03:02:36+00:00","og_image":[{"width":1500,"height":1500,"url":"https:\/\/induzon.com\/wp-content\/uploads\/2025\/11\/\u56fe-1-1.jpg","type":"image\/jpeg"}],"twitter_card":"summary_large_image","twitter_misc":{"Ber\u00e4knad l\u00e4stid":"1 minut"},"schema":{"@context":"https:\/\/schema.org","@graph":[{"@type":"WebPage","@id":"https:\/\/induzon.com\/sv\/produkt\/gjutjarns-kaminlucka-bagformad-gjutjarnsdorr-for-kedjepanna-staende-panna-ugnslucka-kaminlucka\/","url":"https:\/\/induzon.com\/sv\/produkt\/gjutjarns-kaminlucka-bagformad-gjutjarnsdorr-for-kedjepanna-staende-panna-ugnslucka-kaminlucka\/","name":"gjutj\u00e4rns kaminlucka B\u00e5gformad gjutj\u00e4rnsd\u00f6rr ugnslucka","isPartOf":{"@id":"https:\/\/induzon.com\/sv\/#website"},"primaryImageOfPage":{"@id":"https:\/\/induzon.com\/sv\/produkt\/gjutjarns-kaminlucka-bagformad-gjutjarnsdorr-for-kedjepanna-staende-panna-ugnslucka-kaminlucka\/#primaryimage"},"image":{"@id":"https:\/\/induzon.com\/sv\/produkt\/gjutjarns-kaminlucka-bagformad-gjutjarnsdorr-for-kedjepanna-staende-panna-ugnslucka-kaminlucka\/#primaryimage"},"thumbnailUrl":"https:\/\/induzon.com\/wp-content\/uploads\/2025\/11\/\u56fe-1-1.jpg","datePublished":"2025-11-17T09:28:38+00:00","dateModified":"2025-12-18T03:02:36+00:00","description":"H\u00f6gkvalitativ b\u00e5gformad gjutj\u00e4rnsd\u00f6rr f\u00f6r kedjepannor och st\u00e5ende pannor. Utm\u00e4rkt v\u00e4rmesj\u00e4lering och l\u00e5ng livsl\u00e4ngd, perfekt f\u00f6r kaminer","breadcrumb":{"@id":"https:\/\/induzon.com\/sv\/produkt\/gjutjarns-kaminlucka-bagformad-gjutjarnsdorr-for-kedjepanna-staende-panna-ugnslucka-kaminlucka\/#breadcrumb"},"inLanguage":"sv-SE","potentialAction":[{"@type":"ReadAction","target":["https:\/\/induzon.com\/sv\/produkt\/gjutjarns-kaminlucka-bagformad-gjutjarnsdorr-for-kedjepanna-staende-panna-ugnslucka-kaminlucka\/"]}]},{"@type":"ImageObject","inLanguage":"sv-SE","@id":"https:\/\/induzon.com\/sv\/produkt\/gjutjarns-kaminlucka-bagformad-gjutjarnsdorr-for-kedjepanna-staende-panna-ugnslucka-kaminlucka\/#primaryimage","url":"https:\/\/induzon.com\/wp-content\/uploads\/2025\/11\/\u56fe-1-1.jpg","contentUrl":"https:\/\/induzon.com\/wp-content\/uploads\/2025\/11\/\u56fe-1-1.jpg","width":1500,"height":1500,"caption":"gjutj\u00e4rns kaminlucka B\u00e5gformad gjutj\u00e4rnsd\u00f6rr ugnslucka"},{"@type":"BreadcrumbList","@id":"https:\/\/induzon.com\/sv\/produkt\/gjutjarns-kaminlucka-bagformad-gjutjarnsdorr-for-kedjepanna-staende-panna-ugnslucka-kaminlucka\/#breadcrumb","itemListElement":[{"@type":"ListItem","position":1,"name":"\u9996\u9875","item":"https:\/\/induzon.com\/sv\/hem\/"},{"@type":"ListItem","position":2,"name":"Butik","item":"https:\/\/induzon.com\/sv\/butik\/"},{"@type":"ListItem","position":3,"name":"gjutj\u00e4rns kaminlucka B\u00e5gformad gjutj\u00e4rnsd\u00f6rr f\u00f6r kedjepanna st\u00e5ende panna ugnslucka kaminlucka"}]},{"@type":"WebSite","@id":"https:\/\/induzon.com\/sv\/#website","url":"https:\/\/induzon.com\/sv\/","name":"induzon","description":"","publisher":{"@id":"https:\/\/induzon.com\/sv\/#organization"},"potentialAction":[{"@type":"SearchAction","target":{"@type":"EntryPoint","urlTemplate":"https:\/\/induzon.com\/sv\/?s={search_term_string}"},"query-input":{"@type":"PropertyValueSpecification","valueRequired":true,"valueName":"search_term_string"}}],"inLanguage":"sv-SE"},{"@type":"Organization","@id":"https:\/\/induzon.com\/sv\/#organization","name":"induzon","url":"https:\/\/induzon.com\/sv\/","logo":{"@type":"ImageObject","inLanguage":"sv-SE","@id":"https:\/\/induzon.com\/sv\/#\/schema\/logo\/image\/","url":"https:\/\/induzon.com\/wp-content\/uploads\/2025\/05\/cropped-026.png","contentUrl":"https:\/\/induzon.com\/wp-content\/uploads\/2025\/05\/cropped-026.png","width":512,"height":512,"caption":"induzon"},"image":{"@id":"https:\/\/induzon.com\/sv\/#\/schema\/logo\/image\/"}}]}},"_links":{"self":[{"href":"https:\/\/induzon.com\/sv\/wp-json\/wp\/v2\/product\/30431","targetHints":{"allow":["GET"]}}],"collection":[{"href":"https:\/\/induzon.com\/sv\/wp-json\/wp\/v2\/product"}],"about":[{"href":"https:\/\/induzon.com\/sv\/wp-json\/wp\/v2\/types\/product"}],"replies":[{"embeddable":true,"href":"https:\/\/induzon.com\/sv\/wp-json\/wp\/v2\/comments?post=30431"}],"version-history":[{"count":2,"href":"https:\/\/induzon.com\/sv\/wp-json\/wp\/v2\/product\/30431\/revisions"}],"predecessor-version":[{"id":32172,"href":"https:\/\/induzon.com\/sv\/wp-json\/wp\/v2\/product\/30431\/revisions\/32172"}],"wp:featuredmedia":[{"embeddable":true,"href":"https:\/\/induzon.com\/sv\/wp-json\/wp\/v2\/media\/30296"}],"wp:attachment":[{"href":"https:\/\/induzon.com\/sv\/wp-json\/wp\/v2\/media?parent=30431"}],"wp:term":[{"taxonomy":"product_brand","embeddable":true,"href":"https:\/\/induzon.com\/sv\/wp-json\/wp\/v2\/product_brand?post=30431"},{"taxonomy":"product_cat","embeddable":true,"href":"https:\/\/induzon.com\/sv\/wp-json\/wp\/v2\/product_cat?post=30431"},{"taxonomy":"product_tag","embeddable":true,"href":"https:\/\/induzon.com\/sv\/wp-json\/wp\/v2\/product_tag?post=30431"}],"curies":[{"name":"wp","href":"https:\/\/api.w.org\/{rel}","templated":true}]}}