{"id":33011,"date":"2026-01-14T15:51:45","date_gmt":"2026-01-14T07:51:45","guid":{"rendered":"https:\/\/induzon.com\/shop\/bordssnackautomat-med-spiralfjader-for-forsaljning-av-godis-och-dryck-3\/"},"modified":"2026-01-14T15:51:45","modified_gmt":"2026-01-14T07:51:45","slug":"bordssnackautomat-med-spiralfjader-for-forsaljning-av-godis-och-dryck-3","status":"publish","type":"product","link":"https:\/\/induzon.com\/sv\/produkt\/bordssnackautomat-med-spiralfjader-for-forsaljning-av-godis-och-dryck-3\/","title":{"rendered":"Bordssnackautomat med Spiralfj\u00e4der f\u00f6r F\u00f6rs\u00e4ljning av Godis och Dryck"},"content":{"rendered":"<p>1.H\u00e5llbar plastkonstruktion f\u00f6r l\u00e5ng livsl\u00e4ngd i automatmaskiner<br \/>\n2.Perfekt f\u00f6r livsmedels- och dryckesautomater i utomhusmilj\u00f6er<br \/>\n3.Enkel installation som passar de flesta snacks- och godisautomater<br \/>\n4.F\u00f6rb\u00e4ttrar produktframf\u00f6ring med precisionsjusterad spiralfj\u00e4der<br \/>\n5.Motst\u00e5ndskraftig design f\u00f6r p\u00e5litlig drift i caf\u00e9er och butiker<\/p>\n","protected":false},"excerpt":{"rendered":"<p>1.H\u00e5llbar plastkonstruktion f\u00f6r l\u00e5ng livsl\u00e4ngd i automatmaskiner 2.Perfekt f\u00f6r livsmedels- och dryckesautomater i utomhusmilj\u00f6er 3.Enkel installation som passar de flesta [&hellip;]<\/p>\n","protected":false},"featured_media":28930,"comment_status":"open","ping_status":"closed","template":"","meta":{"site-sidebar-layout":"default","site-content-layout":"","ast-site-content-layout":"default","site-content-style":"default","site-sidebar-style":"default","ast-global-header-display":"","ast-banner-title-visibility":"","ast-main-header-display":"","ast-hfb-above-header-display":"","ast-hfb-below-header-display":"","ast-hfb-mobile-header-display":"","site-post-title":"","ast-breadcrumbs-content":"","ast-featured-img":"","footer-sml-layout":"","theme-transparent-header-meta":"default","adv-header-id-meta":"","stick-header-meta":"","header-above-stick-meta":"","header-main-stick-meta":"","header-below-stick-meta":"","astra-migrate-meta-layouts":"default","ast-page-background-enabled":"default","ast-page-background-meta":{"desktop":{"background-color":"var(--ast-global-color-4)","background-image":"","background-repeat":"repeat","background-position":"center center","background-size":"auto","background-attachment":"scroll","background-type":"","background-media":"","overlay-type":"","overlay-color":"","overlay-opacity":"","overlay-gradient":""},"tablet":{"background-color":"","background-image":"","background-repeat":"repeat","background-position":"center center","background-size":"auto","background-attachment":"scroll","background-type":"","background-media":"","overlay-type":"","overlay-color":"","overlay-opacity":"","overlay-gradient":""},"mobile":{"background-color":"","background-image":"","background-repeat":"repeat","background-position":"center center","background-size":"auto","background-attachment":"scroll","background-type":"","background-media":"","overlay-type":"","overlay-color":"","overlay-opacity":"","overlay-gradient":""}},"ast-content-background-meta":{"desktop":{"background-color":"var(--ast-global-color-5)","background-image":"","background-repeat":"repeat","background-position":"center center","background-size":"auto","background-attachment":"scroll","background-type":"","background-media":"","overlay-type":"","overlay-color":"","overlay-opacity":"","overlay-gradient":""},"tablet":{"background-color":"var(--ast-global-color-5)","background-image":"","background-repeat":"repeat","background-position":"center center","background-size":"auto","background-attachment":"scroll","background-type":"","background-media":"","overlay-type":"","overlay-color":"","overlay-opacity":"","overlay-gradient":""},"mobile":{"background-color":"var(--ast-global-color-5)","background-image":"","background-repeat":"repeat","background-position":"center center","background-size":"auto","background-attachment":"scroll","background-type":"","background-media":"","overlay-type":"","overlay-color":"","overlay-opacity":"","overlay-gradient":""}}},"product_brand":[],"product_cat":[1911],"product_tag":[1912],"class_list":{"0":"post-33011","1":"product","2":"type-product","3":"status-publish","4":"has-post-thumbnail","6":"product_cat-varuautomat","7":"product_tag-varuautomat","8":"desktop-align-left","9":"tablet-align-left","10":"mobile-align-left","12":"first","13":"instock","14":"sale","15":"shipping-taxable","16":"purchasable","17":"product-type-simple"},"yoast_head":"<!-- This site is optimized with the Yoast SEO plugin v24.9 - https:\/\/yoast.com\/wordpress\/plugins\/seo\/ -->\r\n<title>Dryckesautomat Snackautomaten -Induzon<\/title>\r\n<meta name=\"description\" content=\"P\u00e5litlig snack- och dryckesautomat med spiralfj\u00e4derteknik f\u00f6r kontor, offentliga milj\u00f6er och utomhus. H\u00e5llbara komponenter inklusive spiralst\u00e4nger.\" \/>\r\n<meta name=\"robots\" content=\"index, follow, max-snippet:-1, max-image-preview:large, max-video-preview:-1\" \/>\r\n<link rel=\"canonical\" href=\"https:\/\/induzon.com\/sv\/produkt\/bordssnackautomat-med-spiralfjader-for-forsaljning-av-godis-och-dryck-3\/\" \/>\r\n<meta property=\"og:locale\" content=\"sv_SE\" \/>\r\n<meta property=\"og:type\" content=\"article\" \/>\r\n<meta property=\"og:title\" content=\"Dryckesautomat Snackautomaten -Induzon\" \/>\r\n<meta property=\"og:description\" content=\"P\u00e5litlig snack- och dryckesautomat med spiralfj\u00e4derteknik f\u00f6r kontor, offentliga milj\u00f6er och utomhus. H\u00e5llbara komponenter inklusive spiralst\u00e4nger.\" \/>\r\n<meta property=\"og:url\" content=\"https:\/\/induzon.com\/sv\/produkt\/bordssnackautomat-med-spiralfjader-for-forsaljning-av-godis-och-dryck-3\/\" \/>\r\n<meta property=\"og:site_name\" content=\"induzon\" \/>\r\n<meta property=\"og:image\" content=\"https:\/\/induzon.com\/wp-content\/uploads\/2025\/10\/\u56fe-1-1.jpg\" \/>\r\n\t<meta property=\"og:image:width\" content=\"1500\" \/>\r\n\t<meta property=\"og:image:height\" content=\"1500\" \/>\r\n\t<meta property=\"og:image:type\" content=\"image\/jpeg\" \/>\r\n<meta name=\"twitter:card\" content=\"summary_large_image\" \/>\r\n<script type=\"application\/ld+json\" class=\"yoast-schema-graph\">{\"@context\":\"https:\/\/schema.org\",\"@graph\":[{\"@type\":\"WebPage\",\"@id\":\"https:\/\/induzon.com\/sv\/produkt\/bordssnackautomat-med-spiralfjader-for-forsaljning-av-godis-och-dryck-3\/\",\"url\":\"https:\/\/induzon.com\/sv\/produkt\/bordssnackautomat-med-spiralfjader-for-forsaljning-av-godis-och-dryck-3\/\",\"name\":\"Dryckesautomat Snackautomaten -Induzon\",\"isPartOf\":{\"@id\":\"https:\/\/induzon.com\/sv\/#website\"},\"primaryImageOfPage\":{\"@id\":\"https:\/\/induzon.com\/sv\/produkt\/bordssnackautomat-med-spiralfjader-for-forsaljning-av-godis-och-dryck-3\/#primaryimage\"},\"image\":{\"@id\":\"https:\/\/induzon.com\/sv\/produkt\/bordssnackautomat-med-spiralfjader-for-forsaljning-av-godis-och-dryck-3\/#primaryimage\"},\"thumbnailUrl\":\"https:\/\/induzon.com\/wp-content\/uploads\/2025\/10\/\u56fe-1-1.jpg\",\"datePublished\":\"2026-01-14T07:51:45+00:00\",\"description\":\"P\u00e5litlig snack- och dryckesautomat med spiralfj\u00e4derteknik f\u00f6r kontor, offentliga milj\u00f6er och utomhus. H\u00e5llbara komponenter inklusive spiralst\u00e4nger.\",\"breadcrumb\":{\"@id\":\"https:\/\/induzon.com\/sv\/produkt\/bordssnackautomat-med-spiralfjader-for-forsaljning-av-godis-och-dryck-3\/#breadcrumb\"},\"inLanguage\":\"sv-SE\",\"potentialAction\":[{\"@type\":\"ReadAction\",\"target\":[\"https:\/\/induzon.com\/sv\/produkt\/bordssnackautomat-med-spiralfjader-for-forsaljning-av-godis-och-dryck-3\/\"]}]},{\"@type\":\"ImageObject\",\"inLanguage\":\"sv-SE\",\"@id\":\"https:\/\/induzon.com\/sv\/produkt\/bordssnackautomat-med-spiralfjader-for-forsaljning-av-godis-och-dryck-3\/#primaryimage\",\"url\":\"https:\/\/induzon.com\/wp-content\/uploads\/2025\/10\/\u56fe-1-1.jpg\",\"contentUrl\":\"https:\/\/induzon.com\/wp-content\/uploads\/2025\/10\/\u56fe-1-1.jpg\",\"width\":1500,\"height\":1500,\"caption\":\"Dryckesautomat Snackautomaten\"},{\"@type\":\"BreadcrumbList\",\"@id\":\"https:\/\/induzon.com\/sv\/produkt\/bordssnackautomat-med-spiralfjader-for-forsaljning-av-godis-och-dryck-3\/#breadcrumb\",\"itemListElement\":[{\"@type\":\"ListItem\",\"position\":1,\"name\":\"\u9996\u9875\",\"item\":\"https:\/\/induzon.com\/sv\/hem\/\"},{\"@type\":\"ListItem\",\"position\":2,\"name\":\"Butik\",\"item\":\"https:\/\/induzon.com\/sv\/butik\/\"},{\"@type\":\"ListItem\",\"position\":3,\"name\":\"Bordssnackautomat med Spiralfj\u00e4der f\u00f6r F\u00f6rs\u00e4ljning av Godis och Dryck\"}]},{\"@type\":\"WebSite\",\"@id\":\"https:\/\/induzon.com\/sv\/#website\",\"url\":\"https:\/\/induzon.com\/sv\/\",\"name\":\"induzon\",\"description\":\"\",\"publisher\":{\"@id\":\"https:\/\/induzon.com\/sv\/#organization\"},\"potentialAction\":[{\"@type\":\"SearchAction\",\"target\":{\"@type\":\"EntryPoint\",\"urlTemplate\":\"https:\/\/induzon.com\/sv\/?s={search_term_string}\"},\"query-input\":{\"@type\":\"PropertyValueSpecification\",\"valueRequired\":true,\"valueName\":\"search_term_string\"}}],\"inLanguage\":\"sv-SE\"},{\"@type\":\"Organization\",\"@id\":\"https:\/\/induzon.com\/sv\/#organization\",\"name\":\"induzon\",\"url\":\"https:\/\/induzon.com\/sv\/\",\"logo\":{\"@type\":\"ImageObject\",\"inLanguage\":\"sv-SE\",\"@id\":\"https:\/\/induzon.com\/sv\/#\/schema\/logo\/image\/\",\"url\":\"https:\/\/induzon.com\/wp-content\/uploads\/2025\/05\/cropped-026.png\",\"contentUrl\":\"https:\/\/induzon.com\/wp-content\/uploads\/2025\/05\/cropped-026.png\",\"width\":512,\"height\":512,\"caption\":\"induzon\"},\"image\":{\"@id\":\"https:\/\/induzon.com\/sv\/#\/schema\/logo\/image\/\"}}]}<\/script>\r\n<!-- \/ Yoast SEO plugin. -->","yoast_head_json":{"title":"Dryckesautomat Snackautomaten -Induzon","description":"P\u00e5litlig snack- och dryckesautomat med spiralfj\u00e4derteknik f\u00f6r kontor, offentliga milj\u00f6er och utomhus. H\u00e5llbara komponenter inklusive spiralst\u00e4nger.","robots":{"index":"index","follow":"follow","max-snippet":"max-snippet:-1","max-image-preview":"max-image-preview:large","max-video-preview":"max-video-preview:-1"},"canonical":"https:\/\/induzon.com\/sv\/produkt\/bordssnackautomat-med-spiralfjader-for-forsaljning-av-godis-och-dryck-3\/","og_locale":"sv_SE","og_type":"article","og_title":"Dryckesautomat Snackautomaten -Induzon","og_description":"P\u00e5litlig snack- och dryckesautomat med spiralfj\u00e4derteknik f\u00f6r kontor, offentliga milj\u00f6er och utomhus. H\u00e5llbara komponenter inklusive spiralst\u00e4nger.","og_url":"https:\/\/induzon.com\/sv\/produkt\/bordssnackautomat-med-spiralfjader-for-forsaljning-av-godis-och-dryck-3\/","og_site_name":"induzon","og_image":[{"width":1500,"height":1500,"url":"https:\/\/induzon.com\/wp-content\/uploads\/2025\/10\/\u56fe-1-1.jpg","type":"image\/jpeg"}],"twitter_card":"summary_large_image","schema":{"@context":"https:\/\/schema.org","@graph":[{"@type":"WebPage","@id":"https:\/\/induzon.com\/sv\/produkt\/bordssnackautomat-med-spiralfjader-for-forsaljning-av-godis-och-dryck-3\/","url":"https:\/\/induzon.com\/sv\/produkt\/bordssnackautomat-med-spiralfjader-for-forsaljning-av-godis-och-dryck-3\/","name":"Dryckesautomat Snackautomaten -Induzon","isPartOf":{"@id":"https:\/\/induzon.com\/sv\/#website"},"primaryImageOfPage":{"@id":"https:\/\/induzon.com\/sv\/produkt\/bordssnackautomat-med-spiralfjader-for-forsaljning-av-godis-och-dryck-3\/#primaryimage"},"image":{"@id":"https:\/\/induzon.com\/sv\/produkt\/bordssnackautomat-med-spiralfjader-for-forsaljning-av-godis-och-dryck-3\/#primaryimage"},"thumbnailUrl":"https:\/\/induzon.com\/wp-content\/uploads\/2025\/10\/\u56fe-1-1.jpg","datePublished":"2026-01-14T07:51:45+00:00","description":"P\u00e5litlig snack- och dryckesautomat med spiralfj\u00e4derteknik f\u00f6r kontor, offentliga milj\u00f6er och utomhus. H\u00e5llbara komponenter inklusive spiralst\u00e4nger.","breadcrumb":{"@id":"https:\/\/induzon.com\/sv\/produkt\/bordssnackautomat-med-spiralfjader-for-forsaljning-av-godis-och-dryck-3\/#breadcrumb"},"inLanguage":"sv-SE","potentialAction":[{"@type":"ReadAction","target":["https:\/\/induzon.com\/sv\/produkt\/bordssnackautomat-med-spiralfjader-for-forsaljning-av-godis-och-dryck-3\/"]}]},{"@type":"ImageObject","inLanguage":"sv-SE","@id":"https:\/\/induzon.com\/sv\/produkt\/bordssnackautomat-med-spiralfjader-for-forsaljning-av-godis-och-dryck-3\/#primaryimage","url":"https:\/\/induzon.com\/wp-content\/uploads\/2025\/10\/\u56fe-1-1.jpg","contentUrl":"https:\/\/induzon.com\/wp-content\/uploads\/2025\/10\/\u56fe-1-1.jpg","width":1500,"height":1500,"caption":"Dryckesautomat Snackautomaten"},{"@type":"BreadcrumbList","@id":"https:\/\/induzon.com\/sv\/produkt\/bordssnackautomat-med-spiralfjader-for-forsaljning-av-godis-och-dryck-3\/#breadcrumb","itemListElement":[{"@type":"ListItem","position":1,"name":"\u9996\u9875","item":"https:\/\/induzon.com\/sv\/hem\/"},{"@type":"ListItem","position":2,"name":"Butik","item":"https:\/\/induzon.com\/sv\/butik\/"},{"@type":"ListItem","position":3,"name":"Bordssnackautomat med Spiralfj\u00e4der f\u00f6r F\u00f6rs\u00e4ljning av Godis och Dryck"}]},{"@type":"WebSite","@id":"https:\/\/induzon.com\/sv\/#website","url":"https:\/\/induzon.com\/sv\/","name":"induzon","description":"","publisher":{"@id":"https:\/\/induzon.com\/sv\/#organization"},"potentialAction":[{"@type":"SearchAction","target":{"@type":"EntryPoint","urlTemplate":"https:\/\/induzon.com\/sv\/?s={search_term_string}"},"query-input":{"@type":"PropertyValueSpecification","valueRequired":true,"valueName":"search_term_string"}}],"inLanguage":"sv-SE"},{"@type":"Organization","@id":"https:\/\/induzon.com\/sv\/#organization","name":"induzon","url":"https:\/\/induzon.com\/sv\/","logo":{"@type":"ImageObject","inLanguage":"sv-SE","@id":"https:\/\/induzon.com\/sv\/#\/schema\/logo\/image\/","url":"https:\/\/induzon.com\/wp-content\/uploads\/2025\/05\/cropped-026.png","contentUrl":"https:\/\/induzon.com\/wp-content\/uploads\/2025\/05\/cropped-026.png","width":512,"height":512,"caption":"induzon"},"image":{"@id":"https:\/\/induzon.com\/sv\/#\/schema\/logo\/image\/"}}]}},"_links":{"self":[{"href":"https:\/\/induzon.com\/sv\/wp-json\/wp\/v2\/product\/33011","targetHints":{"allow":["GET"]}}],"collection":[{"href":"https:\/\/induzon.com\/sv\/wp-json\/wp\/v2\/product"}],"about":[{"href":"https:\/\/induzon.com\/sv\/wp-json\/wp\/v2\/types\/product"}],"replies":[{"embeddable":true,"href":"https:\/\/induzon.com\/sv\/wp-json\/wp\/v2\/comments?post=33011"}],"version-history":[{"count":0,"href":"https:\/\/induzon.com\/sv\/wp-json\/wp\/v2\/product\/33011\/revisions"}],"wp:featuredmedia":[{"embeddable":true,"href":"https:\/\/induzon.com\/sv\/wp-json\/wp\/v2\/media\/28930"}],"wp:attachment":[{"href":"https:\/\/induzon.com\/sv\/wp-json\/wp\/v2\/media?parent=33011"}],"wp:term":[{"taxonomy":"product_brand","embeddable":true,"href":"https:\/\/induzon.com\/sv\/wp-json\/wp\/v2\/product_brand?post=33011"},{"taxonomy":"product_cat","embeddable":true,"href":"https:\/\/induzon.com\/sv\/wp-json\/wp\/v2\/product_cat?post=33011"},{"taxonomy":"product_tag","embeddable":true,"href":"https:\/\/induzon.com\/sv\/wp-json\/wp\/v2\/product_tag?post=33011"}],"curies":[{"name":"wp","href":"https:\/\/api.w.org\/{rel}","templated":true}]}}