{"id":34288,"date":"2026-03-12T17:04:07","date_gmt":"2026-03-12T09:04:07","guid":{"rendered":"https:\/\/induzon.com\/shop\/expansionskarl-0-5-2l-ersattning-for-helautomatisk-sjalvsugande-tryckstegringspump-for-varmt-kallt-vatten-hushallstank-for-konstant-tryck\/"},"modified":"2026-03-31T16:11:12","modified_gmt":"2026-03-31T08:11:12","slug":"expansionskarl-0-5-2l-ersattning-for-helautomatisk-sjalvsugande-tryckstegringspump-for-varmt-kallt-vatten-hushallstank-for-konstant-tryck","status":"publish","type":"product","link":"https:\/\/induzon.com\/sv\/produkt\/expansionskarl-0-5-2l-ersattning-for-helautomatisk-sjalvsugande-tryckstegringspump-for-varmt-kallt-vatten-hushallstank-for-konstant-tryck\/","title":{"rendered":"Expansionsk\u00e4rl 0.5-2L ers\u00e4ttning f\u00f6r helautomatisk sj\u00e4lvsugande tryckstegringspump f\u00f6r varmt\/kallt vatten, hush\u00e5llstank f\u00f6r konstant tryck"},"content":{"rendered":"","protected":false},"excerpt":{"rendered":"","protected":false},"featured_media":34064,"comment_status":"open","ping_status":"closed","template":"","meta":{"site-sidebar-layout":"default","site-content-layout":"","ast-site-content-layout":"default","site-content-style":"default","site-sidebar-style":"default","ast-global-header-display":"","ast-banner-title-visibility":"","ast-main-header-display":"","ast-hfb-above-header-display":"","ast-hfb-below-header-display":"","ast-hfb-mobile-header-display":"","site-post-title":"","ast-breadcrumbs-content":"","ast-featured-img":"","footer-sml-layout":"","theme-transparent-header-meta":"default","adv-header-id-meta":"","stick-header-meta":"","header-above-stick-meta":"","header-main-stick-meta":"","header-below-stick-meta":"","astra-migrate-meta-layouts":"default","ast-page-background-enabled":"default","ast-page-background-meta":{"desktop":{"background-color":"var(--ast-global-color-4)","background-image":"","background-repeat":"repeat","background-position":"center center","background-size":"auto","background-attachment":"scroll","background-type":"","background-media":"","overlay-type":"","overlay-color":"","overlay-opacity":"","overlay-gradient":""},"tablet":{"background-color":"","background-image":"","background-repeat":"repeat","background-position":"center center","background-size":"auto","background-attachment":"scroll","background-type":"","background-media":"","overlay-type":"","overlay-color":"","overlay-opacity":"","overlay-gradient":""},"mobile":{"background-color":"","background-image":"","background-repeat":"repeat","background-position":"center center","background-size":"auto","background-attachment":"scroll","background-type":"","background-media":"","overlay-type":"","overlay-color":"","overlay-opacity":"","overlay-gradient":""}},"ast-content-background-meta":{"desktop":{"background-color":"var(--ast-global-color-5)","background-image":"","background-repeat":"repeat","background-position":"center center","background-size":"auto","background-attachment":"scroll","background-type":"","background-media":"","overlay-type":"","overlay-color":"","overlay-opacity":"","overlay-gradient":""},"tablet":{"background-color":"var(--ast-global-color-5)","background-image":"","background-repeat":"repeat","background-position":"center center","background-size":"auto","background-attachment":"scroll","background-type":"","background-media":"","overlay-type":"","overlay-color":"","overlay-opacity":"","overlay-gradient":""},"mobile":{"background-color":"var(--ast-global-color-5)","background-image":"","background-repeat":"repeat","background-position":"center center","background-size":"auto","background-attachment":"scroll","background-type":"","background-media":"","overlay-type":"","overlay-color":"","overlay-opacity":"","overlay-gradient":""}}},"product_brand":[],"product_cat":[1079],"product_tag":[2198],"class_list":{"0":"post-34288","1":"product","2":"type-product","3":"status-publish","4":"has-post-thumbnail","6":"product_cat-industriell-och-kommersiell-utrustning","7":"product_tag-expansionskarl","8":"desktop-align-left","9":"tablet-align-left","10":"mobile-align-left","12":"first","13":"instock","14":"sale","15":"shipping-taxable","16":"purchasable","17":"product-type-variable"},"yoast_head":"<!-- This site is optimized with the Yoast SEO plugin v24.9 - https:\/\/yoast.com\/wordpress\/plugins\/seo\/ -->\r\n<title>Expansionsk\u00e4rl 0.5-2L f\u00f6r pump varmt\/kallt vatten konstant tryck<\/title>\r\n<meta name=\"description\" content=\"Ers\u00e4tt ditt gamla expansionsk\u00e4rl med denna modell 0.5-2L. Kompatibel med tryckstegringspumpar f\u00f6r varmt\/kallt vatten, konstant tryck. Enkel installation.\" \/>\r\n<meta name=\"robots\" content=\"index, follow, max-snippet:-1, max-image-preview:large, max-video-preview:-1\" \/>\r\n<link rel=\"canonical\" href=\"https:\/\/induzon.com\/sv\/produkt\/expansionskarl-0-5-2l-ersattning-for-helautomatisk-sjalvsugande-tryckstegringspump-for-varmt-kallt-vatten-hushallstank-for-konstant-tryck\/\" \/>\r\n<meta property=\"og:locale\" content=\"sv_SE\" \/>\r\n<meta property=\"og:type\" content=\"article\" \/>\r\n<meta property=\"og:title\" content=\"Expansionsk\u00e4rl 0.5-2L f\u00f6r pump varmt\/kallt vatten konstant tryck\" \/>\r\n<meta property=\"og:description\" content=\"Ers\u00e4tt ditt gamla expansionsk\u00e4rl med denna modell 0.5-2L. Kompatibel med tryckstegringspumpar f\u00f6r varmt\/kallt vatten, konstant tryck. Enkel installation.\" \/>\r\n<meta property=\"og:url\" content=\"https:\/\/induzon.com\/sv\/produkt\/expansionskarl-0-5-2l-ersattning-for-helautomatisk-sjalvsugande-tryckstegringspump-for-varmt-kallt-vatten-hushallstank-for-konstant-tryck\/\" \/>\r\n<meta property=\"og:site_name\" content=\"induzon\" \/>\r\n<meta property=\"article:modified_time\" content=\"2026-03-31T08:11:12+00:00\" \/>\r\n<meta property=\"og:image\" content=\"https:\/\/induzon.com\/wp-content\/uploads\/2026\/03\/\u56fe-3-2.jpg\" \/>\r\n\t<meta property=\"og:image:width\" content=\"1500\" \/>\r\n\t<meta property=\"og:image:height\" content=\"1500\" \/>\r\n\t<meta property=\"og:image:type\" content=\"image\/jpeg\" \/>\r\n<meta name=\"twitter:card\" content=\"summary_large_image\" \/>\r\n<script type=\"application\/ld+json\" class=\"yoast-schema-graph\">{\"@context\":\"https:\/\/schema.org\",\"@graph\":[{\"@type\":\"WebPage\",\"@id\":\"https:\/\/induzon.com\/sv\/produkt\/expansionskarl-0-5-2l-ersattning-for-helautomatisk-sjalvsugande-tryckstegringspump-for-varmt-kallt-vatten-hushallstank-for-konstant-tryck\/\",\"url\":\"https:\/\/induzon.com\/sv\/produkt\/expansionskarl-0-5-2l-ersattning-for-helautomatisk-sjalvsugande-tryckstegringspump-for-varmt-kallt-vatten-hushallstank-for-konstant-tryck\/\",\"name\":\"Expansionsk\u00e4rl 0.5-2L f\u00f6r pump varmt\/kallt vatten konstant tryck\",\"isPartOf\":{\"@id\":\"https:\/\/induzon.com\/sv\/#website\"},\"primaryImageOfPage\":{\"@id\":\"https:\/\/induzon.com\/sv\/produkt\/expansionskarl-0-5-2l-ersattning-for-helautomatisk-sjalvsugande-tryckstegringspump-for-varmt-kallt-vatten-hushallstank-for-konstant-tryck\/#primaryimage\"},\"image\":{\"@id\":\"https:\/\/induzon.com\/sv\/produkt\/expansionskarl-0-5-2l-ersattning-for-helautomatisk-sjalvsugande-tryckstegringspump-for-varmt-kallt-vatten-hushallstank-for-konstant-tryck\/#primaryimage\"},\"thumbnailUrl\":\"https:\/\/induzon.com\/wp-content\/uploads\/2026\/03\/\u56fe-3-2.jpg\",\"datePublished\":\"2026-03-12T09:04:07+00:00\",\"dateModified\":\"2026-03-31T08:11:12+00:00\",\"description\":\"Ers\u00e4tt ditt gamla expansionsk\u00e4rl med denna modell 0.5-2L. Kompatibel med tryckstegringspumpar f\u00f6r varmt\/kallt vatten, konstant tryck. Enkel installation.\",\"breadcrumb\":{\"@id\":\"https:\/\/induzon.com\/sv\/produkt\/expansionskarl-0-5-2l-ersattning-for-helautomatisk-sjalvsugande-tryckstegringspump-for-varmt-kallt-vatten-hushallstank-for-konstant-tryck\/#breadcrumb\"},\"inLanguage\":\"sv-SE\",\"potentialAction\":[{\"@type\":\"ReadAction\",\"target\":[\"https:\/\/induzon.com\/sv\/produkt\/expansionskarl-0-5-2l-ersattning-for-helautomatisk-sjalvsugande-tryckstegringspump-for-varmt-kallt-vatten-hushallstank-for-konstant-tryck\/\"]}]},{\"@type\":\"ImageObject\",\"inLanguage\":\"sv-SE\",\"@id\":\"https:\/\/induzon.com\/sv\/produkt\/expansionskarl-0-5-2l-ersattning-for-helautomatisk-sjalvsugande-tryckstegringspump-for-varmt-kallt-vatten-hushallstank-for-konstant-tryck\/#primaryimage\",\"url\":\"https:\/\/induzon.com\/wp-content\/uploads\/2026\/03\/\u56fe-3-2.jpg\",\"contentUrl\":\"https:\/\/induzon.com\/wp-content\/uploads\/2026\/03\/\u56fe-3-2.jpg\",\"width\":1500,\"height\":1500,\"caption\":\"Expansionsk\u00e4rl 0.5-2L ers\u00e4ttning f\u00f6r helautomatisk sj\u00e4lvsugande tryckstegringspump f\u00f6r varmt\/kallt vatten, hush\u00e5llstank f\u00f6r konstant tryck\"},{\"@type\":\"BreadcrumbList\",\"@id\":\"https:\/\/induzon.com\/sv\/produkt\/expansionskarl-0-5-2l-ersattning-for-helautomatisk-sjalvsugande-tryckstegringspump-for-varmt-kallt-vatten-hushallstank-for-konstant-tryck\/#breadcrumb\",\"itemListElement\":[{\"@type\":\"ListItem\",\"position\":1,\"name\":\"\u9996\u9875\",\"item\":\"https:\/\/induzon.com\/sv\/hem\/\"},{\"@type\":\"ListItem\",\"position\":2,\"name\":\"Butik\",\"item\":\"https:\/\/induzon.com\/sv\/butik\/\"},{\"@type\":\"ListItem\",\"position\":3,\"name\":\"Expansionsk\u00e4rl 0.5-2L ers\u00e4ttning f\u00f6r helautomatisk sj\u00e4lvsugande tryckstegringspump f\u00f6r varmt\/kallt vatten, hush\u00e5llstank f\u00f6r konstant tryck\"}]},{\"@type\":\"WebSite\",\"@id\":\"https:\/\/induzon.com\/sv\/#website\",\"url\":\"https:\/\/induzon.com\/sv\/\",\"name\":\"induzon\",\"description\":\"\",\"publisher\":{\"@id\":\"https:\/\/induzon.com\/sv\/#organization\"},\"potentialAction\":[{\"@type\":\"SearchAction\",\"target\":{\"@type\":\"EntryPoint\",\"urlTemplate\":\"https:\/\/induzon.com\/sv\/?s={search_term_string}\"},\"query-input\":{\"@type\":\"PropertyValueSpecification\",\"valueRequired\":true,\"valueName\":\"search_term_string\"}}],\"inLanguage\":\"sv-SE\"},{\"@type\":\"Organization\",\"@id\":\"https:\/\/induzon.com\/sv\/#organization\",\"name\":\"induzon\",\"url\":\"https:\/\/induzon.com\/sv\/\",\"logo\":{\"@type\":\"ImageObject\",\"inLanguage\":\"sv-SE\",\"@id\":\"https:\/\/induzon.com\/sv\/#\/schema\/logo\/image\/\",\"url\":\"https:\/\/induzon.com\/wp-content\/uploads\/2025\/05\/cropped-026.png\",\"contentUrl\":\"https:\/\/induzon.com\/wp-content\/uploads\/2025\/05\/cropped-026.png\",\"width\":512,\"height\":512,\"caption\":\"induzon\"},\"image\":{\"@id\":\"https:\/\/induzon.com\/sv\/#\/schema\/logo\/image\/\"}}]}<\/script>\r\n<!-- \/ Yoast SEO plugin. -->","yoast_head_json":{"title":"Expansionsk\u00e4rl 0.5-2L f\u00f6r pump varmt\/kallt vatten konstant tryck","description":"Ers\u00e4tt ditt gamla expansionsk\u00e4rl med denna modell 0.5-2L. Kompatibel med tryckstegringspumpar f\u00f6r varmt\/kallt vatten, konstant tryck. Enkel installation.","robots":{"index":"index","follow":"follow","max-snippet":"max-snippet:-1","max-image-preview":"max-image-preview:large","max-video-preview":"max-video-preview:-1"},"canonical":"https:\/\/induzon.com\/sv\/produkt\/expansionskarl-0-5-2l-ersattning-for-helautomatisk-sjalvsugande-tryckstegringspump-for-varmt-kallt-vatten-hushallstank-for-konstant-tryck\/","og_locale":"sv_SE","og_type":"article","og_title":"Expansionsk\u00e4rl 0.5-2L f\u00f6r pump varmt\/kallt vatten konstant tryck","og_description":"Ers\u00e4tt ditt gamla expansionsk\u00e4rl med denna modell 0.5-2L. Kompatibel med tryckstegringspumpar f\u00f6r varmt\/kallt vatten, konstant tryck. Enkel installation.","og_url":"https:\/\/induzon.com\/sv\/produkt\/expansionskarl-0-5-2l-ersattning-for-helautomatisk-sjalvsugande-tryckstegringspump-for-varmt-kallt-vatten-hushallstank-for-konstant-tryck\/","og_site_name":"induzon","article_modified_time":"2026-03-31T08:11:12+00:00","og_image":[{"width":1500,"height":1500,"url":"https:\/\/induzon.com\/wp-content\/uploads\/2026\/03\/\u56fe-3-2.jpg","type":"image\/jpeg"}],"twitter_card":"summary_large_image","schema":{"@context":"https:\/\/schema.org","@graph":[{"@type":"WebPage","@id":"https:\/\/induzon.com\/sv\/produkt\/expansionskarl-0-5-2l-ersattning-for-helautomatisk-sjalvsugande-tryckstegringspump-for-varmt-kallt-vatten-hushallstank-for-konstant-tryck\/","url":"https:\/\/induzon.com\/sv\/produkt\/expansionskarl-0-5-2l-ersattning-for-helautomatisk-sjalvsugande-tryckstegringspump-for-varmt-kallt-vatten-hushallstank-for-konstant-tryck\/","name":"Expansionsk\u00e4rl 0.5-2L f\u00f6r pump varmt\/kallt vatten konstant tryck","isPartOf":{"@id":"https:\/\/induzon.com\/sv\/#website"},"primaryImageOfPage":{"@id":"https:\/\/induzon.com\/sv\/produkt\/expansionskarl-0-5-2l-ersattning-for-helautomatisk-sjalvsugande-tryckstegringspump-for-varmt-kallt-vatten-hushallstank-for-konstant-tryck\/#primaryimage"},"image":{"@id":"https:\/\/induzon.com\/sv\/produkt\/expansionskarl-0-5-2l-ersattning-for-helautomatisk-sjalvsugande-tryckstegringspump-for-varmt-kallt-vatten-hushallstank-for-konstant-tryck\/#primaryimage"},"thumbnailUrl":"https:\/\/induzon.com\/wp-content\/uploads\/2026\/03\/\u56fe-3-2.jpg","datePublished":"2026-03-12T09:04:07+00:00","dateModified":"2026-03-31T08:11:12+00:00","description":"Ers\u00e4tt ditt gamla expansionsk\u00e4rl med denna modell 0.5-2L. Kompatibel med tryckstegringspumpar f\u00f6r varmt\/kallt vatten, konstant tryck. Enkel installation.","breadcrumb":{"@id":"https:\/\/induzon.com\/sv\/produkt\/expansionskarl-0-5-2l-ersattning-for-helautomatisk-sjalvsugande-tryckstegringspump-for-varmt-kallt-vatten-hushallstank-for-konstant-tryck\/#breadcrumb"},"inLanguage":"sv-SE","potentialAction":[{"@type":"ReadAction","target":["https:\/\/induzon.com\/sv\/produkt\/expansionskarl-0-5-2l-ersattning-for-helautomatisk-sjalvsugande-tryckstegringspump-for-varmt-kallt-vatten-hushallstank-for-konstant-tryck\/"]}]},{"@type":"ImageObject","inLanguage":"sv-SE","@id":"https:\/\/induzon.com\/sv\/produkt\/expansionskarl-0-5-2l-ersattning-for-helautomatisk-sjalvsugande-tryckstegringspump-for-varmt-kallt-vatten-hushallstank-for-konstant-tryck\/#primaryimage","url":"https:\/\/induzon.com\/wp-content\/uploads\/2026\/03\/\u56fe-3-2.jpg","contentUrl":"https:\/\/induzon.com\/wp-content\/uploads\/2026\/03\/\u56fe-3-2.jpg","width":1500,"height":1500,"caption":"Expansionsk\u00e4rl 0.5-2L ers\u00e4ttning f\u00f6r helautomatisk sj\u00e4lvsugande tryckstegringspump f\u00f6r varmt\/kallt vatten, hush\u00e5llstank f\u00f6r konstant tryck"},{"@type":"BreadcrumbList","@id":"https:\/\/induzon.com\/sv\/produkt\/expansionskarl-0-5-2l-ersattning-for-helautomatisk-sjalvsugande-tryckstegringspump-for-varmt-kallt-vatten-hushallstank-for-konstant-tryck\/#breadcrumb","itemListElement":[{"@type":"ListItem","position":1,"name":"\u9996\u9875","item":"https:\/\/induzon.com\/sv\/hem\/"},{"@type":"ListItem","position":2,"name":"Butik","item":"https:\/\/induzon.com\/sv\/butik\/"},{"@type":"ListItem","position":3,"name":"Expansionsk\u00e4rl 0.5-2L ers\u00e4ttning f\u00f6r helautomatisk sj\u00e4lvsugande tryckstegringspump f\u00f6r varmt\/kallt vatten, hush\u00e5llstank f\u00f6r konstant tryck"}]},{"@type":"WebSite","@id":"https:\/\/induzon.com\/sv\/#website","url":"https:\/\/induzon.com\/sv\/","name":"induzon","description":"","publisher":{"@id":"https:\/\/induzon.com\/sv\/#organization"},"potentialAction":[{"@type":"SearchAction","target":{"@type":"EntryPoint","urlTemplate":"https:\/\/induzon.com\/sv\/?s={search_term_string}"},"query-input":{"@type":"PropertyValueSpecification","valueRequired":true,"valueName":"search_term_string"}}],"inLanguage":"sv-SE"},{"@type":"Organization","@id":"https:\/\/induzon.com\/sv\/#organization","name":"induzon","url":"https:\/\/induzon.com\/sv\/","logo":{"@type":"ImageObject","inLanguage":"sv-SE","@id":"https:\/\/induzon.com\/sv\/#\/schema\/logo\/image\/","url":"https:\/\/induzon.com\/wp-content\/uploads\/2025\/05\/cropped-026.png","contentUrl":"https:\/\/induzon.com\/wp-content\/uploads\/2025\/05\/cropped-026.png","width":512,"height":512,"caption":"induzon"},"image":{"@id":"https:\/\/induzon.com\/sv\/#\/schema\/logo\/image\/"}}]}},"_links":{"self":[{"href":"https:\/\/induzon.com\/sv\/wp-json\/wp\/v2\/product\/34288","targetHints":{"allow":["GET"]}}],"collection":[{"href":"https:\/\/induzon.com\/sv\/wp-json\/wp\/v2\/product"}],"about":[{"href":"https:\/\/induzon.com\/sv\/wp-json\/wp\/v2\/types\/product"}],"replies":[{"embeddable":true,"href":"https:\/\/induzon.com\/sv\/wp-json\/wp\/v2\/comments?post=34288"}],"version-history":[{"count":1,"href":"https:\/\/induzon.com\/sv\/wp-json\/wp\/v2\/product\/34288\/revisions"}],"predecessor-version":[{"id":36645,"href":"https:\/\/induzon.com\/sv\/wp-json\/wp\/v2\/product\/34288\/revisions\/36645"}],"wp:featuredmedia":[{"embeddable":true,"href":"https:\/\/induzon.com\/sv\/wp-json\/wp\/v2\/media\/34064"}],"wp:attachment":[{"href":"https:\/\/induzon.com\/sv\/wp-json\/wp\/v2\/media?parent=34288"}],"wp:term":[{"taxonomy":"product_brand","embeddable":true,"href":"https:\/\/induzon.com\/sv\/wp-json\/wp\/v2\/product_brand?post=34288"},{"taxonomy":"product_cat","embeddable":true,"href":"https:\/\/induzon.com\/sv\/wp-json\/wp\/v2\/product_cat?post=34288"},{"taxonomy":"product_tag","embeddable":true,"href":"https:\/\/induzon.com\/sv\/wp-json\/wp\/v2\/product_tag?post=34288"}],"curies":[{"name":"wp","href":"https:\/\/api.w.org\/{rel}","templated":true}]}}