{"id":36215,"date":"2026-03-24T17:20:22","date_gmt":"2026-03-24T09:20:22","guid":{"rendered":"https:\/\/induzon.com\/shop\/termostatblandare-med-termostatventil-dn50-for-duschkran-badkar-kokskran\/"},"modified":"2026-03-24T17:20:22","modified_gmt":"2026-03-24T09:20:22","slug":"termostatblandare-med-termostatventil-dn50-for-duschkran-badkar-kokskran","status":"publish","type":"product","link":"https:\/\/induzon.com\/sv\/produkt\/termostatblandare-med-termostatventil-dn50-for-duschkran-badkar-kokskran\/","title":{"rendered":"Termostatblandare med termostatventil DN50 f\u00f6r duschkran badkar k\u00f6kskran"},"content":{"rendered":"<p>Modell: DN50 Anslutningsstorlek: 2&#8243;<br \/>\nTekniska data:<br \/>\n-Driftstryck: 0,03\u20131 MPa<br \/>\n-Optimalt driftstryck: 0,1\u20130,5 MPa<br \/>\n-Fl\u00f6de: 183 l\/min (tryck &gt; 0,1 MPa)<br \/>\n-Temperaturintervall f\u00f6r kall inlopp: 4\u201334 \u00b0C<br \/>\n-Temperaturintervall f\u00f6r varm inlopp: 36\u201399 \u00b0C<br \/>\n-Justerbart temperaturintervall: 38\u201348 \u00b0C; 50\u201360 \u00b0C<br \/>\n-Noggrannhet: \u00b12 \u00b0C<br \/>\n-Utan backventil<br \/>\n-Rostfritt st\u00e5l 304<\/p>\n","protected":false},"excerpt":{"rendered":"<p>Modell: DN50 Anslutningsstorlek: 2&#8243; Tekniska data: -Driftstryck: 0,03\u20131 MPa -Optimalt driftstryck: 0,1\u20130,5 MPa -Fl\u00f6de: 183 l\/min (tryck &gt; 0,1 MPa) [&hellip;]<\/p>\n","protected":false},"featured_media":36198,"comment_status":"open","ping_status":"closed","template":"","meta":{"site-sidebar-layout":"default","site-content-layout":"","ast-site-content-layout":"default","site-content-style":"default","site-sidebar-style":"default","ast-global-header-display":"","ast-banner-title-visibility":"","ast-main-header-display":"","ast-hfb-above-header-display":"","ast-hfb-below-header-display":"","ast-hfb-mobile-header-display":"","site-post-title":"","ast-breadcrumbs-content":"","ast-featured-img":"","footer-sml-layout":"","theme-transparent-header-meta":"default","adv-header-id-meta":"","stick-header-meta":"","header-above-stick-meta":"","header-main-stick-meta":"","header-below-stick-meta":"","astra-migrate-meta-layouts":"default","ast-page-background-enabled":"default","ast-page-background-meta":{"desktop":{"background-color":"var(--ast-global-color-4)","background-image":"","background-repeat":"repeat","background-position":"center center","background-size":"auto","background-attachment":"scroll","background-type":"","background-media":"","overlay-type":"","overlay-color":"","overlay-opacity":"","overlay-gradient":""},"tablet":{"background-color":"","background-image":"","background-repeat":"repeat","background-position":"center center","background-size":"auto","background-attachment":"scroll","background-type":"","background-media":"","overlay-type":"","overlay-color":"","overlay-opacity":"","overlay-gradient":""},"mobile":{"background-color":"","background-image":"","background-repeat":"repeat","background-position":"center center","background-size":"auto","background-attachment":"scroll","background-type":"","background-media":"","overlay-type":"","overlay-color":"","overlay-opacity":"","overlay-gradient":""}},"ast-content-background-meta":{"desktop":{"background-color":"var(--ast-global-color-5)","background-image":"","background-repeat":"repeat","background-position":"center center","background-size":"auto","background-attachment":"scroll","background-type":"","background-media":"","overlay-type":"","overlay-color":"","overlay-opacity":"","overlay-gradient":""},"tablet":{"background-color":"var(--ast-global-color-5)","background-image":"","background-repeat":"repeat","background-position":"center center","background-size":"auto","background-attachment":"scroll","background-type":"","background-media":"","overlay-type":"","overlay-color":"","overlay-opacity":"","overlay-gradient":""},"mobile":{"background-color":"var(--ast-global-color-5)","background-image":"","background-repeat":"repeat","background-position":"center center","background-size":"auto","background-attachment":"scroll","background-type":"","background-media":"","overlay-type":"","overlay-color":"","overlay-opacity":"","overlay-gradient":""}}},"product_brand":[],"product_cat":[2300],"product_tag":[2301],"class_list":{"0":"post-36215","1":"product","2":"type-product","3":"status-publish","4":"has-post-thumbnail","6":"product_cat-ventil","7":"product_tag-termostatisk-blandningsventil","8":"desktop-align-left","9":"tablet-align-left","10":"mobile-align-left","12":"first","13":"instock","14":"sale","15":"shipping-taxable","16":"purchasable","17":"product-type-simple"},"yoast_head":"<!-- This site is optimized with the Yoast SEO plugin v24.9 - https:\/\/yoast.com\/wordpress\/plugins\/seo\/ -->\r\n<title>Termostatblandare med Termostatventil DN50<\/title>\r\n<meta name=\"description\" content=\"Termostatblandare DN50 med termostatventil exakt temperaturkontroll s\u00e4kerhet f\u00f6r duschkran badkar k\u00f6kskran\" \/>\r\n<meta name=\"robots\" content=\"index, follow, max-snippet:-1, max-image-preview:large, max-video-preview:-1\" \/>\r\n<link rel=\"canonical\" href=\"https:\/\/induzon.com\/sv\/produkt\/termostatblandare-med-termostatventil-dn50-for-duschkran-badkar-kokskran\/\" \/>\r\n<meta property=\"og:locale\" content=\"sv_SE\" \/>\r\n<meta property=\"og:type\" content=\"article\" \/>\r\n<meta property=\"og:title\" content=\"Termostatblandare med Termostatventil DN50\" \/>\r\n<meta property=\"og:description\" content=\"Termostatblandare DN50 med termostatventil exakt temperaturkontroll s\u00e4kerhet f\u00f6r duschkran badkar k\u00f6kskran\" \/>\r\n<meta property=\"og:url\" content=\"https:\/\/induzon.com\/sv\/produkt\/termostatblandare-med-termostatventil-dn50-for-duschkran-badkar-kokskran\/\" \/>\r\n<meta property=\"og:site_name\" content=\"induzon\" \/>\r\n<meta property=\"og:image\" content=\"https:\/\/induzon.com\/wp-content\/uploads\/2026\/03\/3-24-3-1.png\" \/>\r\n\t<meta property=\"og:image:width\" content=\"623\" \/>\r\n\t<meta property=\"og:image:height\" content=\"513\" \/>\r\n\t<meta property=\"og:image:type\" content=\"image\/png\" \/>\r\n<meta name=\"twitter:card\" content=\"summary_large_image\" \/>\r\n<script type=\"application\/ld+json\" class=\"yoast-schema-graph\">{\"@context\":\"https:\/\/schema.org\",\"@graph\":[{\"@type\":\"WebPage\",\"@id\":\"https:\/\/induzon.com\/sv\/produkt\/termostatblandare-med-termostatventil-dn50-for-duschkran-badkar-kokskran\/\",\"url\":\"https:\/\/induzon.com\/sv\/produkt\/termostatblandare-med-termostatventil-dn50-for-duschkran-badkar-kokskran\/\",\"name\":\"Termostatblandare med Termostatventil DN50\",\"isPartOf\":{\"@id\":\"https:\/\/induzon.com\/sv\/#website\"},\"primaryImageOfPage\":{\"@id\":\"https:\/\/induzon.com\/sv\/produkt\/termostatblandare-med-termostatventil-dn50-for-duschkran-badkar-kokskran\/#primaryimage\"},\"image\":{\"@id\":\"https:\/\/induzon.com\/sv\/produkt\/termostatblandare-med-termostatventil-dn50-for-duschkran-badkar-kokskran\/#primaryimage\"},\"thumbnailUrl\":\"https:\/\/induzon.com\/wp-content\/uploads\/2026\/03\/3-24-3-1.png\",\"datePublished\":\"2026-03-24T09:20:22+00:00\",\"description\":\"Termostatblandare DN50 med termostatventil exakt temperaturkontroll s\u00e4kerhet f\u00f6r duschkran badkar k\u00f6kskran\",\"breadcrumb\":{\"@id\":\"https:\/\/induzon.com\/sv\/produkt\/termostatblandare-med-termostatventil-dn50-for-duschkran-badkar-kokskran\/#breadcrumb\"},\"inLanguage\":\"sv-SE\",\"potentialAction\":[{\"@type\":\"ReadAction\",\"target\":[\"https:\/\/induzon.com\/sv\/produkt\/termostatblandare-med-termostatventil-dn50-for-duschkran-badkar-kokskran\/\"]}]},{\"@type\":\"ImageObject\",\"inLanguage\":\"sv-SE\",\"@id\":\"https:\/\/induzon.com\/sv\/produkt\/termostatblandare-med-termostatventil-dn50-for-duschkran-badkar-kokskran\/#primaryimage\",\"url\":\"https:\/\/induzon.com\/wp-content\/uploads\/2026\/03\/3-24-3-1.png\",\"contentUrl\":\"https:\/\/induzon.com\/wp-content\/uploads\/2026\/03\/3-24-3-1.png\",\"width\":623,\"height\":513,\"caption\":\"Termostatblandare med termostatventil DN50 f\u00f6r duschkran badkar k\u00f6kskran\"},{\"@type\":\"BreadcrumbList\",\"@id\":\"https:\/\/induzon.com\/sv\/produkt\/termostatblandare-med-termostatventil-dn50-for-duschkran-badkar-kokskran\/#breadcrumb\",\"itemListElement\":[{\"@type\":\"ListItem\",\"position\":1,\"name\":\"\u9996\u9875\",\"item\":\"https:\/\/induzon.com\/sv\/hem\/\"},{\"@type\":\"ListItem\",\"position\":2,\"name\":\"Butik\",\"item\":\"https:\/\/induzon.com\/sv\/butik\/\"},{\"@type\":\"ListItem\",\"position\":3,\"name\":\"Termostatblandare med termostatventil DN50 f\u00f6r duschkran badkar k\u00f6kskran\"}]},{\"@type\":\"WebSite\",\"@id\":\"https:\/\/induzon.com\/sv\/#website\",\"url\":\"https:\/\/induzon.com\/sv\/\",\"name\":\"induzon\",\"description\":\"\",\"publisher\":{\"@id\":\"https:\/\/induzon.com\/sv\/#organization\"},\"potentialAction\":[{\"@type\":\"SearchAction\",\"target\":{\"@type\":\"EntryPoint\",\"urlTemplate\":\"https:\/\/induzon.com\/sv\/?s={search_term_string}\"},\"query-input\":{\"@type\":\"PropertyValueSpecification\",\"valueRequired\":true,\"valueName\":\"search_term_string\"}}],\"inLanguage\":\"sv-SE\"},{\"@type\":\"Organization\",\"@id\":\"https:\/\/induzon.com\/sv\/#organization\",\"name\":\"induzon\",\"url\":\"https:\/\/induzon.com\/sv\/\",\"logo\":{\"@type\":\"ImageObject\",\"inLanguage\":\"sv-SE\",\"@id\":\"https:\/\/induzon.com\/sv\/#\/schema\/logo\/image\/\",\"url\":\"https:\/\/induzon.com\/wp-content\/uploads\/2025\/05\/cropped-026.png\",\"contentUrl\":\"https:\/\/induzon.com\/wp-content\/uploads\/2025\/05\/cropped-026.png\",\"width\":512,\"height\":512,\"caption\":\"induzon\"},\"image\":{\"@id\":\"https:\/\/induzon.com\/sv\/#\/schema\/logo\/image\/\"}}]}<\/script>\r\n<!-- \/ Yoast SEO plugin. -->","yoast_head_json":{"title":"Termostatblandare med Termostatventil DN50","description":"Termostatblandare DN50 med termostatventil exakt temperaturkontroll s\u00e4kerhet f\u00f6r duschkran badkar k\u00f6kskran","robots":{"index":"index","follow":"follow","max-snippet":"max-snippet:-1","max-image-preview":"max-image-preview:large","max-video-preview":"max-video-preview:-1"},"canonical":"https:\/\/induzon.com\/sv\/produkt\/termostatblandare-med-termostatventil-dn50-for-duschkran-badkar-kokskran\/","og_locale":"sv_SE","og_type":"article","og_title":"Termostatblandare med Termostatventil DN50","og_description":"Termostatblandare DN50 med termostatventil exakt temperaturkontroll s\u00e4kerhet f\u00f6r duschkran badkar k\u00f6kskran","og_url":"https:\/\/induzon.com\/sv\/produkt\/termostatblandare-med-termostatventil-dn50-for-duschkran-badkar-kokskran\/","og_site_name":"induzon","og_image":[{"width":623,"height":513,"url":"https:\/\/induzon.com\/wp-content\/uploads\/2026\/03\/3-24-3-1.png","type":"image\/png"}],"twitter_card":"summary_large_image","schema":{"@context":"https:\/\/schema.org","@graph":[{"@type":"WebPage","@id":"https:\/\/induzon.com\/sv\/produkt\/termostatblandare-med-termostatventil-dn50-for-duschkran-badkar-kokskran\/","url":"https:\/\/induzon.com\/sv\/produkt\/termostatblandare-med-termostatventil-dn50-for-duschkran-badkar-kokskran\/","name":"Termostatblandare med Termostatventil DN50","isPartOf":{"@id":"https:\/\/induzon.com\/sv\/#website"},"primaryImageOfPage":{"@id":"https:\/\/induzon.com\/sv\/produkt\/termostatblandare-med-termostatventil-dn50-for-duschkran-badkar-kokskran\/#primaryimage"},"image":{"@id":"https:\/\/induzon.com\/sv\/produkt\/termostatblandare-med-termostatventil-dn50-for-duschkran-badkar-kokskran\/#primaryimage"},"thumbnailUrl":"https:\/\/induzon.com\/wp-content\/uploads\/2026\/03\/3-24-3-1.png","datePublished":"2026-03-24T09:20:22+00:00","description":"Termostatblandare DN50 med termostatventil exakt temperaturkontroll s\u00e4kerhet f\u00f6r duschkran badkar k\u00f6kskran","breadcrumb":{"@id":"https:\/\/induzon.com\/sv\/produkt\/termostatblandare-med-termostatventil-dn50-for-duschkran-badkar-kokskran\/#breadcrumb"},"inLanguage":"sv-SE","potentialAction":[{"@type":"ReadAction","target":["https:\/\/induzon.com\/sv\/produkt\/termostatblandare-med-termostatventil-dn50-for-duschkran-badkar-kokskran\/"]}]},{"@type":"ImageObject","inLanguage":"sv-SE","@id":"https:\/\/induzon.com\/sv\/produkt\/termostatblandare-med-termostatventil-dn50-for-duschkran-badkar-kokskran\/#primaryimage","url":"https:\/\/induzon.com\/wp-content\/uploads\/2026\/03\/3-24-3-1.png","contentUrl":"https:\/\/induzon.com\/wp-content\/uploads\/2026\/03\/3-24-3-1.png","width":623,"height":513,"caption":"Termostatblandare med termostatventil DN50 f\u00f6r duschkran badkar k\u00f6kskran"},{"@type":"BreadcrumbList","@id":"https:\/\/induzon.com\/sv\/produkt\/termostatblandare-med-termostatventil-dn50-for-duschkran-badkar-kokskran\/#breadcrumb","itemListElement":[{"@type":"ListItem","position":1,"name":"\u9996\u9875","item":"https:\/\/induzon.com\/sv\/hem\/"},{"@type":"ListItem","position":2,"name":"Butik","item":"https:\/\/induzon.com\/sv\/butik\/"},{"@type":"ListItem","position":3,"name":"Termostatblandare med termostatventil DN50 f\u00f6r duschkran badkar k\u00f6kskran"}]},{"@type":"WebSite","@id":"https:\/\/induzon.com\/sv\/#website","url":"https:\/\/induzon.com\/sv\/","name":"induzon","description":"","publisher":{"@id":"https:\/\/induzon.com\/sv\/#organization"},"potentialAction":[{"@type":"SearchAction","target":{"@type":"EntryPoint","urlTemplate":"https:\/\/induzon.com\/sv\/?s={search_term_string}"},"query-input":{"@type":"PropertyValueSpecification","valueRequired":true,"valueName":"search_term_string"}}],"inLanguage":"sv-SE"},{"@type":"Organization","@id":"https:\/\/induzon.com\/sv\/#organization","name":"induzon","url":"https:\/\/induzon.com\/sv\/","logo":{"@type":"ImageObject","inLanguage":"sv-SE","@id":"https:\/\/induzon.com\/sv\/#\/schema\/logo\/image\/","url":"https:\/\/induzon.com\/wp-content\/uploads\/2025\/05\/cropped-026.png","contentUrl":"https:\/\/induzon.com\/wp-content\/uploads\/2025\/05\/cropped-026.png","width":512,"height":512,"caption":"induzon"},"image":{"@id":"https:\/\/induzon.com\/sv\/#\/schema\/logo\/image\/"}}]}},"_links":{"self":[{"href":"https:\/\/induzon.com\/sv\/wp-json\/wp\/v2\/product\/36215","targetHints":{"allow":["GET"]}}],"collection":[{"href":"https:\/\/induzon.com\/sv\/wp-json\/wp\/v2\/product"}],"about":[{"href":"https:\/\/induzon.com\/sv\/wp-json\/wp\/v2\/types\/product"}],"replies":[{"embeddable":true,"href":"https:\/\/induzon.com\/sv\/wp-json\/wp\/v2\/comments?post=36215"}],"version-history":[{"count":0,"href":"https:\/\/induzon.com\/sv\/wp-json\/wp\/v2\/product\/36215\/revisions"}],"wp:featuredmedia":[{"embeddable":true,"href":"https:\/\/induzon.com\/sv\/wp-json\/wp\/v2\/media\/36198"}],"wp:attachment":[{"href":"https:\/\/induzon.com\/sv\/wp-json\/wp\/v2\/media?parent=36215"}],"wp:term":[{"taxonomy":"product_brand","embeddable":true,"href":"https:\/\/induzon.com\/sv\/wp-json\/wp\/v2\/product_brand?post=36215"},{"taxonomy":"product_cat","embeddable":true,"href":"https:\/\/induzon.com\/sv\/wp-json\/wp\/v2\/product_cat?post=36215"},{"taxonomy":"product_tag","embeddable":true,"href":"https:\/\/induzon.com\/sv\/wp-json\/wp\/v2\/product_tag?post=36215"}],"curies":[{"name":"wp","href":"https:\/\/api.w.org\/{rel}","templated":true}]}}