{"id":38586,"date":"2026-04-28T14:34:33","date_gmt":"2026-04-28T06:34:33","guid":{"rendered":"https:\/\/induzon.com\/shop\/motoriserad-kulventil-2-vags-5v-12v-24v-3-trads-1-2-3-4-1-1-1-4-1-1-2-2-tum\/"},"modified":"2026-04-28T14:34:33","modified_gmt":"2026-04-28T06:34:33","slug":"motoriserad-kulventil-2-vags-5v-12v-24v-3-trads-1-2-3-4-1-1-1-4-1-1-2-2-tum","status":"publish","type":"product","link":"https:\/\/induzon.com\/sv\/produkt\/motoriserad-kulventil-2-vags-5v-12v-24v-3-trads-1-2-3-4-1-1-1-4-1-1-2-2-tum\/","title":{"rendered":"Motoriserad kulventil 2-v\u00e4gs 5V 12V 24V 3-tr\u00e5ds 1\/2 3\/4 1 1-1\/4 1-1\/2 2 tum"},"content":{"rendered":"","protected":false},"excerpt":{"rendered":"","protected":false},"featured_media":38047,"comment_status":"open","ping_status":"closed","template":"","meta":{"site-sidebar-layout":"default","site-content-layout":"","ast-site-content-layout":"default","site-content-style":"default","site-sidebar-style":"default","ast-global-header-display":"","ast-banner-title-visibility":"","ast-main-header-display":"","ast-hfb-above-header-display":"","ast-hfb-below-header-display":"","ast-hfb-mobile-header-display":"","site-post-title":"","ast-breadcrumbs-content":"","ast-featured-img":"","footer-sml-layout":"","theme-transparent-header-meta":"default","adv-header-id-meta":"","stick-header-meta":"","header-above-stick-meta":"","header-main-stick-meta":"","header-below-stick-meta":"","astra-migrate-meta-layouts":"default","ast-page-background-enabled":"default","ast-page-background-meta":{"desktop":{"background-color":"var(--ast-global-color-4)","background-image":"","background-repeat":"repeat","background-position":"center center","background-size":"auto","background-attachment":"scroll","background-type":"","background-media":"","overlay-type":"","overlay-color":"","overlay-opacity":"","overlay-gradient":""},"tablet":{"background-color":"","background-image":"","background-repeat":"repeat","background-position":"center center","background-size":"auto","background-attachment":"scroll","background-type":"","background-media":"","overlay-type":"","overlay-color":"","overlay-opacity":"","overlay-gradient":""},"mobile":{"background-color":"","background-image":"","background-repeat":"repeat","background-position":"center center","background-size":"auto","background-attachment":"scroll","background-type":"","background-media":"","overlay-type":"","overlay-color":"","overlay-opacity":"","overlay-gradient":""}},"ast-content-background-meta":{"desktop":{"background-color":"var(--ast-global-color-5)","background-image":"","background-repeat":"repeat","background-position":"center center","background-size":"auto","background-attachment":"scroll","background-type":"","background-media":"","overlay-type":"","overlay-color":"","overlay-opacity":"","overlay-gradient":""},"tablet":{"background-color":"var(--ast-global-color-5)","background-image":"","background-repeat":"repeat","background-position":"center center","background-size":"auto","background-attachment":"scroll","background-type":"","background-media":"","overlay-type":"","overlay-color":"","overlay-opacity":"","overlay-gradient":""},"mobile":{"background-color":"var(--ast-global-color-5)","background-image":"","background-repeat":"repeat","background-position":"center center","background-size":"auto","background-attachment":"scroll","background-type":"","background-media":"","overlay-type":"","overlay-color":"","overlay-opacity":"","overlay-gradient":""}}},"product_brand":[],"product_cat":[2477,2300],"product_tag":[2478],"class_list":{"0":"post-38586","1":"product","2":"type-product","3":"status-publish","4":"has-post-thumbnail","6":"product_cat-elektrisk-kulventil","7":"product_cat-ventil","8":"product_tag-elektrisk-kulventil","9":"desktop-align-left","10":"tablet-align-left","11":"mobile-align-left","13":"first","14":"instock","15":"sale","16":"shipping-taxable","17":"purchasable","18":"product-type-variable"},"yoast_head":"<!-- This site is optimized with the Yoast SEO plugin v27.5 - https:\/\/yoast.com\/product\/yoast-seo-wordpress\/ -->\r\n<title>Motoriserad kulventil 2 v\u00e4gs 220V 3 tr\u00e5ds 1\/2 3\/4 1 1 1\/4 1 1\/2 2 tum<\/title>\r\n<meta name=\"description\" content=\"Motoriserad kulventil 2 v\u00e4gs 220V 3 tr\u00e5ds. Storlekar 1\/2 till 2 tum. F\u00f6r v\u00e4rme- och vattensystem. H\u00f6g kvalitet, snabb leverans.\" \/>\r\n<meta name=\"robots\" content=\"index, follow, max-snippet:-1, max-image-preview:large, max-video-preview:-1\" \/>\r\n<link rel=\"canonical\" href=\"https:\/\/induzon.com\/sv\/produkt\/motoriserad-kulventil-2-vags-5v-12v-24v-3-trads-1-2-3-4-1-1-1-4-1-1-2-2-tum\/\" \/>\r\n<meta property=\"og:locale\" content=\"sv_SE\" \/>\r\n<meta property=\"og:type\" content=\"article\" \/>\r\n<meta property=\"og:title\" content=\"Motoriserad kulventil 2 v\u00e4gs 220V 3 tr\u00e5ds 1\/2 3\/4 1 1 1\/4 1 1\/2 2 tum\" \/>\r\n<meta property=\"og:description\" content=\"Motoriserad kulventil 2 v\u00e4gs 220V 3 tr\u00e5ds. Storlekar 1\/2 till 2 tum. F\u00f6r v\u00e4rme- och vattensystem. H\u00f6g kvalitet, snabb leverans.\" \/>\r\n<meta property=\"og:url\" content=\"https:\/\/induzon.com\/sv\/produkt\/motoriserad-kulventil-2-vags-5v-12v-24v-3-trads-1-2-3-4-1-1-1-4-1-1-2-2-tum\/\" \/>\r\n<meta property=\"og:site_name\" content=\"induzon\" \/>\r\n<meta property=\"og:image\" content=\"https:\/\/induzon.com\/wp-content\/uploads\/2026\/04\/\u56fe-3-3.jpg\" \/>\r\n\t<meta property=\"og:image:width\" content=\"1500\" \/>\r\n\t<meta property=\"og:image:height\" content=\"1500\" \/>\r\n\t<meta property=\"og:image:type\" content=\"image\/jpeg\" \/>\r\n<meta name=\"twitter:card\" content=\"summary_large_image\" \/>\r\n<script type=\"application\/ld+json\" class=\"yoast-schema-graph\">{\"@context\":\"https:\\\/\\\/schema.org\",\"@graph\":[{\"@type\":\"WebPage\",\"@id\":\"https:\\\/\\\/induzon.com\\\/sv\\\/produkt\\\/motoriserad-kulventil-2-vags-5v-12v-24v-3-trads-1-2-3-4-1-1-1-4-1-1-2-2-tum\\\/\",\"url\":\"https:\\\/\\\/induzon.com\\\/sv\\\/produkt\\\/motoriserad-kulventil-2-vags-5v-12v-24v-3-trads-1-2-3-4-1-1-1-4-1-1-2-2-tum\\\/\",\"name\":\"Motoriserad kulventil 2 v\u00e4gs 220V 3 tr\u00e5ds 1\\\/2 3\\\/4 1 1 1\\\/4 1 1\\\/2 2 tum\",\"isPartOf\":{\"@id\":\"https:\\\/\\\/induzon.com\\\/sv\\\/#website\"},\"primaryImageOfPage\":{\"@id\":\"https:\\\/\\\/induzon.com\\\/sv\\\/produkt\\\/motoriserad-kulventil-2-vags-5v-12v-24v-3-trads-1-2-3-4-1-1-1-4-1-1-2-2-tum\\\/#primaryimage\"},\"image\":{\"@id\":\"https:\\\/\\\/induzon.com\\\/sv\\\/produkt\\\/motoriserad-kulventil-2-vags-5v-12v-24v-3-trads-1-2-3-4-1-1-1-4-1-1-2-2-tum\\\/#primaryimage\"},\"thumbnailUrl\":\"https:\\\/\\\/induzon.com\\\/wp-content\\\/uploads\\\/2026\\\/04\\\/\u56fe-3-3.jpg\",\"datePublished\":\"2026-04-28T06:34:33+00:00\",\"description\":\"Motoriserad kulventil 2 v\u00e4gs 220V 3 tr\u00e5ds. Storlekar 1\\\/2 till 2 tum. F\u00f6r v\u00e4rme- och vattensystem. H\u00f6g kvalitet, snabb leverans.\",\"breadcrumb\":{\"@id\":\"https:\\\/\\\/induzon.com\\\/sv\\\/produkt\\\/motoriserad-kulventil-2-vags-5v-12v-24v-3-trads-1-2-3-4-1-1-1-4-1-1-2-2-tum\\\/#breadcrumb\"},\"inLanguage\":\"sv-SE\",\"potentialAction\":[{\"@type\":\"ReadAction\",\"target\":[\"https:\\\/\\\/induzon.com\\\/sv\\\/produkt\\\/motoriserad-kulventil-2-vags-5v-12v-24v-3-trads-1-2-3-4-1-1-1-4-1-1-2-2-tum\\\/\"]}]},{\"@type\":\"ImageObject\",\"inLanguage\":\"sv-SE\",\"@id\":\"https:\\\/\\\/induzon.com\\\/sv\\\/produkt\\\/motoriserad-kulventil-2-vags-5v-12v-24v-3-trads-1-2-3-4-1-1-1-4-1-1-2-2-tum\\\/#primaryimage\",\"url\":\"https:\\\/\\\/induzon.com\\\/wp-content\\\/uploads\\\/2026\\\/04\\\/\u56fe-3-3.jpg\",\"contentUrl\":\"https:\\\/\\\/induzon.com\\\/wp-content\\\/uploads\\\/2026\\\/04\\\/\u56fe-3-3.jpg\",\"width\":1500,\"height\":1500,\"caption\":\"2-way motor ball valve 5V 12V 24V 3-wire \u2013 electric ball valve 220V two-way motor valve 1\\\/2 3\\\/4 1 1-1\\\/4 1-1\\\/2 2 inches\"},{\"@type\":\"BreadcrumbList\",\"@id\":\"https:\\\/\\\/induzon.com\\\/sv\\\/produkt\\\/motoriserad-kulventil-2-vags-5v-12v-24v-3-trads-1-2-3-4-1-1-1-4-1-1-2-2-tum\\\/#breadcrumb\",\"itemListElement\":[{\"@type\":\"ListItem\",\"position\":1,\"name\":\"\u9996\u9875\",\"item\":\"https:\\\/\\\/induzon.com\\\/sv\\\/hem\\\/\"},{\"@type\":\"ListItem\",\"position\":2,\"name\":\"Butik\",\"item\":\"https:\\\/\\\/induzon.com\\\/sv\\\/butik\\\/\"},{\"@type\":\"ListItem\",\"position\":3,\"name\":\"Motoriserad kulventil 2-v\u00e4gs 5V 12V 24V 3-tr\u00e5ds 1\\\/2 3\\\/4 1 1-1\\\/4 1-1\\\/2 2 tum\"}]},{\"@type\":\"WebSite\",\"@id\":\"https:\\\/\\\/induzon.com\\\/sv\\\/#website\",\"url\":\"https:\\\/\\\/induzon.com\\\/sv\\\/\",\"name\":\"induzon\",\"description\":\"\",\"publisher\":{\"@id\":\"https:\\\/\\\/induzon.com\\\/sv\\\/#organization\"},\"potentialAction\":[{\"@type\":\"SearchAction\",\"target\":{\"@type\":\"EntryPoint\",\"urlTemplate\":\"https:\\\/\\\/induzon.com\\\/sv\\\/?s={search_term_string}\"},\"query-input\":{\"@type\":\"PropertyValueSpecification\",\"valueRequired\":true,\"valueName\":\"search_term_string\"}}],\"inLanguage\":\"sv-SE\"},{\"@type\":\"Organization\",\"@id\":\"https:\\\/\\\/induzon.com\\\/sv\\\/#organization\",\"name\":\"induzon\",\"url\":\"https:\\\/\\\/induzon.com\\\/sv\\\/\",\"logo\":{\"@type\":\"ImageObject\",\"inLanguage\":\"sv-SE\",\"@id\":\"https:\\\/\\\/induzon.com\\\/sv\\\/#\\\/schema\\\/logo\\\/image\\\/\",\"url\":\"https:\\\/\\\/induzon.com\\\/wp-content\\\/uploads\\\/2025\\\/05\\\/cropped-026.png\",\"contentUrl\":\"https:\\\/\\\/induzon.com\\\/wp-content\\\/uploads\\\/2025\\\/05\\\/cropped-026.png\",\"width\":512,\"height\":512,\"caption\":\"induzon\"},\"image\":{\"@id\":\"https:\\\/\\\/induzon.com\\\/sv\\\/#\\\/schema\\\/logo\\\/image\\\/\"}}]}<\/script>\r\n<!-- \/ Yoast SEO plugin. -->","yoast_head_json":{"title":"Motoriserad kulventil 2 v\u00e4gs 220V 3 tr\u00e5ds 1\/2 3\/4 1 1 1\/4 1 1\/2 2 tum","description":"Motoriserad kulventil 2 v\u00e4gs 220V 3 tr\u00e5ds. Storlekar 1\/2 till 2 tum. F\u00f6r v\u00e4rme- och vattensystem. H\u00f6g kvalitet, snabb leverans.","robots":{"index":"index","follow":"follow","max-snippet":"max-snippet:-1","max-image-preview":"max-image-preview:large","max-video-preview":"max-video-preview:-1"},"canonical":"https:\/\/induzon.com\/sv\/produkt\/motoriserad-kulventil-2-vags-5v-12v-24v-3-trads-1-2-3-4-1-1-1-4-1-1-2-2-tum\/","og_locale":"sv_SE","og_type":"article","og_title":"Motoriserad kulventil 2 v\u00e4gs 220V 3 tr\u00e5ds 1\/2 3\/4 1 1 1\/4 1 1\/2 2 tum","og_description":"Motoriserad kulventil 2 v\u00e4gs 220V 3 tr\u00e5ds. Storlekar 1\/2 till 2 tum. F\u00f6r v\u00e4rme- och vattensystem. H\u00f6g kvalitet, snabb leverans.","og_url":"https:\/\/induzon.com\/sv\/produkt\/motoriserad-kulventil-2-vags-5v-12v-24v-3-trads-1-2-3-4-1-1-1-4-1-1-2-2-tum\/","og_site_name":"induzon","og_image":[{"width":1500,"height":1500,"url":"https:\/\/induzon.com\/wp-content\/uploads\/2026\/04\/\u56fe-3-3.jpg","type":"image\/jpeg"}],"twitter_card":"summary_large_image","schema":{"@context":"https:\/\/schema.org","@graph":[{"@type":"WebPage","@id":"https:\/\/induzon.com\/sv\/produkt\/motoriserad-kulventil-2-vags-5v-12v-24v-3-trads-1-2-3-4-1-1-1-4-1-1-2-2-tum\/","url":"https:\/\/induzon.com\/sv\/produkt\/motoriserad-kulventil-2-vags-5v-12v-24v-3-trads-1-2-3-4-1-1-1-4-1-1-2-2-tum\/","name":"Motoriserad kulventil 2 v\u00e4gs 220V 3 tr\u00e5ds 1\/2 3\/4 1 1 1\/4 1 1\/2 2 tum","isPartOf":{"@id":"https:\/\/induzon.com\/sv\/#website"},"primaryImageOfPage":{"@id":"https:\/\/induzon.com\/sv\/produkt\/motoriserad-kulventil-2-vags-5v-12v-24v-3-trads-1-2-3-4-1-1-1-4-1-1-2-2-tum\/#primaryimage"},"image":{"@id":"https:\/\/induzon.com\/sv\/produkt\/motoriserad-kulventil-2-vags-5v-12v-24v-3-trads-1-2-3-4-1-1-1-4-1-1-2-2-tum\/#primaryimage"},"thumbnailUrl":"https:\/\/induzon.com\/wp-content\/uploads\/2026\/04\/\u56fe-3-3.jpg","datePublished":"2026-04-28T06:34:33+00:00","description":"Motoriserad kulventil 2 v\u00e4gs 220V 3 tr\u00e5ds. Storlekar 1\/2 till 2 tum. F\u00f6r v\u00e4rme- och vattensystem. H\u00f6g kvalitet, snabb leverans.","breadcrumb":{"@id":"https:\/\/induzon.com\/sv\/produkt\/motoriserad-kulventil-2-vags-5v-12v-24v-3-trads-1-2-3-4-1-1-1-4-1-1-2-2-tum\/#breadcrumb"},"inLanguage":"sv-SE","potentialAction":[{"@type":"ReadAction","target":["https:\/\/induzon.com\/sv\/produkt\/motoriserad-kulventil-2-vags-5v-12v-24v-3-trads-1-2-3-4-1-1-1-4-1-1-2-2-tum\/"]}]},{"@type":"ImageObject","inLanguage":"sv-SE","@id":"https:\/\/induzon.com\/sv\/produkt\/motoriserad-kulventil-2-vags-5v-12v-24v-3-trads-1-2-3-4-1-1-1-4-1-1-2-2-tum\/#primaryimage","url":"https:\/\/induzon.com\/wp-content\/uploads\/2026\/04\/\u56fe-3-3.jpg","contentUrl":"https:\/\/induzon.com\/wp-content\/uploads\/2026\/04\/\u56fe-3-3.jpg","width":1500,"height":1500,"caption":"2-way motor ball valve 5V 12V 24V 3-wire \u2013 electric ball valve 220V two-way motor valve 1\/2 3\/4 1 1-1\/4 1-1\/2 2 inches"},{"@type":"BreadcrumbList","@id":"https:\/\/induzon.com\/sv\/produkt\/motoriserad-kulventil-2-vags-5v-12v-24v-3-trads-1-2-3-4-1-1-1-4-1-1-2-2-tum\/#breadcrumb","itemListElement":[{"@type":"ListItem","position":1,"name":"\u9996\u9875","item":"https:\/\/induzon.com\/sv\/hem\/"},{"@type":"ListItem","position":2,"name":"Butik","item":"https:\/\/induzon.com\/sv\/butik\/"},{"@type":"ListItem","position":3,"name":"Motoriserad kulventil 2-v\u00e4gs 5V 12V 24V 3-tr\u00e5ds 1\/2 3\/4 1 1-1\/4 1-1\/2 2 tum"}]},{"@type":"WebSite","@id":"https:\/\/induzon.com\/sv\/#website","url":"https:\/\/induzon.com\/sv\/","name":"induzon","description":"","publisher":{"@id":"https:\/\/induzon.com\/sv\/#organization"},"potentialAction":[{"@type":"SearchAction","target":{"@type":"EntryPoint","urlTemplate":"https:\/\/induzon.com\/sv\/?s={search_term_string}"},"query-input":{"@type":"PropertyValueSpecification","valueRequired":true,"valueName":"search_term_string"}}],"inLanguage":"sv-SE"},{"@type":"Organization","@id":"https:\/\/induzon.com\/sv\/#organization","name":"induzon","url":"https:\/\/induzon.com\/sv\/","logo":{"@type":"ImageObject","inLanguage":"sv-SE","@id":"https:\/\/induzon.com\/sv\/#\/schema\/logo\/image\/","url":"https:\/\/induzon.com\/wp-content\/uploads\/2025\/05\/cropped-026.png","contentUrl":"https:\/\/induzon.com\/wp-content\/uploads\/2025\/05\/cropped-026.png","width":512,"height":512,"caption":"induzon"},"image":{"@id":"https:\/\/induzon.com\/sv\/#\/schema\/logo\/image\/"}}]}},"_links":{"self":[{"href":"https:\/\/induzon.com\/sv\/wp-json\/wp\/v2\/product\/38586","targetHints":{"allow":["GET"]}}],"collection":[{"href":"https:\/\/induzon.com\/sv\/wp-json\/wp\/v2\/product"}],"about":[{"href":"https:\/\/induzon.com\/sv\/wp-json\/wp\/v2\/types\/product"}],"replies":[{"embeddable":true,"href":"https:\/\/induzon.com\/sv\/wp-json\/wp\/v2\/comments?post=38586"}],"version-history":[{"count":0,"href":"https:\/\/induzon.com\/sv\/wp-json\/wp\/v2\/product\/38586\/revisions"}],"wp:featuredmedia":[{"embeddable":true,"href":"https:\/\/induzon.com\/sv\/wp-json\/wp\/v2\/media\/38047"}],"wp:attachment":[{"href":"https:\/\/induzon.com\/sv\/wp-json\/wp\/v2\/media?parent=38586"}],"wp:term":[{"taxonomy":"product_brand","embeddable":true,"href":"https:\/\/induzon.com\/sv\/wp-json\/wp\/v2\/product_brand?post=38586"},{"taxonomy":"product_cat","embeddable":true,"href":"https:\/\/induzon.com\/sv\/wp-json\/wp\/v2\/product_cat?post=38586"},{"taxonomy":"product_tag","embeddable":true,"href":"https:\/\/induzon.com\/sv\/wp-json\/wp\/v2\/product_tag?post=38586"}],"curies":[{"name":"wp","href":"https:\/\/api.w.org\/{rel}","templated":true}]}}