{"id":8727,"date":"2025-05-29T09:38:13","date_gmt":"2025-05-29T01:38:13","guid":{"rendered":"https:\/\/induzon.com\/shop\/kylaggregat-for-kylrum-kondenseringsenhet-frysenhet-kylsystem-laboratorium-akvarium-kylare-integrerad-kyl-och-frys\/"},"modified":"2026-01-10T10:42:28","modified_gmt":"2026-01-10T02:42:28","slug":"kylaggregat-for-kylrum-kondenseringsenhet-frysenhet-kylsystem-laboratorium-akvarium-kylare-integrerad-kyl-och-frys","status":"publish","type":"product","link":"https:\/\/induzon.com\/sv\/produkt\/kylaggregat-for-kylrum-kondenseringsenhet-frysenhet-kylsystem-laboratorium-akvarium-kylare-integrerad-kyl-och-frys\/","title":{"rendered":"Kylaggregat f\u00f6r kylrum kondenseringsenhet frysenhet kylsystem laboratorium akvarium kylare integrerad kyl och frys"},"content":{"rendered":"<p>1.Effektiv kylning f\u00f6r olika behov som laboratorium, livsmedelsvisning och mer med v\u00e5r kompakta kylenhet.<br \/>\n2.Perfekt f\u00f6r exakt temperaturkontroll i laboratorier, torrl\u00e5dor och akvarium med v\u00e5r h\u00f6gkvalitativa kylaggregat.<br \/>\n3.Energisn\u00e5l och p\u00e5litlig l\u00f6sning f\u00f6r kylning av sm\u00e5 fryserum, visningssk\u00e5p och livsmedelsbord.<br \/>\n4.Avancerad kondenseringsenhet som s\u00e4kerst\u00e4ller stabil temperatur f\u00f6r b\u00e5de professionellt och privat bruk.<br \/>\n5.L\u00e4tt att installera och underh\u00e5lla, idealisk f\u00f6r en m\u00e4ngd till\u00e4mpningar inklusive kylrum och torrl\u00e5dor.<\/p>\n","protected":false},"excerpt":{"rendered":"<p>Kylaggregat f\u00f6r kylrum kondenseringsenhet frysenhet kylsystem laboratorium akvarium kylare integrerad kyl och frys<\/p>\n","protected":false},"featured_media":8611,"comment_status":"open","ping_status":"closed","template":"","meta":{"site-sidebar-layout":"default","site-content-layout":"","ast-site-content-layout":"default","site-content-style":"default","site-sidebar-style":"default","ast-global-header-display":"","ast-banner-title-visibility":"","ast-main-header-display":"","ast-hfb-above-header-display":"","ast-hfb-below-header-display":"","ast-hfb-mobile-header-display":"","site-post-title":"","ast-breadcrumbs-content":"","ast-featured-img":"","footer-sml-layout":"","theme-transparent-header-meta":"default","adv-header-id-meta":"","stick-header-meta":"","header-above-stick-meta":"","header-main-stick-meta":"","header-below-stick-meta":"","astra-migrate-meta-layouts":"set","ast-page-background-enabled":"default","ast-page-background-meta":{"desktop":{"background-color":"var(--ast-global-color-4)","background-image":"","background-repeat":"repeat","background-position":"center center","background-size":"auto","background-attachment":"scroll","background-type":"","background-media":"","overlay-type":"","overlay-color":"","overlay-opacity":"","overlay-gradient":""},"tablet":{"background-color":"","background-image":"","background-repeat":"repeat","background-position":"center center","background-size":"auto","background-attachment":"scroll","background-type":"","background-media":"","overlay-type":"","overlay-color":"","overlay-opacity":"","overlay-gradient":""},"mobile":{"background-color":"","background-image":"","background-repeat":"repeat","background-position":"center center","background-size":"auto","background-attachment":"scroll","background-type":"","background-media":"","overlay-type":"","overlay-color":"","overlay-opacity":"","overlay-gradient":""}},"ast-content-background-meta":{"desktop":{"background-color":"var(--ast-global-color-5)","background-image":"","background-repeat":"repeat","background-position":"center center","background-size":"auto","background-attachment":"scroll","background-type":"","background-media":"","overlay-type":"","overlay-color":"","overlay-opacity":"","overlay-gradient":""},"tablet":{"background-color":"var(--ast-global-color-5)","background-image":"","background-repeat":"repeat","background-position":"center center","background-size":"auto","background-attachment":"scroll","background-type":"","background-media":"","overlay-type":"","overlay-color":"","overlay-opacity":"","overlay-gradient":""},"mobile":{"background-color":"var(--ast-global-color-5)","background-image":"","background-repeat":"repeat","background-position":"center center","background-size":"auto","background-attachment":"scroll","background-type":"","background-media":"","overlay-type":"","overlay-color":"","overlay-opacity":"","overlay-gradient":""}}},"product_brand":[],"product_cat":[1004,894],"product_tag":[1006,1005],"class_list":{"0":"post-8727","1":"product","2":"type-product","3":"status-publish","4":"has-post-thumbnail","6":"product_cat-utrustning-for-kylning","7":"product_cat-verktyg-och-utrustning","8":"product_tag-industriell-kylutrustning","9":"product_tag-kommersiella-kondenseringsenheter","10":"desktop-align-left","11":"tablet-align-left","12":"mobile-align-left","14":"first","15":"instock","16":"sale","17":"featured","18":"shipping-taxable","19":"purchasable","20":"product-type-variable"},"yoast_head":"<!-- This site is optimized with the Yoast SEO plugin v24.9 - https:\/\/yoast.com\/wordpress\/plugins\/seo\/ -->\r\n<title>Kylaggregat f\u00f6r kylrum kondenseringsenhet -Induzon<\/title>\r\n<meta name=\"description\" content=\"Kylaggregat f\u00f6r kylrum kondenseringsenhet Condensing units, refrigerator cooler unit, small aquarium chiller, kylaggregat f\u00f6r kylrum, freezer unit\" \/>\r\n<meta name=\"robots\" content=\"index, follow, max-snippet:-1, max-image-preview:large, max-video-preview:-1\" \/>\r\n<link rel=\"canonical\" href=\"https:\/\/induzon.com\/sv\/produkt\/kylaggregat-for-kylrum-kondenseringsenhet-frysenhet-kylsystem-laboratorium-akvarium-kylare-integrerad-kyl-och-frys\/\" \/>\r\n<meta property=\"og:locale\" content=\"sv_SE\" \/>\r\n<meta property=\"og:type\" content=\"article\" \/>\r\n<meta property=\"og:title\" content=\"Kylaggregat f\u00f6r kylrum kondenseringsenhet -Induzon\" \/>\r\n<meta property=\"og:description\" content=\"Kylaggregat f\u00f6r kylrum kondenseringsenhet Condensing units, refrigerator cooler unit, small aquarium chiller, kylaggregat f\u00f6r kylrum, freezer unit\" \/>\r\n<meta property=\"og:url\" content=\"https:\/\/induzon.com\/sv\/produkt\/kylaggregat-for-kylrum-kondenseringsenhet-frysenhet-kylsystem-laboratorium-akvarium-kylare-integrerad-kyl-och-frys\/\" \/>\r\n<meta property=\"og:site_name\" content=\"induzon\" \/>\r\n<meta property=\"article:modified_time\" content=\"2026-01-10T02:42:28+00:00\" \/>\r\n<meta property=\"og:image\" content=\"https:\/\/induzon.com\/wp-content\/uploads\/2025\/05\/5.jpg\" \/>\r\n\t<meta property=\"og:image:width\" content=\"1500\" \/>\r\n\t<meta property=\"og:image:height\" content=\"1500\" \/>\r\n\t<meta property=\"og:image:type\" content=\"image\/jpeg\" \/>\r\n<meta name=\"twitter:card\" content=\"summary_large_image\" \/>\r\n<meta name=\"twitter:label1\" content=\"Ber\u00e4knad l\u00e4stid\" \/>\n\t<meta name=\"twitter:data1\" content=\"1 minut\" \/>\r\n<script type=\"application\/ld+json\" class=\"yoast-schema-graph\">{\"@context\":\"https:\/\/schema.org\",\"@graph\":[{\"@type\":\"WebPage\",\"@id\":\"https:\/\/induzon.com\/sv\/produkt\/kylaggregat-for-kylrum-kondenseringsenhet-frysenhet-kylsystem-laboratorium-akvarium-kylare-integrerad-kyl-och-frys\/\",\"url\":\"https:\/\/induzon.com\/sv\/produkt\/kylaggregat-for-kylrum-kondenseringsenhet-frysenhet-kylsystem-laboratorium-akvarium-kylare-integrerad-kyl-och-frys\/\",\"name\":\"Kylaggregat f\u00f6r kylrum kondenseringsenhet -Induzon\",\"isPartOf\":{\"@id\":\"https:\/\/induzon.com\/sv\/#website\"},\"primaryImageOfPage\":{\"@id\":\"https:\/\/induzon.com\/sv\/produkt\/kylaggregat-for-kylrum-kondenseringsenhet-frysenhet-kylsystem-laboratorium-akvarium-kylare-integrerad-kyl-och-frys\/#primaryimage\"},\"image\":{\"@id\":\"https:\/\/induzon.com\/sv\/produkt\/kylaggregat-for-kylrum-kondenseringsenhet-frysenhet-kylsystem-laboratorium-akvarium-kylare-integrerad-kyl-och-frys\/#primaryimage\"},\"thumbnailUrl\":\"https:\/\/induzon.com\/wp-content\/uploads\/2025\/05\/5.jpg\",\"datePublished\":\"2025-05-29T01:38:13+00:00\",\"dateModified\":\"2026-01-10T02:42:28+00:00\",\"description\":\"Kylaggregat f\u00f6r kylrum kondenseringsenhet Condensing units, refrigerator cooler unit, small aquarium chiller, kylaggregat f\u00f6r kylrum, freezer unit\",\"breadcrumb\":{\"@id\":\"https:\/\/induzon.com\/sv\/produkt\/kylaggregat-for-kylrum-kondenseringsenhet-frysenhet-kylsystem-laboratorium-akvarium-kylare-integrerad-kyl-och-frys\/#breadcrumb\"},\"inLanguage\":\"sv-SE\",\"potentialAction\":[{\"@type\":\"ReadAction\",\"target\":[\"https:\/\/induzon.com\/sv\/produkt\/kylaggregat-for-kylrum-kondenseringsenhet-frysenhet-kylsystem-laboratorium-akvarium-kylare-integrerad-kyl-och-frys\/\"]}]},{\"@type\":\"ImageObject\",\"inLanguage\":\"sv-SE\",\"@id\":\"https:\/\/induzon.com\/sv\/produkt\/kylaggregat-for-kylrum-kondenseringsenhet-frysenhet-kylsystem-laboratorium-akvarium-kylare-integrerad-kyl-och-frys\/#primaryimage\",\"url\":\"https:\/\/induzon.com\/wp-content\/uploads\/2025\/05\/5.jpg\",\"contentUrl\":\"https:\/\/induzon.com\/wp-content\/uploads\/2025\/05\/5.jpg\",\"width\":1500,\"height\":1500,\"caption\":\"Condensing units, refrigerator cooler unit, small aquarium chiller, kylaggregat f\u00f6r kylrum, freezer unit unit small aquarium chiller aquariumcommercial\"},{\"@type\":\"BreadcrumbList\",\"@id\":\"https:\/\/induzon.com\/sv\/produkt\/kylaggregat-for-kylrum-kondenseringsenhet-frysenhet-kylsystem-laboratorium-akvarium-kylare-integrerad-kyl-och-frys\/#breadcrumb\",\"itemListElement\":[{\"@type\":\"ListItem\",\"position\":1,\"name\":\"\u9996\u9875\",\"item\":\"https:\/\/induzon.com\/sv\/hem\/\"},{\"@type\":\"ListItem\",\"position\":2,\"name\":\"Butik\",\"item\":\"https:\/\/induzon.com\/sv\/butik\/\"},{\"@type\":\"ListItem\",\"position\":3,\"name\":\"Kylaggregat f\u00f6r kylrum kondenseringsenhet frysenhet kylsystem laboratorium akvarium kylare integrerad kyl och frys\"}]},{\"@type\":\"WebSite\",\"@id\":\"https:\/\/induzon.com\/sv\/#website\",\"url\":\"https:\/\/induzon.com\/sv\/\",\"name\":\"induzon\",\"description\":\"\",\"publisher\":{\"@id\":\"https:\/\/induzon.com\/sv\/#organization\"},\"potentialAction\":[{\"@type\":\"SearchAction\",\"target\":{\"@type\":\"EntryPoint\",\"urlTemplate\":\"https:\/\/induzon.com\/sv\/?s={search_term_string}\"},\"query-input\":{\"@type\":\"PropertyValueSpecification\",\"valueRequired\":true,\"valueName\":\"search_term_string\"}}],\"inLanguage\":\"sv-SE\"},{\"@type\":\"Organization\",\"@id\":\"https:\/\/induzon.com\/sv\/#organization\",\"name\":\"induzon\",\"url\":\"https:\/\/induzon.com\/sv\/\",\"logo\":{\"@type\":\"ImageObject\",\"inLanguage\":\"sv-SE\",\"@id\":\"https:\/\/induzon.com\/sv\/#\/schema\/logo\/image\/\",\"url\":\"https:\/\/induzon.com\/wp-content\/uploads\/2025\/05\/cropped-026.png\",\"contentUrl\":\"https:\/\/induzon.com\/wp-content\/uploads\/2025\/05\/cropped-026.png\",\"width\":512,\"height\":512,\"caption\":\"induzon\"},\"image\":{\"@id\":\"https:\/\/induzon.com\/sv\/#\/schema\/logo\/image\/\"}}]}<\/script>\r\n<!-- \/ Yoast SEO plugin. -->","yoast_head_json":{"title":"Kylaggregat f\u00f6r kylrum kondenseringsenhet -Induzon","description":"Kylaggregat f\u00f6r kylrum kondenseringsenhet Condensing units, refrigerator cooler unit, small aquarium chiller, kylaggregat f\u00f6r kylrum, freezer unit","robots":{"index":"index","follow":"follow","max-snippet":"max-snippet:-1","max-image-preview":"max-image-preview:large","max-video-preview":"max-video-preview:-1"},"canonical":"https:\/\/induzon.com\/sv\/produkt\/kylaggregat-for-kylrum-kondenseringsenhet-frysenhet-kylsystem-laboratorium-akvarium-kylare-integrerad-kyl-och-frys\/","og_locale":"sv_SE","og_type":"article","og_title":"Kylaggregat f\u00f6r kylrum kondenseringsenhet -Induzon","og_description":"Kylaggregat f\u00f6r kylrum kondenseringsenhet Condensing units, refrigerator cooler unit, small aquarium chiller, kylaggregat f\u00f6r kylrum, freezer unit","og_url":"https:\/\/induzon.com\/sv\/produkt\/kylaggregat-for-kylrum-kondenseringsenhet-frysenhet-kylsystem-laboratorium-akvarium-kylare-integrerad-kyl-och-frys\/","og_site_name":"induzon","article_modified_time":"2026-01-10T02:42:28+00:00","og_image":[{"width":1500,"height":1500,"url":"https:\/\/induzon.com\/wp-content\/uploads\/2025\/05\/5.jpg","type":"image\/jpeg"}],"twitter_card":"summary_large_image","twitter_misc":{"Ber\u00e4knad l\u00e4stid":"1 minut"},"schema":{"@context":"https:\/\/schema.org","@graph":[{"@type":"WebPage","@id":"https:\/\/induzon.com\/sv\/produkt\/kylaggregat-for-kylrum-kondenseringsenhet-frysenhet-kylsystem-laboratorium-akvarium-kylare-integrerad-kyl-och-frys\/","url":"https:\/\/induzon.com\/sv\/produkt\/kylaggregat-for-kylrum-kondenseringsenhet-frysenhet-kylsystem-laboratorium-akvarium-kylare-integrerad-kyl-och-frys\/","name":"Kylaggregat f\u00f6r kylrum kondenseringsenhet -Induzon","isPartOf":{"@id":"https:\/\/induzon.com\/sv\/#website"},"primaryImageOfPage":{"@id":"https:\/\/induzon.com\/sv\/produkt\/kylaggregat-for-kylrum-kondenseringsenhet-frysenhet-kylsystem-laboratorium-akvarium-kylare-integrerad-kyl-och-frys\/#primaryimage"},"image":{"@id":"https:\/\/induzon.com\/sv\/produkt\/kylaggregat-for-kylrum-kondenseringsenhet-frysenhet-kylsystem-laboratorium-akvarium-kylare-integrerad-kyl-och-frys\/#primaryimage"},"thumbnailUrl":"https:\/\/induzon.com\/wp-content\/uploads\/2025\/05\/5.jpg","datePublished":"2025-05-29T01:38:13+00:00","dateModified":"2026-01-10T02:42:28+00:00","description":"Kylaggregat f\u00f6r kylrum kondenseringsenhet Condensing units, refrigerator cooler unit, small aquarium chiller, kylaggregat f\u00f6r kylrum, freezer unit","breadcrumb":{"@id":"https:\/\/induzon.com\/sv\/produkt\/kylaggregat-for-kylrum-kondenseringsenhet-frysenhet-kylsystem-laboratorium-akvarium-kylare-integrerad-kyl-och-frys\/#breadcrumb"},"inLanguage":"sv-SE","potentialAction":[{"@type":"ReadAction","target":["https:\/\/induzon.com\/sv\/produkt\/kylaggregat-for-kylrum-kondenseringsenhet-frysenhet-kylsystem-laboratorium-akvarium-kylare-integrerad-kyl-och-frys\/"]}]},{"@type":"ImageObject","inLanguage":"sv-SE","@id":"https:\/\/induzon.com\/sv\/produkt\/kylaggregat-for-kylrum-kondenseringsenhet-frysenhet-kylsystem-laboratorium-akvarium-kylare-integrerad-kyl-och-frys\/#primaryimage","url":"https:\/\/induzon.com\/wp-content\/uploads\/2025\/05\/5.jpg","contentUrl":"https:\/\/induzon.com\/wp-content\/uploads\/2025\/05\/5.jpg","width":1500,"height":1500,"caption":"Condensing units, refrigerator cooler unit, small aquarium chiller, kylaggregat f\u00f6r kylrum, freezer unit unit small aquarium chiller aquariumcommercial"},{"@type":"BreadcrumbList","@id":"https:\/\/induzon.com\/sv\/produkt\/kylaggregat-for-kylrum-kondenseringsenhet-frysenhet-kylsystem-laboratorium-akvarium-kylare-integrerad-kyl-och-frys\/#breadcrumb","itemListElement":[{"@type":"ListItem","position":1,"name":"\u9996\u9875","item":"https:\/\/induzon.com\/sv\/hem\/"},{"@type":"ListItem","position":2,"name":"Butik","item":"https:\/\/induzon.com\/sv\/butik\/"},{"@type":"ListItem","position":3,"name":"Kylaggregat f\u00f6r kylrum kondenseringsenhet frysenhet kylsystem laboratorium akvarium kylare integrerad kyl och frys"}]},{"@type":"WebSite","@id":"https:\/\/induzon.com\/sv\/#website","url":"https:\/\/induzon.com\/sv\/","name":"induzon","description":"","publisher":{"@id":"https:\/\/induzon.com\/sv\/#organization"},"potentialAction":[{"@type":"SearchAction","target":{"@type":"EntryPoint","urlTemplate":"https:\/\/induzon.com\/sv\/?s={search_term_string}"},"query-input":{"@type":"PropertyValueSpecification","valueRequired":true,"valueName":"search_term_string"}}],"inLanguage":"sv-SE"},{"@type":"Organization","@id":"https:\/\/induzon.com\/sv\/#organization","name":"induzon","url":"https:\/\/induzon.com\/sv\/","logo":{"@type":"ImageObject","inLanguage":"sv-SE","@id":"https:\/\/induzon.com\/sv\/#\/schema\/logo\/image\/","url":"https:\/\/induzon.com\/wp-content\/uploads\/2025\/05\/cropped-026.png","contentUrl":"https:\/\/induzon.com\/wp-content\/uploads\/2025\/05\/cropped-026.png","width":512,"height":512,"caption":"induzon"},"image":{"@id":"https:\/\/induzon.com\/sv\/#\/schema\/logo\/image\/"}}]}},"_links":{"self":[{"href":"https:\/\/induzon.com\/sv\/wp-json\/wp\/v2\/product\/8727","targetHints":{"allow":["GET"]}}],"collection":[{"href":"https:\/\/induzon.com\/sv\/wp-json\/wp\/v2\/product"}],"about":[{"href":"https:\/\/induzon.com\/sv\/wp-json\/wp\/v2\/types\/product"}],"replies":[{"embeddable":true,"href":"https:\/\/induzon.com\/sv\/wp-json\/wp\/v2\/comments?post=8727"}],"version-history":[{"count":2,"href":"https:\/\/induzon.com\/sv\/wp-json\/wp\/v2\/product\/8727\/revisions"}],"predecessor-version":[{"id":28296,"href":"https:\/\/induzon.com\/sv\/wp-json\/wp\/v2\/product\/8727\/revisions\/28296"}],"wp:featuredmedia":[{"embeddable":true,"href":"https:\/\/induzon.com\/sv\/wp-json\/wp\/v2\/media\/8611"}],"wp:attachment":[{"href":"https:\/\/induzon.com\/sv\/wp-json\/wp\/v2\/media?parent=8727"}],"wp:term":[{"taxonomy":"product_brand","embeddable":true,"href":"https:\/\/induzon.com\/sv\/wp-json\/wp\/v2\/product_brand?post=8727"},{"taxonomy":"product_cat","embeddable":true,"href":"https:\/\/induzon.com\/sv\/wp-json\/wp\/v2\/product_cat?post=8727"},{"taxonomy":"product_tag","embeddable":true,"href":"https:\/\/induzon.com\/sv\/wp-json\/wp\/v2\/product_tag?post=8727"}],"curies":[{"name":"wp","href":"https:\/\/api.w.org\/{rel}","templated":true}]}}