{"id":19678,"date":"2025-07-16T13:39:56","date_gmt":"2025-07-16T05:39:56","guid":{"rendered":"https:\/\/induzon.com\/ortaklik-gosterge-tablosu\/"},"modified":"2025-12-05T15:13:30","modified_gmt":"2025-12-05T07:13:30","slug":"ortaklik-gosterge-tablosu","status":"publish","type":"page","link":"https:\/\/induzon.com\/tr\/ortaklik-gosterge-tablosu\/","title":{"rendered":"Ortakl\u0131k G\u00f6sterge Tablosu"},"content":{"rendered":"\n<div class=\"yith-wcaf yith-wcaf-registration-form woocommerce\">\n\t\n\t\n\t\t\t\t<div class=\"forms-container \">\n\n\t\t\t\n\t\t\t\n\t\t\t\n\t\t\t\t\t\t\t\t\t<h2 class=\"register-title\">\n\t\t\t\t\t\t\u00dcye Ol\t\t\t\t\t<\/h2>\n\t\t\t\t\n\t\t\t\t<div class=\"register-form\">\n\t\t\t\t\t<form method=\"post\" class=\"register\">\n\n\t\t\t\t\t\t\t\t\t\t\t\t\t\t\t\t\t\t<p class=\"form-row validate-required\" id=\"profile_first_name_field\" data-priority=\"\"><label for=\"profile_first_name\" class=\"required_field\">First name&nbsp;<span class=\"required\" aria-hidden=\"true\">*<\/span><\/label><span class=\"woocommerce-input-wrapper\"><input type=\"text\" class=\"input-text \" name=\"first_name\" id=\"profile_first_name\" placeholder=\"\"  value=\"\" aria-required=\"true\" \/><\/span><\/p><p class=\"form-row validate-required\" id=\"profile_last_name_field\" data-priority=\"\"><label for=\"profile_last_name\" class=\"required_field\">Last name&nbsp;<span class=\"required\" aria-hidden=\"true\">*<\/span><\/label><span class=\"woocommerce-input-wrapper\"><input type=\"text\" class=\"input-text \" name=\"last_name\" id=\"profile_last_name\" placeholder=\"\"  value=\"\" aria-required=\"true\" \/><\/span><\/p><p class=\"form-row validate-required\" id=\"profile_email_field\" data-priority=\"\"><label for=\"profile_email\" class=\"required_field\">Email address&nbsp;<span class=\"required\" aria-hidden=\"true\">*<\/span><\/label><span class=\"woocommerce-input-wrapper\"><input type=\"email\" class=\"input-text \" name=\"email\" id=\"profile_email\" placeholder=\"\"  value=\"\" data-validation=\"email\" aria-required=\"true\" \/><\/span><\/p>\t\t\t<p class=\"form-row\">\n\t\t\t\t<span class=\"woocommerce-privacy-policy-text\">\n\t\t\t\t\t\u60a8\u7684\u4e2a\u4eba\u8d44\u6599\u5c06\u7528\u4e8e\u5728\u60a8\u4f53\u9a8c\u672c\u7f51\u7ad9\u7684\u6574\u4e2a\u8fc7\u7a0b\u4e2d\u4e3a\u60a8\u63d0\u4f9b\u652f\u6301\u3001\u7ba1\u7406\u5bf9\u60a8\u5e10\u6237\u7684\u8bbf\u95ee\uff0c\u4ee5\u53ca\u7528\u4e8e\u5728\u6211\u4eec\u7684<a href=\"\" class=\"woocommerce-privacy-policy-link\" target=\"_blank\">gizlilik ilkesi<\/a>\u4e2d\u63cf\u8ff0\u7684\u5176\u4ed6\u7528\u9014\u3002\t\t\t\t<\/span>\n\t\t\t<\/p>\n\t\t\t<p class=\"form-row terms-label validate-required\" id=\"profile_terms_field\" data-priority=\"\"><span class=\"woocommerce-input-wrapper\"><label class=\"checkbox terms-label\" ><input type=\"checkbox\" name=\"terms\" id=\"profile_terms\" value=\"1\" class=\"input-checkbox \"  aria-required=\"true\" \/> \u6211\u5df2\u7ecf\u8bfb\u4e86\u5e76\u540c\u610f\u672c\u7f51\u7ad9\u7684 \u015fartlar ve ko\u015fullar&nbsp;<span class=\"required\" aria-hidden=\"true\">*<\/span><\/label><\/span><\/p>\t\t\t\t\t\t\t<p class=\"comment-form-ajdg_nobot\">\n\t\t\t\t<label for=\"ajdg_nobot_answer\">What is the sum of 2 and 7? (Required)<\/label>\n\t\t<input id=\"ajdg_nobot_answer\" name=\"ajdg_nobot_answer\" type=\"text\" value=\"\" size=\"30\"\/>\n\t\t<input type=\"hidden\" name=\"ajdg_nobot_id\" value=\"0\" \/>\n\t\t<input type=\"hidden\" name=\"ajdg_nobot_hash\" value=\"758dd053b3a21f9bbb4881ed24fd0ed4230afaf5d2dcc6f2eaea18b62382757a\" \/>\n\t<\/p>\n\t<div style=\"display:none; height:0px;\">\n\t\t<p>Leave the field below empty!<\/p>\n\t\t<label for=\"captcha\">Security:<\/label> <input type=\"text\" name=\"captcha\" value=\"\" \/>\n\t\t<label for=\"captcha_confirm\">Confirm:<\/label> <input type=\"text\" name=\"captcha_confirm\" value=\" \" \/>\n\t<\/div>\n<wc-order-attribution-inputs><\/wc-order-attribution-inputs>\n\t\t\t\t\t\t<p class=\"form-row\">\n\t\t\t\t\t\t\t<input type=\"hidden\" id=\"woocommerce-register-nonce\" name=\"woocommerce-register-nonce\" value=\"4492b9d6d8\" \/><input type=\"hidden\" name=\"_wp_http_referer\" value=\"\/tr\/wp-json\/wp\/v2\/pages\/19678\" \/>\t\t\t\t\t\t\t<input type=\"hidden\" id=\"register_affiliate\" name=\"register_affiliate\" value=\"d748b4fbff\" \/>\n\t\t\t\t\t\t\t<input type=\"submit\" class=\"button\" name=\"register\" value=\"\u00dcye Ol\"\/>\n\t\t\t\t\t\t<\/p>\n\n\t\t\t\t\t\t\n\t\t\t\t\t<\/form>\n\t\t\t\t<\/div>\n\n\t\t\t\n\t\t\t\n\t\t<\/div>\n\n\t<\/div>\n\n","protected":false},"excerpt":{"rendered":"","protected":false},"author":1,"featured_media":0,"parent":0,"menu_order":0,"comment_status":"closed","ping_status":"closed","template":"","meta":{"site-sidebar-layout":"default","site-content-layout":"","ast-site-content-layout":"","site-content-style":"default","site-sidebar-style":"default","ast-global-header-display":"","ast-banner-title-visibility":"","ast-main-header-display":"","ast-hfb-above-header-display":"","ast-hfb-below-header-display":"","ast-hfb-mobile-header-display":"","site-post-title":"","ast-breadcrumbs-content":"","ast-featured-img":"","footer-sml-layout":"","theme-transparent-header-meta":"","adv-header-id-meta":"","stick-header-meta":"","header-above-stick-meta":"","header-main-stick-meta":"","header-below-stick-meta":"","astra-migrate-meta-layouts":"default","ast-page-background-enabled":"default","ast-page-background-meta":{"desktop":{"background-color":"var(--ast-global-color-4)","background-image":"","background-repeat":"repeat","background-position":"center center","background-size":"auto","background-attachment":"scroll","background-type":"","background-media":"","overlay-type":"","overlay-color":"","overlay-opacity":"","overlay-gradient":""},"tablet":{"background-color":"","background-image":"","background-repeat":"repeat","background-position":"center center","background-size":"auto","background-attachment":"scroll","background-type":"","background-media":"","overlay-type":"","overlay-color":"","overlay-opacity":"","overlay-gradient":""},"mobile":{"background-color":"","background-image":"","background-repeat":"repeat","background-position":"center center","background-size":"auto","background-attachment":"scroll","background-type":"","background-media":"","overlay-type":"","overlay-color":"","overlay-opacity":"","overlay-gradient":""}},"ast-content-background-meta":{"desktop":{"background-color":"var(--ast-global-color-5)","background-image":"","background-repeat":"repeat","background-position":"center center","background-size":"auto","background-attachment":"scroll","background-type":"","background-media":"","overlay-type":"","overlay-color":"","overlay-opacity":"","overlay-gradient":""},"tablet":{"background-color":"var(--ast-global-color-5)","background-image":"","background-repeat":"repeat","background-position":"center center","background-size":"auto","background-attachment":"scroll","background-type":"","background-media":"","overlay-type":"","overlay-color":"","overlay-opacity":"","overlay-gradient":""},"mobile":{"background-color":"var(--ast-global-color-5)","background-image":"","background-repeat":"repeat","background-position":"center center","background-size":"auto","background-attachment":"scroll","background-type":"","background-media":"","overlay-type":"","overlay-color":"","overlay-opacity":"","overlay-gradient":""}},"footnotes":""},"class_list":["post-19678","page","type-page","status-publish","hentry"],"yoast_head":"<!-- This site is optimized with the Yoast SEO plugin v24.9 - https:\/\/yoast.com\/wordpress\/plugins\/seo\/ -->\r\n<title>Ortakl\u0131k Panosu | Induzon Ortak Portal\u0131<\/title>\r\n<meta name=\"description\" content=\"Induzon ortakl\u0131k paneline giri\u015f yaparak komisyonlar\u0131n\u0131z\u0131 ve performans istatistiklerinizi takip edebilir, pazarlama kaynaklar\u0131na eri\u015febilirsiniz.\" \/>\r\n<meta name=\"robots\" content=\"index, follow, max-snippet:-1, max-image-preview:large, max-video-preview:-1\" \/>\r\n<link rel=\"canonical\" href=\"https:\/\/induzon.com\/tr\/ortaklik-gosterge-tablosu\/\" \/>\r\n<meta property=\"og:locale\" content=\"tr_TR\" \/>\r\n<meta property=\"og:type\" content=\"article\" \/>\r\n<meta property=\"og:title\" content=\"Ortakl\u0131k Panosu | Induzon Ortak Portal\u0131\" \/>\r\n<meta property=\"og:description\" content=\"Induzon ortakl\u0131k paneline giri\u015f yaparak komisyonlar\u0131n\u0131z\u0131 ve performans istatistiklerinizi takip edebilir, pazarlama kaynaklar\u0131na eri\u015febilirsiniz.\" \/>\r\n<meta property=\"og:url\" content=\"https:\/\/induzon.com\/tr\/ortaklik-gosterge-tablosu\/\" \/>\r\n<meta property=\"og:site_name\" content=\"induzon\" \/>\r\n<meta property=\"article:modified_time\" content=\"2025-12-05T07:13:30+00:00\" \/>\r\n<meta name=\"twitter:card\" content=\"summary_large_image\" \/>\r\n<script type=\"application\/ld+json\" class=\"yoast-schema-graph\">{\"@context\":\"https:\/\/schema.org\",\"@graph\":[{\"@type\":\"WebPage\",\"@id\":\"https:\/\/induzon.com\/tr\/ortaklik-gosterge-tablosu\/\",\"url\":\"https:\/\/induzon.com\/tr\/ortaklik-gosterge-tablosu\/\",\"name\":\"Ortakl\u0131k Panosu | Induzon Ortak Portal\u0131\",\"isPartOf\":{\"@id\":\"https:\/\/induzon.com\/tr\/#website\"},\"datePublished\":\"2025-07-16T05:39:56+00:00\",\"dateModified\":\"2025-12-05T07:13:30+00:00\",\"description\":\"Induzon ortakl\u0131k paneline giri\u015f yaparak komisyonlar\u0131n\u0131z\u0131 ve performans istatistiklerinizi takip edebilir, pazarlama kaynaklar\u0131na eri\u015febilirsiniz.\",\"breadcrumb\":{\"@id\":\"https:\/\/induzon.com\/tr\/ortaklik-gosterge-tablosu\/#breadcrumb\"},\"inLanguage\":\"tr\",\"potentialAction\":[{\"@type\":\"ReadAction\",\"target\":[\"https:\/\/induzon.com\/tr\/ortaklik-gosterge-tablosu\/\"]}]},{\"@type\":\"BreadcrumbList\",\"@id\":\"https:\/\/induzon.com\/tr\/ortaklik-gosterge-tablosu\/#breadcrumb\",\"itemListElement\":[{\"@type\":\"ListItem\",\"position\":1,\"name\":\"\u9996\u9875\",\"item\":\"https:\/\/induzon.com\/tr\/ev\/\"},{\"@type\":\"ListItem\",\"position\":2,\"name\":\"Ortakl\u0131k G\u00f6sterge Tablosu\"}]},{\"@type\":\"WebSite\",\"@id\":\"https:\/\/induzon.com\/tr\/#website\",\"url\":\"https:\/\/induzon.com\/tr\/\",\"name\":\"induzon\",\"description\":\"\",\"potentialAction\":[{\"@type\":\"SearchAction\",\"target\":{\"@type\":\"EntryPoint\",\"urlTemplate\":\"https:\/\/induzon.com\/tr\/?s={search_term_string}\"},\"query-input\":{\"@type\":\"PropertyValueSpecification\",\"valueRequired\":true,\"valueName\":\"search_term_string\"}}],\"inLanguage\":\"tr\"}]}<\/script>\r\n<!-- \/ Yoast SEO plugin. -->","yoast_head_json":{"title":"Ortakl\u0131k Panosu | Induzon Ortak Portal\u0131","description":"Induzon ortakl\u0131k paneline giri\u015f yaparak komisyonlar\u0131n\u0131z\u0131 ve performans istatistiklerinizi takip edebilir, pazarlama kaynaklar\u0131na eri\u015febilirsiniz.","robots":{"index":"index","follow":"follow","max-snippet":"max-snippet:-1","max-image-preview":"max-image-preview:large","max-video-preview":"max-video-preview:-1"},"canonical":"https:\/\/induzon.com\/tr\/ortaklik-gosterge-tablosu\/","og_locale":"tr_TR","og_type":"article","og_title":"Ortakl\u0131k Panosu | Induzon Ortak Portal\u0131","og_description":"Induzon ortakl\u0131k paneline giri\u015f yaparak komisyonlar\u0131n\u0131z\u0131 ve performans istatistiklerinizi takip edebilir, pazarlama kaynaklar\u0131na eri\u015febilirsiniz.","og_url":"https:\/\/induzon.com\/tr\/ortaklik-gosterge-tablosu\/","og_site_name":"induzon","article_modified_time":"2025-12-05T07:13:30+00:00","twitter_card":"summary_large_image","schema":{"@context":"https:\/\/schema.org","@graph":[{"@type":"WebPage","@id":"https:\/\/induzon.com\/tr\/ortaklik-gosterge-tablosu\/","url":"https:\/\/induzon.com\/tr\/ortaklik-gosterge-tablosu\/","name":"Ortakl\u0131k Panosu | Induzon Ortak Portal\u0131","isPartOf":{"@id":"https:\/\/induzon.com\/tr\/#website"},"datePublished":"2025-07-16T05:39:56+00:00","dateModified":"2025-12-05T07:13:30+00:00","description":"Induzon ortakl\u0131k paneline giri\u015f yaparak komisyonlar\u0131n\u0131z\u0131 ve performans istatistiklerinizi takip edebilir, pazarlama kaynaklar\u0131na eri\u015febilirsiniz.","breadcrumb":{"@id":"https:\/\/induzon.com\/tr\/ortaklik-gosterge-tablosu\/#breadcrumb"},"inLanguage":"tr","potentialAction":[{"@type":"ReadAction","target":["https:\/\/induzon.com\/tr\/ortaklik-gosterge-tablosu\/"]}]},{"@type":"BreadcrumbList","@id":"https:\/\/induzon.com\/tr\/ortaklik-gosterge-tablosu\/#breadcrumb","itemListElement":[{"@type":"ListItem","position":1,"name":"\u9996\u9875","item":"https:\/\/induzon.com\/tr\/ev\/"},{"@type":"ListItem","position":2,"name":"Ortakl\u0131k G\u00f6sterge Tablosu"}]},{"@type":"WebSite","@id":"https:\/\/induzon.com\/tr\/#website","url":"https:\/\/induzon.com\/tr\/","name":"induzon","description":"","potentialAction":[{"@type":"SearchAction","target":{"@type":"EntryPoint","urlTemplate":"https:\/\/induzon.com\/tr\/?s={search_term_string}"},"query-input":{"@type":"PropertyValueSpecification","valueRequired":true,"valueName":"search_term_string"}}],"inLanguage":"tr"}]}},"_links":{"self":[{"href":"https:\/\/induzon.com\/tr\/wp-json\/wp\/v2\/pages\/19678","targetHints":{"allow":["GET"]}}],"collection":[{"href":"https:\/\/induzon.com\/tr\/wp-json\/wp\/v2\/pages"}],"about":[{"href":"https:\/\/induzon.com\/tr\/wp-json\/wp\/v2\/types\/page"}],"author":[{"embeddable":true,"href":"https:\/\/induzon.com\/tr\/wp-json\/wp\/v2\/users\/1"}],"replies":[{"embeddable":true,"href":"https:\/\/induzon.com\/tr\/wp-json\/wp\/v2\/comments?post=19678"}],"version-history":[{"count":1,"href":"https:\/\/induzon.com\/tr\/wp-json\/wp\/v2\/pages\/19678\/revisions"}],"predecessor-version":[{"id":19679,"href":"https:\/\/induzon.com\/tr\/wp-json\/wp\/v2\/pages\/19678\/revisions\/19679"}],"wp:attachment":[{"href":"https:\/\/induzon.com\/tr\/wp-json\/wp\/v2\/media?parent=19678"}],"curies":[{"name":"wp","href":"https:\/\/api.w.org\/{rel}","templated":true}]}}