{"id":7444,"date":"2025-01-13T13:25:13","date_gmt":"2025-01-13T05:25:13","guid":{"rendered":"https:\/\/induzon.com\/bize-ulasin\/"},"modified":"2025-12-11T11:08:28","modified_gmt":"2025-12-11T03:08:28","slug":"bize-ulasin","status":"publish","type":"page","link":"https:\/\/induzon.com\/tr\/bize-ulasin\/","title":{"rendered":"Bize Ula\u015f\u0131n"},"content":{"rendered":"\t\t<div data-elementor-type=\"wp-page\" data-elementor-id=\"7444\" class=\"elementor elementor-7444 elementor-3074\" data-elementor-post-type=\"page\">\n\t\t\t\t<div class=\"elementor-element elementor-element-ff3ba06 elementor-hidden-mobile e-flex e-con-boxed e-con e-parent\" data-id=\"ff3ba06\" data-element_type=\"container\">\n\t\t\t\t\t<div class=\"e-con-inner\">\n\t\t<div class=\"elementor-element elementor-element-f57d2da e-con-full e-flex e-con e-child\" data-id=\"f57d2da\" data-element_type=\"container\">\n\t\t\t\t<div class=\"elementor-element elementor-element-dac15ac elementor-widget elementor-widget-heading\" data-id=\"dac15ac\" data-element_type=\"widget\" data-widget_type=\"heading.default\">\n\t\t\t\t\t<h1 class=\"elementor-heading-title elementor-size-default\">Bize Ula\u015f\u0131n<\/h1>\t\t\t\t<\/div>\n\t\t\t\t<div class=\"elementor-element elementor-element-036dae5 elementor-widget elementor-widget-heading\" data-id=\"036dae5\" data-element_type=\"widget\" data-widget_type=\"heading.default\">\n\t\t\t\t\t<h1 class=\"elementor-heading-title elementor-size-default\"> YISHENG <\/h1>\t\t\t\t<\/div>\n\t\t\t\t<\/div>\n\t\t\t\t\t<\/div>\n\t\t\t\t<\/div>\n\t\t<div class=\"elementor-element elementor-element-904ee50 e-flex e-con-boxed e-con e-parent\" data-id=\"904ee50\" data-element_type=\"container\">\n\t\t\t\t\t<div class=\"e-con-inner\">\n\t\t<div class=\"elementor-element elementor-element-7390c38 e-con-full elementor-hidden-desktop elementor-hidden-tablet e-flex e-con e-child\" data-id=\"7390c38\" data-element_type=\"container\">\n\t\t\t\t<div class=\"elementor-element elementor-element-fbb985f elementor-widget elementor-widget-heading\" data-id=\"fbb985f\" data-element_type=\"widget\" data-widget_type=\"heading.default\">\n\t\t\t\t\t<h1 class=\"elementor-heading-title elementor-size-default\">Bize Ula\u015f\u0131n<\/h1>\t\t\t\t<\/div>\n\t\t\t\t<div class=\"elementor-element elementor-element-16cc35a elementor-widget elementor-widget-heading\" data-id=\"16cc35a\" data-element_type=\"widget\" data-widget_type=\"heading.default\">\n\t\t\t\t\t<h1 class=\"elementor-heading-title elementor-size-default\">BLUE STAR TRADING LIMITED<\/h1>\t\t\t\t<\/div>\n\t\t\t\t<\/div>\n\t\t\t\t\t<\/div>\n\t\t\t\t<\/div>\n\t\t<div class=\"elementor-element elementor-element-15416e4 e-flex e-con-boxed e-con e-parent\" data-id=\"15416e4\" data-element_type=\"container\">\n\t\t\t\t\t<div class=\"e-con-inner\">\n\t\t<div class=\"elementor-element elementor-element-f071031 e-con-full e-flex e-con e-child\" data-id=\"f071031\" data-element_type=\"container\">\n\t\t<div class=\"elementor-element elementor-element-5aacbcf e-con-full e-flex e-con e-child\" data-id=\"5aacbcf\" data-element_type=\"container\">\n\t\t\t\t<div class=\"elementor-element elementor-element-794dfad elementor-widget elementor-widget-text-editor\" data-id=\"794dfad\" data-element_type=\"widget\" data-widget_type=\"text-editor.default\">\n\t\t\t\t\t\t\t\t\t<h3>Bize Ula\u015f\u0131n.<\/h3><p><br>\u00dcr\u00fcnlerimiz veya hizmetlerimiz hakk\u0131nda sorular\u0131n\u0131z i\u00e7in bu ileti\u015fim formunu doldurun, sizden haber almak isteriz!<\/p>\t\t\t\t\t\t\t\t<\/div>\n\t\t\t\t<div class=\"elementor-element elementor-element-779aab6 elementor-widget elementor-widget-text-editor\" data-id=\"779aab6\" data-element_type=\"widget\" data-widget_type=\"text-editor.default\">\n\t\t\t\t\t\t\t\t\t<p>Telefon numaras\u0131: +8615895239548<\/p><p>E-posta adresi: director@induzon.com<\/p><p>\u00c7al\u0131\u015fma saatlerimiz: Sabah 9 &#8211; Ak\u015fam 5.30<\/p>\t\t\t\t\t\t\t\t<\/div>\n\t\t\t\t<\/div>\n\t\t\t\t<\/div>\n\t\t<div class=\"elementor-element elementor-element-1dccfbf e-con-full e-flex e-con e-child\" data-id=\"1dccfbf\" data-element_type=\"container\">\n\t\t\t\t<div class=\"elementor-element elementor-element-de57946 elementor-widget elementor-widget-wpforms\" data-id=\"de57946\" data-element_type=\"widget\" data-widget_type=\"wpforms.default\">\n\t\t\t\t<div class=\"elementor-widget-container\">\n\t\t\t\t\t<style id=\"wpforms-css-vars-elementor-widget-de57946\">\n\t\t\t\t.elementor-widget-wpforms.elementor-element-de57946 {\n\t\t\t\t--wpforms-field-size-input-height: 43px;\n--wpforms-field-size-input-spacing: 15px;\n--wpforms-field-size-font-size: 16px;\n--wpforms-field-size-line-height: 19px;\n--wpforms-field-size-padding-h: 14px;\n--wpforms-field-size-checkbox-size: 16px;\n--wpforms-field-size-sublabel-spacing: 5px;\n--wpforms-field-size-icon-size: 1;\n--wpforms-label-size-font-size: 16px;\n--wpforms-label-size-line-height: 19px;\n--wpforms-label-size-sublabel-font-size: 14px;\n--wpforms-label-size-sublabel-line-height: 17px;\n--wpforms-button-size-font-size: 17px;\n--wpforms-button-size-height: 41px;\n--wpforms-button-size-padding-h: 15px;\n--wpforms-button-size-margin-top: 10px;\n\n\t\t\t}\n\t\t\t<\/style><div class=\"wpforms-container wpforms-container-full wpforms-render-modern\" id=\"wpforms-3079\"><form id=\"wpforms-form-3079\" class=\"wpforms-validate wpforms-form wpforms-ajax-form\" data-formid=\"3079\" method=\"post\" enctype=\"multipart\/form-data\" action=\"\/tr\/wp-json\/wp\/v2\/pages\/7444\" data-token=\"43b9ff54700384f9aaebe0db948d4b44\" data-token-time=\"1776415695\"><noscript class=\"wpforms-error-noscript\">Bu formu bitirebilmek i\u00e7in taray\u0131c\u0131n\u0131zda JavaScript&#039;i etkinle\u015ftirin.<\/noscript><div class=\"wpforms-hidden\" id=\"wpforms-error-noscript\">Bu formu bitirebilmek i\u00e7in taray\u0131c\u0131n\u0131zda JavaScript&#039;i etkinle\u015ftirin.<\/div><div class=\"wpforms-field-container\"><div id=\"wpforms-3079-field_1-container\" class=\"wpforms-field wpforms-field-name\" data-field-id=\"1\"><label class=\"wpforms-field-label\" for=\"wpforms-3079-field_1\">\u0130sim <span class=\"wpforms-required-label\" aria-hidden=\"true\">*<\/span><\/label><input type=\"text\" id=\"wpforms-3079-field_1\" class=\"wpforms-field-medium wpforms-field-required\" name=\"wpforms[fields][1]\" aria-errormessage=\"wpforms-3079-field_1-error\" required><\/div><div id=\"wpforms-3079-field_2-container\" class=\"wpforms-field wpforms-field-email\" data-field-id=\"2\"><label class=\"wpforms-field-label\" for=\"wpforms-3079-field_2\">E-posta <span class=\"wpforms-required-label\" aria-hidden=\"true\">*<\/span><\/label><input type=\"email\" id=\"wpforms-3079-field_2\" class=\"wpforms-field-medium wpforms-field-required\" name=\"wpforms[fields][2]\" spellcheck=\"false\" aria-errormessage=\"wpforms-3079-field_2-error\" required><\/div><div id=\"wpforms-3079-field_3-container\" class=\"wpforms-field wpforms-field-textarea\" data-field-id=\"3\"><label class=\"wpforms-field-label\" for=\"wpforms-3079-field_3\">Yorum veya Mesaj <span class=\"wpforms-required-label\" aria-hidden=\"true\">*<\/span><\/label><textarea id=\"wpforms-3079-field_3\" class=\"wpforms-field-medium wpforms-field-required\" name=\"wpforms[fields][3]\" aria-errormessage=\"wpforms-3079-field_3-error\" required><\/textarea><\/div><\/div><!-- .wpforms-field-container --><div class=\"wpforms-submit-container\" ><input type=\"hidden\" name=\"wpforms[id]\" value=\"3079\"><input type=\"hidden\" name=\"page_title\" value=\"\"><input type=\"hidden\" name=\"page_url\" value=\"https:\/\/induzon.com\/tr\/wp-json\/wp\/v2\/pages\/7444\"><input type=\"hidden\" name=\"url_referer\" value=\"\"><button type=\"submit\" name=\"wpforms[submit]\" id=\"wpforms-submit-3079\" class=\"wpforms-submit\" data-alt-text=\"G\u00f6nderiyorum.\" data-submit-text=\"G\u00f6nder\" aria-live=\"assertive\" value=\"wpforms-submit\">G\u00f6nder<\/button><img decoding=\"async\" src=\"https:\/\/induzon.com\/wp-content\/plugins\/wpforms-lite\/assets\/images\/submit-spin.svg\" class=\"wpforms-submit-spinner\" style=\"display: none;\" width=\"26\" height=\"26\" alt=\"Y\u00fckleniyor\"><\/div><\/form><\/div>  <!-- .wpforms-container -->\t\t\t\t<\/div>\n\t\t\t\t<\/div>\n\t\t\t\t<\/div>\n\t\t\t\t\t<\/div>\n\t\t\t\t<\/div>\n\t\t\t\t<\/div>\n\t\t","protected":false},"excerpt":{"rendered":"<p>Bize Ula\u015f\u0131n YISHENG Bize Ula\u015f\u0131n BLUE STAR TRADING LIMITED Bize Ula\u015f\u0131n. \u00dcr\u00fcnlerimiz veya hizmetlerimiz hakk\u0131nda sorular\u0131n\u0131z i\u00e7in bu ileti\u015fim formunu [&hellip;]<\/p>\n","protected":false},"author":1,"featured_media":0,"parent":0,"menu_order":0,"comment_status":"closed","ping_status":"closed","template":"","meta":{"site-sidebar-layout":"no-sidebar","site-content-layout":"","ast-site-content-layout":"full-width-container","site-content-style":"default","site-sidebar-style":"default","ast-global-header-display":"","ast-banner-title-visibility":"","ast-main-header-display":"","ast-hfb-above-header-display":"","ast-hfb-below-header-display":"","ast-hfb-mobile-header-display":"","site-post-title":"disabled","ast-breadcrumbs-content":"","ast-featured-img":"disabled","footer-sml-layout":"","theme-transparent-header-meta":"","adv-header-id-meta":"","stick-header-meta":"","header-above-stick-meta":"","header-main-stick-meta":"","header-below-stick-meta":"","astra-migrate-meta-layouts":"default","ast-page-background-enabled":"default","ast-page-background-meta":{"desktop":{"background-color":"var(--ast-global-color-4)","background-image":"","background-repeat":"repeat","background-position":"center center","background-size":"auto","background-attachment":"scroll","background-type":"","background-media":"","overlay-type":"","overlay-color":"","overlay-opacity":"","overlay-gradient":""},"tablet":{"background-color":"","background-image":"","background-repeat":"repeat","background-position":"center center","background-size":"auto","background-attachment":"scroll","background-type":"","background-media":"","overlay-type":"","overlay-color":"","overlay-opacity":"","overlay-gradient":""},"mobile":{"background-color":"","background-image":"","background-repeat":"repeat","background-position":"center center","background-size":"auto","background-attachment":"scroll","background-type":"","background-media":"","overlay-type":"","overlay-color":"","overlay-opacity":"","overlay-gradient":""}},"ast-content-background-meta":{"desktop":{"background-color":"var(--ast-global-color-5)","background-image":"","background-repeat":"repeat","background-position":"center center","background-size":"auto","background-attachment":"scroll","background-type":"","background-media":"","overlay-type":"","overlay-color":"","overlay-opacity":"","overlay-gradient":""},"tablet":{"background-color":"var(--ast-global-color-5)","background-image":"","background-repeat":"repeat","background-position":"center center","background-size":"auto","background-attachment":"scroll","background-type":"","background-media":"","overlay-type":"","overlay-color":"","overlay-opacity":"","overlay-gradient":""},"mobile":{"background-color":"var(--ast-global-color-5)","background-image":"","background-repeat":"repeat","background-position":"center center","background-size":"auto","background-attachment":"scroll","background-type":"","background-media":"","overlay-type":"","overlay-color":"","overlay-opacity":"","overlay-gradient":""}},"footnotes":""},"class_list":["post-7444","page","type-page","status-publish","hentry"],"yoast_head":"<!-- This site is optimized with the Yoast SEO plugin v24.9 - https:\/\/yoast.com\/wordpress\/plugins\/seo\/ -->\r\n<title>Bize Ula\u015f\u0131n | Induzon - K\u00fcresel Yedek Par\u00e7a Orta\u011f\u0131n\u0131z<\/title>\r\n<meta name=\"description\" content=\"Teklifler, teknik destek veya \u00f6zel tedarik i\u00e7in Induzon ekibiyle ileti\u015fime ge\u00e7in. Telefon veya e-posta yoluyla bizimle ileti\u015fime ge\u00e7in. 24 saat i\u00e7inde yan\u0131t veriyoruz.\" \/>\r\n<meta name=\"robots\" content=\"index, follow, max-snippet:-1, max-image-preview:large, max-video-preview:-1\" \/>\r\n<link rel=\"canonical\" href=\"https:\/\/induzon.com\/tr\/bize-ulasin\/\" \/>\r\n<meta property=\"og:locale\" content=\"tr_TR\" \/>\r\n<meta property=\"og:type\" content=\"article\" \/>\r\n<meta property=\"og:title\" content=\"Bize Ula\u015f\u0131n | Induzon - K\u00fcresel Yedek Par\u00e7a Orta\u011f\u0131n\u0131z\" \/>\r\n<meta property=\"og:description\" content=\"Teklifler, teknik destek veya \u00f6zel tedarik i\u00e7in Induzon ekibiyle ileti\u015fime ge\u00e7in. Telefon veya e-posta yoluyla bizimle ileti\u015fime ge\u00e7in. 24 saat i\u00e7inde yan\u0131t veriyoruz.\" \/>\r\n<meta property=\"og:url\" content=\"https:\/\/induzon.com\/tr\/bize-ulasin\/\" \/>\r\n<meta property=\"og:site_name\" content=\"induzon\" \/>\r\n<meta property=\"article:modified_time\" content=\"2025-12-11T03:08:28+00:00\" \/>\r\n<meta property=\"og:image\" content=\"https:\/\/induzon.com\/wp-content\/plugins\/wpforms-lite\/assets\/images\/submit-spin.svg\" \/>\r\n<meta name=\"twitter:card\" content=\"summary_large_image\" \/>\r\n<script type=\"application\/ld+json\" class=\"yoast-schema-graph\">{\"@context\":\"https:\/\/schema.org\",\"@graph\":[{\"@type\":\"WebPage\",\"@id\":\"https:\/\/induzon.com\/tr\/bize-ulasin\/\",\"url\":\"https:\/\/induzon.com\/tr\/bize-ulasin\/\",\"name\":\"Bize Ula\u015f\u0131n | Induzon - K\u00fcresel Yedek Par\u00e7a Orta\u011f\u0131n\u0131z\",\"isPartOf\":{\"@id\":\"https:\/\/induzon.com\/tr\/#website\"},\"primaryImageOfPage\":{\"@id\":\"https:\/\/induzon.com\/tr\/bize-ulasin\/#primaryimage\"},\"image\":{\"@id\":\"https:\/\/induzon.com\/tr\/bize-ulasin\/#primaryimage\"},\"thumbnailUrl\":\"https:\/\/induzon.com\/wp-content\/plugins\/wpforms-lite\/assets\/images\/submit-spin.svg\",\"datePublished\":\"2025-01-13T05:25:13+00:00\",\"dateModified\":\"2025-12-11T03:08:28+00:00\",\"description\":\"Teklifler, teknik destek veya \u00f6zel tedarik i\u00e7in Induzon ekibiyle ileti\u015fime ge\u00e7in. Telefon veya e-posta yoluyla bizimle ileti\u015fime ge\u00e7in. 24 saat i\u00e7inde yan\u0131t veriyoruz.\",\"breadcrumb\":{\"@id\":\"https:\/\/induzon.com\/tr\/bize-ulasin\/#breadcrumb\"},\"inLanguage\":\"tr\",\"potentialAction\":[{\"@type\":\"ReadAction\",\"target\":[\"https:\/\/induzon.com\/tr\/bize-ulasin\/\"]}]},{\"@type\":\"ImageObject\",\"inLanguage\":\"tr\",\"@id\":\"https:\/\/induzon.com\/tr\/bize-ulasin\/#primaryimage\",\"url\":\"https:\/\/induzon.com\/wp-content\/plugins\/wpforms-lite\/assets\/images\/submit-spin.svg\",\"contentUrl\":\"https:\/\/induzon.com\/wp-content\/plugins\/wpforms-lite\/assets\/images\/submit-spin.svg\"},{\"@type\":\"BreadcrumbList\",\"@id\":\"https:\/\/induzon.com\/tr\/bize-ulasin\/#breadcrumb\",\"itemListElement\":[{\"@type\":\"ListItem\",\"position\":1,\"name\":\"\u9996\u9875\",\"item\":\"https:\/\/induzon.com\/tr\/ev\/\"},{\"@type\":\"ListItem\",\"position\":2,\"name\":\"Bize Ula\u015f\u0131n\"}]},{\"@type\":\"WebSite\",\"@id\":\"https:\/\/induzon.com\/tr\/#website\",\"url\":\"https:\/\/induzon.com\/tr\/\",\"name\":\"induzon\",\"description\":\"\",\"potentialAction\":[{\"@type\":\"SearchAction\",\"target\":{\"@type\":\"EntryPoint\",\"urlTemplate\":\"https:\/\/induzon.com\/tr\/?s={search_term_string}\"},\"query-input\":{\"@type\":\"PropertyValueSpecification\",\"valueRequired\":true,\"valueName\":\"search_term_string\"}}],\"inLanguage\":\"tr\"}]}<\/script>\r\n<!-- \/ Yoast SEO plugin. -->","yoast_head_json":{"title":"Bize Ula\u015f\u0131n | Induzon - K\u00fcresel Yedek Par\u00e7a Orta\u011f\u0131n\u0131z","description":"Teklifler, teknik destek veya \u00f6zel tedarik i\u00e7in Induzon ekibiyle ileti\u015fime ge\u00e7in. Telefon veya e-posta yoluyla bizimle ileti\u015fime ge\u00e7in. 24 saat i\u00e7inde yan\u0131t veriyoruz.","robots":{"index":"index","follow":"follow","max-snippet":"max-snippet:-1","max-image-preview":"max-image-preview:large","max-video-preview":"max-video-preview:-1"},"canonical":"https:\/\/induzon.com\/tr\/bize-ulasin\/","og_locale":"tr_TR","og_type":"article","og_title":"Bize Ula\u015f\u0131n | Induzon - K\u00fcresel Yedek Par\u00e7a Orta\u011f\u0131n\u0131z","og_description":"Teklifler, teknik destek veya \u00f6zel tedarik i\u00e7in Induzon ekibiyle ileti\u015fime ge\u00e7in. Telefon veya e-posta yoluyla bizimle ileti\u015fime ge\u00e7in. 24 saat i\u00e7inde yan\u0131t veriyoruz.","og_url":"https:\/\/induzon.com\/tr\/bize-ulasin\/","og_site_name":"induzon","article_modified_time":"2025-12-11T03:08:28+00:00","og_image":[{"url":"https:\/\/induzon.com\/wp-content\/plugins\/wpforms-lite\/assets\/images\/submit-spin.svg","type":"","width":"","height":""}],"twitter_card":"summary_large_image","schema":{"@context":"https:\/\/schema.org","@graph":[{"@type":"WebPage","@id":"https:\/\/induzon.com\/tr\/bize-ulasin\/","url":"https:\/\/induzon.com\/tr\/bize-ulasin\/","name":"Bize Ula\u015f\u0131n | Induzon - K\u00fcresel Yedek Par\u00e7a Orta\u011f\u0131n\u0131z","isPartOf":{"@id":"https:\/\/induzon.com\/tr\/#website"},"primaryImageOfPage":{"@id":"https:\/\/induzon.com\/tr\/bize-ulasin\/#primaryimage"},"image":{"@id":"https:\/\/induzon.com\/tr\/bize-ulasin\/#primaryimage"},"thumbnailUrl":"https:\/\/induzon.com\/wp-content\/plugins\/wpforms-lite\/assets\/images\/submit-spin.svg","datePublished":"2025-01-13T05:25:13+00:00","dateModified":"2025-12-11T03:08:28+00:00","description":"Teklifler, teknik destek veya \u00f6zel tedarik i\u00e7in Induzon ekibiyle ileti\u015fime ge\u00e7in. Telefon veya e-posta yoluyla bizimle ileti\u015fime ge\u00e7in. 24 saat i\u00e7inde yan\u0131t veriyoruz.","breadcrumb":{"@id":"https:\/\/induzon.com\/tr\/bize-ulasin\/#breadcrumb"},"inLanguage":"tr","potentialAction":[{"@type":"ReadAction","target":["https:\/\/induzon.com\/tr\/bize-ulasin\/"]}]},{"@type":"ImageObject","inLanguage":"tr","@id":"https:\/\/induzon.com\/tr\/bize-ulasin\/#primaryimage","url":"https:\/\/induzon.com\/wp-content\/plugins\/wpforms-lite\/assets\/images\/submit-spin.svg","contentUrl":"https:\/\/induzon.com\/wp-content\/plugins\/wpforms-lite\/assets\/images\/submit-spin.svg"},{"@type":"BreadcrumbList","@id":"https:\/\/induzon.com\/tr\/bize-ulasin\/#breadcrumb","itemListElement":[{"@type":"ListItem","position":1,"name":"\u9996\u9875","item":"https:\/\/induzon.com\/tr\/ev\/"},{"@type":"ListItem","position":2,"name":"Bize Ula\u015f\u0131n"}]},{"@type":"WebSite","@id":"https:\/\/induzon.com\/tr\/#website","url":"https:\/\/induzon.com\/tr\/","name":"induzon","description":"","potentialAction":[{"@type":"SearchAction","target":{"@type":"EntryPoint","urlTemplate":"https:\/\/induzon.com\/tr\/?s={search_term_string}"},"query-input":{"@type":"PropertyValueSpecification","valueRequired":true,"valueName":"search_term_string"}}],"inLanguage":"tr"}]}},"_links":{"self":[{"href":"https:\/\/induzon.com\/tr\/wp-json\/wp\/v2\/pages\/7444","targetHints":{"allow":["GET"]}}],"collection":[{"href":"https:\/\/induzon.com\/tr\/wp-json\/wp\/v2\/pages"}],"about":[{"href":"https:\/\/induzon.com\/tr\/wp-json\/wp\/v2\/types\/page"}],"author":[{"embeddable":true,"href":"https:\/\/induzon.com\/tr\/wp-json\/wp\/v2\/users\/1"}],"replies":[{"embeddable":true,"href":"https:\/\/induzon.com\/tr\/wp-json\/wp\/v2\/comments?post=7444"}],"version-history":[{"count":7,"href":"https:\/\/induzon.com\/tr\/wp-json\/wp\/v2\/pages\/7444\/revisions"}],"predecessor-version":[{"id":31901,"href":"https:\/\/induzon.com\/tr\/wp-json\/wp\/v2\/pages\/7444\/revisions\/31901"}],"wp:attachment":[{"href":"https:\/\/induzon.com\/tr\/wp-json\/wp\/v2\/media?parent=7444"}],"curies":[{"name":"wp","href":"https:\/\/api.w.org\/{rel}","templated":true}]}}