{"id":7447,"date":"2025-01-15T17:11:17","date_gmt":"2025-01-15T09:11:17","guid":{"rendered":"https:\/\/induzon.com\/tahmini-teslimat-suresi\/"},"modified":"2025-08-27T15:58:06","modified_gmt":"2025-08-27T07:58:06","slug":"tahmini-teslimat-suresi","status":"publish","type":"page","link":"https:\/\/induzon.com\/tr\/tahmini-teslimat-suresi\/","title":{"rendered":"Tahmini Teslimat S\u00fcresi"},"content":{"rendered":"\t\t<div data-elementor-type=\"wp-page\" data-elementor-id=\"7447\" class=\"elementor elementor-7447 elementor-3348\" data-elementor-post-type=\"page\">\n\t\t\t\t<div class=\"elementor-element elementor-element-66e7959 e-flex e-con-boxed e-con e-parent\" data-id=\"66e7959\" data-element_type=\"container\">\n\t\t\t\t\t<div class=\"e-con-inner\">\n\t\t<div class=\"elementor-element elementor-element-8470463 e-con-full e-flex e-con e-child\" data-id=\"8470463\" data-element_type=\"container\">\n\t\t\t\t<div class=\"elementor-element elementor-element-9a5322f elementor-widget elementor-widget-heading\" data-id=\"9a5322f\" data-element_type=\"widget\" data-widget_type=\"heading.default\">\n\t\t\t\t\t<h3 class=\"elementor-heading-title elementor-size-default\">Tahmini Teslimat S\u00fcresi<\/h3>\t\t\t\t<\/div>\n\t\t\t\t<div class=\"elementor-element elementor-element-0b24042 elementor-widget-divider--view-line elementor-widget elementor-widget-divider\" data-id=\"0b24042\" data-element_type=\"widget\" data-widget_type=\"divider.default\">\n\t\t\t\t\t\t\t<div class=\"elementor-divider\">\n\t\t\t<span class=\"elementor-divider-separator\">\n\t\t\t\t\t\t<\/span>\n\t\t<\/div>\n\t\t\t\t\t\t<\/div>\n\t\t\t\t<div class=\"elementor-element elementor-element-f2ab69f elementor-widget elementor-widget-heading\" data-id=\"f2ab69f\" data-element_type=\"widget\" data-widget_type=\"heading.default\">\n\t\t\t\t\t<h5 class=\"elementor-heading-title elementor-size-default\">YISHENG sipari\u015finizi nas\u0131l g\u00f6nderiyor ve g\u00f6ndermesi ne kadar s\u00fcr\u00fcyor?<\/h5>\t\t\t\t<\/div>\n\t\t\t\t<div class=\"elementor-element elementor-element-db13238 elementor-widget elementor-widget-text-editor\" data-id=\"db13238\" data-element_type=\"widget\" data-widget_type=\"text-editor.default\">\n\t\t\t\t\t\t\t\t\t<p>Farkl\u0131 \u00fclkeler veya b\u00f6lgeler i\u00e7in uygun lojistik y\u00f6ntemleri mevcuttur. Yerel depodan gelen paketler en erken<strong> 3<\/strong> <strong>g\u00fcn<\/strong> i\u00e7inde, \u00c7in deposundan gelen paketler ise en erken<strong> 8 g\u00fcn<\/strong> i\u00e7inde teslim edilebilir. Belirli teslimat s\u00fcresi, sipari\u015fi verdi\u011finizde \u00fcr\u00fcn detay sayfas\u0131nda g\u00f6sterilir ve farkl\u0131 \u00fclkelerde ve farkl\u0131 lojistik y\u00f6ntemlerinde de\u011fi\u015fiklik g\u00f6sterir.  <\/p><p><span data-spm-data=\"{\"bid\":\"56277\",\"pid\":\"\"}\">\u00d6\u011fenizi teslimat s\u00fcresinden uzun s\u00fcre sonra almad\u0131ysan\u0131z, l\u00fctfen bizimle ileti\u015fime ge\u00e7in. YISHENG durumunuzu do\u011frulayacak ve geri \u00f6deme \/ yeniden g\u00f6nderme vb. gibi tazminat \u00e7\u00f6z\u00fcmlerini sizinle g\u00f6r\u00fc\u015fecektir. <\/span><\/p>\t\t\t\t\t\t\t\t<\/div>\n\t\t\t\t<div class=\"elementor-element elementor-element-0df2f69 elementor-widget elementor-widget-text-editor\" data-id=\"0df2f69\" data-element_type=\"widget\" data-widget_type=\"text-editor.default\">\n\t\t\t\t\t\t\t\t\t<p><strong>Not:<\/strong><br>\u00c7o\u011fu durumda, paket tahmini var\u0131\u015f s\u00fcresi i\u00e7inde teslim edilecektir. Ancak, ger\u00e7ek teslimat tarihi u\u00e7u\u015f d\u00fczenlemeleri, hava ko\u015fullar\u0131 ve di\u011fer d\u0131\u015f fakt\u00f6rlerden etkilenebilir. \u00d6n sipari\u015f ve\/veya \u00f6zelle\u015ftirilmi\u015f \u00fcr\u00fcnler i\u00e7eren sipari\u015fler i\u00e7in teslimat s\u00fcresi normalden daha uzun olacakt\u0131r. En do\u011fru teslimat tarihi i\u00e7in l\u00fctfen takip bilgilerine bak\u0131n.<br><br><span data-spm-data=\"{\"bid\":\"56277\",\"pid\":\"\"}\">Daha fazla bilgi veya yard\u0131ma ihtiyac\u0131n\u0131z olursa, l\u00fctfen bizimle ileti\u015fime ge\u00e7mekten \u00e7ekinmeyin.<\/span><\/p>\t\t\t\t\t\t\t\t<\/div>\n\t\t\t\t<\/div>\n\t\t\t\t\t<\/div>\n\t\t\t\t<\/div>\n\t\t\t\t<\/div>\n\t\t","protected":false},"excerpt":{"rendered":"<p>Tahmini Teslimat S\u00fcresi YISHENG sipari\u015finizi nas\u0131l g\u00f6nderiyor ve g\u00f6ndermesi ne kadar s\u00fcr\u00fcyor? Farkl\u0131 \u00fclkeler veya b\u00f6lgeler i\u00e7in uygun lojistik y\u00f6ntemleri [&hellip;]<\/p>\n","protected":false},"author":1,"featured_media":0,"parent":0,"menu_order":0,"comment_status":"closed","ping_status":"closed","template":"","meta":{"site-sidebar-layout":"no-sidebar","site-content-layout":"","ast-site-content-layout":"full-width-container","site-content-style":"default","site-sidebar-style":"default","ast-global-header-display":"","ast-banner-title-visibility":"","ast-main-header-display":"","ast-hfb-above-header-display":"","ast-hfb-below-header-display":"","ast-hfb-mobile-header-display":"","site-post-title":"disabled","ast-breadcrumbs-content":"","ast-featured-img":"disabled","footer-sml-layout":"","theme-transparent-header-meta":"","adv-header-id-meta":"","stick-header-meta":"","header-above-stick-meta":"","header-main-stick-meta":"","header-below-stick-meta":"","astra-migrate-meta-layouts":"default","ast-page-background-enabled":"default","ast-page-background-meta":{"desktop":{"background-color":"var(--ast-global-color-4)","background-image":"","background-repeat":"repeat","background-position":"center center","background-size":"auto","background-attachment":"scroll","background-type":"","background-media":"","overlay-type":"","overlay-color":"","overlay-opacity":"","overlay-gradient":""},"tablet":{"background-color":"","background-image":"","background-repeat":"repeat","background-position":"center center","background-size":"auto","background-attachment":"scroll","background-type":"","background-media":"","overlay-type":"","overlay-color":"","overlay-opacity":"","overlay-gradient":""},"mobile":{"background-color":"","background-image":"","background-repeat":"repeat","background-position":"center center","background-size":"auto","background-attachment":"scroll","background-type":"","background-media":"","overlay-type":"","overlay-color":"","overlay-opacity":"","overlay-gradient":""}},"ast-content-background-meta":{"desktop":{"background-color":"var(--ast-global-color-5)","background-image":"","background-repeat":"repeat","background-position":"center center","background-size":"auto","background-attachment":"scroll","background-type":"","background-media":"","overlay-type":"","overlay-color":"","overlay-opacity":"","overlay-gradient":""},"tablet":{"background-color":"var(--ast-global-color-5)","background-image":"","background-repeat":"repeat","background-position":"center center","background-size":"auto","background-attachment":"scroll","background-type":"","background-media":"","overlay-type":"","overlay-color":"","overlay-opacity":"","overlay-gradient":""},"mobile":{"background-color":"var(--ast-global-color-5)","background-image":"","background-repeat":"repeat","background-position":"center center","background-size":"auto","background-attachment":"scroll","background-type":"","background-media":"","overlay-type":"","overlay-color":"","overlay-opacity":"","overlay-gradient":""}},"footnotes":""},"class_list":["post-7447","page","type-page","status-publish","hentry"],"yoast_head":"<!-- This site is optimized with the Yoast SEO plugin v24.9 - https:\/\/yoast.com\/wordpress\/plugins\/seo\/ -->\r\n<title>Tahmini Teslimat S\u00fcresi | Induzon Sipari\u015fleri i\u00e7in Nakliye Bilgileri<\/title>\r\n<meta name=\"description\" content=\"Induzon sipari\u015finizin teslimat s\u00fcresini \u00f6\u011frenin. ABD, \u0130ngiltere, AB ve di\u011fer k\u00fcresel destinasyonlara tahmini teslimat s\u00fcrelerini \u00f6\u011frenin.\" \/>\r\n<meta name=\"robots\" content=\"index, follow, max-snippet:-1, max-image-preview:large, max-video-preview:-1\" \/>\r\n<link rel=\"canonical\" href=\"https:\/\/induzon.com\/tr\/tahmini-teslimat-suresi\/\" \/>\r\n<meta property=\"og:locale\" content=\"tr_TR\" \/>\r\n<meta property=\"og:type\" content=\"article\" \/>\r\n<meta property=\"og:title\" content=\"Tahmini Teslimat S\u00fcresi | Induzon Sipari\u015fleri i\u00e7in Nakliye Bilgileri\" \/>\r\n<meta property=\"og:description\" content=\"Induzon sipari\u015finizin teslimat s\u00fcresini \u00f6\u011frenin. ABD, \u0130ngiltere, AB ve di\u011fer k\u00fcresel destinasyonlara tahmini teslimat s\u00fcrelerini \u00f6\u011frenin.\" \/>\r\n<meta property=\"og:url\" content=\"https:\/\/induzon.com\/tr\/tahmini-teslimat-suresi\/\" \/>\r\n<meta property=\"og:site_name\" content=\"induzon\" \/>\r\n<meta property=\"article:modified_time\" content=\"2025-08-27T07:58:06+00:00\" \/>\r\n<meta name=\"twitter:card\" content=\"summary_large_image\" \/>\r\n<meta name=\"twitter:label1\" content=\"Tahmini okuma s\u00fcresi\" \/>\n\t<meta name=\"twitter:data1\" content=\"1 dakika\" \/>\r\n<script type=\"application\/ld+json\" class=\"yoast-schema-graph\">{\"@context\":\"https:\/\/schema.org\",\"@graph\":[{\"@type\":\"WebPage\",\"@id\":\"https:\/\/induzon.com\/tr\/tahmini-teslimat-suresi\/\",\"url\":\"https:\/\/induzon.com\/tr\/tahmini-teslimat-suresi\/\",\"name\":\"Tahmini Teslimat S\u00fcresi | Induzon Sipari\u015fleri i\u00e7in Nakliye Bilgileri\",\"isPartOf\":{\"@id\":\"https:\/\/induzon.com\/tr\/#website\"},\"datePublished\":\"2025-01-15T09:11:17+00:00\",\"dateModified\":\"2025-08-27T07:58:06+00:00\",\"description\":\"Induzon sipari\u015finizin teslimat s\u00fcresini \u00f6\u011frenin. ABD, \u0130ngiltere, AB ve di\u011fer k\u00fcresel destinasyonlara tahmini teslimat s\u00fcrelerini \u00f6\u011frenin.\",\"breadcrumb\":{\"@id\":\"https:\/\/induzon.com\/tr\/tahmini-teslimat-suresi\/#breadcrumb\"},\"inLanguage\":\"tr\",\"potentialAction\":[{\"@type\":\"ReadAction\",\"target\":[\"https:\/\/induzon.com\/tr\/tahmini-teslimat-suresi\/\"]}]},{\"@type\":\"BreadcrumbList\",\"@id\":\"https:\/\/induzon.com\/tr\/tahmini-teslimat-suresi\/#breadcrumb\",\"itemListElement\":[{\"@type\":\"ListItem\",\"position\":1,\"name\":\"\u9996\u9875\",\"item\":\"https:\/\/induzon.com\/tr\/ev\/\"},{\"@type\":\"ListItem\",\"position\":2,\"name\":\"Tahmini Teslimat S\u00fcresi\"}]},{\"@type\":\"WebSite\",\"@id\":\"https:\/\/induzon.com\/tr\/#website\",\"url\":\"https:\/\/induzon.com\/tr\/\",\"name\":\"induzon\",\"description\":\"\",\"potentialAction\":[{\"@type\":\"SearchAction\",\"target\":{\"@type\":\"EntryPoint\",\"urlTemplate\":\"https:\/\/induzon.com\/tr\/?s={search_term_string}\"},\"query-input\":{\"@type\":\"PropertyValueSpecification\",\"valueRequired\":true,\"valueName\":\"search_term_string\"}}],\"inLanguage\":\"tr\"}]}<\/script>\r\n<!-- \/ Yoast SEO plugin. -->","yoast_head_json":{"title":"Tahmini Teslimat S\u00fcresi | Induzon Sipari\u015fleri i\u00e7in Nakliye Bilgileri","description":"Induzon sipari\u015finizin teslimat s\u00fcresini \u00f6\u011frenin. ABD, \u0130ngiltere, AB ve di\u011fer k\u00fcresel destinasyonlara tahmini teslimat s\u00fcrelerini \u00f6\u011frenin.","robots":{"index":"index","follow":"follow","max-snippet":"max-snippet:-1","max-image-preview":"max-image-preview:large","max-video-preview":"max-video-preview:-1"},"canonical":"https:\/\/induzon.com\/tr\/tahmini-teslimat-suresi\/","og_locale":"tr_TR","og_type":"article","og_title":"Tahmini Teslimat S\u00fcresi | Induzon Sipari\u015fleri i\u00e7in Nakliye Bilgileri","og_description":"Induzon sipari\u015finizin teslimat s\u00fcresini \u00f6\u011frenin. ABD, \u0130ngiltere, AB ve di\u011fer k\u00fcresel destinasyonlara tahmini teslimat s\u00fcrelerini \u00f6\u011frenin.","og_url":"https:\/\/induzon.com\/tr\/tahmini-teslimat-suresi\/","og_site_name":"induzon","article_modified_time":"2025-08-27T07:58:06+00:00","twitter_card":"summary_large_image","twitter_misc":{"Tahmini okuma s\u00fcresi":"1 dakika"},"schema":{"@context":"https:\/\/schema.org","@graph":[{"@type":"WebPage","@id":"https:\/\/induzon.com\/tr\/tahmini-teslimat-suresi\/","url":"https:\/\/induzon.com\/tr\/tahmini-teslimat-suresi\/","name":"Tahmini Teslimat S\u00fcresi | Induzon Sipari\u015fleri i\u00e7in Nakliye Bilgileri","isPartOf":{"@id":"https:\/\/induzon.com\/tr\/#website"},"datePublished":"2025-01-15T09:11:17+00:00","dateModified":"2025-08-27T07:58:06+00:00","description":"Induzon sipari\u015finizin teslimat s\u00fcresini \u00f6\u011frenin. ABD, \u0130ngiltere, AB ve di\u011fer k\u00fcresel destinasyonlara tahmini teslimat s\u00fcrelerini \u00f6\u011frenin.","breadcrumb":{"@id":"https:\/\/induzon.com\/tr\/tahmini-teslimat-suresi\/#breadcrumb"},"inLanguage":"tr","potentialAction":[{"@type":"ReadAction","target":["https:\/\/induzon.com\/tr\/tahmini-teslimat-suresi\/"]}]},{"@type":"BreadcrumbList","@id":"https:\/\/induzon.com\/tr\/tahmini-teslimat-suresi\/#breadcrumb","itemListElement":[{"@type":"ListItem","position":1,"name":"\u9996\u9875","item":"https:\/\/induzon.com\/tr\/ev\/"},{"@type":"ListItem","position":2,"name":"Tahmini Teslimat S\u00fcresi"}]},{"@type":"WebSite","@id":"https:\/\/induzon.com\/tr\/#website","url":"https:\/\/induzon.com\/tr\/","name":"induzon","description":"","potentialAction":[{"@type":"SearchAction","target":{"@type":"EntryPoint","urlTemplate":"https:\/\/induzon.com\/tr\/?s={search_term_string}"},"query-input":{"@type":"PropertyValueSpecification","valueRequired":true,"valueName":"search_term_string"}}],"inLanguage":"tr"}]}},"_links":{"self":[{"href":"https:\/\/induzon.com\/tr\/wp-json\/wp\/v2\/pages\/7447","targetHints":{"allow":["GET"]}}],"collection":[{"href":"https:\/\/induzon.com\/tr\/wp-json\/wp\/v2\/pages"}],"about":[{"href":"https:\/\/induzon.com\/tr\/wp-json\/wp\/v2\/types\/page"}],"author":[{"embeddable":true,"href":"https:\/\/induzon.com\/tr\/wp-json\/wp\/v2\/users\/1"}],"replies":[{"embeddable":true,"href":"https:\/\/induzon.com\/tr\/wp-json\/wp\/v2\/comments?post=7447"}],"version-history":[{"count":1,"href":"https:\/\/induzon.com\/tr\/wp-json\/wp\/v2\/pages\/7447\/revisions"}],"predecessor-version":[{"id":7448,"href":"https:\/\/induzon.com\/tr\/wp-json\/wp\/v2\/pages\/7447\/revisions\/7448"}],"wp:attachment":[{"href":"https:\/\/induzon.com\/tr\/wp-json\/wp\/v2\/media?parent=7447"}],"curies":[{"name":"wp","href":"https:\/\/api.w.org\/{rel}","templated":true}]}}