{"id":7451,"date":"2024-12-03T10:55:57","date_gmt":"2024-12-03T02:55:57","guid":{"rendered":"https:\/\/induzon.com\/benim-hesabim\/"},"modified":"2025-08-22T14:15:22","modified_gmt":"2025-08-22T06:15:22","slug":"benim-hesabim","status":"publish","type":"page","link":"https:\/\/induzon.com\/tr\/benim-hesabim\/","title":{"rendered":"Benim hesab\u0131m"},"content":{"rendered":"\t\t<div data-elementor-type=\"wp-page\" data-elementor-id=\"7451\" class=\"elementor elementor-7451 elementor-17\" data-elementor-post-type=\"page\">\n\t\t\t\t<div class=\"elementor-element elementor-element-1e6b9686 e-flex e-con-boxed e-con e-parent\" data-id=\"1e6b9686\" data-element_type=\"container\">\n\t\t\t\t\t<div class=\"e-con-inner\">\n\t\t\t\t<div class=\"elementor-element elementor-element-768617c5 elementor-widget elementor-widget-text-editor\" data-id=\"768617c5\" data-element_type=\"widget\" data-widget_type=\"text-editor.default\">\n\t\t\t\t\t\t\t\t\t<div class=\"woocommerce\"><\/div>\t\t\t\t\t\t\t\t<\/div>\n\t\t\t\t\t<\/div>\n\t\t\t\t<\/div>\n\t\t\t\t<\/div>\n\t\t","protected":false},"excerpt":{"rendered":"","protected":false},"author":1,"featured_media":0,"parent":0,"menu_order":0,"comment_status":"closed","ping_status":"closed","template":"","meta":{"site-sidebar-layout":"no-sidebar","site-content-layout":"","ast-site-content-layout":"","site-content-style":"default","site-sidebar-style":"default","ast-global-header-display":"","ast-banner-title-visibility":"","ast-main-header-display":"","ast-hfb-above-header-display":"","ast-hfb-below-header-display":"","ast-hfb-mobile-header-display":"","site-post-title":"disabled","ast-breadcrumbs-content":"","ast-featured-img":"disabled","footer-sml-layout":"","theme-transparent-header-meta":"","adv-header-id-meta":"","stick-header-meta":"","header-above-stick-meta":"","header-main-stick-meta":"","header-below-stick-meta":"","astra-migrate-meta-layouts":"default","ast-page-background-enabled":"default","ast-page-background-meta":{"desktop":{"background-color":"var(--ast-global-color-4)","background-image":"","background-repeat":"repeat","background-position":"center center","background-size":"auto","background-attachment":"scroll","background-type":"","background-media":"","overlay-type":"","overlay-color":"","overlay-opacity":"","overlay-gradient":""},"tablet":{"background-color":"","background-image":"","background-repeat":"repeat","background-position":"center center","background-size":"auto","background-attachment":"scroll","background-type":"","background-media":"","overlay-type":"","overlay-color":"","overlay-opacity":"","overlay-gradient":""},"mobile":{"background-color":"","background-image":"","background-repeat":"repeat","background-position":"center center","background-size":"auto","background-attachment":"scroll","background-type":"","background-media":"","overlay-type":"","overlay-color":"","overlay-opacity":"","overlay-gradient":""}},"ast-content-background-meta":{"desktop":{"background-color":"var(--ast-global-color-5)","background-image":"","background-repeat":"repeat","background-position":"center center","background-size":"auto","background-attachment":"scroll","background-type":"","background-media":"","overlay-type":"","overlay-color":"","overlay-opacity":"","overlay-gradient":""},"tablet":{"background-color":"var(--ast-global-color-5)","background-image":"","background-repeat":"repeat","background-position":"center center","background-size":"auto","background-attachment":"scroll","background-type":"","background-media":"","overlay-type":"","overlay-color":"","overlay-opacity":"","overlay-gradient":""},"mobile":{"background-color":"var(--ast-global-color-5)","background-image":"","background-repeat":"repeat","background-position":"center center","background-size":"auto","background-attachment":"scroll","background-type":"","background-media":"","overlay-type":"","overlay-color":"","overlay-opacity":"","overlay-gradient":""}},"footnotes":""},"class_list":["post-7451","page","type-page","status-publish","hentry"],"yoast_head":"<!-- This site is optimized with the Yoast SEO plugin v24.9 - https:\/\/yoast.com\/wordpress\/plugins\/seo\/ -->\r\n<title>Hesab\u0131m | Sipari\u015fleri, Faturalar\u0131 ve De\u011fi\u015fimleri Takip Et - Induzon<\/title>\r\n<meta name=\"description\" content=\"Sipari\u015f durumunu takip etmek, faturalar\u0131 indirmek ve yedek par\u00e7a ge\u00e7mi\u015finizi g\u00f6r\u00fcnt\u00fclemek i\u00e7in I My Account hesab\u0131n\u0131za giri\u015f yap\u0131n.\" \/>\r\n<meta name=\"robots\" content=\"index, follow, max-snippet:-1, max-image-preview:large, max-video-preview:-1\" \/>\r\n<link rel=\"canonical\" href=\"https:\/\/induzon.com\/tr\/benim-hesabim\/\" \/>\r\n<meta property=\"og:locale\" content=\"tr_TR\" \/>\r\n<meta property=\"og:type\" content=\"article\" \/>\r\n<meta property=\"og:title\" content=\"Hesab\u0131m | Sipari\u015fleri, Faturalar\u0131 ve De\u011fi\u015fimleri Takip Et - Induzon\" \/>\r\n<meta property=\"og:description\" content=\"Sipari\u015f durumunu takip etmek, faturalar\u0131 indirmek ve yedek par\u00e7a ge\u00e7mi\u015finizi g\u00f6r\u00fcnt\u00fclemek i\u00e7in I My Account hesab\u0131n\u0131za giri\u015f yap\u0131n.\" \/>\r\n<meta property=\"og:url\" content=\"https:\/\/induzon.com\/tr\/benim-hesabim\/\" \/>\r\n<meta property=\"og:site_name\" content=\"induzon\" \/>\r\n<meta property=\"article:modified_time\" content=\"2025-08-22T06:15:22+00:00\" \/>\r\n<meta name=\"twitter:card\" content=\"summary_large_image\" \/>\r\n<script type=\"application\/ld+json\" class=\"yoast-schema-graph\">{\"@context\":\"https:\/\/schema.org\",\"@graph\":[{\"@type\":\"WebPage\",\"@id\":\"https:\/\/induzon.com\/tr\/benim-hesabim\/\",\"url\":\"https:\/\/induzon.com\/tr\/benim-hesabim\/\",\"name\":\"Hesab\u0131m | Sipari\u015fleri, Faturalar\u0131 ve De\u011fi\u015fimleri Takip Et - Induzon\",\"isPartOf\":{\"@id\":\"https:\/\/induzon.com\/tr\/#website\"},\"datePublished\":\"2024-12-03T02:55:57+00:00\",\"dateModified\":\"2025-08-22T06:15:22+00:00\",\"description\":\"Sipari\u015f durumunu takip etmek, faturalar\u0131 indirmek ve yedek par\u00e7a ge\u00e7mi\u015finizi g\u00f6r\u00fcnt\u00fclemek i\u00e7in I My Account hesab\u0131n\u0131za giri\u015f yap\u0131n.\",\"breadcrumb\":{\"@id\":\"https:\/\/induzon.com\/tr\/benim-hesabim\/#breadcrumb\"},\"inLanguage\":\"tr\",\"potentialAction\":[{\"@type\":\"ReadAction\",\"target\":[\"https:\/\/induzon.com\/tr\/benim-hesabim\/\"]}]},{\"@type\":\"BreadcrumbList\",\"@id\":\"https:\/\/induzon.com\/tr\/benim-hesabim\/#breadcrumb\",\"itemListElement\":[{\"@type\":\"ListItem\",\"position\":1,\"name\":\"\u9996\u9875\",\"item\":\"https:\/\/induzon.com\/tr\/ev\/\"},{\"@type\":\"ListItem\",\"position\":2,\"name\":\"Benim hesab\u0131m\"}]},{\"@type\":\"WebSite\",\"@id\":\"https:\/\/induzon.com\/tr\/#website\",\"url\":\"https:\/\/induzon.com\/tr\/\",\"name\":\"induzon\",\"description\":\"\",\"potentialAction\":[{\"@type\":\"SearchAction\",\"target\":{\"@type\":\"EntryPoint\",\"urlTemplate\":\"https:\/\/induzon.com\/tr\/?s={search_term_string}\"},\"query-input\":{\"@type\":\"PropertyValueSpecification\",\"valueRequired\":true,\"valueName\":\"search_term_string\"}}],\"inLanguage\":\"tr\"}]}<\/script>\r\n<!-- \/ Yoast SEO plugin. -->","yoast_head_json":{"title":"Hesab\u0131m | Sipari\u015fleri, Faturalar\u0131 ve De\u011fi\u015fimleri Takip Et - Induzon","description":"Sipari\u015f durumunu takip etmek, faturalar\u0131 indirmek ve yedek par\u00e7a ge\u00e7mi\u015finizi g\u00f6r\u00fcnt\u00fclemek i\u00e7in I My Account hesab\u0131n\u0131za giri\u015f yap\u0131n.","robots":{"index":"index","follow":"follow","max-snippet":"max-snippet:-1","max-image-preview":"max-image-preview:large","max-video-preview":"max-video-preview:-1"},"canonical":"https:\/\/induzon.com\/tr\/benim-hesabim\/","og_locale":"tr_TR","og_type":"article","og_title":"Hesab\u0131m | Sipari\u015fleri, Faturalar\u0131 ve De\u011fi\u015fimleri Takip Et - Induzon","og_description":"Sipari\u015f durumunu takip etmek, faturalar\u0131 indirmek ve yedek par\u00e7a ge\u00e7mi\u015finizi g\u00f6r\u00fcnt\u00fclemek i\u00e7in I My Account hesab\u0131n\u0131za giri\u015f yap\u0131n.","og_url":"https:\/\/induzon.com\/tr\/benim-hesabim\/","og_site_name":"induzon","article_modified_time":"2025-08-22T06:15:22+00:00","twitter_card":"summary_large_image","schema":{"@context":"https:\/\/schema.org","@graph":[{"@type":"WebPage","@id":"https:\/\/induzon.com\/tr\/benim-hesabim\/","url":"https:\/\/induzon.com\/tr\/benim-hesabim\/","name":"Hesab\u0131m | Sipari\u015fleri, Faturalar\u0131 ve De\u011fi\u015fimleri Takip Et - Induzon","isPartOf":{"@id":"https:\/\/induzon.com\/tr\/#website"},"datePublished":"2024-12-03T02:55:57+00:00","dateModified":"2025-08-22T06:15:22+00:00","description":"Sipari\u015f durumunu takip etmek, faturalar\u0131 indirmek ve yedek par\u00e7a ge\u00e7mi\u015finizi g\u00f6r\u00fcnt\u00fclemek i\u00e7in I My Account hesab\u0131n\u0131za giri\u015f yap\u0131n.","breadcrumb":{"@id":"https:\/\/induzon.com\/tr\/benim-hesabim\/#breadcrumb"},"inLanguage":"tr","potentialAction":[{"@type":"ReadAction","target":["https:\/\/induzon.com\/tr\/benim-hesabim\/"]}]},{"@type":"BreadcrumbList","@id":"https:\/\/induzon.com\/tr\/benim-hesabim\/#breadcrumb","itemListElement":[{"@type":"ListItem","position":1,"name":"\u9996\u9875","item":"https:\/\/induzon.com\/tr\/ev\/"},{"@type":"ListItem","position":2,"name":"Benim hesab\u0131m"}]},{"@type":"WebSite","@id":"https:\/\/induzon.com\/tr\/#website","url":"https:\/\/induzon.com\/tr\/","name":"induzon","description":"","potentialAction":[{"@type":"SearchAction","target":{"@type":"EntryPoint","urlTemplate":"https:\/\/induzon.com\/tr\/?s={search_term_string}"},"query-input":{"@type":"PropertyValueSpecification","valueRequired":true,"valueName":"search_term_string"}}],"inLanguage":"tr"}]}},"_links":{"self":[{"href":"https:\/\/induzon.com\/tr\/wp-json\/wp\/v2\/pages\/7451","targetHints":{"allow":["GET"]}}],"collection":[{"href":"https:\/\/induzon.com\/tr\/wp-json\/wp\/v2\/pages"}],"about":[{"href":"https:\/\/induzon.com\/tr\/wp-json\/wp\/v2\/types\/page"}],"author":[{"embeddable":true,"href":"https:\/\/induzon.com\/tr\/wp-json\/wp\/v2\/users\/1"}],"replies":[{"embeddable":true,"href":"https:\/\/induzon.com\/tr\/wp-json\/wp\/v2\/comments?post=7451"}],"version-history":[{"count":1,"href":"https:\/\/induzon.com\/tr\/wp-json\/wp\/v2\/pages\/7451\/revisions"}],"predecessor-version":[{"id":7452,"href":"https:\/\/induzon.com\/tr\/wp-json\/wp\/v2\/pages\/7451\/revisions\/7452"}],"wp:attachment":[{"href":"https:\/\/induzon.com\/tr\/wp-json\/wp\/v2\/media?parent=7451"}],"curies":[{"name":"wp","href":"https:\/\/api.w.org\/{rel}","templated":true}]}}