{"id":7467,"date":"2025-01-08T15:16:39","date_gmt":"2025-01-08T07:16:39","guid":{"rendered":"https:\/\/induzon.com\/iade-ve-garanti-politikasi\/"},"modified":"2025-11-25T14:41:33","modified_gmt":"2025-11-25T06:41:33","slug":"iade-ve-garanti-politikasi","status":"publish","type":"page","link":"https:\/\/induzon.com\/tr\/iade-ve-garanti-politikasi\/","title":{"rendered":"\u0130ade ve Garanti Politikas\u0131"},"content":{"rendered":"\n<p>Ba\u011f\u0131ms\u0131z sitemizden bir \u00fcr\u00fcn se\u00e7ti\u011finiz i\u00e7in te\u015fekk\u00fcr ederiz. G\u00fcvenli\u011finiz i\u00e7in, sizi iade ve garanti politikam\u0131z hakk\u0131nda bilgilendirmek isteriz. <\/p>\n\n<h2 class=\"wp-block-heading\">\u0130ade Politikas\u0131<\/h2>\n\n<p><strong>\u0130ade S\u00fcresi<\/strong>: \u00dcr\u00fcn\u00fc teslim ald\u0131\u011f\u0131n\u0131z tarihten itibaren <strong>15<\/strong> g\u00fcn i\u00e7inde iade talebinde bulunabilirsiniz. Size \u00fcr\u00fcn\u00fc incelemek i\u00e7in yeterli zaman\u0131 sa\u011flamak ve sat\u0131n ald\u0131\u011f\u0131n\u0131z \u00fcr\u00fcnden memnun kalman\u0131z\u0131 sa\u011flamak amac\u0131nday\u0131z.<\/p>\n\n<p><strong>\u0130ade Nakliye \u00dccretleri<\/strong>: Bir \u00fcr\u00fcn\u00fc iade etmeniz gerekti\u011finde, iade nakliye \u00fccretleri al\u0131c\u0131ya aittir. This policy applies to returns not caused by product quality issues. Anlay\u0131\u015f\u0131n\u0131z i\u00e7in te\u015fekk\u00fcr ederiz. Please consider carefully before initiating a return.<\/p>\n\n<p><strong>\u0130ade S\u00fcreci<\/strong>: L\u00fctfen <strong>15<\/strong> g\u00fcnl\u00fck iade s\u00fcresi i\u00e7inde m\u00fc\u015fteri hizmetleri kanal\u0131m\u0131z veya ba\u011f\u0131ms\u0131z sitemizdeki \u00e7evrimi\u00e7i iade talep sistemi arac\u0131l\u0131\u011f\u0131yla iade talebinizi g\u00f6nderin. M\u00fc\u015fteri hizmetleri ekibimiz, talebinizi ald\u0131ktan sonra derhal yan\u0131t verecek ve sonraki ad\u0131mlarda size rehberlik edecektir.<br\/>We will process your return and refund request within 48 hours. Onayland\u0131ktan sonra, geri \u00f6deme 7-15 i\u015f g\u00fcn\u00fc i\u00e7inde orijinal \u00f6deme y\u00f6nteminize geri yat\u0131r\u0131lacakt\u0131r.<\/p>\n\n<p>\u0130ade edilen \u00fcr\u00fcn\u00fcn, \u00fcr\u00fcn\u00fcn kendisi, orijinal ambalaj\u0131, aksesuarlar\u0131 ve ilgili t\u00fcm belgeler ve etiketler dahil olmak \u00fczere, yeniden sat\u0131\u015f kalitesini etkilemeyecek \u015fekilde orijinal durumunda oldu\u011fundan emin olunuz.<\/p>\n\n<h2 class=\"wp-block-heading\">Garanti Politikas\u0131<\/h2>\n\n<p><strong>Garanti S\u00fcresi:<\/strong> 30 g\u00fcnl\u00fck iade s\u00fcresinin \u00f6tesinde iade edilen \u00fcr\u00fcnler i\u00e7in 2 y\u0131la kadar garanti sunuyoruz. Mal\u0131n sat\u0131n al\u0131nd\u0131\u011f\u0131 tarihten itibaren hesaplanan bu 2 y\u0131l boyunca sizin i\u00e7in profesyonel garanti hizmetimizden yararlanabilirsiniz <\/p>\n\n<p><strong>Garanti Kapsam\u0131<\/strong>: Normal kullan\u0131m ko\u015fullar\u0131nda, mallar\u0131n kalite sorunlar\u0131 varsa, size \u00fccretsiz onar\u0131m veya de\u011fi\u015ftirme hizmetleri sa\u011flayaca\u011f\u0131z. Ancak, insan hasar\u0131, yanl\u0131\u015f kullan\u0131m, m\u00fccbir sebepler ve di\u011fer fakt\u00f6rlerden kaynaklanan ar\u0131zalar garanti kapsam\u0131nda de\u011fildir. <\/p>\n\n<p><strong>Garanti s\u00fcreci<\/strong>: Mallar\u0131n\u0131zda sorun oldu\u011funda ve garantiye ihtiya\u00e7 duydu\u011funuzda, l\u00fctfen ba\u011f\u0131ms\u0131z istasyonumuzun m\u00fc\u015fteri hizmetleri kanal\u0131 arac\u0131l\u0131\u011f\u0131yla bizimle ileti\u015fime ge\u00e7in. L\u00fctfen sat\u0131n alma belgesini ve ar\u0131zan\u0131n ayr\u0131nt\u0131l\u0131 bir a\u00e7\u0131klamas\u0131n\u0131 sa\u011flay\u0131n, m\u00fc\u015fteri hizmetleri personelimiz sizin i\u00e7in takip eden garanti konular\u0131n\u0131 ayarlayacakt\u0131r. Mallar\u0131n normal kullan\u0131m\u0131na m\u00fcmk\u00fcn olan en k\u0131sa s\u00fcrede devam edebilmenizi sa\u011flamak i\u00e7in garanti ba\u015fvurunuzu m\u00fcmk\u00fcn olan en k\u0131sa s\u00fcrede i\u015fleme alaca\u011f\u0131z.  <\/p>\n\n<p>Size kaliteli bir al\u0131\u015fveri\u015f deneyimi ve sat\u0131\u015f sonras\u0131 hizmet sunmay\u0131 taahh\u00fct ediyoruz. Herhangi bir sorunuz varsa veya daha fazla yard\u0131ma ihtiyac\u0131n\u0131z varsa, l\u00fctfen m\u00fc\u015fteri hizmetleri ekibimizle ileti\u015fime ge\u00e7mekten \u00e7ekinmeyin, size hizmet etmekten mutluluk duyaca\u011f\u0131z. <\/p>\n","protected":false},"excerpt":{"rendered":"<p>Ba\u011f\u0131ms\u0131z sitemizden bir \u00fcr\u00fcn se\u00e7ti\u011finiz i\u00e7in te\u015fekk\u00fcr ederiz. G\u00fcvenli\u011finiz i\u00e7in, sizi iade ve garanti politikam\u0131z hakk\u0131nda bilgilendirmek isteriz. \u0130ade Politikas\u0131 [&hellip;]<\/p>\n","protected":false},"author":1,"featured_media":0,"parent":0,"menu_order":0,"comment_status":"closed","ping_status":"closed","template":"","meta":{"site-sidebar-layout":"default","site-content-layout":"","ast-site-content-layout":"","site-content-style":"default","site-sidebar-style":"default","ast-global-header-display":"","ast-banner-title-visibility":"","ast-main-header-display":"","ast-hfb-above-header-display":"","ast-hfb-below-header-display":"","ast-hfb-mobile-header-display":"","site-post-title":"","ast-breadcrumbs-content":"","ast-featured-img":"","footer-sml-layout":"","theme-transparent-header-meta":"","adv-header-id-meta":"","stick-header-meta":"","header-above-stick-meta":"","header-main-stick-meta":"","header-below-stick-meta":"","astra-migrate-meta-layouts":"default","ast-page-background-enabled":"default","ast-page-background-meta":{"desktop":{"background-color":"var(--ast-global-color-4)","background-image":"","background-repeat":"repeat","background-position":"center center","background-size":"auto","background-attachment":"scroll","background-type":"","background-media":"","overlay-type":"","overlay-color":"","overlay-opacity":"","overlay-gradient":""},"tablet":{"background-color":"","background-image":"","background-repeat":"repeat","background-position":"center center","background-size":"auto","background-attachment":"scroll","background-type":"","background-media":"","overlay-type":"","overlay-color":"","overlay-opacity":"","overlay-gradient":""},"mobile":{"background-color":"","background-image":"","background-repeat":"repeat","background-position":"center center","background-size":"auto","background-attachment":"scroll","background-type":"","background-media":"","overlay-type":"","overlay-color":"","overlay-opacity":"","overlay-gradient":""}},"ast-content-background-meta":{"desktop":{"background-color":"var(--ast-global-color-5)","background-image":"","background-repeat":"repeat","background-position":"center center","background-size":"auto","background-attachment":"scroll","background-type":"","background-media":"","overlay-type":"","overlay-color":"","overlay-opacity":"","overlay-gradient":""},"tablet":{"background-color":"var(--ast-global-color-5)","background-image":"","background-repeat":"repeat","background-position":"center center","background-size":"auto","background-attachment":"scroll","background-type":"","background-media":"","overlay-type":"","overlay-color":"","overlay-opacity":"","overlay-gradient":""},"mobile":{"background-color":"var(--ast-global-color-5)","background-image":"","background-repeat":"repeat","background-position":"center center","background-size":"auto","background-attachment":"scroll","background-type":"","background-media":"","overlay-type":"","overlay-color":"","overlay-opacity":"","overlay-gradient":""}},"footnotes":""},"class_list":["post-7467","page","type-page","status-publish","hentry"],"yoast_head":"<!-- This site is optimized with the Yoast SEO plugin v24.9 - https:\/\/yoast.com\/wordpress\/plugins\/seo\/ -->\r\n<title>Garanti &amp; Returer | Enkel reklamationsprocess | Induzon<\/title>\r\n<meta name=\"description\" content=\"L\u00e4s igenom Induzons garanti- och returpolicy f\u00f6r dina reservdelar. V\u00e5r enkla process s\u00e4kerst\u00e4ller snabb support och snabba l\u00f6sningar.\" \/>\r\n<meta name=\"robots\" content=\"index, follow, max-snippet:-1, max-image-preview:large, max-video-preview:-1\" \/>\r\n<link rel=\"canonical\" href=\"https:\/\/induzon.com\/tr\/iade-ve-garanti-politikasi\/\" \/>\r\n<meta property=\"og:locale\" content=\"tr_TR\" \/>\r\n<meta property=\"og:type\" content=\"article\" \/>\r\n<meta property=\"og:title\" content=\"Garanti &amp; Returer | Enkel reklamationsprocess | Induzon\" \/>\r\n<meta property=\"og:description\" content=\"L\u00e4s igenom Induzons garanti- och returpolicy f\u00f6r dina reservdelar. V\u00e5r enkla process s\u00e4kerst\u00e4ller snabb support och snabba l\u00f6sningar.\" \/>\r\n<meta property=\"og:url\" content=\"https:\/\/induzon.com\/tr\/iade-ve-garanti-politikasi\/\" \/>\r\n<meta property=\"og:site_name\" content=\"induzon\" \/>\r\n<meta property=\"article:modified_time\" content=\"2025-11-25T06:41:33+00:00\" \/>\r\n<meta name=\"twitter:card\" content=\"summary_large_image\" \/>\r\n<meta name=\"twitter:label1\" content=\"Tahmini okuma s\u00fcresi\" \/>\n\t<meta name=\"twitter:data1\" content=\"2 dakika\" \/>\r\n<script type=\"application\/ld+json\" class=\"yoast-schema-graph\">{\"@context\":\"https:\/\/schema.org\",\"@graph\":[{\"@type\":\"WebPage\",\"@id\":\"https:\/\/induzon.com\/tr\/iade-ve-garanti-politikasi\/\",\"url\":\"https:\/\/induzon.com\/tr\/iade-ve-garanti-politikasi\/\",\"name\":\"Garanti & Returer | Enkel reklamationsprocess | Induzon\",\"isPartOf\":{\"@id\":\"https:\/\/induzon.com\/tr\/#website\"},\"datePublished\":\"2025-01-08T07:16:39+00:00\",\"dateModified\":\"2025-11-25T06:41:33+00:00\",\"description\":\"L\u00e4s igenom Induzons garanti- och returpolicy f\u00f6r dina reservdelar. V\u00e5r enkla process s\u00e4kerst\u00e4ller snabb support och snabba l\u00f6sningar.\",\"breadcrumb\":{\"@id\":\"https:\/\/induzon.com\/tr\/iade-ve-garanti-politikasi\/#breadcrumb\"},\"inLanguage\":\"tr\",\"potentialAction\":[{\"@type\":\"ReadAction\",\"target\":[\"https:\/\/induzon.com\/tr\/iade-ve-garanti-politikasi\/\"]}]},{\"@type\":\"BreadcrumbList\",\"@id\":\"https:\/\/induzon.com\/tr\/iade-ve-garanti-politikasi\/#breadcrumb\",\"itemListElement\":[{\"@type\":\"ListItem\",\"position\":1,\"name\":\"\u9996\u9875\",\"item\":\"https:\/\/induzon.com\/tr\/ev\/\"},{\"@type\":\"ListItem\",\"position\":2,\"name\":\"\u0130ade ve Garanti Politikas\u0131\"}]},{\"@type\":\"WebSite\",\"@id\":\"https:\/\/induzon.com\/tr\/#website\",\"url\":\"https:\/\/induzon.com\/tr\/\",\"name\":\"induzon\",\"description\":\"\",\"potentialAction\":[{\"@type\":\"SearchAction\",\"target\":{\"@type\":\"EntryPoint\",\"urlTemplate\":\"https:\/\/induzon.com\/tr\/?s={search_term_string}\"},\"query-input\":{\"@type\":\"PropertyValueSpecification\",\"valueRequired\":true,\"valueName\":\"search_term_string\"}}],\"inLanguage\":\"tr\"}]}<\/script>\r\n<!-- \/ Yoast SEO plugin. -->","yoast_head_json":{"title":"Garanti & Returer | Enkel reklamationsprocess | Induzon","description":"L\u00e4s igenom Induzons garanti- och returpolicy f\u00f6r dina reservdelar. V\u00e5r enkla process s\u00e4kerst\u00e4ller snabb support och snabba l\u00f6sningar.","robots":{"index":"index","follow":"follow","max-snippet":"max-snippet:-1","max-image-preview":"max-image-preview:large","max-video-preview":"max-video-preview:-1"},"canonical":"https:\/\/induzon.com\/tr\/iade-ve-garanti-politikasi\/","og_locale":"tr_TR","og_type":"article","og_title":"Garanti & Returer | Enkel reklamationsprocess | Induzon","og_description":"L\u00e4s igenom Induzons garanti- och returpolicy f\u00f6r dina reservdelar. V\u00e5r enkla process s\u00e4kerst\u00e4ller snabb support och snabba l\u00f6sningar.","og_url":"https:\/\/induzon.com\/tr\/iade-ve-garanti-politikasi\/","og_site_name":"induzon","article_modified_time":"2025-11-25T06:41:33+00:00","twitter_card":"summary_large_image","twitter_misc":{"Tahmini okuma s\u00fcresi":"2 dakika"},"schema":{"@context":"https:\/\/schema.org","@graph":[{"@type":"WebPage","@id":"https:\/\/induzon.com\/tr\/iade-ve-garanti-politikasi\/","url":"https:\/\/induzon.com\/tr\/iade-ve-garanti-politikasi\/","name":"Garanti & Returer | Enkel reklamationsprocess | Induzon","isPartOf":{"@id":"https:\/\/induzon.com\/tr\/#website"},"datePublished":"2025-01-08T07:16:39+00:00","dateModified":"2025-11-25T06:41:33+00:00","description":"L\u00e4s igenom Induzons garanti- och returpolicy f\u00f6r dina reservdelar. V\u00e5r enkla process s\u00e4kerst\u00e4ller snabb support och snabba l\u00f6sningar.","breadcrumb":{"@id":"https:\/\/induzon.com\/tr\/iade-ve-garanti-politikasi\/#breadcrumb"},"inLanguage":"tr","potentialAction":[{"@type":"ReadAction","target":["https:\/\/induzon.com\/tr\/iade-ve-garanti-politikasi\/"]}]},{"@type":"BreadcrumbList","@id":"https:\/\/induzon.com\/tr\/iade-ve-garanti-politikasi\/#breadcrumb","itemListElement":[{"@type":"ListItem","position":1,"name":"\u9996\u9875","item":"https:\/\/induzon.com\/tr\/ev\/"},{"@type":"ListItem","position":2,"name":"\u0130ade ve Garanti Politikas\u0131"}]},{"@type":"WebSite","@id":"https:\/\/induzon.com\/tr\/#website","url":"https:\/\/induzon.com\/tr\/","name":"induzon","description":"","potentialAction":[{"@type":"SearchAction","target":{"@type":"EntryPoint","urlTemplate":"https:\/\/induzon.com\/tr\/?s={search_term_string}"},"query-input":{"@type":"PropertyValueSpecification","valueRequired":true,"valueName":"search_term_string"}}],"inLanguage":"tr"}]}},"_links":{"self":[{"href":"https:\/\/induzon.com\/tr\/wp-json\/wp\/v2\/pages\/7467","targetHints":{"allow":["GET"]}}],"collection":[{"href":"https:\/\/induzon.com\/tr\/wp-json\/wp\/v2\/pages"}],"about":[{"href":"https:\/\/induzon.com\/tr\/wp-json\/wp\/v2\/types\/page"}],"author":[{"embeddable":true,"href":"https:\/\/induzon.com\/tr\/wp-json\/wp\/v2\/users\/1"}],"replies":[{"embeddable":true,"href":"https:\/\/induzon.com\/tr\/wp-json\/wp\/v2\/comments?post=7467"}],"version-history":[{"count":2,"href":"https:\/\/induzon.com\/tr\/wp-json\/wp\/v2\/pages\/7467\/revisions"}],"predecessor-version":[{"id":30732,"href":"https:\/\/induzon.com\/tr\/wp-json\/wp\/v2\/pages\/7467\/revisions\/30732"}],"wp:attachment":[{"href":"https:\/\/induzon.com\/tr\/wp-json\/wp\/v2\/media?parent=7467"}],"curies":[{"name":"wp","href":"https:\/\/api.w.org\/{rel}","templated":true}]}}