{"id":7469,"date":"2025-01-14T16:41:40","date_gmt":"2025-01-14T08:41:40","guid":{"rendered":"https:\/\/induzon.com\/nakliye-kilavuzu\/"},"modified":"2025-11-26T09:24:05","modified_gmt":"2025-11-26T01:24:05","slug":"nakliye-kilavuzu","status":"publish","type":"page","link":"https:\/\/induzon.com\/tr\/nakliye-kilavuzu\/","title":{"rendered":"Nakliye K\u0131lavuzu"},"content":{"rendered":"\t\t<div data-elementor-type=\"wp-page\" data-elementor-id=\"7469\" class=\"elementor elementor-7469 elementor-3216\" data-elementor-post-type=\"page\">\n\t\t\t\t<div class=\"elementor-element elementor-element-fa24179 e-flex e-con-boxed e-con e-parent\" data-id=\"fa24179\" data-element_type=\"container\">\n\t\t\t\t\t<div class=\"e-con-inner\">\n\t\t<div class=\"elementor-element elementor-element-888ddf5 e-con-full e-flex e-con e-child\" data-id=\"888ddf5\" data-element_type=\"container\">\n\t\t\t\t<div class=\"elementor-element elementor-element-d1a036d elementor-widget elementor-widget-heading\" data-id=\"d1a036d\" data-element_type=\"widget\" data-widget_type=\"heading.default\">\n\t\t\t\t\t<h2 class=\"elementor-heading-title elementor-size-default\"><a href=\"#delivered2\">Nakliye K\u0131lavuzu<\/a><\/h2>\t\t\t\t<\/div>\n\t\t<div class=\"elementor-element elementor-element-8520880 e-con-full e-flex e-con e-child\" data-id=\"8520880\" data-element_type=\"container\">\n\t\t\t\t<div class=\"elementor-element elementor-element-ea96df2 elementor-view-default elementor-widget elementor-widget-icon\" data-id=\"ea96df2\" data-element_type=\"widget\" data-widget_type=\"icon.default\">\n\t\t\t\t\t\t\t<div class=\"elementor-icon-wrapper\">\n\t\t\t<div class=\"elementor-icon\">\n\t\t\t<svg aria-hidden=\"true\" class=\"e-font-icon-svg e-fas-circle\" viewBox=\"0 0 512 512\" xmlns=\"http:\/\/www.w3.org\/2000\/svg\"><path d=\"M256 8C119 8 8 119 8 256s111 248 248 248 248-111 248-248S393 8 256 8z\"><\/path><\/svg>\t\t\t<\/div>\n\t\t<\/div>\n\t\t\t\t\t\t<\/div>\n\t\t\t\t<div class=\"elementor-element elementor-element-a4bb1c4 elementor-widget elementor-widget-heading\" data-id=\"a4bb1c4\" data-element_type=\"widget\" id=\"delivered\" data-widget_type=\"heading.default\">\n\t\t\t\t\t<p class=\"elementor-heading-title elementor-size-default\"><a href=\"#delivered2\">Ne zaman teslim edilecek? Teslim edilmemesinin olas\u0131 nedenleri? <\/a><\/p>\t\t\t\t<\/div>\n\t\t\t\t<\/div>\n\t\t<div class=\"elementor-element elementor-element-1b8fb78 e-con-full e-flex e-con e-child\" data-id=\"1b8fb78\" data-element_type=\"container\">\n\t\t\t\t<div class=\"elementor-element elementor-element-7ac40c1 elementor-view-default elementor-widget elementor-widget-icon\" data-id=\"7ac40c1\" data-element_type=\"widget\" data-widget_type=\"icon.default\">\n\t\t\t\t\t\t\t<div class=\"elementor-icon-wrapper\">\n\t\t\t<div class=\"elementor-icon\">\n\t\t\t<svg aria-hidden=\"true\" class=\"e-font-icon-svg e-fas-circle\" viewBox=\"0 0 512 512\" xmlns=\"http:\/\/www.w3.org\/2000\/svg\"><path d=\"M256 8C119 8 8 119 8 256s111 248 248 248 248-111 248-248S393 8 256 8z\"><\/path><\/svg>\t\t\t<\/div>\n\t\t<\/div>\n\t\t\t\t\t\t<\/div>\n\t\t\t\t<div class=\"elementor-element elementor-element-9bb383f elementor-widget elementor-widget-heading\" data-id=\"9bb383f\" data-element_type=\"widget\" id=\"delay\" data-widget_type=\"heading.default\">\n\t\t\t\t\t<p class=\"elementor-heading-title elementor-size-default\"><a href=\"#delay2\">Paketim neden gecikiyor ve takip bilgileri g\u00fcncellenmiyor?<\/a><\/p>\t\t\t\t<\/div>\n\t\t\t\t<\/div>\n\t\t<div class=\"elementor-element elementor-element-69af278 e-con-full e-flex e-con e-child\" data-id=\"69af278\" data-element_type=\"container\">\n\t\t\t\t<div class=\"elementor-element elementor-element-9bc0248 elementor-view-default elementor-widget elementor-widget-icon\" data-id=\"9bc0248\" data-element_type=\"widget\" data-widget_type=\"icon.default\">\n\t\t\t\t\t\t\t<div class=\"elementor-icon-wrapper\">\n\t\t\t<div class=\"elementor-icon\">\n\t\t\t<svg aria-hidden=\"true\" class=\"e-font-icon-svg e-fas-circle\" viewBox=\"0 0 512 512\" xmlns=\"http:\/\/www.w3.org\/2000\/svg\"><path d=\"M256 8C119 8 8 119 8 256s111 248 248 248 248-111 248-248S393 8 256 8z\"><\/path><\/svg>\t\t\t<\/div>\n\t\t<\/div>\n\t\t\t\t\t\t<\/div>\n\t\t\t\t<div class=\"elementor-element elementor-element-a1ecfaa elementor-widget elementor-widget-heading\" data-id=\"a1ecfaa\" data-element_type=\"widget\" id=\"modify2\" data-widget_type=\"heading.default\">\n\t\t\t\t\t<p class=\"elementor-heading-title elementor-size-default\"><a href=\"#modify\">Sipari\u015f verdikten sonra ki\u015fisel bilgilerimi nas\u0131l de\u011fi\u015ftirebilirim?<\/a><\/p>\t\t\t\t<\/div>\n\t\t\t\t<\/div>\n\t\t<div class=\"elementor-element elementor-element-3761aa9 e-con-full e-flex e-con e-child\" data-id=\"3761aa9\" data-element_type=\"container\">\n\t\t\t\t<div class=\"elementor-element elementor-element-534770d elementor-widget elementor-widget-heading\" data-id=\"534770d\" data-element_type=\"widget\" id=\"delivered2\" data-widget_type=\"heading.default\">\n\t\t\t\t\t<h3 class=\"elementor-heading-title elementor-size-default\"><a href=\"#delivered\">Ne zaman teslim edilecek? Teslim edilmemesinin olas\u0131 nedenleri? <\/a><\/h3>\t\t\t\t<\/div>\n\t\t\t\t<div class=\"elementor-element elementor-element-80c1afc elementor-widget elementor-widget-text-editor\" data-id=\"80c1afc\" data-element_type=\"widget\" data-widget_type=\"text-editor.default\">\n\t\t\t\t\t\t\t\t\t<p style=\"font-weight: 400;\">Ba\u015far\u0131l\u0131 \u00f6demenizden sonra, mallar\u0131 1-2 i\u015f g\u00fcn\u00fc i\u00e7inde g\u00f6nderece\u011fiz.<\/p>\n<p style=\"font-weight: 400;\">\nFarkl\u0131 nakliye y\u00f6ntemleri i\u00e7in tahmini nakliye s\u00fcreleri a\u015fa\u011f\u0131daki gibidir:\n&#8211; Hava Kargo: 8-20 g\u00fcn\n&#8211; Kamyon Nakliyesi: 30-40 g\u00fcn\n&#8211; Demiryolu: 35-50 g\u00fcn\n&#8211; Deniz Nakliyesi: 50-60 g\u00fcn\n<\/p>\n<p style=\"font-weight: 400;\">\nPlease note that delivery time may be extended because of holidays, natural disasters, etc, or if the products are out of stock.\n<\/p>\n<p style=\"font-weight: 400;\">\nGerekirse l\u00fctfen m\u00fc\u015fteri hizmetlerimizle ileti\u015fime ge\u00e7in, sorunu \u00e7\u00f6zmenize yard\u0131mc\u0131 olmak i\u00e7in elimizden geleni yapaca\u011f\u0131z.\n<\/p>\t\t\t\t\t\t\t\t<\/div>\n\t\t\t\t<\/div>\n\t\t<div class=\"elementor-element elementor-element-4147271 e-con-full e-flex e-con e-child\" data-id=\"4147271\" data-element_type=\"container\">\n\t\t\t\t<div class=\"elementor-element elementor-element-a84e09f elementor-widget elementor-widget-heading\" data-id=\"a84e09f\" data-element_type=\"widget\" id=\"delay2\" data-widget_type=\"heading.default\">\n\t\t\t\t\t<h3 class=\"elementor-heading-title elementor-size-default\"><a href=\"#delay\">Paketim neden gecikiyor ve takip bilgileri g\u00fcncellenmiyor?<\/a><\/h3>\t\t\t\t<\/div>\n\t\t\t\t<div class=\"elementor-element elementor-element-0e2df9c elementor-widget elementor-widget-text-editor\" data-id=\"0e2df9c\" data-element_type=\"widget\" data-widget_type=\"text-editor.default\">\n\t\t\t\t\t\t\t\t\t<p style=\"font-weight: 400;\">Paket gecikmesi salg\u0131n durum, u\u00e7u\u015f gecikmesi, yava\u015f g\u00fcmr\u00fckleme s\u00fcreci, ulusal politika ayarlamas\u0131, tatiller ve di\u011fer m\u00fccbir sebeplerden kaynaklanabilir.<\/p><p style=\"font-weight: 400;\"><strong>\u0130pu\u00e7lar\u0131<\/strong>: Paket gecikti\u011finde, takip bilgileri belirli bir s\u00fcre i\u00e7in belirli bir d\u00fc\u011f\u00fcmde olacak ve paket bir sonraki ta\u015f\u0131ma d\u00fc\u011f\u00fcm\u00fcne ula\u015fana kadar takip bilgileri g\u00fcncellenmeyecektir.<\/p><p style=\"font-weight: 400;\"> <\/p><p style=\"font-weight: 400;\">Paketiniz gecikirse, l\u00fctfen a\u015fa\u011f\u0131daki s\u00fcre\u00e7le ilgilenin:<\/p><p style=\"font-weight: 400;\">-Paketin takip bilgilerini kontrol edin.<\/p><p style=\"font-weight: 400;\">-Teslimat s\u00fcresinin hafta sonlar\u0131 veya b\u00fcy\u00fck tatillerde olup olmad\u0131\u011f\u0131n\u0131 onaylay\u0131n.<\/p><p style=\"font-weight: 400;\">Bizden gecikme bildiren e-postalar\u0131 al\u0131p almad\u0131\u011f\u0131n\u0131z\u0131 teyit edin.<\/p><p style=\"font-weight: 400;\">-Adres ve telefon bilgilerinizin do\u011fru olup olmad\u0131\u011f\u0131n\u0131 teyit edin.<\/p><p style=\"font-weight: 400;\">\u00d6zel beyan, m\u00fccbir sebeplerden (do\u011fal afetler, \u015fiddetli hava ko\u015fullar\u0131, sava\u015f ve do\u011frudan kontrol\u00fcm\u00fcz d\u0131\u015f\u0131ndaki di\u011fer olaylar gibi) kaynaklanan paket gecikmesi sorumlulu\u011fumuz kapsam\u0131nda de\u011fildir.<\/p><p style=\"font-weight: 400;\">Daha fazla bilgi veya yard\u0131ma ihtiyac\u0131n\u0131z olursa, l\u00fctfen bizimle ileti\u015fime ge\u00e7mekten \u00e7ekinmeyin.<\/p>\t\t\t\t\t\t\t\t<\/div>\n\t\t\t\t<\/div>\n\t\t<div class=\"elementor-element elementor-element-4cd524e e-con-full e-flex e-con e-child\" data-id=\"4cd524e\" data-element_type=\"container\">\n\t\t\t\t<div class=\"elementor-element elementor-element-45b561e elementor-widget elementor-widget-heading\" data-id=\"45b561e\" data-element_type=\"widget\" id=\"modify\" data-widget_type=\"heading.default\">\n\t\t\t\t\t<h3 class=\"elementor-heading-title elementor-size-default\"><a href=\"#modify2\">Sipari\u015f verdikten sonra ki\u015fisel bilgilerimi nas\u0131l de\u011fi\u015ftirebilirim?<\/a><\/h3>\t\t\t\t<\/div>\n\t\t\t\t<div class=\"elementor-element elementor-element-60595cd elementor-widget elementor-widget-text-editor\" data-id=\"60595cd\" data-element_type=\"widget\" data-widget_type=\"text-editor.default\">\n\t\t\t\t\t\t\t\t\t<div class=\"help-detail-wrap help-detail-wrap-title\"><div class=\"detail-content\"><p style=\"font-weight: 400;\">Ba\u015far\u0131l\u0131 bir teslimat sa\u011flamak i\u00e7in, paket g\u00f6nderilmeden \u00f6nce adres ve telefon numaras\u0131 gibi ki\u015fisel bilgilerinizi de\u011fi\u015ftirmek i\u00e7in bizimle ileti\u015fime ge\u00e7meniz \u00f6nerilir. <\/p><p style=\"font-weight: 400;\">Paket g\u00f6nderilirse, de\u011fi\u015fikli\u011fi onaylamak i\u00e7in l\u00fctfen 3-5 i\u015f g\u00fcn\u00fc i\u00e7inde bizimle ileti\u015fime ge\u00e7in.<\/p><\/div><\/div>\t\t\t\t\t\t\t\t<\/div>\n\t\t\t\t<\/div>\n\t\t\t\t<\/div>\n\t\t\t\t\t<\/div>\n\t\t\t\t<\/div>\n\t\t\t\t<\/div>\n\t\t","protected":false},"excerpt":{"rendered":"<p>Nakliye K\u0131lavuzu Ne zaman teslim edilecek? Teslim edilmemesinin olas\u0131 nedenleri? Paketim neden gecikiyor ve takip bilgileri g\u00fcncellenmiyor? Sipari\u015f verdikten sonra [&hellip;]<\/p>\n","protected":false},"author":1,"featured_media":0,"parent":0,"menu_order":0,"comment_status":"closed","ping_status":"closed","template":"","meta":{"site-sidebar-layout":"no-sidebar","site-content-layout":"","ast-site-content-layout":"full-width-container","site-content-style":"default","site-sidebar-style":"default","ast-global-header-display":"","ast-banner-title-visibility":"","ast-main-header-display":"","ast-hfb-above-header-display":"","ast-hfb-below-header-display":"","ast-hfb-mobile-header-display":"","site-post-title":"disabled","ast-breadcrumbs-content":"","ast-featured-img":"disabled","footer-sml-layout":"","theme-transparent-header-meta":"","adv-header-id-meta":"","stick-header-meta":"","header-above-stick-meta":"","header-main-stick-meta":"","header-below-stick-meta":"","astra-migrate-meta-layouts":"default","ast-page-background-enabled":"default","ast-page-background-meta":{"desktop":{"background-color":"var(--ast-global-color-4)","background-image":"","background-repeat":"repeat","background-position":"center center","background-size":"auto","background-attachment":"scroll","background-type":"","background-media":"","overlay-type":"","overlay-color":"","overlay-opacity":"","overlay-gradient":""},"tablet":{"background-color":"","background-image":"","background-repeat":"repeat","background-position":"center center","background-size":"auto","background-attachment":"scroll","background-type":"","background-media":"","overlay-type":"","overlay-color":"","overlay-opacity":"","overlay-gradient":""},"mobile":{"background-color":"","background-image":"","background-repeat":"repeat","background-position":"center center","background-size":"auto","background-attachment":"scroll","background-type":"","background-media":"","overlay-type":"","overlay-color":"","overlay-opacity":"","overlay-gradient":""}},"ast-content-background-meta":{"desktop":{"background-color":"var(--ast-global-color-5)","background-image":"","background-repeat":"repeat","background-position":"center center","background-size":"auto","background-attachment":"scroll","background-type":"","background-media":"","overlay-type":"","overlay-color":"","overlay-opacity":"","overlay-gradient":""},"tablet":{"background-color":"var(--ast-global-color-5)","background-image":"","background-repeat":"repeat","background-position":"center center","background-size":"auto","background-attachment":"scroll","background-type":"","background-media":"","overlay-type":"","overlay-color":"","overlay-opacity":"","overlay-gradient":""},"mobile":{"background-color":"var(--ast-global-color-5)","background-image":"","background-repeat":"repeat","background-position":"center center","background-size":"auto","background-attachment":"scroll","background-type":"","background-media":"","overlay-type":"","overlay-color":"","overlay-opacity":"","overlay-gradient":""}},"footnotes":""},"class_list":["post-7469","page","type-page","status-publish","hentry"],"yoast_head":"<!-- This site is optimized with the Yoast SEO plugin v24.9 - https:\/\/yoast.com\/wordpress\/plugins\/seo\/ -->\r\n<title>Nakliye K\u0131lavuzu ve Politikalar\u0131 | K\u00fcresel Nakliye Bilgileri - Induzon<\/title>\r\n<meta name=\"description\" content=\"Induzon - Tam Nakliye K\u0131lavuzu. Nakliye \u00fccretlerini, teslimat s\u00fcrelerini ve sipari\u015finizi nas\u0131l takip edebilece\u011finizi g\u00f6r\u00fcnt\u00fcleyin. Global Nakliye Bilgileri\" \/>\r\n<meta name=\"robots\" content=\"index, follow, max-snippet:-1, max-image-preview:large, max-video-preview:-1\" \/>\r\n<link rel=\"canonical\" href=\"https:\/\/induzon.com\/tr\/nakliye-kilavuzu\/\" \/>\r\n<meta property=\"og:locale\" content=\"tr_TR\" \/>\r\n<meta property=\"og:type\" content=\"article\" \/>\r\n<meta property=\"og:title\" content=\"Nakliye K\u0131lavuzu ve Politikalar\u0131 | K\u00fcresel Nakliye Bilgileri - Induzon\" \/>\r\n<meta property=\"og:description\" content=\"Induzon - Tam Nakliye K\u0131lavuzu. Nakliye \u00fccretlerini, teslimat s\u00fcrelerini ve sipari\u015finizi nas\u0131l takip edebilece\u011finizi g\u00f6r\u00fcnt\u00fcleyin. Global Nakliye Bilgileri\" \/>\r\n<meta property=\"og:url\" content=\"https:\/\/induzon.com\/tr\/nakliye-kilavuzu\/\" \/>\r\n<meta property=\"og:site_name\" content=\"induzon\" \/>\r\n<meta property=\"article:modified_time\" content=\"2025-11-26T01:24:05+00:00\" \/>\r\n<meta name=\"twitter:card\" content=\"summary_large_image\" \/>\r\n<meta name=\"twitter:label1\" content=\"Tahmini okuma s\u00fcresi\" \/>\n\t<meta name=\"twitter:data1\" content=\"2 dakika\" \/>\r\n<script type=\"application\/ld+json\" class=\"yoast-schema-graph\">{\"@context\":\"https:\/\/schema.org\",\"@graph\":[{\"@type\":\"WebPage\",\"@id\":\"https:\/\/induzon.com\/tr\/nakliye-kilavuzu\/\",\"url\":\"https:\/\/induzon.com\/tr\/nakliye-kilavuzu\/\",\"name\":\"Nakliye K\u0131lavuzu ve Politikalar\u0131 | K\u00fcresel Nakliye Bilgileri - Induzon\",\"isPartOf\":{\"@id\":\"https:\/\/induzon.com\/tr\/#website\"},\"datePublished\":\"2025-01-14T08:41:40+00:00\",\"dateModified\":\"2025-11-26T01:24:05+00:00\",\"description\":\"Induzon - Tam Nakliye K\u0131lavuzu. Nakliye \u00fccretlerini, teslimat s\u00fcrelerini ve sipari\u015finizi nas\u0131l takip edebilece\u011finizi g\u00f6r\u00fcnt\u00fcleyin. Global Nakliye Bilgileri\",\"breadcrumb\":{\"@id\":\"https:\/\/induzon.com\/tr\/nakliye-kilavuzu\/#breadcrumb\"},\"inLanguage\":\"tr\",\"potentialAction\":[{\"@type\":\"ReadAction\",\"target\":[\"https:\/\/induzon.com\/tr\/nakliye-kilavuzu\/\"]}]},{\"@type\":\"BreadcrumbList\",\"@id\":\"https:\/\/induzon.com\/tr\/nakliye-kilavuzu\/#breadcrumb\",\"itemListElement\":[{\"@type\":\"ListItem\",\"position\":1,\"name\":\"\u9996\u9875\",\"item\":\"https:\/\/induzon.com\/tr\/ev\/\"},{\"@type\":\"ListItem\",\"position\":2,\"name\":\"Nakliye K\u0131lavuzu\"}]},{\"@type\":\"WebSite\",\"@id\":\"https:\/\/induzon.com\/tr\/#website\",\"url\":\"https:\/\/induzon.com\/tr\/\",\"name\":\"induzon\",\"description\":\"\",\"potentialAction\":[{\"@type\":\"SearchAction\",\"target\":{\"@type\":\"EntryPoint\",\"urlTemplate\":\"https:\/\/induzon.com\/tr\/?s={search_term_string}\"},\"query-input\":{\"@type\":\"PropertyValueSpecification\",\"valueRequired\":true,\"valueName\":\"search_term_string\"}}],\"inLanguage\":\"tr\"}]}<\/script>\r\n<!-- \/ Yoast SEO plugin. -->","yoast_head_json":{"title":"Nakliye K\u0131lavuzu ve Politikalar\u0131 | K\u00fcresel Nakliye Bilgileri - Induzon","description":"Induzon - Tam Nakliye K\u0131lavuzu. Nakliye \u00fccretlerini, teslimat s\u00fcrelerini ve sipari\u015finizi nas\u0131l takip edebilece\u011finizi g\u00f6r\u00fcnt\u00fcleyin. Global Nakliye Bilgileri","robots":{"index":"index","follow":"follow","max-snippet":"max-snippet:-1","max-image-preview":"max-image-preview:large","max-video-preview":"max-video-preview:-1"},"canonical":"https:\/\/induzon.com\/tr\/nakliye-kilavuzu\/","og_locale":"tr_TR","og_type":"article","og_title":"Nakliye K\u0131lavuzu ve Politikalar\u0131 | K\u00fcresel Nakliye Bilgileri - Induzon","og_description":"Induzon - Tam Nakliye K\u0131lavuzu. Nakliye \u00fccretlerini, teslimat s\u00fcrelerini ve sipari\u015finizi nas\u0131l takip edebilece\u011finizi g\u00f6r\u00fcnt\u00fcleyin. Global Nakliye Bilgileri","og_url":"https:\/\/induzon.com\/tr\/nakliye-kilavuzu\/","og_site_name":"induzon","article_modified_time":"2025-11-26T01:24:05+00:00","twitter_card":"summary_large_image","twitter_misc":{"Tahmini okuma s\u00fcresi":"2 dakika"},"schema":{"@context":"https:\/\/schema.org","@graph":[{"@type":"WebPage","@id":"https:\/\/induzon.com\/tr\/nakliye-kilavuzu\/","url":"https:\/\/induzon.com\/tr\/nakliye-kilavuzu\/","name":"Nakliye K\u0131lavuzu ve Politikalar\u0131 | K\u00fcresel Nakliye Bilgileri - Induzon","isPartOf":{"@id":"https:\/\/induzon.com\/tr\/#website"},"datePublished":"2025-01-14T08:41:40+00:00","dateModified":"2025-11-26T01:24:05+00:00","description":"Induzon - Tam Nakliye K\u0131lavuzu. Nakliye \u00fccretlerini, teslimat s\u00fcrelerini ve sipari\u015finizi nas\u0131l takip edebilece\u011finizi g\u00f6r\u00fcnt\u00fcleyin. Global Nakliye Bilgileri","breadcrumb":{"@id":"https:\/\/induzon.com\/tr\/nakliye-kilavuzu\/#breadcrumb"},"inLanguage":"tr","potentialAction":[{"@type":"ReadAction","target":["https:\/\/induzon.com\/tr\/nakliye-kilavuzu\/"]}]},{"@type":"BreadcrumbList","@id":"https:\/\/induzon.com\/tr\/nakliye-kilavuzu\/#breadcrumb","itemListElement":[{"@type":"ListItem","position":1,"name":"\u9996\u9875","item":"https:\/\/induzon.com\/tr\/ev\/"},{"@type":"ListItem","position":2,"name":"Nakliye K\u0131lavuzu"}]},{"@type":"WebSite","@id":"https:\/\/induzon.com\/tr\/#website","url":"https:\/\/induzon.com\/tr\/","name":"induzon","description":"","potentialAction":[{"@type":"SearchAction","target":{"@type":"EntryPoint","urlTemplate":"https:\/\/induzon.com\/tr\/?s={search_term_string}"},"query-input":{"@type":"PropertyValueSpecification","valueRequired":true,"valueName":"search_term_string"}}],"inLanguage":"tr"}]}},"_links":{"self":[{"href":"https:\/\/induzon.com\/tr\/wp-json\/wp\/v2\/pages\/7469","targetHints":{"allow":["GET"]}}],"collection":[{"href":"https:\/\/induzon.com\/tr\/wp-json\/wp\/v2\/pages"}],"about":[{"href":"https:\/\/induzon.com\/tr\/wp-json\/wp\/v2\/types\/page"}],"author":[{"embeddable":true,"href":"https:\/\/induzon.com\/tr\/wp-json\/wp\/v2\/users\/1"}],"replies":[{"embeddable":true,"href":"https:\/\/induzon.com\/tr\/wp-json\/wp\/v2\/comments?post=7469"}],"version-history":[{"count":2,"href":"https:\/\/induzon.com\/tr\/wp-json\/wp\/v2\/pages\/7469\/revisions"}],"predecessor-version":[{"id":30760,"href":"https:\/\/induzon.com\/tr\/wp-json\/wp\/v2\/pages\/7469\/revisions\/30760"}],"wp:attachment":[{"href":"https:\/\/induzon.com\/tr\/wp-json\/wp\/v2\/media?parent=7469"}],"curies":[{"name":"wp","href":"https:\/\/api.w.org\/{rel}","templated":true}]}}