{"id":10607,"date":"2025-06-19T13:13:17","date_gmt":"2025-06-19T05:13:17","guid":{"rendered":"https:\/\/induzon.com\/shop\/masaustu-lazer-markalama-makinesi-fiber-lazer-markalama-makinesi-icin-metal-el-tipi-fiber-lazer-mini-lazer-marker-tasinabilir-el-tipi-demir-fiber-lazer-gravur-lazer-kesici-lazer-tupu-lazer-guc-kaynagi\/"},"modified":"2026-01-08T15:29:55","modified_gmt":"2026-01-08T07:29:55","slug":"masaustu-lazer-markalama-makinesi-fiber-lazer-markalama-makinesi-icin-metal-el-tipi-fiber-lazer-mini-lazer-marker-tasinabilir-el-tipi-demir-fiber-lazer-gravur-lazer-kesici-lazer-tupu-lazer-guc-kaynagi","status":"publish","type":"product","link":"https:\/\/induzon.com\/tr\/shop\/masaustu-lazer-markalama-makinesi-fiber-lazer-markalama-makinesi-icin-metal-el-tipi-fiber-lazer-mini-lazer-marker-tasinabilir-el-tipi-demir-fiber-lazer-gravur-lazer-kesici-lazer-tupu-lazer-guc-kaynagi\/","title":{"rendered":"Masa\u00fcst\u00fc Lazer Markalama Makinesi Fiber Lazer Markalama Makinesi i\u00e7in Metal El Tipi Fiber Lazer Mini Lazer Marker Ta\u015f\u0131nabilir El Tipi Demir Fiber Lazer Grav\u00fcr Lazer Kesici Lazer T\u00fcp\u00fc Lazer G\u00fc\u00e7 Kayna\u011f\u0131 Lazer \u0130\u015faretleme Makinesi Elde Masa\u00fcst\u00fc Lazer CNC"},"content":{"rendered":"<p>1.Y\u00fcksek hassasiyetli lazer i\u015faretleme makinesi ile metallerde kal\u0131c\u0131 ve keskin i\u015faretlemeler yap\u0131n.<br \/>\n2.Ta\u015f\u0131nabilir ve kullan\u0131m\u0131 kolay tasar\u0131m\u0131yla her yerde lazer i\u015faretleme yapabilme avantaj\u0131.<br \/>\n3.Otomatik lazer i\u015faretleme \u00f6zelli\u011fi sayesinde seri \u00fcretimde zaman ve i\u015f g\u00fcc\u00fcnden tasarruf edin.<br \/>\n4.Dayan\u0131kl\u0131 metal g\u00f6vde ve uzun \u00f6m\u00fcrl\u00fc lazer teknolojisi ile g\u00fcvenilir performans sunar.<br \/>\n5.K\u00fc\u00e7\u00fck ve hafif tasar\u0131m\u0131yla \u00f6zellikle dar alanlarda kullan\u0131m i\u00e7in idealdir.<\/p>\n","protected":false},"excerpt":{"rendered":"<p>Masa\u00fcst\u00fc Lazer Markalama Makinesi Fiber Lazer Markalama Makinesi i\u00e7in Metal El Tipi Fiber Lazer Mini Lazer Marker Ta\u015f\u0131nabilir El Tipi Demir Fiber Lazer Grav\u00fcr Lazer Kesici Lazer T\u00fcp\u00fc Lazer G\u00fc\u00e7 Kayna\u011f\u0131 Lazer \u0130\u015faretleme Makinesi Elde Masa\u00fcst\u00fc Lazer CNC<\/p>\n","protected":false},"featured_media":10555,"comment_status":"open","ping_status":"closed","template":"","meta":{"site-sidebar-layout":"default","site-content-layout":"","ast-site-content-layout":"default","site-content-style":"default","site-sidebar-style":"default","ast-global-header-display":"","ast-banner-title-visibility":"","ast-main-header-display":"","ast-hfb-above-header-display":"","ast-hfb-below-header-display":"","ast-hfb-mobile-header-display":"","site-post-title":"","ast-breadcrumbs-content":"","ast-featured-img":"","footer-sml-layout":"","theme-transparent-header-meta":"default","adv-header-id-meta":"","stick-header-meta":"","header-above-stick-meta":"","header-main-stick-meta":"","header-below-stick-meta":"","astra-migrate-meta-layouts":"set","ast-page-background-enabled":"default","ast-page-background-meta":{"desktop":{"background-color":"var(--ast-global-color-4)","background-image":"","background-repeat":"repeat","background-position":"center center","background-size":"auto","background-attachment":"scroll","background-type":"","background-media":"","overlay-type":"","overlay-color":"","overlay-opacity":"","overlay-gradient":""},"tablet":{"background-color":"","background-image":"","background-repeat":"repeat","background-position":"center center","background-size":"auto","background-attachment":"scroll","background-type":"","background-media":"","overlay-type":"","overlay-color":"","overlay-opacity":"","overlay-gradient":""},"mobile":{"background-color":"","background-image":"","background-repeat":"repeat","background-position":"center center","background-size":"auto","background-attachment":"scroll","background-type":"","background-media":"","overlay-type":"","overlay-color":"","overlay-opacity":"","overlay-gradient":""}},"ast-content-background-meta":{"desktop":{"background-color":"var(--ast-global-color-5)","background-image":"","background-repeat":"repeat","background-position":"center center","background-size":"auto","background-attachment":"scroll","background-type":"","background-media":"","overlay-type":"","overlay-color":"","overlay-opacity":"","overlay-gradient":""},"tablet":{"background-color":"var(--ast-global-color-5)","background-image":"","background-repeat":"repeat","background-position":"center center","background-size":"auto","background-attachment":"scroll","background-type":"","background-media":"","overlay-type":"","overlay-color":"","overlay-opacity":"","overlay-gradient":""},"mobile":{"background-color":"var(--ast-global-color-5)","background-image":"","background-repeat":"repeat","background-position":"center center","background-size":"auto","background-attachment":"scroll","background-type":"","background-media":"","overlay-type":"","overlay-color":"","overlay-opacity":"","overlay-gradient":""}}},"product_brand":[],"product_cat":[1085,1177],"product_tag":[1178],"class_list":{"0":"post-10607","1":"product","2":"type-product","3":"status-publish","4":"has-post-thumbnail","6":"product_cat-endustriyel-ve-ticari-ekipmanlar","7":"product_cat-lazer-isaretleyici","8":"product_tag-lazer-isaretleyici","9":"desktop-align-left","10":"tablet-align-left","11":"mobile-align-left","13":"first","14":"instock","15":"sale","16":"shipping-taxable","17":"purchasable","18":"product-type-variable"},"yoast_head":"<!-- This site is optimized with the Yoast SEO plugin v24.9 - https:\/\/yoast.com\/wordpress\/plugins\/seo\/ -->\r\n<title>Metal Masa\u00fcst\u00fc Ta\u015f\u0131nabilir Lazer Kaz\u0131ma Makinesi -Induzon<\/title>\r\n<meta name=\"description\" content=\"Metal lazer markalama makinesi, el tipi fiber lazer ve ta\u015f\u0131nabilir lazer i\u015faretleme makinesi. Mini fiber lazer grav\u00fcr \u00e7\u00f6z\u00fcmlerimizi ke\u015ffedin.\" \/>\r\n<meta name=\"robots\" content=\"index, follow, max-snippet:-1, max-image-preview:large, max-video-preview:-1\" \/>\r\n<link rel=\"canonical\" href=\"https:\/\/induzon.com\/tr\/shop\/masaustu-lazer-markalama-makinesi-fiber-lazer-markalama-makinesi-icin-metal-el-tipi-fiber-lazer-mini-lazer-marker-tasinabilir-el-tipi-demir-fiber-lazer-gravur-lazer-kesici-lazer-tupu-lazer-guc-kaynagi\/\" \/>\r\n<meta property=\"og:locale\" content=\"tr_TR\" \/>\r\n<meta property=\"og:type\" content=\"article\" \/>\r\n<meta property=\"og:title\" content=\"Metal Masa\u00fcst\u00fc Ta\u015f\u0131nabilir Lazer Kaz\u0131ma Makinesi -Induzon\" \/>\r\n<meta property=\"og:description\" content=\"Metal lazer markalama makinesi, el tipi fiber lazer ve ta\u015f\u0131nabilir lazer i\u015faretleme makinesi. Mini fiber lazer grav\u00fcr \u00e7\u00f6z\u00fcmlerimizi ke\u015ffedin.\" \/>\r\n<meta property=\"og:url\" content=\"https:\/\/induzon.com\/tr\/shop\/masaustu-lazer-markalama-makinesi-fiber-lazer-markalama-makinesi-icin-metal-el-tipi-fiber-lazer-mini-lazer-marker-tasinabilir-el-tipi-demir-fiber-lazer-gravur-lazer-kesici-lazer-tupu-lazer-guc-kaynagi\/\" \/>\r\n<meta property=\"og:site_name\" content=\"induzon\" \/>\r\n<meta property=\"article:modified_time\" content=\"2026-01-08T07:29:55+00:00\" \/>\r\n<meta property=\"og:image\" content=\"https:\/\/induzon.com\/wp-content\/uploads\/2025\/06\/\u56fe-1-\u5927\u684c\u9762.jpg\" \/>\r\n\t<meta property=\"og:image:width\" content=\"1500\" \/>\r\n\t<meta property=\"og:image:height\" content=\"1500\" \/>\r\n\t<meta property=\"og:image:type\" content=\"image\/jpeg\" \/>\r\n<meta name=\"twitter:card\" content=\"summary_large_image\" \/>\r\n<meta name=\"twitter:label1\" content=\"Tahmini okuma s\u00fcresi\" \/>\n\t<meta name=\"twitter:data1\" content=\"1 dakika\" \/>\r\n<script type=\"application\/ld+json\" class=\"yoast-schema-graph\">{\"@context\":\"https:\/\/schema.org\",\"@graph\":[{\"@type\":\"WebPage\",\"@id\":\"https:\/\/induzon.com\/tr\/shop\/masaustu-lazer-markalama-makinesi-fiber-lazer-markalama-makinesi-icin-metal-el-tipi-fiber-lazer-mini-lazer-marker-tasinabilir-el-tipi-demir-fiber-lazer-gravur-lazer-kesici-lazer-tupu-lazer-guc-kaynagi\/\",\"url\":\"https:\/\/induzon.com\/tr\/shop\/masaustu-lazer-markalama-makinesi-fiber-lazer-markalama-makinesi-icin-metal-el-tipi-fiber-lazer-mini-lazer-marker-tasinabilir-el-tipi-demir-fiber-lazer-gravur-lazer-kesici-lazer-tupu-lazer-guc-kaynagi\/\",\"name\":\"Metal Masa\u00fcst\u00fc Ta\u015f\u0131nabilir Lazer Kaz\u0131ma Makinesi -Induzon\",\"isPartOf\":{\"@id\":\"https:\/\/induzon.com\/tr\/#website\"},\"primaryImageOfPage\":{\"@id\":\"https:\/\/induzon.com\/tr\/shop\/masaustu-lazer-markalama-makinesi-fiber-lazer-markalama-makinesi-icin-metal-el-tipi-fiber-lazer-mini-lazer-marker-tasinabilir-el-tipi-demir-fiber-lazer-gravur-lazer-kesici-lazer-tupu-lazer-guc-kaynagi\/#primaryimage\"},\"image\":{\"@id\":\"https:\/\/induzon.com\/tr\/shop\/masaustu-lazer-markalama-makinesi-fiber-lazer-markalama-makinesi-icin-metal-el-tipi-fiber-lazer-mini-lazer-marker-tasinabilir-el-tipi-demir-fiber-lazer-gravur-lazer-kesici-lazer-tupu-lazer-guc-kaynagi\/#primaryimage\"},\"thumbnailUrl\":\"https:\/\/induzon.com\/wp-content\/uploads\/2025\/06\/\u56fe-1-\u5927\u684c\u9762.jpg\",\"datePublished\":\"2025-06-19T05:13:17+00:00\",\"dateModified\":\"2026-01-08T07:29:55+00:00\",\"description\":\"Metal lazer markalama makinesi, el tipi fiber lazer ve ta\u015f\u0131nabilir lazer i\u015faretleme makinesi. Mini fiber lazer grav\u00fcr \u00e7\u00f6z\u00fcmlerimizi ke\u015ffedin.\",\"breadcrumb\":{\"@id\":\"https:\/\/induzon.com\/tr\/shop\/masaustu-lazer-markalama-makinesi-fiber-lazer-markalama-makinesi-icin-metal-el-tipi-fiber-lazer-mini-lazer-marker-tasinabilir-el-tipi-demir-fiber-lazer-gravur-lazer-kesici-lazer-tupu-lazer-guc-kaynagi\/#breadcrumb\"},\"inLanguage\":\"tr\",\"potentialAction\":[{\"@type\":\"ReadAction\",\"target\":[\"https:\/\/induzon.com\/tr\/shop\/masaustu-lazer-markalama-makinesi-fiber-lazer-markalama-makinesi-icin-metal-el-tipi-fiber-lazer-mini-lazer-marker-tasinabilir-el-tipi-demir-fiber-lazer-gravur-lazer-kesici-lazer-tupu-lazer-guc-kaynagi\/\"]}]},{\"@type\":\"ImageObject\",\"inLanguage\":\"tr\",\"@id\":\"https:\/\/induzon.com\/tr\/shop\/masaustu-lazer-markalama-makinesi-fiber-lazer-markalama-makinesi-icin-metal-el-tipi-fiber-lazer-mini-lazer-marker-tasinabilir-el-tipi-demir-fiber-lazer-gravur-lazer-kesici-lazer-tupu-lazer-guc-kaynagi\/#primaryimage\",\"url\":\"https:\/\/induzon.com\/wp-content\/uploads\/2025\/06\/\u56fe-1-\u5927\u684c\u9762.jpg\",\"contentUrl\":\"https:\/\/induzon.com\/wp-content\/uploads\/2025\/06\/\u56fe-1-\u5927\u684c\u9762.jpg\",\"width\":1500,\"height\":1500,\"caption\":\"Metal i\u00e7in masa\u00fcst\u00fc lazer kaz\u0131ma makinesi Ta\u015f\u0131nabilir\"},{\"@type\":\"BreadcrumbList\",\"@id\":\"https:\/\/induzon.com\/tr\/shop\/masaustu-lazer-markalama-makinesi-fiber-lazer-markalama-makinesi-icin-metal-el-tipi-fiber-lazer-mini-lazer-marker-tasinabilir-el-tipi-demir-fiber-lazer-gravur-lazer-kesici-lazer-tupu-lazer-guc-kaynagi\/#breadcrumb\",\"itemListElement\":[{\"@type\":\"ListItem\",\"position\":1,\"name\":\"\u9996\u9875\",\"item\":\"https:\/\/induzon.com\/tr\/ev\/\"},{\"@type\":\"ListItem\",\"position\":2,\"name\":\"Ma\u011faza\",\"item\":\"https:\/\/induzon.com\/tr\/magaza\/\"},{\"@type\":\"ListItem\",\"position\":3,\"name\":\"Masa\u00fcst\u00fc Lazer Markalama Makinesi Fiber Lazer Markalama Makinesi i\u00e7in Metal El Tipi Fiber Lazer Mini Lazer Marker Ta\u015f\u0131nabilir El Tipi Demir Fiber Lazer Grav\u00fcr Lazer Kesici Lazer T\u00fcp\u00fc Lazer G\u00fc\u00e7 Kayna\u011f\u0131 Lazer \u0130\u015faretleme Makinesi Elde Masa\u00fcst\u00fc Lazer CNC\"}]},{\"@type\":\"WebSite\",\"@id\":\"https:\/\/induzon.com\/tr\/#website\",\"url\":\"https:\/\/induzon.com\/tr\/\",\"name\":\"induzon\",\"description\":\"\",\"potentialAction\":[{\"@type\":\"SearchAction\",\"target\":{\"@type\":\"EntryPoint\",\"urlTemplate\":\"https:\/\/induzon.com\/tr\/?s={search_term_string}\"},\"query-input\":{\"@type\":\"PropertyValueSpecification\",\"valueRequired\":true,\"valueName\":\"search_term_string\"}}],\"inLanguage\":\"tr\"}]}<\/script>\r\n<!-- \/ Yoast SEO plugin. -->","yoast_head_json":{"title":"Metal Masa\u00fcst\u00fc Ta\u015f\u0131nabilir Lazer Kaz\u0131ma Makinesi -Induzon","description":"Metal lazer markalama makinesi, el tipi fiber lazer ve ta\u015f\u0131nabilir lazer i\u015faretleme makinesi. Mini fiber lazer grav\u00fcr \u00e7\u00f6z\u00fcmlerimizi ke\u015ffedin.","robots":{"index":"index","follow":"follow","max-snippet":"max-snippet:-1","max-image-preview":"max-image-preview:large","max-video-preview":"max-video-preview:-1"},"canonical":"https:\/\/induzon.com\/tr\/shop\/masaustu-lazer-markalama-makinesi-fiber-lazer-markalama-makinesi-icin-metal-el-tipi-fiber-lazer-mini-lazer-marker-tasinabilir-el-tipi-demir-fiber-lazer-gravur-lazer-kesici-lazer-tupu-lazer-guc-kaynagi\/","og_locale":"tr_TR","og_type":"article","og_title":"Metal Masa\u00fcst\u00fc Ta\u015f\u0131nabilir Lazer Kaz\u0131ma Makinesi -Induzon","og_description":"Metal lazer markalama makinesi, el tipi fiber lazer ve ta\u015f\u0131nabilir lazer i\u015faretleme makinesi. Mini fiber lazer grav\u00fcr \u00e7\u00f6z\u00fcmlerimizi ke\u015ffedin.","og_url":"https:\/\/induzon.com\/tr\/shop\/masaustu-lazer-markalama-makinesi-fiber-lazer-markalama-makinesi-icin-metal-el-tipi-fiber-lazer-mini-lazer-marker-tasinabilir-el-tipi-demir-fiber-lazer-gravur-lazer-kesici-lazer-tupu-lazer-guc-kaynagi\/","og_site_name":"induzon","article_modified_time":"2026-01-08T07:29:55+00:00","og_image":[{"width":1500,"height":1500,"url":"https:\/\/induzon.com\/wp-content\/uploads\/2025\/06\/\u56fe-1-\u5927\u684c\u9762.jpg","type":"image\/jpeg"}],"twitter_card":"summary_large_image","twitter_misc":{"Tahmini okuma s\u00fcresi":"1 dakika"},"schema":{"@context":"https:\/\/schema.org","@graph":[{"@type":"WebPage","@id":"https:\/\/induzon.com\/tr\/shop\/masaustu-lazer-markalama-makinesi-fiber-lazer-markalama-makinesi-icin-metal-el-tipi-fiber-lazer-mini-lazer-marker-tasinabilir-el-tipi-demir-fiber-lazer-gravur-lazer-kesici-lazer-tupu-lazer-guc-kaynagi\/","url":"https:\/\/induzon.com\/tr\/shop\/masaustu-lazer-markalama-makinesi-fiber-lazer-markalama-makinesi-icin-metal-el-tipi-fiber-lazer-mini-lazer-marker-tasinabilir-el-tipi-demir-fiber-lazer-gravur-lazer-kesici-lazer-tupu-lazer-guc-kaynagi\/","name":"Metal Masa\u00fcst\u00fc Ta\u015f\u0131nabilir Lazer Kaz\u0131ma Makinesi -Induzon","isPartOf":{"@id":"https:\/\/induzon.com\/tr\/#website"},"primaryImageOfPage":{"@id":"https:\/\/induzon.com\/tr\/shop\/masaustu-lazer-markalama-makinesi-fiber-lazer-markalama-makinesi-icin-metal-el-tipi-fiber-lazer-mini-lazer-marker-tasinabilir-el-tipi-demir-fiber-lazer-gravur-lazer-kesici-lazer-tupu-lazer-guc-kaynagi\/#primaryimage"},"image":{"@id":"https:\/\/induzon.com\/tr\/shop\/masaustu-lazer-markalama-makinesi-fiber-lazer-markalama-makinesi-icin-metal-el-tipi-fiber-lazer-mini-lazer-marker-tasinabilir-el-tipi-demir-fiber-lazer-gravur-lazer-kesici-lazer-tupu-lazer-guc-kaynagi\/#primaryimage"},"thumbnailUrl":"https:\/\/induzon.com\/wp-content\/uploads\/2025\/06\/\u56fe-1-\u5927\u684c\u9762.jpg","datePublished":"2025-06-19T05:13:17+00:00","dateModified":"2026-01-08T07:29:55+00:00","description":"Metal lazer markalama makinesi, el tipi fiber lazer ve ta\u015f\u0131nabilir lazer i\u015faretleme makinesi. Mini fiber lazer grav\u00fcr \u00e7\u00f6z\u00fcmlerimizi ke\u015ffedin.","breadcrumb":{"@id":"https:\/\/induzon.com\/tr\/shop\/masaustu-lazer-markalama-makinesi-fiber-lazer-markalama-makinesi-icin-metal-el-tipi-fiber-lazer-mini-lazer-marker-tasinabilir-el-tipi-demir-fiber-lazer-gravur-lazer-kesici-lazer-tupu-lazer-guc-kaynagi\/#breadcrumb"},"inLanguage":"tr","potentialAction":[{"@type":"ReadAction","target":["https:\/\/induzon.com\/tr\/shop\/masaustu-lazer-markalama-makinesi-fiber-lazer-markalama-makinesi-icin-metal-el-tipi-fiber-lazer-mini-lazer-marker-tasinabilir-el-tipi-demir-fiber-lazer-gravur-lazer-kesici-lazer-tupu-lazer-guc-kaynagi\/"]}]},{"@type":"ImageObject","inLanguage":"tr","@id":"https:\/\/induzon.com\/tr\/shop\/masaustu-lazer-markalama-makinesi-fiber-lazer-markalama-makinesi-icin-metal-el-tipi-fiber-lazer-mini-lazer-marker-tasinabilir-el-tipi-demir-fiber-lazer-gravur-lazer-kesici-lazer-tupu-lazer-guc-kaynagi\/#primaryimage","url":"https:\/\/induzon.com\/wp-content\/uploads\/2025\/06\/\u56fe-1-\u5927\u684c\u9762.jpg","contentUrl":"https:\/\/induzon.com\/wp-content\/uploads\/2025\/06\/\u56fe-1-\u5927\u684c\u9762.jpg","width":1500,"height":1500,"caption":"Metal i\u00e7in masa\u00fcst\u00fc lazer kaz\u0131ma makinesi Ta\u015f\u0131nabilir"},{"@type":"BreadcrumbList","@id":"https:\/\/induzon.com\/tr\/shop\/masaustu-lazer-markalama-makinesi-fiber-lazer-markalama-makinesi-icin-metal-el-tipi-fiber-lazer-mini-lazer-marker-tasinabilir-el-tipi-demir-fiber-lazer-gravur-lazer-kesici-lazer-tupu-lazer-guc-kaynagi\/#breadcrumb","itemListElement":[{"@type":"ListItem","position":1,"name":"\u9996\u9875","item":"https:\/\/induzon.com\/tr\/ev\/"},{"@type":"ListItem","position":2,"name":"Ma\u011faza","item":"https:\/\/induzon.com\/tr\/magaza\/"},{"@type":"ListItem","position":3,"name":"Masa\u00fcst\u00fc Lazer Markalama Makinesi Fiber Lazer Markalama Makinesi i\u00e7in Metal El Tipi Fiber Lazer Mini Lazer Marker Ta\u015f\u0131nabilir El Tipi Demir Fiber Lazer Grav\u00fcr Lazer Kesici Lazer T\u00fcp\u00fc Lazer G\u00fc\u00e7 Kayna\u011f\u0131 Lazer \u0130\u015faretleme Makinesi Elde Masa\u00fcst\u00fc Lazer CNC"}]},{"@type":"WebSite","@id":"https:\/\/induzon.com\/tr\/#website","url":"https:\/\/induzon.com\/tr\/","name":"induzon","description":"","potentialAction":[{"@type":"SearchAction","target":{"@type":"EntryPoint","urlTemplate":"https:\/\/induzon.com\/tr\/?s={search_term_string}"},"query-input":{"@type":"PropertyValueSpecification","valueRequired":true,"valueName":"search_term_string"}}],"inLanguage":"tr"}]}},"_links":{"self":[{"href":"https:\/\/induzon.com\/tr\/wp-json\/wp\/v2\/product\/10607","targetHints":{"allow":["GET"]}}],"collection":[{"href":"https:\/\/induzon.com\/tr\/wp-json\/wp\/v2\/product"}],"about":[{"href":"https:\/\/induzon.com\/tr\/wp-json\/wp\/v2\/types\/product"}],"replies":[{"embeddable":true,"href":"https:\/\/induzon.com\/tr\/wp-json\/wp\/v2\/comments?post=10607"}],"version-history":[{"count":2,"href":"https:\/\/induzon.com\/tr\/wp-json\/wp\/v2\/product\/10607\/revisions"}],"predecessor-version":[{"id":32824,"href":"https:\/\/induzon.com\/tr\/wp-json\/wp\/v2\/product\/10607\/revisions\/32824"}],"wp:featuredmedia":[{"embeddable":true,"href":"https:\/\/induzon.com\/tr\/wp-json\/wp\/v2\/media\/10555"}],"wp:attachment":[{"href":"https:\/\/induzon.com\/tr\/wp-json\/wp\/v2\/media?parent=10607"}],"wp:term":[{"taxonomy":"product_brand","embeddable":true,"href":"https:\/\/induzon.com\/tr\/wp-json\/wp\/v2\/product_brand?post=10607"},{"taxonomy":"product_cat","embeddable":true,"href":"https:\/\/induzon.com\/tr\/wp-json\/wp\/v2\/product_cat?post=10607"},{"taxonomy":"product_tag","embeddable":true,"href":"https:\/\/induzon.com\/tr\/wp-json\/wp\/v2\/product_tag?post=10607"}],"curies":[{"name":"wp","href":"https:\/\/api.w.org\/{rel}","templated":true}]}}