{"id":11198,"date":"2025-06-20T13:26:00","date_gmt":"2025-06-20T05:26:00","guid":{"rendered":"https:\/\/induzon.com\/shop\/dolap-alti-kagit-tabak-tutucu-icin-kamp-mutfak-plastik-kagit-tabak-organizatoru-yeniden-kullanilabilir-kagit-tabak-tutucu-akrilik-kagit-plaka-organizatoru-rulo-kagit-havlu-tutucu-rulo-kagit-havluluk-r\/"},"modified":"2026-01-07T15:07:48","modified_gmt":"2026-01-07T07:07:48","slug":"dolap-alti-kagit-tabak-tutucu-icin-kamp-mutfak-plastik-kagit-tabak-organizatoru-yeniden-kullanilabilir-kagit-tabak-tutucu-akrilik-kagit-plaka-organizatoru-rulo-kagit-havlu-tutucu-rulo-kagit-havluluk-r","status":"publish","type":"product","link":"https:\/\/induzon.com\/tr\/shop\/dolap-alti-kagit-tabak-tutucu-icin-kamp-mutfak-plastik-kagit-tabak-organizatoru-yeniden-kullanilabilir-kagit-tabak-tutucu-akrilik-kagit-plaka-organizatoru-rulo-kagit-havlu-tutucu-rulo-kagit-havluluk-r\/","title":{"rendered":"Dolap Alt\u0131 Ka\u011f\u0131t Tabak Tutucu i\u00e7in Kamp Mutfak Plastik Ka\u011f\u0131t Tabak Organizat\u00f6r\u00fc Yeniden Kullan\u0131labilir Ka\u011f\u0131t Tabak Tutucu Akrilik Ka\u011f\u0131t Plaka Organizat\u00f6r\u00fc Rulo Ka\u011f\u0131t Havlu Tutucu Rulo Ka\u011f\u0131t Havluluk Rulo Ka\u011f\u0131t Havlu Aparat\u0131 Rulo Havlu Tutucu Rulo Havluluk Tabak Tutucu"},"content":{"rendered":"<p>1.Pratik ve kullan\u0131\u015fl\u0131 tasar\u0131m\u0131yla dairesel ka\u011f\u0131t tabaklar\u0131n\u0131z\u0131 d\u00fczenli bir \u015fekilde saklaman\u0131z\u0131 sa\u011flar.<br \/>\n2.Kabin alt\u0131na kolayca monte edilebilir, kendinden yap\u0131\u015fkanl\u0131 \u00f6zelli\u011fi sayesinde kurulumu zahmetsizdir.<br \/>\n3.Sa\u011flam plastik malzemesiyle uzun \u00f6m\u00fcrl\u00fc kullan\u0131m sunar, kamp ve seyahatler i\u00e7in idealdir.<br \/>\n4.Kompakt tasar\u0131m\u0131yla mutfak, karavan veya kamp\u00e7\u0131l\u0131k i\u00e7in m\u00fckemmel bir depolama \u00e7\u00f6z\u00fcm\u00fcd\u00fcr.<br \/>\n5.Kolay eri\u015fim sa\u011flayan a\u00e7\u0131k tasar\u0131m\u0131yla ka\u011f\u0131t tabaklar\u0131n\u0131z\u0131 h\u0131zl\u0131 ve pratik bir \u015fekilde alman\u0131za olanak tan\u0131r.<\/p>\n","protected":false},"excerpt":{"rendered":"<p>Dolap Alt\u0131 Ka\u011f\u0131t Tabak Tutucu i\u00e7in Kamp Mutfak Plastik Ka\u011f\u0131t Tabak Organizat\u00f6r\u00fc Yeniden Kullan\u0131labilir Ka\u011f\u0131t Tabak Tutucu Akrilik Ka\u011f\u0131t Plaka Organizat\u00f6r\u00fc Rulo Ka\u011f\u0131t Havlu Tutucu Rulo Ka\u011f\u0131t Havluluk Rulo Ka\u011f\u0131t Havlu Aparat\u0131 Rulo Havlu Tutucu Rulo Havluluk Tabak Tutucu<\/p>\n","protected":false},"featured_media":11110,"comment_status":"open","ping_status":"closed","template":"","meta":{"site-sidebar-layout":"default","site-content-layout":"","ast-site-content-layout":"default","site-content-style":"default","site-sidebar-style":"default","ast-global-header-display":"","ast-banner-title-visibility":"","ast-main-header-display":"","ast-hfb-above-header-display":"","ast-hfb-below-header-display":"","ast-hfb-mobile-header-display":"","site-post-title":"","ast-breadcrumbs-content":"","ast-featured-img":"","footer-sml-layout":"","theme-transparent-header-meta":"default","adv-header-id-meta":"","stick-header-meta":"","header-above-stick-meta":"","header-main-stick-meta":"","header-below-stick-meta":"","astra-migrate-meta-layouts":"default","ast-page-background-enabled":"default","ast-page-background-meta":{"desktop":{"background-color":"var(--ast-global-color-4)","background-image":"","background-repeat":"repeat","background-position":"center center","background-size":"auto","background-attachment":"scroll","background-type":"","background-media":"","overlay-type":"","overlay-color":"","overlay-opacity":"","overlay-gradient":""},"tablet":{"background-color":"","background-image":"","background-repeat":"repeat","background-position":"center center","background-size":"auto","background-attachment":"scroll","background-type":"","background-media":"","overlay-type":"","overlay-color":"","overlay-opacity":"","overlay-gradient":""},"mobile":{"background-color":"","background-image":"","background-repeat":"repeat","background-position":"center center","background-size":"auto","background-attachment":"scroll","background-type":"","background-media":"","overlay-type":"","overlay-color":"","overlay-opacity":"","overlay-gradient":""}},"ast-content-background-meta":{"desktop":{"background-color":"var(--ast-global-color-5)","background-image":"","background-repeat":"repeat","background-position":"center center","background-size":"auto","background-attachment":"scroll","background-type":"","background-media":"","overlay-type":"","overlay-color":"","overlay-opacity":"","overlay-gradient":""},"tablet":{"background-color":"var(--ast-global-color-5)","background-image":"","background-repeat":"repeat","background-position":"center center","background-size":"auto","background-attachment":"scroll","background-type":"","background-media":"","overlay-type":"","overlay-color":"","overlay-opacity":"","overlay-gradient":""},"mobile":{"background-color":"var(--ast-global-color-5)","background-image":"","background-repeat":"repeat","background-position":"center center","background-size":"auto","background-attachment":"scroll","background-type":"","background-media":"","overlay-type":"","overlay-color":"","overlay-opacity":"","overlay-gradient":""}}},"product_brand":[],"product_cat":[923,1203],"product_tag":[1204],"class_list":{"0":"post-11198","1":"product","2":"type-product","3":"status-publish","4":"has-post-thumbnail","6":"product_cat-ev-mutfak","7":"product_cat-mutfak-deposu","8":"product_tag-catal-bicak-deposu","9":"desktop-align-left","10":"tablet-align-left","11":"mobile-align-left","13":"first","14":"instock","15":"sale","16":"shipping-taxable","17":"purchasable","18":"product-type-simple"},"yoast_head":"<!-- This site is optimized with the Yoast SEO plugin v24.9 - https:\/\/yoast.com\/wordpress\/plugins\/seo\/ -->\r\n<title>Kendinden Yap\u0131\u015fkanl\u0131 Dolap Alt\u0131 Ka\u011f\u0131t Tabakl\u0131k Dispenseri -Induzon<\/title>\r\n<meta name=\"description\" content=\"ka\u011f\u0131t plaka organizat\u00f6r\u00fc ka\u011f\u0131t tabak tutucu dolap alt\u0131 ka\u011f\u0131t tabak tutucu plastik ka\u011f\u0131t tabak tutucu kamp ka\u011f\u0131t tabak organizat\u00f6r\u00fc\" \/>\r\n<meta name=\"robots\" content=\"index, follow, max-snippet:-1, max-image-preview:large, max-video-preview:-1\" \/>\r\n<link rel=\"canonical\" href=\"https:\/\/induzon.com\/tr\/shop\/dolap-alti-kagit-tabak-tutucu-icin-kamp-mutfak-plastik-kagit-tabak-organizatoru-yeniden-kullanilabilir-kagit-tabak-tutucu-akrilik-kagit-plaka-organizatoru-rulo-kagit-havlu-tutucu-rulo-kagit-havluluk-r\/\" \/>\r\n<meta property=\"og:locale\" content=\"tr_TR\" \/>\r\n<meta property=\"og:type\" content=\"article\" \/>\r\n<meta property=\"og:title\" content=\"Kendinden Yap\u0131\u015fkanl\u0131 Dolap Alt\u0131 Ka\u011f\u0131t Tabakl\u0131k Dispenseri -Induzon\" \/>\r\n<meta property=\"og:description\" content=\"ka\u011f\u0131t plaka organizat\u00f6r\u00fc ka\u011f\u0131t tabak tutucu dolap alt\u0131 ka\u011f\u0131t tabak tutucu plastik ka\u011f\u0131t tabak tutucu kamp ka\u011f\u0131t tabak organizat\u00f6r\u00fc\" \/>\r\n<meta property=\"og:url\" content=\"https:\/\/induzon.com\/tr\/shop\/dolap-alti-kagit-tabak-tutucu-icin-kamp-mutfak-plastik-kagit-tabak-organizatoru-yeniden-kullanilabilir-kagit-tabak-tutucu-akrilik-kagit-plaka-organizatoru-rulo-kagit-havlu-tutucu-rulo-kagit-havluluk-r\/\" \/>\r\n<meta property=\"og:site_name\" content=\"induzon\" \/>\r\n<meta property=\"article:modified_time\" content=\"2026-01-07T07:07:48+00:00\" \/>\r\n<meta property=\"og:image\" content=\"https:\/\/induzon.com\/wp-content\/uploads\/2025\/06\/3.jpg\" \/>\r\n\t<meta property=\"og:image:width\" content=\"1500\" \/>\r\n\t<meta property=\"og:image:height\" content=\"1500\" \/>\r\n\t<meta property=\"og:image:type\" content=\"image\/jpeg\" \/>\r\n<meta name=\"twitter:card\" content=\"summary_large_image\" \/>\r\n<script type=\"application\/ld+json\" class=\"yoast-schema-graph\">{\"@context\":\"https:\/\/schema.org\",\"@graph\":[{\"@type\":\"WebPage\",\"@id\":\"https:\/\/induzon.com\/tr\/shop\/dolap-alti-kagit-tabak-tutucu-icin-kamp-mutfak-plastik-kagit-tabak-organizatoru-yeniden-kullanilabilir-kagit-tabak-tutucu-akrilik-kagit-plaka-organizatoru-rulo-kagit-havlu-tutucu-rulo-kagit-havluluk-r\/\",\"url\":\"https:\/\/induzon.com\/tr\/shop\/dolap-alti-kagit-tabak-tutucu-icin-kamp-mutfak-plastik-kagit-tabak-organizatoru-yeniden-kullanilabilir-kagit-tabak-tutucu-akrilik-kagit-plaka-organizatoru-rulo-kagit-havlu-tutucu-rulo-kagit-havluluk-r\/\",\"name\":\"Kendinden Yap\u0131\u015fkanl\u0131 Dolap Alt\u0131 Ka\u011f\u0131t Tabakl\u0131k Dispenseri -Induzon\",\"isPartOf\":{\"@id\":\"https:\/\/induzon.com\/tr\/#website\"},\"primaryImageOfPage\":{\"@id\":\"https:\/\/induzon.com\/tr\/shop\/dolap-alti-kagit-tabak-tutucu-icin-kamp-mutfak-plastik-kagit-tabak-organizatoru-yeniden-kullanilabilir-kagit-tabak-tutucu-akrilik-kagit-plaka-organizatoru-rulo-kagit-havlu-tutucu-rulo-kagit-havluluk-r\/#primaryimage\"},\"image\":{\"@id\":\"https:\/\/induzon.com\/tr\/shop\/dolap-alti-kagit-tabak-tutucu-icin-kamp-mutfak-plastik-kagit-tabak-organizatoru-yeniden-kullanilabilir-kagit-tabak-tutucu-akrilik-kagit-plaka-organizatoru-rulo-kagit-havlu-tutucu-rulo-kagit-havluluk-r\/#primaryimage\"},\"thumbnailUrl\":\"https:\/\/induzon.com\/wp-content\/uploads\/2025\/06\/3.jpg\",\"datePublished\":\"2025-06-20T05:26:00+00:00\",\"dateModified\":\"2026-01-07T07:07:48+00:00\",\"description\":\"ka\u011f\u0131t plaka organizat\u00f6r\u00fc ka\u011f\u0131t tabak tutucu dolap alt\u0131 ka\u011f\u0131t tabak tutucu plastik ka\u011f\u0131t tabak tutucu kamp ka\u011f\u0131t tabak organizat\u00f6r\u00fc\",\"breadcrumb\":{\"@id\":\"https:\/\/induzon.com\/tr\/shop\/dolap-alti-kagit-tabak-tutucu-icin-kamp-mutfak-plastik-kagit-tabak-organizatoru-yeniden-kullanilabilir-kagit-tabak-tutucu-akrilik-kagit-plaka-organizatoru-rulo-kagit-havlu-tutucu-rulo-kagit-havluluk-r\/#breadcrumb\"},\"inLanguage\":\"tr\",\"potentialAction\":[{\"@type\":\"ReadAction\",\"target\":[\"https:\/\/induzon.com\/tr\/shop\/dolap-alti-kagit-tabak-tutucu-icin-kamp-mutfak-plastik-kagit-tabak-organizatoru-yeniden-kullanilabilir-kagit-tabak-tutucu-akrilik-kagit-plaka-organizatoru-rulo-kagit-havlu-tutucu-rulo-kagit-havluluk-r\/\"]}]},{\"@type\":\"ImageObject\",\"inLanguage\":\"tr\",\"@id\":\"https:\/\/induzon.com\/tr\/shop\/dolap-alti-kagit-tabak-tutucu-icin-kamp-mutfak-plastik-kagit-tabak-organizatoru-yeniden-kullanilabilir-kagit-tabak-tutucu-akrilik-kagit-plaka-organizatoru-rulo-kagit-havlu-tutucu-rulo-kagit-havluluk-r\/#primaryimage\",\"url\":\"https:\/\/induzon.com\/wp-content\/uploads\/2025\/06\/3.jpg\",\"contentUrl\":\"https:\/\/induzon.com\/wp-content\/uploads\/2025\/06\/3.jpg\",\"width\":1500,\"height\":1500,\"caption\":\"ka\u011f\u0131t plaka organizat\u00f6r\u00fc ka\u011f\u0131t tabak tutucu dolap alt\u0131 ka\u011f\u0131t tabak tutucu plastik ka\u011f\u0131t tabak tutucu kamp ka\u011f\u0131t tabak organizat\u00f6r\u00fc\"},{\"@type\":\"BreadcrumbList\",\"@id\":\"https:\/\/induzon.com\/tr\/shop\/dolap-alti-kagit-tabak-tutucu-icin-kamp-mutfak-plastik-kagit-tabak-organizatoru-yeniden-kullanilabilir-kagit-tabak-tutucu-akrilik-kagit-plaka-organizatoru-rulo-kagit-havlu-tutucu-rulo-kagit-havluluk-r\/#breadcrumb\",\"itemListElement\":[{\"@type\":\"ListItem\",\"position\":1,\"name\":\"\u9996\u9875\",\"item\":\"https:\/\/induzon.com\/tr\/ev\/\"},{\"@type\":\"ListItem\",\"position\":2,\"name\":\"Ma\u011faza\",\"item\":\"https:\/\/induzon.com\/tr\/magaza\/\"},{\"@type\":\"ListItem\",\"position\":3,\"name\":\"Dolap Alt\u0131 Ka\u011f\u0131t Tabak Tutucu i\u00e7in Kamp Mutfak Plastik Ka\u011f\u0131t Tabak Organizat\u00f6r\u00fc Yeniden Kullan\u0131labilir Ka\u011f\u0131t Tabak Tutucu Akrilik Ka\u011f\u0131t Plaka Organizat\u00f6r\u00fc Rulo Ka\u011f\u0131t Havlu Tutucu Rulo Ka\u011f\u0131t Havluluk Rulo Ka\u011f\u0131t Havlu Aparat\u0131 Rulo Havlu Tutucu Rulo Havluluk Tabak Tutucu\"}]},{\"@type\":\"WebSite\",\"@id\":\"https:\/\/induzon.com\/tr\/#website\",\"url\":\"https:\/\/induzon.com\/tr\/\",\"name\":\"induzon\",\"description\":\"\",\"potentialAction\":[{\"@type\":\"SearchAction\",\"target\":{\"@type\":\"EntryPoint\",\"urlTemplate\":\"https:\/\/induzon.com\/tr\/?s={search_term_string}\"},\"query-input\":{\"@type\":\"PropertyValueSpecification\",\"valueRequired\":true,\"valueName\":\"search_term_string\"}}],\"inLanguage\":\"tr\"}]}<\/script>\r\n<!-- \/ Yoast SEO plugin. -->","yoast_head_json":{"title":"Kendinden Yap\u0131\u015fkanl\u0131 Dolap Alt\u0131 Ka\u011f\u0131t Tabakl\u0131k Dispenseri -Induzon","description":"ka\u011f\u0131t plaka organizat\u00f6r\u00fc ka\u011f\u0131t tabak tutucu dolap alt\u0131 ka\u011f\u0131t tabak tutucu plastik ka\u011f\u0131t tabak tutucu kamp ka\u011f\u0131t tabak organizat\u00f6r\u00fc","robots":{"index":"index","follow":"follow","max-snippet":"max-snippet:-1","max-image-preview":"max-image-preview:large","max-video-preview":"max-video-preview:-1"},"canonical":"https:\/\/induzon.com\/tr\/shop\/dolap-alti-kagit-tabak-tutucu-icin-kamp-mutfak-plastik-kagit-tabak-organizatoru-yeniden-kullanilabilir-kagit-tabak-tutucu-akrilik-kagit-plaka-organizatoru-rulo-kagit-havlu-tutucu-rulo-kagit-havluluk-r\/","og_locale":"tr_TR","og_type":"article","og_title":"Kendinden Yap\u0131\u015fkanl\u0131 Dolap Alt\u0131 Ka\u011f\u0131t Tabakl\u0131k Dispenseri -Induzon","og_description":"ka\u011f\u0131t plaka organizat\u00f6r\u00fc ka\u011f\u0131t tabak tutucu dolap alt\u0131 ka\u011f\u0131t tabak tutucu plastik ka\u011f\u0131t tabak tutucu kamp ka\u011f\u0131t tabak organizat\u00f6r\u00fc","og_url":"https:\/\/induzon.com\/tr\/shop\/dolap-alti-kagit-tabak-tutucu-icin-kamp-mutfak-plastik-kagit-tabak-organizatoru-yeniden-kullanilabilir-kagit-tabak-tutucu-akrilik-kagit-plaka-organizatoru-rulo-kagit-havlu-tutucu-rulo-kagit-havluluk-r\/","og_site_name":"induzon","article_modified_time":"2026-01-07T07:07:48+00:00","og_image":[{"width":1500,"height":1500,"url":"https:\/\/induzon.com\/wp-content\/uploads\/2025\/06\/3.jpg","type":"image\/jpeg"}],"twitter_card":"summary_large_image","schema":{"@context":"https:\/\/schema.org","@graph":[{"@type":"WebPage","@id":"https:\/\/induzon.com\/tr\/shop\/dolap-alti-kagit-tabak-tutucu-icin-kamp-mutfak-plastik-kagit-tabak-organizatoru-yeniden-kullanilabilir-kagit-tabak-tutucu-akrilik-kagit-plaka-organizatoru-rulo-kagit-havlu-tutucu-rulo-kagit-havluluk-r\/","url":"https:\/\/induzon.com\/tr\/shop\/dolap-alti-kagit-tabak-tutucu-icin-kamp-mutfak-plastik-kagit-tabak-organizatoru-yeniden-kullanilabilir-kagit-tabak-tutucu-akrilik-kagit-plaka-organizatoru-rulo-kagit-havlu-tutucu-rulo-kagit-havluluk-r\/","name":"Kendinden Yap\u0131\u015fkanl\u0131 Dolap Alt\u0131 Ka\u011f\u0131t Tabakl\u0131k Dispenseri -Induzon","isPartOf":{"@id":"https:\/\/induzon.com\/tr\/#website"},"primaryImageOfPage":{"@id":"https:\/\/induzon.com\/tr\/shop\/dolap-alti-kagit-tabak-tutucu-icin-kamp-mutfak-plastik-kagit-tabak-organizatoru-yeniden-kullanilabilir-kagit-tabak-tutucu-akrilik-kagit-plaka-organizatoru-rulo-kagit-havlu-tutucu-rulo-kagit-havluluk-r\/#primaryimage"},"image":{"@id":"https:\/\/induzon.com\/tr\/shop\/dolap-alti-kagit-tabak-tutucu-icin-kamp-mutfak-plastik-kagit-tabak-organizatoru-yeniden-kullanilabilir-kagit-tabak-tutucu-akrilik-kagit-plaka-organizatoru-rulo-kagit-havlu-tutucu-rulo-kagit-havluluk-r\/#primaryimage"},"thumbnailUrl":"https:\/\/induzon.com\/wp-content\/uploads\/2025\/06\/3.jpg","datePublished":"2025-06-20T05:26:00+00:00","dateModified":"2026-01-07T07:07:48+00:00","description":"ka\u011f\u0131t plaka organizat\u00f6r\u00fc ka\u011f\u0131t tabak tutucu dolap alt\u0131 ka\u011f\u0131t tabak tutucu plastik ka\u011f\u0131t tabak tutucu kamp ka\u011f\u0131t tabak organizat\u00f6r\u00fc","breadcrumb":{"@id":"https:\/\/induzon.com\/tr\/shop\/dolap-alti-kagit-tabak-tutucu-icin-kamp-mutfak-plastik-kagit-tabak-organizatoru-yeniden-kullanilabilir-kagit-tabak-tutucu-akrilik-kagit-plaka-organizatoru-rulo-kagit-havlu-tutucu-rulo-kagit-havluluk-r\/#breadcrumb"},"inLanguage":"tr","potentialAction":[{"@type":"ReadAction","target":["https:\/\/induzon.com\/tr\/shop\/dolap-alti-kagit-tabak-tutucu-icin-kamp-mutfak-plastik-kagit-tabak-organizatoru-yeniden-kullanilabilir-kagit-tabak-tutucu-akrilik-kagit-plaka-organizatoru-rulo-kagit-havlu-tutucu-rulo-kagit-havluluk-r\/"]}]},{"@type":"ImageObject","inLanguage":"tr","@id":"https:\/\/induzon.com\/tr\/shop\/dolap-alti-kagit-tabak-tutucu-icin-kamp-mutfak-plastik-kagit-tabak-organizatoru-yeniden-kullanilabilir-kagit-tabak-tutucu-akrilik-kagit-plaka-organizatoru-rulo-kagit-havlu-tutucu-rulo-kagit-havluluk-r\/#primaryimage","url":"https:\/\/induzon.com\/wp-content\/uploads\/2025\/06\/3.jpg","contentUrl":"https:\/\/induzon.com\/wp-content\/uploads\/2025\/06\/3.jpg","width":1500,"height":1500,"caption":"ka\u011f\u0131t plaka organizat\u00f6r\u00fc ka\u011f\u0131t tabak tutucu dolap alt\u0131 ka\u011f\u0131t tabak tutucu plastik ka\u011f\u0131t tabak tutucu kamp ka\u011f\u0131t tabak organizat\u00f6r\u00fc"},{"@type":"BreadcrumbList","@id":"https:\/\/induzon.com\/tr\/shop\/dolap-alti-kagit-tabak-tutucu-icin-kamp-mutfak-plastik-kagit-tabak-organizatoru-yeniden-kullanilabilir-kagit-tabak-tutucu-akrilik-kagit-plaka-organizatoru-rulo-kagit-havlu-tutucu-rulo-kagit-havluluk-r\/#breadcrumb","itemListElement":[{"@type":"ListItem","position":1,"name":"\u9996\u9875","item":"https:\/\/induzon.com\/tr\/ev\/"},{"@type":"ListItem","position":2,"name":"Ma\u011faza","item":"https:\/\/induzon.com\/tr\/magaza\/"},{"@type":"ListItem","position":3,"name":"Dolap Alt\u0131 Ka\u011f\u0131t Tabak Tutucu i\u00e7in Kamp Mutfak Plastik Ka\u011f\u0131t Tabak Organizat\u00f6r\u00fc Yeniden Kullan\u0131labilir Ka\u011f\u0131t Tabak Tutucu Akrilik Ka\u011f\u0131t Plaka Organizat\u00f6r\u00fc Rulo Ka\u011f\u0131t Havlu Tutucu Rulo Ka\u011f\u0131t Havluluk Rulo Ka\u011f\u0131t Havlu Aparat\u0131 Rulo Havlu Tutucu Rulo Havluluk Tabak Tutucu"}]},{"@type":"WebSite","@id":"https:\/\/induzon.com\/tr\/#website","url":"https:\/\/induzon.com\/tr\/","name":"induzon","description":"","potentialAction":[{"@type":"SearchAction","target":{"@type":"EntryPoint","urlTemplate":"https:\/\/induzon.com\/tr\/?s={search_term_string}"},"query-input":{"@type":"PropertyValueSpecification","valueRequired":true,"valueName":"search_term_string"}}],"inLanguage":"tr"}]}},"_links":{"self":[{"href":"https:\/\/induzon.com\/tr\/wp-json\/wp\/v2\/product\/11198","targetHints":{"allow":["GET"]}}],"collection":[{"href":"https:\/\/induzon.com\/tr\/wp-json\/wp\/v2\/product"}],"about":[{"href":"https:\/\/induzon.com\/tr\/wp-json\/wp\/v2\/types\/product"}],"replies":[{"embeddable":true,"href":"https:\/\/induzon.com\/tr\/wp-json\/wp\/v2\/comments?post=11198"}],"version-history":[{"count":1,"href":"https:\/\/induzon.com\/tr\/wp-json\/wp\/v2\/product\/11198\/revisions"}],"predecessor-version":[{"id":32793,"href":"https:\/\/induzon.com\/tr\/wp-json\/wp\/v2\/product\/11198\/revisions\/32793"}],"wp:featuredmedia":[{"embeddable":true,"href":"https:\/\/induzon.com\/tr\/wp-json\/wp\/v2\/media\/11110"}],"wp:attachment":[{"href":"https:\/\/induzon.com\/tr\/wp-json\/wp\/v2\/media?parent=11198"}],"wp:term":[{"taxonomy":"product_brand","embeddable":true,"href":"https:\/\/induzon.com\/tr\/wp-json\/wp\/v2\/product_brand?post=11198"},{"taxonomy":"product_cat","embeddable":true,"href":"https:\/\/induzon.com\/tr\/wp-json\/wp\/v2\/product_cat?post=11198"},{"taxonomy":"product_tag","embeddable":true,"href":"https:\/\/induzon.com\/tr\/wp-json\/wp\/v2\/product_tag?post=11198"}],"curies":[{"name":"wp","href":"https:\/\/api.w.org\/{rel}","templated":true}]}}