{"id":15482,"date":"2025-07-02T10:52:32","date_gmt":"2025-07-02T02:52:32","guid":{"rendered":"https:\/\/induzon.com\/shop\/dikey-hava-perdesi-ticari-atolyeler-icin-ticari-hava-perdesi-icin-supermarket-alisveris-merkezi-hava-perdeleri-kapi-hava-fani-kapi-hava-ufleyici-soguk-hava-perdesi-sicak-hava-perdesi-ticari-hava\/"},"modified":"2026-01-02T15:35:36","modified_gmt":"2026-01-02T07:35:36","slug":"dikey-hava-perdesi-ticari-atolyeler-icin-ticari-hava-perdesi-icin-supermarket-alisveris-merkezi-hava-perdeleri-kapi-hava-fani-kapi-hava-ufleyici-soguk-hava-perdesi-sicak-hava-perdesi-ticari-hava","status":"publish","type":"product","link":"https:\/\/induzon.com\/tr\/shop\/dikey-hava-perdesi-ticari-atolyeler-icin-ticari-hava-perdesi-icin-supermarket-alisveris-merkezi-hava-perdeleri-kapi-hava-fani-kapi-hava-ufleyici-soguk-hava-perdesi-sicak-hava-perdesi-ticari-hava\/","title":{"rendered":"Dikey Hava Perdesi Ticari at\u00f6lyeler i\u00e7in ticari hava perdesi i\u00e7in s\u00fcpermarket al\u0131\u015fveri\u015f merkezi hava perdeleri kap\u0131 hava fan\u0131 kap\u0131 hava \u00fcfleyici so\u011fuk hava perdesi s\u0131cak hava perdesi ticari hava"},"content":{"rendered":"<p>1.Y\u00fcksek performansl\u0131 ticari hava perdesi, ma\u011fazalar ve s\u00fcpermarketler i\u00e7in ideal b\u00f6cek \u00f6nleyici \u00e7\u00f6z\u00fcm.<br \/>\n2.End\u00fcstriyel kullan\u0131m i\u00e7in tasarlanm\u0131\u015f, dayan\u0131kl\u0131 ve uzun \u00f6m\u00fcrl\u00fc hava perdesi makinesi.<br \/>\n3.Enerji tasarruflu motor ile d\u00fc\u015f\u00fck i\u015fletme maliyeti ve y\u00fcksek verimlilik sunar.<br \/>\n4.Kolay kurulum ve kullan\u0131m, geni\u015f alanlarda etkili hava bariyeri olu\u015fturur.<br \/>\n5.Ma\u011faza, s\u00fcpermarket ve at\u00f6lyelerde hijyenik ortam sa\u011flamak i\u00e7in m\u00fckemmel \u00e7\u00f6z\u00fcm.<\/p>\n","protected":false},"excerpt":{"rendered":"<p>1.Y\u00fcksek performansl\u0131 ticari hava perdesi, ma\u011fazalar ve s\u00fcpermarketler i\u00e7in ideal b\u00f6cek \u00f6nleyici \u00e7\u00f6z\u00fcm. 2.End\u00fcstriyel kullan\u0131m i\u00e7in tasarlanm\u0131\u015f, dayan\u0131kl\u0131 ve uzun [&hellip;]<\/p>\n","protected":false},"featured_media":15401,"comment_status":"open","ping_status":"closed","template":"","meta":{"site-sidebar-layout":"default","site-content-layout":"","ast-site-content-layout":"default","site-content-style":"default","site-sidebar-style":"default","ast-global-header-display":"","ast-banner-title-visibility":"","ast-main-header-display":"","ast-hfb-above-header-display":"","ast-hfb-below-header-display":"","ast-hfb-mobile-header-display":"","site-post-title":"","ast-breadcrumbs-content":"","ast-featured-img":"","footer-sml-layout":"","theme-transparent-header-meta":"default","adv-header-id-meta":"","stick-header-meta":"","header-above-stick-meta":"","header-main-stick-meta":"","header-below-stick-meta":"","astra-migrate-meta-layouts":"set","ast-page-background-enabled":"default","ast-page-background-meta":{"desktop":{"background-color":"var(--ast-global-color-4)","background-image":"","background-repeat":"repeat","background-position":"center center","background-size":"auto","background-attachment":"scroll","background-type":"","background-media":"","overlay-type":"","overlay-color":"","overlay-opacity":"","overlay-gradient":""},"tablet":{"background-color":"","background-image":"","background-repeat":"repeat","background-position":"center center","background-size":"auto","background-attachment":"scroll","background-type":"","background-media":"","overlay-type":"","overlay-color":"","overlay-opacity":"","overlay-gradient":""},"mobile":{"background-color":"","background-image":"","background-repeat":"repeat","background-position":"center center","background-size":"auto","background-attachment":"scroll","background-type":"","background-media":"","overlay-type":"","overlay-color":"","overlay-opacity":"","overlay-gradient":""}},"ast-content-background-meta":{"desktop":{"background-color":"var(--ast-global-color-5)","background-image":"","background-repeat":"repeat","background-position":"center center","background-size":"auto","background-attachment":"scroll","background-type":"","background-media":"","overlay-type":"","overlay-color":"","overlay-opacity":"","overlay-gradient":""},"tablet":{"background-color":"var(--ast-global-color-5)","background-image":"","background-repeat":"repeat","background-position":"center center","background-size":"auto","background-attachment":"scroll","background-type":"","background-media":"","overlay-type":"","overlay-color":"","overlay-opacity":"","overlay-gradient":""},"mobile":{"background-color":"var(--ast-global-color-5)","background-image":"","background-repeat":"repeat","background-position":"center center","background-size":"auto","background-attachment":"scroll","background-type":"","background-media":"","overlay-type":"","overlay-color":"","overlay-opacity":"","overlay-gradient":""}}},"product_brand":[],"product_cat":[1440,1085,1086],"product_tag":[1441],"class_list":{"0":"post-15482","1":"product","2":"type-product","3":"status-publish","4":"has-post-thumbnail","6":"product_cat-dikey-hava-perdesi","7":"product_cat-endustriyel-ve-ticari-ekipmanlar","8":"product_cat-klima-ve-havalandirma-ekipmanlari","9":"product_tag-dikey-hava-perdesi","10":"desktop-align-left","11":"tablet-align-left","12":"mobile-align-left","14":"first","15":"instock","16":"sale","17":"shipping-taxable","18":"purchasable","19":"product-type-simple"},"yoast_head":"<!-- This site is optimized with the Yoast SEO plugin v24.9 - https:\/\/yoast.com\/wordpress\/plugins\/seo\/ -->\r\n<title>Ticari Garajlar i\u00e7in Dikey Hava Perdeleri -Induzon<\/title>\r\n<meta name=\"description\" content=\"Ticari hava perdesi, s\u0131cak\/so\u011fuk hava perdeleri kap\u0131lar i\u00e7in. End\u00fcstriyel hava perdeleri, kap\u0131 hava fan\u0131 ve \u00fcfleyiciler.\" \/>\r\n<meta name=\"robots\" content=\"index, follow, max-snippet:-1, max-image-preview:large, max-video-preview:-1\" \/>\r\n<link rel=\"canonical\" href=\"https:\/\/induzon.com\/tr\/shop\/dikey-hava-perdesi-ticari-atolyeler-icin-ticari-hava-perdesi-icin-supermarket-alisveris-merkezi-hava-perdeleri-kapi-hava-fani-kapi-hava-ufleyici-soguk-hava-perdesi-sicak-hava-perdesi-ticari-hava\/\" \/>\r\n<meta property=\"og:locale\" content=\"tr_TR\" \/>\r\n<meta property=\"og:type\" content=\"article\" \/>\r\n<meta property=\"og:title\" content=\"Ticari Garajlar i\u00e7in Dikey Hava Perdeleri -Induzon\" \/>\r\n<meta property=\"og:description\" content=\"Ticari hava perdesi, s\u0131cak\/so\u011fuk hava perdeleri kap\u0131lar i\u00e7in. End\u00fcstriyel hava perdeleri, kap\u0131 hava fan\u0131 ve \u00fcfleyiciler.\" \/>\r\n<meta property=\"og:url\" content=\"https:\/\/induzon.com\/tr\/shop\/dikey-hava-perdesi-ticari-atolyeler-icin-ticari-hava-perdesi-icin-supermarket-alisveris-merkezi-hava-perdeleri-kapi-hava-fani-kapi-hava-ufleyici-soguk-hava-perdesi-sicak-hava-perdesi-ticari-hava\/\" \/>\r\n<meta property=\"og:site_name\" content=\"induzon\" \/>\r\n<meta property=\"article:modified_time\" content=\"2026-01-02T07:35:36+00:00\" \/>\r\n<meta property=\"og:image\" content=\"https:\/\/induzon.com\/wp-content\/uploads\/2025\/07\/\u56fe-1-3.jpg\" \/>\r\n\t<meta property=\"og:image:width\" content=\"1500\" \/>\r\n\t<meta property=\"og:image:height\" content=\"1500\" \/>\r\n\t<meta property=\"og:image:type\" content=\"image\/jpeg\" \/>\r\n<meta name=\"twitter:card\" content=\"summary_large_image\" \/>\r\n<meta name=\"twitter:label1\" content=\"Tahmini okuma s\u00fcresi\" \/>\n\t<meta name=\"twitter:data1\" content=\"1 dakika\" \/>\r\n<script type=\"application\/ld+json\" class=\"yoast-schema-graph\">{\"@context\":\"https:\/\/schema.org\",\"@graph\":[{\"@type\":\"WebPage\",\"@id\":\"https:\/\/induzon.com\/tr\/shop\/dikey-hava-perdesi-ticari-atolyeler-icin-ticari-hava-perdesi-icin-supermarket-alisveris-merkezi-hava-perdeleri-kapi-hava-fani-kapi-hava-ufleyici-soguk-hava-perdesi-sicak-hava-perdesi-ticari-hava\/\",\"url\":\"https:\/\/induzon.com\/tr\/shop\/dikey-hava-perdesi-ticari-atolyeler-icin-ticari-hava-perdesi-icin-supermarket-alisveris-merkezi-hava-perdeleri-kapi-hava-fani-kapi-hava-ufleyici-soguk-hava-perdesi-sicak-hava-perdesi-ticari-hava\/\",\"name\":\"Ticari Garajlar i\u00e7in Dikey Hava Perdeleri -Induzon\",\"isPartOf\":{\"@id\":\"https:\/\/induzon.com\/tr\/#website\"},\"primaryImageOfPage\":{\"@id\":\"https:\/\/induzon.com\/tr\/shop\/dikey-hava-perdesi-ticari-atolyeler-icin-ticari-hava-perdesi-icin-supermarket-alisveris-merkezi-hava-perdeleri-kapi-hava-fani-kapi-hava-ufleyici-soguk-hava-perdesi-sicak-hava-perdesi-ticari-hava\/#primaryimage\"},\"image\":{\"@id\":\"https:\/\/induzon.com\/tr\/shop\/dikey-hava-perdesi-ticari-atolyeler-icin-ticari-hava-perdesi-icin-supermarket-alisveris-merkezi-hava-perdeleri-kapi-hava-fani-kapi-hava-ufleyici-soguk-hava-perdesi-sicak-hava-perdesi-ticari-hava\/#primaryimage\"},\"thumbnailUrl\":\"https:\/\/induzon.com\/wp-content\/uploads\/2025\/07\/\u56fe-1-3.jpg\",\"datePublished\":\"2025-07-02T02:52:32+00:00\",\"dateModified\":\"2026-01-02T07:35:36+00:00\",\"description\":\"Ticari hava perdesi, s\u0131cak\/so\u011fuk hava perdeleri kap\u0131lar i\u00e7in. End\u00fcstriyel hava perdeleri, kap\u0131 hava fan\u0131 ve \u00fcfleyiciler.\",\"breadcrumb\":{\"@id\":\"https:\/\/induzon.com\/tr\/shop\/dikey-hava-perdesi-ticari-atolyeler-icin-ticari-hava-perdesi-icin-supermarket-alisveris-merkezi-hava-perdeleri-kapi-hava-fani-kapi-hava-ufleyici-soguk-hava-perdesi-sicak-hava-perdesi-ticari-hava\/#breadcrumb\"},\"inLanguage\":\"tr\",\"potentialAction\":[{\"@type\":\"ReadAction\",\"target\":[\"https:\/\/induzon.com\/tr\/shop\/dikey-hava-perdesi-ticari-atolyeler-icin-ticari-hava-perdesi-icin-supermarket-alisveris-merkezi-hava-perdeleri-kapi-hava-fani-kapi-hava-ufleyici-soguk-hava-perdesi-sicak-hava-perdesi-ticari-hava\/\"]}]},{\"@type\":\"ImageObject\",\"inLanguage\":\"tr\",\"@id\":\"https:\/\/induzon.com\/tr\/shop\/dikey-hava-perdesi-ticari-atolyeler-icin-ticari-hava-perdesi-icin-supermarket-alisveris-merkezi-hava-perdeleri-kapi-hava-fani-kapi-hava-ufleyici-soguk-hava-perdesi-sicak-hava-perdesi-ticari-hava\/#primaryimage\",\"url\":\"https:\/\/induzon.com\/wp-content\/uploads\/2025\/07\/\u56fe-1-3.jpg\",\"contentUrl\":\"https:\/\/induzon.com\/wp-content\/uploads\/2025\/07\/\u56fe-1-3.jpg\",\"width\":1500,\"height\":1500,\"caption\":\"Ticari hava perdesi, s\u0131cak\/so\u011fuk hava perdeleri kap\u0131lar i\u00e7in. End\u00fcstriyel hava perdeleri, Ticari Garajlar i\u00e7in Dikey Hava Perdeleri\"},{\"@type\":\"BreadcrumbList\",\"@id\":\"https:\/\/induzon.com\/tr\/shop\/dikey-hava-perdesi-ticari-atolyeler-icin-ticari-hava-perdesi-icin-supermarket-alisveris-merkezi-hava-perdeleri-kapi-hava-fani-kapi-hava-ufleyici-soguk-hava-perdesi-sicak-hava-perdesi-ticari-hava\/#breadcrumb\",\"itemListElement\":[{\"@type\":\"ListItem\",\"position\":1,\"name\":\"\u9996\u9875\",\"item\":\"https:\/\/induzon.com\/tr\/ev\/\"},{\"@type\":\"ListItem\",\"position\":2,\"name\":\"Ma\u011faza\",\"item\":\"https:\/\/induzon.com\/tr\/magaza\/\"},{\"@type\":\"ListItem\",\"position\":3,\"name\":\"Dikey Hava Perdesi Ticari at\u00f6lyeler i\u00e7in ticari hava perdesi i\u00e7in s\u00fcpermarket al\u0131\u015fveri\u015f merkezi hava perdeleri kap\u0131 hava fan\u0131 kap\u0131 hava \u00fcfleyici so\u011fuk hava perdesi s\u0131cak hava perdesi ticari hava\"}]},{\"@type\":\"WebSite\",\"@id\":\"https:\/\/induzon.com\/tr\/#website\",\"url\":\"https:\/\/induzon.com\/tr\/\",\"name\":\"induzon\",\"description\":\"\",\"potentialAction\":[{\"@type\":\"SearchAction\",\"target\":{\"@type\":\"EntryPoint\",\"urlTemplate\":\"https:\/\/induzon.com\/tr\/?s={search_term_string}\"},\"query-input\":{\"@type\":\"PropertyValueSpecification\",\"valueRequired\":true,\"valueName\":\"search_term_string\"}}],\"inLanguage\":\"tr\"}]}<\/script>\r\n<!-- \/ Yoast SEO plugin. -->","yoast_head_json":{"title":"Ticari Garajlar i\u00e7in Dikey Hava Perdeleri -Induzon","description":"Ticari hava perdesi, s\u0131cak\/so\u011fuk hava perdeleri kap\u0131lar i\u00e7in. End\u00fcstriyel hava perdeleri, kap\u0131 hava fan\u0131 ve \u00fcfleyiciler.","robots":{"index":"index","follow":"follow","max-snippet":"max-snippet:-1","max-image-preview":"max-image-preview:large","max-video-preview":"max-video-preview:-1"},"canonical":"https:\/\/induzon.com\/tr\/shop\/dikey-hava-perdesi-ticari-atolyeler-icin-ticari-hava-perdesi-icin-supermarket-alisveris-merkezi-hava-perdeleri-kapi-hava-fani-kapi-hava-ufleyici-soguk-hava-perdesi-sicak-hava-perdesi-ticari-hava\/","og_locale":"tr_TR","og_type":"article","og_title":"Ticari Garajlar i\u00e7in Dikey Hava Perdeleri -Induzon","og_description":"Ticari hava perdesi, s\u0131cak\/so\u011fuk hava perdeleri kap\u0131lar i\u00e7in. End\u00fcstriyel hava perdeleri, kap\u0131 hava fan\u0131 ve \u00fcfleyiciler.","og_url":"https:\/\/induzon.com\/tr\/shop\/dikey-hava-perdesi-ticari-atolyeler-icin-ticari-hava-perdesi-icin-supermarket-alisveris-merkezi-hava-perdeleri-kapi-hava-fani-kapi-hava-ufleyici-soguk-hava-perdesi-sicak-hava-perdesi-ticari-hava\/","og_site_name":"induzon","article_modified_time":"2026-01-02T07:35:36+00:00","og_image":[{"width":1500,"height":1500,"url":"https:\/\/induzon.com\/wp-content\/uploads\/2025\/07\/\u56fe-1-3.jpg","type":"image\/jpeg"}],"twitter_card":"summary_large_image","twitter_misc":{"Tahmini okuma s\u00fcresi":"1 dakika"},"schema":{"@context":"https:\/\/schema.org","@graph":[{"@type":"WebPage","@id":"https:\/\/induzon.com\/tr\/shop\/dikey-hava-perdesi-ticari-atolyeler-icin-ticari-hava-perdesi-icin-supermarket-alisveris-merkezi-hava-perdeleri-kapi-hava-fani-kapi-hava-ufleyici-soguk-hava-perdesi-sicak-hava-perdesi-ticari-hava\/","url":"https:\/\/induzon.com\/tr\/shop\/dikey-hava-perdesi-ticari-atolyeler-icin-ticari-hava-perdesi-icin-supermarket-alisveris-merkezi-hava-perdeleri-kapi-hava-fani-kapi-hava-ufleyici-soguk-hava-perdesi-sicak-hava-perdesi-ticari-hava\/","name":"Ticari Garajlar i\u00e7in Dikey Hava Perdeleri -Induzon","isPartOf":{"@id":"https:\/\/induzon.com\/tr\/#website"},"primaryImageOfPage":{"@id":"https:\/\/induzon.com\/tr\/shop\/dikey-hava-perdesi-ticari-atolyeler-icin-ticari-hava-perdesi-icin-supermarket-alisveris-merkezi-hava-perdeleri-kapi-hava-fani-kapi-hava-ufleyici-soguk-hava-perdesi-sicak-hava-perdesi-ticari-hava\/#primaryimage"},"image":{"@id":"https:\/\/induzon.com\/tr\/shop\/dikey-hava-perdesi-ticari-atolyeler-icin-ticari-hava-perdesi-icin-supermarket-alisveris-merkezi-hava-perdeleri-kapi-hava-fani-kapi-hava-ufleyici-soguk-hava-perdesi-sicak-hava-perdesi-ticari-hava\/#primaryimage"},"thumbnailUrl":"https:\/\/induzon.com\/wp-content\/uploads\/2025\/07\/\u56fe-1-3.jpg","datePublished":"2025-07-02T02:52:32+00:00","dateModified":"2026-01-02T07:35:36+00:00","description":"Ticari hava perdesi, s\u0131cak\/so\u011fuk hava perdeleri kap\u0131lar i\u00e7in. End\u00fcstriyel hava perdeleri, kap\u0131 hava fan\u0131 ve \u00fcfleyiciler.","breadcrumb":{"@id":"https:\/\/induzon.com\/tr\/shop\/dikey-hava-perdesi-ticari-atolyeler-icin-ticari-hava-perdesi-icin-supermarket-alisveris-merkezi-hava-perdeleri-kapi-hava-fani-kapi-hava-ufleyici-soguk-hava-perdesi-sicak-hava-perdesi-ticari-hava\/#breadcrumb"},"inLanguage":"tr","potentialAction":[{"@type":"ReadAction","target":["https:\/\/induzon.com\/tr\/shop\/dikey-hava-perdesi-ticari-atolyeler-icin-ticari-hava-perdesi-icin-supermarket-alisveris-merkezi-hava-perdeleri-kapi-hava-fani-kapi-hava-ufleyici-soguk-hava-perdesi-sicak-hava-perdesi-ticari-hava\/"]}]},{"@type":"ImageObject","inLanguage":"tr","@id":"https:\/\/induzon.com\/tr\/shop\/dikey-hava-perdesi-ticari-atolyeler-icin-ticari-hava-perdesi-icin-supermarket-alisveris-merkezi-hava-perdeleri-kapi-hava-fani-kapi-hava-ufleyici-soguk-hava-perdesi-sicak-hava-perdesi-ticari-hava\/#primaryimage","url":"https:\/\/induzon.com\/wp-content\/uploads\/2025\/07\/\u56fe-1-3.jpg","contentUrl":"https:\/\/induzon.com\/wp-content\/uploads\/2025\/07\/\u56fe-1-3.jpg","width":1500,"height":1500,"caption":"Ticari hava perdesi, s\u0131cak\/so\u011fuk hava perdeleri kap\u0131lar i\u00e7in. End\u00fcstriyel hava perdeleri, Ticari Garajlar i\u00e7in Dikey Hava Perdeleri"},{"@type":"BreadcrumbList","@id":"https:\/\/induzon.com\/tr\/shop\/dikey-hava-perdesi-ticari-atolyeler-icin-ticari-hava-perdesi-icin-supermarket-alisveris-merkezi-hava-perdeleri-kapi-hava-fani-kapi-hava-ufleyici-soguk-hava-perdesi-sicak-hava-perdesi-ticari-hava\/#breadcrumb","itemListElement":[{"@type":"ListItem","position":1,"name":"\u9996\u9875","item":"https:\/\/induzon.com\/tr\/ev\/"},{"@type":"ListItem","position":2,"name":"Ma\u011faza","item":"https:\/\/induzon.com\/tr\/magaza\/"},{"@type":"ListItem","position":3,"name":"Dikey Hava Perdesi Ticari at\u00f6lyeler i\u00e7in ticari hava perdesi i\u00e7in s\u00fcpermarket al\u0131\u015fveri\u015f merkezi hava perdeleri kap\u0131 hava fan\u0131 kap\u0131 hava \u00fcfleyici so\u011fuk hava perdesi s\u0131cak hava perdesi ticari hava"}]},{"@type":"WebSite","@id":"https:\/\/induzon.com\/tr\/#website","url":"https:\/\/induzon.com\/tr\/","name":"induzon","description":"","potentialAction":[{"@type":"SearchAction","target":{"@type":"EntryPoint","urlTemplate":"https:\/\/induzon.com\/tr\/?s={search_term_string}"},"query-input":{"@type":"PropertyValueSpecification","valueRequired":true,"valueName":"search_term_string"}}],"inLanguage":"tr"}]}},"_links":{"self":[{"href":"https:\/\/induzon.com\/tr\/wp-json\/wp\/v2\/product\/15482","targetHints":{"allow":["GET"]}}],"collection":[{"href":"https:\/\/induzon.com\/tr\/wp-json\/wp\/v2\/product"}],"about":[{"href":"https:\/\/induzon.com\/tr\/wp-json\/wp\/v2\/types\/product"}],"replies":[{"embeddable":true,"href":"https:\/\/induzon.com\/tr\/wp-json\/wp\/v2\/comments?post=15482"}],"version-history":[{"count":2,"href":"https:\/\/induzon.com\/tr\/wp-json\/wp\/v2\/product\/15482\/revisions"}],"predecessor-version":[{"id":31820,"href":"https:\/\/induzon.com\/tr\/wp-json\/wp\/v2\/product\/15482\/revisions\/31820"}],"wp:featuredmedia":[{"embeddable":true,"href":"https:\/\/induzon.com\/tr\/wp-json\/wp\/v2\/media\/15401"}],"wp:attachment":[{"href":"https:\/\/induzon.com\/tr\/wp-json\/wp\/v2\/media?parent=15482"}],"wp:term":[{"taxonomy":"product_brand","embeddable":true,"href":"https:\/\/induzon.com\/tr\/wp-json\/wp\/v2\/product_brand?post=15482"},{"taxonomy":"product_cat","embeddable":true,"href":"https:\/\/induzon.com\/tr\/wp-json\/wp\/v2\/product_cat?post=15482"},{"taxonomy":"product_tag","embeddable":true,"href":"https:\/\/induzon.com\/tr\/wp-json\/wp\/v2\/product_tag?post=15482"}],"curies":[{"name":"wp","href":"https:\/\/api.w.org\/{rel}","templated":true}]}}