{"id":16252,"date":"2025-07-03T13:40:58","date_gmt":"2025-07-03T05:40:58","guid":{"rendered":"https:\/\/induzon.com\/shop\/basincli-hava-kurutucu-icin-hava-kompresoru-sogutmali-hava-kurutucu-endustriyel-hava-kurutucu-basincli-hava-filtresi-nem-alma-cihazi-kurutucu-sistemi-filtresi-ve-makinesi-kompresoru-regulatoru-hortumu\/"},"modified":"2026-01-02T10:31:53","modified_gmt":"2026-01-02T02:31:53","slug":"basincli-hava-kurutucu-icin-hava-kompresoru-sogutmali-hava-kurutucu-endustriyel-hava-kurutucu-basincli-hava-filtresi-nem-alma-cihazi-kurutucu-sistemi-filtresi-ve-makinesi-kompresoru-regulatoru-hortumu","status":"publish","type":"product","link":"https:\/\/induzon.com\/tr\/shop\/basincli-hava-kurutucu-icin-hava-kompresoru-sogutmali-hava-kurutucu-endustriyel-hava-kurutucu-basincli-hava-filtresi-nem-alma-cihazi-kurutucu-sistemi-filtresi-ve-makinesi-kompresoru-regulatoru-hortumu\/","title":{"rendered":"bas\u0131n\u00e7l\u0131 hava kurutucu i\u00e7in hava kompres\u00f6r\u00fc so\u011futmal\u0131 hava kurutucu end\u00fcstriyel hava kurutucu bas\u0131n\u00e7l\u0131 hava filtresi nem alma cihaz\u0131 kurutucu sistemi filtresi ve makinesi kompres\u00f6r\u00fc reg\u00fclat\u00f6r\u00fc hortumu End\u00fcstriyel hava filtresi Otomatik drenaj"},"content":{"rendered":"<p>1.Y\u00fcksek verimli kompres\u00f6r hava kurutucu, hava kompres\u00f6rleriniz i\u00e7in ideal \u00e7\u00f6z\u00fcm sunar.<br \/>\n2.Etkili su ay\u0131rma teknolojisi ile hava hatlar\u0131n\u0131zda su birikmesini \u00f6nler.<br \/>\n3.Kompakt tasar\u0131m\u0131 sayesinde k\u00fc\u00e7\u00fck \u00e7al\u0131\u015fma alanlar\u0131nda bile kolayca kullan\u0131labilir.<br \/>\n4.G\u0131da ekipmanlar\u0131, laboratuvarlar ve otomasyon sistemleri i\u00e7in g\u00fcvenilir performans sa\u011flar.<br \/>\n5.Kolay kurulum ve d\u00fc\u015f\u00fck bak\u0131m gereksinimi ile uzun \u00f6m\u00fcrl\u00fc kullan\u0131m sunar.<\/p>\n","protected":false},"excerpt":{"rendered":"<p>1.Y\u00fcksek verimli kompres\u00f6r hava kurutucu, hava kompres\u00f6rleriniz i\u00e7in ideal \u00e7\u00f6z\u00fcm sunar. 2.Etkili su ay\u0131rma teknolojisi ile hava hatlar\u0131n\u0131zda su birikmesini [&hellip;]<\/p>\n","protected":false},"featured_media":16186,"comment_status":"open","ping_status":"closed","template":"","meta":{"site-sidebar-layout":"default","site-content-layout":"","ast-site-content-layout":"default","site-content-style":"default","site-sidebar-style":"default","ast-global-header-display":"","ast-banner-title-visibility":"","ast-main-header-display":"","ast-hfb-above-header-display":"","ast-hfb-below-header-display":"","ast-hfb-mobile-header-display":"","site-post-title":"","ast-breadcrumbs-content":"","ast-featured-img":"","footer-sml-layout":"","theme-transparent-header-meta":"default","adv-header-id-meta":"","stick-header-meta":"","header-above-stick-meta":"","header-main-stick-meta":"","header-below-stick-meta":"","astra-migrate-meta-layouts":"set","ast-page-background-enabled":"default","ast-page-background-meta":{"desktop":{"background-color":"var(--ast-global-color-4)","background-image":"","background-repeat":"repeat","background-position":"center center","background-size":"auto","background-attachment":"scroll","background-type":"","background-media":"","overlay-type":"","overlay-color":"","overlay-opacity":"","overlay-gradient":""},"tablet":{"background-color":"","background-image":"","background-repeat":"repeat","background-position":"center center","background-size":"auto","background-attachment":"scroll","background-type":"","background-media":"","overlay-type":"","overlay-color":"","overlay-opacity":"","overlay-gradient":""},"mobile":{"background-color":"","background-image":"","background-repeat":"repeat","background-position":"center center","background-size":"auto","background-attachment":"scroll","background-type":"","background-media":"","overlay-type":"","overlay-color":"","overlay-opacity":"","overlay-gradient":""}},"ast-content-background-meta":{"desktop":{"background-color":"var(--ast-global-color-5)","background-image":"","background-repeat":"repeat","background-position":"center center","background-size":"auto","background-attachment":"scroll","background-type":"","background-media":"","overlay-type":"","overlay-color":"","overlay-opacity":"","overlay-gradient":""},"tablet":{"background-color":"var(--ast-global-color-5)","background-image":"","background-repeat":"repeat","background-position":"center center","background-size":"auto","background-attachment":"scroll","background-type":"","background-media":"","overlay-type":"","overlay-color":"","overlay-opacity":"","overlay-gradient":""},"mobile":{"background-color":"var(--ast-global-color-5)","background-image":"","background-repeat":"repeat","background-position":"center center","background-size":"auto","background-attachment":"scroll","background-type":"","background-media":"","overlay-type":"","overlay-color":"","overlay-opacity":"","overlay-gradient":""}}},"product_brand":[],"product_cat":[1085,1494],"product_tag":[1495],"class_list":{"0":"post-16252","1":"product","2":"type-product","3":"status-publish","4":"has-post-thumbnail","6":"product_cat-endustriyel-ve-ticari-ekipmanlar","7":"product_cat-hava-kompresorleri","8":"product_tag-hava-kompresorleri","9":"desktop-align-left","10":"tablet-align-left","11":"mobile-align-left","13":"first","14":"instock","15":"sale","16":"shipping-taxable","17":"purchasable","18":"product-type-variable"},"yoast_head":"<!-- This site is optimized with the Yoast SEO plugin v24.9 - https:\/\/yoast.com\/wordpress\/plugins\/seo\/ -->\r\n<title>So\u011futmal\u0131 Hava Kurutucu End\u00fcstriyel Nem Al\u0131c\u0131 -Induzon<\/title>\r\n<meta name=\"description\" content=\"End\u00fcstriyel hava kurutucu, bas\u0131n\u00e7l\u0131 hava kurutucu sistemi ve so\u011futmal\u0131 hava kurutucu ile kompres\u00f6r filtre \u00e7\u00f6z\u00fcmleri.\" \/>\r\n<meta name=\"robots\" content=\"index, follow, max-snippet:-1, max-image-preview:large, max-video-preview:-1\" \/>\r\n<link rel=\"canonical\" href=\"https:\/\/induzon.com\/tr\/shop\/basincli-hava-kurutucu-icin-hava-kompresoru-sogutmali-hava-kurutucu-endustriyel-hava-kurutucu-basincli-hava-filtresi-nem-alma-cihazi-kurutucu-sistemi-filtresi-ve-makinesi-kompresoru-regulatoru-hortumu\/\" \/>\r\n<meta property=\"og:locale\" content=\"tr_TR\" \/>\r\n<meta property=\"og:type\" content=\"article\" \/>\r\n<meta property=\"og:title\" content=\"So\u011futmal\u0131 Hava Kurutucu End\u00fcstriyel Nem Al\u0131c\u0131 -Induzon\" \/>\r\n<meta property=\"og:description\" content=\"End\u00fcstriyel hava kurutucu, bas\u0131n\u00e7l\u0131 hava kurutucu sistemi ve so\u011futmal\u0131 hava kurutucu ile kompres\u00f6r filtre \u00e7\u00f6z\u00fcmleri.\" \/>\r\n<meta property=\"og:url\" content=\"https:\/\/induzon.com\/tr\/shop\/basincli-hava-kurutucu-icin-hava-kompresoru-sogutmali-hava-kurutucu-endustriyel-hava-kurutucu-basincli-hava-filtresi-nem-alma-cihazi-kurutucu-sistemi-filtresi-ve-makinesi-kompresoru-regulatoru-hortumu\/\" \/>\r\n<meta property=\"og:site_name\" content=\"induzon\" \/>\r\n<meta property=\"article:modified_time\" content=\"2026-01-02T02:31:53+00:00\" \/>\r\n<meta property=\"og:image\" content=\"https:\/\/induzon.com\/wp-content\/uploads\/2025\/07\/\u56fe-1-6.jpg\" \/>\r\n\t<meta property=\"og:image:width\" content=\"1500\" \/>\r\n\t<meta property=\"og:image:height\" content=\"1500\" \/>\r\n\t<meta property=\"og:image:type\" content=\"image\/jpeg\" \/>\r\n<meta name=\"twitter:card\" content=\"summary_large_image\" \/>\r\n<meta name=\"twitter:label1\" content=\"Tahmini okuma s\u00fcresi\" \/>\n\t<meta name=\"twitter:data1\" content=\"1 dakika\" \/>\r\n<script type=\"application\/ld+json\" class=\"yoast-schema-graph\">{\"@context\":\"https:\/\/schema.org\",\"@graph\":[{\"@type\":\"WebPage\",\"@id\":\"https:\/\/induzon.com\/tr\/shop\/basincli-hava-kurutucu-icin-hava-kompresoru-sogutmali-hava-kurutucu-endustriyel-hava-kurutucu-basincli-hava-filtresi-nem-alma-cihazi-kurutucu-sistemi-filtresi-ve-makinesi-kompresoru-regulatoru-hortumu\/\",\"url\":\"https:\/\/induzon.com\/tr\/shop\/basincli-hava-kurutucu-icin-hava-kompresoru-sogutmali-hava-kurutucu-endustriyel-hava-kurutucu-basincli-hava-filtresi-nem-alma-cihazi-kurutucu-sistemi-filtresi-ve-makinesi-kompresoru-regulatoru-hortumu\/\",\"name\":\"So\u011futmal\u0131 Hava Kurutucu End\u00fcstriyel Nem Al\u0131c\u0131 -Induzon\",\"isPartOf\":{\"@id\":\"https:\/\/induzon.com\/tr\/#website\"},\"primaryImageOfPage\":{\"@id\":\"https:\/\/induzon.com\/tr\/shop\/basincli-hava-kurutucu-icin-hava-kompresoru-sogutmali-hava-kurutucu-endustriyel-hava-kurutucu-basincli-hava-filtresi-nem-alma-cihazi-kurutucu-sistemi-filtresi-ve-makinesi-kompresoru-regulatoru-hortumu\/#primaryimage\"},\"image\":{\"@id\":\"https:\/\/induzon.com\/tr\/shop\/basincli-hava-kurutucu-icin-hava-kompresoru-sogutmali-hava-kurutucu-endustriyel-hava-kurutucu-basincli-hava-filtresi-nem-alma-cihazi-kurutucu-sistemi-filtresi-ve-makinesi-kompresoru-regulatoru-hortumu\/#primaryimage\"},\"thumbnailUrl\":\"https:\/\/induzon.com\/wp-content\/uploads\/2025\/07\/\u56fe-1-6.jpg\",\"datePublished\":\"2025-07-03T05:40:58+00:00\",\"dateModified\":\"2026-01-02T02:31:53+00:00\",\"description\":\"End\u00fcstriyel hava kurutucu, bas\u0131n\u00e7l\u0131 hava kurutucu sistemi ve so\u011futmal\u0131 hava kurutucu ile kompres\u00f6r filtre \u00e7\u00f6z\u00fcmleri.\",\"breadcrumb\":{\"@id\":\"https:\/\/induzon.com\/tr\/shop\/basincli-hava-kurutucu-icin-hava-kompresoru-sogutmali-hava-kurutucu-endustriyel-hava-kurutucu-basincli-hava-filtresi-nem-alma-cihazi-kurutucu-sistemi-filtresi-ve-makinesi-kompresoru-regulatoru-hortumu\/#breadcrumb\"},\"inLanguage\":\"tr\",\"potentialAction\":[{\"@type\":\"ReadAction\",\"target\":[\"https:\/\/induzon.com\/tr\/shop\/basincli-hava-kurutucu-icin-hava-kompresoru-sogutmali-hava-kurutucu-endustriyel-hava-kurutucu-basincli-hava-filtresi-nem-alma-cihazi-kurutucu-sistemi-filtresi-ve-makinesi-kompresoru-regulatoru-hortumu\/\"]}]},{\"@type\":\"ImageObject\",\"inLanguage\":\"tr\",\"@id\":\"https:\/\/induzon.com\/tr\/shop\/basincli-hava-kurutucu-icin-hava-kompresoru-sogutmali-hava-kurutucu-endustriyel-hava-kurutucu-basincli-hava-filtresi-nem-alma-cihazi-kurutucu-sistemi-filtresi-ve-makinesi-kompresoru-regulatoru-hortumu\/#primaryimage\",\"url\":\"https:\/\/induzon.com\/wp-content\/uploads\/2025\/07\/\u56fe-1-6.jpg\",\"contentUrl\":\"https:\/\/induzon.com\/wp-content\/uploads\/2025\/07\/\u56fe-1-6.jpg\",\"width\":1500,\"height\":1500,\"caption\":\"End\u00fcstriyel hava kurutucu, bas\u0131n\u00e7l\u0131 hava kurutucu sistemi ve so\u011futmal\u0131 hava kurutucu ile kompres\u00f6r filtre \u00e7\u00f6z\u00fcmleri, Hava Kurutucu End\u00fcstriyel Nem Al\u0131c\u0131\"},{\"@type\":\"BreadcrumbList\",\"@id\":\"https:\/\/induzon.com\/tr\/shop\/basincli-hava-kurutucu-icin-hava-kompresoru-sogutmali-hava-kurutucu-endustriyel-hava-kurutucu-basincli-hava-filtresi-nem-alma-cihazi-kurutucu-sistemi-filtresi-ve-makinesi-kompresoru-regulatoru-hortumu\/#breadcrumb\",\"itemListElement\":[{\"@type\":\"ListItem\",\"position\":1,\"name\":\"\u9996\u9875\",\"item\":\"https:\/\/induzon.com\/tr\/ev\/\"},{\"@type\":\"ListItem\",\"position\":2,\"name\":\"Ma\u011faza\",\"item\":\"https:\/\/induzon.com\/tr\/magaza\/\"},{\"@type\":\"ListItem\",\"position\":3,\"name\":\"bas\u0131n\u00e7l\u0131 hava kurutucu i\u00e7in hava kompres\u00f6r\u00fc so\u011futmal\u0131 hava kurutucu end\u00fcstriyel hava kurutucu bas\u0131n\u00e7l\u0131 hava filtresi nem alma cihaz\u0131 kurutucu sistemi filtresi ve makinesi kompres\u00f6r\u00fc reg\u00fclat\u00f6r\u00fc hortumu End\u00fcstriyel hava filtresi Otomatik drenaj\"}]},{\"@type\":\"WebSite\",\"@id\":\"https:\/\/induzon.com\/tr\/#website\",\"url\":\"https:\/\/induzon.com\/tr\/\",\"name\":\"induzon\",\"description\":\"\",\"potentialAction\":[{\"@type\":\"SearchAction\",\"target\":{\"@type\":\"EntryPoint\",\"urlTemplate\":\"https:\/\/induzon.com\/tr\/?s={search_term_string}\"},\"query-input\":{\"@type\":\"PropertyValueSpecification\",\"valueRequired\":true,\"valueName\":\"search_term_string\"}}],\"inLanguage\":\"tr\"}]}<\/script>\r\n<!-- \/ Yoast SEO plugin. -->","yoast_head_json":{"title":"So\u011futmal\u0131 Hava Kurutucu End\u00fcstriyel Nem Al\u0131c\u0131 -Induzon","description":"End\u00fcstriyel hava kurutucu, bas\u0131n\u00e7l\u0131 hava kurutucu sistemi ve so\u011futmal\u0131 hava kurutucu ile kompres\u00f6r filtre \u00e7\u00f6z\u00fcmleri.","robots":{"index":"index","follow":"follow","max-snippet":"max-snippet:-1","max-image-preview":"max-image-preview:large","max-video-preview":"max-video-preview:-1"},"canonical":"https:\/\/induzon.com\/tr\/shop\/basincli-hava-kurutucu-icin-hava-kompresoru-sogutmali-hava-kurutucu-endustriyel-hava-kurutucu-basincli-hava-filtresi-nem-alma-cihazi-kurutucu-sistemi-filtresi-ve-makinesi-kompresoru-regulatoru-hortumu\/","og_locale":"tr_TR","og_type":"article","og_title":"So\u011futmal\u0131 Hava Kurutucu End\u00fcstriyel Nem Al\u0131c\u0131 -Induzon","og_description":"End\u00fcstriyel hava kurutucu, bas\u0131n\u00e7l\u0131 hava kurutucu sistemi ve so\u011futmal\u0131 hava kurutucu ile kompres\u00f6r filtre \u00e7\u00f6z\u00fcmleri.","og_url":"https:\/\/induzon.com\/tr\/shop\/basincli-hava-kurutucu-icin-hava-kompresoru-sogutmali-hava-kurutucu-endustriyel-hava-kurutucu-basincli-hava-filtresi-nem-alma-cihazi-kurutucu-sistemi-filtresi-ve-makinesi-kompresoru-regulatoru-hortumu\/","og_site_name":"induzon","article_modified_time":"2026-01-02T02:31:53+00:00","og_image":[{"width":1500,"height":1500,"url":"https:\/\/induzon.com\/wp-content\/uploads\/2025\/07\/\u56fe-1-6.jpg","type":"image\/jpeg"}],"twitter_card":"summary_large_image","twitter_misc":{"Tahmini okuma s\u00fcresi":"1 dakika"},"schema":{"@context":"https:\/\/schema.org","@graph":[{"@type":"WebPage","@id":"https:\/\/induzon.com\/tr\/shop\/basincli-hava-kurutucu-icin-hava-kompresoru-sogutmali-hava-kurutucu-endustriyel-hava-kurutucu-basincli-hava-filtresi-nem-alma-cihazi-kurutucu-sistemi-filtresi-ve-makinesi-kompresoru-regulatoru-hortumu\/","url":"https:\/\/induzon.com\/tr\/shop\/basincli-hava-kurutucu-icin-hava-kompresoru-sogutmali-hava-kurutucu-endustriyel-hava-kurutucu-basincli-hava-filtresi-nem-alma-cihazi-kurutucu-sistemi-filtresi-ve-makinesi-kompresoru-regulatoru-hortumu\/","name":"So\u011futmal\u0131 Hava Kurutucu End\u00fcstriyel Nem Al\u0131c\u0131 -Induzon","isPartOf":{"@id":"https:\/\/induzon.com\/tr\/#website"},"primaryImageOfPage":{"@id":"https:\/\/induzon.com\/tr\/shop\/basincli-hava-kurutucu-icin-hava-kompresoru-sogutmali-hava-kurutucu-endustriyel-hava-kurutucu-basincli-hava-filtresi-nem-alma-cihazi-kurutucu-sistemi-filtresi-ve-makinesi-kompresoru-regulatoru-hortumu\/#primaryimage"},"image":{"@id":"https:\/\/induzon.com\/tr\/shop\/basincli-hava-kurutucu-icin-hava-kompresoru-sogutmali-hava-kurutucu-endustriyel-hava-kurutucu-basincli-hava-filtresi-nem-alma-cihazi-kurutucu-sistemi-filtresi-ve-makinesi-kompresoru-regulatoru-hortumu\/#primaryimage"},"thumbnailUrl":"https:\/\/induzon.com\/wp-content\/uploads\/2025\/07\/\u56fe-1-6.jpg","datePublished":"2025-07-03T05:40:58+00:00","dateModified":"2026-01-02T02:31:53+00:00","description":"End\u00fcstriyel hava kurutucu, bas\u0131n\u00e7l\u0131 hava kurutucu sistemi ve so\u011futmal\u0131 hava kurutucu ile kompres\u00f6r filtre \u00e7\u00f6z\u00fcmleri.","breadcrumb":{"@id":"https:\/\/induzon.com\/tr\/shop\/basincli-hava-kurutucu-icin-hava-kompresoru-sogutmali-hava-kurutucu-endustriyel-hava-kurutucu-basincli-hava-filtresi-nem-alma-cihazi-kurutucu-sistemi-filtresi-ve-makinesi-kompresoru-regulatoru-hortumu\/#breadcrumb"},"inLanguage":"tr","potentialAction":[{"@type":"ReadAction","target":["https:\/\/induzon.com\/tr\/shop\/basincli-hava-kurutucu-icin-hava-kompresoru-sogutmali-hava-kurutucu-endustriyel-hava-kurutucu-basincli-hava-filtresi-nem-alma-cihazi-kurutucu-sistemi-filtresi-ve-makinesi-kompresoru-regulatoru-hortumu\/"]}]},{"@type":"ImageObject","inLanguage":"tr","@id":"https:\/\/induzon.com\/tr\/shop\/basincli-hava-kurutucu-icin-hava-kompresoru-sogutmali-hava-kurutucu-endustriyel-hava-kurutucu-basincli-hava-filtresi-nem-alma-cihazi-kurutucu-sistemi-filtresi-ve-makinesi-kompresoru-regulatoru-hortumu\/#primaryimage","url":"https:\/\/induzon.com\/wp-content\/uploads\/2025\/07\/\u56fe-1-6.jpg","contentUrl":"https:\/\/induzon.com\/wp-content\/uploads\/2025\/07\/\u56fe-1-6.jpg","width":1500,"height":1500,"caption":"End\u00fcstriyel hava kurutucu, bas\u0131n\u00e7l\u0131 hava kurutucu sistemi ve so\u011futmal\u0131 hava kurutucu ile kompres\u00f6r filtre \u00e7\u00f6z\u00fcmleri, Hava Kurutucu End\u00fcstriyel Nem Al\u0131c\u0131"},{"@type":"BreadcrumbList","@id":"https:\/\/induzon.com\/tr\/shop\/basincli-hava-kurutucu-icin-hava-kompresoru-sogutmali-hava-kurutucu-endustriyel-hava-kurutucu-basincli-hava-filtresi-nem-alma-cihazi-kurutucu-sistemi-filtresi-ve-makinesi-kompresoru-regulatoru-hortumu\/#breadcrumb","itemListElement":[{"@type":"ListItem","position":1,"name":"\u9996\u9875","item":"https:\/\/induzon.com\/tr\/ev\/"},{"@type":"ListItem","position":2,"name":"Ma\u011faza","item":"https:\/\/induzon.com\/tr\/magaza\/"},{"@type":"ListItem","position":3,"name":"bas\u0131n\u00e7l\u0131 hava kurutucu i\u00e7in hava kompres\u00f6r\u00fc so\u011futmal\u0131 hava kurutucu end\u00fcstriyel hava kurutucu bas\u0131n\u00e7l\u0131 hava filtresi nem alma cihaz\u0131 kurutucu sistemi filtresi ve makinesi kompres\u00f6r\u00fc reg\u00fclat\u00f6r\u00fc hortumu End\u00fcstriyel hava filtresi Otomatik drenaj"}]},{"@type":"WebSite","@id":"https:\/\/induzon.com\/tr\/#website","url":"https:\/\/induzon.com\/tr\/","name":"induzon","description":"","potentialAction":[{"@type":"SearchAction","target":{"@type":"EntryPoint","urlTemplate":"https:\/\/induzon.com\/tr\/?s={search_term_string}"},"query-input":{"@type":"PropertyValueSpecification","valueRequired":true,"valueName":"search_term_string"}}],"inLanguage":"tr"}]}},"_links":{"self":[{"href":"https:\/\/induzon.com\/tr\/wp-json\/wp\/v2\/product\/16252","targetHints":{"allow":["GET"]}}],"collection":[{"href":"https:\/\/induzon.com\/tr\/wp-json\/wp\/v2\/product"}],"about":[{"href":"https:\/\/induzon.com\/tr\/wp-json\/wp\/v2\/types\/product"}],"replies":[{"embeddable":true,"href":"https:\/\/induzon.com\/tr\/wp-json\/wp\/v2\/comments?post=16252"}],"version-history":[{"count":1,"href":"https:\/\/induzon.com\/tr\/wp-json\/wp\/v2\/product\/16252\/revisions"}],"predecessor-version":[{"id":31809,"href":"https:\/\/induzon.com\/tr\/wp-json\/wp\/v2\/product\/16252\/revisions\/31809"}],"wp:featuredmedia":[{"embeddable":true,"href":"https:\/\/induzon.com\/tr\/wp-json\/wp\/v2\/media\/16186"}],"wp:attachment":[{"href":"https:\/\/induzon.com\/tr\/wp-json\/wp\/v2\/media?parent=16252"}],"wp:term":[{"taxonomy":"product_brand","embeddable":true,"href":"https:\/\/induzon.com\/tr\/wp-json\/wp\/v2\/product_brand?post=16252"},{"taxonomy":"product_cat","embeddable":true,"href":"https:\/\/induzon.com\/tr\/wp-json\/wp\/v2\/product_cat?post=16252"},{"taxonomy":"product_tag","embeddable":true,"href":"https:\/\/induzon.com\/tr\/wp-json\/wp\/v2\/product_tag?post=16252"}],"curies":[{"name":"wp","href":"https:\/\/api.w.org\/{rel}","templated":true}]}}