{"id":16493,"date":"2025-07-09T11:01:41","date_gmt":"2025-07-09T03:01:41","guid":{"rendered":"https:\/\/induzon.com\/shop\/industrial-diy-welding-fume-extractor-welding-smoke-extractor-laser-fume-extraction-nozzle-duckbill-nozzle-plastic-ventilation-exhaust-hood-solder-hood-table-grinding-machine-dedicated-dust-collection\/"},"modified":"2026-01-02T10:25:42","modified_gmt":"2026-01-02T02:25:42","slug":"industrial-diy-welding-fume-extractor-welding-smoke-extractor-laser-fume-extraction-nozzle-duckbill-nozzle-plastic-ventilation-exhaust-hood-solder-hood-table-grinding-machine-dedicated-dust-collection","status":"publish","type":"product","link":"https:\/\/induzon.com\/tr\/shop\/industrial-diy-welding-fume-extractor-welding-smoke-extractor-laser-fume-extraction-nozzle-duckbill-nozzle-plastic-ventilation-exhaust-hood-solder-hood-table-grinding-machine-dedicated-dust-collection\/","title":{"rendered":"End\u00fcstriyel DIY Kaynak Duman\u0131 Emici Kaynak Duman\u0131 Emici Lazer Duman\u0131 Emme Nozulu \u00d6rdek Gagas\u0131 Nozulu Plastik Havaland\u0131rma Egzoz Davlumbaz\u0131 Lehim Davlumbaz\u0131 Masa Ta\u015flama Makinesi \u00d6zel Toz Toplama Kapa\u011f\u0131"},"content":{"rendered":"<p>1.Lazer duman\u0131 \u00e7\u0131karma nozulu ile kesintisiz ve temiz hava sa\u011flay\u0131n.<br \/>\n2.End\u00fcstriyel kaynak duman\u0131 emi\u015fi i\u00e7in \u00f6zel olarak tasarlanm\u0131\u015f dayan\u0131kl\u0131 plastik malzeme.<br \/>\n3.\u00c7ok y\u00f6nl\u00fc kullan\u0131m: lazer kesim, kaynak ve di\u011fer end\u00fcstriyel uygulamalar i\u00e7in idealdir.<br \/>\n4.Pratik ve hafif tasar\u0131m\u0131 ile kolay ta\u015f\u0131nabilir ve kullan\u0131m\u0131 son derece basittir.<br \/>\n5.Etkili hava ak\u0131\u015f\u0131 sa\u011flayan \u00f6zel nozul tasar\u0131m\u0131 ile maksimum verimlilik sunar.<\/p>\n","protected":false},"excerpt":{"rendered":"<p>1.Lazer duman\u0131 \u00e7\u0131karma nozulu ile kesintisiz ve temiz hava sa\u011flay\u0131n. 2.End\u00fcstriyel kaynak duman\u0131 emi\u015fi i\u00e7in \u00f6zel olarak tasarlanm\u0131\u015f dayan\u0131kl\u0131 plastik [&hellip;]<\/p>\n","protected":false},"featured_media":16370,"comment_status":"open","ping_status":"closed","template":"","meta":{"site-sidebar-layout":"default","site-content-layout":"","ast-site-content-layout":"default","site-content-style":"default","site-sidebar-style":"default","ast-global-header-display":"","ast-banner-title-visibility":"","ast-main-header-display":"","ast-hfb-above-header-display":"","ast-hfb-below-header-display":"","ast-hfb-mobile-header-display":"","site-post-title":"","ast-breadcrumbs-content":"","ast-featured-img":"","footer-sml-layout":"","theme-transparent-header-meta":"default","adv-header-id-meta":"","stick-header-meta":"","header-above-stick-meta":"","header-main-stick-meta":"","header-below-stick-meta":"","astra-migrate-meta-layouts":"set","ast-page-background-enabled":"default","ast-page-background-meta":{"desktop":{"background-color":"var(--ast-global-color-4)","background-image":"","background-repeat":"repeat","background-position":"center center","background-size":"auto","background-attachment":"scroll","background-type":"","background-media":"","overlay-type":"","overlay-color":"","overlay-opacity":"","overlay-gradient":""},"tablet":{"background-color":"","background-image":"","background-repeat":"repeat","background-position":"center center","background-size":"auto","background-attachment":"scroll","background-type":"","background-media":"","overlay-type":"","overlay-color":"","overlay-opacity":"","overlay-gradient":""},"mobile":{"background-color":"","background-image":"","background-repeat":"repeat","background-position":"center center","background-size":"auto","background-attachment":"scroll","background-type":"","background-media":"","overlay-type":"","overlay-color":"","overlay-opacity":"","overlay-gradient":""}},"ast-content-background-meta":{"desktop":{"background-color":"var(--ast-global-color-5)","background-image":"","background-repeat":"repeat","background-position":"center center","background-size":"auto","background-attachment":"scroll","background-type":"","background-media":"","overlay-type":"","overlay-color":"","overlay-opacity":"","overlay-gradient":""},"tablet":{"background-color":"var(--ast-global-color-5)","background-image":"","background-repeat":"repeat","background-position":"center center","background-size":"auto","background-attachment":"scroll","background-type":"","background-media":"","overlay-type":"","overlay-color":"","overlay-opacity":"","overlay-gradient":""},"mobile":{"background-color":"var(--ast-global-color-5)","background-image":"","background-repeat":"repeat","background-position":"center center","background-size":"auto","background-attachment":"scroll","background-type":"","background-media":"","overlay-type":"","overlay-color":"","overlay-opacity":"","overlay-gradient":""}}},"product_brand":[],"product_cat":[1528,1085],"product_tag":[1529,1834],"class_list":{"0":"post-16493","1":"product","2":"type-product","3":"status-publish","4":"has-post-thumbnail","6":"product_cat-duman-aritma-aksesuarlari","7":"product_cat-endustriyel-ve-ticari-ekipmanlar","8":"product_tag-duman-emme-ekipmani","9":"product_tag-taslama-makinesi-toz-emme-davlumbazi","10":"desktop-align-left","11":"tablet-align-left","12":"mobile-align-left","14":"first","15":"instock","16":"sale","17":"shipping-taxable","18":"purchasable","19":"product-type-variable"},"yoast_head":"<!-- This site is optimized with the Yoast SEO plugin v24.9 - https:\/\/yoast.com\/wordpress\/plugins\/seo\/ -->\r\n<title>End\u00fcstriyel DIY Kaynak Duman\u0131 Davlumbaz\u0131 -Induzon<\/title>\r\n<meta name=\"description\" content=\"Kaynak duman emici ve lazer duman \u00e7\u0131kar\u0131c\u0131 ile havaland\u0131rma nozulu, end\u00fcstriyel duman ve toz kontrol\u00fc i\u00e7in ideal \u00e7\u00f6z\u00fcmler.\" \/>\r\n<meta name=\"robots\" content=\"index, follow, max-snippet:-1, max-image-preview:large, max-video-preview:-1\" \/>\r\n<link rel=\"canonical\" href=\"https:\/\/induzon.com\/tr\/shop\/industrial-diy-welding-fume-extractor-welding-smoke-extractor-laser-fume-extraction-nozzle-duckbill-nozzle-plastic-ventilation-exhaust-hood-solder-hood-table-grinding-machine-dedicated-dust-collection\/\" \/>\r\n<meta property=\"og:locale\" content=\"tr_TR\" \/>\r\n<meta property=\"og:type\" content=\"article\" \/>\r\n<meta property=\"og:title\" content=\"End\u00fcstriyel DIY Kaynak Duman\u0131 Davlumbaz\u0131 -Induzon\" \/>\r\n<meta property=\"og:description\" content=\"Kaynak duman emici ve lazer duman \u00e7\u0131kar\u0131c\u0131 ile havaland\u0131rma nozulu, end\u00fcstriyel duman ve toz kontrol\u00fc i\u00e7in ideal \u00e7\u00f6z\u00fcmler.\" \/>\r\n<meta property=\"og:url\" content=\"https:\/\/induzon.com\/tr\/shop\/industrial-diy-welding-fume-extractor-welding-smoke-extractor-laser-fume-extraction-nozzle-duckbill-nozzle-plastic-ventilation-exhaust-hood-solder-hood-table-grinding-machine-dedicated-dust-collection\/\" \/>\r\n<meta property=\"og:site_name\" content=\"induzon\" \/>\r\n<meta property=\"article:modified_time\" content=\"2026-01-02T02:25:42+00:00\" \/>\r\n<meta property=\"og:image\" content=\"https:\/\/induzon.com\/wp-content\/uploads\/2025\/07\/\u56fe-2-7.jpg\" \/>\r\n\t<meta property=\"og:image:width\" content=\"1500\" \/>\r\n\t<meta property=\"og:image:height\" content=\"1500\" \/>\r\n\t<meta property=\"og:image:type\" content=\"image\/jpeg\" \/>\r\n<meta name=\"twitter:card\" content=\"summary_large_image\" \/>\r\n<meta name=\"twitter:label1\" content=\"Tahmini okuma s\u00fcresi\" \/>\n\t<meta name=\"twitter:data1\" content=\"1 dakika\" \/>\r\n<script type=\"application\/ld+json\" class=\"yoast-schema-graph\">{\"@context\":\"https:\/\/schema.org\",\"@graph\":[{\"@type\":\"WebPage\",\"@id\":\"https:\/\/induzon.com\/tr\/shop\/industrial-diy-welding-fume-extractor-welding-smoke-extractor-laser-fume-extraction-nozzle-duckbill-nozzle-plastic-ventilation-exhaust-hood-solder-hood-table-grinding-machine-dedicated-dust-collection\/\",\"url\":\"https:\/\/induzon.com\/tr\/shop\/industrial-diy-welding-fume-extractor-welding-smoke-extractor-laser-fume-extraction-nozzle-duckbill-nozzle-plastic-ventilation-exhaust-hood-solder-hood-table-grinding-machine-dedicated-dust-collection\/\",\"name\":\"End\u00fcstriyel DIY Kaynak Duman\u0131 Davlumbaz\u0131 -Induzon\",\"isPartOf\":{\"@id\":\"https:\/\/induzon.com\/tr\/#website\"},\"primaryImageOfPage\":{\"@id\":\"https:\/\/induzon.com\/tr\/shop\/industrial-diy-welding-fume-extractor-welding-smoke-extractor-laser-fume-extraction-nozzle-duckbill-nozzle-plastic-ventilation-exhaust-hood-solder-hood-table-grinding-machine-dedicated-dust-collection\/#primaryimage\"},\"image\":{\"@id\":\"https:\/\/induzon.com\/tr\/shop\/industrial-diy-welding-fume-extractor-welding-smoke-extractor-laser-fume-extraction-nozzle-duckbill-nozzle-plastic-ventilation-exhaust-hood-solder-hood-table-grinding-machine-dedicated-dust-collection\/#primaryimage\"},\"thumbnailUrl\":\"https:\/\/induzon.com\/wp-content\/uploads\/2025\/07\/\u56fe-2-7.jpg\",\"datePublished\":\"2025-07-09T03:01:41+00:00\",\"dateModified\":\"2026-01-02T02:25:42+00:00\",\"description\":\"Kaynak duman emici ve lazer duman \u00e7\u0131kar\u0131c\u0131 ile havaland\u0131rma nozulu, end\u00fcstriyel duman ve toz kontrol\u00fc i\u00e7in ideal \u00e7\u00f6z\u00fcmler.\",\"breadcrumb\":{\"@id\":\"https:\/\/induzon.com\/tr\/shop\/industrial-diy-welding-fume-extractor-welding-smoke-extractor-laser-fume-extraction-nozzle-duckbill-nozzle-plastic-ventilation-exhaust-hood-solder-hood-table-grinding-machine-dedicated-dust-collection\/#breadcrumb\"},\"inLanguage\":\"tr\",\"potentialAction\":[{\"@type\":\"ReadAction\",\"target\":[\"https:\/\/induzon.com\/tr\/shop\/industrial-diy-welding-fume-extractor-welding-smoke-extractor-laser-fume-extraction-nozzle-duckbill-nozzle-plastic-ventilation-exhaust-hood-solder-hood-table-grinding-machine-dedicated-dust-collection\/\"]}]},{\"@type\":\"ImageObject\",\"inLanguage\":\"tr\",\"@id\":\"https:\/\/induzon.com\/tr\/shop\/industrial-diy-welding-fume-extractor-welding-smoke-extractor-laser-fume-extraction-nozzle-duckbill-nozzle-plastic-ventilation-exhaust-hood-solder-hood-table-grinding-machine-dedicated-dust-collection\/#primaryimage\",\"url\":\"https:\/\/induzon.com\/wp-content\/uploads\/2025\/07\/\u56fe-2-7.jpg\",\"contentUrl\":\"https:\/\/induzon.com\/wp-content\/uploads\/2025\/07\/\u56fe-2-7.jpg\",\"width\":1500,\"height\":1500,\"caption\":\"Kaynak duman emici ve lazer duman \u00e7\u0131kar\u0131c\u0131 ile havaland\u0131rma nozulu, end\u00fcstriyel duman ve toz kontrol\u00fc i\u00e7in ideal \u00e7\u00f6z\u00fcmler.\"},{\"@type\":\"BreadcrumbList\",\"@id\":\"https:\/\/induzon.com\/tr\/shop\/industrial-diy-welding-fume-extractor-welding-smoke-extractor-laser-fume-extraction-nozzle-duckbill-nozzle-plastic-ventilation-exhaust-hood-solder-hood-table-grinding-machine-dedicated-dust-collection\/#breadcrumb\",\"itemListElement\":[{\"@type\":\"ListItem\",\"position\":1,\"name\":\"\u9996\u9875\",\"item\":\"https:\/\/induzon.com\/tr\/ev\/\"},{\"@type\":\"ListItem\",\"position\":2,\"name\":\"Ma\u011faza\",\"item\":\"https:\/\/induzon.com\/tr\/magaza\/\"},{\"@type\":\"ListItem\",\"position\":3,\"name\":\"End\u00fcstriyel DIY Kaynak Duman\u0131 Emici Kaynak Duman\u0131 Emici Lazer Duman\u0131 Emme Nozulu \u00d6rdek Gagas\u0131 Nozulu Plastik Havaland\u0131rma Egzoz Davlumbaz\u0131 Lehim Davlumbaz\u0131 Masa Ta\u015flama Makinesi \u00d6zel Toz Toplama Kapa\u011f\u0131\"}]},{\"@type\":\"WebSite\",\"@id\":\"https:\/\/induzon.com\/tr\/#website\",\"url\":\"https:\/\/induzon.com\/tr\/\",\"name\":\"induzon\",\"description\":\"\",\"potentialAction\":[{\"@type\":\"SearchAction\",\"target\":{\"@type\":\"EntryPoint\",\"urlTemplate\":\"https:\/\/induzon.com\/tr\/?s={search_term_string}\"},\"query-input\":{\"@type\":\"PropertyValueSpecification\",\"valueRequired\":true,\"valueName\":\"search_term_string\"}}],\"inLanguage\":\"tr\"}]}<\/script>\r\n<!-- \/ Yoast SEO plugin. -->","yoast_head_json":{"title":"End\u00fcstriyel DIY Kaynak Duman\u0131 Davlumbaz\u0131 -Induzon","description":"Kaynak duman emici ve lazer duman \u00e7\u0131kar\u0131c\u0131 ile havaland\u0131rma nozulu, end\u00fcstriyel duman ve toz kontrol\u00fc i\u00e7in ideal \u00e7\u00f6z\u00fcmler.","robots":{"index":"index","follow":"follow","max-snippet":"max-snippet:-1","max-image-preview":"max-image-preview:large","max-video-preview":"max-video-preview:-1"},"canonical":"https:\/\/induzon.com\/tr\/shop\/industrial-diy-welding-fume-extractor-welding-smoke-extractor-laser-fume-extraction-nozzle-duckbill-nozzle-plastic-ventilation-exhaust-hood-solder-hood-table-grinding-machine-dedicated-dust-collection\/","og_locale":"tr_TR","og_type":"article","og_title":"End\u00fcstriyel DIY Kaynak Duman\u0131 Davlumbaz\u0131 -Induzon","og_description":"Kaynak duman emici ve lazer duman \u00e7\u0131kar\u0131c\u0131 ile havaland\u0131rma nozulu, end\u00fcstriyel duman ve toz kontrol\u00fc i\u00e7in ideal \u00e7\u00f6z\u00fcmler.","og_url":"https:\/\/induzon.com\/tr\/shop\/industrial-diy-welding-fume-extractor-welding-smoke-extractor-laser-fume-extraction-nozzle-duckbill-nozzle-plastic-ventilation-exhaust-hood-solder-hood-table-grinding-machine-dedicated-dust-collection\/","og_site_name":"induzon","article_modified_time":"2026-01-02T02:25:42+00:00","og_image":[{"width":1500,"height":1500,"url":"https:\/\/induzon.com\/wp-content\/uploads\/2025\/07\/\u56fe-2-7.jpg","type":"image\/jpeg"}],"twitter_card":"summary_large_image","twitter_misc":{"Tahmini okuma s\u00fcresi":"1 dakika"},"schema":{"@context":"https:\/\/schema.org","@graph":[{"@type":"WebPage","@id":"https:\/\/induzon.com\/tr\/shop\/industrial-diy-welding-fume-extractor-welding-smoke-extractor-laser-fume-extraction-nozzle-duckbill-nozzle-plastic-ventilation-exhaust-hood-solder-hood-table-grinding-machine-dedicated-dust-collection\/","url":"https:\/\/induzon.com\/tr\/shop\/industrial-diy-welding-fume-extractor-welding-smoke-extractor-laser-fume-extraction-nozzle-duckbill-nozzle-plastic-ventilation-exhaust-hood-solder-hood-table-grinding-machine-dedicated-dust-collection\/","name":"End\u00fcstriyel DIY Kaynak Duman\u0131 Davlumbaz\u0131 -Induzon","isPartOf":{"@id":"https:\/\/induzon.com\/tr\/#website"},"primaryImageOfPage":{"@id":"https:\/\/induzon.com\/tr\/shop\/industrial-diy-welding-fume-extractor-welding-smoke-extractor-laser-fume-extraction-nozzle-duckbill-nozzle-plastic-ventilation-exhaust-hood-solder-hood-table-grinding-machine-dedicated-dust-collection\/#primaryimage"},"image":{"@id":"https:\/\/induzon.com\/tr\/shop\/industrial-diy-welding-fume-extractor-welding-smoke-extractor-laser-fume-extraction-nozzle-duckbill-nozzle-plastic-ventilation-exhaust-hood-solder-hood-table-grinding-machine-dedicated-dust-collection\/#primaryimage"},"thumbnailUrl":"https:\/\/induzon.com\/wp-content\/uploads\/2025\/07\/\u56fe-2-7.jpg","datePublished":"2025-07-09T03:01:41+00:00","dateModified":"2026-01-02T02:25:42+00:00","description":"Kaynak duman emici ve lazer duman \u00e7\u0131kar\u0131c\u0131 ile havaland\u0131rma nozulu, end\u00fcstriyel duman ve toz kontrol\u00fc i\u00e7in ideal \u00e7\u00f6z\u00fcmler.","breadcrumb":{"@id":"https:\/\/induzon.com\/tr\/shop\/industrial-diy-welding-fume-extractor-welding-smoke-extractor-laser-fume-extraction-nozzle-duckbill-nozzle-plastic-ventilation-exhaust-hood-solder-hood-table-grinding-machine-dedicated-dust-collection\/#breadcrumb"},"inLanguage":"tr","potentialAction":[{"@type":"ReadAction","target":["https:\/\/induzon.com\/tr\/shop\/industrial-diy-welding-fume-extractor-welding-smoke-extractor-laser-fume-extraction-nozzle-duckbill-nozzle-plastic-ventilation-exhaust-hood-solder-hood-table-grinding-machine-dedicated-dust-collection\/"]}]},{"@type":"ImageObject","inLanguage":"tr","@id":"https:\/\/induzon.com\/tr\/shop\/industrial-diy-welding-fume-extractor-welding-smoke-extractor-laser-fume-extraction-nozzle-duckbill-nozzle-plastic-ventilation-exhaust-hood-solder-hood-table-grinding-machine-dedicated-dust-collection\/#primaryimage","url":"https:\/\/induzon.com\/wp-content\/uploads\/2025\/07\/\u56fe-2-7.jpg","contentUrl":"https:\/\/induzon.com\/wp-content\/uploads\/2025\/07\/\u56fe-2-7.jpg","width":1500,"height":1500,"caption":"Kaynak duman emici ve lazer duman \u00e7\u0131kar\u0131c\u0131 ile havaland\u0131rma nozulu, end\u00fcstriyel duman ve toz kontrol\u00fc i\u00e7in ideal \u00e7\u00f6z\u00fcmler."},{"@type":"BreadcrumbList","@id":"https:\/\/induzon.com\/tr\/shop\/industrial-diy-welding-fume-extractor-welding-smoke-extractor-laser-fume-extraction-nozzle-duckbill-nozzle-plastic-ventilation-exhaust-hood-solder-hood-table-grinding-machine-dedicated-dust-collection\/#breadcrumb","itemListElement":[{"@type":"ListItem","position":1,"name":"\u9996\u9875","item":"https:\/\/induzon.com\/tr\/ev\/"},{"@type":"ListItem","position":2,"name":"Ma\u011faza","item":"https:\/\/induzon.com\/tr\/magaza\/"},{"@type":"ListItem","position":3,"name":"End\u00fcstriyel DIY Kaynak Duman\u0131 Emici Kaynak Duman\u0131 Emici Lazer Duman\u0131 Emme Nozulu \u00d6rdek Gagas\u0131 Nozulu Plastik Havaland\u0131rma Egzoz Davlumbaz\u0131 Lehim Davlumbaz\u0131 Masa Ta\u015flama Makinesi \u00d6zel Toz Toplama Kapa\u011f\u0131"}]},{"@type":"WebSite","@id":"https:\/\/induzon.com\/tr\/#website","url":"https:\/\/induzon.com\/tr\/","name":"induzon","description":"","potentialAction":[{"@type":"SearchAction","target":{"@type":"EntryPoint","urlTemplate":"https:\/\/induzon.com\/tr\/?s={search_term_string}"},"query-input":{"@type":"PropertyValueSpecification","valueRequired":true,"valueName":"search_term_string"}}],"inLanguage":"tr"}]}},"_links":{"self":[{"href":"https:\/\/induzon.com\/tr\/wp-json\/wp\/v2\/product\/16493","targetHints":{"allow":["GET"]}}],"collection":[{"href":"https:\/\/induzon.com\/tr\/wp-json\/wp\/v2\/product"}],"about":[{"href":"https:\/\/induzon.com\/tr\/wp-json\/wp\/v2\/types\/product"}],"replies":[{"embeddable":true,"href":"https:\/\/induzon.com\/tr\/wp-json\/wp\/v2\/comments?post=16493"}],"version-history":[{"count":3,"href":"https:\/\/induzon.com\/tr\/wp-json\/wp\/v2\/product\/16493\/revisions"}],"predecessor-version":[{"id":32644,"href":"https:\/\/induzon.com\/tr\/wp-json\/wp\/v2\/product\/16493\/revisions\/32644"}],"wp:featuredmedia":[{"embeddable":true,"href":"https:\/\/induzon.com\/tr\/wp-json\/wp\/v2\/media\/16370"}],"wp:attachment":[{"href":"https:\/\/induzon.com\/tr\/wp-json\/wp\/v2\/media?parent=16493"}],"wp:term":[{"taxonomy":"product_brand","embeddable":true,"href":"https:\/\/induzon.com\/tr\/wp-json\/wp\/v2\/product_brand?post=16493"},{"taxonomy":"product_cat","embeddable":true,"href":"https:\/\/induzon.com\/tr\/wp-json\/wp\/v2\/product_cat?post=16493"},{"taxonomy":"product_tag","embeddable":true,"href":"https:\/\/induzon.com\/tr\/wp-json\/wp\/v2\/product_tag?post=16493"}],"curies":[{"name":"wp","href":"https:\/\/api.w.org\/{rel}","templated":true}]}}