{"id":19080,"date":"2025-07-19T10:21:56","date_gmt":"2025-07-19T02:21:56","guid":{"rendered":"https:\/\/induzon.com\/shop\/fanli-yag-sogutucusu-icin-mini-ekskavator-kendinden-dolasimli-hidrolik-yag-radyatoru-hidrolik-yag-sogutucu-radyator-sogutucu-fan-12v-hava-sogutmali-motor-yag-sogutucu-kiti-hidrolik-radyator-sogutma-fa\/"},"modified":"2025-12-29T13:30:33","modified_gmt":"2025-12-29T05:30:33","slug":"fanli-yag-sogutucusu-icin-mini-ekskavator-kendinden-dolasimli-hidrolik-yag-radyatoru-hidrolik-yag-sogutucu-radyator-sogutucu-fan-12v-hava-sogutmali-motor-yag-sogutucu-kiti-hidrolik-radyator-sogutma-fa","status":"publish","type":"product","link":"https:\/\/induzon.com\/tr\/shop\/fanli-yag-sogutucusu-icin-mini-ekskavator-kendinden-dolasimli-hidrolik-yag-radyatoru-hidrolik-yag-sogutucu-radyator-sogutucu-fan-12v-hava-sogutmali-motor-yag-sogutucu-kiti-hidrolik-radyator-sogutma-fa\/","title":{"rendered":"fanl\u0131 ya\u011f so\u011futucusu i\u00e7in mini ekskavat\u00f6r kendinden dola\u015f\u0131ml\u0131 hidrolik ya\u011f radyat\u00f6r\u00fc hidrolik ya\u011f so\u011futucu radyat\u00f6r so\u011futucu fan 12v hava so\u011futmal\u0131 motor ya\u011f so\u011futucu kiti hidrolik radyat\u00f6r so\u011futma fan\u0131"},"content":{"rendered":"<p>1.12V fanl\u0131 hidrolik ya\u011f so\u011futucu, mini ekskavat\u00f6rler i\u00e7in y\u00fcksek verimli so\u011futma sa\u011flar.<br \/>\n2.Hava so\u011futmal\u0131 hidrolik ya\u011f so\u011futucu, mini ekskavat\u00f6rlerde a\u015f\u0131r\u0131 \u0131s\u0131nmay\u0131 \u00f6nler.<br \/>\n3.Dayan\u0131kl\u0131 ve hafif tasar\u0131m\u0131 ile kolay kurulum ve uzun \u00f6m\u00fcr sunar.<br \/>\n4.Mini ekskavat\u00f6r, trakt\u00f6r ve di\u011fer ara\u00e7lar i\u00e7in ideal so\u011futma \u00e7\u00f6z\u00fcm\u00fc.<br \/>\n5.Y\u00fcksek kaliteli malzemelerle \u00fcretilmi\u015f, g\u00fcvenilir ve sessiz \u00e7al\u0131\u015fma performans\u0131.<\/p>\n","protected":false},"excerpt":{"rendered":"<p>1.12V fanl\u0131 hidrolik ya\u011f so\u011futucu, mini ekskavat\u00f6rler i\u00e7in y\u00fcksek verimli so\u011futma sa\u011flar. 2.Hava so\u011futmal\u0131 hidrolik ya\u011f so\u011futucu, mini ekskavat\u00f6rlerde a\u015f\u0131r\u0131 [&hellip;]<\/p>\n","protected":false},"featured_media":19068,"comment_status":"open","ping_status":"closed","template":"","meta":{"site-sidebar-layout":"default","site-content-layout":"","ast-site-content-layout":"default","site-content-style":"default","site-sidebar-style":"default","ast-global-header-display":"","ast-banner-title-visibility":"","ast-main-header-display":"","ast-hfb-above-header-display":"","ast-hfb-below-header-display":"","ast-hfb-mobile-header-display":"","site-post-title":"","ast-breadcrumbs-content":"","ast-featured-img":"","footer-sml-layout":"","theme-transparent-header-meta":"default","adv-header-id-meta":"","stick-header-meta":"","header-above-stick-meta":"","header-main-stick-meta":"","header-below-stick-meta":"","astra-migrate-meta-layouts":"set","ast-page-background-enabled":"default","ast-page-background-meta":{"desktop":{"background-color":"var(--ast-global-color-4)","background-image":"","background-repeat":"repeat","background-position":"center center","background-size":"auto","background-attachment":"scroll","background-type":"","background-media":"","overlay-type":"","overlay-color":"","overlay-opacity":"","overlay-gradient":""},"tablet":{"background-color":"","background-image":"","background-repeat":"repeat","background-position":"center center","background-size":"auto","background-attachment":"scroll","background-type":"","background-media":"","overlay-type":"","overlay-color":"","overlay-opacity":"","overlay-gradient":""},"mobile":{"background-color":"","background-image":"","background-repeat":"repeat","background-position":"center center","background-size":"auto","background-attachment":"scroll","background-type":"","background-media":"","overlay-type":"","overlay-color":"","overlay-opacity":"","overlay-gradient":""}},"ast-content-background-meta":{"desktop":{"background-color":"var(--ast-global-color-5)","background-image":"","background-repeat":"repeat","background-position":"center center","background-size":"auto","background-attachment":"scroll","background-type":"","background-media":"","overlay-type":"","overlay-color":"","overlay-opacity":"","overlay-gradient":""},"tablet":{"background-color":"var(--ast-global-color-5)","background-image":"","background-repeat":"repeat","background-position":"center center","background-size":"auto","background-attachment":"scroll","background-type":"","background-media":"","overlay-type":"","overlay-color":"","overlay-opacity":"","overlay-gradient":""},"mobile":{"background-color":"var(--ast-global-color-5)","background-image":"","background-repeat":"repeat","background-position":"center center","background-size":"auto","background-attachment":"scroll","background-type":"","background-media":"","overlay-type":"","overlay-color":"","overlay-opacity":"","overlay-gradient":""}}},"product_brand":[],"product_cat":[1580,1581,1582],"product_tag":[1583],"class_list":{"0":"post-19080","1":"product","2":"type-product","3":"status-publish","4":"has-post-thumbnail","6":"product_cat-makine-ve-sanayi-urunleri","7":"product_cat-sogutma-sistemi","8":"product_cat-yag-sogutucusu","9":"product_tag-hava-sogutucu","10":"desktop-align-left","11":"tablet-align-left","12":"mobile-align-left","14":"first","15":"instock","16":"sale","17":"shipping-taxable","18":"purchasable","19":"product-type-variable"},"yoast_head":"<!-- This site is optimized with the Yoast SEO plugin v24.9 - https:\/\/yoast.com\/wordpress\/plugins\/seo\/ -->\r\n<title>12V Fanl\u0131 Hidrolik Ya\u011f So\u011futucu Mini Ekskavat\u00f6r i\u00e7in -Induzon<\/title>\r\n<meta name=\"description\" content=\"Hidrolik radyat\u00f6r so\u011futma fanl\u0131 mini ekskavat\u00f6rler i\u00e7in. Motor ya\u011f\u0131 so\u011futucu, \u015fanz\u0131man sistemleri, end\u00fcstriyel \u00e7\u00f6z\u00fcmler, Fanl\u0131 Hidrolik Ya\u011f So\u011futucu\" \/>\r\n<meta name=\"robots\" content=\"index, follow, max-snippet:-1, max-image-preview:large, max-video-preview:-1\" \/>\r\n<link rel=\"canonical\" href=\"https:\/\/induzon.com\/tr\/shop\/fanli-yag-sogutucusu-icin-mini-ekskavator-kendinden-dolasimli-hidrolik-yag-radyatoru-hidrolik-yag-sogutucu-radyator-sogutucu-fan-12v-hava-sogutmali-motor-yag-sogutucu-kiti-hidrolik-radyator-sogutma-fa\/\" \/>\r\n<meta property=\"og:locale\" content=\"tr_TR\" \/>\r\n<meta property=\"og:type\" content=\"article\" \/>\r\n<meta property=\"og:title\" content=\"12V Fanl\u0131 Hidrolik Ya\u011f So\u011futucu Mini Ekskavat\u00f6r i\u00e7in -Induzon\" \/>\r\n<meta property=\"og:description\" content=\"Hidrolik radyat\u00f6r so\u011futma fanl\u0131 mini ekskavat\u00f6rler i\u00e7in. Motor ya\u011f\u0131 so\u011futucu, \u015fanz\u0131man sistemleri, end\u00fcstriyel \u00e7\u00f6z\u00fcmler, Fanl\u0131 Hidrolik Ya\u011f So\u011futucu\" \/>\r\n<meta property=\"og:url\" content=\"https:\/\/induzon.com\/tr\/shop\/fanli-yag-sogutucusu-icin-mini-ekskavator-kendinden-dolasimli-hidrolik-yag-radyatoru-hidrolik-yag-sogutucu-radyator-sogutucu-fan-12v-hava-sogutmali-motor-yag-sogutucu-kiti-hidrolik-radyator-sogutma-fa\/\" \/>\r\n<meta property=\"og:site_name\" content=\"induzon\" \/>\r\n<meta property=\"article:modified_time\" content=\"2025-12-29T05:30:33+00:00\" \/>\r\n<meta property=\"og:image\" content=\"https:\/\/induzon.com\/wp-content\/uploads\/2025\/07\/\u56fe-2-12.jpg\" \/>\r\n\t<meta property=\"og:image:width\" content=\"1500\" \/>\r\n\t<meta property=\"og:image:height\" content=\"1500\" \/>\r\n\t<meta property=\"og:image:type\" content=\"image\/jpeg\" \/>\r\n<meta name=\"twitter:card\" content=\"summary_large_image\" \/>\r\n<meta name=\"twitter:label1\" content=\"Tahmini okuma s\u00fcresi\" \/>\n\t<meta name=\"twitter:data1\" content=\"1 dakika\" \/>\r\n<script type=\"application\/ld+json\" class=\"yoast-schema-graph\">{\"@context\":\"https:\/\/schema.org\",\"@graph\":[{\"@type\":\"WebPage\",\"@id\":\"https:\/\/induzon.com\/tr\/shop\/fanli-yag-sogutucusu-icin-mini-ekskavator-kendinden-dolasimli-hidrolik-yag-radyatoru-hidrolik-yag-sogutucu-radyator-sogutucu-fan-12v-hava-sogutmali-motor-yag-sogutucu-kiti-hidrolik-radyator-sogutma-fa\/\",\"url\":\"https:\/\/induzon.com\/tr\/shop\/fanli-yag-sogutucusu-icin-mini-ekskavator-kendinden-dolasimli-hidrolik-yag-radyatoru-hidrolik-yag-sogutucu-radyator-sogutucu-fan-12v-hava-sogutmali-motor-yag-sogutucu-kiti-hidrolik-radyator-sogutma-fa\/\",\"name\":\"12V Fanl\u0131 Hidrolik Ya\u011f So\u011futucu Mini Ekskavat\u00f6r i\u00e7in -Induzon\",\"isPartOf\":{\"@id\":\"https:\/\/induzon.com\/tr\/#website\"},\"primaryImageOfPage\":{\"@id\":\"https:\/\/induzon.com\/tr\/shop\/fanli-yag-sogutucusu-icin-mini-ekskavator-kendinden-dolasimli-hidrolik-yag-radyatoru-hidrolik-yag-sogutucu-radyator-sogutucu-fan-12v-hava-sogutmali-motor-yag-sogutucu-kiti-hidrolik-radyator-sogutma-fa\/#primaryimage\"},\"image\":{\"@id\":\"https:\/\/induzon.com\/tr\/shop\/fanli-yag-sogutucusu-icin-mini-ekskavator-kendinden-dolasimli-hidrolik-yag-radyatoru-hidrolik-yag-sogutucu-radyator-sogutucu-fan-12v-hava-sogutmali-motor-yag-sogutucu-kiti-hidrolik-radyator-sogutma-fa\/#primaryimage\"},\"thumbnailUrl\":\"https:\/\/induzon.com\/wp-content\/uploads\/2025\/07\/\u56fe-2-12.jpg\",\"datePublished\":\"2025-07-19T02:21:56+00:00\",\"dateModified\":\"2025-12-29T05:30:33+00:00\",\"description\":\"Hidrolik radyat\u00f6r so\u011futma fanl\u0131 mini ekskavat\u00f6rler i\u00e7in. Motor ya\u011f\u0131 so\u011futucu, \u015fanz\u0131man sistemleri, end\u00fcstriyel \u00e7\u00f6z\u00fcmler, Fanl\u0131 Hidrolik Ya\u011f So\u011futucu\",\"breadcrumb\":{\"@id\":\"https:\/\/induzon.com\/tr\/shop\/fanli-yag-sogutucusu-icin-mini-ekskavator-kendinden-dolasimli-hidrolik-yag-radyatoru-hidrolik-yag-sogutucu-radyator-sogutucu-fan-12v-hava-sogutmali-motor-yag-sogutucu-kiti-hidrolik-radyator-sogutma-fa\/#breadcrumb\"},\"inLanguage\":\"tr\",\"potentialAction\":[{\"@type\":\"ReadAction\",\"target\":[\"https:\/\/induzon.com\/tr\/shop\/fanli-yag-sogutucusu-icin-mini-ekskavator-kendinden-dolasimli-hidrolik-yag-radyatoru-hidrolik-yag-sogutucu-radyator-sogutucu-fan-12v-hava-sogutmali-motor-yag-sogutucu-kiti-hidrolik-radyator-sogutma-fa\/\"]}]},{\"@type\":\"ImageObject\",\"inLanguage\":\"tr\",\"@id\":\"https:\/\/induzon.com\/tr\/shop\/fanli-yag-sogutucusu-icin-mini-ekskavator-kendinden-dolasimli-hidrolik-yag-radyatoru-hidrolik-yag-sogutucu-radyator-sogutucu-fan-12v-hava-sogutmali-motor-yag-sogutucu-kiti-hidrolik-radyator-sogutma-fa\/#primaryimage\",\"url\":\"https:\/\/induzon.com\/wp-content\/uploads\/2025\/07\/\u56fe-2-12.jpg\",\"contentUrl\":\"https:\/\/induzon.com\/wp-content\/uploads\/2025\/07\/\u56fe-2-12.jpg\",\"width\":1500,\"height\":1500,\"caption\":\"Hidrolik radyat\u00f6r so\u011futma fanl\u0131 mini ekskavat\u00f6rler i\u00e7in. Motor ya\u011f\u0131 so\u011futucu, \u015fanz\u0131man sistemleri, end\u00fcstriyel \u00e7\u00f6z\u00fcmler, Fanl\u0131 Hidrolik Ya\u011f So\u011futucu\"},{\"@type\":\"BreadcrumbList\",\"@id\":\"https:\/\/induzon.com\/tr\/shop\/fanli-yag-sogutucusu-icin-mini-ekskavator-kendinden-dolasimli-hidrolik-yag-radyatoru-hidrolik-yag-sogutucu-radyator-sogutucu-fan-12v-hava-sogutmali-motor-yag-sogutucu-kiti-hidrolik-radyator-sogutma-fa\/#breadcrumb\",\"itemListElement\":[{\"@type\":\"ListItem\",\"position\":1,\"name\":\"\u9996\u9875\",\"item\":\"https:\/\/induzon.com\/tr\/ev\/\"},{\"@type\":\"ListItem\",\"position\":2,\"name\":\"Ma\u011faza\",\"item\":\"https:\/\/induzon.com\/tr\/magaza\/\"},{\"@type\":\"ListItem\",\"position\":3,\"name\":\"fanl\u0131 ya\u011f so\u011futucusu i\u00e7in mini ekskavat\u00f6r kendinden dola\u015f\u0131ml\u0131 hidrolik ya\u011f radyat\u00f6r\u00fc hidrolik ya\u011f so\u011futucu radyat\u00f6r so\u011futucu fan 12v hava so\u011futmal\u0131 motor ya\u011f so\u011futucu kiti hidrolik radyat\u00f6r so\u011futma fan\u0131\"}]},{\"@type\":\"WebSite\",\"@id\":\"https:\/\/induzon.com\/tr\/#website\",\"url\":\"https:\/\/induzon.com\/tr\/\",\"name\":\"induzon\",\"description\":\"\",\"potentialAction\":[{\"@type\":\"SearchAction\",\"target\":{\"@type\":\"EntryPoint\",\"urlTemplate\":\"https:\/\/induzon.com\/tr\/?s={search_term_string}\"},\"query-input\":{\"@type\":\"PropertyValueSpecification\",\"valueRequired\":true,\"valueName\":\"search_term_string\"}}],\"inLanguage\":\"tr\"}]}<\/script>\r\n<!-- \/ Yoast SEO plugin. -->","yoast_head_json":{"title":"12V Fanl\u0131 Hidrolik Ya\u011f So\u011futucu Mini Ekskavat\u00f6r i\u00e7in -Induzon","description":"Hidrolik radyat\u00f6r so\u011futma fanl\u0131 mini ekskavat\u00f6rler i\u00e7in. Motor ya\u011f\u0131 so\u011futucu, \u015fanz\u0131man sistemleri, end\u00fcstriyel \u00e7\u00f6z\u00fcmler, Fanl\u0131 Hidrolik Ya\u011f So\u011futucu","robots":{"index":"index","follow":"follow","max-snippet":"max-snippet:-1","max-image-preview":"max-image-preview:large","max-video-preview":"max-video-preview:-1"},"canonical":"https:\/\/induzon.com\/tr\/shop\/fanli-yag-sogutucusu-icin-mini-ekskavator-kendinden-dolasimli-hidrolik-yag-radyatoru-hidrolik-yag-sogutucu-radyator-sogutucu-fan-12v-hava-sogutmali-motor-yag-sogutucu-kiti-hidrolik-radyator-sogutma-fa\/","og_locale":"tr_TR","og_type":"article","og_title":"12V Fanl\u0131 Hidrolik Ya\u011f So\u011futucu Mini Ekskavat\u00f6r i\u00e7in -Induzon","og_description":"Hidrolik radyat\u00f6r so\u011futma fanl\u0131 mini ekskavat\u00f6rler i\u00e7in. Motor ya\u011f\u0131 so\u011futucu, \u015fanz\u0131man sistemleri, end\u00fcstriyel \u00e7\u00f6z\u00fcmler, Fanl\u0131 Hidrolik Ya\u011f So\u011futucu","og_url":"https:\/\/induzon.com\/tr\/shop\/fanli-yag-sogutucusu-icin-mini-ekskavator-kendinden-dolasimli-hidrolik-yag-radyatoru-hidrolik-yag-sogutucu-radyator-sogutucu-fan-12v-hava-sogutmali-motor-yag-sogutucu-kiti-hidrolik-radyator-sogutma-fa\/","og_site_name":"induzon","article_modified_time":"2025-12-29T05:30:33+00:00","og_image":[{"width":1500,"height":1500,"url":"https:\/\/induzon.com\/wp-content\/uploads\/2025\/07\/\u56fe-2-12.jpg","type":"image\/jpeg"}],"twitter_card":"summary_large_image","twitter_misc":{"Tahmini okuma s\u00fcresi":"1 dakika"},"schema":{"@context":"https:\/\/schema.org","@graph":[{"@type":"WebPage","@id":"https:\/\/induzon.com\/tr\/shop\/fanli-yag-sogutucusu-icin-mini-ekskavator-kendinden-dolasimli-hidrolik-yag-radyatoru-hidrolik-yag-sogutucu-radyator-sogutucu-fan-12v-hava-sogutmali-motor-yag-sogutucu-kiti-hidrolik-radyator-sogutma-fa\/","url":"https:\/\/induzon.com\/tr\/shop\/fanli-yag-sogutucusu-icin-mini-ekskavator-kendinden-dolasimli-hidrolik-yag-radyatoru-hidrolik-yag-sogutucu-radyator-sogutucu-fan-12v-hava-sogutmali-motor-yag-sogutucu-kiti-hidrolik-radyator-sogutma-fa\/","name":"12V Fanl\u0131 Hidrolik Ya\u011f So\u011futucu Mini Ekskavat\u00f6r i\u00e7in -Induzon","isPartOf":{"@id":"https:\/\/induzon.com\/tr\/#website"},"primaryImageOfPage":{"@id":"https:\/\/induzon.com\/tr\/shop\/fanli-yag-sogutucusu-icin-mini-ekskavator-kendinden-dolasimli-hidrolik-yag-radyatoru-hidrolik-yag-sogutucu-radyator-sogutucu-fan-12v-hava-sogutmali-motor-yag-sogutucu-kiti-hidrolik-radyator-sogutma-fa\/#primaryimage"},"image":{"@id":"https:\/\/induzon.com\/tr\/shop\/fanli-yag-sogutucusu-icin-mini-ekskavator-kendinden-dolasimli-hidrolik-yag-radyatoru-hidrolik-yag-sogutucu-radyator-sogutucu-fan-12v-hava-sogutmali-motor-yag-sogutucu-kiti-hidrolik-radyator-sogutma-fa\/#primaryimage"},"thumbnailUrl":"https:\/\/induzon.com\/wp-content\/uploads\/2025\/07\/\u56fe-2-12.jpg","datePublished":"2025-07-19T02:21:56+00:00","dateModified":"2025-12-29T05:30:33+00:00","description":"Hidrolik radyat\u00f6r so\u011futma fanl\u0131 mini ekskavat\u00f6rler i\u00e7in. Motor ya\u011f\u0131 so\u011futucu, \u015fanz\u0131man sistemleri, end\u00fcstriyel \u00e7\u00f6z\u00fcmler, Fanl\u0131 Hidrolik Ya\u011f So\u011futucu","breadcrumb":{"@id":"https:\/\/induzon.com\/tr\/shop\/fanli-yag-sogutucusu-icin-mini-ekskavator-kendinden-dolasimli-hidrolik-yag-radyatoru-hidrolik-yag-sogutucu-radyator-sogutucu-fan-12v-hava-sogutmali-motor-yag-sogutucu-kiti-hidrolik-radyator-sogutma-fa\/#breadcrumb"},"inLanguage":"tr","potentialAction":[{"@type":"ReadAction","target":["https:\/\/induzon.com\/tr\/shop\/fanli-yag-sogutucusu-icin-mini-ekskavator-kendinden-dolasimli-hidrolik-yag-radyatoru-hidrolik-yag-sogutucu-radyator-sogutucu-fan-12v-hava-sogutmali-motor-yag-sogutucu-kiti-hidrolik-radyator-sogutma-fa\/"]}]},{"@type":"ImageObject","inLanguage":"tr","@id":"https:\/\/induzon.com\/tr\/shop\/fanli-yag-sogutucusu-icin-mini-ekskavator-kendinden-dolasimli-hidrolik-yag-radyatoru-hidrolik-yag-sogutucu-radyator-sogutucu-fan-12v-hava-sogutmali-motor-yag-sogutucu-kiti-hidrolik-radyator-sogutma-fa\/#primaryimage","url":"https:\/\/induzon.com\/wp-content\/uploads\/2025\/07\/\u56fe-2-12.jpg","contentUrl":"https:\/\/induzon.com\/wp-content\/uploads\/2025\/07\/\u56fe-2-12.jpg","width":1500,"height":1500,"caption":"Hidrolik radyat\u00f6r so\u011futma fanl\u0131 mini ekskavat\u00f6rler i\u00e7in. Motor ya\u011f\u0131 so\u011futucu, \u015fanz\u0131man sistemleri, end\u00fcstriyel \u00e7\u00f6z\u00fcmler, Fanl\u0131 Hidrolik Ya\u011f So\u011futucu"},{"@type":"BreadcrumbList","@id":"https:\/\/induzon.com\/tr\/shop\/fanli-yag-sogutucusu-icin-mini-ekskavator-kendinden-dolasimli-hidrolik-yag-radyatoru-hidrolik-yag-sogutucu-radyator-sogutucu-fan-12v-hava-sogutmali-motor-yag-sogutucu-kiti-hidrolik-radyator-sogutma-fa\/#breadcrumb","itemListElement":[{"@type":"ListItem","position":1,"name":"\u9996\u9875","item":"https:\/\/induzon.com\/tr\/ev\/"},{"@type":"ListItem","position":2,"name":"Ma\u011faza","item":"https:\/\/induzon.com\/tr\/magaza\/"},{"@type":"ListItem","position":3,"name":"fanl\u0131 ya\u011f so\u011futucusu i\u00e7in mini ekskavat\u00f6r kendinden dola\u015f\u0131ml\u0131 hidrolik ya\u011f radyat\u00f6r\u00fc hidrolik ya\u011f so\u011futucu radyat\u00f6r so\u011futucu fan 12v hava so\u011futmal\u0131 motor ya\u011f so\u011futucu kiti hidrolik radyat\u00f6r so\u011futma fan\u0131"}]},{"@type":"WebSite","@id":"https:\/\/induzon.com\/tr\/#website","url":"https:\/\/induzon.com\/tr\/","name":"induzon","description":"","potentialAction":[{"@type":"SearchAction","target":{"@type":"EntryPoint","urlTemplate":"https:\/\/induzon.com\/tr\/?s={search_term_string}"},"query-input":{"@type":"PropertyValueSpecification","valueRequired":true,"valueName":"search_term_string"}}],"inLanguage":"tr"}]}},"_links":{"self":[{"href":"https:\/\/induzon.com\/tr\/wp-json\/wp\/v2\/product\/19080","targetHints":{"allow":["GET"]}}],"collection":[{"href":"https:\/\/induzon.com\/tr\/wp-json\/wp\/v2\/product"}],"about":[{"href":"https:\/\/induzon.com\/tr\/wp-json\/wp\/v2\/types\/product"}],"replies":[{"embeddable":true,"href":"https:\/\/induzon.com\/tr\/wp-json\/wp\/v2\/comments?post=19080"}],"version-history":[{"count":1,"href":"https:\/\/induzon.com\/tr\/wp-json\/wp\/v2\/product\/19080\/revisions"}],"predecessor-version":[{"id":32564,"href":"https:\/\/induzon.com\/tr\/wp-json\/wp\/v2\/product\/19080\/revisions\/32564"}],"wp:featuredmedia":[{"embeddable":true,"href":"https:\/\/induzon.com\/tr\/wp-json\/wp\/v2\/media\/19068"}],"wp:attachment":[{"href":"https:\/\/induzon.com\/tr\/wp-json\/wp\/v2\/media?parent=19080"}],"wp:term":[{"taxonomy":"product_brand","embeddable":true,"href":"https:\/\/induzon.com\/tr\/wp-json\/wp\/v2\/product_brand?post=19080"},{"taxonomy":"product_cat","embeddable":true,"href":"https:\/\/induzon.com\/tr\/wp-json\/wp\/v2\/product_cat?post=19080"},{"taxonomy":"product_tag","embeddable":true,"href":"https:\/\/induzon.com\/tr\/wp-json\/wp\/v2\/product_tag?post=19080"}],"curies":[{"name":"wp","href":"https:\/\/api.w.org\/{rel}","templated":true}]}}