{"id":24632,"date":"2025-09-10T15:05:40","date_gmt":"2025-09-10T07:05:40","guid":{"rendered":"https:\/\/induzon.com\/shop\/traktor-dikiz-aynasi-icin-cim-traktoru-golf-arabasi-evrensel-dis-kabin-ic-kor-nokta-buyuk-gorus-geri-romork-forklift-ekskavator-yapistirici-degistirme-montaj-tabani-vantuzlu-kamera-kilif-kapagi-kapakl\/"},"modified":"2025-12-23T15:24:07","modified_gmt":"2025-12-23T07:24:07","slug":"traktor-dikiz-aynasi-icin-cim-traktoru-golf-arabasi-evrensel-dis-kabin-ic-kor-nokta-buyuk-gorus-geri-romork-forklift-ekskavator-yapistirici-degistirme-montaj-tabani-vantuzlu-kamera-kilif-kapagi-kapakl","status":"publish","type":"product","link":"https:\/\/induzon.com\/tr\/shop\/traktor-dikiz-aynasi-icin-cim-traktoru-golf-arabasi-evrensel-dis-kabin-ic-kor-nokta-buyuk-gorus-geri-romork-forklift-ekskavator-yapistirici-degistirme-montaj-tabani-vantuzlu-kamera-kilif-kapagi-kapakl\/","title":{"rendered":"Trakt\u00f6r Dikiz Aynas\u0131 i\u00e7in \u00c7im Trakt\u00f6r\u00fc Golf Arabas\u0131 Evrensel D\u0131\u015f Kabin \u0130\u00e7 K\u00f6r Nokta B\u00fcy\u00fck G\u00f6r\u00fc\u015f Geri R\u00f6mork Forklift Ekskavat\u00f6r Yap\u0131\u015ft\u0131r\u0131c\u0131 De\u011fi\u015ftirme Montaj Taban\u0131 Vantuzlu Kamera K\u0131l\u0131f Kapa\u011f\u0131 Kapaklar\u0131 Siyah Tutucu Topu Oto Panoramik Araba Arka RV"},"content":{"rendered":"<p>1.Geni\u015f uyumluluk: \u00c7im trakt\u00f6rleri, elektrikli \u00fc\u00e7 tekerlekli ve d\u00f6rt tekerlekli ara\u00e7lar, kamyonlar ve r\u00f6morklar i\u00e7in ideal, \u00e7oklu ara\u00e7 t\u00fcrlerine sorunsuz tak\u0131l\u0131r.<br \/>\n2.Dayan\u0131kl\u0131 yap\u0131: Y\u00fcksek kaliteli malzeme ile \u00fcretilmi\u015f, sert hava ko\u015fullar\u0131na ve titre\u015fime kar\u015f\u0131 uzun \u00f6m\u00fcrl\u00fc performans sunar.<br \/>\n3.Kolay kurulum: A\u00e7\u0131k talimatlar ve gerekli t\u00fcm donan\u0131mlarla birlikte gelir, herhangi bir teknik uzmanl\u0131k gerektirmeden h\u0131zl\u0131 monte edilebilir.<br \/>\n4.Geni\u015f g\u00f6r\u00fc\u015f a\u00e7\u0131s\u0131: G\u00fcvenli s\u00fcr\u00fc\u015f i\u00e7in arka ve yan g\u00f6r\u00fc\u015f\u00fc optimize eder, k\u00f6r noktalar\u0131 azaltarak kazalar\u0131 \u00f6nlemeye yard\u0131mc\u0131 olur.<br \/>\n5.\u00c7ok y\u00f6nl\u00fc kullan\u0131m: Teslimat ara\u00e7lar\u0131, trakt\u00f6rler, golf arabalar\u0131, ekskavat\u00f6rler ve di\u011fer end\u00fcstriyel ekipmanlar i\u00e7in m\u00fckemmel bir \u00e7\u00f6z\u00fcmd\u00fcr.<\/p>\n","protected":false},"excerpt":{"rendered":"<p>1.Geni\u015f uyumluluk: \u00c7im trakt\u00f6rleri, elektrikli \u00fc\u00e7 tekerlekli ve d\u00f6rt tekerlekli ara\u00e7lar, kamyonlar ve r\u00f6morklar i\u00e7in ideal, \u00e7oklu ara\u00e7 t\u00fcrlerine sorunsuz [&hellip;]<\/p>\n","protected":false},"featured_media":24588,"comment_status":"open","ping_status":"closed","template":"","meta":{"site-sidebar-layout":"default","site-content-layout":"","ast-site-content-layout":"default","site-content-style":"default","site-sidebar-style":"default","ast-global-header-display":"","ast-banner-title-visibility":"","ast-main-header-display":"","ast-hfb-above-header-display":"","ast-hfb-below-header-display":"","ast-hfb-mobile-header-display":"","site-post-title":"","ast-breadcrumbs-content":"","ast-featured-img":"","footer-sml-layout":"","theme-transparent-header-meta":"default","adv-header-id-meta":"","stick-header-meta":"","header-above-stick-meta":"","header-main-stick-meta":"","header-below-stick-meta":"","astra-migrate-meta-layouts":"set","ast-page-background-enabled":"default","ast-page-background-meta":{"desktop":{"background-color":"var(--ast-global-color-4)","background-image":"","background-repeat":"repeat","background-position":"center center","background-size":"auto","background-attachment":"scroll","background-type":"","background-media":"","overlay-type":"","overlay-color":"","overlay-opacity":"","overlay-gradient":""},"tablet":{"background-color":"","background-image":"","background-repeat":"repeat","background-position":"center center","background-size":"auto","background-attachment":"scroll","background-type":"","background-media":"","overlay-type":"","overlay-color":"","overlay-opacity":"","overlay-gradient":""},"mobile":{"background-color":"","background-image":"","background-repeat":"repeat","background-position":"center center","background-size":"auto","background-attachment":"scroll","background-type":"","background-media":"","overlay-type":"","overlay-color":"","overlay-opacity":"","overlay-gradient":""}},"ast-content-background-meta":{"desktop":{"background-color":"var(--ast-global-color-5)","background-image":"","background-repeat":"repeat","background-position":"center center","background-size":"auto","background-attachment":"scroll","background-type":"","background-media":"","overlay-type":"","overlay-color":"","overlay-opacity":"","overlay-gradient":""},"tablet":{"background-color":"var(--ast-global-color-5)","background-image":"","background-repeat":"repeat","background-position":"center center","background-size":"auto","background-attachment":"scroll","background-type":"","background-media":"","overlay-type":"","overlay-color":"","overlay-opacity":"","overlay-gradient":""},"mobile":{"background-color":"var(--ast-global-color-5)","background-image":"","background-repeat":"repeat","background-position":"center center","background-size":"auto","background-attachment":"scroll","background-type":"","background-media":"","overlay-type":"","overlay-color":"","overlay-opacity":"","overlay-gradient":""}}},"product_brand":[],"product_cat":[1692,1690,1691],"product_tag":[1693],"class_list":{"0":"post-24632","1":"product","2":"type-product","3":"status-publish","4":"has-post-thumbnail","6":"product_cat-dikiz-aynasi","7":"product_cat-motorlu-tasit","8":"product_cat-motorlu-tasit-bilesenleri","9":"product_tag-evrensel-dikiz-aynasi","10":"desktop-align-left","11":"tablet-align-left","12":"mobile-align-left","14":"first","15":"instock","16":"sale","17":"shipping-taxable","18":"purchasable","19":"product-type-variable"},"yoast_head":"<!-- This site is optimized with the Yoast SEO plugin v24.9 - https:\/\/yoast.com\/wordpress\/plugins\/seo\/ -->\r\n<title>Trakt\u00f6r Dikiz Aynas\u0131 - Evrensel, Forklift Dikiz Aynalar\u0131 -Induzon<\/title>\r\n<meta name=\"description\" content=\"Trakt\u00f6r dikiz aynas\u0131, forklift aynalar\u0131, i\u00e7 ve d\u0131\u015f dikiz aynalar\u0131. K\u00f6r nokta aynalar\u0131 ve evrensel dikiz ayna kitleri i\u00e7in do\u011fru adres.\" \/>\r\n<meta name=\"robots\" content=\"index, follow, max-snippet:-1, max-image-preview:large, max-video-preview:-1\" \/>\r\n<link rel=\"canonical\" href=\"https:\/\/induzon.com\/tr\/shop\/traktor-dikiz-aynasi-icin-cim-traktoru-golf-arabasi-evrensel-dis-kabin-ic-kor-nokta-buyuk-gorus-geri-romork-forklift-ekskavator-yapistirici-degistirme-montaj-tabani-vantuzlu-kamera-kilif-kapagi-kapakl\/\" \/>\r\n<meta property=\"og:locale\" content=\"tr_TR\" \/>\r\n<meta property=\"og:type\" content=\"article\" \/>\r\n<meta property=\"og:title\" content=\"Trakt\u00f6r Dikiz Aynas\u0131 - Evrensel, Forklift Dikiz Aynalar\u0131 -Induzon\" \/>\r\n<meta property=\"og:description\" content=\"Trakt\u00f6r dikiz aynas\u0131, forklift aynalar\u0131, i\u00e7 ve d\u0131\u015f dikiz aynalar\u0131. K\u00f6r nokta aynalar\u0131 ve evrensel dikiz ayna kitleri i\u00e7in do\u011fru adres.\" \/>\r\n<meta property=\"og:url\" content=\"https:\/\/induzon.com\/tr\/shop\/traktor-dikiz-aynasi-icin-cim-traktoru-golf-arabasi-evrensel-dis-kabin-ic-kor-nokta-buyuk-gorus-geri-romork-forklift-ekskavator-yapistirici-degistirme-montaj-tabani-vantuzlu-kamera-kilif-kapagi-kapakl\/\" \/>\r\n<meta property=\"og:site_name\" content=\"induzon\" \/>\r\n<meta property=\"article:modified_time\" content=\"2025-12-23T07:24:07+00:00\" \/>\r\n<meta property=\"og:image\" content=\"https:\/\/induzon.com\/wp-content\/uploads\/2025\/09\/\u56fe-1.jpg\" \/>\r\n\t<meta property=\"og:image:width\" content=\"1500\" \/>\r\n\t<meta property=\"og:image:height\" content=\"1500\" \/>\r\n\t<meta property=\"og:image:type\" content=\"image\/jpeg\" \/>\r\n<meta name=\"twitter:card\" content=\"summary_large_image\" \/>\r\n<meta name=\"twitter:label1\" content=\"Tahmini okuma s\u00fcresi\" \/>\n\t<meta name=\"twitter:data1\" content=\"1 dakika\" \/>\r\n<script type=\"application\/ld+json\" class=\"yoast-schema-graph\">{\"@context\":\"https:\/\/schema.org\",\"@graph\":[{\"@type\":\"WebPage\",\"@id\":\"https:\/\/induzon.com\/tr\/shop\/traktor-dikiz-aynasi-icin-cim-traktoru-golf-arabasi-evrensel-dis-kabin-ic-kor-nokta-buyuk-gorus-geri-romork-forklift-ekskavator-yapistirici-degistirme-montaj-tabani-vantuzlu-kamera-kilif-kapagi-kapakl\/\",\"url\":\"https:\/\/induzon.com\/tr\/shop\/traktor-dikiz-aynasi-icin-cim-traktoru-golf-arabasi-evrensel-dis-kabin-ic-kor-nokta-buyuk-gorus-geri-romork-forklift-ekskavator-yapistirici-degistirme-montaj-tabani-vantuzlu-kamera-kilif-kapagi-kapakl\/\",\"name\":\"Trakt\u00f6r Dikiz Aynas\u0131 - Evrensel, Forklift Dikiz Aynalar\u0131 -Induzon\",\"isPartOf\":{\"@id\":\"https:\/\/induzon.com\/tr\/#website\"},\"primaryImageOfPage\":{\"@id\":\"https:\/\/induzon.com\/tr\/shop\/traktor-dikiz-aynasi-icin-cim-traktoru-golf-arabasi-evrensel-dis-kabin-ic-kor-nokta-buyuk-gorus-geri-romork-forklift-ekskavator-yapistirici-degistirme-montaj-tabani-vantuzlu-kamera-kilif-kapagi-kapakl\/#primaryimage\"},\"image\":{\"@id\":\"https:\/\/induzon.com\/tr\/shop\/traktor-dikiz-aynasi-icin-cim-traktoru-golf-arabasi-evrensel-dis-kabin-ic-kor-nokta-buyuk-gorus-geri-romork-forklift-ekskavator-yapistirici-degistirme-montaj-tabani-vantuzlu-kamera-kilif-kapagi-kapakl\/#primaryimage\"},\"thumbnailUrl\":\"https:\/\/induzon.com\/wp-content\/uploads\/2025\/09\/\u56fe-1.jpg\",\"datePublished\":\"2025-09-10T07:05:40+00:00\",\"dateModified\":\"2025-12-23T07:24:07+00:00\",\"description\":\"Trakt\u00f6r dikiz aynas\u0131, forklift aynalar\u0131, i\u00e7 ve d\u0131\u015f dikiz aynalar\u0131. K\u00f6r nokta aynalar\u0131 ve evrensel dikiz ayna kitleri i\u00e7in do\u011fru adres.\",\"breadcrumb\":{\"@id\":\"https:\/\/induzon.com\/tr\/shop\/traktor-dikiz-aynasi-icin-cim-traktoru-golf-arabasi-evrensel-dis-kabin-ic-kor-nokta-buyuk-gorus-geri-romork-forklift-ekskavator-yapistirici-degistirme-montaj-tabani-vantuzlu-kamera-kilif-kapagi-kapakl\/#breadcrumb\"},\"inLanguage\":\"tr\",\"potentialAction\":[{\"@type\":\"ReadAction\",\"target\":[\"https:\/\/induzon.com\/tr\/shop\/traktor-dikiz-aynasi-icin-cim-traktoru-golf-arabasi-evrensel-dis-kabin-ic-kor-nokta-buyuk-gorus-geri-romork-forklift-ekskavator-yapistirici-degistirme-montaj-tabani-vantuzlu-kamera-kilif-kapagi-kapakl\/\"]}]},{\"@type\":\"ImageObject\",\"inLanguage\":\"tr\",\"@id\":\"https:\/\/induzon.com\/tr\/shop\/traktor-dikiz-aynasi-icin-cim-traktoru-golf-arabasi-evrensel-dis-kabin-ic-kor-nokta-buyuk-gorus-geri-romork-forklift-ekskavator-yapistirici-degistirme-montaj-tabani-vantuzlu-kamera-kilif-kapagi-kapakl\/#primaryimage\",\"url\":\"https:\/\/induzon.com\/wp-content\/uploads\/2025\/09\/\u56fe-1.jpg\",\"contentUrl\":\"https:\/\/induzon.com\/wp-content\/uploads\/2025\/09\/\u56fe-1.jpg\",\"width\":1500,\"height\":1500,\"caption\":\"Trakt\u00f6r dikiz aynas\u0131, forklift aynalar\u0131, i\u00e7 ve d\u0131\u015f dikiz aynalar\u0131. K\u00f6r nokta aynalar\u0131 ve evrensel dikiz ayna kitleri i\u00e7in do\u011fru adres.\"},{\"@type\":\"BreadcrumbList\",\"@id\":\"https:\/\/induzon.com\/tr\/shop\/traktor-dikiz-aynasi-icin-cim-traktoru-golf-arabasi-evrensel-dis-kabin-ic-kor-nokta-buyuk-gorus-geri-romork-forklift-ekskavator-yapistirici-degistirme-montaj-tabani-vantuzlu-kamera-kilif-kapagi-kapakl\/#breadcrumb\",\"itemListElement\":[{\"@type\":\"ListItem\",\"position\":1,\"name\":\"\u9996\u9875\",\"item\":\"https:\/\/induzon.com\/tr\/ev\/\"},{\"@type\":\"ListItem\",\"position\":2,\"name\":\"Ma\u011faza\",\"item\":\"https:\/\/induzon.com\/tr\/magaza\/\"},{\"@type\":\"ListItem\",\"position\":3,\"name\":\"Trakt\u00f6r Dikiz Aynas\u0131 i\u00e7in \u00c7im Trakt\u00f6r\u00fc Golf Arabas\u0131 Evrensel D\u0131\u015f Kabin \u0130\u00e7 K\u00f6r Nokta B\u00fcy\u00fck G\u00f6r\u00fc\u015f Geri R\u00f6mork Forklift Ekskavat\u00f6r Yap\u0131\u015ft\u0131r\u0131c\u0131 De\u011fi\u015ftirme Montaj Taban\u0131 Vantuzlu Kamera K\u0131l\u0131f Kapa\u011f\u0131 Kapaklar\u0131 Siyah Tutucu Topu Oto Panoramik Araba Arka RV\"}]},{\"@type\":\"WebSite\",\"@id\":\"https:\/\/induzon.com\/tr\/#website\",\"url\":\"https:\/\/induzon.com\/tr\/\",\"name\":\"induzon\",\"description\":\"\",\"potentialAction\":[{\"@type\":\"SearchAction\",\"target\":{\"@type\":\"EntryPoint\",\"urlTemplate\":\"https:\/\/induzon.com\/tr\/?s={search_term_string}\"},\"query-input\":{\"@type\":\"PropertyValueSpecification\",\"valueRequired\":true,\"valueName\":\"search_term_string\"}}],\"inLanguage\":\"tr\"}]}<\/script>\r\n<!-- \/ Yoast SEO plugin. -->","yoast_head_json":{"title":"Trakt\u00f6r Dikiz Aynas\u0131 - Evrensel, Forklift Dikiz Aynalar\u0131 -Induzon","description":"Trakt\u00f6r dikiz aynas\u0131, forklift aynalar\u0131, i\u00e7 ve d\u0131\u015f dikiz aynalar\u0131. K\u00f6r nokta aynalar\u0131 ve evrensel dikiz ayna kitleri i\u00e7in do\u011fru adres.","robots":{"index":"index","follow":"follow","max-snippet":"max-snippet:-1","max-image-preview":"max-image-preview:large","max-video-preview":"max-video-preview:-1"},"canonical":"https:\/\/induzon.com\/tr\/shop\/traktor-dikiz-aynasi-icin-cim-traktoru-golf-arabasi-evrensel-dis-kabin-ic-kor-nokta-buyuk-gorus-geri-romork-forklift-ekskavator-yapistirici-degistirme-montaj-tabani-vantuzlu-kamera-kilif-kapagi-kapakl\/","og_locale":"tr_TR","og_type":"article","og_title":"Trakt\u00f6r Dikiz Aynas\u0131 - Evrensel, Forklift Dikiz Aynalar\u0131 -Induzon","og_description":"Trakt\u00f6r dikiz aynas\u0131, forklift aynalar\u0131, i\u00e7 ve d\u0131\u015f dikiz aynalar\u0131. K\u00f6r nokta aynalar\u0131 ve evrensel dikiz ayna kitleri i\u00e7in do\u011fru adres.","og_url":"https:\/\/induzon.com\/tr\/shop\/traktor-dikiz-aynasi-icin-cim-traktoru-golf-arabasi-evrensel-dis-kabin-ic-kor-nokta-buyuk-gorus-geri-romork-forklift-ekskavator-yapistirici-degistirme-montaj-tabani-vantuzlu-kamera-kilif-kapagi-kapakl\/","og_site_name":"induzon","article_modified_time":"2025-12-23T07:24:07+00:00","og_image":[{"width":1500,"height":1500,"url":"https:\/\/induzon.com\/wp-content\/uploads\/2025\/09\/\u56fe-1.jpg","type":"image\/jpeg"}],"twitter_card":"summary_large_image","twitter_misc":{"Tahmini okuma s\u00fcresi":"1 dakika"},"schema":{"@context":"https:\/\/schema.org","@graph":[{"@type":"WebPage","@id":"https:\/\/induzon.com\/tr\/shop\/traktor-dikiz-aynasi-icin-cim-traktoru-golf-arabasi-evrensel-dis-kabin-ic-kor-nokta-buyuk-gorus-geri-romork-forklift-ekskavator-yapistirici-degistirme-montaj-tabani-vantuzlu-kamera-kilif-kapagi-kapakl\/","url":"https:\/\/induzon.com\/tr\/shop\/traktor-dikiz-aynasi-icin-cim-traktoru-golf-arabasi-evrensel-dis-kabin-ic-kor-nokta-buyuk-gorus-geri-romork-forklift-ekskavator-yapistirici-degistirme-montaj-tabani-vantuzlu-kamera-kilif-kapagi-kapakl\/","name":"Trakt\u00f6r Dikiz Aynas\u0131 - Evrensel, Forklift Dikiz Aynalar\u0131 -Induzon","isPartOf":{"@id":"https:\/\/induzon.com\/tr\/#website"},"primaryImageOfPage":{"@id":"https:\/\/induzon.com\/tr\/shop\/traktor-dikiz-aynasi-icin-cim-traktoru-golf-arabasi-evrensel-dis-kabin-ic-kor-nokta-buyuk-gorus-geri-romork-forklift-ekskavator-yapistirici-degistirme-montaj-tabani-vantuzlu-kamera-kilif-kapagi-kapakl\/#primaryimage"},"image":{"@id":"https:\/\/induzon.com\/tr\/shop\/traktor-dikiz-aynasi-icin-cim-traktoru-golf-arabasi-evrensel-dis-kabin-ic-kor-nokta-buyuk-gorus-geri-romork-forklift-ekskavator-yapistirici-degistirme-montaj-tabani-vantuzlu-kamera-kilif-kapagi-kapakl\/#primaryimage"},"thumbnailUrl":"https:\/\/induzon.com\/wp-content\/uploads\/2025\/09\/\u56fe-1.jpg","datePublished":"2025-09-10T07:05:40+00:00","dateModified":"2025-12-23T07:24:07+00:00","description":"Trakt\u00f6r dikiz aynas\u0131, forklift aynalar\u0131, i\u00e7 ve d\u0131\u015f dikiz aynalar\u0131. K\u00f6r nokta aynalar\u0131 ve evrensel dikiz ayna kitleri i\u00e7in do\u011fru adres.","breadcrumb":{"@id":"https:\/\/induzon.com\/tr\/shop\/traktor-dikiz-aynasi-icin-cim-traktoru-golf-arabasi-evrensel-dis-kabin-ic-kor-nokta-buyuk-gorus-geri-romork-forklift-ekskavator-yapistirici-degistirme-montaj-tabani-vantuzlu-kamera-kilif-kapagi-kapakl\/#breadcrumb"},"inLanguage":"tr","potentialAction":[{"@type":"ReadAction","target":["https:\/\/induzon.com\/tr\/shop\/traktor-dikiz-aynasi-icin-cim-traktoru-golf-arabasi-evrensel-dis-kabin-ic-kor-nokta-buyuk-gorus-geri-romork-forklift-ekskavator-yapistirici-degistirme-montaj-tabani-vantuzlu-kamera-kilif-kapagi-kapakl\/"]}]},{"@type":"ImageObject","inLanguage":"tr","@id":"https:\/\/induzon.com\/tr\/shop\/traktor-dikiz-aynasi-icin-cim-traktoru-golf-arabasi-evrensel-dis-kabin-ic-kor-nokta-buyuk-gorus-geri-romork-forklift-ekskavator-yapistirici-degistirme-montaj-tabani-vantuzlu-kamera-kilif-kapagi-kapakl\/#primaryimage","url":"https:\/\/induzon.com\/wp-content\/uploads\/2025\/09\/\u56fe-1.jpg","contentUrl":"https:\/\/induzon.com\/wp-content\/uploads\/2025\/09\/\u56fe-1.jpg","width":1500,"height":1500,"caption":"Trakt\u00f6r dikiz aynas\u0131, forklift aynalar\u0131, i\u00e7 ve d\u0131\u015f dikiz aynalar\u0131. K\u00f6r nokta aynalar\u0131 ve evrensel dikiz ayna kitleri i\u00e7in do\u011fru adres."},{"@type":"BreadcrumbList","@id":"https:\/\/induzon.com\/tr\/shop\/traktor-dikiz-aynasi-icin-cim-traktoru-golf-arabasi-evrensel-dis-kabin-ic-kor-nokta-buyuk-gorus-geri-romork-forklift-ekskavator-yapistirici-degistirme-montaj-tabani-vantuzlu-kamera-kilif-kapagi-kapakl\/#breadcrumb","itemListElement":[{"@type":"ListItem","position":1,"name":"\u9996\u9875","item":"https:\/\/induzon.com\/tr\/ev\/"},{"@type":"ListItem","position":2,"name":"Ma\u011faza","item":"https:\/\/induzon.com\/tr\/magaza\/"},{"@type":"ListItem","position":3,"name":"Trakt\u00f6r Dikiz Aynas\u0131 i\u00e7in \u00c7im Trakt\u00f6r\u00fc Golf Arabas\u0131 Evrensel D\u0131\u015f Kabin \u0130\u00e7 K\u00f6r Nokta B\u00fcy\u00fck G\u00f6r\u00fc\u015f Geri R\u00f6mork Forklift Ekskavat\u00f6r Yap\u0131\u015ft\u0131r\u0131c\u0131 De\u011fi\u015ftirme Montaj Taban\u0131 Vantuzlu Kamera K\u0131l\u0131f Kapa\u011f\u0131 Kapaklar\u0131 Siyah Tutucu Topu Oto Panoramik Araba Arka RV"}]},{"@type":"WebSite","@id":"https:\/\/induzon.com\/tr\/#website","url":"https:\/\/induzon.com\/tr\/","name":"induzon","description":"","potentialAction":[{"@type":"SearchAction","target":{"@type":"EntryPoint","urlTemplate":"https:\/\/induzon.com\/tr\/?s={search_term_string}"},"query-input":{"@type":"PropertyValueSpecification","valueRequired":true,"valueName":"search_term_string"}}],"inLanguage":"tr"}]}},"_links":{"self":[{"href":"https:\/\/induzon.com\/tr\/wp-json\/wp\/v2\/product\/24632","targetHints":{"allow":["GET"]}}],"collection":[{"href":"https:\/\/induzon.com\/tr\/wp-json\/wp\/v2\/product"}],"about":[{"href":"https:\/\/induzon.com\/tr\/wp-json\/wp\/v2\/types\/product"}],"replies":[{"embeddable":true,"href":"https:\/\/induzon.com\/tr\/wp-json\/wp\/v2\/comments?post=24632"}],"version-history":[{"count":1,"href":"https:\/\/induzon.com\/tr\/wp-json\/wp\/v2\/product\/24632\/revisions"}],"predecessor-version":[{"id":32356,"href":"https:\/\/induzon.com\/tr\/wp-json\/wp\/v2\/product\/24632\/revisions\/32356"}],"wp:featuredmedia":[{"embeddable":true,"href":"https:\/\/induzon.com\/tr\/wp-json\/wp\/v2\/media\/24588"}],"wp:attachment":[{"href":"https:\/\/induzon.com\/tr\/wp-json\/wp\/v2\/media?parent=24632"}],"wp:term":[{"taxonomy":"product_brand","embeddable":true,"href":"https:\/\/induzon.com\/tr\/wp-json\/wp\/v2\/product_brand?post=24632"},{"taxonomy":"product_cat","embeddable":true,"href":"https:\/\/induzon.com\/tr\/wp-json\/wp\/v2\/product_cat?post=24632"},{"taxonomy":"product_tag","embeddable":true,"href":"https:\/\/induzon.com\/tr\/wp-json\/wp\/v2\/product_tag?post=24632"}],"curies":[{"name":"wp","href":"https:\/\/api.w.org\/{rel}","templated":true}]}}