{"id":26489,"date":"2025-09-19T11:41:34","date_gmt":"2025-09-19T03:41:34","guid":{"rendered":"https:\/\/induzon.com\/shop\/kucuk-sogutucu-icin-laboratuvar-sogutma-cihazi-termostatli-akvaryum-sogutucu-endustriyel-sogutucu-sistemleri-derin-dondurucu-kucuk-dondurucu-buzdolabi-sogutucu-modulu-cam-kapi-sandik-tipi-sulu-siste-2\/"},"modified":"2025-09-25T13:46:18","modified_gmt":"2025-09-25T05:46:18","slug":"kucuk-sogutucu-icin-laboratuvar-sogutma-cihazi-termostatli-akvaryum-sogutucu-endustriyel-sogutucu-sistemleri-derin-dondurucu-kucuk-dondurucu-buzdolabi-sogutucu-modulu-cam-kapi-sandik-tipi-sulu-siste-2","status":"publish","type":"product","link":"https:\/\/induzon.com\/tr\/shop\/kucuk-sogutucu-icin-laboratuvar-sogutma-cihazi-termostatli-akvaryum-sogutucu-endustriyel-sogutucu-sistemleri-derin-dondurucu-kucuk-dondurucu-buzdolabi-sogutucu-modulu-cam-kapi-sandik-tipi-sulu-siste-2\/","title":{"rendered":"k\u00fc\u00e7\u00fck so\u011futucu i\u00e7in laboratuvar so\u011futma cihaz\u0131 termostatl\u0131 akvaryum so\u011futucu end\u00fcstriyel so\u011futucu sistemleri derin dondurucu k\u00fc\u00e7\u00fck dondurucu buzdolab\u0131 so\u011futucu mod\u00fcl\u00fc cam kap\u0131 sand\u0131k tipi sulu sistem"},"content":{"rendered":"<p>1.Y\u00fcksek verimli kondenser \u00fcnitesi ile enerji tasarrufu sa\u011flayan profesyonel so\u011futma \u00e7\u00f6z\u00fcm\u00fc.<br \/>\n2.Laboratuvarlar, so\u011fuk depolar ve sergi dolaplar\u0131 i\u00e7in ideal sabit s\u0131cakl\u0131k kontrol\u00fc sunar.<br \/>\n3.Kompakt tasar\u0131m\u0131 ile k\u00fc\u00e7\u00fck alanlarda kolay kurulum ve kullan\u0131m imkan\u0131.<br \/>\n4.-30\u00b0C&#8217;ye kadar d\u00fc\u015f\u00fck s\u0131cakl\u0131klarda kararl\u0131 performans i\u00e7in \u00f6zel olarak tasarlanm\u0131\u015ft\u0131r.<br \/>\n5.Sessiz \u00e7al\u0131\u015fma \u00f6zelli\u011fi ile restoran, laboratuvar ve perakende alanlar\u0131nda rahat kullan\u0131m.<\/p>\n","protected":false},"excerpt":{"rendered":"<p>1.Y\u00fcksek verimli kondenser \u00fcnitesi ile enerji tasarrufu sa\u011flayan profesyonel so\u011futma \u00e7\u00f6z\u00fcm\u00fc. 2.Laboratuvarlar, so\u011fuk depolar ve sergi dolaplar\u0131 i\u00e7in ideal sabit [&hellip;]<\/p>\n","protected":false},"featured_media":25794,"comment_status":"open","ping_status":"closed","template":"","meta":{"site-sidebar-layout":"default","site-content-layout":"","ast-site-content-layout":"default","site-content-style":"default","site-sidebar-style":"default","ast-global-header-display":"","ast-banner-title-visibility":"","ast-main-header-display":"","ast-hfb-above-header-display":"","ast-hfb-below-header-display":"","ast-hfb-mobile-header-display":"","site-post-title":"","ast-breadcrumbs-content":"","ast-featured-img":"","footer-sml-layout":"","theme-transparent-header-meta":"default","adv-header-id-meta":"","stick-header-meta":"","header-above-stick-meta":"","header-main-stick-meta":"","header-below-stick-meta":"","astra-migrate-meta-layouts":"set","ast-page-background-enabled":"default","ast-page-background-meta":{"desktop":{"background-color":"var(--ast-global-color-4)","background-image":"","background-repeat":"repeat","background-position":"center center","background-size":"auto","background-attachment":"scroll","background-type":"","background-media":"","overlay-type":"","overlay-color":"","overlay-opacity":"","overlay-gradient":""},"tablet":{"background-color":"","background-image":"","background-repeat":"repeat","background-position":"center center","background-size":"auto","background-attachment":"scroll","background-type":"","background-media":"","overlay-type":"","overlay-color":"","overlay-opacity":"","overlay-gradient":""},"mobile":{"background-color":"","background-image":"","background-repeat":"repeat","background-position":"center center","background-size":"auto","background-attachment":"scroll","background-type":"","background-media":"","overlay-type":"","overlay-color":"","overlay-opacity":"","overlay-gradient":""}},"ast-content-background-meta":{"desktop":{"background-color":"var(--ast-global-color-5)","background-image":"","background-repeat":"repeat","background-position":"center center","background-size":"auto","background-attachment":"scroll","background-type":"","background-media":"","overlay-type":"","overlay-color":"","overlay-opacity":"","overlay-gradient":""},"tablet":{"background-color":"var(--ast-global-color-5)","background-image":"","background-repeat":"repeat","background-position":"center center","background-size":"auto","background-attachment":"scroll","background-type":"","background-media":"","overlay-type":"","overlay-color":"","overlay-opacity":"","overlay-gradient":""},"mobile":{"background-color":"var(--ast-global-color-5)","background-image":"","background-repeat":"repeat","background-position":"center center","background-size":"auto","background-attachment":"scroll","background-type":"","background-media":"","overlay-type":"","overlay-color":"","overlay-opacity":"","overlay-gradient":""}}},"product_brand":[],"product_cat":[890,989],"product_tag":[991,990],"class_list":{"0":"post-26489","1":"product","2":"type-product","3":"status-publish","4":"has-post-thumbnail","6":"product_cat-araclar-ve-ekipmanlar","7":"product_cat-sogutma-ekipmanlari","8":"product_tag-endustriyel-sogutma-ekipmanlari","9":"product_tag-ticari-yogusmali-uniteler","10":"desktop-align-left","11":"tablet-align-left","12":"mobile-align-left","14":"first","15":"instock","16":"sale","17":"shipping-taxable","18":"purchasable","19":"product-type-variable"},"yoast_head":"<!-- This site is optimized with the Yoast SEO plugin v24.9 - https:\/\/yoast.com\/wordpress\/plugins\/seo\/ -->\r\n<title>End\u00fcstriyel Akvaryum So\u011futucu, So\u011futma \u00dcnitesi -Induzon<\/title>\r\n<meta name=\"description\" content=\"End\u00fcstriyel akvaryum so\u011futucular ve so\u011fuk oda so\u011futma \u00fcniteleri. Profesyonel ve end\u00fcstriyel so\u011futma uygulamalar\u0131 i\u00e7in g\u00fcvenilir \u00e7\u00f6z\u00fcmler.\" \/>\r\n<meta name=\"robots\" content=\"index, follow, max-snippet:-1, max-image-preview:large, max-video-preview:-1\" \/>\r\n<link rel=\"canonical\" href=\"https:\/\/induzon.com\/tr\/shop\/kucuk-sogutucu-icin-laboratuvar-sogutma-cihazi-termostatli-akvaryum-sogutucu-endustriyel-sogutucu-sistemleri-derin-dondurucu-kucuk-dondurucu-buzdolabi-sogutucu-modulu-cam-kapi-sandik-tipi-sulu-siste-2\/\" \/>\r\n<meta property=\"og:locale\" content=\"tr_TR\" \/>\r\n<meta property=\"og:type\" content=\"article\" \/>\r\n<meta property=\"og:title\" content=\"End\u00fcstriyel Akvaryum So\u011futucu, So\u011futma \u00dcnitesi -Induzon\" \/>\r\n<meta property=\"og:description\" content=\"End\u00fcstriyel akvaryum so\u011futucular ve so\u011fuk oda so\u011futma \u00fcniteleri. Profesyonel ve end\u00fcstriyel so\u011futma uygulamalar\u0131 i\u00e7in g\u00fcvenilir \u00e7\u00f6z\u00fcmler.\" \/>\r\n<meta property=\"og:url\" content=\"https:\/\/induzon.com\/tr\/shop\/kucuk-sogutucu-icin-laboratuvar-sogutma-cihazi-termostatli-akvaryum-sogutucu-endustriyel-sogutucu-sistemleri-derin-dondurucu-kucuk-dondurucu-buzdolabi-sogutucu-modulu-cam-kapi-sandik-tipi-sulu-siste-2\/\" \/>\r\n<meta property=\"og:site_name\" content=\"induzon\" \/>\r\n<meta property=\"article:modified_time\" content=\"2025-09-25T05:46:18+00:00\" \/>\r\n<meta property=\"og:image\" content=\"https:\/\/induzon.com\/wp-content\/uploads\/2025\/09\/03.png\" \/>\r\n\t<meta property=\"og:image:width\" content=\"800\" \/>\r\n\t<meta property=\"og:image:height\" content=\"800\" \/>\r\n\t<meta property=\"og:image:type\" content=\"image\/png\" \/>\r\n<meta name=\"twitter:card\" content=\"summary_large_image\" \/>\r\n<meta name=\"twitter:label1\" content=\"Tahmini okuma s\u00fcresi\" \/>\n\t<meta name=\"twitter:data1\" content=\"1 dakika\" \/>\r\n<script type=\"application\/ld+json\" class=\"yoast-schema-graph\">{\"@context\":\"https:\/\/schema.org\",\"@graph\":[{\"@type\":\"WebPage\",\"@id\":\"https:\/\/induzon.com\/tr\/shop\/kucuk-sogutucu-icin-laboratuvar-sogutma-cihazi-termostatli-akvaryum-sogutucu-endustriyel-sogutucu-sistemleri-derin-dondurucu-kucuk-dondurucu-buzdolabi-sogutucu-modulu-cam-kapi-sandik-tipi-sulu-siste-2\/\",\"url\":\"https:\/\/induzon.com\/tr\/shop\/kucuk-sogutucu-icin-laboratuvar-sogutma-cihazi-termostatli-akvaryum-sogutucu-endustriyel-sogutucu-sistemleri-derin-dondurucu-kucuk-dondurucu-buzdolabi-sogutucu-modulu-cam-kapi-sandik-tipi-sulu-siste-2\/\",\"name\":\"End\u00fcstriyel Akvaryum So\u011futucu, So\u011futma \u00dcnitesi -Induzon\",\"isPartOf\":{\"@id\":\"https:\/\/induzon.com\/tr\/#website\"},\"primaryImageOfPage\":{\"@id\":\"https:\/\/induzon.com\/tr\/shop\/kucuk-sogutucu-icin-laboratuvar-sogutma-cihazi-termostatli-akvaryum-sogutucu-endustriyel-sogutucu-sistemleri-derin-dondurucu-kucuk-dondurucu-buzdolabi-sogutucu-modulu-cam-kapi-sandik-tipi-sulu-siste-2\/#primaryimage\"},\"image\":{\"@id\":\"https:\/\/induzon.com\/tr\/shop\/kucuk-sogutucu-icin-laboratuvar-sogutma-cihazi-termostatli-akvaryum-sogutucu-endustriyel-sogutucu-sistemleri-derin-dondurucu-kucuk-dondurucu-buzdolabi-sogutucu-modulu-cam-kapi-sandik-tipi-sulu-siste-2\/#primaryimage\"},\"thumbnailUrl\":\"https:\/\/induzon.com\/wp-content\/uploads\/2025\/09\/03.png\",\"datePublished\":\"2025-09-19T03:41:34+00:00\",\"dateModified\":\"2025-09-25T05:46:18+00:00\",\"description\":\"End\u00fcstriyel akvaryum so\u011futucular ve so\u011fuk oda so\u011futma \u00fcniteleri. Profesyonel ve end\u00fcstriyel so\u011futma uygulamalar\u0131 i\u00e7in g\u00fcvenilir \u00e7\u00f6z\u00fcmler.\",\"breadcrumb\":{\"@id\":\"https:\/\/induzon.com\/tr\/shop\/kucuk-sogutucu-icin-laboratuvar-sogutma-cihazi-termostatli-akvaryum-sogutucu-endustriyel-sogutucu-sistemleri-derin-dondurucu-kucuk-dondurucu-buzdolabi-sogutucu-modulu-cam-kapi-sandik-tipi-sulu-siste-2\/#breadcrumb\"},\"inLanguage\":\"tr\",\"potentialAction\":[{\"@type\":\"ReadAction\",\"target\":[\"https:\/\/induzon.com\/tr\/shop\/kucuk-sogutucu-icin-laboratuvar-sogutma-cihazi-termostatli-akvaryum-sogutucu-endustriyel-sogutucu-sistemleri-derin-dondurucu-kucuk-dondurucu-buzdolabi-sogutucu-modulu-cam-kapi-sandik-tipi-sulu-siste-2\/\"]}]},{\"@type\":\"ImageObject\",\"inLanguage\":\"tr\",\"@id\":\"https:\/\/induzon.com\/tr\/shop\/kucuk-sogutucu-icin-laboratuvar-sogutma-cihazi-termostatli-akvaryum-sogutucu-endustriyel-sogutucu-sistemleri-derin-dondurucu-kucuk-dondurucu-buzdolabi-sogutucu-modulu-cam-kapi-sandik-tipi-sulu-siste-2\/#primaryimage\",\"url\":\"https:\/\/induzon.com\/wp-content\/uploads\/2025\/09\/03.png\",\"contentUrl\":\"https:\/\/induzon.com\/wp-content\/uploads\/2025\/09\/03.png\",\"width\":800,\"height\":800,\"caption\":\"Discover our industrial aquarium chillers and commercial refrigeration condensing units. Perfect for cold rooms, freezers\"},{\"@type\":\"BreadcrumbList\",\"@id\":\"https:\/\/induzon.com\/tr\/shop\/kucuk-sogutucu-icin-laboratuvar-sogutma-cihazi-termostatli-akvaryum-sogutucu-endustriyel-sogutucu-sistemleri-derin-dondurucu-kucuk-dondurucu-buzdolabi-sogutucu-modulu-cam-kapi-sandik-tipi-sulu-siste-2\/#breadcrumb\",\"itemListElement\":[{\"@type\":\"ListItem\",\"position\":1,\"name\":\"\u9996\u9875\",\"item\":\"https:\/\/induzon.com\/tr\/ev\/\"},{\"@type\":\"ListItem\",\"position\":2,\"name\":\"Ma\u011faza\",\"item\":\"https:\/\/induzon.com\/tr\/magaza\/\"},{\"@type\":\"ListItem\",\"position\":3,\"name\":\"k\u00fc\u00e7\u00fck so\u011futucu i\u00e7in laboratuvar so\u011futma cihaz\u0131 termostatl\u0131 akvaryum so\u011futucu end\u00fcstriyel so\u011futucu sistemleri derin dondurucu k\u00fc\u00e7\u00fck dondurucu buzdolab\u0131 so\u011futucu mod\u00fcl\u00fc cam kap\u0131 sand\u0131k tipi sulu sistem\"}]},{\"@type\":\"WebSite\",\"@id\":\"https:\/\/induzon.com\/tr\/#website\",\"url\":\"https:\/\/induzon.com\/tr\/\",\"name\":\"induzon\",\"description\":\"\",\"potentialAction\":[{\"@type\":\"SearchAction\",\"target\":{\"@type\":\"EntryPoint\",\"urlTemplate\":\"https:\/\/induzon.com\/tr\/?s={search_term_string}\"},\"query-input\":{\"@type\":\"PropertyValueSpecification\",\"valueRequired\":true,\"valueName\":\"search_term_string\"}}],\"inLanguage\":\"tr\"}]}<\/script>\r\n<!-- \/ Yoast SEO plugin. -->","yoast_head_json":{"title":"End\u00fcstriyel Akvaryum So\u011futucu, So\u011futma \u00dcnitesi -Induzon","description":"End\u00fcstriyel akvaryum so\u011futucular ve so\u011fuk oda so\u011futma \u00fcniteleri. Profesyonel ve end\u00fcstriyel so\u011futma uygulamalar\u0131 i\u00e7in g\u00fcvenilir \u00e7\u00f6z\u00fcmler.","robots":{"index":"index","follow":"follow","max-snippet":"max-snippet:-1","max-image-preview":"max-image-preview:large","max-video-preview":"max-video-preview:-1"},"canonical":"https:\/\/induzon.com\/tr\/shop\/kucuk-sogutucu-icin-laboratuvar-sogutma-cihazi-termostatli-akvaryum-sogutucu-endustriyel-sogutucu-sistemleri-derin-dondurucu-kucuk-dondurucu-buzdolabi-sogutucu-modulu-cam-kapi-sandik-tipi-sulu-siste-2\/","og_locale":"tr_TR","og_type":"article","og_title":"End\u00fcstriyel Akvaryum So\u011futucu, So\u011futma \u00dcnitesi -Induzon","og_description":"End\u00fcstriyel akvaryum so\u011futucular ve so\u011fuk oda so\u011futma \u00fcniteleri. Profesyonel ve end\u00fcstriyel so\u011futma uygulamalar\u0131 i\u00e7in g\u00fcvenilir \u00e7\u00f6z\u00fcmler.","og_url":"https:\/\/induzon.com\/tr\/shop\/kucuk-sogutucu-icin-laboratuvar-sogutma-cihazi-termostatli-akvaryum-sogutucu-endustriyel-sogutucu-sistemleri-derin-dondurucu-kucuk-dondurucu-buzdolabi-sogutucu-modulu-cam-kapi-sandik-tipi-sulu-siste-2\/","og_site_name":"induzon","article_modified_time":"2025-09-25T05:46:18+00:00","og_image":[{"width":800,"height":800,"url":"https:\/\/induzon.com\/wp-content\/uploads\/2025\/09\/03.png","type":"image\/png"}],"twitter_card":"summary_large_image","twitter_misc":{"Tahmini okuma s\u00fcresi":"1 dakika"},"schema":{"@context":"https:\/\/schema.org","@graph":[{"@type":"WebPage","@id":"https:\/\/induzon.com\/tr\/shop\/kucuk-sogutucu-icin-laboratuvar-sogutma-cihazi-termostatli-akvaryum-sogutucu-endustriyel-sogutucu-sistemleri-derin-dondurucu-kucuk-dondurucu-buzdolabi-sogutucu-modulu-cam-kapi-sandik-tipi-sulu-siste-2\/","url":"https:\/\/induzon.com\/tr\/shop\/kucuk-sogutucu-icin-laboratuvar-sogutma-cihazi-termostatli-akvaryum-sogutucu-endustriyel-sogutucu-sistemleri-derin-dondurucu-kucuk-dondurucu-buzdolabi-sogutucu-modulu-cam-kapi-sandik-tipi-sulu-siste-2\/","name":"End\u00fcstriyel Akvaryum So\u011futucu, So\u011futma \u00dcnitesi -Induzon","isPartOf":{"@id":"https:\/\/induzon.com\/tr\/#website"},"primaryImageOfPage":{"@id":"https:\/\/induzon.com\/tr\/shop\/kucuk-sogutucu-icin-laboratuvar-sogutma-cihazi-termostatli-akvaryum-sogutucu-endustriyel-sogutucu-sistemleri-derin-dondurucu-kucuk-dondurucu-buzdolabi-sogutucu-modulu-cam-kapi-sandik-tipi-sulu-siste-2\/#primaryimage"},"image":{"@id":"https:\/\/induzon.com\/tr\/shop\/kucuk-sogutucu-icin-laboratuvar-sogutma-cihazi-termostatli-akvaryum-sogutucu-endustriyel-sogutucu-sistemleri-derin-dondurucu-kucuk-dondurucu-buzdolabi-sogutucu-modulu-cam-kapi-sandik-tipi-sulu-siste-2\/#primaryimage"},"thumbnailUrl":"https:\/\/induzon.com\/wp-content\/uploads\/2025\/09\/03.png","datePublished":"2025-09-19T03:41:34+00:00","dateModified":"2025-09-25T05:46:18+00:00","description":"End\u00fcstriyel akvaryum so\u011futucular ve so\u011fuk oda so\u011futma \u00fcniteleri. Profesyonel ve end\u00fcstriyel so\u011futma uygulamalar\u0131 i\u00e7in g\u00fcvenilir \u00e7\u00f6z\u00fcmler.","breadcrumb":{"@id":"https:\/\/induzon.com\/tr\/shop\/kucuk-sogutucu-icin-laboratuvar-sogutma-cihazi-termostatli-akvaryum-sogutucu-endustriyel-sogutucu-sistemleri-derin-dondurucu-kucuk-dondurucu-buzdolabi-sogutucu-modulu-cam-kapi-sandik-tipi-sulu-siste-2\/#breadcrumb"},"inLanguage":"tr","potentialAction":[{"@type":"ReadAction","target":["https:\/\/induzon.com\/tr\/shop\/kucuk-sogutucu-icin-laboratuvar-sogutma-cihazi-termostatli-akvaryum-sogutucu-endustriyel-sogutucu-sistemleri-derin-dondurucu-kucuk-dondurucu-buzdolabi-sogutucu-modulu-cam-kapi-sandik-tipi-sulu-siste-2\/"]}]},{"@type":"ImageObject","inLanguage":"tr","@id":"https:\/\/induzon.com\/tr\/shop\/kucuk-sogutucu-icin-laboratuvar-sogutma-cihazi-termostatli-akvaryum-sogutucu-endustriyel-sogutucu-sistemleri-derin-dondurucu-kucuk-dondurucu-buzdolabi-sogutucu-modulu-cam-kapi-sandik-tipi-sulu-siste-2\/#primaryimage","url":"https:\/\/induzon.com\/wp-content\/uploads\/2025\/09\/03.png","contentUrl":"https:\/\/induzon.com\/wp-content\/uploads\/2025\/09\/03.png","width":800,"height":800,"caption":"Discover our industrial aquarium chillers and commercial refrigeration condensing units. Perfect for cold rooms, freezers"},{"@type":"BreadcrumbList","@id":"https:\/\/induzon.com\/tr\/shop\/kucuk-sogutucu-icin-laboratuvar-sogutma-cihazi-termostatli-akvaryum-sogutucu-endustriyel-sogutucu-sistemleri-derin-dondurucu-kucuk-dondurucu-buzdolabi-sogutucu-modulu-cam-kapi-sandik-tipi-sulu-siste-2\/#breadcrumb","itemListElement":[{"@type":"ListItem","position":1,"name":"\u9996\u9875","item":"https:\/\/induzon.com\/tr\/ev\/"},{"@type":"ListItem","position":2,"name":"Ma\u011faza","item":"https:\/\/induzon.com\/tr\/magaza\/"},{"@type":"ListItem","position":3,"name":"k\u00fc\u00e7\u00fck so\u011futucu i\u00e7in laboratuvar so\u011futma cihaz\u0131 termostatl\u0131 akvaryum so\u011futucu end\u00fcstriyel so\u011futucu sistemleri derin dondurucu k\u00fc\u00e7\u00fck dondurucu buzdolab\u0131 so\u011futucu mod\u00fcl\u00fc cam kap\u0131 sand\u0131k tipi sulu sistem"}]},{"@type":"WebSite","@id":"https:\/\/induzon.com\/tr\/#website","url":"https:\/\/induzon.com\/tr\/","name":"induzon","description":"","potentialAction":[{"@type":"SearchAction","target":{"@type":"EntryPoint","urlTemplate":"https:\/\/induzon.com\/tr\/?s={search_term_string}"},"query-input":{"@type":"PropertyValueSpecification","valueRequired":true,"valueName":"search_term_string"}}],"inLanguage":"tr"}]}},"_links":{"self":[{"href":"https:\/\/induzon.com\/tr\/wp-json\/wp\/v2\/product\/26489","targetHints":{"allow":["GET"]}}],"collection":[{"href":"https:\/\/induzon.com\/tr\/wp-json\/wp\/v2\/product"}],"about":[{"href":"https:\/\/induzon.com\/tr\/wp-json\/wp\/v2\/types\/product"}],"replies":[{"embeddable":true,"href":"https:\/\/induzon.com\/tr\/wp-json\/wp\/v2\/comments?post=26489"}],"version-history":[{"count":1,"href":"https:\/\/induzon.com\/tr\/wp-json\/wp\/v2\/product\/26489\/revisions"}],"predecessor-version":[{"id":28029,"href":"https:\/\/induzon.com\/tr\/wp-json\/wp\/v2\/product\/26489\/revisions\/28029"}],"wp:featuredmedia":[{"embeddable":true,"href":"https:\/\/induzon.com\/tr\/wp-json\/wp\/v2\/media\/25794"}],"wp:attachment":[{"href":"https:\/\/induzon.com\/tr\/wp-json\/wp\/v2\/media?parent=26489"}],"wp:term":[{"taxonomy":"product_brand","embeddable":true,"href":"https:\/\/induzon.com\/tr\/wp-json\/wp\/v2\/product_brand?post=26489"},{"taxonomy":"product_cat","embeddable":true,"href":"https:\/\/induzon.com\/tr\/wp-json\/wp\/v2\/product_cat?post=26489"},{"taxonomy":"product_tag","embeddable":true,"href":"https:\/\/induzon.com\/tr\/wp-json\/wp\/v2\/product_tag?post=26489"}],"curies":[{"name":"wp","href":"https:\/\/api.w.org\/{rel}","templated":true}]}}