{"id":30443,"date":"2025-11-17T17:28:38","date_gmt":"2025-11-17T09:28:38","guid":{"rendered":"https:\/\/induzon.com\/shop\/kavisli-zincirli-kazan-kapisi-dikey-kazan-kapisi-dokum-soba-somine-kapisi\/"},"modified":"2025-12-18T11:04:09","modified_gmt":"2025-12-18T03:04:09","slug":"kavisli-zincirli-kazan-kapisi-dikey-kazan-kapisi-dokum-soba-somine-kapisi","status":"publish","type":"product","link":"https:\/\/induzon.com\/tr\/shop\/kavisli-zincirli-kazan-kapisi-dikey-kazan-kapisi-dokum-soba-somine-kapisi\/","title":{"rendered":"Kavisli Zincirli Kazan Kap\u0131s\u0131 Dikey Kazan Kap\u0131s\u0131 D\u00f6k\u00fcm Soba \u015e\u00f6mine Kap\u0131s\u0131"},"content":{"rendered":"<p>1.Dayan\u0131kl\u0131 d\u00f6kme demirden \u00fcretilmi\u015f, uzun \u00f6m\u00fcrl\u00fc ve y\u00fcksek s\u0131cakl\u0131klara dayan\u0131kl\u0131 \u015f\u00f6mine kap\u0131s\u0131.<br \/>\n2.\u00c7ok y\u00f6nl\u00fc kullan\u0131m: \u015f\u00f6mine, kazan, mutfak oca\u011f\u0131 ve odun sobas\u0131 kap\u0131s\u0131 olarak idealdir.<br \/>\n3.Kolay temizlik ve bak\u0131m i\u00e7in geni\u015f a\u00e7\u0131lan tasar\u0131m, k\u00fcl temizleme ve kontrol i\u00e7in m\u00fckemmel.<br \/>\n4.Sa\u011flam ve g\u00fcvenli yap\u0131s\u0131 ile y\u00fcksek \u0131s\u0131da bile deforme olmaz, uzun s\u00fcreli kullan\u0131m sa\u011flar.<br \/>\n5.\u015e\u0131k ve fonksiyonel tasar\u0131m ile hem pratik hem de dekoratif bir kullan\u0131m sunar.<\/p>\n","protected":false},"excerpt":{"rendered":"<p>1.Dayan\u0131kl\u0131 d\u00f6kme demirden \u00fcretilmi\u015f, uzun \u00f6m\u00fcrl\u00fc ve y\u00fcksek s\u0131cakl\u0131klara dayan\u0131kl\u0131 \u015f\u00f6mine kap\u0131s\u0131. 2.\u00c7ok y\u00f6nl\u00fc kullan\u0131m: \u015f\u00f6mine, kazan, mutfak oca\u011f\u0131 ve [&hellip;]<\/p>\n","protected":false},"featured_media":30297,"comment_status":"open","ping_status":"closed","template":"","meta":{"site-sidebar-layout":"default","site-content-layout":"","ast-site-content-layout":"default","site-content-style":"default","site-sidebar-style":"default","ast-global-header-display":"","ast-banner-title-visibility":"","ast-main-header-display":"","ast-hfb-above-header-display":"","ast-hfb-below-header-display":"","ast-hfb-mobile-header-display":"","site-post-title":"","ast-breadcrumbs-content":"","ast-featured-img":"","footer-sml-layout":"","theme-transparent-header-meta":"default","adv-header-id-meta":"","stick-header-meta":"","header-above-stick-meta":"","header-main-stick-meta":"","header-below-stick-meta":"","astra-migrate-meta-layouts":"set","ast-page-background-enabled":"default","ast-page-background-meta":{"desktop":{"background-color":"var(--ast-global-color-4)","background-image":"","background-repeat":"repeat","background-position":"center center","background-size":"auto","background-attachment":"scroll","background-type":"","background-media":"","overlay-type":"","overlay-color":"","overlay-opacity":"","overlay-gradient":""},"tablet":{"background-color":"","background-image":"","background-repeat":"repeat","background-position":"center center","background-size":"auto","background-attachment":"scroll","background-type":"","background-media":"","overlay-type":"","overlay-color":"","overlay-opacity":"","overlay-gradient":""},"mobile":{"background-color":"","background-image":"","background-repeat":"repeat","background-position":"center center","background-size":"auto","background-attachment":"scroll","background-type":"","background-media":"","overlay-type":"","overlay-color":"","overlay-opacity":"","overlay-gradient":""}},"ast-content-background-meta":{"desktop":{"background-color":"var(--ast-global-color-5)","background-image":"","background-repeat":"repeat","background-position":"center center","background-size":"auto","background-attachment":"scroll","background-type":"","background-media":"","overlay-type":"","overlay-color":"","overlay-opacity":"","overlay-gradient":""},"tablet":{"background-color":"var(--ast-global-color-5)","background-image":"","background-repeat":"repeat","background-position":"center center","background-size":"auto","background-attachment":"scroll","background-type":"","background-media":"","overlay-type":"","overlay-color":"","overlay-opacity":"","overlay-gradient":""},"mobile":{"background-color":"var(--ast-global-color-5)","background-image":"","background-repeat":"repeat","background-position":"center center","background-size":"auto","background-attachment":"scroll","background-type":"","background-media":"","overlay-type":"","overlay-color":"","overlay-opacity":"","overlay-gradient":""}}},"product_brand":[],"product_cat":[2014,2013],"product_tag":[2015],"class_list":{"0":"post-30443","1":"product","2":"type-product","3":"status-publish","4":"has-post-thumbnail","6":"product_cat-boiler-kapi","7":"product_cat-kazan-bilesenleri","8":"product_tag-boiler-kapi","9":"desktop-align-left","10":"tablet-align-left","11":"mobile-align-left","13":"first","14":"instock","15":"sale","16":"shipping-taxable","17":"purchasable","18":"product-type-variable"},"yoast_head":"<!-- This site is optimized with the Yoast SEO plugin v24.9 - https:\/\/yoast.com\/wordpress\/plugins\/seo\/ -->\r\n<title>Kavisli Zincirli Kazan Kap\u0131s\u0131 Dikey Kazan Kap\u0131s\u0131 \u015e\u00f6mine Kap\u0131s\u0131<\/title>\r\n<meta name=\"description\" content=\"Kavisli d\u00f6k\u00fcm demir kazan kap\u0131lar\u0131, zincirli ve dikey kazanlar i\u00e7in y\u00fcksek kaliteli \u00e7\u00f6z\u00fcm. M\u00fckemmel \u0131s\u0131 yal\u0131t\u0131m\u0131 ve uzun \u00f6m\u00fcr\" \/>\r\n<meta name=\"robots\" content=\"index, follow, max-snippet:-1, max-image-preview:large, max-video-preview:-1\" \/>\r\n<link rel=\"canonical\" href=\"https:\/\/induzon.com\/tr\/shop\/kavisli-zincirli-kazan-kapisi-dikey-kazan-kapisi-dokum-soba-somine-kapisi\/\" \/>\r\n<meta property=\"og:locale\" content=\"tr_TR\" \/>\r\n<meta property=\"og:type\" content=\"article\" \/>\r\n<meta property=\"og:title\" content=\"Kavisli Zincirli Kazan Kap\u0131s\u0131 Dikey Kazan Kap\u0131s\u0131 \u015e\u00f6mine Kap\u0131s\u0131\" \/>\r\n<meta property=\"og:description\" content=\"Kavisli d\u00f6k\u00fcm demir kazan kap\u0131lar\u0131, zincirli ve dikey kazanlar i\u00e7in y\u00fcksek kaliteli \u00e7\u00f6z\u00fcm. M\u00fckemmel \u0131s\u0131 yal\u0131t\u0131m\u0131 ve uzun \u00f6m\u00fcr\" \/>\r\n<meta property=\"og:url\" content=\"https:\/\/induzon.com\/tr\/shop\/kavisli-zincirli-kazan-kapisi-dikey-kazan-kapisi-dokum-soba-somine-kapisi\/\" \/>\r\n<meta property=\"og:site_name\" content=\"induzon\" \/>\r\n<meta property=\"article:modified_time\" content=\"2025-12-18T03:04:09+00:00\" \/>\r\n<meta property=\"og:image\" content=\"https:\/\/induzon.com\/wp-content\/uploads\/2025\/11\/\u56fe-1-1.jpg\" \/>\r\n\t<meta property=\"og:image:width\" content=\"1500\" \/>\r\n\t<meta property=\"og:image:height\" content=\"1500\" \/>\r\n\t<meta property=\"og:image:type\" content=\"image\/jpeg\" \/>\r\n<meta name=\"twitter:card\" content=\"summary_large_image\" \/>\r\n<meta name=\"twitter:label1\" content=\"Tahmini okuma s\u00fcresi\" \/>\n\t<meta name=\"twitter:data1\" content=\"1 dakika\" \/>\r\n<script type=\"application\/ld+json\" class=\"yoast-schema-graph\">{\"@context\":\"https:\/\/schema.org\",\"@graph\":[{\"@type\":\"WebPage\",\"@id\":\"https:\/\/induzon.com\/tr\/shop\/kavisli-zincirli-kazan-kapisi-dikey-kazan-kapisi-dokum-soba-somine-kapisi\/\",\"url\":\"https:\/\/induzon.com\/tr\/shop\/kavisli-zincirli-kazan-kapisi-dikey-kazan-kapisi-dokum-soba-somine-kapisi\/\",\"name\":\"Kavisli Zincirli Kazan Kap\u0131s\u0131 Dikey Kazan Kap\u0131s\u0131 \u015e\u00f6mine Kap\u0131s\u0131\",\"isPartOf\":{\"@id\":\"https:\/\/induzon.com\/tr\/#website\"},\"primaryImageOfPage\":{\"@id\":\"https:\/\/induzon.com\/tr\/shop\/kavisli-zincirli-kazan-kapisi-dikey-kazan-kapisi-dokum-soba-somine-kapisi\/#primaryimage\"},\"image\":{\"@id\":\"https:\/\/induzon.com\/tr\/shop\/kavisli-zincirli-kazan-kapisi-dikey-kazan-kapisi-dokum-soba-somine-kapisi\/#primaryimage\"},\"thumbnailUrl\":\"https:\/\/induzon.com\/wp-content\/uploads\/2025\/11\/\u56fe-1-1.jpg\",\"datePublished\":\"2025-11-17T09:28:38+00:00\",\"dateModified\":\"2025-12-18T03:04:09+00:00\",\"description\":\"Kavisli d\u00f6k\u00fcm demir kazan kap\u0131lar\u0131, zincirli ve dikey kazanlar i\u00e7in y\u00fcksek kaliteli \u00e7\u00f6z\u00fcm. M\u00fckemmel \u0131s\u0131 yal\u0131t\u0131m\u0131 ve uzun \u00f6m\u00fcr\",\"breadcrumb\":{\"@id\":\"https:\/\/induzon.com\/tr\/shop\/kavisli-zincirli-kazan-kapisi-dikey-kazan-kapisi-dokum-soba-somine-kapisi\/#breadcrumb\"},\"inLanguage\":\"tr\",\"potentialAction\":[{\"@type\":\"ReadAction\",\"target\":[\"https:\/\/induzon.com\/tr\/shop\/kavisli-zincirli-kazan-kapisi-dikey-kazan-kapisi-dokum-soba-somine-kapisi\/\"]}]},{\"@type\":\"ImageObject\",\"inLanguage\":\"tr\",\"@id\":\"https:\/\/induzon.com\/tr\/shop\/kavisli-zincirli-kazan-kapisi-dikey-kazan-kapisi-dokum-soba-somine-kapisi\/#primaryimage\",\"url\":\"https:\/\/induzon.com\/wp-content\/uploads\/2025\/11\/\u56fe-1-1.jpg\",\"contentUrl\":\"https:\/\/induzon.com\/wp-content\/uploads\/2025\/11\/\u56fe-1-1.jpg\",\"width\":1500,\"height\":1500,\"caption\":\"Kavisli Zincirli Kazan Kap\u0131s\u0131 Dikey Kazan Kap\u0131s\u0131 \u015e\u00f6mine Kap\u0131s\u0131\"},{\"@type\":\"BreadcrumbList\",\"@id\":\"https:\/\/induzon.com\/tr\/shop\/kavisli-zincirli-kazan-kapisi-dikey-kazan-kapisi-dokum-soba-somine-kapisi\/#breadcrumb\",\"itemListElement\":[{\"@type\":\"ListItem\",\"position\":1,\"name\":\"\u9996\u9875\",\"item\":\"https:\/\/induzon.com\/tr\/ev\/\"},{\"@type\":\"ListItem\",\"position\":2,\"name\":\"Ma\u011faza\",\"item\":\"https:\/\/induzon.com\/tr\/magaza\/\"},{\"@type\":\"ListItem\",\"position\":3,\"name\":\"Kavisli Zincirli Kazan Kap\u0131s\u0131 Dikey Kazan Kap\u0131s\u0131 D\u00f6k\u00fcm Soba \u015e\u00f6mine Kap\u0131s\u0131\"}]},{\"@type\":\"WebSite\",\"@id\":\"https:\/\/induzon.com\/tr\/#website\",\"url\":\"https:\/\/induzon.com\/tr\/\",\"name\":\"induzon\",\"description\":\"\",\"potentialAction\":[{\"@type\":\"SearchAction\",\"target\":{\"@type\":\"EntryPoint\",\"urlTemplate\":\"https:\/\/induzon.com\/tr\/?s={search_term_string}\"},\"query-input\":{\"@type\":\"PropertyValueSpecification\",\"valueRequired\":true,\"valueName\":\"search_term_string\"}}],\"inLanguage\":\"tr\"}]}<\/script>\r\n<!-- \/ Yoast SEO plugin. -->","yoast_head_json":{"title":"Kavisli Zincirli Kazan Kap\u0131s\u0131 Dikey Kazan Kap\u0131s\u0131 \u015e\u00f6mine Kap\u0131s\u0131","description":"Kavisli d\u00f6k\u00fcm demir kazan kap\u0131lar\u0131, zincirli ve dikey kazanlar i\u00e7in y\u00fcksek kaliteli \u00e7\u00f6z\u00fcm. M\u00fckemmel \u0131s\u0131 yal\u0131t\u0131m\u0131 ve uzun \u00f6m\u00fcr","robots":{"index":"index","follow":"follow","max-snippet":"max-snippet:-1","max-image-preview":"max-image-preview:large","max-video-preview":"max-video-preview:-1"},"canonical":"https:\/\/induzon.com\/tr\/shop\/kavisli-zincirli-kazan-kapisi-dikey-kazan-kapisi-dokum-soba-somine-kapisi\/","og_locale":"tr_TR","og_type":"article","og_title":"Kavisli Zincirli Kazan Kap\u0131s\u0131 Dikey Kazan Kap\u0131s\u0131 \u015e\u00f6mine Kap\u0131s\u0131","og_description":"Kavisli d\u00f6k\u00fcm demir kazan kap\u0131lar\u0131, zincirli ve dikey kazanlar i\u00e7in y\u00fcksek kaliteli \u00e7\u00f6z\u00fcm. M\u00fckemmel \u0131s\u0131 yal\u0131t\u0131m\u0131 ve uzun \u00f6m\u00fcr","og_url":"https:\/\/induzon.com\/tr\/shop\/kavisli-zincirli-kazan-kapisi-dikey-kazan-kapisi-dokum-soba-somine-kapisi\/","og_site_name":"induzon","article_modified_time":"2025-12-18T03:04:09+00:00","og_image":[{"width":1500,"height":1500,"url":"https:\/\/induzon.com\/wp-content\/uploads\/2025\/11\/\u56fe-1-1.jpg","type":"image\/jpeg"}],"twitter_card":"summary_large_image","twitter_misc":{"Tahmini okuma s\u00fcresi":"1 dakika"},"schema":{"@context":"https:\/\/schema.org","@graph":[{"@type":"WebPage","@id":"https:\/\/induzon.com\/tr\/shop\/kavisli-zincirli-kazan-kapisi-dikey-kazan-kapisi-dokum-soba-somine-kapisi\/","url":"https:\/\/induzon.com\/tr\/shop\/kavisli-zincirli-kazan-kapisi-dikey-kazan-kapisi-dokum-soba-somine-kapisi\/","name":"Kavisli Zincirli Kazan Kap\u0131s\u0131 Dikey Kazan Kap\u0131s\u0131 \u015e\u00f6mine Kap\u0131s\u0131","isPartOf":{"@id":"https:\/\/induzon.com\/tr\/#website"},"primaryImageOfPage":{"@id":"https:\/\/induzon.com\/tr\/shop\/kavisli-zincirli-kazan-kapisi-dikey-kazan-kapisi-dokum-soba-somine-kapisi\/#primaryimage"},"image":{"@id":"https:\/\/induzon.com\/tr\/shop\/kavisli-zincirli-kazan-kapisi-dikey-kazan-kapisi-dokum-soba-somine-kapisi\/#primaryimage"},"thumbnailUrl":"https:\/\/induzon.com\/wp-content\/uploads\/2025\/11\/\u56fe-1-1.jpg","datePublished":"2025-11-17T09:28:38+00:00","dateModified":"2025-12-18T03:04:09+00:00","description":"Kavisli d\u00f6k\u00fcm demir kazan kap\u0131lar\u0131, zincirli ve dikey kazanlar i\u00e7in y\u00fcksek kaliteli \u00e7\u00f6z\u00fcm. M\u00fckemmel \u0131s\u0131 yal\u0131t\u0131m\u0131 ve uzun \u00f6m\u00fcr","breadcrumb":{"@id":"https:\/\/induzon.com\/tr\/shop\/kavisli-zincirli-kazan-kapisi-dikey-kazan-kapisi-dokum-soba-somine-kapisi\/#breadcrumb"},"inLanguage":"tr","potentialAction":[{"@type":"ReadAction","target":["https:\/\/induzon.com\/tr\/shop\/kavisli-zincirli-kazan-kapisi-dikey-kazan-kapisi-dokum-soba-somine-kapisi\/"]}]},{"@type":"ImageObject","inLanguage":"tr","@id":"https:\/\/induzon.com\/tr\/shop\/kavisli-zincirli-kazan-kapisi-dikey-kazan-kapisi-dokum-soba-somine-kapisi\/#primaryimage","url":"https:\/\/induzon.com\/wp-content\/uploads\/2025\/11\/\u56fe-1-1.jpg","contentUrl":"https:\/\/induzon.com\/wp-content\/uploads\/2025\/11\/\u56fe-1-1.jpg","width":1500,"height":1500,"caption":"Kavisli Zincirli Kazan Kap\u0131s\u0131 Dikey Kazan Kap\u0131s\u0131 \u015e\u00f6mine Kap\u0131s\u0131"},{"@type":"BreadcrumbList","@id":"https:\/\/induzon.com\/tr\/shop\/kavisli-zincirli-kazan-kapisi-dikey-kazan-kapisi-dokum-soba-somine-kapisi\/#breadcrumb","itemListElement":[{"@type":"ListItem","position":1,"name":"\u9996\u9875","item":"https:\/\/induzon.com\/tr\/ev\/"},{"@type":"ListItem","position":2,"name":"Ma\u011faza","item":"https:\/\/induzon.com\/tr\/magaza\/"},{"@type":"ListItem","position":3,"name":"Kavisli Zincirli Kazan Kap\u0131s\u0131 Dikey Kazan Kap\u0131s\u0131 D\u00f6k\u00fcm Soba \u015e\u00f6mine Kap\u0131s\u0131"}]},{"@type":"WebSite","@id":"https:\/\/induzon.com\/tr\/#website","url":"https:\/\/induzon.com\/tr\/","name":"induzon","description":"","potentialAction":[{"@type":"SearchAction","target":{"@type":"EntryPoint","urlTemplate":"https:\/\/induzon.com\/tr\/?s={search_term_string}"},"query-input":{"@type":"PropertyValueSpecification","valueRequired":true,"valueName":"search_term_string"}}],"inLanguage":"tr"}]}},"_links":{"self":[{"href":"https:\/\/induzon.com\/tr\/wp-json\/wp\/v2\/product\/30443","targetHints":{"allow":["GET"]}}],"collection":[{"href":"https:\/\/induzon.com\/tr\/wp-json\/wp\/v2\/product"}],"about":[{"href":"https:\/\/induzon.com\/tr\/wp-json\/wp\/v2\/types\/product"}],"replies":[{"embeddable":true,"href":"https:\/\/induzon.com\/tr\/wp-json\/wp\/v2\/comments?post=30443"}],"version-history":[{"count":2,"href":"https:\/\/induzon.com\/tr\/wp-json\/wp\/v2\/product\/30443\/revisions"}],"predecessor-version":[{"id":32173,"href":"https:\/\/induzon.com\/tr\/wp-json\/wp\/v2\/product\/30443\/revisions\/32173"}],"wp:featuredmedia":[{"embeddable":true,"href":"https:\/\/induzon.com\/tr\/wp-json\/wp\/v2\/media\/30297"}],"wp:attachment":[{"href":"https:\/\/induzon.com\/tr\/wp-json\/wp\/v2\/media?parent=30443"}],"wp:term":[{"taxonomy":"product_brand","embeddable":true,"href":"https:\/\/induzon.com\/tr\/wp-json\/wp\/v2\/product_brand?post=30443"},{"taxonomy":"product_cat","embeddable":true,"href":"https:\/\/induzon.com\/tr\/wp-json\/wp\/v2\/product_cat?post=30443"},{"taxonomy":"product_tag","embeddable":true,"href":"https:\/\/induzon.com\/tr\/wp-json\/wp\/v2\/product_tag?post=30443"}],"curies":[{"name":"wp","href":"https:\/\/api.w.org\/{rel}","templated":true}]}}