{"id":33151,"date":"2026-01-15T17:28:38","date_gmt":"2026-01-15T09:28:38","guid":{"rendered":"https:\/\/induzon.com\/shop\/kendiliginden-calisan-patates-kizartmasi-atistirmalik-icecek-otomati-ticari\/"},"modified":"2026-01-15T17:28:38","modified_gmt":"2026-01-15T09:28:38","slug":"kendiliginden-calisan-patates-kizartmasi-atistirmalik-icecek-otomati-ticari","status":"publish","type":"product","link":"https:\/\/induzon.com\/tr\/shop\/kendiliginden-calisan-patates-kizartmasi-atistirmalik-icecek-otomati-ticari\/","title":{"rendered":"Kendili\u011finden \u00c7al\u0131\u015fan Patates K\u0131zartmas\u0131 At\u0131\u015ft\u0131rmal\u0131k \u0130\u00e7ecek Otomat\u0131 Ticari"},"content":{"rendered":"<p>1.Dayan\u0131kl\u0131 plastik malzemeden \u00fcretilmi\u015f, otomatlar i\u00e7in uzun \u00f6m\u00fcrl\u00fc spiral yay itici.<br \/>\n2.G\u0131da ve i\u00e7ecek otomatlar\u0131nda sorunsuz \u00fcr\u00fcn itme sa\u011flar, s\u0131k\u0131\u015fmay\u0131 \u00f6nler.<br \/>\n3.A\u00e7\u0131k hava at\u0131\u015ft\u0131rmal\u0131k otomatlar\u0131 i\u00e7in ideal, paslanmaz ve hava ko\u015fullar\u0131na dayan\u0131kl\u0131.<br \/>\n4.Kolay tak\u0131labilen tasar\u0131m, bak\u0131m gerektirmeden uzun s\u00fcre kullan\u0131m imkan\u0131 sunar.<br \/>\n5.Snack ve i\u00e7ecek kombinasyon otomatlar\u0131nda g\u00fcvenilir performans, m\u00fc\u015fteri memnuniyeti garantisi.<\/p>\n","protected":false},"excerpt":{"rendered":"<p>1.Dayan\u0131kl\u0131 plastik malzemeden \u00fcretilmi\u015f, otomatlar i\u00e7in uzun \u00f6m\u00fcrl\u00fc spiral yay itici. 2.G\u0131da ve i\u00e7ecek otomatlar\u0131nda sorunsuz \u00fcr\u00fcn itme sa\u011flar, s\u0131k\u0131\u015fmay\u0131 [&hellip;]<\/p>\n","protected":false},"featured_media":29228,"comment_status":"open","ping_status":"closed","template":"","meta":{"site-sidebar-layout":"default","site-content-layout":"","ast-site-content-layout":"default","site-content-style":"default","site-sidebar-style":"default","ast-global-header-display":"","ast-banner-title-visibility":"","ast-main-header-display":"","ast-hfb-above-header-display":"","ast-hfb-below-header-display":"","ast-hfb-mobile-header-display":"","site-post-title":"","ast-breadcrumbs-content":"","ast-featured-img":"","footer-sml-layout":"","theme-transparent-header-meta":"default","adv-header-id-meta":"","stick-header-meta":"","header-above-stick-meta":"","header-main-stick-meta":"","header-below-stick-meta":"","astra-migrate-meta-layouts":"default","ast-page-background-enabled":"default","ast-page-background-meta":{"desktop":{"background-color":"var(--ast-global-color-4)","background-image":"","background-repeat":"repeat","background-position":"center center","background-size":"auto","background-attachment":"scroll","background-type":"","background-media":"","overlay-type":"","overlay-color":"","overlay-opacity":"","overlay-gradient":""},"tablet":{"background-color":"","background-image":"","background-repeat":"repeat","background-position":"center center","background-size":"auto","background-attachment":"scroll","background-type":"","background-media":"","overlay-type":"","overlay-color":"","overlay-opacity":"","overlay-gradient":""},"mobile":{"background-color":"","background-image":"","background-repeat":"repeat","background-position":"center center","background-size":"auto","background-attachment":"scroll","background-type":"","background-media":"","overlay-type":"","overlay-color":"","overlay-opacity":"","overlay-gradient":""}},"ast-content-background-meta":{"desktop":{"background-color":"var(--ast-global-color-5)","background-image":"","background-repeat":"repeat","background-position":"center center","background-size":"auto","background-attachment":"scroll","background-type":"","background-media":"","overlay-type":"","overlay-color":"","overlay-opacity":"","overlay-gradient":""},"tablet":{"background-color":"var(--ast-global-color-5)","background-image":"","background-repeat":"repeat","background-position":"center center","background-size":"auto","background-attachment":"scroll","background-type":"","background-media":"","overlay-type":"","overlay-color":"","overlay-opacity":"","overlay-gradient":""},"mobile":{"background-color":"var(--ast-global-color-5)","background-image":"","background-repeat":"repeat","background-position":"center center","background-size":"auto","background-attachment":"scroll","background-type":"","background-media":"","overlay-type":"","overlay-color":"","overlay-opacity":"","overlay-gradient":""}}},"product_brand":[],"product_cat":[1085,1903,1968],"product_tag":[1969],"class_list":{"0":"post-33151","1":"product","2":"type-product","3":"status-publish","4":"has-post-thumbnail","6":"product_cat-endustriyel-ve-ticari-ekipmanlar","7":"product_cat-otomat","8":"product_cat-patates-kizartmasi-otomati","9":"product_tag-patates-kizartmasi-otomati","10":"desktop-align-left","11":"tablet-align-left","12":"mobile-align-left","14":"first","15":"instock","16":"sale","17":"shipping-taxable","18":"purchasable","19":"product-type-simple"},"yoast_head":"<!-- This site is optimized with the Yoast SEO plugin v24.9 - https:\/\/yoast.com\/wordpress\/plugins\/seo\/ -->\r\n<title>Patates K\u0131zartmas\u0131 Otomat\u0131 A\u00e7\u0131k Hava \u0130\u00e7ecek Makinesi Ticari<\/title>\r\n<meta name=\"description\" content=\"Kendili\u011finden \u00e7al\u0131\u015fan patates k\u0131zartmas\u0131, at\u0131\u015ft\u0131rmal\u0131k. A\u00e7\u0131k hava ve kapal\u0131 mekanlar i\u00e7in ideal i\u015fyeri ve al\u0131\u015fveri\u015f merkezlerinde kullan\u0131ma uygun.\" \/>\r\n<meta name=\"robots\" content=\"index, follow, max-snippet:-1, max-image-preview:large, max-video-preview:-1\" \/>\r\n<link rel=\"canonical\" href=\"https:\/\/induzon.com\/tr\/shop\/kendiliginden-calisan-patates-kizartmasi-atistirmalik-icecek-otomati-ticari\/\" \/>\r\n<meta property=\"og:locale\" content=\"tr_TR\" \/>\r\n<meta property=\"og:type\" content=\"article\" \/>\r\n<meta property=\"og:title\" content=\"Patates K\u0131zartmas\u0131 Otomat\u0131 A\u00e7\u0131k Hava \u0130\u00e7ecek Makinesi Ticari\" \/>\r\n<meta property=\"og:description\" content=\"Kendili\u011finden \u00e7al\u0131\u015fan patates k\u0131zartmas\u0131, at\u0131\u015ft\u0131rmal\u0131k. A\u00e7\u0131k hava ve kapal\u0131 mekanlar i\u00e7in ideal i\u015fyeri ve al\u0131\u015fveri\u015f merkezlerinde kullan\u0131ma uygun.\" \/>\r\n<meta property=\"og:url\" content=\"https:\/\/induzon.com\/tr\/shop\/kendiliginden-calisan-patates-kizartmasi-atistirmalik-icecek-otomati-ticari\/\" \/>\r\n<meta property=\"og:site_name\" content=\"induzon\" \/>\r\n<meta property=\"og:image\" content=\"https:\/\/induzon.com\/wp-content\/uploads\/2025\/10\/\u56fe-1-5.jpg\" \/>\r\n\t<meta property=\"og:image:width\" content=\"1500\" \/>\r\n\t<meta property=\"og:image:height\" content=\"1500\" \/>\r\n\t<meta property=\"og:image:type\" content=\"image\/jpeg\" \/>\r\n<meta name=\"twitter:card\" content=\"summary_large_image\" \/>\r\n<script type=\"application\/ld+json\" class=\"yoast-schema-graph\">{\"@context\":\"https:\/\/schema.org\",\"@graph\":[{\"@type\":\"WebPage\",\"@id\":\"https:\/\/induzon.com\/tr\/shop\/kendiliginden-calisan-patates-kizartmasi-atistirmalik-icecek-otomati-ticari\/\",\"url\":\"https:\/\/induzon.com\/tr\/shop\/kendiliginden-calisan-patates-kizartmasi-atistirmalik-icecek-otomati-ticari\/\",\"name\":\"Patates K\u0131zartmas\u0131 Otomat\u0131 A\u00e7\u0131k Hava \u0130\u00e7ecek Makinesi Ticari\",\"isPartOf\":{\"@id\":\"https:\/\/induzon.com\/tr\/#website\"},\"primaryImageOfPage\":{\"@id\":\"https:\/\/induzon.com\/tr\/shop\/kendiliginden-calisan-patates-kizartmasi-atistirmalik-icecek-otomati-ticari\/#primaryimage\"},\"image\":{\"@id\":\"https:\/\/induzon.com\/tr\/shop\/kendiliginden-calisan-patates-kizartmasi-atistirmalik-icecek-otomati-ticari\/#primaryimage\"},\"thumbnailUrl\":\"https:\/\/induzon.com\/wp-content\/uploads\/2025\/10\/\u56fe-1-5.jpg\",\"datePublished\":\"2026-01-15T09:28:38+00:00\",\"description\":\"Kendili\u011finden \u00e7al\u0131\u015fan patates k\u0131zartmas\u0131, at\u0131\u015ft\u0131rmal\u0131k. A\u00e7\u0131k hava ve kapal\u0131 mekanlar i\u00e7in ideal i\u015fyeri ve al\u0131\u015fveri\u015f merkezlerinde kullan\u0131ma uygun.\",\"breadcrumb\":{\"@id\":\"https:\/\/induzon.com\/tr\/shop\/kendiliginden-calisan-patates-kizartmasi-atistirmalik-icecek-otomati-ticari\/#breadcrumb\"},\"inLanguage\":\"tr\",\"potentialAction\":[{\"@type\":\"ReadAction\",\"target\":[\"https:\/\/induzon.com\/tr\/shop\/kendiliginden-calisan-patates-kizartmasi-atistirmalik-icecek-otomati-ticari\/\"]}]},{\"@type\":\"ImageObject\",\"inLanguage\":\"tr\",\"@id\":\"https:\/\/induzon.com\/tr\/shop\/kendiliginden-calisan-patates-kizartmasi-atistirmalik-icecek-otomati-ticari\/#primaryimage\",\"url\":\"https:\/\/induzon.com\/wp-content\/uploads\/2025\/10\/\u56fe-1-5.jpg\",\"contentUrl\":\"https:\/\/induzon.com\/wp-content\/uploads\/2025\/10\/\u56fe-1-5.jpg\",\"width\":1500,\"height\":1500,\"caption\":\"Patates K\u0131zartmas\u0131 Otomat\u0131 A\u00e7\u0131k Hava \u0130\u00e7ecek Makinesi Ticari\"},{\"@type\":\"BreadcrumbList\",\"@id\":\"https:\/\/induzon.com\/tr\/shop\/kendiliginden-calisan-patates-kizartmasi-atistirmalik-icecek-otomati-ticari\/#breadcrumb\",\"itemListElement\":[{\"@type\":\"ListItem\",\"position\":1,\"name\":\"\u9996\u9875\",\"item\":\"https:\/\/induzon.com\/tr\/ev\/\"},{\"@type\":\"ListItem\",\"position\":2,\"name\":\"Ma\u011faza\",\"item\":\"https:\/\/induzon.com\/tr\/magaza\/\"},{\"@type\":\"ListItem\",\"position\":3,\"name\":\"Kendili\u011finden \u00c7al\u0131\u015fan Patates K\u0131zartmas\u0131 At\u0131\u015ft\u0131rmal\u0131k \u0130\u00e7ecek Otomat\u0131 Ticari\"}]},{\"@type\":\"WebSite\",\"@id\":\"https:\/\/induzon.com\/tr\/#website\",\"url\":\"https:\/\/induzon.com\/tr\/\",\"name\":\"induzon\",\"description\":\"\",\"potentialAction\":[{\"@type\":\"SearchAction\",\"target\":{\"@type\":\"EntryPoint\",\"urlTemplate\":\"https:\/\/induzon.com\/tr\/?s={search_term_string}\"},\"query-input\":{\"@type\":\"PropertyValueSpecification\",\"valueRequired\":true,\"valueName\":\"search_term_string\"}}],\"inLanguage\":\"tr\"}]}<\/script>\r\n<!-- \/ Yoast SEO plugin. -->","yoast_head_json":{"title":"Patates K\u0131zartmas\u0131 Otomat\u0131 A\u00e7\u0131k Hava \u0130\u00e7ecek Makinesi Ticari","description":"Kendili\u011finden \u00e7al\u0131\u015fan patates k\u0131zartmas\u0131, at\u0131\u015ft\u0131rmal\u0131k. A\u00e7\u0131k hava ve kapal\u0131 mekanlar i\u00e7in ideal i\u015fyeri ve al\u0131\u015fveri\u015f merkezlerinde kullan\u0131ma uygun.","robots":{"index":"index","follow":"follow","max-snippet":"max-snippet:-1","max-image-preview":"max-image-preview:large","max-video-preview":"max-video-preview:-1"},"canonical":"https:\/\/induzon.com\/tr\/shop\/kendiliginden-calisan-patates-kizartmasi-atistirmalik-icecek-otomati-ticari\/","og_locale":"tr_TR","og_type":"article","og_title":"Patates K\u0131zartmas\u0131 Otomat\u0131 A\u00e7\u0131k Hava \u0130\u00e7ecek Makinesi Ticari","og_description":"Kendili\u011finden \u00e7al\u0131\u015fan patates k\u0131zartmas\u0131, at\u0131\u015ft\u0131rmal\u0131k. A\u00e7\u0131k hava ve kapal\u0131 mekanlar i\u00e7in ideal i\u015fyeri ve al\u0131\u015fveri\u015f merkezlerinde kullan\u0131ma uygun.","og_url":"https:\/\/induzon.com\/tr\/shop\/kendiliginden-calisan-patates-kizartmasi-atistirmalik-icecek-otomati-ticari\/","og_site_name":"induzon","og_image":[{"width":1500,"height":1500,"url":"https:\/\/induzon.com\/wp-content\/uploads\/2025\/10\/\u56fe-1-5.jpg","type":"image\/jpeg"}],"twitter_card":"summary_large_image","schema":{"@context":"https:\/\/schema.org","@graph":[{"@type":"WebPage","@id":"https:\/\/induzon.com\/tr\/shop\/kendiliginden-calisan-patates-kizartmasi-atistirmalik-icecek-otomati-ticari\/","url":"https:\/\/induzon.com\/tr\/shop\/kendiliginden-calisan-patates-kizartmasi-atistirmalik-icecek-otomati-ticari\/","name":"Patates K\u0131zartmas\u0131 Otomat\u0131 A\u00e7\u0131k Hava \u0130\u00e7ecek Makinesi Ticari","isPartOf":{"@id":"https:\/\/induzon.com\/tr\/#website"},"primaryImageOfPage":{"@id":"https:\/\/induzon.com\/tr\/shop\/kendiliginden-calisan-patates-kizartmasi-atistirmalik-icecek-otomati-ticari\/#primaryimage"},"image":{"@id":"https:\/\/induzon.com\/tr\/shop\/kendiliginden-calisan-patates-kizartmasi-atistirmalik-icecek-otomati-ticari\/#primaryimage"},"thumbnailUrl":"https:\/\/induzon.com\/wp-content\/uploads\/2025\/10\/\u56fe-1-5.jpg","datePublished":"2026-01-15T09:28:38+00:00","description":"Kendili\u011finden \u00e7al\u0131\u015fan patates k\u0131zartmas\u0131, at\u0131\u015ft\u0131rmal\u0131k. A\u00e7\u0131k hava ve kapal\u0131 mekanlar i\u00e7in ideal i\u015fyeri ve al\u0131\u015fveri\u015f merkezlerinde kullan\u0131ma uygun.","breadcrumb":{"@id":"https:\/\/induzon.com\/tr\/shop\/kendiliginden-calisan-patates-kizartmasi-atistirmalik-icecek-otomati-ticari\/#breadcrumb"},"inLanguage":"tr","potentialAction":[{"@type":"ReadAction","target":["https:\/\/induzon.com\/tr\/shop\/kendiliginden-calisan-patates-kizartmasi-atistirmalik-icecek-otomati-ticari\/"]}]},{"@type":"ImageObject","inLanguage":"tr","@id":"https:\/\/induzon.com\/tr\/shop\/kendiliginden-calisan-patates-kizartmasi-atistirmalik-icecek-otomati-ticari\/#primaryimage","url":"https:\/\/induzon.com\/wp-content\/uploads\/2025\/10\/\u56fe-1-5.jpg","contentUrl":"https:\/\/induzon.com\/wp-content\/uploads\/2025\/10\/\u56fe-1-5.jpg","width":1500,"height":1500,"caption":"Patates K\u0131zartmas\u0131 Otomat\u0131 A\u00e7\u0131k Hava \u0130\u00e7ecek Makinesi Ticari"},{"@type":"BreadcrumbList","@id":"https:\/\/induzon.com\/tr\/shop\/kendiliginden-calisan-patates-kizartmasi-atistirmalik-icecek-otomati-ticari\/#breadcrumb","itemListElement":[{"@type":"ListItem","position":1,"name":"\u9996\u9875","item":"https:\/\/induzon.com\/tr\/ev\/"},{"@type":"ListItem","position":2,"name":"Ma\u011faza","item":"https:\/\/induzon.com\/tr\/magaza\/"},{"@type":"ListItem","position":3,"name":"Kendili\u011finden \u00c7al\u0131\u015fan Patates K\u0131zartmas\u0131 At\u0131\u015ft\u0131rmal\u0131k \u0130\u00e7ecek Otomat\u0131 Ticari"}]},{"@type":"WebSite","@id":"https:\/\/induzon.com\/tr\/#website","url":"https:\/\/induzon.com\/tr\/","name":"induzon","description":"","potentialAction":[{"@type":"SearchAction","target":{"@type":"EntryPoint","urlTemplate":"https:\/\/induzon.com\/tr\/?s={search_term_string}"},"query-input":{"@type":"PropertyValueSpecification","valueRequired":true,"valueName":"search_term_string"}}],"inLanguage":"tr"}]}},"_links":{"self":[{"href":"https:\/\/induzon.com\/tr\/wp-json\/wp\/v2\/product\/33151","targetHints":{"allow":["GET"]}}],"collection":[{"href":"https:\/\/induzon.com\/tr\/wp-json\/wp\/v2\/product"}],"about":[{"href":"https:\/\/induzon.com\/tr\/wp-json\/wp\/v2\/types\/product"}],"replies":[{"embeddable":true,"href":"https:\/\/induzon.com\/tr\/wp-json\/wp\/v2\/comments?post=33151"}],"version-history":[{"count":0,"href":"https:\/\/induzon.com\/tr\/wp-json\/wp\/v2\/product\/33151\/revisions"}],"wp:featuredmedia":[{"embeddable":true,"href":"https:\/\/induzon.com\/tr\/wp-json\/wp\/v2\/media\/29228"}],"wp:attachment":[{"href":"https:\/\/induzon.com\/tr\/wp-json\/wp\/v2\/media?parent=33151"}],"wp:term":[{"taxonomy":"product_brand","embeddable":true,"href":"https:\/\/induzon.com\/tr\/wp-json\/wp\/v2\/product_brand?post=33151"},{"taxonomy":"product_cat","embeddable":true,"href":"https:\/\/induzon.com\/tr\/wp-json\/wp\/v2\/product_cat?post=33151"},{"taxonomy":"product_tag","embeddable":true,"href":"https:\/\/induzon.com\/tr\/wp-json\/wp\/v2\/product_tag?post=33151"}],"curies":[{"name":"wp","href":"https:\/\/api.w.org\/{rel}","templated":true}]}}