{"id":34302,"date":"2026-03-12T17:04:07","date_gmt":"2026-03-12T09:04:07","guid":{"rendered":"https:\/\/induzon.com\/shop\/0-5-2l-genlesme-tanki-yedek-tam-otomatik-sicak-soguk-su-kendinden-emisli-destek-pompasi-icin-ev-tipi-sabit-basinc-tanki\/"},"modified":"2026-04-22T11:27:15","modified_gmt":"2026-04-22T03:27:15","slug":"0-5-2l-genlesme-tanki-yedek-tam-otomatik-sicak-soguk-su-kendinden-emisli-destek-pompasi-icin-ev-tipi-sabit-basinc-tanki","status":"publish","type":"product","link":"https:\/\/induzon.com\/tr\/shop\/0-5-2l-genlesme-tanki-yedek-tam-otomatik-sicak-soguk-su-kendinden-emisli-destek-pompasi-icin-ev-tipi-sabit-basinc-tanki\/","title":{"rendered":"0.5-2L Genle\u015fme Tank\u0131 Yedek, Tam Otomatik S\u0131cak So\u011fuk Su Kendinden Emi\u015fli Destek Pompas\u0131 i\u00e7in, Ev Tipi Sabit Bas\u0131n\u00e7 Tank\u0131"},"content":{"rendered":"","protected":false},"excerpt":{"rendered":"","protected":false},"featured_media":34065,"comment_status":"open","ping_status":"closed","template":"","meta":{"site-sidebar-layout":"default","site-content-layout":"","ast-site-content-layout":"default","site-content-style":"default","site-sidebar-style":"default","ast-global-header-display":"","ast-banner-title-visibility":"","ast-main-header-display":"","ast-hfb-above-header-display":"","ast-hfb-below-header-display":"","ast-hfb-mobile-header-display":"","site-post-title":"","ast-breadcrumbs-content":"","ast-featured-img":"","footer-sml-layout":"","theme-transparent-header-meta":"default","adv-header-id-meta":"","stick-header-meta":"","header-above-stick-meta":"","header-main-stick-meta":"","header-below-stick-meta":"","astra-migrate-meta-layouts":"set","ast-page-background-enabled":"default","ast-page-background-meta":{"desktop":{"background-color":"var(--ast-global-color-4)","background-image":"","background-repeat":"repeat","background-position":"center center","background-size":"auto","background-attachment":"scroll","background-type":"","background-media":"","overlay-type":"","overlay-color":"","overlay-opacity":"","overlay-gradient":""},"tablet":{"background-color":"","background-image":"","background-repeat":"repeat","background-position":"center center","background-size":"auto","background-attachment":"scroll","background-type":"","background-media":"","overlay-type":"","overlay-color":"","overlay-opacity":"","overlay-gradient":""},"mobile":{"background-color":"","background-image":"","background-repeat":"repeat","background-position":"center center","background-size":"auto","background-attachment":"scroll","background-type":"","background-media":"","overlay-type":"","overlay-color":"","overlay-opacity":"","overlay-gradient":""}},"ast-content-background-meta":{"desktop":{"background-color":"var(--ast-global-color-5)","background-image":"","background-repeat":"repeat","background-position":"center center","background-size":"auto","background-attachment":"scroll","background-type":"","background-media":"","overlay-type":"","overlay-color":"","overlay-opacity":"","overlay-gradient":""},"tablet":{"background-color":"var(--ast-global-color-5)","background-image":"","background-repeat":"repeat","background-position":"center center","background-size":"auto","background-attachment":"scroll","background-type":"","background-media":"","overlay-type":"","overlay-color":"","overlay-opacity":"","overlay-gradient":""},"mobile":{"background-color":"var(--ast-global-color-5)","background-image":"","background-repeat":"repeat","background-position":"center center","background-size":"auto","background-attachment":"scroll","background-type":"","background-media":"","overlay-type":"","overlay-color":"","overlay-opacity":"","overlay-gradient":""}}},"product_brand":[],"product_cat":[1085],"product_tag":[2200],"class_list":{"0":"post-34302","1":"product","2":"type-product","3":"status-publish","4":"has-post-thumbnail","6":"product_cat-endustriyel-ve-ticari-ekipmanlar","7":"product_tag-genlesme-tanki","8":"desktop-align-left","9":"tablet-align-left","10":"mobile-align-left","12":"first","13":"instock","14":"sale","15":"shipping-taxable","16":"purchasable","17":"product-type-variable"},"yoast_head":"<!-- This site is optimized with the Yoast SEO plugin v24.9 - https:\/\/yoast.com\/wordpress\/plugins\/seo\/ -->\r\n<title>Genle\u015fme Tank\u0131 0.5-2L Pompa Sabit Bas\u0131n\u00e7<\/title>\r\n<meta name=\"description\" content=\"Eski genle\u015fme tank\u0131n\u0131z\u0131 bu 0.5-2L yedek tankla de\u011fi\u015ftirin. Tam otomatik s\u0131cak so\u011fuk su kendinden emi\u015fli destek pompalar\u0131 ile uyumlu, ev tipi sabit bas\u0131n\u00e7 tank\u0131.\" \/>\r\n<meta name=\"robots\" content=\"index, follow, max-snippet:-1, max-image-preview:large, max-video-preview:-1\" \/>\r\n<link rel=\"canonical\" href=\"https:\/\/induzon.com\/tr\/shop\/0-5-2l-genlesme-tanki-yedek-tam-otomatik-sicak-soguk-su-kendinden-emisli-destek-pompasi-icin-ev-tipi-sabit-basinc-tanki\/\" \/>\r\n<meta property=\"og:locale\" content=\"tr_TR\" \/>\r\n<meta property=\"og:type\" content=\"article\" \/>\r\n<meta property=\"og:title\" content=\"Genle\u015fme Tank\u0131 0.5-2L Pompa Sabit Bas\u0131n\u00e7\" \/>\r\n<meta property=\"og:description\" content=\"Eski genle\u015fme tank\u0131n\u0131z\u0131 bu 0.5-2L yedek tankla de\u011fi\u015ftirin. Tam otomatik s\u0131cak so\u011fuk su kendinden emi\u015fli destek pompalar\u0131 ile uyumlu, ev tipi sabit bas\u0131n\u00e7 tank\u0131.\" \/>\r\n<meta property=\"og:url\" content=\"https:\/\/induzon.com\/tr\/shop\/0-5-2l-genlesme-tanki-yedek-tam-otomatik-sicak-soguk-su-kendinden-emisli-destek-pompasi-icin-ev-tipi-sabit-basinc-tanki\/\" \/>\r\n<meta property=\"og:site_name\" content=\"induzon\" \/>\r\n<meta property=\"article:modified_time\" content=\"2026-04-22T03:27:15+00:00\" \/>\r\n<meta property=\"og:image\" content=\"https:\/\/induzon.com\/wp-content\/uploads\/2026\/03\/\u56fe-3-2.jpg\" \/>\r\n\t<meta property=\"og:image:width\" content=\"1500\" \/>\r\n\t<meta property=\"og:image:height\" content=\"1500\" \/>\r\n\t<meta property=\"og:image:type\" content=\"image\/jpeg\" \/>\r\n<meta name=\"twitter:card\" content=\"summary_large_image\" \/>\r\n<meta name=\"twitter:label1\" content=\"Tahmini okuma s\u00fcresi\" \/>\n\t<meta name=\"twitter:data1\" content=\"1 dakika\" \/>\r\n<script type=\"application\/ld+json\" class=\"yoast-schema-graph\">{\"@context\":\"https:\/\/schema.org\",\"@graph\":[{\"@type\":\"WebPage\",\"@id\":\"https:\/\/induzon.com\/tr\/shop\/0-5-2l-genlesme-tanki-yedek-tam-otomatik-sicak-soguk-su-kendinden-emisli-destek-pompasi-icin-ev-tipi-sabit-basinc-tanki\/\",\"url\":\"https:\/\/induzon.com\/tr\/shop\/0-5-2l-genlesme-tanki-yedek-tam-otomatik-sicak-soguk-su-kendinden-emisli-destek-pompasi-icin-ev-tipi-sabit-basinc-tanki\/\",\"name\":\"Genle\u015fme Tank\u0131 0.5-2L Pompa Sabit Bas\u0131n\u00e7\",\"isPartOf\":{\"@id\":\"https:\/\/induzon.com\/tr\/#website\"},\"primaryImageOfPage\":{\"@id\":\"https:\/\/induzon.com\/tr\/shop\/0-5-2l-genlesme-tanki-yedek-tam-otomatik-sicak-soguk-su-kendinden-emisli-destek-pompasi-icin-ev-tipi-sabit-basinc-tanki\/#primaryimage\"},\"image\":{\"@id\":\"https:\/\/induzon.com\/tr\/shop\/0-5-2l-genlesme-tanki-yedek-tam-otomatik-sicak-soguk-su-kendinden-emisli-destek-pompasi-icin-ev-tipi-sabit-basinc-tanki\/#primaryimage\"},\"thumbnailUrl\":\"https:\/\/induzon.com\/wp-content\/uploads\/2026\/03\/\u56fe-3-2.jpg\",\"datePublished\":\"2026-03-12T09:04:07+00:00\",\"dateModified\":\"2026-04-22T03:27:15+00:00\",\"description\":\"Eski genle\u015fme tank\u0131n\u0131z\u0131 bu 0.5-2L yedek tankla de\u011fi\u015ftirin. Tam otomatik s\u0131cak so\u011fuk su kendinden emi\u015fli destek pompalar\u0131 ile uyumlu, ev tipi sabit bas\u0131n\u00e7 tank\u0131.\",\"breadcrumb\":{\"@id\":\"https:\/\/induzon.com\/tr\/shop\/0-5-2l-genlesme-tanki-yedek-tam-otomatik-sicak-soguk-su-kendinden-emisli-destek-pompasi-icin-ev-tipi-sabit-basinc-tanki\/#breadcrumb\"},\"inLanguage\":\"tr\",\"potentialAction\":[{\"@type\":\"ReadAction\",\"target\":[\"https:\/\/induzon.com\/tr\/shop\/0-5-2l-genlesme-tanki-yedek-tam-otomatik-sicak-soguk-su-kendinden-emisli-destek-pompasi-icin-ev-tipi-sabit-basinc-tanki\/\"]}]},{\"@type\":\"ImageObject\",\"inLanguage\":\"tr\",\"@id\":\"https:\/\/induzon.com\/tr\/shop\/0-5-2l-genlesme-tanki-yedek-tam-otomatik-sicak-soguk-su-kendinden-emisli-destek-pompasi-icin-ev-tipi-sabit-basinc-tanki\/#primaryimage\",\"url\":\"https:\/\/induzon.com\/wp-content\/uploads\/2026\/03\/\u56fe-3-2.jpg\",\"contentUrl\":\"https:\/\/induzon.com\/wp-content\/uploads\/2026\/03\/\u56fe-3-2.jpg\",\"width\":1500,\"height\":1500,\"caption\":\"0.5-2L Genle\u015fme Tank\u0131 Yedek, Tam Otomatik S\u0131cak So\u011fuk Su Kendinden Emi\u015fli Destek Pompas\u0131 i\u00e7in, Ev Tipi Sabit Bas\u0131n\u00e7 Tank\u0131\"},{\"@type\":\"BreadcrumbList\",\"@id\":\"https:\/\/induzon.com\/tr\/shop\/0-5-2l-genlesme-tanki-yedek-tam-otomatik-sicak-soguk-su-kendinden-emisli-destek-pompasi-icin-ev-tipi-sabit-basinc-tanki\/#breadcrumb\",\"itemListElement\":[{\"@type\":\"ListItem\",\"position\":1,\"name\":\"\u9996\u9875\",\"item\":\"https:\/\/induzon.com\/tr\/ev\/\"},{\"@type\":\"ListItem\",\"position\":2,\"name\":\"Ma\u011faza\",\"item\":\"https:\/\/induzon.com\/tr\/magaza\/\"},{\"@type\":\"ListItem\",\"position\":3,\"name\":\"0.5-2L Genle\u015fme Tank\u0131 Yedek, Tam Otomatik S\u0131cak So\u011fuk Su Kendinden Emi\u015fli Destek Pompas\u0131 i\u00e7in, Ev Tipi Sabit Bas\u0131n\u00e7 Tank\u0131\"}]},{\"@type\":\"WebSite\",\"@id\":\"https:\/\/induzon.com\/tr\/#website\",\"url\":\"https:\/\/induzon.com\/tr\/\",\"name\":\"induzon\",\"description\":\"\",\"potentialAction\":[{\"@type\":\"SearchAction\",\"target\":{\"@type\":\"EntryPoint\",\"urlTemplate\":\"https:\/\/induzon.com\/tr\/?s={search_term_string}\"},\"query-input\":{\"@type\":\"PropertyValueSpecification\",\"valueRequired\":true,\"valueName\":\"search_term_string\"}}],\"inLanguage\":\"tr\"}]}<\/script>\r\n<!-- \/ Yoast SEO plugin. -->","yoast_head_json":{"title":"Genle\u015fme Tank\u0131 0.5-2L Pompa Sabit Bas\u0131n\u00e7","description":"Eski genle\u015fme tank\u0131n\u0131z\u0131 bu 0.5-2L yedek tankla de\u011fi\u015ftirin. Tam otomatik s\u0131cak so\u011fuk su kendinden emi\u015fli destek pompalar\u0131 ile uyumlu, ev tipi sabit bas\u0131n\u00e7 tank\u0131.","robots":{"index":"index","follow":"follow","max-snippet":"max-snippet:-1","max-image-preview":"max-image-preview:large","max-video-preview":"max-video-preview:-1"},"canonical":"https:\/\/induzon.com\/tr\/shop\/0-5-2l-genlesme-tanki-yedek-tam-otomatik-sicak-soguk-su-kendinden-emisli-destek-pompasi-icin-ev-tipi-sabit-basinc-tanki\/","og_locale":"tr_TR","og_type":"article","og_title":"Genle\u015fme Tank\u0131 0.5-2L Pompa Sabit Bas\u0131n\u00e7","og_description":"Eski genle\u015fme tank\u0131n\u0131z\u0131 bu 0.5-2L yedek tankla de\u011fi\u015ftirin. Tam otomatik s\u0131cak so\u011fuk su kendinden emi\u015fli destek pompalar\u0131 ile uyumlu, ev tipi sabit bas\u0131n\u00e7 tank\u0131.","og_url":"https:\/\/induzon.com\/tr\/shop\/0-5-2l-genlesme-tanki-yedek-tam-otomatik-sicak-soguk-su-kendinden-emisli-destek-pompasi-icin-ev-tipi-sabit-basinc-tanki\/","og_site_name":"induzon","article_modified_time":"2026-04-22T03:27:15+00:00","og_image":[{"width":1500,"height":1500,"url":"https:\/\/induzon.com\/wp-content\/uploads\/2026\/03\/\u56fe-3-2.jpg","type":"image\/jpeg"}],"twitter_card":"summary_large_image","twitter_misc":{"Tahmini okuma s\u00fcresi":"1 dakika"},"schema":{"@context":"https:\/\/schema.org","@graph":[{"@type":"WebPage","@id":"https:\/\/induzon.com\/tr\/shop\/0-5-2l-genlesme-tanki-yedek-tam-otomatik-sicak-soguk-su-kendinden-emisli-destek-pompasi-icin-ev-tipi-sabit-basinc-tanki\/","url":"https:\/\/induzon.com\/tr\/shop\/0-5-2l-genlesme-tanki-yedek-tam-otomatik-sicak-soguk-su-kendinden-emisli-destek-pompasi-icin-ev-tipi-sabit-basinc-tanki\/","name":"Genle\u015fme Tank\u0131 0.5-2L Pompa Sabit Bas\u0131n\u00e7","isPartOf":{"@id":"https:\/\/induzon.com\/tr\/#website"},"primaryImageOfPage":{"@id":"https:\/\/induzon.com\/tr\/shop\/0-5-2l-genlesme-tanki-yedek-tam-otomatik-sicak-soguk-su-kendinden-emisli-destek-pompasi-icin-ev-tipi-sabit-basinc-tanki\/#primaryimage"},"image":{"@id":"https:\/\/induzon.com\/tr\/shop\/0-5-2l-genlesme-tanki-yedek-tam-otomatik-sicak-soguk-su-kendinden-emisli-destek-pompasi-icin-ev-tipi-sabit-basinc-tanki\/#primaryimage"},"thumbnailUrl":"https:\/\/induzon.com\/wp-content\/uploads\/2026\/03\/\u56fe-3-2.jpg","datePublished":"2026-03-12T09:04:07+00:00","dateModified":"2026-04-22T03:27:15+00:00","description":"Eski genle\u015fme tank\u0131n\u0131z\u0131 bu 0.5-2L yedek tankla de\u011fi\u015ftirin. Tam otomatik s\u0131cak so\u011fuk su kendinden emi\u015fli destek pompalar\u0131 ile uyumlu, ev tipi sabit bas\u0131n\u00e7 tank\u0131.","breadcrumb":{"@id":"https:\/\/induzon.com\/tr\/shop\/0-5-2l-genlesme-tanki-yedek-tam-otomatik-sicak-soguk-su-kendinden-emisli-destek-pompasi-icin-ev-tipi-sabit-basinc-tanki\/#breadcrumb"},"inLanguage":"tr","potentialAction":[{"@type":"ReadAction","target":["https:\/\/induzon.com\/tr\/shop\/0-5-2l-genlesme-tanki-yedek-tam-otomatik-sicak-soguk-su-kendinden-emisli-destek-pompasi-icin-ev-tipi-sabit-basinc-tanki\/"]}]},{"@type":"ImageObject","inLanguage":"tr","@id":"https:\/\/induzon.com\/tr\/shop\/0-5-2l-genlesme-tanki-yedek-tam-otomatik-sicak-soguk-su-kendinden-emisli-destek-pompasi-icin-ev-tipi-sabit-basinc-tanki\/#primaryimage","url":"https:\/\/induzon.com\/wp-content\/uploads\/2026\/03\/\u56fe-3-2.jpg","contentUrl":"https:\/\/induzon.com\/wp-content\/uploads\/2026\/03\/\u56fe-3-2.jpg","width":1500,"height":1500,"caption":"0.5-2L Genle\u015fme Tank\u0131 Yedek, Tam Otomatik S\u0131cak So\u011fuk Su Kendinden Emi\u015fli Destek Pompas\u0131 i\u00e7in, Ev Tipi Sabit Bas\u0131n\u00e7 Tank\u0131"},{"@type":"BreadcrumbList","@id":"https:\/\/induzon.com\/tr\/shop\/0-5-2l-genlesme-tanki-yedek-tam-otomatik-sicak-soguk-su-kendinden-emisli-destek-pompasi-icin-ev-tipi-sabit-basinc-tanki\/#breadcrumb","itemListElement":[{"@type":"ListItem","position":1,"name":"\u9996\u9875","item":"https:\/\/induzon.com\/tr\/ev\/"},{"@type":"ListItem","position":2,"name":"Ma\u011faza","item":"https:\/\/induzon.com\/tr\/magaza\/"},{"@type":"ListItem","position":3,"name":"0.5-2L Genle\u015fme Tank\u0131 Yedek, Tam Otomatik S\u0131cak So\u011fuk Su Kendinden Emi\u015fli Destek Pompas\u0131 i\u00e7in, Ev Tipi Sabit Bas\u0131n\u00e7 Tank\u0131"}]},{"@type":"WebSite","@id":"https:\/\/induzon.com\/tr\/#website","url":"https:\/\/induzon.com\/tr\/","name":"induzon","description":"","potentialAction":[{"@type":"SearchAction","target":{"@type":"EntryPoint","urlTemplate":"https:\/\/induzon.com\/tr\/?s={search_term_string}"},"query-input":{"@type":"PropertyValueSpecification","valueRequired":true,"valueName":"search_term_string"}}],"inLanguage":"tr"}]}},"_links":{"self":[{"href":"https:\/\/induzon.com\/tr\/wp-json\/wp\/v2\/product\/34302","targetHints":{"allow":["GET"]}}],"collection":[{"href":"https:\/\/induzon.com\/tr\/wp-json\/wp\/v2\/product"}],"about":[{"href":"https:\/\/induzon.com\/tr\/wp-json\/wp\/v2\/types\/product"}],"replies":[{"embeddable":true,"href":"https:\/\/induzon.com\/tr\/wp-json\/wp\/v2\/comments?post=34302"}],"version-history":[{"count":1,"href":"https:\/\/induzon.com\/tr\/wp-json\/wp\/v2\/product\/34302\/revisions"}],"predecessor-version":[{"id":36647,"href":"https:\/\/induzon.com\/tr\/wp-json\/wp\/v2\/product\/34302\/revisions\/36647"}],"wp:featuredmedia":[{"embeddable":true,"href":"https:\/\/induzon.com\/tr\/wp-json\/wp\/v2\/media\/34065"}],"wp:attachment":[{"href":"https:\/\/induzon.com\/tr\/wp-json\/wp\/v2\/media?parent=34302"}],"wp:term":[{"taxonomy":"product_brand","embeddable":true,"href":"https:\/\/induzon.com\/tr\/wp-json\/wp\/v2\/product_brand?post=34302"},{"taxonomy":"product_cat","embeddable":true,"href":"https:\/\/induzon.com\/tr\/wp-json\/wp\/v2\/product_cat?post=34302"},{"taxonomy":"product_tag","embeddable":true,"href":"https:\/\/induzon.com\/tr\/wp-json\/wp\/v2\/product_tag?post=34302"}],"curies":[{"name":"wp","href":"https:\/\/api.w.org\/{rel}","templated":true}]}}