{"id":37036,"date":"2026-04-02T15:59:32","date_gmt":"2026-04-02T07:59:32","guid":{"rendered":"https:\/\/induzon.com\/shop\/biyokutle-pelet-isitma-sobasi-icin-220v-senkron-motor-dusuk-hizli-motor-2-3-3-5-5-rpm\/"},"modified":"2026-04-02T15:59:32","modified_gmt":"2026-04-02T07:59:32","slug":"biyokutle-pelet-isitma-sobasi-icin-220v-senkron-motor-dusuk-hizli-motor-2-3-3-5-5-rpm","status":"publish","type":"product","link":"https:\/\/induzon.com\/tr\/shop\/biyokutle-pelet-isitma-sobasi-icin-220v-senkron-motor-dusuk-hizli-motor-2-3-3-5-5-rpm\/","title":{"rendered":"Biyok\u00fctle pelet \u0131s\u0131tma sobas\u0131 i\u00e7in 220V senkron motor d\u00fc\u015f\u00fck h\u0131zl\u0131 motor 2 3 3.5 5 rpm"},"content":{"rendered":"","protected":false},"excerpt":{"rendered":"","protected":false},"featured_media":36736,"comment_status":"open","ping_status":"closed","template":"","meta":{"site-sidebar-layout":"default","site-content-layout":"","ast-site-content-layout":"default","site-content-style":"default","site-sidebar-style":"default","ast-global-header-display":"","ast-banner-title-visibility":"","ast-main-header-display":"","ast-hfb-above-header-display":"","ast-hfb-below-header-display":"","ast-hfb-mobile-header-display":"","site-post-title":"","ast-breadcrumbs-content":"","ast-featured-img":"","footer-sml-layout":"","theme-transparent-header-meta":"default","adv-header-id-meta":"","stick-header-meta":"","header-above-stick-meta":"","header-main-stick-meta":"","header-below-stick-meta":"","astra-migrate-meta-layouts":"default","ast-page-background-enabled":"default","ast-page-background-meta":{"desktop":{"background-color":"var(--ast-global-color-4)","background-image":"","background-repeat":"repeat","background-position":"center center","background-size":"auto","background-attachment":"scroll","background-type":"","background-media":"","overlay-type":"","overlay-color":"","overlay-opacity":"","overlay-gradient":""},"tablet":{"background-color":"","background-image":"","background-repeat":"repeat","background-position":"center center","background-size":"auto","background-attachment":"scroll","background-type":"","background-media":"","overlay-type":"","overlay-color":"","overlay-opacity":"","overlay-gradient":""},"mobile":{"background-color":"","background-image":"","background-repeat":"repeat","background-position":"center center","background-size":"auto","background-attachment":"scroll","background-type":"","background-media":"","overlay-type":"","overlay-color":"","overlay-opacity":"","overlay-gradient":""}},"ast-content-background-meta":{"desktop":{"background-color":"var(--ast-global-color-5)","background-image":"","background-repeat":"repeat","background-position":"center center","background-size":"auto","background-attachment":"scroll","background-type":"","background-media":"","overlay-type":"","overlay-color":"","overlay-opacity":"","overlay-gradient":""},"tablet":{"background-color":"var(--ast-global-color-5)","background-image":"","background-repeat":"repeat","background-position":"center center","background-size":"auto","background-attachment":"scroll","background-type":"","background-media":"","overlay-type":"","overlay-color":"","overlay-opacity":"","overlay-gradient":""},"mobile":{"background-color":"var(--ast-global-color-5)","background-image":"","background-repeat":"repeat","background-position":"center center","background-size":"auto","background-attachment":"scroll","background-type":"","background-media":"","overlay-type":"","overlay-color":"","overlay-opacity":"","overlay-gradient":""}}},"product_brand":[],"product_cat":[2342],"product_tag":[],"class_list":{"0":"post-37036","1":"product","2":"type-product","3":"status-publish","4":"has-post-thumbnail","6":"product_cat-motor-ve-sanziman","7":"desktop-align-left","8":"tablet-align-left","9":"mobile-align-left","11":"first","12":"instock","13":"sale","14":"shipping-taxable","15":"purchasable","16":"product-type-variable"},"yoast_head":"<!-- This site is optimized with the Yoast SEO plugin v24.9 - https:\/\/yoast.com\/wordpress\/plugins\/seo\/ -->\r\n<title>Biyok\u00fctle pelet sobas\u0131 i\u00e7in 220V senkron yava\u015f motor 2 3 3.5 5 rpm<\/title>\r\n<meta name=\"description\" content=\"Bu 220V senkron d\u00fc\u015f\u00fck h\u0131zl\u0131 motor biyok\u00fctle pelet \u0131s\u0131tma sobas\u0131 i\u00e7in 2 3 3.5 5 rpm h\u0131z sunar. Besleme sistemi i\u00e7in.\" \/>\r\n<meta name=\"robots\" content=\"index, follow, max-snippet:-1, max-image-preview:large, max-video-preview:-1\" \/>\r\n<link rel=\"canonical\" href=\"https:\/\/induzon.com\/tr\/shop\/biyokutle-pelet-isitma-sobasi-icin-220v-senkron-motor-dusuk-hizli-motor-2-3-3-5-5-rpm\/\" \/>\r\n<meta property=\"og:locale\" content=\"tr_TR\" \/>\r\n<meta property=\"og:type\" content=\"article\" \/>\r\n<meta property=\"og:title\" content=\"Biyok\u00fctle pelet sobas\u0131 i\u00e7in 220V senkron yava\u015f motor 2 3 3.5 5 rpm\" \/>\r\n<meta property=\"og:description\" content=\"Bu 220V senkron d\u00fc\u015f\u00fck h\u0131zl\u0131 motor biyok\u00fctle pelet \u0131s\u0131tma sobas\u0131 i\u00e7in 2 3 3.5 5 rpm h\u0131z sunar. Besleme sistemi i\u00e7in.\" \/>\r\n<meta property=\"og:url\" content=\"https:\/\/induzon.com\/tr\/shop\/biyokutle-pelet-isitma-sobasi-icin-220v-senkron-motor-dusuk-hizli-motor-2-3-3-5-5-rpm\/\" \/>\r\n<meta property=\"og:site_name\" content=\"induzon\" \/>\r\n<meta property=\"og:image\" content=\"https:\/\/induzon.com\/wp-content\/uploads\/2026\/04\/\u56fe-2.jpg\" \/>\r\n\t<meta property=\"og:image:width\" content=\"1500\" \/>\r\n\t<meta property=\"og:image:height\" content=\"1500\" \/>\r\n\t<meta property=\"og:image:type\" content=\"image\/jpeg\" \/>\r\n<meta name=\"twitter:card\" content=\"summary_large_image\" \/>\r\n<script type=\"application\/ld+json\" class=\"yoast-schema-graph\">{\"@context\":\"https:\/\/schema.org\",\"@graph\":[{\"@type\":\"WebPage\",\"@id\":\"https:\/\/induzon.com\/tr\/shop\/biyokutle-pelet-isitma-sobasi-icin-220v-senkron-motor-dusuk-hizli-motor-2-3-3-5-5-rpm\/\",\"url\":\"https:\/\/induzon.com\/tr\/shop\/biyokutle-pelet-isitma-sobasi-icin-220v-senkron-motor-dusuk-hizli-motor-2-3-3-5-5-rpm\/\",\"name\":\"Biyok\u00fctle pelet sobas\u0131 i\u00e7in 220V senkron yava\u015f motor 2 3 3.5 5 rpm\",\"isPartOf\":{\"@id\":\"https:\/\/induzon.com\/tr\/#website\"},\"primaryImageOfPage\":{\"@id\":\"https:\/\/induzon.com\/tr\/shop\/biyokutle-pelet-isitma-sobasi-icin-220v-senkron-motor-dusuk-hizli-motor-2-3-3-5-5-rpm\/#primaryimage\"},\"image\":{\"@id\":\"https:\/\/induzon.com\/tr\/shop\/biyokutle-pelet-isitma-sobasi-icin-220v-senkron-motor-dusuk-hizli-motor-2-3-3-5-5-rpm\/#primaryimage\"},\"thumbnailUrl\":\"https:\/\/induzon.com\/wp-content\/uploads\/2026\/04\/\u56fe-2.jpg\",\"datePublished\":\"2026-04-02T07:59:32+00:00\",\"description\":\"Bu 220V senkron d\u00fc\u015f\u00fck h\u0131zl\u0131 motor biyok\u00fctle pelet \u0131s\u0131tma sobas\u0131 i\u00e7in 2 3 3.5 5 rpm h\u0131z sunar. Besleme sistemi i\u00e7in.\",\"breadcrumb\":{\"@id\":\"https:\/\/induzon.com\/tr\/shop\/biyokutle-pelet-isitma-sobasi-icin-220v-senkron-motor-dusuk-hizli-motor-2-3-3-5-5-rpm\/#breadcrumb\"},\"inLanguage\":\"tr\",\"potentialAction\":[{\"@type\":\"ReadAction\",\"target\":[\"https:\/\/induzon.com\/tr\/shop\/biyokutle-pelet-isitma-sobasi-icin-220v-senkron-motor-dusuk-hizli-motor-2-3-3-5-5-rpm\/\"]}]},{\"@type\":\"ImageObject\",\"inLanguage\":\"tr\",\"@id\":\"https:\/\/induzon.com\/tr\/shop\/biyokutle-pelet-isitma-sobasi-icin-220v-senkron-motor-dusuk-hizli-motor-2-3-3-5-5-rpm\/#primaryimage\",\"url\":\"https:\/\/induzon.com\/wp-content\/uploads\/2026\/04\/\u56fe-2.jpg\",\"contentUrl\":\"https:\/\/induzon.com\/wp-content\/uploads\/2026\/04\/\u56fe-2.jpg\",\"width\":1500,\"height\":1500,\"caption\":\"Biyok\u00fctle pelet \u0131s\u0131tma sobas\u0131 i\u00e7in 220V senkron motor d\u00fc\u015f\u00fck h\u0131zl\u0131 motor 2 3 3.5 5 rpm\"},{\"@type\":\"BreadcrumbList\",\"@id\":\"https:\/\/induzon.com\/tr\/shop\/biyokutle-pelet-isitma-sobasi-icin-220v-senkron-motor-dusuk-hizli-motor-2-3-3-5-5-rpm\/#breadcrumb\",\"itemListElement\":[{\"@type\":\"ListItem\",\"position\":1,\"name\":\"\u9996\u9875\",\"item\":\"https:\/\/induzon.com\/tr\/ev\/\"},{\"@type\":\"ListItem\",\"position\":2,\"name\":\"Ma\u011faza\",\"item\":\"https:\/\/induzon.com\/tr\/magaza\/\"},{\"@type\":\"ListItem\",\"position\":3,\"name\":\"Biyok\u00fctle pelet \u0131s\u0131tma sobas\u0131 i\u00e7in 220V senkron motor d\u00fc\u015f\u00fck h\u0131zl\u0131 motor 2 3 3.5 5 rpm\"}]},{\"@type\":\"WebSite\",\"@id\":\"https:\/\/induzon.com\/tr\/#website\",\"url\":\"https:\/\/induzon.com\/tr\/\",\"name\":\"induzon\",\"description\":\"\",\"potentialAction\":[{\"@type\":\"SearchAction\",\"target\":{\"@type\":\"EntryPoint\",\"urlTemplate\":\"https:\/\/induzon.com\/tr\/?s={search_term_string}\"},\"query-input\":{\"@type\":\"PropertyValueSpecification\",\"valueRequired\":true,\"valueName\":\"search_term_string\"}}],\"inLanguage\":\"tr\"}]}<\/script>\r\n<!-- \/ Yoast SEO plugin. -->","yoast_head_json":{"title":"Biyok\u00fctle pelet sobas\u0131 i\u00e7in 220V senkron yava\u015f motor 2 3 3.5 5 rpm","description":"Bu 220V senkron d\u00fc\u015f\u00fck h\u0131zl\u0131 motor biyok\u00fctle pelet \u0131s\u0131tma sobas\u0131 i\u00e7in 2 3 3.5 5 rpm h\u0131z sunar. Besleme sistemi i\u00e7in.","robots":{"index":"index","follow":"follow","max-snippet":"max-snippet:-1","max-image-preview":"max-image-preview:large","max-video-preview":"max-video-preview:-1"},"canonical":"https:\/\/induzon.com\/tr\/shop\/biyokutle-pelet-isitma-sobasi-icin-220v-senkron-motor-dusuk-hizli-motor-2-3-3-5-5-rpm\/","og_locale":"tr_TR","og_type":"article","og_title":"Biyok\u00fctle pelet sobas\u0131 i\u00e7in 220V senkron yava\u015f motor 2 3 3.5 5 rpm","og_description":"Bu 220V senkron d\u00fc\u015f\u00fck h\u0131zl\u0131 motor biyok\u00fctle pelet \u0131s\u0131tma sobas\u0131 i\u00e7in 2 3 3.5 5 rpm h\u0131z sunar. Besleme sistemi i\u00e7in.","og_url":"https:\/\/induzon.com\/tr\/shop\/biyokutle-pelet-isitma-sobasi-icin-220v-senkron-motor-dusuk-hizli-motor-2-3-3-5-5-rpm\/","og_site_name":"induzon","og_image":[{"width":1500,"height":1500,"url":"https:\/\/induzon.com\/wp-content\/uploads\/2026\/04\/\u56fe-2.jpg","type":"image\/jpeg"}],"twitter_card":"summary_large_image","schema":{"@context":"https:\/\/schema.org","@graph":[{"@type":"WebPage","@id":"https:\/\/induzon.com\/tr\/shop\/biyokutle-pelet-isitma-sobasi-icin-220v-senkron-motor-dusuk-hizli-motor-2-3-3-5-5-rpm\/","url":"https:\/\/induzon.com\/tr\/shop\/biyokutle-pelet-isitma-sobasi-icin-220v-senkron-motor-dusuk-hizli-motor-2-3-3-5-5-rpm\/","name":"Biyok\u00fctle pelet sobas\u0131 i\u00e7in 220V senkron yava\u015f motor 2 3 3.5 5 rpm","isPartOf":{"@id":"https:\/\/induzon.com\/tr\/#website"},"primaryImageOfPage":{"@id":"https:\/\/induzon.com\/tr\/shop\/biyokutle-pelet-isitma-sobasi-icin-220v-senkron-motor-dusuk-hizli-motor-2-3-3-5-5-rpm\/#primaryimage"},"image":{"@id":"https:\/\/induzon.com\/tr\/shop\/biyokutle-pelet-isitma-sobasi-icin-220v-senkron-motor-dusuk-hizli-motor-2-3-3-5-5-rpm\/#primaryimage"},"thumbnailUrl":"https:\/\/induzon.com\/wp-content\/uploads\/2026\/04\/\u56fe-2.jpg","datePublished":"2026-04-02T07:59:32+00:00","description":"Bu 220V senkron d\u00fc\u015f\u00fck h\u0131zl\u0131 motor biyok\u00fctle pelet \u0131s\u0131tma sobas\u0131 i\u00e7in 2 3 3.5 5 rpm h\u0131z sunar. Besleme sistemi i\u00e7in.","breadcrumb":{"@id":"https:\/\/induzon.com\/tr\/shop\/biyokutle-pelet-isitma-sobasi-icin-220v-senkron-motor-dusuk-hizli-motor-2-3-3-5-5-rpm\/#breadcrumb"},"inLanguage":"tr","potentialAction":[{"@type":"ReadAction","target":["https:\/\/induzon.com\/tr\/shop\/biyokutle-pelet-isitma-sobasi-icin-220v-senkron-motor-dusuk-hizli-motor-2-3-3-5-5-rpm\/"]}]},{"@type":"ImageObject","inLanguage":"tr","@id":"https:\/\/induzon.com\/tr\/shop\/biyokutle-pelet-isitma-sobasi-icin-220v-senkron-motor-dusuk-hizli-motor-2-3-3-5-5-rpm\/#primaryimage","url":"https:\/\/induzon.com\/wp-content\/uploads\/2026\/04\/\u56fe-2.jpg","contentUrl":"https:\/\/induzon.com\/wp-content\/uploads\/2026\/04\/\u56fe-2.jpg","width":1500,"height":1500,"caption":"Biyok\u00fctle pelet \u0131s\u0131tma sobas\u0131 i\u00e7in 220V senkron motor d\u00fc\u015f\u00fck h\u0131zl\u0131 motor 2 3 3.5 5 rpm"},{"@type":"BreadcrumbList","@id":"https:\/\/induzon.com\/tr\/shop\/biyokutle-pelet-isitma-sobasi-icin-220v-senkron-motor-dusuk-hizli-motor-2-3-3-5-5-rpm\/#breadcrumb","itemListElement":[{"@type":"ListItem","position":1,"name":"\u9996\u9875","item":"https:\/\/induzon.com\/tr\/ev\/"},{"@type":"ListItem","position":2,"name":"Ma\u011faza","item":"https:\/\/induzon.com\/tr\/magaza\/"},{"@type":"ListItem","position":3,"name":"Biyok\u00fctle pelet \u0131s\u0131tma sobas\u0131 i\u00e7in 220V senkron motor d\u00fc\u015f\u00fck h\u0131zl\u0131 motor 2 3 3.5 5 rpm"}]},{"@type":"WebSite","@id":"https:\/\/induzon.com\/tr\/#website","url":"https:\/\/induzon.com\/tr\/","name":"induzon","description":"","potentialAction":[{"@type":"SearchAction","target":{"@type":"EntryPoint","urlTemplate":"https:\/\/induzon.com\/tr\/?s={search_term_string}"},"query-input":{"@type":"PropertyValueSpecification","valueRequired":true,"valueName":"search_term_string"}}],"inLanguage":"tr"}]}},"_links":{"self":[{"href":"https:\/\/induzon.com\/tr\/wp-json\/wp\/v2\/product\/37036","targetHints":{"allow":["GET"]}}],"collection":[{"href":"https:\/\/induzon.com\/tr\/wp-json\/wp\/v2\/product"}],"about":[{"href":"https:\/\/induzon.com\/tr\/wp-json\/wp\/v2\/types\/product"}],"replies":[{"embeddable":true,"href":"https:\/\/induzon.com\/tr\/wp-json\/wp\/v2\/comments?post=37036"}],"version-history":[{"count":0,"href":"https:\/\/induzon.com\/tr\/wp-json\/wp\/v2\/product\/37036\/revisions"}],"wp:featuredmedia":[{"embeddable":true,"href":"https:\/\/induzon.com\/tr\/wp-json\/wp\/v2\/media\/36736"}],"wp:attachment":[{"href":"https:\/\/induzon.com\/tr\/wp-json\/wp\/v2\/media?parent=37036"}],"wp:term":[{"taxonomy":"product_brand","embeddable":true,"href":"https:\/\/induzon.com\/tr\/wp-json\/wp\/v2\/product_brand?post=37036"},{"taxonomy":"product_cat","embeddable":true,"href":"https:\/\/induzon.com\/tr\/wp-json\/wp\/v2\/product_cat?post=37036"},{"taxonomy":"product_tag","embeddable":true,"href":"https:\/\/induzon.com\/tr\/wp-json\/wp\/v2\/product_tag?post=37036"}],"curies":[{"name":"wp","href":"https:\/\/api.w.org\/{rel}","templated":true}]}}