{"id":37918,"date":"2026-04-23T15:47:57","date_gmt":"2026-04-23T07:47:57","guid":{"rendered":"https:\/\/induzon.com\/shop\/gazli-ocak-brulor-kapagi-balay-fagor-teka-yuksek-pisirme-performansi-balay-fagor-teka\/"},"modified":"2026-04-23T15:47:57","modified_gmt":"2026-04-23T07:47:57","slug":"gazli-ocak-brulor-kapagi-balay-fagor-teka-yuksek-pisirme-performansi-balay-fagor-teka","status":"publish","type":"product","link":"https:\/\/induzon.com\/tr\/shop\/gazli-ocak-brulor-kapagi-balay-fagor-teka-yuksek-pisirme-performansi-balay-fagor-teka\/","title":{"rendered":"Gazl\u0131 Ocak Br\u00fcl\u00f6r Kapa\u011f\u0131 BALAY FAGOR TEKA Y\u00fcksek Pi\u015firme Performans\u0131 BALAY FAGOR TEKA"},"content":{"rendered":"","protected":false},"excerpt":{"rendered":"","protected":false},"featured_media":37844,"comment_status":"open","ping_status":"closed","template":"","meta":{"site-sidebar-layout":"default","site-content-layout":"","ast-site-content-layout":"default","site-content-style":"default","site-sidebar-style":"default","ast-global-header-display":"","ast-banner-title-visibility":"","ast-main-header-display":"","ast-hfb-above-header-display":"","ast-hfb-below-header-display":"","ast-hfb-mobile-header-display":"","site-post-title":"","ast-breadcrumbs-content":"","ast-featured-img":"","footer-sml-layout":"","theme-transparent-header-meta":"default","adv-header-id-meta":"","stick-header-meta":"","header-above-stick-meta":"","header-main-stick-meta":"","header-below-stick-meta":"","astra-migrate-meta-layouts":"default","ast-page-background-enabled":"default","ast-page-background-meta":{"desktop":{"background-color":"var(--ast-global-color-4)","background-image":"","background-repeat":"repeat","background-position":"center center","background-size":"auto","background-attachment":"scroll","background-type":"","background-media":"","overlay-type":"","overlay-color":"","overlay-opacity":"","overlay-gradient":""},"tablet":{"background-color":"","background-image":"","background-repeat":"repeat","background-position":"center center","background-size":"auto","background-attachment":"scroll","background-type":"","background-media":"","overlay-type":"","overlay-color":"","overlay-opacity":"","overlay-gradient":""},"mobile":{"background-color":"","background-image":"","background-repeat":"repeat","background-position":"center center","background-size":"auto","background-attachment":"scroll","background-type":"","background-media":"","overlay-type":"","overlay-color":"","overlay-opacity":"","overlay-gradient":""}},"ast-content-background-meta":{"desktop":{"background-color":"var(--ast-global-color-5)","background-image":"","background-repeat":"repeat","background-position":"center center","background-size":"auto","background-attachment":"scroll","background-type":"","background-media":"","overlay-type":"","overlay-color":"","overlay-opacity":"","overlay-gradient":""},"tablet":{"background-color":"var(--ast-global-color-5)","background-image":"","background-repeat":"repeat","background-position":"center center","background-size":"auto","background-attachment":"scroll","background-type":"","background-media":"","overlay-type":"","overlay-color":"","overlay-opacity":"","overlay-gradient":""},"mobile":{"background-color":"var(--ast-global-color-5)","background-image":"","background-repeat":"repeat","background-position":"center center","background-size":"auto","background-attachment":"scroll","background-type":"","background-media":"","overlay-type":"","overlay-color":"","overlay-opacity":"","overlay-gradient":""}}},"product_brand":[],"product_cat":[2332],"product_tag":[2333],"class_list":{"0":"post-37918","1":"product","2":"type-product","3":"status-publish","4":"has-post-thumbnail","6":"product_cat-ocak-parcalari","7":"product_tag-ocak-parcalari","8":"desktop-align-left","9":"tablet-align-left","10":"mobile-align-left","12":"first","13":"instock","14":"sale","15":"shipping-taxable","16":"purchasable","17":"product-type-variable"},"yoast_head":"<!-- This site is optimized with the Yoast SEO plugin v24.9 - https:\/\/yoast.com\/wordpress\/plugins\/seo\/ -->\r\n<title>BALAY FAGOR TEKA Br\u00fcl\u00f6r Kapa\u011f\u0131 Y\u00fcksek Pi\u015firme Performans\u0131<\/title>\r\n<meta name=\"description\" content=\"BALAY FAGOR TEKA Gazl\u0131 Ocak i\u00e7in 1 Adet Br\u00fcl\u00f6r Kapa\u011f\u0131 Br\u00fcl\u00f6rler Izgaralar ve F\u0131r\u0131n Tepsileri i\u00e7in Y\u00fcksek Pi\u015firme Performans\u0131 Dayan\u0131kl\u0131 Ocak Kapa\u011f\u0131\" \/>\r\n<meta name=\"robots\" content=\"index, follow, max-snippet:-1, max-image-preview:large, max-video-preview:-1\" \/>\r\n<link rel=\"canonical\" href=\"https:\/\/induzon.com\/tr\/shop\/gazli-ocak-brulor-kapagi-balay-fagor-teka-yuksek-pisirme-performansi-balay-fagor-teka\/\" \/>\r\n<meta property=\"og:locale\" content=\"tr_TR\" \/>\r\n<meta property=\"og:type\" content=\"article\" \/>\r\n<meta property=\"og:title\" content=\"BALAY FAGOR TEKA Br\u00fcl\u00f6r Kapa\u011f\u0131 Y\u00fcksek Pi\u015firme Performans\u0131\" \/>\r\n<meta property=\"og:description\" content=\"BALAY FAGOR TEKA Gazl\u0131 Ocak i\u00e7in 1 Adet Br\u00fcl\u00f6r Kapa\u011f\u0131 Br\u00fcl\u00f6rler Izgaralar ve F\u0131r\u0131n Tepsileri i\u00e7in Y\u00fcksek Pi\u015firme Performans\u0131 Dayan\u0131kl\u0131 Ocak Kapa\u011f\u0131\" \/>\r\n<meta property=\"og:url\" content=\"https:\/\/induzon.com\/tr\/shop\/gazli-ocak-brulor-kapagi-balay-fagor-teka-yuksek-pisirme-performansi-balay-fagor-teka\/\" \/>\r\n<meta property=\"og:site_name\" content=\"induzon\" \/>\r\n<meta property=\"og:image\" content=\"https:\/\/induzon.com\/wp-content\/uploads\/2026\/04\/4-2.png\" \/>\r\n\t<meta property=\"og:image:width\" content=\"797\" \/>\r\n\t<meta property=\"og:image:height\" content=\"795\" \/>\r\n\t<meta property=\"og:image:type\" content=\"image\/png\" \/>\r\n<meta name=\"twitter:card\" content=\"summary_large_image\" \/>\r\n<script type=\"application\/ld+json\" class=\"yoast-schema-graph\">{\"@context\":\"https:\/\/schema.org\",\"@graph\":[{\"@type\":\"WebPage\",\"@id\":\"https:\/\/induzon.com\/tr\/shop\/gazli-ocak-brulor-kapagi-balay-fagor-teka-yuksek-pisirme-performansi-balay-fagor-teka\/\",\"url\":\"https:\/\/induzon.com\/tr\/shop\/gazli-ocak-brulor-kapagi-balay-fagor-teka-yuksek-pisirme-performansi-balay-fagor-teka\/\",\"name\":\"BALAY FAGOR TEKA Br\u00fcl\u00f6r Kapa\u011f\u0131 Y\u00fcksek Pi\u015firme Performans\u0131\",\"isPartOf\":{\"@id\":\"https:\/\/induzon.com\/tr\/#website\"},\"primaryImageOfPage\":{\"@id\":\"https:\/\/induzon.com\/tr\/shop\/gazli-ocak-brulor-kapagi-balay-fagor-teka-yuksek-pisirme-performansi-balay-fagor-teka\/#primaryimage\"},\"image\":{\"@id\":\"https:\/\/induzon.com\/tr\/shop\/gazli-ocak-brulor-kapagi-balay-fagor-teka-yuksek-pisirme-performansi-balay-fagor-teka\/#primaryimage\"},\"thumbnailUrl\":\"https:\/\/induzon.com\/wp-content\/uploads\/2026\/04\/1-3.png\",\"datePublished\":\"2026-04-23T07:47:57+00:00\",\"description\":\"BALAY FAGOR TEKA Gazl\u0131 Ocak i\u00e7in 1 Adet Br\u00fcl\u00f6r Kapa\u011f\u0131 Br\u00fcl\u00f6rler Izgaralar ve F\u0131r\u0131n Tepsileri i\u00e7in Y\u00fcksek Pi\u015firme Performans\u0131 Dayan\u0131kl\u0131 Ocak Kapa\u011f\u0131\",\"breadcrumb\":{\"@id\":\"https:\/\/induzon.com\/tr\/shop\/gazli-ocak-brulor-kapagi-balay-fagor-teka-yuksek-pisirme-performansi-balay-fagor-teka\/#breadcrumb\"},\"inLanguage\":\"tr\",\"potentialAction\":[{\"@type\":\"ReadAction\",\"target\":[\"https:\/\/induzon.com\/tr\/shop\/gazli-ocak-brulor-kapagi-balay-fagor-teka-yuksek-pisirme-performansi-balay-fagor-teka\/\"]}]},{\"@type\":\"ImageObject\",\"inLanguage\":\"tr\",\"@id\":\"https:\/\/induzon.com\/tr\/shop\/gazli-ocak-brulor-kapagi-balay-fagor-teka-yuksek-pisirme-performansi-balay-fagor-teka\/#primaryimage\",\"url\":\"https:\/\/induzon.com\/wp-content\/uploads\/2026\/04\/1-3.png\",\"contentUrl\":\"https:\/\/induzon.com\/wp-content\/uploads\/2026\/04\/1-3.png\",\"width\":795,\"height\":796,\"caption\":\"Gazl\u0131 Ocak Br\u00fcl\u00f6r Kapa\u011f\u0131 BALAY FAGOR TEKA Y\u00fcksek Pi\u015firme Performans\u0131 BALAY FAGOR TEKA\"},{\"@type\":\"BreadcrumbList\",\"@id\":\"https:\/\/induzon.com\/tr\/shop\/gazli-ocak-brulor-kapagi-balay-fagor-teka-yuksek-pisirme-performansi-balay-fagor-teka\/#breadcrumb\",\"itemListElement\":[{\"@type\":\"ListItem\",\"position\":1,\"name\":\"\u9996\u9875\",\"item\":\"https:\/\/induzon.com\/tr\/ev\/\"},{\"@type\":\"ListItem\",\"position\":2,\"name\":\"Ma\u011faza\",\"item\":\"https:\/\/induzon.com\/tr\/magaza\/\"},{\"@type\":\"ListItem\",\"position\":3,\"name\":\"Gazl\u0131 Ocak Br\u00fcl\u00f6r Kapa\u011f\u0131 BALAY FAGOR TEKA Y\u00fcksek Pi\u015firme Performans\u0131 BALAY FAGOR TEKA\"}]},{\"@type\":\"WebSite\",\"@id\":\"https:\/\/induzon.com\/tr\/#website\",\"url\":\"https:\/\/induzon.com\/tr\/\",\"name\":\"induzon\",\"description\":\"\",\"potentialAction\":[{\"@type\":\"SearchAction\",\"target\":{\"@type\":\"EntryPoint\",\"urlTemplate\":\"https:\/\/induzon.com\/tr\/?s={search_term_string}\"},\"query-input\":{\"@type\":\"PropertyValueSpecification\",\"valueRequired\":true,\"valueName\":\"search_term_string\"}}],\"inLanguage\":\"tr\"}]}<\/script>\r\n<!-- \/ Yoast SEO plugin. -->","yoast_head_json":{"title":"BALAY FAGOR TEKA Br\u00fcl\u00f6r Kapa\u011f\u0131 Y\u00fcksek Pi\u015firme Performans\u0131","description":"BALAY FAGOR TEKA Gazl\u0131 Ocak i\u00e7in 1 Adet Br\u00fcl\u00f6r Kapa\u011f\u0131 Br\u00fcl\u00f6rler Izgaralar ve F\u0131r\u0131n Tepsileri i\u00e7in Y\u00fcksek Pi\u015firme Performans\u0131 Dayan\u0131kl\u0131 Ocak Kapa\u011f\u0131","robots":{"index":"index","follow":"follow","max-snippet":"max-snippet:-1","max-image-preview":"max-image-preview:large","max-video-preview":"max-video-preview:-1"},"canonical":"https:\/\/induzon.com\/tr\/shop\/gazli-ocak-brulor-kapagi-balay-fagor-teka-yuksek-pisirme-performansi-balay-fagor-teka\/","og_locale":"tr_TR","og_type":"article","og_title":"BALAY FAGOR TEKA Br\u00fcl\u00f6r Kapa\u011f\u0131 Y\u00fcksek Pi\u015firme Performans\u0131","og_description":"BALAY FAGOR TEKA Gazl\u0131 Ocak i\u00e7in 1 Adet Br\u00fcl\u00f6r Kapa\u011f\u0131 Br\u00fcl\u00f6rler Izgaralar ve F\u0131r\u0131n Tepsileri i\u00e7in Y\u00fcksek Pi\u015firme Performans\u0131 Dayan\u0131kl\u0131 Ocak Kapa\u011f\u0131","og_url":"https:\/\/induzon.com\/tr\/shop\/gazli-ocak-brulor-kapagi-balay-fagor-teka-yuksek-pisirme-performansi-balay-fagor-teka\/","og_site_name":"induzon","og_image":[{"width":797,"height":795,"url":"https:\/\/induzon.com\/wp-content\/uploads\/2026\/04\/4-2.png","type":"image\/png"}],"twitter_card":"summary_large_image","schema":{"@context":"https:\/\/schema.org","@graph":[{"@type":"WebPage","@id":"https:\/\/induzon.com\/tr\/shop\/gazli-ocak-brulor-kapagi-balay-fagor-teka-yuksek-pisirme-performansi-balay-fagor-teka\/","url":"https:\/\/induzon.com\/tr\/shop\/gazli-ocak-brulor-kapagi-balay-fagor-teka-yuksek-pisirme-performansi-balay-fagor-teka\/","name":"BALAY FAGOR TEKA Br\u00fcl\u00f6r Kapa\u011f\u0131 Y\u00fcksek Pi\u015firme Performans\u0131","isPartOf":{"@id":"https:\/\/induzon.com\/tr\/#website"},"primaryImageOfPage":{"@id":"https:\/\/induzon.com\/tr\/shop\/gazli-ocak-brulor-kapagi-balay-fagor-teka-yuksek-pisirme-performansi-balay-fagor-teka\/#primaryimage"},"image":{"@id":"https:\/\/induzon.com\/tr\/shop\/gazli-ocak-brulor-kapagi-balay-fagor-teka-yuksek-pisirme-performansi-balay-fagor-teka\/#primaryimage"},"thumbnailUrl":"https:\/\/induzon.com\/wp-content\/uploads\/2026\/04\/1-3.png","datePublished":"2026-04-23T07:47:57+00:00","description":"BALAY FAGOR TEKA Gazl\u0131 Ocak i\u00e7in 1 Adet Br\u00fcl\u00f6r Kapa\u011f\u0131 Br\u00fcl\u00f6rler Izgaralar ve F\u0131r\u0131n Tepsileri i\u00e7in Y\u00fcksek Pi\u015firme Performans\u0131 Dayan\u0131kl\u0131 Ocak Kapa\u011f\u0131","breadcrumb":{"@id":"https:\/\/induzon.com\/tr\/shop\/gazli-ocak-brulor-kapagi-balay-fagor-teka-yuksek-pisirme-performansi-balay-fagor-teka\/#breadcrumb"},"inLanguage":"tr","potentialAction":[{"@type":"ReadAction","target":["https:\/\/induzon.com\/tr\/shop\/gazli-ocak-brulor-kapagi-balay-fagor-teka-yuksek-pisirme-performansi-balay-fagor-teka\/"]}]},{"@type":"ImageObject","inLanguage":"tr","@id":"https:\/\/induzon.com\/tr\/shop\/gazli-ocak-brulor-kapagi-balay-fagor-teka-yuksek-pisirme-performansi-balay-fagor-teka\/#primaryimage","url":"https:\/\/induzon.com\/wp-content\/uploads\/2026\/04\/1-3.png","contentUrl":"https:\/\/induzon.com\/wp-content\/uploads\/2026\/04\/1-3.png","width":795,"height":796,"caption":"Gazl\u0131 Ocak Br\u00fcl\u00f6r Kapa\u011f\u0131 BALAY FAGOR TEKA Y\u00fcksek Pi\u015firme Performans\u0131 BALAY FAGOR TEKA"},{"@type":"BreadcrumbList","@id":"https:\/\/induzon.com\/tr\/shop\/gazli-ocak-brulor-kapagi-balay-fagor-teka-yuksek-pisirme-performansi-balay-fagor-teka\/#breadcrumb","itemListElement":[{"@type":"ListItem","position":1,"name":"\u9996\u9875","item":"https:\/\/induzon.com\/tr\/ev\/"},{"@type":"ListItem","position":2,"name":"Ma\u011faza","item":"https:\/\/induzon.com\/tr\/magaza\/"},{"@type":"ListItem","position":3,"name":"Gazl\u0131 Ocak Br\u00fcl\u00f6r Kapa\u011f\u0131 BALAY FAGOR TEKA Y\u00fcksek Pi\u015firme Performans\u0131 BALAY FAGOR TEKA"}]},{"@type":"WebSite","@id":"https:\/\/induzon.com\/tr\/#website","url":"https:\/\/induzon.com\/tr\/","name":"induzon","description":"","potentialAction":[{"@type":"SearchAction","target":{"@type":"EntryPoint","urlTemplate":"https:\/\/induzon.com\/tr\/?s={search_term_string}"},"query-input":{"@type":"PropertyValueSpecification","valueRequired":true,"valueName":"search_term_string"}}],"inLanguage":"tr"}]}},"_links":{"self":[{"href":"https:\/\/induzon.com\/tr\/wp-json\/wp\/v2\/product\/37918","targetHints":{"allow":["GET"]}}],"collection":[{"href":"https:\/\/induzon.com\/tr\/wp-json\/wp\/v2\/product"}],"about":[{"href":"https:\/\/induzon.com\/tr\/wp-json\/wp\/v2\/types\/product"}],"replies":[{"embeddable":true,"href":"https:\/\/induzon.com\/tr\/wp-json\/wp\/v2\/comments?post=37918"}],"version-history":[{"count":0,"href":"https:\/\/induzon.com\/tr\/wp-json\/wp\/v2\/product\/37918\/revisions"}],"wp:featuredmedia":[{"embeddable":true,"href":"https:\/\/induzon.com\/tr\/wp-json\/wp\/v2\/media\/37844"}],"wp:attachment":[{"href":"https:\/\/induzon.com\/tr\/wp-json\/wp\/v2\/media?parent=37918"}],"wp:term":[{"taxonomy":"product_brand","embeddable":true,"href":"https:\/\/induzon.com\/tr\/wp-json\/wp\/v2\/product_brand?post=37918"},{"taxonomy":"product_cat","embeddable":true,"href":"https:\/\/induzon.com\/tr\/wp-json\/wp\/v2\/product_cat?post=37918"},{"taxonomy":"product_tag","embeddable":true,"href":"https:\/\/induzon.com\/tr\/wp-json\/wp\/v2\/product_tag?post=37918"}],"curies":[{"name":"wp","href":"https:\/\/api.w.org\/{rel}","templated":true}]}}