{"id":7310,"date":"2025-04-28T13:10:26","date_gmt":"2025-04-28T05:10:26","guid":{"rendered":"https:\/\/induzon.com\/shop\/kuvet-gideri-icin-ayakla-calisan-valf-banyo-gideri-kuvet-drenaj-seti-suzgecleri-tikaci-tromplemi-sifon-kuvet-sifonu\/"},"modified":"2026-01-27T10:41:55","modified_gmt":"2026-01-27T02:41:55","slug":"kuvet-gideri-icin-ayakla-calisan-valf-banyo-gideri-kuvet-drenaj-seti-suzgecleri-tikaci-tromplemi-sifon-kuvet-sifonu","status":"publish","type":"product","link":"https:\/\/induzon.com\/tr\/shop\/kuvet-gideri-icin-ayakla-calisan-valf-banyo-gideri-kuvet-drenaj-seti-suzgecleri-tikaci-tromplemi-sifon-kuvet-sifonu\/","title":{"rendered":"k\u00fcvet gideri i\u00e7in ayakla \u00e7al\u0131\u015fan valf banyo gideri k\u00fcvet drenaj seti s\u00fczge\u00e7leri t\u0131kac\u0131 tromplemi sifon k\u00fcvet sifonu"},"content":{"rendered":"<p>1.Ayakla A\u00e7\u0131l\u0131r K\u00fcvet Drenaj\u0131: Pratik ve kolay kullan\u0131m i\u00e7in tasarlanm\u0131\u015f, ayakla \u00e7al\u0131\u015f\u0131r valf mekanizmas\u0131 ile h\u0131zl\u0131 ve temiz drenaj sa\u011flar.<br \/>\n2.Basmal\u0131 Gider Kapa\u011f\u0131: Suyun h\u0131zla gidebilmesini sa\u011flayan kaliteli bir basmal\u0131 gider kapa\u011f\u0131, su seviyesini kontrol etmekte yard\u0131mc\u0131 olur.<br \/>\n3.D\u00f6ner K\u00fcvet Drenaj: Esnek soft hose ve t\u0131kac\u0131 i\u00e7eren bu drenaj sistemi, kurutma ve temizlik i\u015flemlerini kolayla\u015ft\u0131r\u0131r.<br \/>\n4.K\u00fcvet T\u0131kac\u0131 ve Hosesiz Tasar\u0131m: Suyun tamamen \u00e7\u0131kmas\u0131n\u0131 sa\u011flar ve temizli\u011fi kolayla\u015ft\u0131r\u0131r, ayr\u0131ca ta\u015f\u0131nabilirli\u011fi art\u0131r\u0131r.<br \/>\n5.K\u00fcvet Du\u015f Teknesi Tava: Ekstra koruma ve rahatlama i\u00e7in du\u015f s\u0131ras\u0131nda suda birikintiyi \u00f6nler, g\u00fcvenli ve higienik kullan\u0131m sa\u011flar.<\/p>\n","protected":false},"excerpt":{"rendered":"<p>1.Ayakla A\u00e7\u0131l\u0131r K\u00fcvet Drenaj\u0131: Pratik ve kolay kullan\u0131m i\u00e7in tasarlanm\u0131\u015f, ayakla \u00e7al\u0131\u015f\u0131r valf mekanizmas\u0131 ile h\u0131zl\u0131 ve temiz drenaj sa\u011flar. [&hellip;]<\/p>\n","protected":false},"featured_media":7311,"comment_status":"open","ping_status":"closed","template":"","meta":{"site-sidebar-layout":"default","site-content-layout":"","ast-site-content-layout":"default","site-content-style":"default","site-sidebar-style":"default","ast-global-header-display":"","ast-banner-title-visibility":"","ast-main-header-display":"","ast-hfb-above-header-display":"","ast-hfb-below-header-display":"","ast-hfb-mobile-header-display":"","site-post-title":"","ast-breadcrumbs-content":"","ast-featured-img":"","footer-sml-layout":"","theme-transparent-header-meta":"default","adv-header-id-meta":"","stick-header-meta":"","header-above-stick-meta":"","header-main-stick-meta":"","header-below-stick-meta":"","astra-migrate-meta-layouts":"set","ast-page-background-enabled":"default","ast-page-background-meta":{"desktop":{"background-color":"var(--ast-global-color-4)","background-image":"","background-repeat":"repeat","background-position":"center center","background-size":"auto","background-attachment":"scroll","background-type":"","background-media":"","overlay-type":"","overlay-color":"","overlay-opacity":"","overlay-gradient":""},"tablet":{"background-color":"","background-image":"","background-repeat":"repeat","background-position":"center center","background-size":"auto","background-attachment":"scroll","background-type":"","background-media":"","overlay-type":"","overlay-color":"","overlay-opacity":"","overlay-gradient":""},"mobile":{"background-color":"","background-image":"","background-repeat":"repeat","background-position":"center center","background-size":"auto","background-attachment":"scroll","background-type":"","background-media":"","overlay-type":"","overlay-color":"","overlay-opacity":"","overlay-gradient":""}},"ast-content-background-meta":{"desktop":{"background-color":"var(--ast-global-color-5)","background-image":"","background-repeat":"repeat","background-position":"center center","background-size":"auto","background-attachment":"scroll","background-type":"","background-media":"","overlay-type":"","overlay-color":"","overlay-opacity":"","overlay-gradient":""},"tablet":{"background-color":"var(--ast-global-color-5)","background-image":"","background-repeat":"repeat","background-position":"center center","background-size":"auto","background-attachment":"scroll","background-type":"","background-media":"","overlay-type":"","overlay-color":"","overlay-opacity":"","overlay-gradient":""},"mobile":{"background-color":"var(--ast-global-color-5)","background-image":"","background-repeat":"repeat","background-position":"center center","background-size":"auto","background-attachment":"scroll","background-type":"","background-media":"","overlay-type":"","overlay-color":"","overlay-opacity":"","overlay-gradient":""}}},"product_brand":[],"product_cat":[924,923,925],"product_tag":[926],"class_list":{"0":"post-7310","1":"product","2":"type-product","3":"status-publish","4":"has-post-thumbnail","6":"product_cat-banyo-aksesuarlari","7":"product_cat-ev-mutfak","8":"product_cat-kuvet-tamir-parcalari","9":"product_tag-ev-temizlik-ekipmanlari","10":"desktop-align-left","11":"tablet-align-left","12":"mobile-align-left","14":"first","15":"instock","16":"sale","17":"shipping-taxable","18":"purchasable","19":"product-type-simple"},"yoast_head":"<!-- This site is optimized with the Yoast SEO plugin v24.9 - https:\/\/yoast.com\/wordpress\/plugins\/seo\/ -->\r\n<title>K\u00fcvet Gideri ve Drenaj Sistemleri S\u00fczge\u00e7 Seti -Induzon<\/title>\r\n<meta name=\"description\" content=\"K\u00fcvet gideri, ayakla drenaj, tromple ve t\u0131ka\u00e7. Banyo yer s\u00fczgeci, du\u015f sifonu, pedal valf seti.\" \/>\r\n<meta name=\"robots\" content=\"index, follow, max-snippet:-1, max-image-preview:large, max-video-preview:-1\" \/>\r\n<link rel=\"canonical\" href=\"https:\/\/induzon.com\/tr\/shop\/kuvet-gideri-icin-ayakla-calisan-valf-banyo-gideri-kuvet-drenaj-seti-suzgecleri-tikaci-tromplemi-sifon-kuvet-sifonu\/\" \/>\r\n<meta property=\"og:locale\" content=\"tr_TR\" \/>\r\n<meta property=\"og:type\" content=\"article\" \/>\r\n<meta property=\"og:title\" content=\"K\u00fcvet Gideri ve Drenaj Sistemleri S\u00fczge\u00e7 Seti -Induzon\" \/>\r\n<meta property=\"og:description\" content=\"K\u00fcvet gideri, ayakla drenaj, tromple ve t\u0131ka\u00e7. Banyo yer s\u00fczgeci, du\u015f sifonu, pedal valf seti.\" \/>\r\n<meta property=\"og:url\" content=\"https:\/\/induzon.com\/tr\/shop\/kuvet-gideri-icin-ayakla-calisan-valf-banyo-gideri-kuvet-drenaj-seti-suzgecleri-tikaci-tromplemi-sifon-kuvet-sifonu\/\" \/>\r\n<meta property=\"og:site_name\" content=\"induzon\" \/>\r\n<meta property=\"article:modified_time\" content=\"2026-01-27T02:41:55+00:00\" \/>\r\n<meta property=\"og:image\" content=\"https:\/\/induzon.com\/wp-content\/uploads\/2025\/04\/6.jpg\" \/>\r\n\t<meta property=\"og:image:width\" content=\"1500\" \/>\r\n\t<meta property=\"og:image:height\" content=\"1500\" \/>\r\n\t<meta property=\"og:image:type\" content=\"image\/jpeg\" \/>\r\n<meta name=\"twitter:card\" content=\"summary_large_image\" \/>\r\n<meta name=\"twitter:label1\" content=\"Tahmini okuma s\u00fcresi\" \/>\n\t<meta name=\"twitter:data1\" content=\"1 dakika\" \/>\r\n<script type=\"application\/ld+json\" class=\"yoast-schema-graph\">{\"@context\":\"https:\/\/schema.org\",\"@graph\":[{\"@type\":\"WebPage\",\"@id\":\"https:\/\/induzon.com\/tr\/shop\/kuvet-gideri-icin-ayakla-calisan-valf-banyo-gideri-kuvet-drenaj-seti-suzgecleri-tikaci-tromplemi-sifon-kuvet-sifonu\/\",\"url\":\"https:\/\/induzon.com\/tr\/shop\/kuvet-gideri-icin-ayakla-calisan-valf-banyo-gideri-kuvet-drenaj-seti-suzgecleri-tikaci-tromplemi-sifon-kuvet-sifonu\/\",\"name\":\"K\u00fcvet Gideri ve Drenaj Sistemleri S\u00fczge\u00e7 Seti -Induzon\",\"isPartOf\":{\"@id\":\"https:\/\/induzon.com\/tr\/#website\"},\"primaryImageOfPage\":{\"@id\":\"https:\/\/induzon.com\/tr\/shop\/kuvet-gideri-icin-ayakla-calisan-valf-banyo-gideri-kuvet-drenaj-seti-suzgecleri-tikaci-tromplemi-sifon-kuvet-sifonu\/#primaryimage\"},\"image\":{\"@id\":\"https:\/\/induzon.com\/tr\/shop\/kuvet-gideri-icin-ayakla-calisan-valf-banyo-gideri-kuvet-drenaj-seti-suzgecleri-tikaci-tromplemi-sifon-kuvet-sifonu\/#primaryimage\"},\"thumbnailUrl\":\"https:\/\/induzon.com\/wp-content\/uploads\/2025\/04\/6.jpg\",\"datePublished\":\"2025-04-28T05:10:26+00:00\",\"dateModified\":\"2026-01-27T02:41:55+00:00\",\"description\":\"K\u00fcvet gideri, ayakla drenaj, tromple ve t\u0131ka\u00e7. Banyo yer s\u00fczgeci, du\u015f sifonu, pedal valf seti.\",\"breadcrumb\":{\"@id\":\"https:\/\/induzon.com\/tr\/shop\/kuvet-gideri-icin-ayakla-calisan-valf-banyo-gideri-kuvet-drenaj-seti-suzgecleri-tikaci-tromplemi-sifon-kuvet-sifonu\/#breadcrumb\"},\"inLanguage\":\"tr\",\"potentialAction\":[{\"@type\":\"ReadAction\",\"target\":[\"https:\/\/induzon.com\/tr\/shop\/kuvet-gideri-icin-ayakla-calisan-valf-banyo-gideri-kuvet-drenaj-seti-suzgecleri-tikaci-tromplemi-sifon-kuvet-sifonu\/\"]}]},{\"@type\":\"ImageObject\",\"inLanguage\":\"tr\",\"@id\":\"https:\/\/induzon.com\/tr\/shop\/kuvet-gideri-icin-ayakla-calisan-valf-banyo-gideri-kuvet-drenaj-seti-suzgecleri-tikaci-tromplemi-sifon-kuvet-sifonu\/#primaryimage\",\"url\":\"https:\/\/induzon.com\/wp-content\/uploads\/2025\/04\/6.jpg\",\"contentUrl\":\"https:\/\/induzon.com\/wp-content\/uploads\/2025\/04\/6.jpg\",\"width\":1500,\"height\":1500,\"caption\":\"k\u00fcvet gideri i\u00e7in ayakla \u00e7al\u0131\u015fan valf banyo gideri\"},{\"@type\":\"BreadcrumbList\",\"@id\":\"https:\/\/induzon.com\/tr\/shop\/kuvet-gideri-icin-ayakla-calisan-valf-banyo-gideri-kuvet-drenaj-seti-suzgecleri-tikaci-tromplemi-sifon-kuvet-sifonu\/#breadcrumb\",\"itemListElement\":[{\"@type\":\"ListItem\",\"position\":1,\"name\":\"\u9996\u9875\",\"item\":\"https:\/\/induzon.com\/tr\/ev\/\"},{\"@type\":\"ListItem\",\"position\":2,\"name\":\"Ma\u011faza\",\"item\":\"https:\/\/induzon.com\/tr\/magaza\/\"},{\"@type\":\"ListItem\",\"position\":3,\"name\":\"k\u00fcvet gideri i\u00e7in ayakla \u00e7al\u0131\u015fan valf banyo gideri k\u00fcvet drenaj seti s\u00fczge\u00e7leri t\u0131kac\u0131 tromplemi sifon k\u00fcvet sifonu\"}]},{\"@type\":\"WebSite\",\"@id\":\"https:\/\/induzon.com\/tr\/#website\",\"url\":\"https:\/\/induzon.com\/tr\/\",\"name\":\"induzon\",\"description\":\"\",\"potentialAction\":[{\"@type\":\"SearchAction\",\"target\":{\"@type\":\"EntryPoint\",\"urlTemplate\":\"https:\/\/induzon.com\/tr\/?s={search_term_string}\"},\"query-input\":{\"@type\":\"PropertyValueSpecification\",\"valueRequired\":true,\"valueName\":\"search_term_string\"}}],\"inLanguage\":\"tr\"}]}<\/script>\r\n<!-- \/ Yoast SEO plugin. -->","yoast_head_json":{"title":"K\u00fcvet Gideri ve Drenaj Sistemleri S\u00fczge\u00e7 Seti -Induzon","description":"K\u00fcvet gideri, ayakla drenaj, tromple ve t\u0131ka\u00e7. Banyo yer s\u00fczgeci, du\u015f sifonu, pedal valf seti.","robots":{"index":"index","follow":"follow","max-snippet":"max-snippet:-1","max-image-preview":"max-image-preview:large","max-video-preview":"max-video-preview:-1"},"canonical":"https:\/\/induzon.com\/tr\/shop\/kuvet-gideri-icin-ayakla-calisan-valf-banyo-gideri-kuvet-drenaj-seti-suzgecleri-tikaci-tromplemi-sifon-kuvet-sifonu\/","og_locale":"tr_TR","og_type":"article","og_title":"K\u00fcvet Gideri ve Drenaj Sistemleri S\u00fczge\u00e7 Seti -Induzon","og_description":"K\u00fcvet gideri, ayakla drenaj, tromple ve t\u0131ka\u00e7. Banyo yer s\u00fczgeci, du\u015f sifonu, pedal valf seti.","og_url":"https:\/\/induzon.com\/tr\/shop\/kuvet-gideri-icin-ayakla-calisan-valf-banyo-gideri-kuvet-drenaj-seti-suzgecleri-tikaci-tromplemi-sifon-kuvet-sifonu\/","og_site_name":"induzon","article_modified_time":"2026-01-27T02:41:55+00:00","og_image":[{"width":1500,"height":1500,"url":"https:\/\/induzon.com\/wp-content\/uploads\/2025\/04\/6.jpg","type":"image\/jpeg"}],"twitter_card":"summary_large_image","twitter_misc":{"Tahmini okuma s\u00fcresi":"1 dakika"},"schema":{"@context":"https:\/\/schema.org","@graph":[{"@type":"WebPage","@id":"https:\/\/induzon.com\/tr\/shop\/kuvet-gideri-icin-ayakla-calisan-valf-banyo-gideri-kuvet-drenaj-seti-suzgecleri-tikaci-tromplemi-sifon-kuvet-sifonu\/","url":"https:\/\/induzon.com\/tr\/shop\/kuvet-gideri-icin-ayakla-calisan-valf-banyo-gideri-kuvet-drenaj-seti-suzgecleri-tikaci-tromplemi-sifon-kuvet-sifonu\/","name":"K\u00fcvet Gideri ve Drenaj Sistemleri S\u00fczge\u00e7 Seti -Induzon","isPartOf":{"@id":"https:\/\/induzon.com\/tr\/#website"},"primaryImageOfPage":{"@id":"https:\/\/induzon.com\/tr\/shop\/kuvet-gideri-icin-ayakla-calisan-valf-banyo-gideri-kuvet-drenaj-seti-suzgecleri-tikaci-tromplemi-sifon-kuvet-sifonu\/#primaryimage"},"image":{"@id":"https:\/\/induzon.com\/tr\/shop\/kuvet-gideri-icin-ayakla-calisan-valf-banyo-gideri-kuvet-drenaj-seti-suzgecleri-tikaci-tromplemi-sifon-kuvet-sifonu\/#primaryimage"},"thumbnailUrl":"https:\/\/induzon.com\/wp-content\/uploads\/2025\/04\/6.jpg","datePublished":"2025-04-28T05:10:26+00:00","dateModified":"2026-01-27T02:41:55+00:00","description":"K\u00fcvet gideri, ayakla drenaj, tromple ve t\u0131ka\u00e7. Banyo yer s\u00fczgeci, du\u015f sifonu, pedal valf seti.","breadcrumb":{"@id":"https:\/\/induzon.com\/tr\/shop\/kuvet-gideri-icin-ayakla-calisan-valf-banyo-gideri-kuvet-drenaj-seti-suzgecleri-tikaci-tromplemi-sifon-kuvet-sifonu\/#breadcrumb"},"inLanguage":"tr","potentialAction":[{"@type":"ReadAction","target":["https:\/\/induzon.com\/tr\/shop\/kuvet-gideri-icin-ayakla-calisan-valf-banyo-gideri-kuvet-drenaj-seti-suzgecleri-tikaci-tromplemi-sifon-kuvet-sifonu\/"]}]},{"@type":"ImageObject","inLanguage":"tr","@id":"https:\/\/induzon.com\/tr\/shop\/kuvet-gideri-icin-ayakla-calisan-valf-banyo-gideri-kuvet-drenaj-seti-suzgecleri-tikaci-tromplemi-sifon-kuvet-sifonu\/#primaryimage","url":"https:\/\/induzon.com\/wp-content\/uploads\/2025\/04\/6.jpg","contentUrl":"https:\/\/induzon.com\/wp-content\/uploads\/2025\/04\/6.jpg","width":1500,"height":1500,"caption":"k\u00fcvet gideri i\u00e7in ayakla \u00e7al\u0131\u015fan valf banyo gideri"},{"@type":"BreadcrumbList","@id":"https:\/\/induzon.com\/tr\/shop\/kuvet-gideri-icin-ayakla-calisan-valf-banyo-gideri-kuvet-drenaj-seti-suzgecleri-tikaci-tromplemi-sifon-kuvet-sifonu\/#breadcrumb","itemListElement":[{"@type":"ListItem","position":1,"name":"\u9996\u9875","item":"https:\/\/induzon.com\/tr\/ev\/"},{"@type":"ListItem","position":2,"name":"Ma\u011faza","item":"https:\/\/induzon.com\/tr\/magaza\/"},{"@type":"ListItem","position":3,"name":"k\u00fcvet gideri i\u00e7in ayakla \u00e7al\u0131\u015fan valf banyo gideri k\u00fcvet drenaj seti s\u00fczge\u00e7leri t\u0131kac\u0131 tromplemi sifon k\u00fcvet sifonu"}]},{"@type":"WebSite","@id":"https:\/\/induzon.com\/tr\/#website","url":"https:\/\/induzon.com\/tr\/","name":"induzon","description":"","potentialAction":[{"@type":"SearchAction","target":{"@type":"EntryPoint","urlTemplate":"https:\/\/induzon.com\/tr\/?s={search_term_string}"},"query-input":{"@type":"PropertyValueSpecification","valueRequired":true,"valueName":"search_term_string"}}],"inLanguage":"tr"}]}},"_links":{"self":[{"href":"https:\/\/induzon.com\/tr\/wp-json\/wp\/v2\/product\/7310","targetHints":{"allow":["GET"]}}],"collection":[{"href":"https:\/\/induzon.com\/tr\/wp-json\/wp\/v2\/product"}],"about":[{"href":"https:\/\/induzon.com\/tr\/wp-json\/wp\/v2\/types\/product"}],"replies":[{"embeddable":true,"href":"https:\/\/induzon.com\/tr\/wp-json\/wp\/v2\/comments?post=7310"}],"version-history":[{"count":2,"href":"https:\/\/induzon.com\/tr\/wp-json\/wp\/v2\/product\/7310\/revisions"}],"predecessor-version":[{"id":32880,"href":"https:\/\/induzon.com\/tr\/wp-json\/wp\/v2\/product\/7310\/revisions\/32880"}],"wp:featuredmedia":[{"embeddable":true,"href":"https:\/\/induzon.com\/tr\/wp-json\/wp\/v2\/media\/7311"}],"wp:attachment":[{"href":"https:\/\/induzon.com\/tr\/wp-json\/wp\/v2\/media?parent=7310"}],"wp:term":[{"taxonomy":"product_brand","embeddable":true,"href":"https:\/\/induzon.com\/tr\/wp-json\/wp\/v2\/product_brand?post=7310"},{"taxonomy":"product_cat","embeddable":true,"href":"https:\/\/induzon.com\/tr\/wp-json\/wp\/v2\/product_cat?post=7310"},{"taxonomy":"product_tag","embeddable":true,"href":"https:\/\/induzon.com\/tr\/wp-json\/wp\/v2\/product_tag?post=7310"}],"curies":[{"name":"wp","href":"https:\/\/api.w.org\/{rel}","templated":true}]}}