{"id":7336,"date":"2025-04-18T13:42:58","date_gmt":"2025-04-18T05:42:58","guid":{"rendered":"https:\/\/induzon.com\/shop\/%d0%bc%d0%be%d1%8e%d1%89%d0%b0%d1%8f-%d0%bd%d0%b0%d1%81%d0%b0%d0%b4%d0%ba%d0%b0-%d0%b4%d0%bb%d1%8f-%d0%bf%d1%8b%d0%bb%d0%b5%d1%81%d0%be%d1%81%d0%b0-38mm-%d0%b2%d1%81%d0%b0%d1%81%d1%8b%d0%b2%d0%b0\/"},"modified":"2026-01-12T14:02:29","modified_gmt":"2026-01-12T06:02:29","slug":"transparent-upholstery-spray-extraction-nozzle-squeegee-for-carpet-cleaning-wand-vacuum-cleaner-washer-suction-sofa-head-38mm-universal-car-injection-spray-machine-extractor-brush-couch-auto","status":"publish","type":"product","link":"https:\/\/induzon.com\/tr\/shop\/transparent-upholstery-spray-extraction-nozzle-squeegee-for-carpet-cleaning-wand-vacuum-cleaner-washer-suction-sofa-head-38mm-universal-car-injection-spray-machine-extractor-brush-couch-auto\/","title":{"rendered":"Hal\u0131 Y\u0131kama Aparat\u0131 i\u00e7in koltuk Y\u0131kama Ba\u015fl\u0131\u011f\u0131 Temizleme Makinesi Ba\u015f\u0131 Y\u00fcksek S\u0131cakl\u0131\u011fa Dayan\u0131kl\u0131 Hal\u0131 Y\u0131kama F\u0131r\u00e7as\u0131 OD38 mm \u015eeffaf Plastik Kafa \u0130le Hal\u0131 Temizleme Aleti"},"content":{"rendered":"<p>1.\u015eeffaf Plastik ve Paslanmaz \u00c7elik Malzeme: Bu \u00fcr\u00fcnde kullan\u0131lan \u015feffaf plastik ve paslanmaz \u00e7elik malzemeler, dayan\u0131kl\u0131l\u0131k ve uzun \u00f6m\u00fcrl\u00fcl\u00fck sa\u011flar. D\u0131\u015f \u00e7ap\u0131 38 mm&#8217;dir.<br \/>\n2.KULLANIM ALANI Geni\u015f: Sofra, hal\u0131 ve d\u00f6\u015femeler i\u00e7in temizlik makinesi aksesuar\u0131, y\u00fcksek s\u0131cakl\u0131kl\u0131 hal\u0131 temizleme makinesi ve araba i\u00e7 mekan\u0131 i\u00e7in idealdir.<br \/>\n3.HALI VE KOLTUK TEM\u0130ZL\u0130\u011e\u0130 Kolay: Hal\u0131 ve koltuk temizleme makinenizle uyumlu olan bu aksesuar, hammadde ve kuma\u015flar\u0131 kolayca temizlemenize yard\u0131mc\u0131 olur.<br \/>\n4.D\u0130\u011eER \u00dcR\u00dcNLERDEN FARKLI: Y\u00fcksek kaliteli malzemeler ve dikkatlice tasarlanm\u0131\u015f yap\u0131, bu aksesuar\u0131 rekabet eden \u00fcr\u00fcnlerden ay\u0131rt eder, daha iyi bir temizlik deneyimi sunar.<br \/>\n5.DO\u011eRU KULLANIM \u0130\u00c7\u0130N: Bu aksesuar\u0131 kullan\u0131rken, onu do\u011fru \u015fekilde tak\u0131n ve temizlik i\u015flemini ger\u00e7ekle\u015ftirmeden \u00f6nce makinenizin \u00e7al\u0131\u015ft\u0131\u011f\u0131n\u0131 kontrol edin.<\/p>\n","protected":false},"excerpt":{"rendered":"<p>1.\u015eeffaf Plastik ve Paslanmaz \u00c7elik Malzeme: Bu \u00fcr\u00fcnde kullan\u0131lan \u015feffaf plastik ve paslanmaz \u00e7elik malzemeler, dayan\u0131kl\u0131l\u0131k ve uzun \u00f6m\u00fcrl\u00fcl\u00fck sa\u011flar. [&hellip;]<\/p>\n","protected":false},"featured_media":7337,"comment_status":"open","ping_status":"closed","template":"","meta":{"site-sidebar-layout":"default","site-content-layout":"","ast-site-content-layout":"default","site-content-style":"default","site-sidebar-style":"default","ast-global-header-display":"","ast-banner-title-visibility":"","ast-main-header-display":"","ast-hfb-above-header-display":"","ast-hfb-below-header-display":"","ast-hfb-mobile-header-display":"","site-post-title":"","ast-breadcrumbs-content":"","ast-featured-img":"","footer-sml-layout":"","theme-transparent-header-meta":"default","adv-header-id-meta":"","stick-header-meta":"","header-above-stick-meta":"","header-main-stick-meta":"","header-below-stick-meta":"","astra-migrate-meta-layouts":"set","ast-page-background-enabled":"default","ast-page-background-meta":{"desktop":{"background-color":"var(--ast-global-color-4)","background-image":"","background-repeat":"repeat","background-position":"center center","background-size":"auto","background-attachment":"scroll","background-type":"","background-media":"","overlay-type":"","overlay-color":"","overlay-opacity":"","overlay-gradient":""},"tablet":{"background-color":"","background-image":"","background-repeat":"repeat","background-position":"center center","background-size":"auto","background-attachment":"scroll","background-type":"","background-media":"","overlay-type":"","overlay-color":"","overlay-opacity":"","overlay-gradient":""},"mobile":{"background-color":"","background-image":"","background-repeat":"repeat","background-position":"center center","background-size":"auto","background-attachment":"scroll","background-type":"","background-media":"","overlay-type":"","overlay-color":"","overlay-opacity":"","overlay-gradient":""}},"ast-content-background-meta":{"desktop":{"background-color":"var(--ast-global-color-5)","background-image":"","background-repeat":"repeat","background-position":"center center","background-size":"auto","background-attachment":"scroll","background-type":"","background-media":"","overlay-type":"","overlay-color":"","overlay-opacity":"","overlay-gradient":""},"tablet":{"background-color":"var(--ast-global-color-5)","background-image":"","background-repeat":"repeat","background-position":"center center","background-size":"auto","background-attachment":"scroll","background-type":"","background-media":"","overlay-type":"","overlay-color":"","overlay-opacity":"","overlay-gradient":""},"mobile":{"background-color":"var(--ast-global-color-5)","background-image":"","background-repeat":"repeat","background-position":"center center","background-size":"auto","background-attachment":"scroll","background-type":"","background-media":"","overlay-type":"","overlay-color":"","overlay-opacity":"","overlay-gradient":""}}},"product_brand":[],"product_cat":[937],"product_tag":[938,926],"class_list":{"0":"post-7336","1":"product","2":"type-product","3":"status-publish","4":"has-post-thumbnail","6":"product_cat-temizlik-araclari","7":"product_tag-automotive-cleaning-tools-tr","8":"product_tag-ev-temizlik-ekipmanlari","9":"desktop-align-left","10":"tablet-align-left","11":"mobile-align-left","13":"first","14":"instock","15":"sale","16":"featured","17":"shipping-taxable","18":"purchasable","19":"product-type-simple"},"yoast_head":"<!-- This site is optimized with the Yoast SEO plugin v24.9 - https:\/\/yoast.com\/wordpress\/plugins\/seo\/ -->\r\n<title>Hal\u0131 Koltuk Y\u0131kama Ba\u015fl\u0131\u011f\u0131 OD38 mm -Induzon<\/title>\r\n<meta name=\"description\" content=\"Hal\u0131 y\u0131kama makinesi, koltuk temizleme f\u0131r\u00e7as\u0131 ve ara\u00e7 i\u00e7i temizlik ekipmanlar\u0131. Paslanmaz \u00e7elik ba\u015fl\u0131kl\u0131 etkili \u00e7\u00f6z\u00fcmler.\" \/>\r\n<meta name=\"robots\" content=\"index, follow, max-snippet:-1, max-image-preview:large, max-video-preview:-1\" \/>\r\n<link rel=\"canonical\" href=\"https:\/\/induzon.com\/tr\/shop\/transparent-upholstery-spray-extraction-nozzle-squeegee-for-carpet-cleaning-wand-vacuum-cleaner-washer-suction-sofa-head-38mm-universal-car-injection-spray-machine-extractor-brush-couch-auto\/\" \/>\r\n<meta property=\"og:locale\" content=\"tr_TR\" \/>\r\n<meta property=\"og:type\" content=\"article\" \/>\r\n<meta property=\"og:title\" content=\"Hal\u0131 Koltuk Y\u0131kama Ba\u015fl\u0131\u011f\u0131 OD38 mm -Induzon\" \/>\r\n<meta property=\"og:description\" content=\"Hal\u0131 y\u0131kama makinesi, koltuk temizleme f\u0131r\u00e7as\u0131 ve ara\u00e7 i\u00e7i temizlik ekipmanlar\u0131. Paslanmaz \u00e7elik ba\u015fl\u0131kl\u0131 etkili \u00e7\u00f6z\u00fcmler.\" \/>\r\n<meta property=\"og:url\" content=\"https:\/\/induzon.com\/tr\/shop\/transparent-upholstery-spray-extraction-nozzle-squeegee-for-carpet-cleaning-wand-vacuum-cleaner-washer-suction-sofa-head-38mm-universal-car-injection-spray-machine-extractor-brush-couch-auto\/\" \/>\r\n<meta property=\"og:site_name\" content=\"induzon\" \/>\r\n<meta property=\"article:modified_time\" content=\"2026-01-12T06:02:29+00:00\" \/>\r\n<meta property=\"og:image\" content=\"https:\/\/induzon.com\/wp-content\/uploads\/2025\/04\/01.jpg\" \/>\r\n\t<meta property=\"og:image:width\" content=\"1500\" \/>\r\n\t<meta property=\"og:image:height\" content=\"1500\" \/>\r\n\t<meta property=\"og:image:type\" content=\"image\/jpeg\" \/>\r\n<meta name=\"twitter:card\" content=\"summary_large_image\" \/>\r\n<meta name=\"twitter:label1\" content=\"Tahmini okuma s\u00fcresi\" \/>\n\t<meta name=\"twitter:data1\" content=\"1 dakika\" \/>\r\n<script type=\"application\/ld+json\" class=\"yoast-schema-graph\">{\"@context\":\"https:\/\/schema.org\",\"@graph\":[{\"@type\":\"WebPage\",\"@id\":\"https:\/\/induzon.com\/tr\/shop\/transparent-upholstery-spray-extraction-nozzle-squeegee-for-carpet-cleaning-wand-vacuum-cleaner-washer-suction-sofa-head-38mm-universal-car-injection-spray-machine-extractor-brush-couch-auto\/\",\"url\":\"https:\/\/induzon.com\/tr\/shop\/transparent-upholstery-spray-extraction-nozzle-squeegee-for-carpet-cleaning-wand-vacuum-cleaner-washer-suction-sofa-head-38mm-universal-car-injection-spray-machine-extractor-brush-couch-auto\/\",\"name\":\"Hal\u0131 Koltuk Y\u0131kama Ba\u015fl\u0131\u011f\u0131 OD38 mm -Induzon\",\"isPartOf\":{\"@id\":\"https:\/\/induzon.com\/tr\/#website\"},\"primaryImageOfPage\":{\"@id\":\"https:\/\/induzon.com\/tr\/shop\/transparent-upholstery-spray-extraction-nozzle-squeegee-for-carpet-cleaning-wand-vacuum-cleaner-washer-suction-sofa-head-38mm-universal-car-injection-spray-machine-extractor-brush-couch-auto\/#primaryimage\"},\"image\":{\"@id\":\"https:\/\/induzon.com\/tr\/shop\/transparent-upholstery-spray-extraction-nozzle-squeegee-for-carpet-cleaning-wand-vacuum-cleaner-washer-suction-sofa-head-38mm-universal-car-injection-spray-machine-extractor-brush-couch-auto\/#primaryimage\"},\"thumbnailUrl\":\"https:\/\/induzon.com\/wp-content\/uploads\/2025\/04\/01.jpg\",\"datePublished\":\"2025-04-18T05:42:58+00:00\",\"dateModified\":\"2026-01-12T06:02:29+00:00\",\"description\":\"Hal\u0131 y\u0131kama makinesi, koltuk temizleme f\u0131r\u00e7as\u0131 ve ara\u00e7 i\u00e7i temizlik ekipmanlar\u0131. Paslanmaz \u00e7elik ba\u015fl\u0131kl\u0131 etkili \u00e7\u00f6z\u00fcmler.\",\"breadcrumb\":{\"@id\":\"https:\/\/induzon.com\/tr\/shop\/transparent-upholstery-spray-extraction-nozzle-squeegee-for-carpet-cleaning-wand-vacuum-cleaner-washer-suction-sofa-head-38mm-universal-car-injection-spray-machine-extractor-brush-couch-auto\/#breadcrumb\"},\"inLanguage\":\"tr\",\"potentialAction\":[{\"@type\":\"ReadAction\",\"target\":[\"https:\/\/induzon.com\/tr\/shop\/transparent-upholstery-spray-extraction-nozzle-squeegee-for-carpet-cleaning-wand-vacuum-cleaner-washer-suction-sofa-head-38mm-universal-car-injection-spray-machine-extractor-brush-couch-auto\/\"]}]},{\"@type\":\"ImageObject\",\"inLanguage\":\"tr\",\"@id\":\"https:\/\/induzon.com\/tr\/shop\/transparent-upholstery-spray-extraction-nozzle-squeegee-for-carpet-cleaning-wand-vacuum-cleaner-washer-suction-sofa-head-38mm-universal-car-injection-spray-machine-extractor-brush-couch-auto\/#primaryimage\",\"url\":\"https:\/\/induzon.com\/wp-content\/uploads\/2025\/04\/01.jpg\",\"contentUrl\":\"https:\/\/induzon.com\/wp-content\/uploads\/2025\/04\/01.jpg\",\"width\":1500,\"height\":1500,\"caption\":\"Hal\u0131 y\u0131kama makinesi, koltuk temizleme f\u0131r\u00e7as\u0131 ve ara\u00e7 i\u00e7i temizlik ekipmanlar\u0131. Paslanmaz \u00e7elik ba\u015fl\u0131kl\u0131 etkili \u00e7\u00f6z\u00fcmler.\"},{\"@type\":\"BreadcrumbList\",\"@id\":\"https:\/\/induzon.com\/tr\/shop\/transparent-upholstery-spray-extraction-nozzle-squeegee-for-carpet-cleaning-wand-vacuum-cleaner-washer-suction-sofa-head-38mm-universal-car-injection-spray-machine-extractor-brush-couch-auto\/#breadcrumb\",\"itemListElement\":[{\"@type\":\"ListItem\",\"position\":1,\"name\":\"\u9996\u9875\",\"item\":\"https:\/\/induzon.com\/tr\/ev\/\"},{\"@type\":\"ListItem\",\"position\":2,\"name\":\"Ma\u011faza\",\"item\":\"https:\/\/induzon.com\/tr\/magaza\/\"},{\"@type\":\"ListItem\",\"position\":3,\"name\":\"Hal\u0131 Y\u0131kama Aparat\u0131 i\u00e7in koltuk Y\u0131kama Ba\u015fl\u0131\u011f\u0131 Temizleme Makinesi Ba\u015f\u0131 Y\u00fcksek S\u0131cakl\u0131\u011fa Dayan\u0131kl\u0131 Hal\u0131 Y\u0131kama F\u0131r\u00e7as\u0131 OD38 mm \u015eeffaf Plastik Kafa \u0130le Hal\u0131 Temizleme Aleti\"}]},{\"@type\":\"WebSite\",\"@id\":\"https:\/\/induzon.com\/tr\/#website\",\"url\":\"https:\/\/induzon.com\/tr\/\",\"name\":\"induzon\",\"description\":\"\",\"potentialAction\":[{\"@type\":\"SearchAction\",\"target\":{\"@type\":\"EntryPoint\",\"urlTemplate\":\"https:\/\/induzon.com\/tr\/?s={search_term_string}\"},\"query-input\":{\"@type\":\"PropertyValueSpecification\",\"valueRequired\":true,\"valueName\":\"search_term_string\"}}],\"inLanguage\":\"tr\"}]}<\/script>\r\n<!-- \/ Yoast SEO plugin. -->","yoast_head_json":{"title":"Hal\u0131 Koltuk Y\u0131kama Ba\u015fl\u0131\u011f\u0131 OD38 mm -Induzon","description":"Hal\u0131 y\u0131kama makinesi, koltuk temizleme f\u0131r\u00e7as\u0131 ve ara\u00e7 i\u00e7i temizlik ekipmanlar\u0131. Paslanmaz \u00e7elik ba\u015fl\u0131kl\u0131 etkili \u00e7\u00f6z\u00fcmler.","robots":{"index":"index","follow":"follow","max-snippet":"max-snippet:-1","max-image-preview":"max-image-preview:large","max-video-preview":"max-video-preview:-1"},"canonical":"https:\/\/induzon.com\/tr\/shop\/transparent-upholstery-spray-extraction-nozzle-squeegee-for-carpet-cleaning-wand-vacuum-cleaner-washer-suction-sofa-head-38mm-universal-car-injection-spray-machine-extractor-brush-couch-auto\/","og_locale":"tr_TR","og_type":"article","og_title":"Hal\u0131 Koltuk Y\u0131kama Ba\u015fl\u0131\u011f\u0131 OD38 mm -Induzon","og_description":"Hal\u0131 y\u0131kama makinesi, koltuk temizleme f\u0131r\u00e7as\u0131 ve ara\u00e7 i\u00e7i temizlik ekipmanlar\u0131. Paslanmaz \u00e7elik ba\u015fl\u0131kl\u0131 etkili \u00e7\u00f6z\u00fcmler.","og_url":"https:\/\/induzon.com\/tr\/shop\/transparent-upholstery-spray-extraction-nozzle-squeegee-for-carpet-cleaning-wand-vacuum-cleaner-washer-suction-sofa-head-38mm-universal-car-injection-spray-machine-extractor-brush-couch-auto\/","og_site_name":"induzon","article_modified_time":"2026-01-12T06:02:29+00:00","og_image":[{"width":1500,"height":1500,"url":"https:\/\/induzon.com\/wp-content\/uploads\/2025\/04\/01.jpg","type":"image\/jpeg"}],"twitter_card":"summary_large_image","twitter_misc":{"Tahmini okuma s\u00fcresi":"1 dakika"},"schema":{"@context":"https:\/\/schema.org","@graph":[{"@type":"WebPage","@id":"https:\/\/induzon.com\/tr\/shop\/transparent-upholstery-spray-extraction-nozzle-squeegee-for-carpet-cleaning-wand-vacuum-cleaner-washer-suction-sofa-head-38mm-universal-car-injection-spray-machine-extractor-brush-couch-auto\/","url":"https:\/\/induzon.com\/tr\/shop\/transparent-upholstery-spray-extraction-nozzle-squeegee-for-carpet-cleaning-wand-vacuum-cleaner-washer-suction-sofa-head-38mm-universal-car-injection-spray-machine-extractor-brush-couch-auto\/","name":"Hal\u0131 Koltuk Y\u0131kama Ba\u015fl\u0131\u011f\u0131 OD38 mm -Induzon","isPartOf":{"@id":"https:\/\/induzon.com\/tr\/#website"},"primaryImageOfPage":{"@id":"https:\/\/induzon.com\/tr\/shop\/transparent-upholstery-spray-extraction-nozzle-squeegee-for-carpet-cleaning-wand-vacuum-cleaner-washer-suction-sofa-head-38mm-universal-car-injection-spray-machine-extractor-brush-couch-auto\/#primaryimage"},"image":{"@id":"https:\/\/induzon.com\/tr\/shop\/transparent-upholstery-spray-extraction-nozzle-squeegee-for-carpet-cleaning-wand-vacuum-cleaner-washer-suction-sofa-head-38mm-universal-car-injection-spray-machine-extractor-brush-couch-auto\/#primaryimage"},"thumbnailUrl":"https:\/\/induzon.com\/wp-content\/uploads\/2025\/04\/01.jpg","datePublished":"2025-04-18T05:42:58+00:00","dateModified":"2026-01-12T06:02:29+00:00","description":"Hal\u0131 y\u0131kama makinesi, koltuk temizleme f\u0131r\u00e7as\u0131 ve ara\u00e7 i\u00e7i temizlik ekipmanlar\u0131. Paslanmaz \u00e7elik ba\u015fl\u0131kl\u0131 etkili \u00e7\u00f6z\u00fcmler.","breadcrumb":{"@id":"https:\/\/induzon.com\/tr\/shop\/transparent-upholstery-spray-extraction-nozzle-squeegee-for-carpet-cleaning-wand-vacuum-cleaner-washer-suction-sofa-head-38mm-universal-car-injection-spray-machine-extractor-brush-couch-auto\/#breadcrumb"},"inLanguage":"tr","potentialAction":[{"@type":"ReadAction","target":["https:\/\/induzon.com\/tr\/shop\/transparent-upholstery-spray-extraction-nozzle-squeegee-for-carpet-cleaning-wand-vacuum-cleaner-washer-suction-sofa-head-38mm-universal-car-injection-spray-machine-extractor-brush-couch-auto\/"]}]},{"@type":"ImageObject","inLanguage":"tr","@id":"https:\/\/induzon.com\/tr\/shop\/transparent-upholstery-spray-extraction-nozzle-squeegee-for-carpet-cleaning-wand-vacuum-cleaner-washer-suction-sofa-head-38mm-universal-car-injection-spray-machine-extractor-brush-couch-auto\/#primaryimage","url":"https:\/\/induzon.com\/wp-content\/uploads\/2025\/04\/01.jpg","contentUrl":"https:\/\/induzon.com\/wp-content\/uploads\/2025\/04\/01.jpg","width":1500,"height":1500,"caption":"Hal\u0131 y\u0131kama makinesi, koltuk temizleme f\u0131r\u00e7as\u0131 ve ara\u00e7 i\u00e7i temizlik ekipmanlar\u0131. Paslanmaz \u00e7elik ba\u015fl\u0131kl\u0131 etkili \u00e7\u00f6z\u00fcmler."},{"@type":"BreadcrumbList","@id":"https:\/\/induzon.com\/tr\/shop\/transparent-upholstery-spray-extraction-nozzle-squeegee-for-carpet-cleaning-wand-vacuum-cleaner-washer-suction-sofa-head-38mm-universal-car-injection-spray-machine-extractor-brush-couch-auto\/#breadcrumb","itemListElement":[{"@type":"ListItem","position":1,"name":"\u9996\u9875","item":"https:\/\/induzon.com\/tr\/ev\/"},{"@type":"ListItem","position":2,"name":"Ma\u011faza","item":"https:\/\/induzon.com\/tr\/magaza\/"},{"@type":"ListItem","position":3,"name":"Hal\u0131 Y\u0131kama Aparat\u0131 i\u00e7in koltuk Y\u0131kama Ba\u015fl\u0131\u011f\u0131 Temizleme Makinesi Ba\u015f\u0131 Y\u00fcksek S\u0131cakl\u0131\u011fa Dayan\u0131kl\u0131 Hal\u0131 Y\u0131kama F\u0131r\u00e7as\u0131 OD38 mm \u015eeffaf Plastik Kafa \u0130le Hal\u0131 Temizleme Aleti"}]},{"@type":"WebSite","@id":"https:\/\/induzon.com\/tr\/#website","url":"https:\/\/induzon.com\/tr\/","name":"induzon","description":"","potentialAction":[{"@type":"SearchAction","target":{"@type":"EntryPoint","urlTemplate":"https:\/\/induzon.com\/tr\/?s={search_term_string}"},"query-input":{"@type":"PropertyValueSpecification","valueRequired":true,"valueName":"search_term_string"}}],"inLanguage":"tr"}]}},"_links":{"self":[{"href":"https:\/\/induzon.com\/tr\/wp-json\/wp\/v2\/product\/7336","targetHints":{"allow":["GET"]}}],"collection":[{"href":"https:\/\/induzon.com\/tr\/wp-json\/wp\/v2\/product"}],"about":[{"href":"https:\/\/induzon.com\/tr\/wp-json\/wp\/v2\/types\/product"}],"replies":[{"embeddable":true,"href":"https:\/\/induzon.com\/tr\/wp-json\/wp\/v2\/comments?post=7336"}],"version-history":[{"count":2,"href":"https:\/\/induzon.com\/tr\/wp-json\/wp\/v2\/product\/7336\/revisions"}],"predecessor-version":[{"id":32903,"href":"https:\/\/induzon.com\/tr\/wp-json\/wp\/v2\/product\/7336\/revisions\/32903"}],"wp:featuredmedia":[{"embeddable":true,"href":"https:\/\/induzon.com\/tr\/wp-json\/wp\/v2\/media\/7337"}],"wp:attachment":[{"href":"https:\/\/induzon.com\/tr\/wp-json\/wp\/v2\/media?parent=7336"}],"wp:term":[{"taxonomy":"product_brand","embeddable":true,"href":"https:\/\/induzon.com\/tr\/wp-json\/wp\/v2\/product_brand?post=7336"},{"taxonomy":"product_cat","embeddable":true,"href":"https:\/\/induzon.com\/tr\/wp-json\/wp\/v2\/product_cat?post=7336"},{"taxonomy":"product_tag","embeddable":true,"href":"https:\/\/induzon.com\/tr\/wp-json\/wp\/v2\/product_tag?post=7336"}],"curies":[{"name":"wp","href":"https:\/\/api.w.org\/{rel}","templated":true}]}}